{"id":21495,"date":"2024-10-31T13:13:13","date_gmt":"2024-10-31T13:13:13","guid":{"rendered":"https:\/\/www.bestbrokers.com\/?page_id=21495"},"modified":"2026-03-11T13:45:34","modified_gmt":"2026-03-11T13:45:34","slug":"authors","status":"publish","type":"page","link":"https:\/\/www.bestbrokers.com\/de\/authors\/","title":{"rendered":"Autoren"},"content":{"rendered":"<p>Unterhalb finden Sie Informationen \u00fcber unsere Autoren.<\/p>\n<p><img decoding=\"async\" src=\"https:\/\/www.bestbrokers.com\/wp-content\/uploads\/2026\/03\/elee-150x150.webp\" alt=\"Eugene Lee, CFA - Autor bei BestBrokers\" width=\"150\" height=\"150\" class=\"alignleft size-thumbnail wp-image-82552\" srcset=\"https:\/\/www.bestbrokers.com\/wp-content\/uploads\/2026\/03\/elee-150x150.webp 150w, https:\/\/www.bestbrokers.com\/wp-content\/uploads\/2026\/03\/elee.webp 250w\" sizes=\"(max-width: 150px) 100vw, 150px\" \/><a href=\"https:\/\/www.bestbrokers.com\/de\/authors\/eugene-lee-cfa\/\">Eugene Lee, CFA<\/a>, ist Investmentstratege und Spezialist f\u00fcr quantitative Analysen mit mehr als zwei Jahrzehnten Erfahrung an den globalen Finanzm\u00e4rkten. Er arbeitete in Trading- und Portfoliomanagement-Teams, die Multi-Milliarden-Portfolios in den Bereichen Aktien, festverzinsliche Wertpapiere und Derivate verwalteten.<\/p>\n<p><a target=\"_blank\" href=\"https:\/\/www.linkedin.com\/in\/etlpro\" rel=\"noopener\"><img decoding=\"async\" width=\"25\" src=\"\/wp-content\/themes\/best-brokers\/assets\/images\/icon-linkedin.svg\" \/><\/a> <a target=\"_blank\" href=\"https:\/\/credentials.cfainstitute.org\/54800944-5857-4ebf-9ffe-ecd57e54c8ac\" rel=\"noopener\"><img decoding=\"async\" width=\"25\" src=\"\/wp-content\/themes\/best-brokers\/assets\/images\/icon-cfa.svg\" \/><\/a><\/p>\n<div class=\"clearfix\"><\/div>\n<p><img decoding=\"async\" src=\"https:\/\/www.bestbrokers.com\/wp-content\/uploads\/2026\/03\/mlevy-150x150.webp\" alt=\"Matthew Levy, CFA - Autor bei BestBrokers\" width=\"150\" height=\"150\" class=\"alignleft size-thumbnail wp-image-82542\" srcset=\"https:\/\/www.bestbrokers.com\/wp-content\/uploads\/2026\/03\/mlevy-150x150.webp 150w, https:\/\/www.bestbrokers.com\/wp-content\/uploads\/2026\/03\/mlevy.webp 250w\" sizes=\"(max-width: 150px) 100vw, 150px\" \/><a href=\"https:\/\/www.bestbrokers.com\/de\/authors\/matthew-levy-cfa\/\">Matthew Levy, CFA<\/a>, ist ein erfahrener Finanzautor und Content-Spezialist mit fundiertem Hintergrund in den Bereichen Finanzdienstleistungen, Volkswirtschaft und Investmentanalyse.<\/p>\n<p><a target=\"_blank\" href=\"https:\/\/ca.linkedin.com\/in\/matthewlevycfa\" rel=\"noopener\"><img decoding=\"async\" width=\"25\" src=\"\/wp-content\/themes\/best-brokers\/assets\/images\/icon-linkedin.svg\" \/><\/a> <a target=\"_blank\" href=\"https:\/\/credentials.cfainstitute.org\/7abb354d-8618-44e1-97d0-e8d5c70f831e?record_view=true\" rel=\"noopener\"><img decoding=\"async\" width=\"25\" src=\"\/wp-content\/themes\/best-brokers\/assets\/images\/icon-cfa.svg\" \/><\/a><\/p>\n<div class=\"clearfix\"><\/div>\n<p><img decoding=\"async\" class=\"alignleft size-thumbnail wp-image-1408\" src=\"https:\/\/www.bestbrokers.com\/wp-content\/uploads\/2022\/03\/eifeanyi-150x150.webp\" alt=\"Emmanuel Ifeanyi - Autor bei BestBrokers\" width=\"150\" height=\"150\" srcset=\"https:\/\/www.bestbrokers.com\/wp-content\/uploads\/2022\/03\/eifeanyi-150x150.webp 150w, https:\/\/www.bestbrokers.com\/wp-content\/uploads\/2022\/03\/eifeanyi.webp 200w\" sizes=\"(max-width: 150px) 100vw, 150px\" \/><a href=\"https:\/\/www.bestbrokers.com\/de\/authors\/emmanuel-ifeanyi\/\"><strong>Emmanuel Ifeanyi Ekwomadu<\/strong><\/a> ist ein Autor f\u00fcr Finanz-Content, spezialisiert auf Forex-, Aktien- und Krypto-Handel. Er ist der Autor mit den meisten Broker-Bewertungen, die Sie auf BestBrokers.com finden werden.<\/p>\n<p><a href=\"https:\/\/www.linkedin.com\/in\/emmanuel-ifeanyi-e-309512182\/\" target=\"_blank\" rel=\"noopener\"><img decoding=\"async\" src=\"\/wp-content\/themes\/best-brokers\/assets\/images\/icon-linkedin.svg\" width=\"25\" \/><\/a><\/p>\n<div class=\"clearfix\"><\/div>\n<p><img decoding=\"async\" class=\"alignleft size-thumbnail wp-image-1409\" src=\"https:\/\/www.bestbrokers.com\/wp-content\/uploads\/2022\/03\/rperry-150x150.webp\" alt=\"Richard Perry - Autor bei BestBrokers\" width=\"150\" height=\"150\" srcset=\"https:\/\/www.bestbrokers.com\/wp-content\/uploads\/2022\/03\/rperry-150x150.webp 150w, https:\/\/www.bestbrokers.com\/wp-content\/uploads\/2022\/03\/rperry.webp 200w\" sizes=\"(max-width: 150px) 100vw, 150px\" \/><a href=\"https:\/\/www.bestbrokers.com\/de\/authors\/richard-perry\/\"><strong>Richard Perry<\/strong><\/a> ist ein anerkannter Experte in technischer Analyse und Marktstrategie, mit enormen Erfahrungen in W\u00e4hrungs- und Aktienm\u00e4rkten. Er hat seine eigene Firma namens Perry Market Analysis gegr\u00fcndet, die Beratungsanalysen der Hauptm\u00e4rkte anbietet, einschlie\u00dflich Forschung durch Webinare, Videos und schriftliche Analysen.<\/p>\n<p><a href=\"https:\/\/www.linkedin.com\/in\/richard-perry-5918921b\/\" target=\"_blank\" rel=\"noopener\"><img decoding=\"async\" src=\"\/wp-content\/themes\/best-brokers\/assets\/images\/icon-linkedin.svg\" width=\"25\" \/><\/a><\/p>\n<div class=\"clearfix\"><\/div>\n<p><img decoding=\"async\" class=\"alignleft size-thumbnail wp-image-15480\" src=\"https:\/\/www.bestbrokers.com\/wp-content\/uploads\/2024\/09\/naylian-nazifova-150x150.jpeg\" alt=\"Naylian Nazifova - Autor bei BestBrokers\" width=\"150\" height=\"150\" srcset=\"https:\/\/www.bestbrokers.com\/wp-content\/uploads\/2024\/09\/naylian-nazifova-150x150.jpeg 150w, https:\/\/www.bestbrokers.com\/wp-content\/uploads\/2024\/09\/naylian-nazifova.jpeg 200w\" sizes=\"(max-width: 150px) 100vw, 150px\" \/><a href=\"https:\/\/www.bestbrokers.com\/de\/authors\/naylyan-nazifova\/\"><strong>Naylian Nazifova<\/strong><\/a> ist eine anerkannte Expertin im Bereich Online-Trading. Sie hat viele Ver\u00f6ffentlichungen und Analysen, die den Forex-Handel, Aktieninvestitionen und pers\u00f6nliche Finanzen abdecken.<\/p>\n<p><a href=\"https:\/\/www.linkedin.com\/in\/naylian-nazifova-58562a272\/\" target=\"_blank\" rel=\"noopener\"><img decoding=\"async\" src=\"\/wp-content\/themes\/best-brokers\/assets\/images\/icon-linkedin.svg\" width=\"25\" \/><\/a><\/p>\n<div class=\"clearfix\"><\/div>\n<p><img decoding=\"async\" class=\"alignleft size-thumbnail wp-image-15490\" src=\"https:\/\/www.bestbrokers.com\/wp-content\/uploads\/2024\/09\/zornica-stefanova-150x150.jpeg\" alt=\"Zornitsa Stefanova - Autor bei BestBrokers\" width=\"150\" height=\"150\" srcset=\"https:\/\/www.bestbrokers.com\/wp-content\/uploads\/2024\/09\/zornica-stefanova-150x150.jpeg 150w, https:\/\/www.bestbrokers.com\/wp-content\/uploads\/2024\/09\/zornica-stefanova.jpeg 200w\" sizes=\"(max-width: 150px) 100vw, 150px\" \/><a href=\"https:\/\/www.bestbrokers.com\/de\/authors\/zornitsa-stefanova\/\"><strong>Zornitsa Stefanova<\/strong><\/a> ist eine erfahrene Forex- und Krypto-Analystin. Sie behandelt auch verschiedene finanzielle Themen wie Aktienhandel und Altersvorsorge-Investitionen.<\/p>\n<p><a href=\"https:\/\/www.linkedin.com\/in\/zornica-stefanova-73ab39287\/\" target=\"_blank\" rel=\"noopener\"><img decoding=\"async\" src=\"\/wp-content\/themes\/best-brokers\/assets\/images\/icon-linkedin.svg\" width=\"25\" \/><\/a><\/p>\n<div class=\"clearfix\"><\/div>\n<p><img decoding=\"async\" class=\"alignleft size-thumbnail wp-image-56982\" src=\"https:\/\/www.bestbrokers.com\/wp-content\/uploads\/2025\/02\/Marcus-Jungnickel-150x150-2.webp\" alt=\"Marcus Jungnickel - Autor bei BestBrokers\" width=\"150\" height=\"150\" \/><a href=\"https:\/\/www.bestbrokers.com\/de\/authors\/marcus-jungnickel\/\"><strong>Marcus Jungnickel<\/strong><\/a> ist als \u00dcbersetzer und Redakteur auf die Fachgebiete Finanzen und Wirtschaft spezialisiert. Er betreut die deutsche Version von BestBrokers.com.<\/p>\n<p><a href=\"https:\/\/www.linkedin.com\/in\/marcus-jungnickel-3545b3154\/\" target=\"_blank\" rel=\"noopener\"><img decoding=\"async\" src=\"\/wp-content\/themes\/best-brokers\/assets\/images\/icon-linkedin.svg\" width=\"25\" \/><\/a><\/p>\n<div class=\"clearfix\"><\/div>\n","protected":false},"excerpt":{"rendered":"<p>Unterhalb finden Sie Informationen \u00fcber unsere Autoren. Eugene Lee, CFA, ist Investmentstratege und Spezialist f\u00fcr quantitative Analysen mit mehr als zwei Jahrzehnten Erfahrung an den globalen Finanzm\u00e4rkten. Er arbeitete in Trading- und Portfoliomanagement-Teams, die Multi-Milliarden-Portfolios in den Bereichen Aktien, festverzinsliche Wertpapiere und Derivate verwalteten. Matthew Levy, CFA, ist ein erfahrener Finanzautor und Content-Spezialist mit fundiertem [&hellip;]<\/p>\n","protected":false},"author":2,"featured_media":0,"parent":0,"menu_order":0,"comment_status":"closed","ping_status":"closed","template":"templates\/full-width.php","meta":{"footnotes":""},"class_list":["post-21495","page","type-page","status-publish","hentry"],"aioseo_notices":[],"_links":{"self":[{"href":"https:\/\/www.bestbrokers.com\/de\/wp-json\/wp\/v2\/pages\/21495","targetHints":{"allow":["GET"]}}],"collection":[{"href":"https:\/\/www.bestbrokers.com\/de\/wp-json\/wp\/v2\/pages"}],"about":[{"href":"https:\/\/www.bestbrokers.com\/de\/wp-json\/wp\/v2\/types\/page"}],"author":[{"embeddable":true,"href":"https:\/\/www.bestbrokers.com\/de\/wp-json\/wp\/v2\/users\/2"}],"replies":[{"embeddable":true,"href":"https:\/\/www.bestbrokers.com\/de\/wp-json\/wp\/v2\/comments?post=21495"}],"version-history":[{"count":17,"href":"https:\/\/www.bestbrokers.com\/de\/wp-json\/wp\/v2\/pages\/21495\/revisions"}],"predecessor-version":[{"id":82726,"href":"https:\/\/www.bestbrokers.com\/de\/wp-json\/wp\/v2\/pages\/21495\/revisions\/82726"}],"wp:attachment":[{"href":"https:\/\/www.bestbrokers.com\/de\/wp-json\/wp\/v2\/media?parent=21495"}],"curies":[{"name":"wp","href":"https:\/\/api.w.org\/{rel}","templated":true}]}}