{"id":21516,"date":"2024-10-31T13:14:28","date_gmt":"2024-10-31T13:14:28","guid":{"rendered":"https:\/\/www.bestbrokers.com\/?page_id=21516"},"modified":"2025-02-07T08:24:36","modified_gmt":"2025-02-07T08:24:36","slug":"richard-perry","status":"publish","type":"page","link":"https:\/\/www.bestbrokers.com\/de\/authors\/richard-perry\/","title":{"rendered":"Richard Perry"},"content":{"rendered":"<p><img decoding=\"async\" class=\"alignleft size-thumbnail wp-image-1409\" src=\"https:\/\/www.bestbrokers.com\/wp-content\/uploads\/2022\/03\/rperry-150x150.webp\" alt=\"Richard Perry - Autor bei BestBrokers\" width=\"150\" height=\"150\" srcset=\"https:\/\/www.bestbrokers.com\/wp-content\/uploads\/2022\/03\/rperry-150x150.webp 150w, https:\/\/www.bestbrokers.com\/wp-content\/uploads\/2022\/03\/rperry.webp 200w\" sizes=\"(max-width: 150px) 100vw, 150px\" \/><strong>Richard Perry<\/strong> ist ein anerkannter Experte f\u00fcr technische Analyse und Marktstrategie mit umfangreicher Erfahrung in Devisen- und Aktienm\u00e4rkten. Er hat sein eigenes Unternehmen namens Perry Market Analysis gegr\u00fcndet, das Beratungsanalysen zu wichtigen M\u00e4rkten bietet, einschlie\u00dflich Forschung mittels Webinare, Videos und schriftliche Analysen.<\/p>\n<p><a href=\"https:\/\/www.linkedin.com\/in\/richard-perry-5918921b\/\" target=\"_blank\" rel=\"noopener\"><img decoding=\"async\" src=\"\/wp-content\/themes\/best-brokers\/assets\/images\/icon-linkedin.svg\" width=\"25\" \/><\/a><\/p>\n","protected":false},"excerpt":{"rendered":"<p>Richard Perry ist ein anerkannter Experte f\u00fcr technische Analyse und Marktstrategie mit umfangreicher Erfahrung in Devisen- und Aktienm\u00e4rkten. Er hat sein eigenes Unternehmen namens Perry Market Analysis gegr\u00fcndet, das Beratungsanalysen zu wichtigen M\u00e4rkten bietet, einschlie\u00dflich Forschung mittels Webinare, Videos und schriftliche Analysen.<\/p>\n","protected":false},"author":2,"featured_media":1409,"parent":21495,"menu_order":0,"comment_status":"closed","ping_status":"closed","template":"templates\/full-width.php","meta":{"footnotes":""},"class_list":["post-21516","page","type-page","status-publish","has-post-thumbnail","hentry"],"aioseo_notices":[],"_links":{"self":[{"href":"https:\/\/www.bestbrokers.com\/de\/wp-json\/wp\/v2\/pages\/21516","targetHints":{"allow":["GET"]}}],"collection":[{"href":"https:\/\/www.bestbrokers.com\/de\/wp-json\/wp\/v2\/pages"}],"about":[{"href":"https:\/\/www.bestbrokers.com\/de\/wp-json\/wp\/v2\/types\/page"}],"author":[{"embeddable":true,"href":"https:\/\/www.bestbrokers.com\/de\/wp-json\/wp\/v2\/users\/2"}],"replies":[{"embeddable":true,"href":"https:\/\/www.bestbrokers.com\/de\/wp-json\/wp\/v2\/comments?post=21516"}],"version-history":[{"count":6,"href":"https:\/\/www.bestbrokers.com\/de\/wp-json\/wp\/v2\/pages\/21516\/revisions"}],"predecessor-version":[{"id":57122,"href":"https:\/\/www.bestbrokers.com\/de\/wp-json\/wp\/v2\/pages\/21516\/revisions\/57122"}],"up":[{"embeddable":true,"href":"https:\/\/www.bestbrokers.com\/de\/wp-json\/wp\/v2\/pages\/21495"}],"wp:featuredmedia":[{"embeddable":true,"href":"https:\/\/www.bestbrokers.com\/de\/wp-json\/wp\/v2\/media\/1409"}],"wp:attachment":[{"href":"https:\/\/www.bestbrokers.com\/de\/wp-json\/wp\/v2\/media?parent=21516"}],"curies":[{"name":"wp","href":"https:\/\/api.w.org\/{rel}","templated":true}]}}