{"id":21530,"date":"2024-10-31T13:15:13","date_gmt":"2024-10-31T13:15:13","guid":{"rendered":"https:\/\/www.bestbrokers.com\/?page_id=21530"},"modified":"2026-03-09T14:19:14","modified_gmt":"2026-03-09T14:19:14","slug":"about-us","status":"publish","type":"page","link":"https:\/\/www.bestbrokers.com\/de\/about-us\/","title":{"rendered":"\u00dcber uns"},"content":{"rendered":"<h2 id=\"mission-statement\">Unsere Mission<\/h2>\n<p>Mein Name ist <a href=\"https:\/\/www.linkedin.com\/in\/miro-nikolov-1946b9141\/\" rel=\"nofollow noopener noreferrer\" target=\"_blank\">Miro Nikolov<\/a> und ich bin Mitgr\u00fcnder von <strong>BestBrokers.com<\/strong>. Unsere Mission als Team ist es, Trader dabei zu unterst\u00fctzen, fundierte Entscheidungen bei der Wahl einer Trading-Plattform zu treffen. Alle auf BestBrokers gelisteten Broker verf\u00fcgen \u00fcber Lizenzen von f\u00fchrenden Finanzaufsichtsbeh\u00f6rden (<a href=\"https:\/\/www.bestbrokers.com\/de\/forex-brokers\/asic-regulated-forex-brokers\/\">ASIC, Australien<\/a>, <a href=\"https:\/\/www.bestbrokers.com\/de\/forex-brokers\/fca-regulated-forex-brokers\/\">FCA, Vereinigtes K\u00f6nigreich<\/a> oder <a href=\"https:\/\/www.bestbrokers.com\/de\/forex-brokers\/cysec-regulated-forex-brokers\/\">CySEC, Zypern<\/a>).<\/p>\n<p>Da Unparteilichkeit und Genauigkeit zu unseren wichtigsten Grunds\u00e4tzen geh\u00f6ren, haben wir eine eigene Methodik entwickelt, mit der wir eine objektive Bewertung der Broker erm\u00f6glichen, die wir testen und empfehlen. Unsere umfassende Methodik ber\u00fccksichtigt unter anderem Lizenzierung, Nutzerfeedback aus <a href=\"https:\/\/www.trustpilot.com\/\" rel=\"nofollow noopener noreferrer\" target=\"_blank\">Trustpilot-Bewertungen<\/a>, Trading-Software, die Vielfalt handelbarer Instrumente, Orderausf\u00fchrung und viele weitere Kriterien.<\/p>\n<p>Von <a href=\"https:\/\/www.bestbrokers.com\/de\/forex-brokers\/best-low-cost-forex-brokers\/\">Trading-Kosten<\/a> und Zahlungsmethoden bis hin zu Anlageklassen und Regulierung findest du bei uns alle wichtigen Details zu den einzelnen Brokern auf einen Blick. Egal, ob du Anf\u00e4nger bist oder bereits Erfahrung als Trader hast \u2013 wir unterst\u00fctzen dich dabei, die richtige Wahl zu treffen. Dabei beschr\u00e4nken wir uns jedoch nicht nur auf <a href=\"https:\/\/www.bestbrokers.com\/de\/reviews\/\">Broker-Bewertungen<\/a>.<\/p>\n<p>Auf dieser Website findest du au\u00dferdem ausf\u00fchrliche Leitf\u00e4den zu wichtigen Finanzinstrumenten wie Forex-W\u00e4hrungspaaren, <a href=\"https:\/\/www.bestbrokers.com\/de\/stock-brokers\/\">Aktien<\/a>, <a href=\"https:\/\/www.bestbrokers.com\/de\/crypto-brokers\/\">Kryptow\u00e4hrungen<\/a> und Rohstoffen. Hier lernst du die Grundlagen <a href=\"https:\/\/www.bestbrokers.com\/de\/technical-analysis-trading\/\">technischen<\/a> und <a href=\"https:\/\/www.bestbrokers.com\/de\/fundamental-analysis-trading\/\">der fundamentalen Analyse<\/a> und erf\u00e4hrst mehr \u00fcber die verschiedenen Trading-Strategien, die dir helfen k\u00f6nnen, deine F\u00e4higkeiten weiterzuentwickeln.<\/p>\n<p>Unsere wichtigste Motivation ist einfach: Wir glauben daran, dass Wissen Macht ist. Wissen zu erwerben ist der erste entscheidende Schritt auf dem Weg zum erfolgreichen Trader.<\/p>\n<section class=\"section-team\">\n<h2 id=\"our-team\">Unser Team<\/h2>\n<ul class=\"list-team\">\n<li>\n<div class=\"member-card\">\n<div class=\"member-photo\">\n          <img decoding=\"async\" src=\"\/wp-content\/themes\/best-brokers\/assets\/images\/team\/miro-nikolov.jpg\" alt=\"Miro Nikolov\">\n    <\/div>\n<div class=\"member-info\">\n<div class=\"member-name\">\n              <span>Miro Nikolov<\/span><br \/>\n              <a href=\"https:\/\/www.linkedin.com\/in\/miro-nikolov-1946b9141\/\" target=\"_blank\" class=\"member-link\" rel=\"noopener\"><i class=\"ico-linkedin\"><\/i><\/a>\n            <\/div>\n<p class=\"member-title\"><b>Mitgr\u00fcnder &#038; CEO<\/b><\/p>\n<p class=\"member-resume\">Miro ist Mitgr\u00fcnder und der verantwortliche Content-Stratege bei BestBrokers.<\/p>\n<\/p><\/div>\n<\/p><\/div>\n<\/li>\n<li>\n<div class=\"member-card\">\n<div class=\"member-photo\">\n          <img decoding=\"async\" src=\"\/wp-content\/themes\/best-brokers\/assets\/images\/team\/ivo.jpg\" alt=\"Ivo Nedev\">\n    <\/div>\n<div class=\"member-info\">\n<div class=\"member-name\">\n              <span>Ivo Nedev<\/span><br \/>\n              <a href=\"https:\/\/www.linkedin.com\/in\/ivo-nedev-23a3052aa\/\" target=\"_blank\" class=\"member-link\" rel=\"noopener\"><i class=\"ico-linkedin\"><\/i><\/a>\n            <\/div>\n<p class=\"member-title\"><b>Mitgr\u00fcnder &#038; Datenanalyst<\/b><\/p>\n<p class=\"member-resume\">Ivo ist Mitgr\u00fcnder von BestBrokers und verantwortlich f\u00fcr den Aufbau des Datenmodells f\u00fcr unsere Broker-Analysen.<\/p>\n<\/p><\/div>\n<\/p><\/div>\n<\/li>\n<li>\n<div class=\"member-card\">\n<div class=\"member-photo\">\n          <img decoding=\"async\" src=\"\/wp-content\/themes\/best-brokers\/assets\/images\/team\/pavel.jpeg\" alt=\"Pavel Stoychev\">\n    <\/div>\n<div class=\"member-info\">\n<div class=\"member-name\">\n              <span>Pavel Stoychev<\/span>\n            <\/div>\n<p class=\"member-title\"><b>CTO<\/b><\/p>\n<p class=\"member-resume\">Pavel stellt sicher, dass die komplexe IT-Infrastruktur hinter BestBrokers jederzeit reibungslos funktioniert.<\/p>\n<\/p><\/div>\n<\/p><\/div>\n<\/li>\n<li>\n<div class=\"member-card\">\n<div class=\"member-photo\">\n          <img decoding=\"async\" src=\"\/wp-content\/themes\/best-brokers\/assets\/images\/team\/dennis.jpg\" alt=\"Denis\">\n    <\/div>\n<div class=\"member-info\">\n<div class=\"member-name\">\n              <span>Denis Dervishev<\/span><br \/>\n              <a href=\"https:\/\/www.linkedin.com\/in\/denis-dervishev\/\" target=\"_blank\" class=\"member-link\" rel=\"noopener\"><i class=\"ico-linkedin\"><\/i><\/a>\n            <\/div>\n<p class=\"member-title\"><b>Medienarbeit<\/b><\/p>\n<p class=\"member-resume\">Denis k\u00fcmmert sich um die Kommunikation mit Medien sowie um PR-Themen.<\/p>\n<\/p><\/div>\n<\/p><\/div>\n<\/li>\n<li>\n<div class=\"member-card\">\n<div class=\"member-photo\">\n          <img decoding=\"async\" src=\"\/wp-content\/themes\/best-brokers\/assets\/images\/team\/vicky.png\" alt=\"Vicky\">\n    <\/div>\n<div class=\"member-info\">\n<div class=\"member-name\">\n              <span>Veronica Hristova<\/span><br \/>\n              <a href=\"https:\/\/www.linkedin.com\/in\/veronica-hristova-4638841bb\/\" class=\"member-link\"><i class=\"ico-linkedin\"><\/i><\/a>\n            <\/div>\n<p class=\"member-title\"><b>Front-End-Entwicklerin<\/b><\/p>\n<p class=\"member-resume\">Veronica ist Front-End-Entwicklerin bei BestBrokers und k\u00fcmmert sich um die Benutzererfahrung (UX) unserer Website.<\/p>\n<\/p><\/div>\n<\/p><\/div>\n<\/li>\n<\/ul>\n<\/section>\n<section class=\"section-team\">\n<h2 id=\"authors\">Unsere Autoren<\/h2>\n<ul class=\"list-team\">\n<li>\n<div class=\"member-card\">\n<div class=\"member-photo\">\n          <img decoding=\"async\" src=\"\/wp-content\/themes\/best-brokers\/assets\/images\/team\/diliana.jpg\" alt=\"Profilbild von Diliana Hristova\">\n        <\/div>\n<div class=\"member-info\">\n<div class=\"member-name\">\n              <span>Diliana Hristova<\/span>\n            <\/div>\n<p class=\"member-title\"><b>Leiterin Content<\/b><\/p>\n<p class=\"member-resume\">Diliana ist bei BestBrokers f\u00fcr den Content verantwortlich und arbeitet unter anderem an einigen der Originalanalysen, die wir hier ver\u00f6ffentlichen.<\/p>\n<\/p><\/div>\n<\/p><\/div>\n<\/li>\n<li>\n<div class=\"member-card\">\n<div class=\"member-photo\">\n          <img decoding=\"async\" src=\"\/wp-content\/uploads\/2022\/03\/eifeanyi-150x150.webp\" alt=\"Profilbild von Emmanuel Ifeanyi Ekwomadu\">\n        <\/div>\n<div class=\"member-info\">\n<div class=\"member-name\">\n              <span>Emmanuel Ekwomadu<\/span><br \/>\n              <a href=\"https:\/\/www.linkedin.com\/in\/emmanuel-ifeanyi-e-309512182\/\" target=\"_blank\" class=\"member-link\" rel=\"noopener\"><i class=\"ico-linkedin\"><\/i><\/a>\n            <\/div>\n<p class=\"member-title\"><b>Autor<\/b><\/p>\n<p class=\"member-resume\">Emmanuel ist Finanzautor mit Spezialisierung auf Forex-, Aktien- und Krypto-Trading. Er ist Autor der meisten Broker-Bewertungen auf BestBrokers.com.<\/p>\n<\/p><\/div>\n<\/p><\/div>\n<\/li>\n<li>\n<div class=\"member-card\">\n<div class=\"member-photo\">\n          <img decoding=\"async\" src=\"\/wp-content\/uploads\/2024\/09\/zornica-stefanova-150x150.jpeg\" alt=\"Profilbild von Zornitsa Stefanova\">\n        <\/div>\n<div class=\"member-info\">\n<div class=\"member-name\">\n              <span>Zornitsa Stefanova<\/span><\/p>\n<p>              <a href=\"https:\/\/www.linkedin.com\/in\/zornica-stefanova-73ab39287\/\" target=\"_blank\" class=\"member-link\" rel=\"noopener\"><i class=\"ico-linkedin\"><\/i><\/a>\n            <\/div>\n<p class=\"member-title\"><b>Autorin<\/b><\/p>\n<p class=\"member-resume\">Zornitsa ist eine erfahrene Analystin f\u00fcr Forex und Kryptow\u00e4hrungen. Au\u00dferdem behandelt sie verschiedene Finanzthemen wie Aktien-Trading, Altersvorsorge und Investments.<\/p>\n<\/p><\/div>\n<\/p><\/div>\n<\/li>\n<li>\n<div class=\"member-card\">\n<div class=\"member-photo\">\n          <img decoding=\"async\" src=\"\/wp-content\/uploads\/2026\/04\/nnazifova.webp\" alt=\"Profilbild von Naylyan Nazifova\">\n        <\/div>\n<div class=\"member-info\">\n<div class=\"member-name\">\n              <span>Naylyan Nazifova<\/span><br \/>\n              <a href=\"https:\/\/www.linkedin.com\/in\/naylian-nazifova-58562a272\/\" target=\"_blank\" class=\"member-link\" rel=\"noopener\"><i class=\"ico-linkedin\"><\/i><\/a>\n            <\/div>\n<p class=\"member-title\"><b>Autorin<\/b><\/p>\n<p class=\"member-resume\">Naylyan ist eine anerkannte Expertin im Bereich Online-Trading. Sie hat zahlreiche Ver\u00f6ffentlichungen und Analysen zu Forex-Trading, Aktien-Investments und zum Thema pers\u00f6nlicher Finanzplanung und Verm\u00f6gensaufbau verfasst.<\/p>\n<\/p><\/div>\n<\/p><\/div>\n<\/li>\n<li>\n<div class=\"member-card\">\n<div class=\"member-photo\">\n          <img decoding=\"async\" src=\"\/wp-content\/uploads\/2022\/03\/rperry-150x150.webp\" alt=\"Profilbild von Richard Perry\">\n        <\/div>\n<div class=\"member-info\">\n<div class=\"member-name\">\n              <span>Richard Perry<\/span><\/p>\n<p>              <a href=\"https:\/\/www.linkedin.com\/in\/richard-perry-5918921b\/\" target=\"_blank\" class=\"member-link\" rel=\"noopener\"><i class=\"ico-linkedin\"><\/i><\/a>\n            <\/div>\n<p class=\"member-title\"><b>Autor<\/b><\/p>\n<p class=\"member-resume\">Richard ist ein anerkannter Experte f\u00fcr technische Analyse und Marktstrategien mit umfangreicher Erfahrung an den Devisen- und Aktienm\u00e4rkten. Er betreibt sein eigenes Analyseunternehmen Perry Market Analysis und bietet dort Marktanalysen sowie Beratungsleistungen zu wichtigen Finanzm\u00e4rkten an \u2013 unter anderem in Form von Webinaren, Videos und schriftlichen Analysen.<\/p>\n<\/p><\/div>\n<\/p><\/div>\n<\/li>\n<\/ul>\n<\/section>\n<section class=\"section-team\">\n<h2 id=\"translators\">Unsere \u00dcbersetzer<\/h2>\n<ul class=\"list-team\">\n<li>\n<div class=\"member-card\">\n<div class=\"member-photo\">\n          <img decoding=\"async\" src=\"\/wp-content\/themes\/best-brokers\/assets\/images\/team\/luca-mele.jpg\" alt=\"Profilbild von Luca Mele\">\n        <\/div>\n<div class=\"member-info\">\n<div class=\"member-name\">\n              <span>Luca Mele<\/span><br \/>\n              <a href=\"https:\/\/www.linkedin.com\/in\/luca-mele\/?locale=it_IT\" target=\"_blank\" class=\"member-link\" rel=\"noopener\"><i class=\"ico-linkedin\"><\/i><\/a>\n            <\/div>\n<p class=\"member-title\"><b>Italienischer \u00dcbersetzer<\/b><\/p>\n<p class=\"member-resume\">Luca ist f\u00fcr die \u00dcbersetzung unserer Inhalte ins Italienische verantwortlich.<\/p>\n<\/p><\/div>\n<\/p><\/div>\n<\/li>\n<li>\n<div class=\"member-card\">\n<div class=\"member-photo\">\n          <img decoding=\"async\" src=\"\/wp-content\/themes\/best-brokers\/assets\/images\/team\/estrella-fernandez.jpg\" alt=\"Profilbild von Estrella Fernandez\">\n        <\/div>\n<div class=\"member-info\">\n<div class=\"member-name\">\n              <span>Estrella Fernandez<\/span><br \/>\n              <a href=\"https:\/\/www.linkedin.com\/in\/estrella-fern%C3%A1ndez-gordillo-a54ab483\/?originalSubdomain=es\" target=\"_blank\" class=\"member-link\" rel=\"noopener\"><i class=\"ico-linkedin\"><\/i><\/a>\n            <\/div>\n<p class=\"member-title\"><b>Spanische \u00dcbersetzerin<\/b><\/p>\n<p class=\"member-resume\">Estrella ist Teil des spanischen \u00dcbersetzungsteams bei BestBrokers.<\/p>\n<\/p><\/div>\n<\/p><\/div>\n<\/li>\n<li>\n<div class=\"member-card\">\n<div class=\"member-photo\">\n          <img decoding=\"async\" src=\"\/wp-content\/themes\/best-brokers\/assets\/images\/team\/profile-avatar.webp\" alt=\"Profilbild\">\n        <\/div>\n<div class=\"member-info\">\n<div class=\"member-name\">\n              <span>Raimon Moreno<\/span><br \/>\n              <a href=\"https:\/\/www.linkedin.com\/in\/raimon-moreno-ruiz-carrillo\/\" target=\"_blank\" class=\"member-link\" rel=\"noopener\"><i class=\"ico-linkedin\"><\/i><\/a>\n            <\/div>\n<p class=\"member-title\"><b>Spanischer \u00dcbersetzer<\/b><\/p>\n<p class=\"member-resume\">Raimon ist Teil des \u00dcbersetzungsteams bei BestBrokers f\u00fcr Spanisch.<\/p>\n<\/p><\/div>\n<\/p><\/div>\n<\/li>\n<\/ul>\n<\/section>\n<h2 id=\"in-the-media\">Unsere Arbeit in den Medien<\/h2>\n\n\t\t<section class=\"section-journalists\">\t<div class=\"module-team\">\n\t\t\t\t<div class=\"team\">\n\t\t\t\t\t<div class=\"team-cards\">\n\t\t\t\t\t\t<div class=\"j-container\">\n\t\t\t\t\t\t\t<div class=\"j-wrapper\">\n\t\n\t\t\t<div class=\"j-slide\">\n\t            <div class=\"card\">\n\t\t            <span class=\"bg\"><\/span>\n\n\t\t            <figure class=\"photo\"><img decoding=\"async\" src=\"https:\/\/www.bestbrokers.com\/wp-content\/themes\/best-brokers\/assets\/images\/resources\/section-journalists\/simon.webp\"\" alt=\"Simon Constable\"><\/figure>\n\n\t\t            <article class=\"text\">\n\t\t\t            <p class=\"name\">Simon Constable<\/p>\n\n\t\t\t            <a class=\"icon-brand\" href=\"https:\/\/www.forbes.com\/sites\/simonconstable\/2023\/08\/31\/new-data-shows-how-scotlands-economic-policies-snuff-out-entrepreneurialism\/\" target=\"_blank\" rel=\"nofollow\" data-index=\"0\"><img decoding=\"async\" src=\"https:\/\/www.bestbrokers.com\/wp-content\/themes\/best-brokers\/assets\/images\/resources\/section-journalists\/forbes-logo.webp\" alt=\"Logo of Forbes\"><i class=\"ico ico--click\"><\/i><\/a>\n\t\t            <\/article>\n\n\t\t\t        <div class=\"social\">\n\t\t\t            <div class=\"icons\">\n\t\t\t            <a class=\"icon\" href=\"https:\/\/www.linkedin.com\/in\/simonconstable\/\" target=\"_blank\" rel=\"nofollow\" data-index=\"2\"><img decoding=\"async\" src=\"https:\/\/www.bestbrokers.com\/wp-content\/themes\/best-brokers\/assets\/images\/resources\/section-journalists\/linkedin.svg\"><\/a>\n\t\t\t            <a class=\"icon\" href=\"https:\/\/x.com\/RealConstable\" target=\"_blank\" rel=\"nofollow\" data-index=\"3\"><img decoding=\"async\" src=\"https:\/\/www.bestbrokers.com\/wp-content\/themes\/best-brokers\/assets\/images\/resources\/section-journalists\/twitter-x.svg\"><\/a>            \n\t\t\t            <\/div>\n\t\t            <\/div>\n\t            <\/div>\n            <\/div>\n\t\t\n\t\t\t<div class=\"j-slide\">\n\t            <div class=\"card\">\n\t\t            <span class=\"bg\"><\/span>\n\n\t\t            <figure class=\"photo\"><img decoding=\"async\" src=\"https:\/\/www.bestbrokers.com\/wp-content\/themes\/best-brokers\/assets\/images\/resources\/section-journalists\/jessica.webp\"\" alt=\"Jessica Dickler\"><\/figure>\n\n\t\t            <article class=\"text\">\n\t\t\t            <p class=\"name\">Jessica Dickler<\/p>\n\n\t\t\t            <a class=\"icon-brand\" href=\"https:\/\/www.cnbc.com\/amp\/2024\/06\/02\/heres-whats-wrong-with-tiktoks-viral-money-hacks.html\" target=\"_blank\" rel=\"nofollow\" data-index=\"0\"><img decoding=\"async\" src=\"https:\/\/www.bestbrokers.com\/wp-content\/themes\/best-brokers\/assets\/images\/resources\/section-journalists\/cbnc-logo.webp\" alt=\"Logo of CNBC\"><i class=\"ico ico--click\"><\/i><\/a>\n\t\t            <\/article>\n\n\t\t\t        <div class=\"social\">\n\t\t\t            <div class=\"icons\">\n\t\t\t            <a class=\"icon\" href=\"https:\/\/www.linkedin.com\/in\/jessicadickler\/\" target=\"_blank\" rel=\"nofollow\" data-index=\"2\"><img decoding=\"async\" src=\"https:\/\/www.bestbrokers.com\/wp-content\/themes\/best-brokers\/assets\/images\/resources\/section-journalists\/linkedin.svg\"><\/a>\n\t\t\t            <a class=\"icon\" href=\"https:\/\/x.com\/jdickler\" target=\"_blank\" rel=\"nofollow\" data-index=\"3\"><img decoding=\"async\" src=\"https:\/\/www.bestbrokers.com\/wp-content\/themes\/best-brokers\/assets\/images\/resources\/section-journalists\/twitter-x.svg\"><\/a>            \n\t\t\t            <\/div>\n\t\t            <\/div>\n\t            <\/div>\n            <\/div>\n\t\t\n\t\t\t<div class=\"j-slide\">\n\t            <div class=\"card\">\n\t\t            <span class=\"bg\"><\/span>\n\n\t\t            <figure class=\"photo\"><img decoding=\"async\" src=\"https:\/\/www.bestbrokers.com\/wp-content\/themes\/best-brokers\/assets\/images\/resources\/section-journalists\/anna.webp\"\" alt=\"Anna Baydakova\"><\/figure>\n\n\t\t            <article class=\"text\">\n\t\t\t            <p class=\"name\">Anna Baydakova<\/p>\n\n\t\t\t            <a class=\"icon-brand\" href=\"https:\/\/www.coindesk.com\/consensus-magazine\/2023\/07\/13\/nexo-in-court-with-a-co-founder-over-12m-in-missing-assets\/\" target=\"_blank\" rel=\"nofollow\" data-index=\"0\"><img decoding=\"async\" src=\"https:\/\/www.bestbrokers.com\/wp-content\/themes\/best-brokers\/assets\/images\/resources\/section-journalists\/coindesk-logo.webp\" alt=\"Logo of Coindesk\"><i class=\"ico ico--click\"><\/i><\/a>\n\t\t            <\/article>\n\n\t\t\t        <div class=\"social\">\n\t\t\t            <div class=\"icons\">\n\t\t\t            <a class=\"icon\" href=\"https:\/\/www.linkedin.com\/in\/anna-baydakova\/\" target=\"_blank\" rel=\"nofollow\" data-index=\"2\"><img decoding=\"async\" src=\"https:\/\/www.bestbrokers.com\/wp-content\/themes\/best-brokers\/assets\/images\/resources\/section-journalists\/linkedin.svg\"><\/a>\n\t\t\t            <a class=\"icon\" href=\"https:\/\/x.com\/baidakova\" target=\"_blank\" rel=\"nofollow\" data-index=\"3\"><img decoding=\"async\" src=\"https:\/\/www.bestbrokers.com\/wp-content\/themes\/best-brokers\/assets\/images\/resources\/section-journalists\/twitter-x.svg\"><\/a>            \n\t\t\t            <\/div>\n\t\t            <\/div>\n\t            <\/div>\n            <\/div>\n\t\t\n\t\t\t<div class=\"j-slide\">\n\t            <div class=\"card\">\n\t\t            <span class=\"bg\"><\/span>\n\n\t\t            <figure class=\"photo\"><img decoding=\"async\" src=\"https:\/\/www.bestbrokers.com\/wp-content\/themes\/best-brokers\/assets\/images\/resources\/section-journalists\/chris.webp\"\" alt=\"Chris Matthews\"><\/figure>\n\n\t\t            <article class=\"text\">\n\t\t\t            <p class=\"name\">Chris Matthews<\/p>\n\n\t\t\t            <a class=\"icon-brand\" href=\"https:\/\/www.dailymail.co.uk\/news\/article-13379119\/Gen-Z-youngsters-rich-quick-hustles-jobs-ambitious-lazy-kids-moan-society-positively.html\" target=\"_blank\" rel=\"nofollow\" data-index=\"0\"><img decoding=\"async\" src=\"https:\/\/www.bestbrokers.com\/wp-content\/themes\/best-brokers\/assets\/images\/resources\/section-journalists\/mailonline-logo.webp\" alt=\"Logo of Daily Mail\"><i class=\"ico ico--click\"><\/i><\/a>\n\t\t            <\/article>\n\n\t\t\t        <div class=\"social\">\n\t\t\t            <div class=\"icons\">\n\t\t\t            <a class=\"icon\" href=\"https:\/\/www.linkedin.com\/in\/chris-matthews\/\" target=\"_blank\" rel=\"nofollow\" data-index=\"2\"><img decoding=\"async\" src=\"https:\/\/www.bestbrokers.com\/wp-content\/themes\/best-brokers\/assets\/images\/resources\/section-journalists\/linkedin.svg\"><\/a>\n\t\t\t            <a class=\"icon\" href=\"https:\/\/x.com\/bychrismatthews\" target=\"_blank\" rel=\"nofollow\" data-index=\"3\"><img decoding=\"async\" src=\"https:\/\/www.bestbrokers.com\/wp-content\/themes\/best-brokers\/assets\/images\/resources\/section-journalists\/twitter-x.svg\"><\/a>            \n\t\t\t            <\/div>\n\t\t            <\/div>\n\t            <\/div>\n            <\/div>\n\t\t\n\t\t\t<div class=\"j-slide\">\n\t            <div class=\"card\">\n\t\t            <span class=\"bg\"><\/span>\n\n\t\t            <figure class=\"photo\"><img decoding=\"async\" src=\"https:\/\/www.bestbrokers.com\/wp-content\/themes\/best-brokers\/assets\/images\/resources\/section-journalists\/kit.webp\"\" alt=\"Kit Eaton\"><\/figure>\n\n\t\t            <article class=\"text\">\n\t\t\t            <p class=\"name\">Kit Eaton<\/p>\n\n\t\t\t            <a class=\"icon-brand\" href=\"https:\/\/www.inc.com\/kit-eaton\/ai-companies-lead-2024-crop-of-new-unicorn-startups.html\" target=\"_blank\" rel=\"nofollow\" data-index=\"0\"><img decoding=\"async\" src=\"https:\/\/www.bestbrokers.com\/wp-content\/themes\/best-brokers\/assets\/images\/resources\/section-journalists\/inc-logo.webp\" alt=\"Logo of INC.com\"><i class=\"ico ico--click\"><\/i><\/a>\n\t\t            <\/article>\n\n\t\t\t        <div class=\"social\">\n\t\t\t            <div class=\"icons\">\n\t\t\t            <a class=\"icon\" href=\"https:\/\/www.linkedin.com\/in\/kit-eaton-26434926\/\" target=\"_blank\" rel=\"nofollow\" data-index=\"2\"><img decoding=\"async\" src=\"https:\/\/www.bestbrokers.com\/wp-content\/themes\/best-brokers\/assets\/images\/resources\/section-journalists\/linkedin.svg\"><\/a>\n\t\t\t            <a class=\"icon\" href=\"https:\/\/x.com\/kiteaton\" target=\"_blank\" rel=\"nofollow\" data-index=\"3\"><img decoding=\"async\" src=\"https:\/\/www.bestbrokers.com\/wp-content\/themes\/best-brokers\/assets\/images\/resources\/section-journalists\/twitter-x.svg\"><\/a>            \n\t\t\t            <\/div>\n\t\t            <\/div>\n\t            <\/div>\n            <\/div>\n\t\t\t\t\t\t\t\t\n\t\t\t\t\t\t\t<\/div>\n\t\t\t\t\t\t<\/div>\n\t\t\t\t\t<\/div>\n\t\t\t\t<\/div>\n\t\t\t<\/div>\n\n\t\t<\/section>\n\t\n<h2 id=\"contact-information\">Kontakt<\/h2>\n<p>Bei Fragen kannst du uns jederzeit per E-Mail unter <a href=\"mailto:info@bestbrokers.com\">info@bestbrokers.com<\/a> oder \u00fcber <a href=\"https:\/\/www.linkedin.com\/in\/miro-nikolov-1946b9141\" rel=\"nofollow noopener noreferrer\" target=\"_blank\">LinkedIn<\/a> kontaktieren.<\/p>\n<div class=\"alert alert-primary\" role=\"alert\">\n  BestBrokers.com wird von AFF MEDIA Ltd. betrieben.<br \/>\n  Unternehmensadresse: Strahil Voyvoda Str. 15, Varna 9000, Bulgarien<br \/>\n  Handelsregisternummer: 202678029.\n<\/div>\n","protected":false},"excerpt":{"rendered":"<p>Unsere Mission Mein Name ist Miro Nikolov und ich bin Mitgr\u00fcnder von BestBrokers.com. Unsere Mission als Team ist es, Trader dabei zu unterst\u00fctzen, fundierte Entscheidungen bei der Wahl einer Trading-Plattform zu treffen. Alle auf BestBrokers gelisteten Broker verf\u00fcgen \u00fcber Lizenzen von f\u00fchrenden Finanzaufsichtsbeh\u00f6rden (ASIC, Australien, FCA, Vereinigtes K\u00f6nigreich oder CySEC, Zypern). Da Unparteilichkeit und Genauigkeit [&hellip;]<\/p>\n","protected":false},"author":2,"featured_media":0,"parent":0,"menu_order":0,"comment_status":"closed","ping_status":"closed","template":"templates\/full-width.php","meta":{"footnotes":""},"class_list":["post-21530","page","type-page","status-publish","hentry"],"aioseo_notices":[],"_links":{"self":[{"href":"https:\/\/www.bestbrokers.com\/de\/wp-json\/wp\/v2\/pages\/21530","targetHints":{"allow":["GET"]}}],"collection":[{"href":"https:\/\/www.bestbrokers.com\/de\/wp-json\/wp\/v2\/pages"}],"about":[{"href":"https:\/\/www.bestbrokers.com\/de\/wp-json\/wp\/v2\/types\/page"}],"author":[{"embeddable":true,"href":"https:\/\/www.bestbrokers.com\/de\/wp-json\/wp\/v2\/users\/2"}],"replies":[{"embeddable":true,"href":"https:\/\/www.bestbrokers.com\/de\/wp-json\/wp\/v2\/comments?post=21530"}],"version-history":[{"count":10,"href":"https:\/\/www.bestbrokers.com\/de\/wp-json\/wp\/v2\/pages\/21530\/revisions"}],"predecessor-version":[{"id":82588,"href":"https:\/\/www.bestbrokers.com\/de\/wp-json\/wp\/v2\/pages\/21530\/revisions\/82588"}],"wp:attachment":[{"href":"https:\/\/www.bestbrokers.com\/de\/wp-json\/wp\/v2\/media?parent=21530"}],"curies":[{"name":"wp","href":"https:\/\/api.w.org\/{rel}","templated":true}]}}