{"id":21661,"date":"2024-10-31T13:29:44","date_gmt":"2024-10-31T13:29:44","guid":{"rendered":"https:\/\/www.bestbrokers.com\/?page_id=21661"},"modified":"2026-03-06T08:16:30","modified_gmt":"2026-03-06T08:16:30","slug":"reviews","status":"publish","type":"page","link":"https:\/\/www.bestbrokers.com\/de\/reviews\/","title":{"rendered":"Bewertungen von Online-Brokern und Trading-Plattformen"},"content":{"rendered":"<h2>Finde die besten Broker, um dein Kapital zu investieren<\/h2>\n<p>Unsere Bewertungen decken die wichtigsten Informationen zu jedem Broker ab, darunter Spreads, Zahlungsmethoden und Regulierung. Alle Reviews werden von professionellen Tradern verfasst und sollen sowohl Anf\u00e4ngern als auch fortgeschrittenen Tradern klare und pr\u00e4zise Informationen liefern.<\/p>\n<div class=\"clearfix\"><\/div><div class=\"row list--brokers\"><div class=\"col-12 col-sm-6 col-md-4 col-lg-3 mb-3 item-wrapper\"><div class=\"col-12 item\"><a href=\"https:\/\/www.bestbrokers.com\/de\/reviews\/oanda\/\"><ul class=\"list list--stars four\"><li><span class=\"star\"><\/span><\/li><li><span class=\"star\"><\/span><\/li><li><span class=\"star\"><\/span><\/li><li><span class=\"star\"><\/span><\/li><li><span class=\"star\"><\/span><\/li><\/ul><img decoding=\"async\" src=\"https:\/\/www.bestbrokers.com\/wp-content\/uploads\/2021\/05\/oanda-review-logo.svg\" \/><span class=\"item-btn\">OANDA Bewertung<\/span><\/a><\/div><\/div><div class=\"col-12 col-sm-6 col-md-4 col-lg-3 mb-3 item-wrapper\"><div class=\"col-12 item\"><a href=\"https:\/\/www.bestbrokers.com\/de\/reviews\/fp-trading\/\"><ul class=\"list list--stars four\"><li><span class=\"star\"><\/span><\/li><li><span class=\"star\"><\/span><\/li><li><span class=\"star\"><\/span><\/li><li><span class=\"star\"><\/span><\/li><li><span class=\"star\"><\/span><\/li><\/ul><img decoding=\"async\" src=\"https:\/\/www.bestbrokers.com\/wp-content\/uploads\/2026\/04\/fp-trading-logo.webp\" \/><span class=\"item-btn\">FP Trading Bewertung<\/span><\/a><\/div><\/div><div class=\"col-12 col-sm-6 col-md-4 col-lg-3 mb-3 item-wrapper\"><div class=\"col-12 item\"><a href=\"https:\/\/www.bestbrokers.com\/de\/reviews\/admiral-markets\/\"><ul class=\"list list--stars four\"><li><span class=\"star\"><\/span><\/li><li><span class=\"star\"><\/span><\/li><li><span class=\"star\"><\/span><\/li><li><span class=\"star\"><\/span><\/li><li><span class=\"star\"><\/span><\/li><\/ul><img decoding=\"async\" src=\"https:\/\/www.bestbrokers.com\/wp-content\/uploads\/2022\/01\/admiral-broker-logo.webp\" \/><span class=\"item-btn\">Admiral Markets Bewertung<\/span><\/a><\/div><\/div><div class=\"col-12 col-sm-6 col-md-4 col-lg-3 mb-3 item-wrapper\"><div class=\"col-12 item\"><a href=\"https:\/\/www.bestbrokers.com\/de\/reviews\/plus500\/\"><ul class=\"list list--stars four\"><li><span class=\"star\"><\/span><\/li><li><span class=\"star\"><\/span><\/li><li><span class=\"star\"><\/span><\/li><li><span class=\"star\"><\/span><\/li><li><span class=\"star\"><\/span><\/li><\/ul><img decoding=\"async\" src=\"https:\/\/www.bestbrokers.com\/wp-content\/uploads\/2021\/10\/plus500-logo.webp\" \/><span class=\"item-btn\">Plus500 Bewertung<\/span><\/a><\/div><\/div><div class=\"col-12 col-sm-6 col-md-4 col-lg-3 mb-3 item-wrapper\"><div class=\"col-12 item\"><a href=\"https:\/\/www.bestbrokers.com\/de\/reviews\/pepperstone\/\"><ul class=\"list list--stars four-half\"><li><span class=\"star\"><\/span><\/li><li><span class=\"star\"><\/span><\/li><li><span class=\"star\"><\/span><\/li><li><span class=\"star\"><\/span><\/li><li><span class=\"star\"><\/span><\/li><\/ul><img decoding=\"async\" src=\"https:\/\/www.bestbrokers.com\/wp-content\/uploads\/2021\/09\/pepperstone-logo.webp\" \/><span class=\"item-btn\">Pepperstone Bewertung<\/span><\/a><\/div><\/div><div class=\"col-12 col-sm-6 col-md-4 col-lg-3 mb-3 item-wrapper\"><div class=\"col-12 item\"><a href=\"https:\/\/www.bestbrokers.com\/de\/reviews\/xtb\/\"><ul class=\"list list--stars four-half\"><li><span class=\"star\"><\/span><\/li><li><span class=\"star\"><\/span><\/li><li><span class=\"star\"><\/span><\/li><li><span class=\"star\"><\/span><\/li><li><span class=\"star\"><\/span><\/li><\/ul><img decoding=\"async\" src=\"https:\/\/www.bestbrokers.com\/wp-content\/uploads\/2022\/01\/xtb-logo-1.webp\" \/><span class=\"item-btn\">XTB Bewertung<\/span><\/a><\/div><\/div><div class=\"col-12 col-sm-6 col-md-4 col-lg-3 mb-3 item-wrapper\"><div class=\"col-12 item\"><a href=\"https:\/\/www.bestbrokers.com\/de\/reviews\/cmc-markets\/\"><ul class=\"list list--stars three-half\"><li><span class=\"star\"><\/span><\/li><li><span class=\"star\"><\/span><\/li><li><span class=\"star\"><\/span><\/li><li><span class=\"star\"><\/span><\/li><li><span class=\"star\"><\/span><\/li><\/ul><img decoding=\"async\" src=\"https:\/\/www.bestbrokers.com\/wp-content\/uploads\/2021\/10\/cmc-markets-copy.webp\" \/><span class=\"item-btn\">CMC Markets Bewertung<\/span><\/a><\/div><\/div><div class=\"col-12 col-sm-6 col-md-4 col-lg-3 mb-3 item-wrapper\"><div class=\"col-12 item\"><a href=\"https:\/\/www.bestbrokers.com\/de\/reviews\/avatrade\/\"><ul class=\"list list--stars four\"><li><span class=\"star\"><\/span><\/li><li><span class=\"star\"><\/span><\/li><li><span class=\"star\"><\/span><\/li><li><span class=\"star\"><\/span><\/li><li><span class=\"star\"><\/span><\/li><\/ul><img decoding=\"async\" src=\"https:\/\/www.bestbrokers.com\/wp-content\/uploads\/2024\/08\/avatrade-logo.webp\" \/><span class=\"item-btn\">AvaTrade Bewertung<\/span><\/a><\/div><\/div><div class=\"col-12 col-sm-6 col-md-4 col-lg-3 mb-3 item-wrapper\"><div class=\"col-12 item\"><a href=\"https:\/\/www.bestbrokers.com\/de\/reviews\/fxpro\/\"><ul class=\"list list--stars four-half\"><li><span class=\"star\"><\/span><\/li><li><span class=\"star\"><\/span><\/li><li><span class=\"star\"><\/span><\/li><li><span class=\"star\"><\/span><\/li><li><span class=\"star\"><\/span><\/li><\/ul><img decoding=\"async\" src=\"https:\/\/www.bestbrokers.com\/wp-content\/uploads\/2021\/12\/fxpro-logo.png\" \/><span class=\"item-btn\">FxPro Bewertung<\/span><\/a><\/div><\/div><div class=\"col-12 col-sm-6 col-md-4 col-lg-3 mb-3 item-wrapper\"><div class=\"col-12 item\"><a href=\"https:\/\/www.bestbrokers.com\/de\/reviews\/etoro\/\"><ul class=\"list list--stars three\"><li><span class=\"star\"><\/span><\/li><li><span class=\"star\"><\/span><\/li><li><span class=\"star\"><\/span><\/li><li><span class=\"star\"><\/span><\/li><li><span class=\"star\"><\/span><\/li><\/ul><img decoding=\"async\" src=\"https:\/\/www.bestbrokers.com\/wp-content\/uploads\/2021\/09\/etoro-logo.webp\" \/><span class=\"item-btn\">eToro Bewertung<\/span><\/a><\/div><\/div><div class=\"col-12 col-sm-6 col-md-4 col-lg-3 mb-3 item-wrapper\"><div class=\"col-12 item\"><a href=\"https:\/\/www.bestbrokers.com\/de\/reviews\/fxtm\/\"><ul class=\"list list--stars four-half\"><li><span class=\"star\"><\/span><\/li><li><span class=\"star\"><\/span><\/li><li><span class=\"star\"><\/span><\/li><li><span class=\"star\"><\/span><\/li><li><span class=\"star\"><\/span><\/li><\/ul><img decoding=\"async\" src=\"https:\/\/www.bestbrokers.com\/wp-content\/uploads\/2021\/12\/fxtm-logo.png\" \/><span class=\"item-btn\">FXTM Bewertung<\/span><\/a><\/div><\/div><div class=\"col-12 col-sm-6 col-md-4 col-lg-3 mb-3 item-wrapper\"><div class=\"col-12 item\"><a href=\"https:\/\/www.bestbrokers.com\/de\/reviews\/fp-markets\/\"><ul class=\"list list--stars four\"><li><span class=\"star\"><\/span><\/li><li><span class=\"star\"><\/span><\/li><li><span class=\"star\"><\/span><\/li><li><span class=\"star\"><\/span><\/li><li><span class=\"star\"><\/span><\/li><\/ul><img decoding=\"async\" src=\"https:\/\/www.bestbrokers.com\/wp-content\/uploads\/2021\/09\/fp-markets-logo.webp\" \/><span class=\"item-btn\">FP Markets Bewertung<\/span><\/a><\/div><\/div><div class=\"col-12 col-sm-6 col-md-4 col-lg-3 mb-3 item-wrapper\"><div class=\"col-12 item\"><a href=\"https:\/\/www.bestbrokers.com\/de\/reviews\/ig\/\"><ul class=\"list list--stars four-half\"><li><span class=\"star\"><\/span><\/li><li><span class=\"star\"><\/span><\/li><li><span class=\"star\"><\/span><\/li><li><span class=\"star\"><\/span><\/li><li><span class=\"star\"><\/span><\/li><\/ul><img decoding=\"async\" src=\"https:\/\/www.bestbrokers.com\/wp-content\/uploads\/2026\/01\/ig-review-logo.webp\" \/><span class=\"item-btn\">IG Bewertung<\/span><\/a><\/div><\/div><div class=\"col-12 col-sm-6 col-md-4 col-lg-3 mb-3 item-wrapper\"><div class=\"col-12 item\"><a href=\"https:\/\/www.bestbrokers.com\/de\/reviews\/fusion-markets\/\"><ul class=\"list list--stars four-half\"><li><span class=\"star\"><\/span><\/li><li><span class=\"star\"><\/span><\/li><li><span class=\"star\"><\/span><\/li><li><span class=\"star\"><\/span><\/li><li><span class=\"star\"><\/span><\/li><\/ul><img decoding=\"async\" src=\"https:\/\/www.bestbrokers.com\/wp-content\/uploads\/2024\/08\/fusion-markets-logo-white.webp\" \/><span class=\"item-btn\">Fusion Markets Bewertung<\/span><\/a><\/div><\/div><div class=\"col-12 col-sm-6 col-md-4 col-lg-3 mb-3 item-wrapper\"><div class=\"col-12 item\"><a href=\"https:\/\/www.bestbrokers.com\/de\/reviews\/swissquote\/\"><ul class=\"list list--stars four-half\"><li><span class=\"star\"><\/span><\/li><li><span class=\"star\"><\/span><\/li><li><span class=\"star\"><\/span><\/li><li><span class=\"star\"><\/span><\/li><li><span class=\"star\"><\/span><\/li><\/ul><img decoding=\"async\" src=\"https:\/\/www.bestbrokers.com\/wp-content\/uploads\/2022\/01\/Swissquote-logo.png\" \/><span class=\"item-btn\">Swissquote Bewertung<\/span><\/a><\/div><\/div><div class=\"col-12 col-sm-6 col-md-4 col-lg-3 mb-3 item-wrapper\"><div class=\"col-12 item\"><a href=\"https:\/\/www.bestbrokers.com\/de\/reviews\/xm\/\"><ul class=\"list list--stars four\"><li><span class=\"star\"><\/span><\/li><li><span class=\"star\"><\/span><\/li><li><span class=\"star\"><\/span><\/li><li><span class=\"star\"><\/span><\/li><li><span class=\"star\"><\/span><\/li><\/ul><img decoding=\"async\" src=\"https:\/\/www.bestbrokers.com\/wp-content\/uploads\/2024\/08\/xm-logo.webp\" \/><span class=\"item-btn\">XM Bewertung<\/span><\/a><\/div><\/div><div class=\"col-12 col-sm-6 col-md-4 col-lg-3 mb-3 item-wrapper\"><div class=\"col-12 item\"><a href=\"https:\/\/www.bestbrokers.com\/de\/reviews\/blackbull-markets\/\"><ul class=\"list list--stars four\"><li><span class=\"star\"><\/span><\/li><li><span class=\"star\"><\/span><\/li><li><span class=\"star\"><\/span><\/li><li><span class=\"star\"><\/span><\/li><li><span class=\"star\"><\/span><\/li><\/ul><img decoding=\"async\" src=\"https:\/\/www.bestbrokers.com\/wp-content\/uploads\/2025\/09\/blackbull-logo.webp\" \/><span class=\"item-btn\">BlackBull M\u00e4rkte Bewertung<\/span><\/a><\/div><\/div><div class=\"col-12 col-sm-6 col-md-4 col-lg-3 mb-3 item-wrapper\"><div class=\"col-12 item\"><a href=\"https:\/\/www.bestbrokers.com\/de\/reviews\/global-prime\/\"><ul class=\"list list--stars four-half\"><li><span class=\"star\"><\/span><\/li><li><span class=\"star\"><\/span><\/li><li><span class=\"star\"><\/span><\/li><li><span class=\"star\"><\/span><\/li><li><span class=\"star\"><\/span><\/li><\/ul><img decoding=\"async\" src=\"https:\/\/www.bestbrokers.com\/wp-content\/uploads\/2022\/01\/global-prime-logo.webp\" \/><span class=\"item-btn\">Global Prime Bewertung<\/span><\/a><\/div><\/div><div class=\"col-12 col-sm-6 col-md-4 col-lg-3 mb-3 item-wrapper\"><div class=\"col-12 item\"><a href=\"https:\/\/www.bestbrokers.com\/de\/reviews\/vantage-fx\/\"><ul class=\"list list--stars four\"><li><span class=\"star\"><\/span><\/li><li><span class=\"star\"><\/span><\/li><li><span class=\"star\"><\/span><\/li><li><span class=\"star\"><\/span><\/li><li><span class=\"star\"><\/span><\/li><\/ul><img decoding=\"async\" src=\"https:\/\/www.bestbrokers.com\/wp-content\/uploads\/2026\/02\/vantage-markets-logo-white.webp\" \/><span class=\"item-btn\">Vantage Bewertung<\/span><\/a><\/div><\/div><div class=\"col-12 col-sm-6 col-md-4 col-lg-3 mb-3 item-wrapper\"><div class=\"col-12 item\"><a href=\"https:\/\/www.bestbrokers.com\/de\/reviews\/activtrades\/\"><ul class=\"list list--stars four-half\"><li><span class=\"star\"><\/span><\/li><li><span class=\"star\"><\/span><\/li><li><span class=\"star\"><\/span><\/li><li><span class=\"star\"><\/span><\/li><li><span class=\"star\"><\/span><\/li><\/ul><img decoding=\"async\" src=\"https:\/\/www.bestbrokers.com\/wp-content\/uploads\/2024\/05\/activtrades-logo.webp\" \/><span class=\"item-btn\">ActivTrades Bewertung<\/span><\/a><\/div><\/div><div class=\"col-12 col-sm-6 col-md-4 col-lg-3 mb-3 item-wrapper\"><div class=\"col-12 item\"><a href=\"https:\/\/www.bestbrokers.com\/de\/reviews\/ic-markets\/\"><ul class=\"list list--stars four\"><li><span class=\"star\"><\/span><\/li><li><span class=\"star\"><\/span><\/li><li><span class=\"star\"><\/span><\/li><li><span class=\"star\"><\/span><\/li><li><span class=\"star\"><\/span><\/li><\/ul><img decoding=\"async\" src=\"https:\/\/www.bestbrokers.com\/wp-content\/uploads\/2021\/08\/ic-markets-logo.webp\" \/><span class=\"item-btn\">IC Markets Bewertung<\/span><\/a><\/div><\/div><div class=\"col-12 col-sm-6 col-md-4 col-lg-3 mb-3 item-wrapper\"><div class=\"col-12 item\"><a href=\"https:\/\/www.bestbrokers.com\/de\/reviews\/axi\/\"><ul class=\"list list--stars four\"><li><span class=\"star\"><\/span><\/li><li><span class=\"star\"><\/span><\/li><li><span class=\"star\"><\/span><\/li><li><span class=\"star\"><\/span><\/li><li><span class=\"star\"><\/span><\/li><\/ul><img decoding=\"async\" src=\"https:\/\/www.bestbrokers.com\/wp-content\/uploads\/2021\/09\/axi-logo.webp\" \/><span class=\"item-btn\">Axi Bewertung<\/span><\/a><\/div><\/div><\/div><div class=\"clearfix\"><\/div>\n<h2>Faktoren, die wir bei der Bewertung von Brokern ber\u00fccksichtigen<\/h2>\n<p>Unser Expertenteam pr\u00fcft jeden Broker auf unserer Website sorgf\u00e4ltig und achtet dabei besonders auf alle Details, die die Erfahrung der Nutzer betreffen. Unten kannst du sehen, welche Punkte wir in jeder Broker-Bewertung auf unserer Website analysieren.<\/p>\n<hr style=\"height:2px;border-width:0;color:#dee2e6;background-color:#dee2e6; clear: both;\">\n<h3 style=\"text-align: center;\">Unternehmensprofil<\/h3>\n<p><img decoding=\"async\" src=\"https:\/\/www.bestbrokers.com\/wp-content\/uploads\/2021\/07\/newsflow.svg\" class=\"alignleft\" width=\"80\" alt=\"General Company Information\">Eine gr\u00fcndliche Hintergrundpr\u00fcfung ist ein wichtiger Bestandteil jeder sorgf\u00e4ltigen Recherche eines Traders. Wir stellen sicher, dass wir alle wichtigen Details zu den auf unserer Website bewerteten Unternehmen bereitstellen, darunter Informationen wie das Gr\u00fcndungsdatum des Unternehmens, den Hauptsitz, den T\u00e4tigkeitsbereich sowie eine kurze Unternehmensgeschichte.<\/p>\n<hr style=\"height:2px;border-width:0;color:#dee2e6;background-color:#dee2e6; clear: both;\">\n<h3 style=\"text-align: center;\">Regulierung<\/h3>\n<p><img decoding=\"async\" src=\"https:\/\/www.bestbrokers.com\/wp-content\/uploads\/2021\/10\/regulations.svg\" class=\"alignleft\" width=\"80\" alt=\"Regulierung\">Bei der Auswahl eines Forex-Brokers m\u00fcssen Trader sicher sein, dass sie handelbare Instrumente bei einem zuverl\u00e4ssigen und von f\u00fchrenden Aufsichtsbeh\u00f6rden regulierten Broker traden. Wir stellen stets detaillierte Informationen zu den Organisationen bereit, die die Dienstleistungen eines Brokers regulieren, einschlie\u00dflich der Lizenznummern, die unsere Leser leicht \u00fcberpr\u00fcfen k\u00f6nnen. Du kannst auch unseren Bereich besuchen, in dem wir f\u00fchrende Aufsichtsbeh\u00f6rden wie <a href=\"https:\/\/www.bestbrokers.com\/de\/forex-brokers\/cysec-regulated-forex-brokers\/\">CySEC (Zypern)<\/a>, <a href=\"https:\/\/www.bestbrokers.com\/de\/forex-brokers\/fca-regulated-forex-brokers\/\">FCA (Vereinigtes K\u00f6nigreich)<\/a>, <a href=\"https:\/\/www.bestbrokers.com\/de\/forex-brokers\/asic-regulated-forex-brokers\/\">ASIC (Australien)<\/a> und weitere bewertet haben.<\/p>\n<hr style=\"height:2px;border-width:0;color:#dee2e6;background-color:#dee2e6; clear: both;\">\n<h3 style=\"text-align: center;\">Trading-Kosten<\/h3>\n<p><img decoding=\"async\" src=\"https:\/\/www.bestbrokers.com\/wp-content\/uploads\/2021\/07\/outlook-of-interest-rates.svg\" class=\"alignleft\" width=\"80\" alt=\"Trading-Kosten\">Ein wichtiger Punkt, den jeder Trader vor der Kontoer\u00f6ffnung bei einem Broker f\u00fcr Privatanleger ber\u00fccksichtigen sollte, sind die Trading-Kosten des Anbieters. Wir stellen sicher, dass wir die aktuellen Spreads wichtiger W\u00e4hrungspaare analysieren und die Preisstruktur verschiedener Kontotypen vergleichen, die von den von uns bewerteten Forex-Brokern angeboten werden. Au\u00dferdem vergleichen wir die Spreads wichtiger W\u00e4hrungspaare mit mehreren Wettbewerbern jedes Brokers, den wir analysiert haben, damit du eine klare Vorstellung davon bekommst, welche Broker besonders enge Spreads anbieten.<\/p>\n<p>Kommissionen sind ebenfalls eine Geb\u00fchrenart, die Broker Forex-Tradern f\u00fcr die Ausf\u00fchrung ihrer Orders berechnen k\u00f6nnen. W\u00e4hrend viele Broker bei Forex-Trades \u00fcber ein Standard-Konto keine Kommission verlangen, kann eine kleine Geb\u00fchr anfallen, wenn du ein Raw-Konto mit niedrigeren Spreads nutzt. Um dir die Entscheidung zu erleichtern, haben wir auch mehrere f\u00fchrende <a href=\"https:\/\/www.bestbrokers.com\/de\/forex-brokers\/best-low-cost-forex-brokers\/\">Forex-Broker mit besonders niedrigen Trading-Kosten<\/a> vorgestellt. Unsere Experten pr\u00fcfen au\u00dferdem zus\u00e4tzliche Geb\u00fchren wie Swap-Geb\u00fchren, Kosten f\u00fcr Ein- und Auszahlungen, Inaktivit\u00e4tsgeb\u00fchren und weitere m\u00f6gliche Kosten.<\/p>\n<hr style=\"height:2px;border-width:0;color:#dee2e6;background-color:#dee2e6; clear: both;\">\n<h3 style=\"text-align: center;\">Kontoer\u00f6ffnung<\/h3>\n<p><img decoding=\"async\" src=\"https:\/\/www.bestbrokers.com\/wp-content\/uploads\/2021\/07\/set-up-an-account.svg\" class=\"alignleft\" width=\"80\" alt=\"Kontoer\u00f6ffnung\">Damit du deine Trading-Reise bei einem der von uns bewerteten Broker starten kannst, stellen wir den Prozess der Kontoer\u00f6ffnung ausf\u00fchrlich dar. Wir f\u00fchren dich durch alle Schritte, die erforderlich sind, um dein Trading-Konto zu er\u00f6ffnen, und achten besonders auf den Know-Your-Customer-Prozess (KYC), der bei den meisten regulierten Brokern erforderlich ist.<\/p>\n<p>Unsere Broker-Bewertungen vergleichen die verschiedenen Kontotypen, die du bei einem Broker er\u00f6ffnen kannst, einschlie\u00dflich ihrer Spreads, Kommissionen, unterst\u00fctzten Plattformen und speziellen Funktionen. Au\u00dferdem stellen wir Informationen zu <a href=\"https:\/\/www.bestbrokers.com\/de\/forex-brokers\/best-forex-brokers-with-demo-accounts\/\">Demokonten<\/a> bereit, die in der Regel bei jedem seri\u00f6sen Forex-Broker verf\u00fcgbar sind.<\/p>\n<hr style=\"height:2px;border-width:0;color:#dee2e6;background-color:#dee2e6; clear: both;\">\n<h3 style=\"text-align: center;\">M\u00e4rkte und Trading-Plattformen<\/h3>\n<p><img decoding=\"async\" src=\"https:\/\/www.bestbrokers.com\/wp-content\/uploads\/2021\/10\/desktop-wallets.svg\" class=\"alignleft\" width=\"80\" alt=\"Unterst\u00fctzte M\u00e4rkte und Plattformen\">Unsere Bewertungen liefern detaillierte Informationen sowohl zu Forex als auch zu weiteren M\u00e4rkten, die von Brokern f\u00fcr Privatanleger auf unserer Website angeboten werden. Trading-Kosten, unterst\u00fctzte W\u00e4hrungspaare und M\u00f6glichkeiten zum Handel verschiedener Instrumente geh\u00f6ren zu den Punkten, die wir in all unseren Reviews behandeln. Unterst\u00fctzte Trading-Plattformen wie <a href=\"https:\/\/www.bestbrokers.com\/de\/forex-brokers\/metatrader-4-forex-brokers\/\">MT4<\/a>, <a href=\"https:\/\/www.bestbrokers.com\/de\/forex-brokers\/metatrader-5-forex-brokers\/\">MT5<\/a>, <a href=\"https:\/\/www.bestbrokers.com\/de\/forex-brokers\/ctrader-forex-brokers\/\">cTrader<\/a> und weitere geh\u00f6ren ebenfalls zu den wichtigen Themen, auf die wir uns konzentrieren. So erf\u00e4hrst du genau, welche Plattformen du w\u00e4hrend deiner Trading-Session bei einem Broker nutzen kannst.<\/p>\n<hr style=\"height:2px;border-width:0;color:#dee2e6;background-color:#dee2e6; clear: both;\">\n<h3 style=\"text-align: center;\">Unterst\u00fctzte Zahlungsmethoden<\/h3>\n<p><img decoding=\"async\" src=\"https:\/\/www.bestbrokers.com\/wp-content\/uploads\/2021\/11\/a-store-of-wealth.svg\" class=\"alignleft\" width=\"80\" alt=\"Unterst\u00fctzte Zahlungsmethoden\">Da die Finanzierung deines Kontos ein zentraler Bestandteil deiner Trading-Erfahrung ist, stellen wir auch Details zu den verschiedenen Zahlungsmethoden bereit, die bei jedem von uns bewerteten Broker verf\u00fcgbar sind. Es ist wichtig zu beachten, dass einige der aufgef\u00fchrten Optionen aufgrund von Einschr\u00e4nkungen in bestimmten L\u00e4ndern m\u00f6glicherweise nicht f\u00fcr dich verf\u00fcgbar sind. Dennoch geben wir stets Informationen zu Mindesteinzahlungen und Mindestbetr\u00e4ge f\u00fcr Auszahlungen, Geb\u00fchren im Zusammenhang mit Zahlungen sowie m\u00f6glichen Einschr\u00e4nkungen bestimmter Zahlungsmethoden.<\/p>\n<hr style=\"height:2px;border-width:0;color:#dee2e6;background-color:#dee2e6; clear: both;\">\n<h3 style=\"text-align: center;\">Nutzerbewertungen<\/h3>\n<p><img decoding=\"async\" src=\"https:\/\/www.bestbrokers.com\/wp-content\/uploads\/2021\/07\/sentiment.svg\" class=\"alignleft\" width=\"80\" alt=\"Nutzerbewertungen\">Da unser Team die Meinungen unserer Leser sehr sch\u00e4tzt, stellen wir sicher, dass Broker auch auf Basis des Feedbacks echter Trader bewertet werden. Au\u00dferdem halten wir dich \u00fcber den aktuellen Trustpilot-Score jedes Brokers auf dem Laufenden und aktualisieren die Bewertungen aller von uns gepr\u00fcften Anbieter regelm\u00e4\u00dfig.<\/p>\n<p>Wenn du uns dein Feedback zu einem Broker geben m\u00f6chtest, den wir auf unserer Website bewertet haben, kannst du unser Support-Team kontaktieren. Wenn du eine Beschwerde \u00fcber einen Broker oder \u00fcber die offizielle Aufsichtsbeh\u00f6rde einreichen m\u00f6chtest, die die Finanzaktivit\u00e4ten in deinem Wohnsitz \u00fcberwacht, kannst du die offizielle Website der jeweiligen Beh\u00f6rde besuchen und dort eine Beschwerde einreichen. F\u00fcr Trader aus dem Vereinigten K\u00f6nigreich gibt es die <a href=\"https:\/\/www.fca.org.uk\/consumers\/how-complain\" rel=\"noopener nofollow\" target=\"_blank\">offizielle Website der FCA<\/a>, auf der du ausf\u00fchrliche Informationen findest, wie eine solche Beschwerde eingereicht werden kann. Du kannst au\u00dferdem Fehlverhalten bei der ASIC <a href=\"https:\/\/asic.gov.au\/about-asic\/contact-us\/reporting-misconduct-to-asic\/\" rel=\"noopener nofollow\" target=\"_blank\">hier melden<\/a> oder <a href=\"https:\/\/www.cysec.gov.cy\/en-GB\/investor-protection\/how-to-complain\/\" rel=\"noopener nofollow\" target=\"_blank\">eine Beschwerde bei CySEC einreichen<\/a>, falls diese Aufsichtsbeh\u00f6rde f\u00fcr deine Region zust\u00e4ndig ist.<\/p>\n<hr style=\"height:2px;border-width:0;color:#dee2e6;background-color:#dee2e6; clear: both;\">\n","protected":false},"excerpt":{"rendered":"<p>Finde die besten Broker, um dein Kapital zu investieren Unsere Bewertungen decken die wichtigsten Informationen zu jedem Broker ab, darunter Spreads, Zahlungsmethoden und Regulierung. Alle Reviews werden von professionellen Tradern verfasst und sollen sowohl Anf\u00e4ngern als auch fortgeschrittenen Tradern klare und pr\u00e4zise Informationen liefern. Faktoren, die wir bei der Bewertung von Brokern ber\u00fccksichtigen Unser Expertenteam [&hellip;]<\/p>\n","protected":false},"author":2,"featured_media":0,"parent":0,"menu_order":0,"comment_status":"closed","ping_status":"closed","template":"templates\/full-width.php","meta":{"footnotes":""},"class_list":["post-21661","page","type-page","status-publish","hentry"],"aioseo_notices":[],"_links":{"self":[{"href":"https:\/\/www.bestbrokers.com\/de\/wp-json\/wp\/v2\/pages\/21661","targetHints":{"allow":["GET"]}}],"collection":[{"href":"https:\/\/www.bestbrokers.com\/de\/wp-json\/wp\/v2\/pages"}],"about":[{"href":"https:\/\/www.bestbrokers.com\/de\/wp-json\/wp\/v2\/types\/page"}],"author":[{"embeddable":true,"href":"https:\/\/www.bestbrokers.com\/de\/wp-json\/wp\/v2\/users\/2"}],"replies":[{"embeddable":true,"href":"https:\/\/www.bestbrokers.com\/de\/wp-json\/wp\/v2\/comments?post=21661"}],"version-history":[{"count":10,"href":"https:\/\/www.bestbrokers.com\/de\/wp-json\/wp\/v2\/pages\/21661\/revisions"}],"predecessor-version":[{"id":82510,"href":"https:\/\/www.bestbrokers.com\/de\/wp-json\/wp\/v2\/pages\/21661\/revisions\/82510"}],"wp:attachment":[{"href":"https:\/\/www.bestbrokers.com\/de\/wp-json\/wp\/v2\/media?parent=21661"}],"curies":[{"name":"wp","href":"https:\/\/api.w.org\/{rel}","templated":true}]}}