{"id":59619,"date":"2025-03-19T09:36:51","date_gmt":"2025-03-19T09:36:51","guid":{"rendered":"https:\/\/www.bestbrokers.com\/?page_id=59619"},"modified":"2026-03-10T12:23:55","modified_gmt":"2026-03-10T12:23:55","slug":"account-opening","status":"publish","type":"page","link":"https:\/\/www.bestbrokers.com\/de\/reviews\/avatrade\/account-opening\/","title":{"rendered":"So er\u00f6ffnen Sie ein Konto bei AvaTrade"},"content":{"rendered":"<div class=\"author-line\">Geschrieben von <span class=\"author\">Zornitsa Stefanova<div class=\"author-sub-box\"><div class=\"author-avatar\"><img decoding=\"async\" src=\"https:\/\/www.bestbrokers.com\/wp-content\/uploads\/2024\/09\/zornica-stefanova.jpeg\" \/><\/div><div class=\"author-info-wrapper\"><div class=\"author-name\"><a href=\"https:\/\/www.bestbrokers.com\/de\/authors\/zornitsa-stefanova\/\">Zornitsa Stefanova<\/a><\/div><div class=\"author-bio\">Zornitsa Stefanova ist eine erfahrene Forex- und Kryptoanalystin. Sie behandelt auch verschiedene finanzielle Themen wie Aktienhandel und Renteninvestitionen.<\/div><\/div><\/div><\/span>,  <a rel=\"nofollow\" target=\"_blank\" href=\"https:\/\/www.linkedin.com\/in\/zornica-stefanova-73ab39287\/\"><img decoding=\"async\" class=\"social-icon\" src=\"https:\/\/www.bestbrokers.com\/wp-content\/themes\/best-brokers\/assets\/images\/icon-linkedin.svg\" data-no-lazy=\"1\"><\/a> <span class=\"sep\">|<\/span> \u00dcbersetzt von <span class=\"author\">Marcus Jungnickel<div class=\"author-sub-box\"><div class=\"author-avatar\"><img decoding=\"async\" src=\"https:\/\/www.bestbrokers.com\/wp-content\/uploads\/2025\/02\/Marcus-Jungnickel-150x150-2.webp\" \/><\/div><div class=\"author-info-wrapper\"><div class=\"author-name\"><a href=\"https:\/\/www.bestbrokers.com\/de\/authors\/marcus-jungnickel\/\">Marcus Jungnickel<\/a><\/div><div class=\"author-bio\">Marcus Jungnickel ist als \u00dcbersetzer und Redakteur auf die Fachgebiete Finanzen und Wirtschaft spezialisiert. Er betreut die deutsche Version von BestBrokers.com.<\/div><\/div><\/div><\/span>, <a rel=\"nofollow\" target=\"_blank\" href=\"https:\/\/www.linkedin.com\/in\/marcus-jungnickel-3545b3154\/\"><img decoding=\"async\" class=\"social-icon\" src=\"https:\/\/www.bestbrokers.com\/wp-content\/themes\/best-brokers\/assets\/images\/icon-linkedin.svg\" data-no-lazy=\"1\"><\/a> <span class=\"sep\">|<\/span> Aktualisiert: <time class=\"entry-date\" datetime=\"2026-03-10T12:23:55+00:00\">M\u00e4rz 10, 2026<\/time><\/div>\n<h2 id=\"brief\"><i class=\"ico ico--assets\"><\/i>AvaTrade Kontotypen im \u00dcberblick<\/h2>\n<p>Europ\u00e4ische Trader, die \u00fcber die CySEC-Einheit von AvaTrade registriert sind, profitieren von einem Standard-Konto, das provisionsfreien Forex-Handel mit CFDs erm\u00f6glicht. Die minimalen Spreads f\u00fcr diesen Kontotyp beginnen bei 0,8 Pips und variieren je nach den gehandelten W\u00e4hrungspaaren. Die minimale Handelsgr\u00f6\u00dfe betr\u00e4gt 0,01 Lots, was 1.000 W\u00e4hrungseinheiten entspricht. Neue Trader k\u00f6nnen ihr Konto mit MT4 oder MT5 verbinden.<\/p>\n<p>Die Einrichtung eines professionellen Kontos ist eine weitere Option f\u00fcr Trader mit Konto bei der CySEC-regulierten Einheit von AvaTrade, sofern sie die entsprechenden Voraussetzungen erf\u00fcllen. Dazu geh\u00f6ren eine ausreichende Trading-Aktivit\u00e4t im vergangenen Jahr, relevante Erfahrung im Finanzbereich sowie ein Finanzportfolio von mehr als 500.000 \u20ac. Professional-Konten bieten niedrigere Spreads ab 0,6 Pips f\u00fcr wichtige W\u00e4hrungspaare sowie einen maximalen Hebel von 1:400. Dieser Kontotyp ist auf Trader mit Wohnsitz in bestimmten L\u00e4ndern beschr\u00e4nkt, darunter Schweden, Deutschland, Spanien, Bulgarien, Frankreich, Italien, Portugal, Polen, D\u00e4nemark und das Vereinigte K\u00f6nigreich. Zus\u00e4tzlich steht erfahrenen Tradern auch ein AvaOptions-Konto zur Verf\u00fcgung.<\/p>\n<p>Alternativ k\u00f6nnen Trader, die aus religi\u00f6sen Gr\u00fcnden keine Zinsen zahlen oder erhalten d\u00fcrfen, ein islamisches Konto beantragen, das swapfreien Handel mit Forex, Gold, Silber und Indizes erm\u00f6glicht. Gehebelte Positionen k\u00f6nnen bis zu f\u00fcnf Tage offen bleiben, ohne dass \u00dcbernachtgeb\u00fchren (Swaps) anfallen. AvaTrade bietet au\u00dferdem Spread-Betting-Konten an, die f\u00fcr Trader mit Wohnsitz im Vereinigten K\u00f6nigreich und in Irland unter der Regulierung der FCA verf\u00fcgbar sind. Das unbegrenzte Demokonto erm\u00f6glicht es Tradern, den hauseigene Plattform WebTrader, MT4, MT5 und die AvaTrade App zu testen, ohne echtes Kapital zu riskieren.<\/p>\n\n\t\t\t\t<div class=\"table\">\n\t\t\t\t\t<table class=\"table table-striped table-bordered\">\n\t\t\t\t\t\t<tr>\n\t\t\t\t\t\t\t<td style=\"width: 250px;\"><strong>Demokonto<\/strong><\/td>\n\t\t\t\t\t\t\t<td><img decoding=\"async\" width=\"24\" height=\"24\" src=\"\/wp-content\/themes\/best-brokers\/assets\/images\/ico-check.svg\" alt=\"Available\" \/><\/td>\n\t\t\t\t\t\t<\/tr>\n\t\t\t\t\t\t<tr>\n\t\t\t\t\t\t\t<td><strong>Islamic Account<\/strong><\/td>\n\t\t\t\t\t\t\t<td><img decoding=\"async\" width=\"24\" height=\"24\" src=\"\/wp-content\/themes\/best-brokers\/assets\/images\/ico-check.svg\" alt=\"Available\" \/><\/td>\n\t\t\t\t\t\t<\/tr>\n\t\t\t\t\t\t<tr>\n\t\t\t\t\t\t\t<td><strong>ECN-Konto<\/strong><\/td>\n\t\t\t\t\t\t\t<td><img decoding=\"async\" width=\"24\" height=\"24\" src=\"\/wp-content\/themes\/best-brokers\/assets\/images\/ico-xmark.svg\" alt=\"Not Available\" \/><\/td>\n\t\t\t\t\t\t<\/tr>\n\t\t\t\t\t\t<tr>\n\t\t\t\t\t\t\t<td><strong>Pro-Konto<\/strong><\/td>\n\t\t\t\t\t\t\t<td><img decoding=\"async\" width=\"24\" height=\"24\" src=\"\/wp-content\/themes\/best-brokers\/assets\/images\/ico-check.svg\" alt=\"Available\" \/><\/td>\n\t\t\t\t\t\t<\/tr>\n\t\t\t\t\t\t<tr>\n\t\t\t\t\t\t\t<td><strong>MAM Account<\/strong><\/td>\n\t\t\t\t\t\t\t<td><img decoding=\"async\" width=\"24\" height=\"24\" src=\"\/wp-content\/themes\/best-brokers\/assets\/images\/ico-check.svg\" alt=\"Available\" \/><\/td>\n\t\t\t\t\t\t<\/tr>\n\t\t\t\t\t<\/table>\n\t\t\t\t<\/div>\n\t\t\t\n<h2 id=\"deposit\"><i class=\"ico ico--money-supply\"><\/i>Mindesteinzahlung bei AvaTrade<\/h2>\n<p>Die Mindesteinzahlung bei AvaTrade betr\u00e4gt 100 \u20ac oder den entsprechenden Betrag in einer anderen unterst\u00fctzten Basisw\u00e4hrung wie GBP, USD oder AUD. Der Broker empfiehlt neuen Tradern eine Einzahlung von mindestens 1.000 \u20ac, um effektiv traden zu k\u00f6nnen. Du kannst dein Live-Konto per Kreditkarte, Debitkarte oder Bank\u00fcberweisung aufladen.<\/p>\n<p>E-Wallets wie Neteller, WebMoney und Skrill stehen Trader aus ausgew\u00e4hlten L\u00e4ndern ebenfalls zur Verf\u00fcgung. AvaTrade erhebt eine Inaktivit\u00e4tsgeb\u00fchr von 50 \u20ac nach drei aufeinanderfolgenden Monaten ohne Nutzung. Konten, die \u00fcber einen Zeitraum von 12 aufeinanderfolgenden Monaten inaktiv bleiben, verursachen zus\u00e4tzlich eine Verwaltungsgeb\u00fchr von 100 \u20ac.<\/p>\n<h2 id=\"what\"><i class=\"ico ico--question\"><\/i>Welche handelbaren Instrumente bietet AvaTrade?<\/h2>\n<p>Nutzer von AvaTrade k\u00f6nnen auf mehr als 1.200 Finanzm\u00e4rkte zugreifen, darunter \u00fcber 50 W\u00e4hrungspaare, Indizes, Rohstoffe, Aktien, Kryptow\u00e4hrungen und Optionen. S\u00e4mtliche Trading-Kosten sind in den Spreads enthalten, die f\u00fcr Trader ab 0,8 Pips beginnen. Zu den unterst\u00fctzten Trading-Plattformen geh\u00f6ren MetaTrader 4, MetaTrader 5, DupliTrade, WebTrader und AvaOptions. Die letzten beiden sind hauseigene Plattformen. AvaSocial, ebenfalls eine eigene Plattform, erm\u00f6glicht Copy Trading.<\/p>\n<h2 id=\"steps\"><i class=\"ico ico--account\"><\/i>Konto er\u00f6ffnen bei AvaTrade \u2013 Schritt f\u00fcr Schritt in 20 bis 25 Minuten<\/h2>\n<ol class=\"list list--steps\">\n<li>Rufe [www.avatrade.com](http:\/\/www.avatrade.com) auf und klicke oder tippe oben rechts auf den orangefarbenen Button \u201eJetzt registrieren\u201c.\n<p>    <img decoding=\"async\" class=\"aligncenter\" src=\"https:\/\/www.bestbrokers.com\/wp-content\/uploads\/2024\/08\/account-opening-img-1.webp\" alt=\"Registrierungsschritte\" width=\"900\" \/><\/li>\n<li>Gib eine g\u00fcltige E-Mail-Adresse an, die auf deinen Namen registriert ist, w\u00e4hle ein sicheres Passwort und w\u00e4hle dein Land aus dem Dropdown-Men\u00fc aus.\n<p>    <img decoding=\"async\" class=\"aligncenter\" src=\"https:\/\/www.bestbrokers.com\/wp-content\/uploads\/2024\/08\/account-opening-img-2.webp\" alt=\"Registrierungsschritte\" width=\"900\" \/><\/li>\n<li>Gib deine pers\u00f6nlichen Daten in das Registrierungsformular ein, einschlie\u00dflich deines Vor- und Nachnamens, Geburtsdatums, deiner Stra\u00dfe und Hausnummer, Stadt und Postleitzahl. Gib au\u00dferdem eine g\u00fcltige Mobilnummer an und fahre mit dem n\u00e4chsten Schritt fort.<img decoding=\"async\" class=\"aligncenter\" src=\"https:\/\/www.bestbrokers.com\/wp-content\/uploads\/2024\/08\/account-opening-img-3.webp\" alt=\"Registrierungsschritte\" width=\"900\" \/><\/li>\n<li>W\u00e4hrend dieses Schritts musst du finanzielle Informationen angeben, darunter deine wichtigste berufliche T\u00e4tigkeit, deinen Besch\u00e4ftigungsstatus, die Herkunft deiner Mittel, dein durchschnittliches Jahreseinkommen sowie deine Investitionen und Ersparnisse. Gib au\u00dferdem an, welches Risiko du beim Trading tolerieren kannst. Diese Angaben helfen AvaTrade zu beurteilen, ob du f\u00fcr den Handel mit Derivaten geeignet bist.<img decoding=\"async\" class=\"aligncenter\" src=\"https:\/\/www.bestbrokers.com\/wp-content\/uploads\/2024\/08\/account-opening-img-4.webp\" alt=\"Registrierungsschritte\" width=\"900\" \/><\/li>\n<li>AvaTrade bewertet au\u00dferdem deine Erfahrung und dein Fachwissen, indem du ein kurzes Quiz zum Trading mit Hebel (Hebelhandel) ausf\u00fcllst.<img decoding=\"async\" class=\"aligncenter\" src=\"https:\/\/www.bestbrokers.com\/wp-content\/uploads\/2024\/08\/account-opening-img-5.webp\" alt=\"Registrierungsschritte\" width=\"900\" \/><\/li>\n<li>Akzeptiere die Allgemeinen Gesch\u00e4ftsbedingungen und best\u00e4tige, dass du steuerlich nicht in den Vereinigten Staaten ans\u00e4ssig bist. Du kannst au\u00dferdem ausw\u00e4hlen, ob du kontobezogene Updates \u00fcber WhatsApp erhalten m\u00f6chtest.<img decoding=\"async\" class=\"aligncenter\" src=\"https:\/\/www.bestbrokers.com\/wp-content\/uploads\/2024\/08\/account-opening-img-6.webp\" alt=\"Registrierungsschritte\" width=\"900\" \/><\/li>\n<li>AvaTrade pr\u00fcft deinen Antrag auf Grundlage deiner finanziellen Angaben und der Ergebnisse des Quiz. Nach der Genehmigung kannst du dich in dein neu erstelltes Konto einloggen, um deine Identit\u00e4t und deine Wohnadresse zu verifizieren.<img decoding=\"async\" class=\"aligncenter\" src=\"https:\/\/www.bestbrokers.com\/wp-content\/uploads\/2024\/08\/account-opening-img-7.webp\" alt=\"Registrierungsschritte\" width=\"900\" \/><\/li>\n<li><strong>KYC-Verifizierung von AvaTrade-Konten \u2013 dauert etwa 5 bis 10 Minuten<\/strong>Du musst die angeforderten Dokumente hochladen, bevor du eine Einzahlung vornehmen und Orders platzieren kannst.\n<p>    <img decoding=\"async\" class=\"aligncenter\" src=\"https:\/\/www.bestbrokers.com\/wp-content\/uploads\/2024\/08\/account-opening-img-8.webp\" alt=\"Registrierungsschritte\" width=\"900\" \/><\/p>\n<p>Beginne mit dem Hochladen deiner Ausweisdokumente. Das kann dein Personalausweis, Reisepass oder F\u00fchrerschein sein. Unabh\u00e4ngig davon, welches Dokument du verwendest, stelle sicher, dass du gut lesbare Kopien der Vorder- und R\u00fcckseite hochl\u00e4dst.<\/p>\n<p>    <img decoding=\"async\" class=\"aligncenter\" src=\"https:\/\/www.bestbrokers.com\/wp-content\/uploads\/2024\/08\/account-opening-img-9.webp\" alt=\"Registrierungsschritte\" width=\"900\" \/><\/li>\n<li>Lade eine Kopie einer aktuellen Rechnung eines Versorgungsunternehmens (z.B. Stromrechnung) hoch, damit AvaTrade best\u00e4tigen kann, dass deine aktuelle Wohnadresse mit der Adresse \u00fcbereinstimmt, die du im Registrierungsformular angegeben hast.<img decoding=\"async\" class=\"aligncenter\" src=\"https:\/\/www.bestbrokers.com\/wp-content\/uploads\/2024\/08\/account-opening-img-10.webp\" alt=\"Registrierungsschritte\" width=\"900\" \/><\/li>\n<li>Setze ein H\u00e4kchen, um zu best\u00e4tigen, dass deine Staatsangeh\u00f6rigkeit mit deinem Wohnsitz \u00fcbereinstimmt. Falls nicht, f\u00fcge eine weitere Staatsangeh\u00f6rigkeit hinzu. Abschlie\u00dfend musst du angeben, ob du deine Steuern in deinem Wohnsitz zahlst, und deine pers\u00f6nliche Steueridentifikationsnummer (TIN) angeben. In einigen EU-L\u00e4ndern wie Bulgarien ist dies beispielsweise die einheitliche Personenkennzahl (UCN), die auf deinen Ausweisdokumenten vermerkt ist. Klicke auf \u201eSubmit\u201c und warte, bis AvaTrade deine Verifizierung pr\u00fcft.<img decoding=\"async\" class=\"aligncenter\" src=\"https:\/\/www.bestbrokers.com\/wp-content\/uploads\/2024\/08\/account-opening-img-11.webp\" alt=\"Registrierungsschritte\" width=\"900\" \/><\/li>\n<\/ol>\n<h2 id=\"conclusion\"><i class=\"ico ico--pen\"><\/i>Fazit<\/h2>\n<p>Der gesamte Registrierungsprozess bei AvaTrade dauert in der Regel nicht l\u00e4nger als etwa 20 Minuten, vorausgesetzt, du hast alle erforderlichen Dokumente griffbereit. Das Quiz zu finanziellen Angaben und deinem Trading-Wissen sollte leicht zu bestehen sein, wenn du bereits Erfahrung mit dem Handel von Derivaten hast. Beachte jedoch, dass der Broker bei hoher Auslastung bis zu einem Werktag ben\u00f6tigen kann, um deinen Antrag und deine Dokumente zu pr\u00fcfen. Wichtig ist au\u00dferdem, dass AvaTrade keine Registrierungen aus bestimmten L\u00e4ndern akzeptiert, darunter die Vereinigten Staaten, Russland, Neuseeland, Libanon und Kuba.<\/p>\n","protected":false},"excerpt":{"rendered":"<p>AvaTrade Kontotypen im \u00dcberblick Europ\u00e4ische Trader, die \u00fcber die CySEC-Einheit von AvaTrade registriert sind, profitieren von einem Standard-Konto, das provisionsfreien Forex-Handel mit CFDs erm\u00f6glicht. Die minimalen Spreads f\u00fcr diesen Kontotyp beginnen bei 0,8 Pips und variieren je nach den gehandelten W\u00e4hrungspaaren. Die minimale Handelsgr\u00f6\u00dfe betr\u00e4gt 0,01 Lots, was 1.000 W\u00e4hrungseinheiten entspricht. Neue Trader k\u00f6nnen ihr [&hellip;]<\/p>\n","protected":false},"author":3,"featured_media":0,"parent":21668,"menu_order":0,"comment_status":"closed","ping_status":"closed","template":"templates\/review.php","meta":{"footnotes":""},"class_list":["post-59619","page","type-page","status-publish","hentry"],"aioseo_notices":[],"_links":{"self":[{"href":"https:\/\/www.bestbrokers.com\/de\/wp-json\/wp\/v2\/pages\/59619","targetHints":{"allow":["GET"]}}],"collection":[{"href":"https:\/\/www.bestbrokers.com\/de\/wp-json\/wp\/v2\/pages"}],"about":[{"href":"https:\/\/www.bestbrokers.com\/de\/wp-json\/wp\/v2\/types\/page"}],"author":[{"embeddable":true,"href":"https:\/\/www.bestbrokers.com\/de\/wp-json\/wp\/v2\/users\/3"}],"replies":[{"embeddable":true,"href":"https:\/\/www.bestbrokers.com\/de\/wp-json\/wp\/v2\/comments?post=59619"}],"version-history":[{"count":9,"href":"https:\/\/www.bestbrokers.com\/de\/wp-json\/wp\/v2\/pages\/59619\/revisions"}],"predecessor-version":[{"id":82605,"href":"https:\/\/www.bestbrokers.com\/de\/wp-json\/wp\/v2\/pages\/59619\/revisions\/82605"}],"up":[{"embeddable":true,"href":"https:\/\/www.bestbrokers.com\/de\/wp-json\/wp\/v2\/pages\/21668"}],"wp:attachment":[{"href":"https:\/\/www.bestbrokers.com\/de\/wp-json\/wp\/v2\/media?parent=59619"}],"curies":[{"name":"wp","href":"https:\/\/api.w.org\/{rel}","templated":true}]}}