{"id":59620,"date":"2025-03-19T09:36:51","date_gmt":"2025-03-19T09:36:51","guid":{"rendered":"https:\/\/www.bestbrokers.com\/?page_id=59620"},"modified":"2026-03-10T12:26:09","modified_gmt":"2026-03-10T12:26:09","slug":"account-opening","status":"publish","type":"page","link":"https:\/\/www.bestbrokers.com\/de\/reviews\/fusion-markets\/account-opening\/","title":{"rendered":"So er\u00f6ffnen Sie ein Konto bei Fusion Markets"},"content":{"rendered":"<div class=\"author-line\">Geschrieben von <span class=\"author\">Zornitsa Stefanova<div class=\"author-sub-box\"><div class=\"author-avatar\"><img decoding=\"async\" src=\"https:\/\/www.bestbrokers.com\/wp-content\/uploads\/2024\/09\/zornica-stefanova.jpeg\" \/><\/div><div class=\"author-info-wrapper\"><div class=\"author-name\"><a href=\"https:\/\/www.bestbrokers.com\/de\/authors\/zornitsa-stefanova\/\">Zornitsa Stefanova<\/a><\/div><div class=\"author-bio\">Zornitsa Stefanova ist eine erfahrene Forex- und Kryptoanalystin. Sie behandelt auch verschiedene finanzielle Themen wie Aktienhandel und Renteninvestitionen.<\/div><\/div><\/div><\/span>,  <a rel=\"nofollow\" target=\"_blank\" href=\"https:\/\/www.linkedin.com\/in\/zornica-stefanova-73ab39287\/\"><img decoding=\"async\" class=\"social-icon\" src=\"https:\/\/www.bestbrokers.com\/wp-content\/themes\/best-brokers\/assets\/images\/icon-linkedin.svg\" data-no-lazy=\"1\"><\/a> <span class=\"sep\">|<\/span> \u00dcbersetzt von <span class=\"author\">Marcus Jungnickel<div class=\"author-sub-box\"><div class=\"author-avatar\"><img decoding=\"async\" src=\"https:\/\/www.bestbrokers.com\/wp-content\/uploads\/2025\/02\/Marcus-Jungnickel-150x150-2.webp\" \/><\/div><div class=\"author-info-wrapper\"><div class=\"author-name\"><a href=\"https:\/\/www.bestbrokers.com\/de\/authors\/marcus-jungnickel\/\">Marcus Jungnickel<\/a><\/div><div class=\"author-bio\">Marcus Jungnickel ist als \u00dcbersetzer und Redakteur auf die Fachgebiete Finanzen und Wirtschaft spezialisiert. Er betreut die deutsche Version von BestBrokers.com.<\/div><\/div><\/div><\/span>, <a rel=\"nofollow\" target=\"_blank\" href=\"https:\/\/www.linkedin.com\/in\/marcus-jungnickel-3545b3154\/\"><img decoding=\"async\" class=\"social-icon\" src=\"https:\/\/www.bestbrokers.com\/wp-content\/themes\/best-brokers\/assets\/images\/icon-linkedin.svg\" data-no-lazy=\"1\"><\/a> <span class=\"sep\">|<\/span> Aktualisiert: <time class=\"entry-date\" datetime=\"2026-03-10T12:26:09+00:00\">M\u00e4rz 10, 2026<\/time><\/div>\n<h2 id=\"brief\"><i class=\"ico ico--assets\"><\/i>Kontotypen bei Fusion Markets im \u00dcberblick<\/h2>\n<p>Fusion Markets bietet zwei Hauptkontotypen an \u2013 Zero und Standard. Trader haben damit die M\u00f6glichkeit, ein swapfreies Konto oder professionelles Trading zu nutzen. Zero-Konten bieten extrem niedrige Spreads ab 0,0 Pips sowie Kommissionen von 2,25 USD pro Seite. Standard-Konten erm\u00f6glichen provisionsfreies Trading, allerdings mit h\u00f6heren Spreads und einem Aufschlag von 0,9 Pips.<\/p>\n<p>Swapfreie Konten erm\u00f6glichen Trading in mehr als 50 Finanzm\u00e4rkten. Dabei fallen keine Kommissionen an, w\u00e4hrend die Spreads f\u00fcr EUR\/USD bei 1,4 Pips beginnen. Allerdings wird einmal alle sieben Tage eine Verwaltungsgeb\u00fchr erhoben. Die minimale Handelsgr\u00f6\u00dfe betr\u00e4gt 0,01 Lots f\u00fcr alle Konten f\u00fcr Privatanleger. Professionelle Konten stehen Tradern aus Australien zur Verf\u00fcgung, sofern sie bestimmte Voraussetzungen erf\u00fcllen. Zus\u00e4tzlich werden PAMM- und MAM-Trading-L\u00f6sungen angeboten.<\/p>\n<p>Lies weiter f\u00fcr eine ausf\u00fchrliche Anleitung zur Einrichtung deines Fusion Markets Kontos und beginne sofort mit kosteng\u00fcnstigem Trading.<\/p>\n\n\t\t\t\t<div class=\"table\">\n\t\t\t\t\t<table class=\"table table-striped table-bordered\">\n\t\t\t\t\t\t<tr>\n\t\t\t\t\t\t\t<td style=\"width: 250px;\"><strong>Demokonto<\/strong><\/td>\n\t\t\t\t\t\t\t<td><img decoding=\"async\" width=\"24\" height=\"24\" src=\"\/wp-content\/themes\/best-brokers\/assets\/images\/ico-check.svg\" alt=\"Available\" \/><\/td>\n\t\t\t\t\t\t<\/tr>\n\t\t\t\t\t\t<tr>\n\t\t\t\t\t\t\t<td><strong>Islamic Account<\/strong><\/td>\n\t\t\t\t\t\t\t<td><img decoding=\"async\" width=\"24\" height=\"24\" src=\"\/wp-content\/themes\/best-brokers\/assets\/images\/ico-check.svg\" alt=\"Available\" \/><\/td>\n\t\t\t\t\t\t<\/tr>\n\t\t\t\t\t\t<tr>\n\t\t\t\t\t\t\t<td><strong>ECN-Konto<\/strong><\/td>\n\t\t\t\t\t\t\t<td><img decoding=\"async\" width=\"24\" height=\"24\" src=\"\/wp-content\/themes\/best-brokers\/assets\/images\/ico-check.svg\" alt=\"Available\" \/><\/td>\n\t\t\t\t\t\t<\/tr>\n\t\t\t\t\t\t<tr>\n\t\t\t\t\t\t\t<td><strong>Pro-Konto<\/strong><\/td>\n\t\t\t\t\t\t\t<td><img decoding=\"async\" width=\"24\" height=\"24\" src=\"\/wp-content\/themes\/best-brokers\/assets\/images\/ico-check.svg\" alt=\"Available\" \/><\/td>\n\t\t\t\t\t\t<\/tr>\n\t\t\t\t\t\t<tr>\n\t\t\t\t\t\t\t<td><strong>MAM Account<\/strong><\/td>\n\t\t\t\t\t\t\t<td><img decoding=\"async\" width=\"24\" height=\"24\" src=\"\/wp-content\/themes\/best-brokers\/assets\/images\/ico-check.svg\" alt=\"Available\" \/><\/td>\n\t\t\t\t\t\t<\/tr>\n\t\t\t\t\t<\/table>\n\t\t\t\t<\/div>\n\t\t\t\n<h2 id=\"deposit\"><i class=\"ico ico--money-supply\"><\/i>Mindesteinzahlung bei Fusion Markets<\/h2>\n<p>F\u00fcr keinen der beiden Kontotypen ist eine Mindesteinzahlung erforderlich. Laut Broker beginnen die meisten Privatanleger jedoch mit mindestens 1.500 USD. Sowohl Standard- als auch Zero-Konten k\u00f6nnen in 14 Basisw\u00e4hrungen gef\u00fchrt werden, darunter EUR, USD, CAD, AUD, GBP, JPY, HUF, DKK, CHF, SEK, NOK, THB oder SGD.<\/p>\n<p>F\u00fcr Ein- und Auszahlungen erhebt Fusion Markets keine zus\u00e4tzlichen Geb\u00fchren. Es stehen verschiedene sofortige Einzahlungsmethoden zur Verf\u00fcgung, darunter Visa, Mastercard, PayPal, Interac, Skrill, Neteller und weitere. Beachte jedoch, dass bei einigen Methoden eine Mindesteinzahlung von 10 USD erforderlich ist.<\/p>\n<h2 id=\"trade\"><i class=\"ico ico--question\"><\/i>Welche handelbaren Instrumente bietet Fusion Markets?<\/h2>\n<p>Die in Vanuatu lizenzierte Einheit bietet Zugang zu mehr als 250 Finanzm\u00e4rkten, darunter \u00fcber 90 Forex-Paare, US-Aktien, harte und weiche Rohstoffe, Indizes sowie Kryptow\u00e4hrungen. Alle verf\u00fcgbaren M\u00e4rkte werden \u00fcber CFDs gehandelt, sodass Trader sowohl von steigenden als auch von fallenden Kursen profitieren k\u00f6nnen. Positionen k\u00f6nnen mit einem maximalen Hebel von 1:500 genutzt werden (1:30 f\u00fcr Trader aus Australien). Copy Trading ist \u00fcber die brokereigene Webplattform Fusion+ m\u00f6glich.<\/p>\n<h2 id=\"steps\"><i class=\"ico ico--account\"><\/i>Konto er\u00f6ffnen bei Fusion Markets (VFSC) \u2013 Schritt f\u00fcr Schritt in 20 bis 25 Minuten<\/h2>\n<p>Der Registrierungsprozess bei Fusion Markets erfordert nur wenige einfache Klicks. Die meisten Konten werden innerhalb von weniger als einer Stunde genehmigt.<\/p>\n<ol class=\"list list--steps\">\n<li>\u00d6ffne die Website des Brokers (www.fusionmarkets.com) in einem aktuellen Browser und klicke oben rechts auf den violetten Button \u201eCreate an Account\u201c, um den Registrierungsprozess zu starten.\n<p>    <img decoding=\"async\" src=\"https:\/\/www.bestbrokers.com\/wp-content\/uploads\/2024\/08\/fusion-markets-account-img-1.webp\" alt=\"Registrierungsschritte\" width=\"900\" class=\"aligncenter\">\n    <\/li>\n<li>\n    Du kannst dich mit deinem Google- oder Apple-Konto registrieren oder im Registrierungsformular eine g\u00fcltige E-Mail-Adresse und ein sicheres Passwort eingeben. Setze anschlie\u00dfend ein H\u00e4kchen, um zu best\u00e4tigen, dass du die Allgemeinen Gesch\u00e4ftsbedingungen des Brokers akzeptierst.<\/p>\n<p>    <img decoding=\"async\" src=\"https:\/\/www.bestbrokers.com\/wp-content\/uploads\/2024\/08\/fusion-markets-account-img-2.webp\" alt=\"Registrierungsschritte\" width=\"900\" class=\"aligncenter\">\n<\/li>\n<li>\n    Der Broker bietet dir eine kurze Einf\u00fchrungstour an, damit du dich mit der Fusion Markets Trading-Plattform vertraut machen kannst. Du kannst diesen optionalen Schritt auch \u00fcberspringen.<\/p>\n<p>    <img decoding=\"async\" src=\"https:\/\/www.bestbrokers.com\/wp-content\/uploads\/2024\/08\/fusion-markets-account-img-3.webp\" alt=\"Registrierungsschritte\" width=\"900\" class=\"aligncenter\">\n<\/li>\n<li>\n    W\u00e4hle \u201eLive Account\u201c, um mit dem Registrierungsprozess fortzufahren.<\/p>\n<p>    <img decoding=\"async\" src=\"https:\/\/www.bestbrokers.com\/wp-content\/uploads\/2024\/08\/fusion-markets-account-img-4.webp\" alt=\"Registrierungsschritte\" width=\"900\" class=\"aligncenter\">\n<\/li>\n<li>\n    Gib deine pers\u00f6nlichen Daten in das Registrierungsformular ein, darunter deinen Vor- und Nachnamen, dein Geburtsdatum, deine Wohnadresse, Stadt und Postleitzahl. W\u00e4hle dein Land aus dem Dropdown-Men\u00fc aus und gib eine g\u00fcltige Telefonnummer an.<\/p>\n<p>    <img decoding=\"async\" src=\"https:\/\/www.bestbrokers.com\/wp-content\/uploads\/2024\/08\/fusion-markets-account-img-5.webp\" alt=\"Registrierungsschritte\" width=\"900\" class=\"aligncenter\">\n<\/li>\n<li>\n    Richte dein Live-Konto ein, indem du eine Trading-Plattform (MT4, MT5, TradingView, cTrader), den Kontotyp (Zero, Standard) und die Basisw\u00e4hrung deines Kontos ausw\u00e4hlst. W\u00e4hle au\u00dferdem eine Sicherheitsfrage und gib eine individuelle Antwort in das entsprechende Feld ein.<\/p>\n<p>    <img decoding=\"async\" src=\"https:\/\/www.bestbrokers.com\/wp-content\/uploads\/2024\/08\/fusion-markets-account-img-6.webp\" alt=\"Registrierungsschritte\" width=\"900\" class=\"aligncenter\">\n<\/li>\n<li><strong>KYC-Verifizierung \u2013 dauert in der Regel nicht l\u00e4nger als 10 Minuten<\/strong>\n<p>    Fahre mit der Identit\u00e4tsverifizierung fort, indem du ein Foto oder einen Scan deines F\u00fchrerscheins, Reisepasses oder eines staatlich ausgestellten Ausweisdokuments hochl\u00e4dst. Lade sowohl die Vorder- als auch die R\u00fcckseite deines ausgew\u00e4hlten Dokuments hoch, um den Verifizierungsprozess zu beschleunigen. Die Gr\u00f6\u00dfe deiner Dateien darf 20 MB nicht \u00fcberschreiten. Fusion Markets akzeptiert vier Dateiformate, darunter jpg, pdf, png und jpeg.<\/p>\n<p>    <img decoding=\"async\" src=\"https:\/\/www.bestbrokers.com\/wp-content\/uploads\/2024\/08\/fusion-markets-account-img-7.webp\" alt=\"Registrierungsschritte\" width=\"900\" class=\"aligncenter\">\n<\/li>\n<li>\n    Lade anschlie\u00dfend den zweiten Satz deiner Dokumente (Vorder- und R\u00fcckseite) hoch, um den Verifizierungsprozess abzuschlie\u00dfen. Hier kannst du beispielsweise einen Reisepass, einen staatlich ausgestellten Ausweis, eine aktuelle Versorgerrechnung, einen Kontoauszug oder eine Geburtsurkunde verwenden. Verwende nicht dasselbe Dokument, das du im vorherigen Schritt hochgeladen hast.<\/p>\n<p>    <img decoding=\"async\" src=\"https:\/\/www.bestbrokers.com\/wp-content\/uploads\/2024\/08\/fusion-markets-account-img-8.webp\" alt=\"Registrierungsschritte\" width=\"900\" class=\"aligncenter\">\n<\/li>\n<li>\n    Klicke auf \u201eVerify My Account\u201c und warte, bis das Fusion Markets Team deinen Antrag pr\u00fcft. Der Broker genehmigt mehr als 90 % aller Kontoantr\u00e4ge innerhalb einer Stunde, allerdings kann der Prozess je nach Wohnsitz bis zu 24 Stunden dauern. Anschlie\u00dfend kannst du dein Konto einzahlen und mit dem Trading beginnen.<\/p>\n<p>    <img decoding=\"async\" src=\"https:\/\/www.bestbrokers.com\/wp-content\/uploads\/2024\/08\/fusion-markets-account-img-9.webp\" alt=\"Registrierungsschritte\" width=\"900\" class=\"aligncenter\">\n    <\/li>\n<\/ol>\n<h2 id=\"conclusion\"><i class=\"ico ico--pen\"><\/i>Fazit<\/h2>\n<p>Alles in allem ist die Registrierung bei der in Vanuatu lizenzierten Version von Fusion Markets unkompliziert und hat in unserem Fall etwa 10 Minuten gedauert. Stelle sicher, dass du alle erforderlichen Dokumente griffbereit hast, um den Registrierungsprozess schneller und ohne unn\u00f6tige Verz\u00f6gerungen abzuschlie\u00dfen. Die einzelnen Schritte sind klar beschrieben und auch f\u00fcr Anf\u00e4nger leicht nachzuvollziehen. F\u00fcr die Er\u00f6ffnung eines Live-Kontos fallen keine Geb\u00fchren an und du kannst dich auch problemlos \u00fcber dein Mobilger\u00e4t registrieren.<\/p>\n","protected":false},"excerpt":{"rendered":"<p>Kontotypen bei Fusion Markets im \u00dcberblick Fusion Markets bietet zwei Hauptkontotypen an \u2013 Zero und Standard. Trader haben damit die M\u00f6glichkeit, ein swapfreies Konto oder professionelles Trading zu nutzen. Zero-Konten bieten extrem niedrige Spreads ab 0,0 Pips sowie Kommissionen von 2,25 USD pro Seite. Standard-Konten erm\u00f6glichen provisionsfreies Trading, allerdings mit h\u00f6heren Spreads und einem Aufschlag [&hellip;]<\/p>\n","protected":false},"author":3,"featured_media":0,"parent":21690,"menu_order":0,"comment_status":"closed","ping_status":"closed","template":"templates\/review.php","meta":{"footnotes":""},"class_list":["post-59620","page","type-page","status-publish","hentry"],"aioseo_notices":[],"_links":{"self":[{"href":"https:\/\/www.bestbrokers.com\/de\/wp-json\/wp\/v2\/pages\/59620","targetHints":{"allow":["GET"]}}],"collection":[{"href":"https:\/\/www.bestbrokers.com\/de\/wp-json\/wp\/v2\/pages"}],"about":[{"href":"https:\/\/www.bestbrokers.com\/de\/wp-json\/wp\/v2\/types\/page"}],"author":[{"embeddable":true,"href":"https:\/\/www.bestbrokers.com\/de\/wp-json\/wp\/v2\/users\/3"}],"replies":[{"embeddable":true,"href":"https:\/\/www.bestbrokers.com\/de\/wp-json\/wp\/v2\/comments?post=59620"}],"version-history":[{"count":9,"href":"https:\/\/www.bestbrokers.com\/de\/wp-json\/wp\/v2\/pages\/59620\/revisions"}],"predecessor-version":[{"id":82606,"href":"https:\/\/www.bestbrokers.com\/de\/wp-json\/wp\/v2\/pages\/59620\/revisions\/82606"}],"up":[{"embeddable":true,"href":"https:\/\/www.bestbrokers.com\/de\/wp-json\/wp\/v2\/pages\/21690"}],"wp:attachment":[{"href":"https:\/\/www.bestbrokers.com\/de\/wp-json\/wp\/v2\/media?parent=59620"}],"curies":[{"name":"wp","href":"https:\/\/api.w.org\/{rel}","templated":true}]}}