{"id":59621,"date":"2025-03-19T09:36:51","date_gmt":"2025-03-19T09:36:51","guid":{"rendered":"https:\/\/www.bestbrokers.com\/?page_id=59621"},"modified":"2026-03-10T12:31:16","modified_gmt":"2026-03-10T12:31:16","slug":"account-opening","status":"publish","type":"page","link":"https:\/\/www.bestbrokers.com\/de\/reviews\/admiral-markets\/account-opening\/","title":{"rendered":"So er\u00f6ffnen Sie ein Konto bei Admirals"},"content":{"rendered":"<div class=\"author-line\">Geschrieben von <span class=\"author\">Zornitsa Stefanova<div class=\"author-sub-box\"><div class=\"author-avatar\"><img decoding=\"async\" src=\"https:\/\/www.bestbrokers.com\/wp-content\/uploads\/2024\/09\/zornica-stefanova.jpeg\" \/><\/div><div class=\"author-info-wrapper\"><div class=\"author-name\"><a href=\"https:\/\/www.bestbrokers.com\/de\/authors\/zornitsa-stefanova\/\">Zornitsa Stefanova<\/a><\/div><div class=\"author-bio\">Zornitsa Stefanova ist eine erfahrene Forex- und Kryptoanalystin. Sie behandelt auch verschiedene finanzielle Themen wie Aktienhandel und Renteninvestitionen.<\/div><\/div><\/div><\/span>,  <a rel=\"nofollow\" target=\"_blank\" href=\"https:\/\/www.linkedin.com\/in\/zornica-stefanova-73ab39287\/\"><img decoding=\"async\" class=\"social-icon\" src=\"https:\/\/www.bestbrokers.com\/wp-content\/themes\/best-brokers\/assets\/images\/icon-linkedin.svg\" data-no-lazy=\"1\"><\/a> <span class=\"sep\">|<\/span> \u00dcbersetzt von <span class=\"author\">Marcus Jungnickel<div class=\"author-sub-box\"><div class=\"author-avatar\"><img decoding=\"async\" src=\"https:\/\/www.bestbrokers.com\/wp-content\/uploads\/2025\/02\/Marcus-Jungnickel-150x150-2.webp\" \/><\/div><div class=\"author-info-wrapper\"><div class=\"author-name\"><a href=\"https:\/\/www.bestbrokers.com\/de\/authors\/marcus-jungnickel\/\">Marcus Jungnickel<\/a><\/div><div class=\"author-bio\">Marcus Jungnickel ist als \u00dcbersetzer und Redakteur auf die Fachgebiete Finanzen und Wirtschaft spezialisiert. Er betreut die deutsche Version von BestBrokers.com.<\/div><\/div><\/div><\/span>, <a rel=\"nofollow\" target=\"_blank\" href=\"https:\/\/www.linkedin.com\/in\/marcus-jungnickel-3545b3154\/\"><img decoding=\"async\" class=\"social-icon\" src=\"https:\/\/www.bestbrokers.com\/wp-content\/themes\/best-brokers\/assets\/images\/icon-linkedin.svg\" data-no-lazy=\"1\"><\/a> <span class=\"sep\">|<\/span> Aktualisiert: <time class=\"entry-date\" datetime=\"2026-03-10T12:31:16+00:00\">M\u00e4rz 10, 2026<\/time><\/div>\n<h2 id=\"brief\"><i class=\"ico ico--assets\"><\/i>Kontotypen bei Admirals im \u00dcberblick<\/h2>\n<p>Admirals bietet zwei Trading-Konten f\u00fcr kurzfristige Kursspekulationen \u2013 Trade MT4\/MT5 und Zero MT4\/MT5. Zus\u00e4tzlich stehen Invest MT5-Konten zur Verf\u00fcgung, die jedoch f\u00fcr langfristige Investitionen in <a href=\"https:\/\/www.bestbrokers.com\/de\/stock-brokers\/\">Aktien<\/a> und b\u00f6rsengehandelte Fonds (ETFs) gedacht sind. Nutzer, die eines der Trading-Konten er\u00f6ffnen, k\u00f6nnen einen maximalen Hebel von 1:30 f\u00fcr Hauptw\u00e4hrungspaare sowie 1:20 f\u00fcr Nebenpaare und Gold nutzen.<\/p>\n<p>Beide Kontotypen bieten Kurse mit f\u00fcnf Nachkommastellen und erm\u00f6glichen die Ausf\u00fchrung von Market Orders mit minimalen bis keinen Requotes. Die minimale Positionsgr\u00f6\u00dfe betr\u00e4gt 0,01 Lot, w\u00e4hrend das Maximum bei 100 Standard-Lots liegt. Gleichzeitig k\u00f6nnen bis zu 500 ausstehende oder offene Orders platziert werden. Zus\u00e4tzlich sorgt der Schutz vor negativem Kontostand daf\u00fcr, dass Trader nicht f\u00fcr Verluste haften, die ihre Einzahlungen \u00fcbersteigen.<\/p>\n<p>Trade MT4\/MT5-Konten unterst\u00fctzen swap-freies Trading, Hedging, One-Click-Trading sowie Expert Advisors. Diese Konten eignen sich besonders f\u00fcr Trader, die keine Kommissionen zahlen m\u00f6chten, wobei die minimalen Spreads bei 0,5 Pips beginnen. Zero MT4\/MT5-Konten bieten hingegen engere Spreads ab 0 Pips, erheben jedoch Kommissionen von 1,8 USD bis 3 USD pro Lot f\u00fcr Forex und Metalle, 1 USD pro Lot f\u00fcr Energie-Rohstoffe sowie bis zu 3 USD pro Lot f\u00fcr Indizes.<\/p>\n\n\t\t\t\t<div class=\"table\">\n\t\t\t\t\t<table class=\"table table-striped table-bordered\">\n\t\t\t\t\t\t<tr>\n\t\t\t\t\t\t\t<td style=\"width: 250px;\"><strong>Demokonto<\/strong><\/td>\n\t\t\t\t\t\t\t<td><img decoding=\"async\" width=\"24\" height=\"24\" src=\"\/wp-content\/themes\/best-brokers\/assets\/images\/ico-check.svg\" alt=\"Available\" \/><\/td>\n\t\t\t\t\t\t<\/tr>\n\t\t\t\t\t\t<tr>\n\t\t\t\t\t\t\t<td><strong>Islamic Account<\/strong><\/td>\n\t\t\t\t\t\t\t<td><img decoding=\"async\" width=\"24\" height=\"24\" src=\"\/wp-content\/themes\/best-brokers\/assets\/images\/ico-check.svg\" alt=\"Available\" \/><\/td>\n\t\t\t\t\t\t<\/tr>\n\t\t\t\t\t\t<tr>\n\t\t\t\t\t\t\t<td><strong>ECN-Konto<\/strong><\/td>\n\t\t\t\t\t\t\t<td><img decoding=\"async\" width=\"24\" height=\"24\" src=\"\/wp-content\/themes\/best-brokers\/assets\/images\/ico-check.svg\" alt=\"Available\" \/><\/td>\n\t\t\t\t\t\t<\/tr>\n\t\t\t\t\t\t<tr>\n\t\t\t\t\t\t\t<td><strong>Pro-Konto<\/strong><\/td>\n\t\t\t\t\t\t\t<td><img decoding=\"async\" width=\"24\" height=\"24\" src=\"\/wp-content\/themes\/best-brokers\/assets\/images\/ico-check.svg\" alt=\"Available\" \/><\/td>\n\t\t\t\t\t\t<\/tr>\n\t\t\t\t\t\t<tr>\n\t\t\t\t\t\t\t<td><strong>MAM Account<\/strong><\/td>\n\t\t\t\t\t\t\t<td><img decoding=\"async\" width=\"24\" height=\"24\" src=\"\/wp-content\/themes\/best-brokers\/assets\/images\/ico-xmark.svg\" alt=\"Not Available\" \/><\/td>\n\t\t\t\t\t\t<\/tr>\n\t\t\t\t\t<\/table>\n\t\t\t\t<\/div>\n\t\t\t\n<h2 id=\"deposit\"><i class=\"ico ico--money-supply\"><\/i>Mindesteinzahlung bei Admirals<\/h2>\n<p>Trader mit Trade- und Zero-<a href=\"https:\/\/www.bestbrokers.com\/de\/forex-brokers\/metatrader-4-forex-brokers\/\">MT4<\/a>\/<a href=\"https:\/\/www.bestbrokers.com\/de\/forex-brokers\/metatrader-5-forex-brokers\/\">MT5<\/a>-Konten m\u00fcssen mindestens 100 USD auf ihr Konto einzahlen, um mit dem Trading zu beginnen. Invest MT5-Konten haben eine deutlich niedrigere Einstiegsh\u00fcrde von 1 USD, allerdings k\u00f6nnen Trader ihre Positionen in Aktien und ETFs nicht mit Hebel handeln. Die beiden Trading-Kontotypen k\u00f6nnen in einer von neun Basisw\u00e4hrungen gef\u00fchrt werden (EUR, USD, GBP, BGN, CHF, RON, PLN, HUF und CZK). Invest-Konten bieten hingegen nur drei W\u00e4hrungsoptionen: USD, EUR und RON. Trader der CySEC-regulierten Einheit k\u00f6nnen Einzahlungen ohne zus\u00e4tzliche Geb\u00fchren \u00fcber Visa, Mastercard, Klarna, Skrill und Bank\u00fcberweisung vornehmen.<\/p>\n<h2 id=\"trade\"><i class=\"ico ico--question\"><\/i>Welche handelbaren Instrumente gibt es bei Admirals?<\/h2>\n<p>Trade- und Zero-Konten f\u00fcr MT4\/MT5 erm\u00f6glichen den Handel mit 80 Forex-Paaren, 28 Kryptow\u00e4hrungen, 11 Rohstoff-Futures, 15 Rohstoff-CFDs, 19 Indizes, 300 ETFs sowie mehr als 3.300 Aktien. Auch Anleihen k\u00f6nnen \u00fcber CFDs gehandelt werden. Trader profitieren zudem von Level-II-Preisen, einem Wirtschaftskalender sowie Marktanalysen von Dow Jones. Professionelle Trader k\u00f6nnen beim Forex-Handel einen Hebel von bis zu <a href=\"https:\/\/www.bestbrokers.com\/de\/forex-brokers\/1-500-leverage-forex-brokers\/\">1:500<\/a> nutzen.<\/p>\n<h2 id=\"steps\"><i class=\"ico ico--account\"><\/i>Konto er\u00f6ffnen bei Admirals (ASIC) \u2013 Schritt f\u00fcr Schritt in 20 bis 25 Minuten (inklusive Verifizierung und Eignungstest)<\/h2>\n<ol class=\"list list--steps\">\n<li>\n    \u00d6ffne die Website des Brokers (www.admiralmarkets.com) in deinem Webbrowser und klicke oben rechts auf dem Bildschirm auf den blauen Button \u201eRegister\u201c, um den Registrierungsprozess zu starten.<\/p>\n<p>    <img decoding=\"async\" src=\"https:\/\/www.bestbrokers.com\/wp-content\/uploads\/2024\/08\/admirals-account-opening-img-1.webp\" alt=\"Registrierungsschritte\" width=\"900\" class=\"aligncenter\">\n<\/li>\n<li>\n    W\u00e4hle deinen Wohnsitz aus und gib deine Telefonnummer, deine E-Mail-Adresse sowie dein gew\u00fcnschtes Passwort ein. Anschlie\u00dfend erh\u00e4ltst du per E-Mail einen Best\u00e4tigungslink, \u00fcber den du mit dem n\u00e4chsten Schritt der Registrierung fortfahren kannst.<\/p>\n<p>    <img decoding=\"async\" src=\"https:\/\/www.bestbrokers.com\/wp-content\/uploads\/2024\/08\/admirals-account-opening-img-2.webp\" alt=\"Registrierungsschritte\" width=\"900\" class=\"aligncenter\"><\/p>\n<p>    <img decoding=\"async\" src=\"https:\/\/www.bestbrokers.com\/wp-content\/uploads\/2024\/08\/admirals-account-opening-img-3.webp\" alt=\"Registrierungsschritte\" width=\"900\" class=\"aligncenter\">\n<\/li>\n<li>\n    Nachdem du deine E-Mail-Adresse best\u00e4tigt hast, musst du die Option zur Registrierung eines Live-Kontos ausw\u00e4hlen und angeben, ob du ein Einzelkonto oder ein Firmenkonto er\u00f6ffnen m\u00f6chtest.<\/p>\n<p>    <img decoding=\"async\" src=\"https:\/\/www.bestbrokers.com\/wp-content\/uploads\/2024\/08\/admirals-account-opening-img-4.webp\" alt=\"Registrierungsschritte\" width=\"900\" class=\"aligncenter\"><\/p>\n<p>    <img decoding=\"async\" src=\"https:\/\/www.bestbrokers.com\/wp-content\/uploads\/2024\/08\/admirals-account-opening-img-5.webp\" alt=\"Registrierungsschritte\" width=\"900\" class=\"aligncenter\">\n<\/li>\n<li>\n<p>    F\u00fclle deine pers\u00f6nlichen Daten aus, einschlie\u00dflich deines Bundeslandes\/deiner Region, deiner Wohnstadt sowie deiner aktuellen Wohnadresse.<\/p>\n<p>    <img decoding=\"async\" src=\"https:\/\/www.bestbrokers.com\/wp-content\/uploads\/2024\/08\/admirals-account-opening-img-6.webp\" alt=\"Registrierungsschritte\" width=\"900\" class=\"aligncenter\"><\/p>\n<p>Gib anschlie\u00dfend weitere Informationen zu deiner Staatsb\u00fcrgerschaft und deinem Besch\u00e4ftigungsstatus an, einschlie\u00dflich deiner Branche und deiner aktuellen Position. Akzeptiere die Allgemeinen Gesch\u00e4ftsbedingungen, um zum Schritt der Identit\u00e4tsverifizierung zu gelangen.<\/p>\n<p>    <img decoding=\"async\" src=\"https:\/\/www.bestbrokers.com\/wp-content\/uploads\/2024\/08\/admirals-account-opening-img-7.webp\" alt=\"Registrierungsschritte\" width=\"900\" class=\"aligncenter\">\n    <\/li>\n<li>\n    <strong>KYC-Verifizierung und Eignungstest \u2013 Dauert etwa 10 Minuten<\/strong><\/p>\n<p>    Trader aus Australien k\u00f6nnen ihre Identit\u00e4t verifizieren, indem sie farbige Fotos ihres F\u00fchrerscheins, eines amtlichen Ausweisdokuments oder ihres Reisepasses hochladen.<\/p>\n<p>    <img decoding=\"async\" src=\"https:\/\/www.bestbrokers.com\/wp-content\/uploads\/2024\/08\/admirals-account-opening-img-8.webp\" alt=\"Registrierungsschritte\" width=\"900\" class=\"aligncenter\"><\/p>\n<p>W\u00e4hle das gew\u00fcnschte Dokument aus und lade Kopien der Vorder- und R\u00fcckseite hoch. Alternativ kannst du auch direkt mit der Kamera deines Smartphones ein Foto aufnehmen.<\/p>\n<p>    <img decoding=\"async\" src=\"https:\/\/www.bestbrokers.com\/wp-content\/uploads\/2024\/08\/admirals-account-opening-img-9.webp\" alt=\"Registrierungsschritte\" width=\"900\" class=\"aligncenter\">\n    <\/li>\n<li>\n    Du musst die Identit\u00e4tsverifizierung anschlie\u00dfend auf deinem Smartphone fortsetzen, indem du einen QR-Code scannst oder einen individuellen Link \u00f6ffnest. Alternativ kannst du dir den Link auch per SMS zusenden lassen. Schlie\u00dfe dabei nicht das Desktop-Fenster, \u00fcber das du die Registrierung gestartet hast.<\/p>\n<p>    <img decoding=\"async\" src=\"https:\/\/www.bestbrokers.com\/wp-content\/uploads\/2024\/08\/admirals-account-opening-img-10.webp\" alt=\"Registrierungsschritte\" width=\"900\" class=\"aligncenter\">\n    <\/li>\n<li>\n    Im n\u00e4chsten Schritt musst du mehrere Aufgaben abschlie\u00dfen, darunter das Aufnehmen eines Videos deines Gesichts mit der Kamera deines Smartphones. Dieses Verfahren ist bei vielen streng regulierten Brokern \u00fcblich und dient dazu sicherzustellen, dass neue Nutzer tats\u00e4chlich reale Personen sind. Drehe dein Gesicht langsam von einer Seite zur anderen, sodass beide Seiten gut sichtbar sind.<\/p>\n<p>    <img decoding=\"async\" src=\"https:\/\/www.bestbrokers.com\/wp-content\/uploads\/2024\/08\/admirals-account-opening-img-11.webp\" alt=\"Registrierungsschritte\" width=\"450\" class=\"aligncenter\">\n    <\/li>\n<li>\n    Sobald du das Video hochgeladen und alle Schritte abgeschlossen hast, kannst du zu deinem Desktop zur\u00fcckkehren und einen Adressnachweis hochladen, zum Beispiel eine aktuelle Stromrechnung oder einen Kontoauszug, um die Verifizierung abzuschlie\u00dfen.\n  <\/li>\n<li>\n    Nachdem deine Identit\u00e4t und deine Adresse verifiziert wurden, kannst du dein Konto konfigurieren. W\u00e4hle je nach deinen Vorlieben und pers\u00f6nlichen Anlagezielen einen Kontotyp \u2013 Trade, Invest oder Zero. Zus\u00e4tzlich musst du eine Plattform ausw\u00e4hlen (Trade MT4, Trade MT5, Zero MT4, Zero MT5 oder Invest MT5) und eine Basisw\u00e4hrung festlegen.<\/p>\n<p>    <img decoding=\"async\" src=\"https:\/\/www.bestbrokers.com\/wp-content\/uploads\/2024\/08\/admirals-account-opening-img-12.webp\" alt=\"Registrierungsschritte\" width=\"900\" class=\"aligncenter\">\n    <\/li>\n<li>\n    Da der Handel mit Derivaten unter Einsatz von Hebelwirkung mit hohen Risiken verbunden ist, fordert dich Admirals au\u00dferdem auf, einen kurzen Eignungstest auszuf\u00fcllen, um deine Kenntnisse im CFD-Trading zu \u00fcberpr\u00fcfen. Die Beantwortung dieser Fragen dauert in der Regel nur wenige Minuten, sofern du bereits mit CFDs vertraut bist. Sobald du den Test bestanden hast, musst du lediglich warten, bis Admirals best\u00e4tigt, dass dein Konto erfolgreich verifiziert wurde, bevor du mit dem Trading beginnen kannst.<\/p>\n<p>    <img decoding=\"async\" src=\"https:\/\/www.bestbrokers.com\/wp-content\/uploads\/2024\/08\/admirals-account-opening-img-13.webp\" alt=\"Registrierungsschritte\" width=\"900\" class=\"aligncenter\">\n            <\/li>\n<\/li>\n<\/ol>\n<h2 id=\"conclusion\"><i class=\"ico ico--pen\"><\/i>Fazit<\/h2>\n<p>Ein Tester von Best Brokers ben\u00f6tigte etwa 20 Minuten, um die Kontoer\u00f6ffnung bei Admirals abzuschlie\u00dfen. Alle f\u00fcr die Verifizierung erforderlichen Dokumente wurden im Voraus vorbereitet. Wenn du deine Dokumente nicht direkt griffbereit hast, kann sich dieser Zeitraum auf etwa 30 bis 40 Minuten verl\u00e4ngern. Auch das Ausf\u00fcllen des Eignungstests nimmt etwas Zeit in Anspruch, insbesondere wenn du nur begrenzte Kenntnisse im CFD-Trading hast. Insgesamt waren alle Schritte klar strukturiert und leicht nachzuvollziehen, sodass der Registrierungsprozess f\u00fcr neue Nutzer unter der Regulierung der ASIC vergleichsweise unkompliziert abl\u00e4uft.<\/p>\n","protected":false},"excerpt":{"rendered":"<p>Kontotypen bei Admirals im \u00dcberblick Admirals bietet zwei Trading-Konten f\u00fcr kurzfristige Kursspekulationen \u2013 Trade MT4\/MT5 und Zero MT4\/MT5. Zus\u00e4tzlich stehen Invest MT5-Konten zur Verf\u00fcgung, die jedoch f\u00fcr langfristige Investitionen in Aktien und b\u00f6rsengehandelte Fonds (ETFs) gedacht sind. Nutzer, die eines der Trading-Konten er\u00f6ffnen, k\u00f6nnen einen maximalen Hebel von 1:30 f\u00fcr Hauptw\u00e4hrungspaare sowie 1:20 f\u00fcr Nebenpaare [&hellip;]<\/p>\n","protected":false},"author":3,"featured_media":0,"parent":21128,"menu_order":0,"comment_status":"closed","ping_status":"closed","template":"templates\/review.php","meta":{"footnotes":""},"class_list":["post-59621","page","type-page","status-publish","hentry"],"aioseo_notices":[],"_links":{"self":[{"href":"https:\/\/www.bestbrokers.com\/de\/wp-json\/wp\/v2\/pages\/59621","targetHints":{"allow":["GET"]}}],"collection":[{"href":"https:\/\/www.bestbrokers.com\/de\/wp-json\/wp\/v2\/pages"}],"about":[{"href":"https:\/\/www.bestbrokers.com\/de\/wp-json\/wp\/v2\/types\/page"}],"author":[{"embeddable":true,"href":"https:\/\/www.bestbrokers.com\/de\/wp-json\/wp\/v2\/users\/3"}],"replies":[{"embeddable":true,"href":"https:\/\/www.bestbrokers.com\/de\/wp-json\/wp\/v2\/comments?post=59621"}],"version-history":[{"count":12,"href":"https:\/\/www.bestbrokers.com\/de\/wp-json\/wp\/v2\/pages\/59621\/revisions"}],"predecessor-version":[{"id":82608,"href":"https:\/\/www.bestbrokers.com\/de\/wp-json\/wp\/v2\/pages\/59621\/revisions\/82608"}],"up":[{"embeddable":true,"href":"https:\/\/www.bestbrokers.com\/de\/wp-json\/wp\/v2\/pages\/21128"}],"wp:attachment":[{"href":"https:\/\/www.bestbrokers.com\/de\/wp-json\/wp\/v2\/media?parent=59621"}],"curies":[{"name":"wp","href":"https:\/\/api.w.org\/{rel}","templated":true}]}}