{"id":59622,"date":"2025-03-19T09:36:51","date_gmt":"2025-03-19T09:36:51","guid":{"rendered":"https:\/\/www.bestbrokers.com\/?page_id=59622"},"modified":"2026-03-10T12:32:37","modified_gmt":"2026-03-10T12:32:37","slug":"account-opening","status":"publish","type":"page","link":"https:\/\/www.bestbrokers.com\/de\/reviews\/cmc-markets\/account-opening\/","title":{"rendered":"So er\u00f6ffnen Sie ein Konto bei CMC Markets"},"content":{"rendered":"<div class=\"author-line\">Geschrieben von <span class=\"author\">Zornitsa Stefanova<div class=\"author-sub-box\"><div class=\"author-avatar\"><img decoding=\"async\" src=\"https:\/\/www.bestbrokers.com\/wp-content\/uploads\/2024\/09\/zornica-stefanova.jpeg\" \/><\/div><div class=\"author-info-wrapper\"><div class=\"author-name\"><a href=\"https:\/\/www.bestbrokers.com\/de\/authors\/zornitsa-stefanova\/\">Zornitsa Stefanova<\/a><\/div><div class=\"author-bio\">Zornitsa Stefanova ist eine erfahrene Forex- und Kryptoanalystin. Sie behandelt auch verschiedene finanzielle Themen wie Aktienhandel und Renteninvestitionen.<\/div><\/div><\/div><\/span>,  <a rel=\"nofollow\" target=\"_blank\" href=\"https:\/\/www.linkedin.com\/in\/zornica-stefanova-73ab39287\/\"><img decoding=\"async\" class=\"social-icon\" src=\"https:\/\/www.bestbrokers.com\/wp-content\/themes\/best-brokers\/assets\/images\/icon-linkedin.svg\" data-no-lazy=\"1\"><\/a> <span class=\"sep\">|<\/span> \u00dcbersetzt von <span class=\"author\">Marcus Jungnickel<div class=\"author-sub-box\"><div class=\"author-avatar\"><img decoding=\"async\" src=\"https:\/\/www.bestbrokers.com\/wp-content\/uploads\/2025\/02\/Marcus-Jungnickel-150x150-2.webp\" \/><\/div><div class=\"author-info-wrapper\"><div class=\"author-name\"><a href=\"https:\/\/www.bestbrokers.com\/de\/authors\/marcus-jungnickel\/\">Marcus Jungnickel<\/a><\/div><div class=\"author-bio\">Marcus Jungnickel ist als \u00dcbersetzer und Redakteur auf die Fachgebiete Finanzen und Wirtschaft spezialisiert. Er betreut die deutsche Version von BestBrokers.com.<\/div><\/div><\/div><\/span>, <a rel=\"nofollow\" target=\"_blank\" href=\"https:\/\/www.linkedin.com\/in\/marcus-jungnickel-3545b3154\/\"><img decoding=\"async\" class=\"social-icon\" src=\"https:\/\/www.bestbrokers.com\/wp-content\/themes\/best-brokers\/assets\/images\/icon-linkedin.svg\" data-no-lazy=\"1\"><\/a> <span class=\"sep\">|<\/span> Aktualisiert: <time class=\"entry-date\" datetime=\"2026-03-10T12:32:37+00:00\">M\u00e4rz 10, 2026<\/time><\/div>\n<h2 id=\"brief\"><i class=\"ico ico--assets\"><\/i>Kontotypen bei CMC Markets im \u00dcberblick<\/h2>\n<p>Als Broker mit mehreren regulatorischen Lizenzen in verschiedenen L\u00e4ndern k\u00f6nnen die Kontotypen bei CMC Markets je nach Wohnsitz der Trader variieren. Bei der Kontoer\u00f6ffnung k\u00f6nnen Nutzer bei CMC Markets ein CFD-Trading-Konto oder ein FX Active Konto er\u00f6ffnen. Ersteres dient der Spekulation auf Kursbewegungen bei Forex, Indizes, Rohstoffen und Aktien und bietet enge Spreads sowie kommissionsfreien Handel. Nutzer eines FX Active Kontos profitieren von noch engeren Spreads ab 0,0 Pips bei sechs wichtigen Forex-Paaren sowie von 25 % Spread-Rabatt auf weitere Paare, zahlen daf\u00fcr jedoch feste Kommissionen von 0,0025 %. Im Vereinigten K\u00f6nigreich und in Irland bietet der Broker au\u00dferdem Spread-Betting-Konten an, die es Tradern erm\u00f6glichen, steuerfreie Gewinne zu erzielen.<\/p>\n<p>Die Konten CFD Trading und FX Active sind auch als Demokonto verf\u00fcgbar und erm\u00f6glichen sowohl Netting als auch Hedging. Nutzer k\u00f6nnen au\u00dferdem telefonisch handeln. Zu den Basisw\u00e4hrungen der Konten geh\u00f6ren unter anderem USD, AUD, GBP, EUR, CAD und SGD. FX Active Konten erm\u00f6glichen den Handel \u00fcber MetaTrader 5 sowie die hauseigene NextGen-Plattform. MetaTrader 4 wird f\u00fcr Standard-CFD-Trading-Konten unterst\u00fctzt.<\/p>\n\n\t\t\t\t<div class=\"table\">\n\t\t\t\t\t<table class=\"table table-striped table-bordered\">\n\t\t\t\t\t\t<tr>\n\t\t\t\t\t\t\t<td style=\"width: 250px;\"><strong>Demokonto<\/strong><\/td>\n\t\t\t\t\t\t\t<td><img decoding=\"async\" width=\"24\" height=\"24\" src=\"\/wp-content\/themes\/best-brokers\/assets\/images\/ico-check.svg\" alt=\"Available\" \/><\/td>\n\t\t\t\t\t\t<\/tr>\n\t\t\t\t\t\t<tr>\n\t\t\t\t\t\t\t<td><strong>Islamic Account<\/strong><\/td>\n\t\t\t\t\t\t\t<td><img decoding=\"async\" width=\"24\" height=\"24\" src=\"\/wp-content\/themes\/best-brokers\/assets\/images\/ico-xmark.svg\" alt=\"Not Available\" \/><\/td>\n\t\t\t\t\t\t<\/tr>\n\t\t\t\t\t\t<tr>\n\t\t\t\t\t\t\t<td><strong>ECN-Konto<\/strong><\/td>\n\t\t\t\t\t\t\t<td><img decoding=\"async\" width=\"24\" height=\"24\" src=\"\/wp-content\/themes\/best-brokers\/assets\/images\/ico-xmark.svg\" alt=\"Not Available\" \/><\/td>\n\t\t\t\t\t\t<\/tr>\n\t\t\t\t\t\t<tr>\n\t\t\t\t\t\t\t<td><strong>Pro-Konto<\/strong><\/td>\n\t\t\t\t\t\t\t<td><img decoding=\"async\" width=\"24\" height=\"24\" src=\"\/wp-content\/themes\/best-brokers\/assets\/images\/ico-check.svg\" alt=\"Available\" \/><\/td>\n\t\t\t\t\t\t<\/tr>\n\t\t\t\t\t\t<tr>\n\t\t\t\t\t\t\t<td><strong>MAM Account<\/strong><\/td>\n\t\t\t\t\t\t\t<td><img decoding=\"async\" width=\"24\" height=\"24\" src=\"\/wp-content\/themes\/best-brokers\/assets\/images\/ico-xmark.svg\" alt=\"Not Available\" \/><\/td>\n\t\t\t\t\t\t<\/tr>\n\t\t\t\t\t<\/table>\n\t\t\t\t<\/div>\n\t\t\t\n<h2 id=\"deposit\"><i class=\"ico ico--money-supply\"><\/i>Mindesteinzahlung bei CMC Markets<\/h2>\n<p>F\u00fcr keinen der beiden Kontotypen ist eine Mindesteinzahlung erforderlich. CMC Markets unterst\u00fctzt eine breite Auswahl an Einzahlungsmethoden, darunter Kredit- und Debitkarten, Online-Banking sowie klassische Bank\u00fcberweisungen. Kartenzahlungen k\u00f6nnen in bestimmten L\u00e4ndern (zum Beispiel in Singapur) eine Bearbeitungsgeb\u00fchr von 2 % verursachen, w\u00e4hrend Einzahlungen \u00fcber die anderen unterst\u00fctzten Methoden kostenlos m\u00f6glich sind. Da keine Mindesteinzahlung erforderlich ist, wird der Einstieg in den Handel erleichtert, insbesondere f\u00fcr Anf\u00e4nger und Trader mit kleinerem Kapital.<\/p>\n<h2 id=\"what\"><i class=\"ico ico--question\"><\/i>Welche handelbaren Instrumente gibt es bei CMC Markets?<\/h2>\n<p>CMC Markets bietet Tradern Zugang zu mehr als 12.000 Finanzm\u00e4rkten, die \u00fcber CFDs spekulativ gehandelt werden k\u00f6nnen. Im Forex-Handel stehen \u00fcber 300 W\u00e4hrungspaare zur Auswahl. Dar\u00fcber hinaus kannst du bei CMC Markets auch Aktien, Rohstoffe, Indizes, ETFs, Staatsanleihen, Aktienk\u00f6rbe und Kryptow\u00e4hrungen handeln. Abh\u00e4ngig vom Wohnsitz k\u00f6nnen Trader einen Hebel von bis zu 1:200 (BMA) oder 1:30 (FCA, ASIC) nutzen. In den meisten L\u00e4ndern steht zudem ein Schutz vor negativem Kontostand zur Verf\u00fcgung. F\u00fcr Trader aus dem Vereinigten K\u00f6nigreich und Irland besteht au\u00dferdem die M\u00f6glichkeit, ein Spread-Betting-Konto einzurichten. Der Broker verwahrt Kundengelder auf getrennten Konten bei f\u00fchrenden Banken, wodurch eine missbr\u00e4uchliche Verwendung verhindert wird und sichergestellt ist, dass die Gelder der Nutzer nicht zur Deckung laufender Betriebskosten verwendet werden.<\/p>\n<h2 id=\"steps\"><i class=\"ico ico--account\"><\/i>Konto er\u00f6ffnen bei CMC Markets (BMA) \u2013 Schritt f\u00fcr Schritt in 20 bis 25 Minuten<\/h2>\n<ol class=\"list list--steps\">\n<li>\n<p>\u00d6ffne die Website des Brokers in deinem mobilen oder Desktop-Browser und klicke oben rechts auf den blauen Button \u201eOpen Account\u201c, um das Registrierungsformular zu starten. W\u00e4hle anschlie\u00dfend deine bevorzugte Handelsplattform (MetaTrader oder NextGen).<\/p>\n<p>    <img decoding=\"async\" src=\"https:\/\/www.bestbrokers.com\/wp-content\/uploads\/2024\/08\/cmc-account-opening-img-1.webp\" alt=\"Registration Steps\" width=\"900\" class=\"aligncenter\"><\/p>\n<p>    <img decoding=\"async\" src=\"https:\/\/www.bestbrokers.com\/wp-content\/uploads\/2024\/08\/cmc-account-opening-img-2.webp\" alt=\"Registration Steps\" width=\"900\" class=\"aligncenter\">\n    <\/li>\n<li>\n<p>Ein Dropdown-Men\u00fc \u00f6ffnet sich und fordert dich auf, dein Land auszuw\u00e4hlen, damit die dort verf\u00fcgbaren Kontotypen angezeigt werden. Gib eine g\u00fcltige E-Mail-Adresse an, lege dein gew\u00fcnschtes Passwort fest und w\u00e4hle deinen Kontotyp (CFD Trading oder FX Active).<\/p>\n<p>    <img decoding=\"async\" src=\"https:\/\/www.bestbrokers.com\/wp-content\/uploads\/2024\/08\/cmc-account-opening-img-3.webp\" alt=\"Registration Steps\" width=\"900\" class=\"aligncenter\"><\/p>\n<p>    <img decoding=\"async\" src=\"https:\/\/www.bestbrokers.com\/wp-content\/uploads\/2024\/08\/cmc-account-opening-img-4.webp\" alt=\"Registration Steps\" width=\"900\" class=\"aligncenter\"><\/p>\n<p>    <img decoding=\"async\" src=\"https:\/\/www.bestbrokers.com\/wp-content\/uploads\/2024\/08\/cmc-account-opening-img-5.webp\" alt=\"Registration Steps\" width=\"900\" class=\"aligncenter\">\n    <\/li>\n<li>\n<p>Gib deine pers\u00f6nlichen Daten ein, beginnend mit deiner Anrede, Telefonnummer, deinem Vornamen und Nachnamen. CMC Markets sendet dir anschlie\u00dfend einen einmaligen sechsstelligen Aktivierungscode, den du eingeben musst, um deine E-Mail-Adresse zu best\u00e4tigen und die Registrierung fortzusetzen.<\/p>\n<p>    <img decoding=\"async\" src=\"https:\/\/www.bestbrokers.com\/wp-content\/uploads\/2024\/08\/cmc-account-opening-img-6.webp\" alt=\"Registration Steps\" width=\"900\" class=\"aligncenter\"><br \/>\n    <img decoding=\"async\" src=\"https:\/\/www.bestbrokers.com\/wp-content\/uploads\/2024\/08\/cmc-account-opening-img-7.webp\" alt=\"Registration Steps\" width=\"900\" class=\"aligncenter\"><br \/>\n    <img decoding=\"async\" src=\"https:\/\/www.bestbrokers.com\/wp-content\/uploads\/2024\/08\/cmc-account-opening-img-8.webp\" alt=\"Registration Steps\" width=\"900\" class=\"aligncenter\">\n    <\/li>\n<li>\n<p>Beginne mit der Einrichtung deines Kontos, indem du deine Basisw\u00e4hrung, die handelbaren Produkte sowie den Kontotyp (privat oder Unternehmen) ausw\u00e4hlst.<\/p>\n<p>    <img decoding=\"async\" src=\"https:\/\/www.bestbrokers.com\/wp-content\/uploads\/2024\/08\/cmc-account-opening-img-9.webp\" alt=\"Registration Steps\" width=\"900\" class=\"aligncenter\">\n<\/li>\n<li>\n<p>Gib weitere pers\u00f6nliche Informationen an, darunter deine Staatsangeh\u00f6rigkeit und deinen steuerlichen Wohnsitz. Du musst au\u00dferdem angeben, ob du in den USA ans\u00e4ssig bist oder nicht.<\/p>\n<p>    <img decoding=\"async\" src=\"https:\/\/www.bestbrokers.com\/wp-content\/uploads\/2024\/08\/cmc-account-opening-img-10.webp\" alt=\"Registration Steps\" width=\"900\" class=\"aligncenter\">\n<\/li>\n<li>\n<p>W\u00e4hle deinen aktuellen Besch\u00e4ftigungsstatus aus dem Dropdown-Men\u00fc aus. Au\u00dferdem musst du den Namen des Unternehmens angeben, f\u00fcr das du arbeitest, sowie die Branche und ob du Eigent\u00fcmer, Partner oder Manager bist bzw. warst.<\/p>\n<p>    <img decoding=\"async\" src=\"https:\/\/www.bestbrokers.com\/wp-content\/uploads\/2024\/08\/cmc-account-opening-img-11.webp\" alt=\"Registration Steps\" width=\"900\" class=\"aligncenter\"><br \/>\n    <img decoding=\"async\" src=\"https:\/\/www.bestbrokers.com\/wp-content\/uploads\/2024\/08\/cmc-account-opening-img-12.webp\" alt=\"Registration Steps\" width=\"900\" class=\"aligncenter\">\n<\/li>\n<li>\n<p>CMC Markets fordert dich anschlie\u00dfend auf, deine finanziellen Angaben zu machen, darunter dein durchschnittliches Jahreseinkommen und dein gesamtes Nettoverm\u00f6gen.<\/p>\n<p>    <img decoding=\"async\" src=\"https:\/\/www.bestbrokers.com\/wp-content\/uploads\/2024\/08\/cmc-account-opening-img-13.webp\" alt=\"Registration Steps\" width=\"900\" class=\"aligncenter\">\n<\/li>\n<li>\n<p>Im n\u00e4chsten Schritt bewertet CMC Markets dein Wissen und deine Erfahrung im Derivatehandel. Dazu musst du einen kurzen Fragebogen zu deinen Qualifikationen sowie zu den Instrumenten ausf\u00fcllen, die du in den vergangenen drei Jahren gehandelt hast.<\/p>\n<p>    <img decoding=\"async\" src=\"https:\/\/www.bestbrokers.com\/wp-content\/uploads\/2024\/08\/cmc-account-opening-img-14.webp\" alt=\"Registration Steps\" width=\"900\" class=\"aligncenter\">\n<\/li>\n<li>\n<p>Du musst au\u00dferdem der Zusendung elektronischer Steuerformulare zustimmen (falls zutreffend) und angeben, ob du als privater oder professioneller Trader handelst. Lies dir anschlie\u00dfend die Gesch\u00e4ftsbedingungen und Risikohinweise des Brokers durch. Sende deine Registrierung ab, um mit dem n\u00e4chsten Schritt fortzufahren.<\/p>\n<p>    <img decoding=\"async\" src=\"https:\/\/www.bestbrokers.com\/wp-content\/uploads\/2024\/08\/cmc-account-opening-img-15.webp\" alt=\"Registration Steps\" width=\"900\" class=\"aligncenter\"><\/p>\n<p class=\"text-center\"><i>Zustimmung zum Erhalt elektronischer Steuererkl\u00e4rungen (abh\u00e4ngig vom jeweiligen Land).<\/i><\/p>\n<p>    <img decoding=\"async\" src=\"https:\/\/www.bestbrokers.com\/wp-content\/uploads\/2024\/08\/cmc-account-opening-img-16.webp\" alt=\"Registration Steps\" width=\"900\" class=\"aligncenter\"><\/p>\n<p class=\"text-center\"><i>Angabe, ob du ein Privatanleger bist oder nicht.<\/i><\/p>\n<p>    <img decoding=\"async\" src=\"https:\/\/www.bestbrokers.com\/wp-content\/uploads\/2024\/08\/cmc-account-opening-img-17.webp\" alt=\"Registration Steps\" width=\"900\" class=\"aligncenter\"><\/p>\n<p class=\"text-center\"><i>Risikohinweise<\/i><\/p>\n<p>    <img decoding=\"async\" src=\"https:\/\/www.bestbrokers.com\/wp-content\/uploads\/2024\/08\/cmc-account-opening-img-18.webp\" alt=\"Registration Steps\" width=\"900\" class=\"aligncenter\"><\/p>\n<p class=\"text-center\"><i>Absenden des Kontoantrags.<\/i><\/p>\n<\/li>\n<li>\n    <strong>KYC-Verifizierung \u2013 dauert etwa 10 Minuten<\/strong><\/p>\n<p>Du hast nun die letzte Phase der Kontoer\u00f6ffnung bei CMC Markets erreicht. Der Broker fordert dich auf, deine Identit\u00e4t zu verifizieren, indem du Fotos deiner Ausweisdokumente hochl\u00e4dst. W\u00e4hle zun\u00e4chst dein Land aus, um zu sehen, welche Dokumente in deiner Region akzeptiert werden.<\/p>\n<p>    <img decoding=\"async\" src=\"https:\/\/www.bestbrokers.com\/wp-content\/uploads\/2024\/08\/cmc-account-opening-img-19.webp\" alt=\"Registration Steps\" width=\"900\" class=\"aligncenter\"><\/p>\n<p>W\u00e4hle dein bevorzugtes Dokument aus und lade Fotos der Vorder- und R\u00fcckseite hoch. Achte darauf, dass die Bilder ausreichend klar sind. Das System fordert dich auf, die Fotos erneut hochzuladen, falls die Informationen nicht lesbar sind.<\/p>\n<p>    <img decoding=\"async\" src=\"https:\/\/www.bestbrokers.com\/wp-content\/uploads\/2024\/08\/cmc-account-opening-img-20.webp\" alt=\"Registration Steps\" width=\"900\" class=\"aligncenter\"><\/p>\n<p>Sobald du die Fotos hochgeladen hast, musst du auf deinem mobilen Ger\u00e4t fortfahren. Der Broker fordert dich auf, ein kurzes Video deines Gesichts mit der Kamera deines Smartphones aufzunehmen, um zu best\u00e4tigen, dass es mit den Fotos in deinem Ausweisdokument \u00fcbereinstimmt.<\/p>\n<p>    <img decoding=\"async\" src=\"https:\/\/www.bestbrokers.com\/wp-content\/uploads\/2024\/08\/cmc-account-opening-img-21.webp\" alt=\"Registration Steps\" width=\"900\" class=\"aligncenter\"><\/p>\n<p>Um auf deinem Smartphone fortzufahren, kannst du entweder den von CMC Markets generierten QR-Code scannen oder den individuellen Link in den Browser deines mobilen Ger\u00e4ts kopieren. Wir fanden es einfacher, den Code zu scannen.<\/p>\n<p>    <img decoding=\"async\" src=\"https:\/\/www.bestbrokers.com\/wp-content\/uploads\/2024\/08\/cmc-account-opening-img-22.webp\" alt=\"Registration Steps\" width=\"900\" class=\"aligncenter\"><\/p>\n<p>Anschlie\u00dfend musst du einen Adressnachweis hochladen, zum Beispiel eine aktuelle Stromrechnung oder einen Kontoauszug, damit CMC Markets deine aktuelle Wohnadresse best\u00e4tigen kann. Nachdem du alle KYC-Dokumente eingereicht hast, musst du warten, bis die zust\u00e4ndige Abteilung deinen Antrag manuell pr\u00fcft und dich per E-Mail benachrichtigt.<\/p>\n<\/li>\n<\/ol>\n<h2 id=\"conclusion\"><i class=\"ico ico--pen\"><\/i>Fazit<\/h2>\n<p>Die gesamte Registrierung bei CMC Markets dauerte bei uns etwa 25 Minuten, davon rund 10 Minuten f\u00fcr die Identit\u00e4tsverifizierung. Wir empfehlen dir, alle erforderlichen Dokumente im Voraus bereitzuhalten, um zus\u00e4tzliche Verz\u00f6gerungen bei der Registrierung zu vermeiden. Die Kontoer\u00f6ffnung \u00fcber die von der BMA regulierte Einheit verlief vergleichsweise einfach und intuitiv, ohne nennenswerte Schwierigkeiten. Wir empfehlen dir au\u00dferdem, die Risikohinweise, Datenschutzrichtlinien und Gesch\u00e4ftsbedingungen des Brokers zu lesen, bevor du mit der Registrierung beginnst.<\/p>\n","protected":false},"excerpt":{"rendered":"<p>Kontotypen bei CMC Markets im \u00dcberblick Als Broker mit mehreren regulatorischen Lizenzen in verschiedenen L\u00e4ndern k\u00f6nnen die Kontotypen bei CMC Markets je nach Wohnsitz der Trader variieren. Bei der Kontoer\u00f6ffnung k\u00f6nnen Nutzer bei CMC Markets ein CFD-Trading-Konto oder ein FX Active Konto er\u00f6ffnen. Ersteres dient der Spekulation auf Kursbewegungen bei Forex, Indizes, Rohstoffen und Aktien [&hellip;]<\/p>\n","protected":false},"author":3,"featured_media":0,"parent":21406,"menu_order":0,"comment_status":"closed","ping_status":"closed","template":"templates\/review.php","meta":{"footnotes":""},"class_list":["post-59622","page","type-page","status-publish","hentry"],"aioseo_notices":[],"_links":{"self":[{"href":"https:\/\/www.bestbrokers.com\/de\/wp-json\/wp\/v2\/pages\/59622","targetHints":{"allow":["GET"]}}],"collection":[{"href":"https:\/\/www.bestbrokers.com\/de\/wp-json\/wp\/v2\/pages"}],"about":[{"href":"https:\/\/www.bestbrokers.com\/de\/wp-json\/wp\/v2\/types\/page"}],"author":[{"embeddable":true,"href":"https:\/\/www.bestbrokers.com\/de\/wp-json\/wp\/v2\/users\/3"}],"replies":[{"embeddable":true,"href":"https:\/\/www.bestbrokers.com\/de\/wp-json\/wp\/v2\/comments?post=59622"}],"version-history":[{"count":9,"href":"https:\/\/www.bestbrokers.com\/de\/wp-json\/wp\/v2\/pages\/59622\/revisions"}],"predecessor-version":[{"id":82610,"href":"https:\/\/www.bestbrokers.com\/de\/wp-json\/wp\/v2\/pages\/59622\/revisions\/82610"}],"up":[{"embeddable":true,"href":"https:\/\/www.bestbrokers.com\/de\/wp-json\/wp\/v2\/pages\/21406"}],"wp:attachment":[{"href":"https:\/\/www.bestbrokers.com\/de\/wp-json\/wp\/v2\/media?parent=59622"}],"curies":[{"name":"wp","href":"https:\/\/api.w.org\/{rel}","templated":true}]}}