{"id":59623,"date":"2025-03-19T09:36:51","date_gmt":"2025-03-19T09:36:51","guid":{"rendered":"https:\/\/www.bestbrokers.com\/?page_id=59623"},"modified":"2026-03-10T12:40:00","modified_gmt":"2026-03-10T12:40:00","slug":"account-opening","status":"publish","type":"page","link":"https:\/\/www.bestbrokers.com\/de\/reviews\/xtb\/account-opening\/","title":{"rendered":"So er\u00f6ffnen Sie ein Konto bei XTB"},"content":{"rendered":"<div class=\"author-line\">Geschrieben von <span class=\"author\">Zornitsa Stefanova<div class=\"author-sub-box\"><div class=\"author-avatar\"><img decoding=\"async\" src=\"https:\/\/www.bestbrokers.com\/wp-content\/uploads\/2024\/09\/zornica-stefanova.jpeg\" \/><\/div><div class=\"author-info-wrapper\"><div class=\"author-name\"><a href=\"https:\/\/www.bestbrokers.com\/de\/authors\/zornitsa-stefanova\/\">Zornitsa Stefanova<\/a><\/div><div class=\"author-bio\">Zornitsa Stefanova ist eine erfahrene Forex- und Kryptoanalystin. Sie behandelt auch verschiedene finanzielle Themen wie Aktienhandel und Renteninvestitionen.<\/div><\/div><\/div><\/span>,  <a rel=\"nofollow\" target=\"_blank\" href=\"https:\/\/www.linkedin.com\/in\/zornica-stefanova-73ab39287\/\"><img decoding=\"async\" class=\"social-icon\" src=\"https:\/\/www.bestbrokers.com\/wp-content\/themes\/best-brokers\/assets\/images\/icon-linkedin.svg\" data-no-lazy=\"1\"><\/a> <span class=\"sep\">|<\/span> \u00dcbersetzt von <span class=\"author\">Marcus Jungnickel<div class=\"author-sub-box\"><div class=\"author-avatar\"><img decoding=\"async\" src=\"https:\/\/www.bestbrokers.com\/wp-content\/uploads\/2025\/02\/Marcus-Jungnickel-150x150-2.webp\" \/><\/div><div class=\"author-info-wrapper\"><div class=\"author-name\"><a href=\"https:\/\/www.bestbrokers.com\/de\/authors\/marcus-jungnickel\/\">Marcus Jungnickel<\/a><\/div><div class=\"author-bio\">Marcus Jungnickel ist als \u00dcbersetzer und Redakteur auf die Fachgebiete Finanzen und Wirtschaft spezialisiert. Er betreut die deutsche Version von BestBrokers.com.<\/div><\/div><\/div><\/span>, <a rel=\"nofollow\" target=\"_blank\" href=\"https:\/\/www.linkedin.com\/in\/marcus-jungnickel-3545b3154\/\"><img decoding=\"async\" class=\"social-icon\" src=\"https:\/\/www.bestbrokers.com\/wp-content\/themes\/best-brokers\/assets\/images\/icon-linkedin.svg\" data-no-lazy=\"1\"><\/a> <span class=\"sep\">|<\/span> Aktualisiert: <time class=\"entry-date\" datetime=\"2026-03-10T12:40:00+00:00\">M\u00e4rz 10, 2026<\/time><\/div>\n<h2 id=\"brief\"><i class=\"ico ico--assets\"><\/i>Kontotypen bei XTB im \u00dcberblick<\/h2>\n<p>In Europa bietet XTB ein zentrales Konto f\u00fcr Trader an, das den kommissionsfreien Handel mit Differenzkontrakten erm\u00f6glicht. Die Er\u00f6ffnung und F\u00fchrung eines Live-Kontos ist f\u00fcr aktive Trader kostenlos, und die minimale Transaktionsgr\u00f6\u00dfe betr\u00e4gt 0,01 Lots. Mit Live-Konten kannst du auf Desktop-, Mobil- und Tablet-Ger\u00e4ten handeln.<\/p>\n<p>  Transaktionen werden bei der CySEC-regulierten Einheit in Euro abgewickelt, jedoch stehen Nutzern au\u00dferhalb der EU zus\u00e4tzliche Kontow\u00e4hrungen zur Verf\u00fcgung. Positiv ist, dass der Broker keine Geb\u00fchren f\u00fcr Einzahlungen berechnet. Potenzielle Nutzer sollten jedoch beachten, dass bei inaktiven Konten nach einem Jahr ohne Aktivit\u00e4t eine monatliche Geb\u00fchr von 10 \u20ac anf\u00e4llt.<\/p>\n\n\t\t\t\t<div class=\"table\">\n\t\t\t\t\t<table class=\"table table-striped table-bordered\">\n\t\t\t\t\t\t<tr>\n\t\t\t\t\t\t\t<td style=\"width: 250px;\"><strong>Demokonto<\/strong><\/td>\n\t\t\t\t\t\t\t<td><img decoding=\"async\" width=\"24\" height=\"24\" src=\"\/wp-content\/themes\/best-brokers\/assets\/images\/ico-check.svg\" alt=\"Available\" \/><\/td>\n\t\t\t\t\t\t<\/tr>\n\t\t\t\t\t\t<tr>\n\t\t\t\t\t\t\t<td><strong>Islamic Account<\/strong><\/td>\n\t\t\t\t\t\t\t<td><img decoding=\"async\" width=\"24\" height=\"24\" src=\"\/wp-content\/themes\/best-brokers\/assets\/images\/ico-check.svg\" alt=\"Available\" \/><\/td>\n\t\t\t\t\t\t<\/tr>\n\t\t\t\t\t\t<tr>\n\t\t\t\t\t\t\t<td><strong>ECN-Konto<\/strong><\/td>\n\t\t\t\t\t\t\t<td><img decoding=\"async\" width=\"24\" height=\"24\" src=\"\/wp-content\/themes\/best-brokers\/assets\/images\/ico-xmark.svg\" alt=\"Not Available\" \/><\/td>\n\t\t\t\t\t\t<\/tr>\n\t\t\t\t\t\t<tr>\n\t\t\t\t\t\t\t<td><strong>Pro-Konto<\/strong><\/td>\n\t\t\t\t\t\t\t<td><img decoding=\"async\" width=\"24\" height=\"24\" src=\"\/wp-content\/themes\/best-brokers\/assets\/images\/ico-check.svg\" alt=\"Available\" \/><\/td>\n\t\t\t\t\t\t<\/tr>\n\t\t\t\t\t\t<tr>\n\t\t\t\t\t\t\t<td><strong>MAM Account<\/strong><\/td>\n\t\t\t\t\t\t\t<td><img decoding=\"async\" width=\"24\" height=\"24\" src=\"\/wp-content\/themes\/best-brokers\/assets\/images\/ico-xmark.svg\" alt=\"Not Available\" \/><\/td>\n\t\t\t\t\t\t<\/tr>\n\t\t\t\t\t<\/table>\n\t\t\t\t<\/div>\n\t\t\t\n<h2 id=\"deposit\"><i class=\"ico ico--money-supply\"><\/i>Mindesteinzahlung bei XTB<\/h2>\n<p>Neue Nutzer k\u00f6nnen ihr Live-Konto mit einem beliebigen Betrag aufladen, da XTB keine Mindesteinzahlung verlangt. Einzahlungen sind kostenlos, Auszahlungen unter 100 \u20ac verursachen jedoch zus\u00e4tzliche Bearbeitungsgeb\u00fchren von 10 \u20ac. Der Broker verwahrt Kundengelder auf getrennten Konten gem\u00e4\u00df den regulatorischen Vorgaben der CySEC. Es stehen verschiedene sofort verf\u00fcgbare Einzahlungsoptionen zur Verf\u00fcgung, darunter Visa, Mastercard, Maestro, Skrill, PayPal, PayU und Ecommpay. F\u00fcr zus\u00e4tzliche W\u00e4hrungsumrechnungen fallen keine Kosten an.<\/p>\n<h2 id=\"what\"><i class=\"ico ico--question\"><\/i>Welche handelbaren Instrumente gibt es bei XTB?<\/h2>\n<p>Mit einem Live-Konto bei XTB kannst du mit Hebel auf die Kursbewegungen von \u00fcber 2.000 M\u00e4rkten handeln, darunter mehr als 70 W\u00e4hrungspaare mit Spreads ab 0,8 Pips. F\u00fcr Trader ist der Hebel im Forex-Handel auf 1:30 begrenzt. Der Broker stellt allen Privatanlegern einen Schutz vor negativem Kontostand zur Verf\u00fcgung, sodass dein Konto nicht ins Minus rutschen kann. Au\u00dferdem kannst du bei XTB Indizes, Rohstoffe, Aktien, Kryptow\u00e4hrungen und ETFs handeln. Der Broker f\u00fchrt Orders \u00fcber die propriet\u00e4re Plattform xStation 5 aus. Nach unseren Informationen wird MT4 f\u00fcr Demo-Konten unterst\u00fctzt.<\/p>\n<h2 id=\"steps\"><i class=\"ico ico--account\"><\/i>Konto er\u00f6ffnen bei XTB \u2013 Schritt f\u00fcr Schritt in 20 bis 25 Minuten<\/h2>\n<ol class=\"list list--steps\">\n<li>\n<p>\u00d6ffne www.xtb.com\/cy in deinem mobilen oder Desktop-Browser und klicke auf den gr\u00fcnen Button \u201eKonto er\u00f6ffnen\u201c oben rechts auf der Startseite.<\/p>\n<p>    <img decoding=\"async\" src=\"https:\/\/www.bestbrokers.com\/wp-content\/uploads\/2024\/08\/xtb-account-opening-img-1.webp\" alt=\"Registration Steps\" width=\"900\" class=\"aligncenter\">\n<\/li>\n<li>\n<p>Gib deine E-Mail-Adresse ein, w\u00e4hle deinen Wohnsitz aus dem Dropdown-Men\u00fc aus und setze die H\u00e4kchen unten, um die allgemeinen Gesch\u00e4ftsbedingungen zu akzeptieren. W\u00e4hle au\u00dferdem ein sicheres Passwort f\u00fcr den Zugriff auf dein Live-Konto.<\/p>\n<p>    <img decoding=\"async\" src=\"https:\/\/www.bestbrokers.com\/wp-content\/uploads\/2024\/08\/xtb-account-opening-img-2.webp\" alt=\"Registration Steps\" width=\"900\" class=\"aligncenter\">\n<\/li>\n<li>\n<p><strong>F\u00fclle deine pers\u00f6nlichen Daten<\/strong> im Registrierungsformular aus, einschlie\u00dflich Anrede, Name, Geburtsort und Geburtsdatum.<\/p>\n<p>    <img decoding=\"async\" src=\"https:\/\/www.bestbrokers.com\/wp-content\/uploads\/2024\/08\/xtb-account-opening-img-3-1.webp\" alt=\"Registration Steps\" width=\"450\" class=\"aligncenter\"><\/p>\n<p>Au\u00dferdem musst du deine Staatsangeh\u00f6rigkeit angeben und deine nationale Identifikationsnummer eintragen. Setze die entsprechenden H\u00e4kchen unten, um zu best\u00e4tigen, dass du kein US-Staatsb\u00fcrger bist und der rechtm\u00e4\u00dfige Eigent\u00fcmer der auf dein Konto eingezahlten Gelder bist.<\/p>\n<p>    <img decoding=\"async\" src=\"https:\/\/www.bestbrokers.com\/wp-content\/uploads\/2024\/08\/xtb-account-opening-img-4-1.webp\" alt=\"Registration Steps\" width=\"450\" class=\"aligncenter\"><\/p>\n<p>Gib deine aktuelle Wohnadresse ein, einschlie\u00dflich Stra\u00dfenname, Haus- und Wohnungsnummer, Postleitzahl und Stadt.<\/p>\n<p>    <img decoding=\"async\" src=\"https:\/\/www.bestbrokers.com\/wp-content\/uploads\/2024\/08\/xtb-account-opening-img-5-1.webp\" alt=\"Registration Steps\" width=\"450\" class=\"aligncenter\"><\/p>\n<p>W\u00e4hle deine bevorzugte Sprache und gib einen Promo-Code ein, falls du einen verwenden m\u00f6chtest.<\/p>\n<p>    <img decoding=\"async\" src=\"https:\/\/www.bestbrokers.com\/wp-content\/uploads\/2024\/08\/xtb-account-opening-img-6-1.webp\" alt=\"Registration Steps\" width=\"450\" class=\"aligncenter\">\n<\/li>\n<li>\n<p><strong>Jetzt folgt der XTB Eignungstest f\u00fcr Trader<\/strong>, mit dem gepr\u00fcft wird, ob du \u00fcber ausreichende Kenntnisse und Erfahrung verf\u00fcgst, um risikoreiche Instrumente mit Hebel zu handeln. Dabei wirst du gefragt, wie h\u00e4ufig du bereits Aktien, Anleihen, Futures, Optionen, Swaps und \u00e4hnliche Instrumente gehandelt hast.<\/p>\n<p>    <img decoding=\"async\" src=\"https:\/\/www.bestbrokers.com\/wp-content\/uploads\/2024\/08\/xtb-account-opening-img-7-1.webp\" alt=\"Registration Steps\" width=\"450\" class=\"aligncenter\"><\/p>\n<p>Au\u00dferdem musst du dein durchschnittliches j\u00e4hrliches Handelsvolumen sowie die durchschnittlichen Hebel angeben, die du bisher genutzt hast. Zus\u00e4tzlich gibst du Informationen zur durchschnittlichen Positionsgr\u00f6\u00dfe an, die du bei XTB verwenden m\u00f6chtest, sowie zu deinem Bildungsstand oder deinen Qualifikationen im Bereich der Finanzm\u00e4rkte.<\/p>\n<p>    <img decoding=\"async\" src=\"https:\/\/www.bestbrokers.com\/wp-content\/uploads\/2024\/08\/xtb-account-opening-img-8-1.webp\" alt=\"Registration Steps\" width=\"450\" class=\"aligncenter\"><\/p>\n<p>Anschlie\u00dfend musst du <strong>einen kurzen Fragebogen ausf\u00fcllen<\/strong>, damit XTB deine Kenntnisse im Umgang mit gehebelten Derivaten einsch\u00e4tzen kann. Wenn du bereits Erfahrung mit dem CFD-Handel hast, solltest du diese Fragen problemlos beantworten k\u00f6nnen.<\/p>\n<p>    <img decoding=\"async\" src=\"https:\/\/www.bestbrokers.com\/wp-content\/uploads\/2024\/08\/xtb-account-opening-img-9-1.webp\" alt=\"Registration Steps\" width=\"450\" class=\"aligncenter\">\n<\/li>\n<li>\n<p>Nun folgt eine <strong>finanzielle Einsch\u00e4tzung<\/strong>. XTB fragt dich au\u00dferdem nach deinen Anlagezielen, deinen Ersparnissen sowie deinem j\u00e4hrlich verf\u00fcgbaren Einkommen.<\/p>\n<p>    <img decoding=\"async\" src=\"https:\/\/www.bestbrokers.com\/wp-content\/uploads\/2024\/08\/xtb-account-opening-img-10-1.webp\" alt=\"Registration Steps\" width=\"450\" class=\"aligncenter\">\n<\/li>\n<li>\n<p>Setze die H\u00e4kchen, um den Nutzungsbedingungen zuzustimmen und zu best\u00e4tigen, dass du die Risikoaufkl\u00e4rung des Brokers gelesen hast. Au\u00dferdem musst du angeben, ob du eine politisch exponierte Person (PEP) bist, die m\u00f6glicherweise einem erh\u00f6hten Risiko f\u00fcr Korruption oder Bestechung ausgesetzt ist. Falls dies zutrifft, musst du ein spezielles PEP-Erkl\u00e4rungsformular ausf\u00fcllen.<\/p>\n<p>    <img decoding=\"async\" src=\"https:\/\/www.bestbrokers.com\/wp-content\/uploads\/2024\/08\/xtb-account-opening-img-11-1.webp\" alt=\"Registration Steps\" width=\"450\" class=\"aligncenter\"><\/p>\n<p>Dein neues Live-Konto wurde erstellt und du kannst nun mit der KYC-Verifizierung fortfahren.<\/p>\n<p>    <img decoding=\"async\" src=\"https:\/\/www.bestbrokers.com\/wp-content\/uploads\/2024\/08\/xtb-account-opening-img-12-1.webp\" alt=\"Registration Steps\" width=\"450\" class=\"aligncenter\">\n<\/li>\n<li>\n<p><strong>KYC-Verifizierung des XTB Kontos \u2013 dauert im Durchschnitt 5 bis 10 Minuten<\/strong><\/p>\n<p>Klicke auf den gr\u00fcnen Button, um auf dein neues Live-Konto zuzugreifen, und w\u00e4hle anschlie\u00dfend \u201eKonto verifizieren\u201c in der unteren linken Ecke des Bildschirms aus.<\/p>\n<p>    <img decoding=\"async\" src=\"https:\/\/www.bestbrokers.com\/wp-content\/uploads\/2024\/08\/xtb-account-opening-img-13.webp\" alt=\"Registration Steps\" width=\"900\" class=\"aligncenter\">\n<\/li>\n<li>\n<p>Lade Fotos deines bevorzugten Ausweisdokuments (Reisepass oder Personalausweis) in einem unterst\u00fctzten Format (jpg, png oder pdf) hoch. Die Gr\u00f6\u00dfe deiner Dateien darf 12 MB nicht \u00fcberschreiten. XTB akzeptiert Fotos, Scans und Screenshots, solange alle Informationen gut lesbar sind. Auch das Ausstellungsdatum und das Ablaufdatum m\u00fcssen sichtbar sein.<\/p>\n<p>    <img decoding=\"async\" src=\"https:\/\/www.bestbrokers.com\/wp-content\/uploads\/2024\/08\/xtb-account-opening-img-14.webp\" alt=\"Registration Steps\" width=\"900\" class=\"aligncenter\">\n<\/li>\n<li>\n<p>Du bist fast fertig, da du nur noch ein Dokument hochladen musst, um deine aktuelle Wohnadresse zu best\u00e4tigen. XTB akzeptiert hierf\u00fcr eine Vielzahl von Dokumenten, darunter Rechnungen von Versorgungsunternehmen, Kontoausz\u00fcge, Bankbest\u00e4tigungen, Wohnsitzbescheinigungen, Bescheide \u00fcber kommunale Geb\u00fchren, Steuerbescheinigungen sowie Bescheinigungen von Rentenversicherungstr\u00e4gern.<\/p>\n<p>    <img decoding=\"async\" src=\"https:\/\/www.bestbrokers.com\/wp-content\/uploads\/2024\/08\/xtb-account-opening-img-15.webp\" alt=\"Registration Steps\" width=\"900\" class=\"aligncenter\">\n<\/li>\n<li>\n<p>Herzlichen Gl\u00fcckwunsch, du hast dein XTB Trading-Konto erfolgreich erstellt. Nun musst du warten, bis der Broker deine Verifizierungsdokumente manuell gepr\u00fcft und freigegeben hat, bevor du eine Einzahlung vornehmen und Orders platzieren kannst. In unserem Test wurden die Dokumente innerhalb weniger Stunden best\u00e4tigt, allerdings h\u00e4ngt dies von der aktuellen Auslastung des Teams ab. Das XTB-Team informiert dich per E-Mail \u00fcber das Ergebnis der Verifizierung.<\/p>\n<p>    <img decoding=\"async\" src=\"https:\/\/www.bestbrokers.com\/wp-content\/uploads\/2024\/08\/xtb-account-opening-img-15.webp\" alt=\"Registration Steps\" width=\"900\" class=\"aligncenter\">\n<\/li>\n<\/ol>\n<h2 id=\"conclusion\"><i class=\"ico ico--pen\"><\/i>Fazit<\/h2>\n<p>Die Registrierung \u00fcber die CySEC-regulierte Einheit verl\u00e4uft vergleichsweise unkompliziert, insbesondere wenn du alle erforderlichen Dokumente griffbereit hast. Der gesamte Prozess l\u00e4sst sich auf deinem Desktop-Computer oder Smartphone in etwa 20 Minuten abschlie\u00dfen, vorausgesetzt du kannst die Fragen zur Eignungspr\u00fcfung z\u00fcgig beantworten. Auch die Pr\u00fcfung der Verifizierungsdokumente erfolgt bei XTB relativ schnell, sodass neue Nutzer h\u00e4ufig bereits innerhalb weniger Stunden mit dem Trading beginnen k\u00f6nnen.<\/p>\n","protected":false},"excerpt":{"rendered":"<p>Kontotypen bei XTB im \u00dcberblick In Europa bietet XTB ein zentrales Konto f\u00fcr Trader an, das den kommissionsfreien Handel mit Differenzkontrakten erm\u00f6glicht. Die Er\u00f6ffnung und F\u00fchrung eines Live-Kontos ist f\u00fcr aktive Trader kostenlos, und die minimale Transaktionsgr\u00f6\u00dfe betr\u00e4gt 0,01 Lots. Mit Live-Konten kannst du auf Desktop-, Mobil- und Tablet-Ger\u00e4ten handeln. Transaktionen werden bei der CySEC-regulierten [&hellip;]<\/p>\n","protected":false},"author":3,"featured_media":0,"parent":21149,"menu_order":0,"comment_status":"closed","ping_status":"closed","template":"templates\/review.php","meta":{"footnotes":""},"class_list":["post-59623","page","type-page","status-publish","hentry"],"aioseo_notices":[],"_links":{"self":[{"href":"https:\/\/www.bestbrokers.com\/de\/wp-json\/wp\/v2\/pages\/59623","targetHints":{"allow":["GET"]}}],"collection":[{"href":"https:\/\/www.bestbrokers.com\/de\/wp-json\/wp\/v2\/pages"}],"about":[{"href":"https:\/\/www.bestbrokers.com\/de\/wp-json\/wp\/v2\/types\/page"}],"author":[{"embeddable":true,"href":"https:\/\/www.bestbrokers.com\/de\/wp-json\/wp\/v2\/users\/3"}],"replies":[{"embeddable":true,"href":"https:\/\/www.bestbrokers.com\/de\/wp-json\/wp\/v2\/comments?post=59623"}],"version-history":[{"count":8,"href":"https:\/\/www.bestbrokers.com\/de\/wp-json\/wp\/v2\/pages\/59623\/revisions"}],"predecessor-version":[{"id":82611,"href":"https:\/\/www.bestbrokers.com\/de\/wp-json\/wp\/v2\/pages\/59623\/revisions\/82611"}],"up":[{"embeddable":true,"href":"https:\/\/www.bestbrokers.com\/de\/wp-json\/wp\/v2\/pages\/21149"}],"wp:attachment":[{"href":"https:\/\/www.bestbrokers.com\/de\/wp-json\/wp\/v2\/media?parent=59623"}],"curies":[{"name":"wp","href":"https:\/\/api.w.org\/{rel}","templated":true}]}}