{"id":59624,"date":"2025-03-19T09:36:52","date_gmt":"2025-03-19T09:36:52","guid":{"rendered":"https:\/\/www.bestbrokers.com\/?page_id=59624"},"modified":"2026-03-10T13:26:40","modified_gmt":"2026-03-10T13:26:40","slug":"account-opening","status":"publish","type":"page","link":"https:\/\/www.bestbrokers.com\/de\/reviews\/vantage-fx\/account-opening\/","title":{"rendered":"So er\u00f6ffnen Sie ein Konto bei Vantage"},"content":{"rendered":"<div class=\"author-line\">Geschrieben von <span class=\"author\">Zornitsa Stefanova<div class=\"author-sub-box\"><div class=\"author-avatar\"><img decoding=\"async\" src=\"https:\/\/www.bestbrokers.com\/wp-content\/uploads\/2024\/09\/zornica-stefanova.jpeg\" \/><\/div><div class=\"author-info-wrapper\"><div class=\"author-name\"><a href=\"https:\/\/www.bestbrokers.com\/de\/authors\/zornitsa-stefanova\/\">Zornitsa Stefanova<\/a><\/div><div class=\"author-bio\">Zornitsa Stefanova ist eine erfahrene Forex- und Kryptoanalystin. Sie behandelt auch verschiedene finanzielle Themen wie Aktienhandel und Renteninvestitionen.<\/div><\/div><\/div><\/span>,  <a rel=\"nofollow\" target=\"_blank\" href=\"https:\/\/www.linkedin.com\/in\/zornica-stefanova-73ab39287\/\"><img decoding=\"async\" class=\"social-icon\" src=\"https:\/\/www.bestbrokers.com\/wp-content\/themes\/best-brokers\/assets\/images\/icon-linkedin.svg\" data-no-lazy=\"1\"><\/a> <span class=\"sep\">|<\/span> \u00dcbersetzt von <span class=\"author\">Marcus Jungnickel<div class=\"author-sub-box\"><div class=\"author-avatar\"><img decoding=\"async\" src=\"https:\/\/www.bestbrokers.com\/wp-content\/uploads\/2025\/02\/Marcus-Jungnickel-150x150-2.webp\" \/><\/div><div class=\"author-info-wrapper\"><div class=\"author-name\"><a href=\"https:\/\/www.bestbrokers.com\/de\/authors\/marcus-jungnickel\/\">Marcus Jungnickel<\/a><\/div><div class=\"author-bio\">Marcus Jungnickel ist als \u00dcbersetzer und Redakteur auf die Fachgebiete Finanzen und Wirtschaft spezialisiert. Er betreut die deutsche Version von BestBrokers.com.<\/div><\/div><\/div><\/span>, <a rel=\"nofollow\" target=\"_blank\" href=\"https:\/\/www.linkedin.com\/in\/marcus-jungnickel-3545b3154\/\"><img decoding=\"async\" class=\"social-icon\" src=\"https:\/\/www.bestbrokers.com\/wp-content\/themes\/best-brokers\/assets\/images\/icon-linkedin.svg\" data-no-lazy=\"1\"><\/a> <span class=\"sep\">|<\/span> Aktualisiert: <time class=\"entry-date\" datetime=\"2026-03-10T13:26:40+00:00\">M\u00e4rz 10, 2026<\/time><\/div>\n<h2 id=\"brief\"><i class=\"ico ico--assets\"><\/i>Kontotypen bei Vantage im \u00dcberblick<\/h2>\n<p>Die Offshore-Einheit von Vantage unterst\u00fctzt vier Hauptkontotypen und richtet sich damit an Trader aller Erfahrungsstufen. <strong>Standard STP<\/strong>-Konten sind f\u00fcr Anf\u00e4nger konzipiert, die kommissionsfreies Trading und direkten Marktzugang suchen, mit Spreads ab 1,1 Pips. Nutzer, die auf Rohspreads bestehen, k\u00f6nnen <strong>Raw ECN<\/strong>-Konten er\u00f6ffnen, die niedrigere Mindestspreads ab 0,0 Pips sowie feste Kommissionen von 6 USD pro Standard-Lot pro Round Turn bieten.<\/p>\n<p><strong>Pro ECN<\/strong>-Konten sind eine geeignete Option f\u00fcr erfahrene Trader, die in professioneller Funktion handeln. Auch dieser Kontotyp bietet Spreads ab 0,0 Pips, jedoch mit niedrigeren Round-Turn-Kommissionen von 3 USD pro Standard-Lot. Vantage stellt au\u00dferdem <strong>swap-freie Konten<\/strong> f\u00fcr islamische Nutzer bereit. Alle verf\u00fcgbaren Kontotypen erfordern Mindestpositionen von 0,01 Lots und unterst\u00fctzen 10 Fiat-Basisw\u00e4hrungen, darunter EUR, GBP, USD, AUD, JPY, CAD und PLN.<\/p>\n<p>Das Er\u00f6ffnen eines Demo-Kontos ist bei Vantage ebenfalls m\u00f6glich und erm\u00f6glicht es Tradern, in weniger als 30 Sekunden mit dem Demo-Trading zu beginnen. Dir stehen 100.000 USD an virtuellem Guthaben zur Verf\u00fcgung, um Strategien risikofrei zu testen.<\/p>\n\n\t\t\t\t<div class=\"table\">\n\t\t\t\t\t<table class=\"table table-striped table-bordered\">\n\t\t\t\t\t\t<tr>\n\t\t\t\t\t\t\t<td style=\"width: 250px;\"><strong>Demokonto<\/strong><\/td>\n\t\t\t\t\t\t\t<td><img decoding=\"async\" width=\"24\" height=\"24\" src=\"\/wp-content\/themes\/best-brokers\/assets\/images\/ico-check.svg\" alt=\"Available\" \/><\/td>\n\t\t\t\t\t\t<\/tr>\n\t\t\t\t\t\t<tr>\n\t\t\t\t\t\t\t<td><strong>Islamic Account<\/strong><\/td>\n\t\t\t\t\t\t\t<td><img decoding=\"async\" width=\"24\" height=\"24\" src=\"\/wp-content\/themes\/best-brokers\/assets\/images\/ico-check.svg\" alt=\"Available\" \/><\/td>\n\t\t\t\t\t\t<\/tr>\n\t\t\t\t\t\t<tr>\n\t\t\t\t\t\t\t<td><strong>ECN-Konto<\/strong><\/td>\n\t\t\t\t\t\t\t<td><img decoding=\"async\" width=\"24\" height=\"24\" src=\"\/wp-content\/themes\/best-brokers\/assets\/images\/ico-check.svg\" alt=\"Available\" \/><\/td>\n\t\t\t\t\t\t<\/tr>\n\t\t\t\t\t\t<tr>\n\t\t\t\t\t\t\t<td><strong>Pro-Konto<\/strong><\/td>\n\t\t\t\t\t\t\t<td><img decoding=\"async\" width=\"24\" height=\"24\" src=\"\/wp-content\/themes\/best-brokers\/assets\/images\/ico-check.svg\" alt=\"Available\" \/><\/td>\n\t\t\t\t\t\t<\/tr>\n\t\t\t\t\t\t<tr>\n\t\t\t\t\t\t\t<td><strong>MAM Account<\/strong><\/td>\n\t\t\t\t\t\t\t<td><img decoding=\"async\" width=\"24\" height=\"24\" src=\"\/wp-content\/themes\/best-brokers\/assets\/images\/ico-check.svg\" alt=\"Available\" \/><\/td>\n\t\t\t\t\t\t<\/tr>\n\t\t\t\t\t<\/table>\n\t\t\t\t<\/div>\n\t\t\t\n<h2 id=\"deposit\"><i class=\"ico ico--money-supply\"><\/i>Mindesteinzahlung bei Vantage<\/h2>\n<p>Die Mindesteinzahlung f\u00fcr Standard-STP-, Raw-ECN- und swap-freie Konten betr\u00e4gt 50 USD und liegt damit im Branchendurchschnitt. Trader mit hohem Handelsvolumen, die Pro-ECN-Konten nutzen, m\u00fcssen mindestens 10.000 USD auf ihr Live-Konto einzahlen. Vantage akzeptiert verschiedene Zahlungsmethoden, darunter Bank\u00fcberweisungen, Karten, Kryptow\u00e4hrungen sowie digitale Wallets wie PayPal, Skrill, Neteller, Perfect Money, Sticpay und AstroPay.<\/p>\n<p>F\u00fcr Ein- und Auszahlungen fallen keine zus\u00e4tzlichen Geb\u00fchren an. Einzahlungen erfolgen bei den meisten unterst\u00fctzten Methoden sofort, mit Ausnahme von Bank\u00fcberweisungen und Broker-zu-Broker-Transfers, die bis zu 24 Stunden bzw. 3 bis 5 Werktage dauern k\u00f6nnen. Auszahlungen ben\u00f6tigen je nach Zahlungsmethode 1 bis 5 Werktage.<\/p>\n<h2 id=\"what\"><i class=\"ico ico--question\"><\/i>Welche handelbaren Instrumente gibt es bei Vantage?<\/h2>\n<p>Mit einem Live-Konto erh\u00e4ltst du Zugang zu mehr als 1.000 Finanzm\u00e4rkten, darunter \u00fcber 40 W\u00e4hrungspaare, Indizes, Rohstoffe und Aktien. Nutzer k\u00f6nnen ihre Konten mit MT4 oder MT5 verbinden. Auch TradingView und ProTrader stehen als Handelsplattformen zur Verf\u00fcgung. Der maximale Hebel ist f\u00fcr Trader aus dem Vereinigten K\u00f6nigreich und Australien auf 1:30 begrenzt. Nutzer, die \u00fcber die Offshore-lizenzierte Einheit registriert sind, k\u00f6nnen einen Hebel von bis zu 1:500 nutzen. Die Positionsgr\u00f6\u00dfe reicht von 0,01 bis 100 Lots. Copy Trading ist \u00fcber die Vantage-App verf\u00fcgbar.<\/p>\n<h2 id=\"steps\"><i class=\"ico ico--account\"><\/i>Konto er\u00f6ffnen bei Vantage \u2013 Schritt f\u00fcr Schritt in 20 bis 25 Minuten<\/h2>\n<ol class=\"list list--steps\">\n<li>\n<p>Gehe auf die offizielle Website von Vantage und klicke oder tippe auf den orangefarbenen \u201eRegister\u201c-Schaltfl\u00e4che oben rechts auf deinem Desktop- oder Mobilbildschirm.<\/p>\n<p>    <img decoding=\"async\" src=\"https:\/\/www.bestbrokers.com\/wp-content\/uploads\/2024\/08\/vantage-account-opening-1.webp\" alt=\"Registration Steps\" width=\"900\" class=\"aligncenter\">\n    <\/li>\n<li>\n<p>Starte den Registrierungsprozess, indem du dein Land, deine E-Mail-Adresse und ein Passwort eingibst. W\u00e4hle aus, ob du ein pers\u00f6nliches oder ein Unternehmenskonto er\u00f6ffnen m\u00f6chtest. Vantage sendet dir einen einzigartigen sechsstelligen Best\u00e4tigungscode, um deine E-Mail-Adresse zu verifizieren. Akzeptiere die Bedingungen der Datenschutzrichtlinie, um mit dem n\u00e4chsten Schritt fortzufahren. <\/p>\n<p>    <img decoding=\"async\" src=\"https:\/\/www.bestbrokers.com\/wp-content\/uploads\/2024\/08\/vantage-account-opening-2.webp\" alt=\"Registration Steps\" width=\"900\" class=\"aligncenter\">\n    <\/li>\n<li>\n<p>Trage deine <strong>pers\u00f6nlichen Daten<\/strong> in das Registrierungsformular ein, einschlie\u00dflich Vorname und Nachname, Geschlecht, Geburtsdatum, Telefonnummer, Land und Staatsangeh\u00f6rigkeit. <\/p>\n<p>    <img decoding=\"async\" src=\"https:\/\/www.bestbrokers.com\/wp-content\/uploads\/2024\/08\/vantage-account-opening-3.webp\" alt=\"Registration Steps\" width=\"900\" class=\"aligncenter\">\n    <\/li>\n<li>\n<p>Fahre mit der <strong>Kontokonfiguration<\/strong> fort, indem du deine bevorzugte Trading-Plattform, den Kontotyp und die Basisw\u00e4hrung ausw\u00e4hlst. Transaktionen in Bitcoin und Ethereum sind ebenfalls m\u00f6glich. Setze ein H\u00e4kchen in das Feld darunter, um zu best\u00e4tigen, dass du den Allgemeinen Gesch\u00e4ftsbedingungen zustimmst. <\/p>\n<p>    <img decoding=\"async\" src=\"https:\/\/www.bestbrokers.com\/wp-content\/uploads\/2024\/08\/vantage-account-opening-4.webp\" alt=\"Registration Steps\" width=\"900\" class=\"aligncenter\"><\/p>\n<p>An diesem Punkt hast du deine Kontoer\u00f6ffnung erfolgreich abgeschlossen und kannst nun Geld auf dein Live-Konto einzahlen. Wichtig ist, dass neue Nutzer ihre Identit\u00e4t verifizieren m\u00fcssen, bevor Vantage das Platzieren von Orders mit echtem Geld erlaubt. <\/p>\n<p>    <img decoding=\"async\" src=\"https:\/\/www.bestbrokers.com\/wp-content\/uploads\/2024\/08\/vantage-account-opening-5.webp\" alt=\"Registration Steps\" width=\"900\" class=\"aligncenter\">\n    <\/li>\n<li>\n<p><strong>KYC-Verifizierung des Vantage-Kontos \u2013 dauert 5 bis 10 Minuten<\/strong><\/p>\n<p>Nachdem du die ID-Verifizierung ausgew\u00e4hlt hast, fordert dich der Broker auf, Fotos deiner Identit\u00e4tsdokumente hochzuladen, um zu best\u00e4tigen, dass du der rechtm\u00e4\u00dfige Kontoinhaber bist. Beginne damit, deinen Wohnsitz zu best\u00e4tigen. <\/p>\n<p>    <img decoding=\"async\" src=\"https:\/\/www.bestbrokers.com\/wp-content\/uploads\/2024\/08\/vantage-account-opening-6.webp\" alt=\"Registration Steps\" width=\"900\" class=\"aligncenter\">\n    <\/li>\n<li>\n<p>Trage deine pers\u00f6nlichen Informationen so ein, wie sie in deinen Dokumenten angegeben sind, und klicke auf \u201eContinue\u201c. <\/p>\n<p>    <img decoding=\"async\" src=\"https:\/\/www.bestbrokers.com\/wp-content\/uploads\/2024\/08\/vantage-account-opening-7.webp\" alt=\"Registration Steps\" width=\"900\" class=\"aligncenter\"><\/p>\n<blockquote><p><strong>Hinweis:<\/strong> Wenn du m\u00f6chtest, kannst du die Verifizierung deiner Identit\u00e4t auch auf deinem Smartphone fortsetzen. Vantage erstellt daf\u00fcr einen einzigartigen QR-Code, den du mit der Kamera deines Smartphones scannen kannst. Zus\u00e4tzlich erh\u00e4ltst du einen Verifizierungslink, den du in deinen mobilen Browser kopieren kannst. <\/p><\/blockquote>\n<p>    <img decoding=\"async\" src=\"https:\/\/www.bestbrokers.com\/wp-content\/uploads\/2024\/08\/vantage-account-opening-8.webp\" alt=\"Registration Steps\" width=\"900\" class=\"aligncenter\">\n    <\/li>\n<li>\n<p>Klicke auf \u201eVerify Now\u201c, um deine Identit\u00e4tsdokumente hochzuladen. Du kannst daf\u00fcr einen amtlichen Personalausweis, Reisepass, F\u00fchrerschein oder eine Aufenthaltserlaubnis verwenden. <\/p>\n<p>    <img decoding=\"async\" src=\"https:\/\/www.bestbrokers.com\/wp-content\/uploads\/2024\/08\/vantage-account-opening-9.webp\" alt=\"Registration Steps\" width=\"900\" class=\"aligncenter\">\n    <\/li>\n<li>\n<p>Lade die Vorder- und R\u00fcckseite deines gew\u00e4hlten Identit\u00e4tsdokuments hoch. Beachte, dass der Broker keine Screenshots, unscharfen Fotos oder abgelaufenen Dokumente akzeptiert. Stelle au\u00dferdem sicher, dass deine Dateien in einem unterst\u00fctzten Format vorliegen (jpg, pdf, png oder heic). Die Dateigr\u00f6\u00dfe darf 50 MB nicht \u00fcberschreiten. <\/p>\n<p>    <img decoding=\"async\" src=\"https:\/\/www.bestbrokers.com\/wp-content\/uploads\/2024\/08\/vantage-account-opening-10.webp\" alt=\"Registration Steps\" width=\"900\" class=\"aligncenter\">\n    <\/li>\n<li>\n<p>Warte, bis Vantage deine Dokumente gepr\u00fcft und akzeptiert hat, bevor du mit dem n\u00e4chsten Schritt fortf\u00e4hrst. <\/p>\n<p>    <img decoding=\"async\" src=\"https:\/\/www.bestbrokers.com\/wp-content\/uploads\/2024\/08\/vantage-account-opening-11.webp\" alt=\"Registration Steps\" width=\"900\" class=\"aligncenter\">\n    <\/li>\n<li>\n<p>Schlie\u00dfe deine Verifizierung ab, indem du einen Adressnachweis hochl\u00e4dst, der deine aktuelle Wohnadresse best\u00e4tigt. Vantage akzeptiert daf\u00fcr verschiedene Dokumente, darunter Versorgungsrechnungen f\u00fcr Gas, Wasser oder Strom, Kreditkartenabrechnungen sowie Kontoausz\u00fcge. <\/p>\n<p>    <img decoding=\"async\" src=\"https:\/\/www.bestbrokers.com\/wp-content\/uploads\/2024\/08\/vantage-account-opening-12.webp\" alt=\"Registration Steps\" width=\"900\" class=\"aligncenter\"><\/p>\n<p>In diesem Fall darf die Dateigr\u00f6\u00dfe 5 MB nicht \u00fcberschreiten. Unterst\u00fctzte Dateiformate sind jpg, jpeg, docx, doc, bmp, pdf und png. Wichtig ist au\u00dferdem, dass die Adressverifizierung fehlschl\u00e4gt, wenn deine Dokumente \u00e4lter als 6 Monate sind. <\/p>\n<\/li>\n<\/ol>\n<h2 id=\"conclusion\"><i class=\"ico ico--pen\"><\/i>Unser Fazit<\/h2>\n<p>Wenn du alle Schritte der Registrierung und Verifizierung abgeschlossen hast, erh\u00e4ltst du vollst\u00e4ndigen Zugriff auf dein Konto und kannst Einzahlungen vornehmen, handeln und Auszahlungen beantragen. Nach unserer Erfahrung dauert der gesamte Prozess etwa 15 bis 20 Minuten, sofern du w\u00e4hrend der Verifizierung gut lesbare Dateien hochl\u00e4dst. Nutzer, die sich \u00fcber die Offshore-Einheit registrieren, m\u00fcssen w\u00e4hrend der Registrierung keine Tests zu Erfahrung und Wissen absolvieren. <\/p>\n<p>Die Verifizierung ist sehr intuitiv und einfach durchzuf\u00fchren, besonders wenn deine Dokumente vorbereitet sind und du sie griffbereit hast. Stelle lediglich sicher, dass dein Wohnsitz nicht auf der Liste der eingeschr\u00e4nkten L\u00e4nder steht, da Vantage keine Nutzer aus Kanada, Singapur, Rum\u00e4nien, China und den USA akzeptiert. <\/p>\n","protected":false},"excerpt":{"rendered":"<p>Kontotypen bei Vantage im \u00dcberblick Die Offshore-Einheit von Vantage unterst\u00fctzt vier Hauptkontotypen und richtet sich damit an Trader aller Erfahrungsstufen. Standard STP-Konten sind f\u00fcr Anf\u00e4nger konzipiert, die kommissionsfreies Trading und direkten Marktzugang suchen, mit Spreads ab 1,1 Pips. Nutzer, die auf Rohspreads bestehen, k\u00f6nnen Raw ECN-Konten er\u00f6ffnen, die niedrigere Mindestspreads ab 0,0 Pips sowie feste [&hellip;]<\/p>\n","protected":false},"author":3,"featured_media":0,"parent":21458,"menu_order":0,"comment_status":"closed","ping_status":"closed","template":"templates\/review.php","meta":{"footnotes":""},"class_list":["post-59624","page","type-page","status-publish","hentry"],"aioseo_notices":[],"_links":{"self":[{"href":"https:\/\/www.bestbrokers.com\/de\/wp-json\/wp\/v2\/pages\/59624","targetHints":{"allow":["GET"]}}],"collection":[{"href":"https:\/\/www.bestbrokers.com\/de\/wp-json\/wp\/v2\/pages"}],"about":[{"href":"https:\/\/www.bestbrokers.com\/de\/wp-json\/wp\/v2\/types\/page"}],"author":[{"embeddable":true,"href":"https:\/\/www.bestbrokers.com\/de\/wp-json\/wp\/v2\/users\/3"}],"replies":[{"embeddable":true,"href":"https:\/\/www.bestbrokers.com\/de\/wp-json\/wp\/v2\/comments?post=59624"}],"version-history":[{"count":11,"href":"https:\/\/www.bestbrokers.com\/de\/wp-json\/wp\/v2\/pages\/59624\/revisions"}],"predecessor-version":[{"id":82613,"href":"https:\/\/www.bestbrokers.com\/de\/wp-json\/wp\/v2\/pages\/59624\/revisions\/82613"}],"up":[{"embeddable":true,"href":"https:\/\/www.bestbrokers.com\/de\/wp-json\/wp\/v2\/pages\/21458"}],"wp:attachment":[{"href":"https:\/\/www.bestbrokers.com\/de\/wp-json\/wp\/v2\/media?parent=59624"}],"curies":[{"name":"wp","href":"https:\/\/api.w.org\/{rel}","templated":true}]}}