{"id":59626,"date":"2025-03-19T09:36:52","date_gmt":"2025-03-19T09:36:52","guid":{"rendered":"https:\/\/www.bestbrokers.com\/?page_id=59626"},"modified":"2026-03-11T10:45:31","modified_gmt":"2026-03-11T10:45:31","slug":"account-opening","status":"publish","type":"page","link":"https:\/\/www.bestbrokers.com\/de\/reviews\/ic-markets\/account-opening\/","title":{"rendered":"So er\u00f6ffnen Sie ein Konto bei IC Markets"},"content":{"rendered":"<div class=\"author-line\">Geschrieben von <span class=\"author\">Naylyan Nazifova<div class=\"author-sub-box\"><div class=\"author-avatar\"><img decoding=\"async\" src=\"https:\/\/www.bestbrokers.com\/wp-content\/uploads\/2026\/04\/nnazifova.webp\" \/><\/div><div class=\"author-info-wrapper\"><div class=\"author-name\"><a href=\"https:\/\/www.bestbrokers.com\/de\/authors\/naylyan-nazifova\/\">Naylyan Nazifova<\/a><\/div><div class=\"author-bio\">Naylyan Nazifova ist eine anerkannte Expertin im Bereich des Online-Handels. Sie hat viele Ver\u00f6ffentlichungen und Analysen zu Themen wie Forex-Handel, Aktieninvestitionen und pers\u00f6nlicher Finanzplanung.<\/div><\/div><\/div><\/span>,  <a rel=\"nofollow\" target=\"_blank\" href=\"https:\/\/www.linkedin.com\/in\/naylian-nazifova-58562a272\/\"><img decoding=\"async\" class=\"social-icon\" src=\"https:\/\/www.bestbrokers.com\/wp-content\/themes\/best-brokers\/assets\/images\/icon-linkedin.svg\" data-no-lazy=\"1\"><\/a> <span class=\"sep\">|<\/span> \u00dcbersetzt von <span class=\"author\">Marcus Jungnickel<div class=\"author-sub-box\"><div class=\"author-avatar\"><img decoding=\"async\" src=\"https:\/\/www.bestbrokers.com\/wp-content\/uploads\/2025\/02\/Marcus-Jungnickel-150x150-2.webp\" \/><\/div><div class=\"author-info-wrapper\"><div class=\"author-name\"><a href=\"https:\/\/www.bestbrokers.com\/de\/authors\/marcus-jungnickel\/\">Marcus Jungnickel<\/a><\/div><div class=\"author-bio\">Marcus Jungnickel ist als \u00dcbersetzer und Redakteur auf die Fachgebiete Finanzen und Wirtschaft spezialisiert. Er betreut die deutsche Version von BestBrokers.com.<\/div><\/div><\/div><\/span>, <a rel=\"nofollow\" target=\"_blank\" href=\"https:\/\/www.linkedin.com\/in\/marcus-jungnickel-3545b3154\/\"><img decoding=\"async\" class=\"social-icon\" src=\"https:\/\/www.bestbrokers.com\/wp-content\/themes\/best-brokers\/assets\/images\/icon-linkedin.svg\" data-no-lazy=\"1\"><\/a> <span class=\"sep\">|<\/span> Aktualisiert: <time class=\"entry-date\" datetime=\"2026-03-11T10:45:31+00:00\">M\u00e4rz 11, 2026<\/time><\/div>\n<h2 id=\"brief\"><i class=\"ico ico--assets\"><\/i>Kontotypen bei IC Markets<\/h2>\n<p>Da Trader unterschiedliche Ziele verfolgen, stellt IC Markets sicher, dass jeder Nutzer eine Kontovariante findet, die zu seinen individuellen Anforderungen passt. Neben einem Demo-Konto, das unmittelbar nach Abschluss deiner Registrierung beim Broker verf\u00fcgbar ist, bietet IC Markets auch drei Kontotypen f\u00fcr Trader an. Dazu geh\u00f6ren ein Standard-Konto sowie zwei Varianten von Raw-Spread-Konten.<\/p>\n<p>Mit dem Standard-Konto kannst du \u00fcber die Plattformen MT4 und MT5 handeln. Dadurch wird ein reibungsloser Handel erm\u00f6glicht, der sich besonders f\u00fcr weniger erfahrene Trader eignet. Der Mindestspread bei den wichtigsten Forex-Paaren im Standard-Konto beginnt bei 0,8 Pips und es f\u00e4llt keine Kommission auf deine Trades an.<\/p>\n<p>\tTrader k\u00f6nnen sich auch f\u00fcr den Handel \u00fcber die Plattformen MT4 oder MT5 mit Raw-Spread-Konten entscheiden. Diese bieten engere Spreads ab 0,0 Pips sowie eine niedrige Kommission pro Round Turn von 7 USD. Das MetaTrader-Raw-Spread-Konto eignet sich besonders f\u00fcr Scalper sowie f\u00fcr Trader, die algorithmischen Handel mit Expert Advisors (EAs) nutzen.<\/p>\n<p>Zus\u00e4tzlich gibt es ein cTrader-Raw-Spread-Konto. Auch hier beginnen die Spreads ab 0,0 Pips, w\u00e4hrend die Round-Trip-Kommission noch niedriger ist und lediglich 6 USD pro gehandeltem Standard-Lot betr\u00e4gt. Dieses Konto ist auf die Anforderungen von Daytradern und Scalpern zugeschnitten.<\/p>\n<p>Alle drei oben genannten Kontotypen bieten einen maximalen Hebel von bis zu 1:30 auf wichtige Forex-Paare. Wenn du einen h\u00f6heren Hebel nutzen m\u00f6chtest, kannst du bei IC Markets ein professionelles Konto er\u00f6ffnen. Beachte jedoch, dass du bestimmte Voraussetzungen erf\u00fcllen musst, um f\u00fcr professionelles Trading zugelassen zu werden. Hinsichtlich der Mindesteinzahlung verlangen alle drei Kontotypen eine Einzahlung von 200 USD. Die maximale Anzahl an Positionsorders liegt bei 200 f\u00fcr die ersten beiden Kontotypen und bei 2.000 f\u00fcr den dritten Kontotyp.<\/p>\n\n\t\t\t\t<div class=\"table\">\n\t\t\t\t\t<table class=\"table table-striped table-bordered\">\n\t\t\t\t\t\t<tr>\n\t\t\t\t\t\t\t<td style=\"width: 250px;\"><strong>Demokonto<\/strong><\/td>\n\t\t\t\t\t\t\t<td><img decoding=\"async\" width=\"24\" height=\"24\" src=\"\/wp-content\/themes\/best-brokers\/assets\/images\/ico-check.svg\" alt=\"Available\" \/><\/td>\n\t\t\t\t\t\t<\/tr>\n\t\t\t\t\t\t<tr>\n\t\t\t\t\t\t\t<td><strong>Islamic Account<\/strong><\/td>\n\t\t\t\t\t\t\t<td><img decoding=\"async\" width=\"24\" height=\"24\" src=\"\/wp-content\/themes\/best-brokers\/assets\/images\/ico-check.svg\" alt=\"Available\" \/><\/td>\n\t\t\t\t\t\t<\/tr>\n\t\t\t\t\t\t<tr>\n\t\t\t\t\t\t\t<td><strong>ECN-Konto<\/strong><\/td>\n\t\t\t\t\t\t\t<td><img decoding=\"async\" width=\"24\" height=\"24\" src=\"\/wp-content\/themes\/best-brokers\/assets\/images\/ico-check.svg\" alt=\"Available\" \/><\/td>\n\t\t\t\t\t\t<\/tr>\n\t\t\t\t\t\t<tr>\n\t\t\t\t\t\t\t<td><strong>Pro-Konto<\/strong><\/td>\n\t\t\t\t\t\t\t<td><img decoding=\"async\" width=\"24\" height=\"24\" src=\"\/wp-content\/themes\/best-brokers\/assets\/images\/ico-check.svg\" alt=\"Available\" \/><\/td>\n\t\t\t\t\t\t<\/tr>\n\t\t\t\t\t\t<tr>\n\t\t\t\t\t\t\t<td><strong>MAM Account<\/strong><\/td>\n\t\t\t\t\t\t\t<td><img decoding=\"async\" width=\"24\" height=\"24\" src=\"\/wp-content\/themes\/best-brokers\/assets\/images\/ico-xmark.svg\" alt=\"Not Available\" \/><\/td>\n\t\t\t\t\t\t<\/tr>\n\t\t\t\t\t<\/table>\n\t\t\t\t<\/div>\n\t\t\t\n<h2 id=\"deposit\"><i class=\"ico ico--money-supply\"><\/i>Mindesteinzahlung bei IC Markets<\/h2>\n<p>Wenn du dich entscheidest, ein Live-Trading-Konto bei IC Markets zu er\u00f6ffnen, musst du unabh\u00e4ngig vom gew\u00e4hlten Kontotyp mindestens 200 USD einzahlen, um dein Konto zu aktivieren. Einige Broker verlangen zwar keine feste Mindesteinzahlung, dennoch halten wir 200 USD f\u00fcr einen angemessenen Mindestbetrag f\u00fcr Trader. Au\u00dferdem unterst\u00fctzen alle drei Kontotypen Micro-Lots. Das bedeutet, dass die kleinste Handelsgr\u00f6\u00dfe bei 0,01 Lots liegt, was 1.000 Einheiten deiner gew\u00e4hlten Basisw\u00e4hrung entspricht.<\/p>\n<p>Auch wenn 200 USD die erforderliche Mindesteinzahlung f\u00fcr alle drei Kontotypen bei IC Markets sind, ben\u00f6tigst du mindestens 1.000 USD auf deinem Kontostand, um eine Order platzieren zu k\u00f6nnen. Der Broker unterst\u00fctzt mehrere zuverl\u00e4ssige Zahlungsmethoden, mit denen du dein Konto schnell und unkompliziert aufladen kannst. Zu den verf\u00fcgbaren Zahlungsanbietern geh\u00f6ren Visa und Mastercard, mehrere E-Wallet-Anbieter (PayPal, Neteller und Skrill) sowie Bank\u00fcberweisungen.<\/p>\n<h2 id=\"instruments\"><i class=\"ico ico--common-technical-analysis-tools\"><\/i>Handelbare Instrumente bei IC Markets<\/h2>\n<p>Ein wichtiger Vorteil der Kontotypen von IC Markets ist der Zugang zu einer breiten Auswahl an M\u00e4rkten. Die Gesamtzahl der verf\u00fcgbaren handelbaren Instrumente h\u00e4ngt jedoch von der jeweiligen Unternehmensstruktur ab. Die australische Einheit bietet mehr als 2.250 CFD-Instrumente, w\u00e4hrend \u00fcber die von CySEC regulierte Einheit mehr als 850 Instrumente verf\u00fcgbar sind. Unabh\u00e4ngig von der gew\u00e4hlten Plattform erh\u00e4ltst du Zugang zu zahlreichen M\u00e4rkten. Dazu geh\u00f6ren Forex, Rohstoffe, Indizes, Kryptow\u00e4hrungen, Aktien, Futures und Anleihen, die alle bei IC Markets verf\u00fcgbar sind. Die genannten Finanzinstrumente werden \u00fcber CFDs gehandelt. Dadurch kannst du auf Preisbewegungen spekulieren, ohne Eigentum an den zugrunde liegenden Verm\u00f6genswerten zu erwerben. Durch das Eingehen von Long- oder Short-Positionen kannst du sowohl von steigenden als auch von fallenden Preisen profitieren.<\/p>\n<p>Trader, die sich f\u00fcr IC Markets entscheiden, um Forex zu handeln, k\u00f6nnen mehr als 61 W\u00e4hrungspaare traden. Dazu geh\u00f6ren Major-, Minor- und exotische Forex-Paare. Der Handel mit Hebel erm\u00f6glicht zudem eine gr\u00f6\u00dfere Marktexponierung und kann Trades potenziell noch profitabler machen.<\/p>\n<h2 id=\"steps\"><i class=\"ico ico--account\"><\/i>Registrierungsprozess \u2013 dauert etwa 5 Minuten f\u00fcr ein Demo-Konto<\/h2>\n<p>Wenn du dich bei IC Markets registrieren m\u00f6chtest und dir zun\u00e4chst die verf\u00fcgbaren M\u00e4rkte, Plattformen und Handelsbedingungen ansehen willst, kannst du damit beginnen, schnell dein IC Markets-Profil zu erstellen. \u00dcber den Registrierungsprozess kannst du dein Demo-Konto innerhalb weniger Minuten er\u00f6ffnen.<\/p>\n<ol class=\"list list--steps\">\n<li>\n<p>Lade die Registrierungsseite, indem du auf den Link \u201eStart Trading\u201c oder auf die Schaltfl\u00e4che \u201eOpen an Account\u201c auf der Startseite des Brokers klickst.<\/p>\n<p>\t\t<img decoding=\"async\" src=\"https:\/\/www.bestbrokers.com\/wp-content\/uploads\/2024\/08\/ic-markets-account-opening-1.webp\" alt=\"Registration Steps\" width=\"900\" class=\"aligncenter\">\n    <\/li>\n<li>\n<p>Gib einige pers\u00f6nliche Angaben ein, die f\u00fcr dein IC Markets-Profil erforderlich sind, und fahre anschlie\u00dfend mit dem n\u00e4chsten Schritt fort.<\/p>\n<p>\t\t<img decoding=\"async\" src=\"https:\/\/www.bestbrokers.com\/wp-content\/uploads\/2024\/08\/ic-markets-account-opening-2.webp\" alt=\"Registration Steps\" width=\"900\" class=\"aligncenter\">\n    <\/li>\n<li>\n<p>W\u00e4hle einen Kontotyp \u2013 je nachdem, ob du als Einzelperson, als Unternehmen oder als Teil eines Gemeinschaftskontos handeln m\u00f6chtest. Gib anschlie\u00dfend weitere pers\u00f6nliche Angaben f\u00fcr dein Konto an.<\/p>\n<p>\t\t<img decoding=\"async\" src=\"https:\/\/www.bestbrokers.com\/wp-content\/uploads\/2024\/08\/ic-markets-account-opening-3.webp\" alt=\"Registration Steps\" width=\"900\" class=\"aligncenter\">\n    <\/li>\n<li>\n<p>Richte die Optionen f\u00fcr dein Trading-Konto ein, indem du eine Plattform, den Kontotyp und die Basisw\u00e4hrung ausw\u00e4hlst.<\/p>\n<p>\t\t<img decoding=\"async\" src=\"https:\/\/www.bestbrokers.com\/wp-content\/uploads\/2024\/08\/ic-markets-account-opening-4.webp\" alt=\"Registration Steps\" width=\"900\" class=\"aligncenter\">\n    <\/li>\n<li>\n<p>\u00dcberpr\u00fcfe deine pers\u00f6nlichen Angaben, bevor du mit dem Registrierungsprozess fortf\u00e4hrst. W\u00e4hle eine Sicherheitsfrage und gib eine Antwort ein. Achte darauf, dir die eingegebene Antwort zu merken, da du sie k\u00fcnftig m\u00f6glicherweise zur Best\u00e4tigung deiner Identit\u00e4t angeben musst. Lies die Allgemeinen Gesch\u00e4ftsbedingungen sowie weitere relevante Richtlinien des Brokers. Fahre mit der Registrierung fort, nachdem du den bereitgestellten Dokumenten zugestimmt hast.<\/p>\n<p>\t\t<img decoding=\"async\" src=\"https:\/\/www.bestbrokers.com\/wp-content\/uploads\/2024\/08\/ic-markets-account-opening-5.webp\" alt=\"Registration Steps\" width=\"900\" class=\"aligncenter\"><\/p>\n<p>\t\t<img decoding=\"async\" src=\"https:\/\/www.bestbrokers.com\/wp-content\/uploads\/2024\/08\/ic-markets-account-opening-6.webp\" alt=\"Registration Steps\" width=\"900\" class=\"aligncenter\"><\/p>\n<p>\t\t<img decoding=\"async\" src=\"https:\/\/www.bestbrokers.com\/wp-content\/uploads\/2024\/08\/ic-markets-account-opening-7.webp\" alt=\"Registration Steps\" width=\"900\" class=\"aligncenter\">\n    <\/li>\n<li>\n<p>Nachdem du deinen Registrierungsantrag abgeschickt hast, wirst du aufgefordert, deine E-Mails zu pr\u00fcfen, um den Registrierungsprozess fortzusetzen. Wenn du auf den Link klickst, den IC Markets an deine E-Mail-Adresse gesendet hat, wirst du aufgefordert, ein Passwort f\u00fcr dein Konto festzulegen.<\/p>\n<p>\t\t<img decoding=\"async\" src=\"https:\/\/www.bestbrokers.com\/wp-content\/uploads\/2024\/08\/ic-markets-account-opening-8.webp\" alt=\"Registration Steps\" width=\"900\" class=\"aligncenter\"><\/p>\n<p>\t\t<img decoding=\"async\" src=\"https:\/\/www.bestbrokers.com\/wp-content\/uploads\/2024\/08\/ic-markets-account-opening-9.webp\" alt=\"Registration Steps\" width=\"400\" class=\"aligncenter\">\n    <\/li>\n<li>\n<p>Sobald du ein Passwort f\u00fcr dein Konto festgelegt hast, kannst du mit dem Demo-Trading bei IC Markets starten.<\/p>\n<p>\t\t<img decoding=\"async\" src=\"https:\/\/www.bestbrokers.com\/wp-content\/uploads\/2024\/08\/ic-markets-account-opening-10.webp\" alt=\"Registration Steps\" width=\"900\" class=\"aligncenter\">\n    <\/li>\n<\/ol>\n<h2 id=\"verification\"><i class=\"ico ico--approve\"><\/i>Kontoverifizierung \u2013 dauert etwa 10 Minuten<\/h2>\n<p>W\u00e4hrend du direkt nach der Erstellung deines IC Markets-Profils mit einem Demo-Konto handeln kannst, ist f\u00fcr das Trading \u00fcber ein Wallet-Konto eine Verifizierung deines Kontos erforderlich. Auch wenn dieser Prozess einige zus\u00e4tzliche Schritte umfasst, l\u00e4sst sich die Kontoverifizierung schnell abschlie\u00dfen, wenn du den unten aufgef\u00fchrten Anweisungen folgst.<\/p>\n<ol class=\"list list--steps\">\n<li>\n<p>Im ersten Schritt gibst du Informationen zu deinem Besch\u00e4ftigungsstatus und deinem Trading-Wissen an. Zus\u00e4tzlich werden finanzielle Angaben abgefragt, um sicherzustellen, dass du dir das Trading leisten kannst und m\u00f6gliche Risiken beim Handel mit dem Broker verstehst.<\/p>\n<p>\t\t<img decoding=\"async\" src=\"https:\/\/www.bestbrokers.com\/wp-content\/uploads\/2024\/08\/ic-markets-account-opening-11.webp\" alt=\"Registration Steps\" width=\"900\" class=\"aligncenter\"><\/p>\n<p>\t\t<img decoding=\"async\" src=\"https:\/\/www.bestbrokers.com\/wp-content\/uploads\/2024\/08\/ic-markets-account-opening-12.webp\" alt=\"Registration Steps\" width=\"900\" class=\"aligncenter\"><\/p>\n<p>\t\t<img decoding=\"async\" src=\"https:\/\/www.bestbrokers.com\/wp-content\/uploads\/2024\/08\/ic-markets-account-opening-13.webp\" alt=\"Registration Steps\" width=\"900\" class=\"aligncenter\"><\/p>\n<p>\t\t<img decoding=\"async\" src=\"https:\/\/www.bestbrokers.com\/wp-content\/uploads\/2024\/08\/ic-markets-account-opening-14.webp\" alt=\"Registration Steps\" width=\"900\" class=\"aligncenter\"><\/p>\n<p>\t\t<img decoding=\"async\" src=\"https:\/\/www.bestbrokers.com\/wp-content\/uploads\/2024\/08\/ic-markets-account-opening-15.webp\" alt=\"Registration Steps\" width=\"900\" class=\"aligncenter\"><\/p>\n<p>\t\t<img decoding=\"async\" src=\"https:\/\/www.bestbrokers.com\/wp-content\/uploads\/2024\/08\/ic-markets-account-opening-16.webp\" alt=\"Registration Steps\" width=\"900\" class=\"aligncenter\"><\/p>\n<\/li>\n<li>\n<p>Im n\u00e4chsten Schritt der Angemessenheitspr\u00fcfung von IC Markets musst du ein Eignungstest ausf\u00fcllen. Dieses soll feststellen, ob Trading f\u00fcr dich geeignet ist oder ob du dich zun\u00e4chst n\u00e4her mit den Grundlagen und den damit verbundenen Risiken besch\u00e4ftigen solltest. Unten siehst du Beispiele f\u00fcr Fragen, die dir gestellt werden k\u00f6nnen.<\/p>\n<p>\t\t<img decoding=\"async\" src=\"https:\/\/www.bestbrokers.com\/wp-content\/uploads\/2024\/08\/ic-markets-account-opening-17.webp\" alt=\"Registration Steps\" width=\"900\" class=\"aligncenter\"><\/p>\n<p>\t\t<img decoding=\"async\" src=\"https:\/\/www.bestbrokers.com\/wp-content\/uploads\/2024\/08\/ic-markets-account-opening-18.webp\" alt=\"Registration Steps\" width=\"900\" class=\"aligncenter\"><\/p>\n<p>\t\t<img decoding=\"async\" src=\"https:\/\/www.bestbrokers.com\/wp-content\/uploads\/2024\/08\/ic-markets-account-opening-19.webp\" alt=\"Registration Steps\" width=\"900\" class=\"aligncenter\"><\/p>\n<p>\t\t<img decoding=\"async\" src=\"https:\/\/www.bestbrokers.com\/wp-content\/uploads\/2024\/08\/ic-markets-account-opening-20.webp\" alt=\"Registration Steps\" width=\"900\" class=\"aligncenter\"><\/p>\n<p>\t\t<img decoding=\"async\" src=\"https:\/\/www.bestbrokers.com\/wp-content\/uploads\/2024\/08\/ic-markets-account-opening-21.webp\" alt=\"Registration Steps\" width=\"900\" class=\"aligncenter\">\n<\/li>\n<li>\n<p>Sobald du den Fragebogen zu Wissen und Erfahrung bestanden hast, wirst du zum letzten Schritt der Kontoverifizierung weitergeleitet. Dabei wirst du aufgefordert, Fotos deines Personalausweises, Reisepasses oder F\u00fchrerscheins hochzuladen. Zus\u00e4tzlich musst du ein Dokument einreichen, das als Nachweis deines Wohnsitzes dient.<\/p>\n<p>\t\t<img decoding=\"async\" src=\"https:\/\/www.bestbrokers.com\/wp-content\/uploads\/2024\/08\/ic-markets-account-opening-22.webp\" alt=\"Registration Steps\" width=\"900\" class=\"aligncenter\"><\/p>\n<p>\t\t<img decoding=\"async\" src=\"https:\/\/www.bestbrokers.com\/wp-content\/uploads\/2024\/08\/ic-markets-account-opening-23.webp\" alt=\"Registration Steps\" width=\"900\" class=\"aligncenter\"><\/p>\n<p>\t\t<img decoding=\"async\" src=\"https:\/\/www.bestbrokers.com\/wp-content\/uploads\/2024\/08\/ic-markets-account-opening-24.webp\" alt=\"Registration Steps\" width=\"900\" class=\"aligncenter\"><\/p>\n<p>\t\t<img decoding=\"async\" src=\"https:\/\/www.bestbrokers.com\/wp-content\/uploads\/2024\/08\/ic-markets-account-opening-25.webp\" alt=\"Registration Steps\" width=\"900\" class=\"aligncenter\">\n<\/li>\n<\/ol>\n<h2 id=\"conclusion\"><i class=\"ico ico--pen\"><\/i>Fazit<\/h2>\n<p>Wenn du dich bei IC Markets registrieren und zun\u00e4chst mit einem Demo-Konto traden m\u00f6chtest, um den Handel zu \u00fcben, kannst du dies innerhalb weniger Minuten erledigen. Beachte jedoch, dass du einige pers\u00f6nliche Angaben machen und deine E-Mail-Adresse best\u00e4tigen musst, bevor du den Registrierungsprozess abschlie\u00dfen kannst. Um mit echtem Kapital zu handeln, ist zus\u00e4tzlich eine Kontoverifizierung erforderlich. Dieser Schritt kann etwas mehr Zeit in Anspruch nehmen, da du Angaben zu deinem Besch\u00e4ftigungsstatus, deinen finanziellen Verh\u00e4ltnissen und deiner Trading-Erfahrung machen musst. Im letzten Schritt musst du au\u00dferdem eine Kopie eines Ausweisdokuments sowie eine Rechnung oder ein anderes Dokument hochladen, das deinen Wohnsitz best\u00e4tigt. Auch wenn dieser Prozess etwas Zeit beansprucht, handelt es sich dabei um einen \u00fcblichen Ablauf bei seri\u00f6sen Brokern, die strenge regulatorische Vorgaben einhalten.<\/p>\n","protected":false},"excerpt":{"rendered":"<p>Kontotypen bei IC Markets Da Trader unterschiedliche Ziele verfolgen, stellt IC Markets sicher, dass jeder Nutzer eine Kontovariante findet, die zu seinen individuellen Anforderungen passt. Neben einem Demo-Konto, das unmittelbar nach Abschluss deiner Registrierung beim Broker verf\u00fcgbar ist, bietet IC Markets auch drei Kontotypen f\u00fcr Trader an. Dazu geh\u00f6ren ein Standard-Konto sowie zwei Varianten von [&hellip;]<\/p>\n","protected":false},"author":3,"featured_media":0,"parent":21465,"menu_order":0,"comment_status":"closed","ping_status":"closed","template":"templates\/review.php","meta":{"footnotes":""},"class_list":["post-59626","page","type-page","status-publish","hentry"],"aioseo_notices":[],"_links":{"self":[{"href":"https:\/\/www.bestbrokers.com\/de\/wp-json\/wp\/v2\/pages\/59626","targetHints":{"allow":["GET"]}}],"collection":[{"href":"https:\/\/www.bestbrokers.com\/de\/wp-json\/wp\/v2\/pages"}],"about":[{"href":"https:\/\/www.bestbrokers.com\/de\/wp-json\/wp\/v2\/types\/page"}],"author":[{"embeddable":true,"href":"https:\/\/www.bestbrokers.com\/de\/wp-json\/wp\/v2\/users\/3"}],"replies":[{"embeddable":true,"href":"https:\/\/www.bestbrokers.com\/de\/wp-json\/wp\/v2\/comments?post=59626"}],"version-history":[{"count":8,"href":"https:\/\/www.bestbrokers.com\/de\/wp-json\/wp\/v2\/pages\/59626\/revisions"}],"predecessor-version":[{"id":82628,"href":"https:\/\/www.bestbrokers.com\/de\/wp-json\/wp\/v2\/pages\/59626\/revisions\/82628"}],"up":[{"embeddable":true,"href":"https:\/\/www.bestbrokers.com\/de\/wp-json\/wp\/v2\/pages\/21465"}],"wp:attachment":[{"href":"https:\/\/www.bestbrokers.com\/de\/wp-json\/wp\/v2\/media?parent=59626"}],"curies":[{"name":"wp","href":"https:\/\/api.w.org\/{rel}","templated":true}]}}