{"id":59627,"date":"2025-03-19T09:36:52","date_gmt":"2025-03-19T09:36:52","guid":{"rendered":"https:\/\/www.bestbrokers.com\/?page_id=59627"},"modified":"2026-03-11T10:47:26","modified_gmt":"2026-03-11T10:47:26","slug":"account-opening","status":"publish","type":"page","link":"https:\/\/www.bestbrokers.com\/de\/reviews\/swissquote\/account-opening\/","title":{"rendered":"So er\u00f6ffnen Sie ein Konto bei Swissquote"},"content":{"rendered":"<div class=\"author-line\">Geschrieben von <span class=\"author\">Naylyan Nazifova<div class=\"author-sub-box\"><div class=\"author-avatar\"><img decoding=\"async\" src=\"https:\/\/www.bestbrokers.com\/wp-content\/uploads\/2026\/04\/nnazifova.webp\" \/><\/div><div class=\"author-info-wrapper\"><div class=\"author-name\"><a href=\"https:\/\/www.bestbrokers.com\/de\/authors\/naylyan-nazifova\/\">Naylyan Nazifova<\/a><\/div><div class=\"author-bio\">Naylyan Nazifova ist eine anerkannte Expertin im Bereich des Online-Handels. Sie hat viele Ver\u00f6ffentlichungen und Analysen zu Themen wie Forex-Handel, Aktieninvestitionen und pers\u00f6nlicher Finanzplanung.<\/div><\/div><\/div><\/span>,  <a rel=\"nofollow\" target=\"_blank\" href=\"https:\/\/www.linkedin.com\/in\/naylian-nazifova-58562a272\/\"><img decoding=\"async\" class=\"social-icon\" src=\"https:\/\/www.bestbrokers.com\/wp-content\/themes\/best-brokers\/assets\/images\/icon-linkedin.svg\" data-no-lazy=\"1\"><\/a> <span class=\"sep\">|<\/span> \u00dcbersetzt von <span class=\"author\">Marcus Jungnickel<div class=\"author-sub-box\"><div class=\"author-avatar\"><img decoding=\"async\" src=\"https:\/\/www.bestbrokers.com\/wp-content\/uploads\/2025\/02\/Marcus-Jungnickel-150x150-2.webp\" \/><\/div><div class=\"author-info-wrapper\"><div class=\"author-name\"><a href=\"https:\/\/www.bestbrokers.com\/de\/authors\/marcus-jungnickel\/\">Marcus Jungnickel<\/a><\/div><div class=\"author-bio\">Marcus Jungnickel ist als \u00dcbersetzer und Redakteur auf die Fachgebiete Finanzen und Wirtschaft spezialisiert. Er betreut die deutsche Version von BestBrokers.com.<\/div><\/div><\/div><\/span>, <a rel=\"nofollow\" target=\"_blank\" href=\"https:\/\/www.linkedin.com\/in\/marcus-jungnickel-3545b3154\/\"><img decoding=\"async\" class=\"social-icon\" src=\"https:\/\/www.bestbrokers.com\/wp-content\/themes\/best-brokers\/assets\/images\/icon-linkedin.svg\" data-no-lazy=\"1\"><\/a> <span class=\"sep\">|<\/span> Aktualisiert: <time class=\"entry-date\" datetime=\"2026-03-11T10:47:26+00:00\">M\u00e4rz 11, 2026<\/time><\/div>\n<h2 id=\"brief\"><i class=\"ico ico--assets\"><\/i>Kontotypen bei Swissquote<\/h2>\n<p>Trader k\u00f6nnen bei Swissquote zwischen mehreren Kontotypen w\u00e4hlen, darunter auch ein Demokonto. Nutzer mit einem solchen Konto k\u00f6nnen das Trading ohne Einsatz von echtem Geld \u00fcben, wodurch es sich besonders f\u00fcr Anf\u00e4nger oder zum Testen von Trading-Strategien eignet. <\/p>\n<p>F\u00fcr den Live-Handel bietet Swissquote folgende Kontotypen an:<\/p>\n<ol class=\"list list--steps orange\">\n<li><strong>Premium:<\/strong> Inhaber eines Premium-Kontos traden Forex ohne Kommissionen, da die gesamten Kosten im Spread enthalten sind. Trader mit einem aktivierten Premium-Konto k\u00f6nnen die wichtigsten Forex-Paare mit Spreads ab 1,3 Pips handeln. <\/li>\n<li><strong>Prime:<\/strong> Dieses Konto gilt als die beliebteste Kontovariante unter Swissquote-Nutzern. Auch hier fallen keine Kommissionen an, w\u00e4hrend noch engere Spreads ab 0,6 Pips angeboten werden. <\/li>\n<li><strong>Elite:<\/strong> Die Elite-Version reduziert die Spreads auf mindestens 0,0 Pips. Zus\u00e4tzlich wird eine geringe Kommission von 2,50 \u20ac pro Seite eines Trades mit einem Standardlot berechnet. <\/li>\n<\/ol>\n<p>Alle drei Kontotypen bieten Schutz vor negativem Kontostand, ein Stop-Out-Level von 50 % sowie einen Einlagenschutz von bis zu 20.000 \u20ac. Da Trader beim verf\u00fcgbaren Hebel eingeschr\u00e4nkt sind, bietet Swissquote au\u00dferdem die M\u00f6glichkeit, ein professionelles Konto zu beantragen und damit h\u00f6here Hebel zu nutzen. Daf\u00fcr m\u00fcssen Trader jedoch bestimmte Voraussetzungen erf\u00fcllen, um als professionelle Trader zugelassen zu werden. Beachte au\u00dferdem, dass die Auswahl der Kontotypen je nach Wohnsitz variieren kann.<\/p>\n\n\t\t\t\t<div class=\"table\">\n\t\t\t\t\t<table class=\"table table-striped table-bordered\">\n\t\t\t\t\t\t<tr>\n\t\t\t\t\t\t\t<td style=\"width: 250px;\"><strong>Demokonto<\/strong><\/td>\n\t\t\t\t\t\t\t<td><img decoding=\"async\" width=\"24\" height=\"24\" src=\"\/wp-content\/themes\/best-brokers\/assets\/images\/ico-check.svg\" alt=\"Available\" \/><\/td>\n\t\t\t\t\t\t<\/tr>\n\t\t\t\t\t\t<tr>\n\t\t\t\t\t\t\t<td><strong>Islamic Account<\/strong><\/td>\n\t\t\t\t\t\t\t<td><img decoding=\"async\" width=\"24\" height=\"24\" src=\"\/wp-content\/themes\/best-brokers\/assets\/images\/ico-xmark.svg\" alt=\"Not Available\" \/><\/td>\n\t\t\t\t\t\t<\/tr>\n\t\t\t\t\t\t<tr>\n\t\t\t\t\t\t\t<td><strong>ECN-Konto<\/strong><\/td>\n\t\t\t\t\t\t\t<td><img decoding=\"async\" width=\"24\" height=\"24\" src=\"\/wp-content\/themes\/best-brokers\/assets\/images\/ico-xmark.svg\" alt=\"Not Available\" \/><\/td>\n\t\t\t\t\t\t<\/tr>\n\t\t\t\t\t\t<tr>\n\t\t\t\t\t\t\t<td><strong>Pro-Konto<\/strong><\/td>\n\t\t\t\t\t\t\t<td><img decoding=\"async\" width=\"24\" height=\"24\" src=\"\/wp-content\/themes\/best-brokers\/assets\/images\/ico-check.svg\" alt=\"Available\" \/><\/td>\n\t\t\t\t\t\t<\/tr>\n\t\t\t\t\t\t<tr>\n\t\t\t\t\t\t\t<td><strong>MAM Account<\/strong><\/td>\n\t\t\t\t\t\t\t<td><img decoding=\"async\" width=\"24\" height=\"24\" src=\"\/wp-content\/themes\/best-brokers\/assets\/images\/ico-check.svg\" alt=\"Available\" \/><\/td>\n\t\t\t\t\t\t<\/tr>\n\t\t\t\t\t<\/table>\n\t\t\t\t<\/div>\n\t\t\t\n<h2 id=\"deposit\"><i class=\"ico ico--money-supply\"><\/i>Mindesteinzahlung bei Swissquote<\/h2>\n<p>Wie bereits erw\u00e4hnt, kannst du bei Swissquote aus drei Hauptkontotypen w\u00e4hlen, wenn du mit dem Trading beginnen m\u00f6chtest. Der Broker hat eine Mindesteinzahlung von 1.000 USD festgelegt, um ein Trading-Konto zu aktivieren. Auch wenn diese Mindestanforderung im Vergleich zu einigen Brokern ohne Mindesteinzahlung zun\u00e4chst relativ hoch erscheinen mag, halten wir diesen Betrag f\u00fcr durchaus angemessen. Der Grund daf\u00fcr ist, dass die minimale Positionsgr\u00f6\u00dfe bei Swissquote 0,01 Lots betr\u00e4gt, was 1.000 Einheiten der Basisw\u00e4hrung deines Kontos entspricht.<\/p>\n<h2 id=\"instruments\"><i class=\"ico ico--common-technical-analysis-tools\"><\/i>Handelbare Instrumente bei Swissquote<\/h2>\n<p>Um m\u00f6glichst viele Handelspr\u00e4ferenzenn abzudecken, bietet Swissquote Zugang zu einer Vielzahl von M\u00e4rkten. Dazu geh\u00f6ren Forex-Paare, Metalle sowie CFDs auf verschiedene handelbare Instrumente. Bei den W\u00e4hrungspaaren stehen Haupt-, Neben- und exotische Paare zur Verf\u00fcgung, wobei die Gesamtzahl der handelbaren Forex-Paare \u00fcber 80 liegt. Zus\u00e4tzlich besteht die M\u00f6glichkeit, Edelmetalle zu handeln, die in Paaren mit g\u00e4ngigen Fiat-W\u00e4hrungen angeboten werden. <\/p>\n<p>Auch der CFD-Handel ist bei Swissquote verf\u00fcgbar. Dadurch k\u00f6nnen Trader auf die Kursentwicklung zahlreicher Verm\u00f6genswerte spekulieren und sowohl von steigenden als auch von fallenden Preisen profitieren. Die verf\u00fcgbaren CFD-Instrumente decken M\u00e4rkte wie Rohstoffe, Indizes, Aktien, Anleihen und Kryptow\u00e4hrungen ab.<\/p>\n<h2 id=\"steps\"><i class=\"ico ico--account\"><\/i>Kontoer\u00f6ffnung bei Swissquote \u2013 dauert etwa 10 Minuten f\u00fcr Live-Konten<\/h2>\n<p>Wenn du dich bei Swissquote registrierst, kannst du ein Demokonto er\u00f6ffnen und direkt mit virtuellem Guthaben handeln, das ausschlie\u00dflich zu \u00dcbungszwecken dient. Die Er\u00f6ffnung eines Demokontos ist schnell erledigt, da du den Vorgang in zwei einfachen Schritten abschlie\u00dfen kannst. M\u00f6chtest du jedoch ein Live-Konto erstellen, kann der gesamte Prozess etwa 5 bis 10 Minuten dauern, da du dabei mehrere Angaben machen musst.<\/p>\n<ol class=\"list list--steps\">\n<li>\n<p>Starte den Registrierungsprozess, indem du das Formular \u00fcber den Button \u201eSign up\u201c \u00f6ffnest und anschlie\u00dfend ausw\u00e4hlst, ob du ein Demokonto erstellen oder direkt ein Live-Trading-Konto er\u00f6ffnen m\u00f6chtest. <\/p>\n<p>\t\t<img decoding=\"async\" src=\"https:\/\/www.bestbrokers.com\/wp-content\/uploads\/2025\/07\/Screenshot-23666.webp\" alt=\"Registration Steps\" width=\"900\" class=\"aligncenter\"><\/p>\n<p>\t\t<img decoding=\"async\" src=\"https:\/\/www.bestbrokers.com\/wp-content\/uploads\/2024\/08\/swissquote-account-opening-2.webp\" alt=\"Registration Steps\" width=\"900\" class=\"aligncenter\"><\/p>\n<p>\t\t<img decoding=\"async\" src=\"https:\/\/www.bestbrokers.com\/wp-content\/uploads\/2024\/08\/swissquote-account-opening-3.webp\" alt=\"Registration Steps\" width=\"900\" class=\"aligncenter\">\n<\/li>\n<li>\n<p>Wenn du die Option \u201eTry a demo\u201c ausw\u00e4hlst, wirst du auf eine Seite weitergeleitet, auf der du einige grundlegende pers\u00f6nliche Angaben machen musst. Danach ist dein Demokonto einsatzbereit und du kannst mit virtuellem Guthaben traden. <\/p>\n<p>\t\t<img decoding=\"async\" src=\"https:\/\/www.bestbrokers.com\/wp-content\/uploads\/2024\/08\/swissquote-account-opening-4.webp\" alt=\"Registration Steps\" width=\"900\" class=\"aligncenter\">\n<\/li>\n<li>\n<p>Wenn du dich f\u00fcr die Er\u00f6ffnung eines Live-Trading-Kontos entscheidest, wirst du zu einem anderen Registrierungsformular weitergeleitet. Im ersten Schritt musst du mehrere pers\u00f6nliche Angaben machen. <\/p>\n<p>\t\t<img decoding=\"async\" src=\"https:\/\/www.bestbrokers.com\/wp-content\/uploads\/2024\/08\/swissquote-account-opening-5.webp\" alt=\"Registration Steps\" width=\"900\" class=\"aligncenter\"><\/p>\n<p>\t\t<img decoding=\"async\" src=\"https:\/\/www.bestbrokers.com\/wp-content\/uploads\/2024\/08\/swissquote-account-opening-6.webp\" alt=\"Registration Steps\" width=\"900\" class=\"aligncenter\">\n<\/li>\n<li>\n<p>Im n\u00e4chsten Schritt der Kontoer\u00f6ffnung gibst du deinen Beruf sowie deine Trading-Ziele an. W\u00e4hle die passende Option aus \u2013 je nachdem, ob dein Wohnsitz in den USA oder au\u00dferhalb der USA liegt.<\/p>\n<p>\t\t<img decoding=\"async\" src=\"https:\/\/www.bestbrokers.com\/wp-content\/uploads\/2024\/08\/swissquote-account-opening-7.webp\" alt=\"Registration Steps\" width=\"900\" class=\"aligncenter\"><\/p>\n<p>\t\t<img decoding=\"async\" src=\"https:\/\/www.bestbrokers.com\/wp-content\/uploads\/2024\/08\/swissquote-account-opening-8.webp\" alt=\"Registration Steps\" width=\"900\" class=\"aligncenter\">\n<\/li>\n<li>\n<p>Nachdem du dein Profil eingerichtet hast, gelangst du zum Abschnitt \u201eFinanzielle Informationen\u201c. Dort musst du einige Kontodaten sowie Angaben zu deiner finanziellen Situation machen.<\/p>\n<p>\t\t<img decoding=\"async\" src=\"https:\/\/www.bestbrokers.com\/wp-content\/uploads\/2024\/08\/swissquote-account-opening-9.webp\" alt=\"Registration Steps\" width=\"900\" class=\"aligncenter\">\n<\/li>\n<li>\n<p>Anschlie\u00dfend wirst du gebeten, mehrere Fragen zu beantworten. Diese helfen dem Broker einzusch\u00e4tzen, wie gro\u00df dein Wissen und deine Erfahrung im Trading sind.<\/p>\n<p>\t\t<img decoding=\"async\" src=\"https:\/\/www.bestbrokers.com\/wp-content\/uploads\/2024\/08\/swissquote-account-opening-10.webp\" alt=\"Registration Steps\" width=\"900\" class=\"aligncenter\">\n<\/li>\n<li>\n<p>\u00dcberpr\u00fcfe zum Schluss, ob alle Angaben korrekt sind, und f\u00fclle anschlie\u00dfend das Formular zur Konformit\u00e4tserkl\u00e4rung aus. <\/p>\n<p>\t\t<img decoding=\"async\" src=\"https:\/\/www.bestbrokers.com\/wp-content\/uploads\/2024\/08\/swissquote-account-opening-11.webp\" alt=\"Registration Steps\" width=\"900\" class=\"aligncenter\"><\/p>\n<p>\t\t<img decoding=\"async\" src=\"https:\/\/www.bestbrokers.com\/wp-content\/uploads\/2024\/08\/swissquote-account-opening-12.webp\" alt=\"Registration Steps\" width=\"900\" class=\"aligncenter\"><\/p>\n<p>\t\t<img decoding=\"async\" src=\"https:\/\/www.bestbrokers.com\/wp-content\/uploads\/2024\/08\/swissquote-account-opening-13.webp\" alt=\"Registration Steps\" width=\"900\" class=\"aligncenter\">\n<\/li>\n<\/ol>\n<h2 id=\"verification\"><i class=\"ico ico--approve\"><\/i>Kontoverifizierung \u2013 dauert etwa 5 Minuten<\/h2>\n<p>Sobald du dein Live-Trading-Konto erstellt hast, musst du den Verifizierungsprozess von Swissquote abschlie\u00dfen. Dieser Schritt ist erforderlich, da der Broker strenge regulatorische Vorgaben einh\u00e4lt und so eine sichere sowie faire Trading-Umgebung f\u00fcr seine Nutzer gew\u00e4hrleistet.<\/p>\n<p><img decoding=\"async\" src=\"https:\/\/www.bestbrokers.com\/wp-content\/uploads\/2024\/08\/swissquote-account-opening-14.webp\" alt=\"Registration Steps\" width=\"350\" class=\"aligncenter\"><\/p>\n<ol class=\"list list--steps\">\n<li>\n<p>Du kannst beginnen, indem du ein Foto deines Personalausweises oder Reisepasses aufnimmst. Die Website bittet dabei um Zugriff auf die Kamera deines Ger\u00e4ts. Zus\u00e4tzlich sendet dir der Broker einen Verifizierungscode \u2013 entweder per SMS oder per E-Mail \u2013, um eine sichere Verbindung beim Hochladen deiner Ausweisdokumente zu gew\u00e4hrleisten.<\/p>\n<p>\t\t<img decoding=\"async\" src=\"https:\/\/www.bestbrokers.com\/wp-content\/uploads\/2024\/08\/swissquote-account-opening-15.webp\" alt=\"Registration Steps\" width=\"350\" class=\"aligncenter\"><\/p>\n<p>\t\t<img decoding=\"async\" src=\"https:\/\/www.bestbrokers.com\/wp-content\/uploads\/2024\/08\/swissquote-account-opening-16.webp\" alt=\"Registration Steps\" width=\"900\" class=\"aligncenter\">\n<\/li>\n<li>\n<p>Anschlie\u00dfend kannst du die Vertragsunterlagen von Swissquote lesen, dich mit den Inhalten vertraut machen und die Vertr\u00e4ge unterschreiben.<\/p>\n<p>\t\t<img decoding=\"async\" src=\"https:\/\/www.bestbrokers.com\/wp-content\/uploads\/2024\/08\/swissquote-account-opening-17.webp\" alt=\"Registration Steps\" width=\"350\" class=\"aligncenter\">\n<\/li>\n<li>\n<p>Der Broker verlangt au\u00dferdem, dass du ein Dokument hochl\u00e4dst, das deinen Wohnsitz best\u00e4tigt.<\/p>\n<p>\t\t<img decoding=\"async\" src=\"https:\/\/www.bestbrokers.com\/wp-content\/uploads\/2024\/08\/swissquote-account-opening-18.webp\" alt=\"Registration Steps\" width=\"350\" class=\"aligncenter\">\n<\/li>\n<li>\n<p>Trader k\u00f6nnen zus\u00e4tzlich weitere Dokumente hochladen, die sie f\u00fcr den Verifizierungsprozess als hilfreich erachten. Wenn die oben genannten Dokumente bereits eingereicht wurden, kannst du diesen Schritt jedoch \u00fcberspringen. <\/p>\n<p>\t\t<img decoding=\"async\" src=\"https:\/\/www.bestbrokers.com\/wp-content\/uploads\/2024\/08\/swissquote-account-opening-19.webp\" alt=\"Registration Steps\" width=\"350\" class=\"aligncenter\">\n<\/li>\n<li>\n<p>Sobald alle erforderlichen Dokumente eingereicht wurden, pr\u00fcft das Team des Brokers die Unterlagen. Die Verifizierung deines Kontos kann bis zu einigen Stunden dauern. <\/p>\n<\/li>\n<\/ol>\n<h2 id=\"conclusion\"><i class=\"ico ico--pen\"><\/i>Fazit<\/h2>\n<p>Die Erstellung eines Live-Trading-Kontos bei Swissquote ist deutlich zeitaufwendiger als die Er\u00f6ffnung eines Demokontos. Um dein Profil beim Broker anzulegen, musst du mehrere Fragen zu deiner finanziellen Situation, deiner beruflichen T\u00e4tigkeit sowie zu deiner Erfahrung und deinem Wissen im Trading beantworten. Nachdem dein Profil erstellt wurde, folgt au\u00dferdem der Verifizierungsprozess. Das ist jedoch nichts Ungew\u00f6hnliches, da Swissquote die strengen KYC-Vorgaben f\u00fchrender Aufsichtsbeh\u00f6rden wie der Cyprus Securities and Exchange Commission (<a href=\"https:\/\/www.bestbrokers.com\/de\/forex-brokers\/cysec-regulated-forex-brokers\/\">CySEC<\/a>) einh\u00e4lt.<\/p>\n","protected":false},"excerpt":{"rendered":"<p>Kontotypen bei Swissquote Trader k\u00f6nnen bei Swissquote zwischen mehreren Kontotypen w\u00e4hlen, darunter auch ein Demokonto. Nutzer mit einem solchen Konto k\u00f6nnen das Trading ohne Einsatz von echtem Geld \u00fcben, wodurch es sich besonders f\u00fcr Anf\u00e4nger oder zum Testen von Trading-Strategien eignet. F\u00fcr den Live-Handel bietet Swissquote folgende Kontotypen an: Premium: Inhaber eines Premium-Kontos traden Forex [&hellip;]<\/p>\n","protected":false},"author":3,"featured_media":0,"parent":21436,"menu_order":0,"comment_status":"closed","ping_status":"closed","template":"templates\/review.php","meta":{"footnotes":""},"class_list":["post-59627","page","type-page","status-publish","hentry"],"aioseo_notices":[],"_links":{"self":[{"href":"https:\/\/www.bestbrokers.com\/de\/wp-json\/wp\/v2\/pages\/59627","targetHints":{"allow":["GET"]}}],"collection":[{"href":"https:\/\/www.bestbrokers.com\/de\/wp-json\/wp\/v2\/pages"}],"about":[{"href":"https:\/\/www.bestbrokers.com\/de\/wp-json\/wp\/v2\/types\/page"}],"author":[{"embeddable":true,"href":"https:\/\/www.bestbrokers.com\/de\/wp-json\/wp\/v2\/users\/3"}],"replies":[{"embeddable":true,"href":"https:\/\/www.bestbrokers.com\/de\/wp-json\/wp\/v2\/comments?post=59627"}],"version-history":[{"count":7,"href":"https:\/\/www.bestbrokers.com\/de\/wp-json\/wp\/v2\/pages\/59627\/revisions"}],"predecessor-version":[{"id":82629,"href":"https:\/\/www.bestbrokers.com\/de\/wp-json\/wp\/v2\/pages\/59627\/revisions\/82629"}],"up":[{"embeddable":true,"href":"https:\/\/www.bestbrokers.com\/de\/wp-json\/wp\/v2\/pages\/21436"}],"wp:attachment":[{"href":"https:\/\/www.bestbrokers.com\/de\/wp-json\/wp\/v2\/media?parent=59627"}],"curies":[{"name":"wp","href":"https:\/\/api.w.org\/{rel}","templated":true}]}}