{"id":59628,"date":"2025-03-19T09:36:52","date_gmt":"2025-03-19T09:36:52","guid":{"rendered":"https:\/\/www.bestbrokers.com\/?page_id=59628"},"modified":"2026-03-11T10:49:05","modified_gmt":"2026-03-11T10:49:05","slug":"account-opening","status":"publish","type":"page","link":"https:\/\/www.bestbrokers.com\/de\/reviews\/xm\/account-opening\/","title":{"rendered":"So er\u00f6ffnen Sie ein Konto bei XM"},"content":{"rendered":"<div class=\"author-line\">Geschrieben von <span class=\"author\">Naylyan Nazifova<div class=\"author-sub-box\"><div class=\"author-info-wrapper\"><div class=\"author-name\"><a href=\"https:\/\/www.bestbrokers.com\/de\/authors\/naylyan-nazifova\/\">Naylyan Nazifova<\/a><\/div><div class=\"author-bio\">Naylyan Nazifova ist eine anerkannte Expertin im Bereich des Online-Handels. Sie hat viele Ver\u00f6ffentlichungen und Analysen zu Themen wie Forex-Handel, Aktieninvestitionen und pers\u00f6nlicher Finanzplanung.<\/div><\/div><\/div><\/span>,  <a rel=\"nofollow\" target=\"_blank\" href=\"https:\/\/www.linkedin.com\/in\/naylian-nazifova-58562a272\/\"><img decoding=\"async\" class=\"social-icon\" src=\"https:\/\/www.bestbrokers.com\/wp-content\/themes\/best-brokers\/assets\/images\/icon-linkedin.svg\" data-no-lazy=\"1\"><\/a> <span class=\"sep\">|<\/span> \u00dcbersetzt von <span class=\"author\">Marcus Jungnickel<div class=\"author-sub-box\"><div class=\"author-avatar\"><img decoding=\"async\" src=\"https:\/\/www.bestbrokers.com\/wp-content\/uploads\/2025\/02\/Marcus-Jungnickel-150x150-2.webp\" \/><\/div><div class=\"author-info-wrapper\"><div class=\"author-name\"><a href=\"https:\/\/www.bestbrokers.com\/de\/authors\/marcus-jungnickel\/\">Marcus Jungnickel<\/a><\/div><div class=\"author-bio\">Marcus Jungnickel ist als \u00dcbersetzer und Redakteur auf die Fachgebiete Finanzen und Wirtschaft spezialisiert. Er betreut die deutsche Version von BestBrokers.com.<\/div><\/div><\/div><\/span>, <a rel=\"nofollow\" target=\"_blank\" href=\"https:\/\/www.linkedin.com\/in\/marcus-jungnickel-3545b3154\/\"><img decoding=\"async\" class=\"social-icon\" src=\"https:\/\/www.bestbrokers.com\/wp-content\/themes\/best-brokers\/assets\/images\/icon-linkedin.svg\" data-no-lazy=\"1\"><\/a> <span class=\"sep\">|<\/span> Aktualisiert: <time class=\"entry-date\" datetime=\"2026-03-11T10:49:05+00:00\">M\u00e4rz 11, 2026<\/time><\/div>\n<h2 id=\"brief\"><i class=\"ico ico--assets\"><\/i>Kontotypen bei XM im \u00dcberblick<\/h2>\n<p>Wenn du bei XM mit dem Trading erste Erfahrungen sammeln m\u00f6chtest, kannst du ein Demokonto er\u00f6ffnen \u2013 das dauert nur wenige Minuten. Wenn du hingegen bereit bist, mit echtem Kapital zu handeln, kannst du eines der XM Echtgeldkonten er\u00f6ffnen.<\/p>\n<p>Bei XM kannst du zwischen zwei Trading-Kontotypen w\u00e4hlen. Jede Variante eignet sich f\u00fcr Trader mit unterschiedlichen Trading-Zielen und Pr\u00e4ferenzen.<\/p>\n<ul class=\"list-checks\">\n<li><strong>Ultra Low:<\/strong> Diese Option eignet sich besonders f\u00fcr Anf\u00e4nger, da sie den Handel mit Mikro-Lots unterst\u00fctzt. Das Ultra Low Konto bietet au\u00dferdem swapfreien Handel f\u00fcr Nutzer, denen das Zahlen oder Erhalten von Zinsen nicht erlaubt ist. Zudem f\u00e4llt bei diesem Kontotyp keine Kommission an, da die gesamten Kosten im Spread enthalten sind. Wenn du dieses Konto nutzt, kannst du Hauptw\u00e4hrungspaare mit Spreads ab 0,8 Pips handeln.<\/li>\n<li><strong>Zero:<\/strong> Wenn du dich f\u00fcr fortgeschritteneres Trading interessierst, kann ein Zero-Konto eine passende Wahl sein. Zwar werden keine Mikro-Lots unterst\u00fctzt, daf\u00fcr bietet dieser Kontotyp geringere Trading-Kosten mit Spreads bei Hauptw\u00e4hrungspaaren ab 0,0 Pips. Pro Lot und pro Seite wird eine kleine Kommission von 3,50 USD berechnet. Beachte jedoch, dass swapfreier Handel f\u00fcr Inhaber eines Zero-Kontos nicht verf\u00fcgbar ist.<\/li>\n<\/ul>\n<p>Es ist au\u00dferdem wichtig zu beachten, dass du je nach Wohnsitz m\u00f6glicherweise Zugriff auf zus\u00e4tzliche Kontotypen hast. F\u00fcr Trader aus Europa gilt beim Forex-Handel ein Hebel von bis zu 1:30, der sowohl f\u00fcr das Ultra Low als auch f\u00fcr das Zero-Konto gilt. Trader, die bestimmte Kriterien erf\u00fcllen, k\u00f6nnen sich jedoch f\u00fcr professionelle Trading-Konten qualifizieren und erhalten damit Zugang zu deutlich h\u00f6herem Hebel.<\/p>\n\n\t\t\t\t<div class=\"table\">\n\t\t\t\t\t<table class=\"table table-striped table-bordered\">\n\t\t\t\t\t\t<tr>\n\t\t\t\t\t\t\t<td style=\"width: 250px;\"><strong>Demokonto<\/strong><\/td>\n\t\t\t\t\t\t\t<td><img decoding=\"async\" width=\"24\" height=\"24\" src=\"\/wp-content\/themes\/best-brokers\/assets\/images\/ico-check.svg\" alt=\"Available\" \/><\/td>\n\t\t\t\t\t\t<\/tr>\n\t\t\t\t\t\t<tr>\n\t\t\t\t\t\t\t<td><strong>Islamic Account<\/strong><\/td>\n\t\t\t\t\t\t\t<td><img decoding=\"async\" width=\"24\" height=\"24\" src=\"\/wp-content\/themes\/best-brokers\/assets\/images\/ico-check.svg\" alt=\"Available\" \/><\/td>\n\t\t\t\t\t\t<\/tr>\n\t\t\t\t\t\t<tr>\n\t\t\t\t\t\t\t<td><strong>ECN-Konto<\/strong><\/td>\n\t\t\t\t\t\t\t<td><img decoding=\"async\" width=\"24\" height=\"24\" src=\"\/wp-content\/themes\/best-brokers\/assets\/images\/ico-xmark.svg\" alt=\"Not Available\" \/><\/td>\n\t\t\t\t\t\t<\/tr>\n\t\t\t\t\t\t<tr>\n\t\t\t\t\t\t\t<td><strong>Pro-Konto<\/strong><\/td>\n\t\t\t\t\t\t\t<td><img decoding=\"async\" width=\"24\" height=\"24\" src=\"\/wp-content\/themes\/best-brokers\/assets\/images\/ico-xmark.svg\" alt=\"Not Available\" \/><\/td>\n\t\t\t\t\t\t<\/tr>\n\t\t\t\t\t\t<tr>\n\t\t\t\t\t\t\t<td><strong>MAM Account<\/strong><\/td>\n\t\t\t\t\t\t\t<td><img decoding=\"async\" width=\"24\" height=\"24\" src=\"\/wp-content\/themes\/best-brokers\/assets\/images\/ico-xmark.svg\" alt=\"Not Available\" \/><\/td>\n\t\t\t\t\t\t<\/tr>\n\t\t\t\t\t<\/table>\n\t\t\t\t<\/div>\n\t\t\t\n<h2 id=\"deposit\"><i class=\"ico ico--money-supply\"><\/i>Mindesteinzahlung bei XM<\/h2>\n<p>Unabh\u00e4ngig davon, welchen Kontotyp du bei XM er\u00f6ffnen m\u00f6chtest, betr\u00e4gt die erforderliche Mindesteinzahlung 5 USD. Das ist eine sehr niedrige Einstiegsh\u00fcrde und erm\u00f6glicht es Nutzern, aus mehreren bequemen Zahlungsmethoden zu w\u00e4hlen, um ihr Trading-Konto aufzuladen. Wenn es jedoch darum geht, tats\u00e4chlich Trades zu platzieren, solltest du beachten, dass 5 USD bei Weitem nicht ausreichen, um eine Order zu er\u00f6ffnen. Selbst wenn du Mikro-Lots nutzt, entspricht ein Trade von 0,01 Lots einer Order von 1.000 Einheiten deiner Basisw\u00e4hrung. Deshalb empfehlen wir, gr\u00f6\u00dfere Betr\u00e4ge einzuzahlen, damit dein Trading-Konto ausreichend kapitalisiert ist.<\/p>\n<h2 id=\"instruments\"><i class=\"ico ico--common-technical-analysis-tools\"><\/i>Handelbare Instrumente bei XM<\/h2>\n<p>Bei XM haben Trader Zugang zu einer gro\u00dfen Auswahl an handelbaren M\u00e4rkten. Beliebte Plattformen wie MT4, MT5 und die XM App bieten Zugriff auf zahlreiche Forex- und CFD-Instrumente. Wenn W\u00e4hrungspaare dein bevorzugter Markt sind, kannst du von einer breiten Marktabdeckung profitieren und \u00fcber 50 W\u00e4hrungspaare handeln. Gleichzeitig umfasst das CFD-Angebot bei XM mehr als 1.400 Basiswerte, wodurch Trader sowohl auf steigende als auch auf fallende Kurse setzen k\u00f6nnen.<\/p>\n<p>Neben Forex deckt der Broker auch weitere M\u00e4rkte ab, darunter Rohstoffe, Aktien-CFDs, Edelmetalle, thematische Indizes, Aktienindizes und Energien. Unabh\u00e4ngig davon, welche Plattform du f\u00fcr dein Trading nutzt, profitierst du von einer breiten Marktabdeckung.<\/p>\n<h2 id=\"steps\"><i class=\"ico ico--account\"><\/i>Kontoregistrierung bei XM \u2013 dauert etwa 2 Minuten (Demo-Konto)<\/h2>\n<p>Wenn du XM beitreten und ein Demo-Konto er\u00f6ffnen m\u00f6chtest, um das Trading zu \u00fcben, kannst du dein Profil in weniger als 2 Minuten einrichten. Der gesamte Prozess ist sehr einfach und erfordert nur wenige Schritte.<\/p>\n<ol class=\"list list--steps\">\n<li>\n<p>Starte den Registrierungsprozess \u00fcber den Button \u201eGet Started\u201c auf der Startseite des Brokers.<\/p>\n<p>\t\t<img decoding=\"async\" src=\"https:\/\/www.bestbrokers.com\/wp-content\/uploads\/2024\/08\/xm-account-opening-1.webp\" alt=\"Registrierungsschritte\" width=\"900\" class=\"aligncenter\">\n    <\/li>\n<li>\n<p>W\u00e4hle deinen Wohnsitz aus und gib deine E-Mail-Adresse sowie dein Passwort ein, das du sp\u00e4ter f\u00fcr die Anmeldung in deinem XM-Profil verwendest. Klicke anschlie\u00dfend auf \u201eRegister\u201c.<\/p>\n<p>\t\t<img decoding=\"async\" src=\"https:\/\/www.bestbrokers.com\/wp-content\/uploads\/2024\/08\/xm-account-opening-2.webp\" alt=\"Registrierungsschritte\" width=\"900\" class=\"aligncenter\">\n    <\/li>\n<li>\n<p>Best\u00e4tige anschlie\u00dfend deine E-Mail-Adresse, indem du auf den XM-Link klickst, den du an deine E-Mail-Adresse erhalten hast.<\/p>\n<p>\t\t<img decoding=\"async\" src=\"https:\/\/www.bestbrokers.com\/wp-content\/uploads\/2024\/08\/xm-account-opening-3.webp\" alt=\"Registrierungsschritte\" width=\"350\" class=\"aligncenter\"><\/p>\n<p>\t\t<img decoding=\"async\" src=\"https:\/\/www.bestbrokers.com\/wp-content\/uploads\/2024\/08\/xm-account-opening-4.webp\" alt=\"Registrierungsschritte\" width=\"350\" class=\"aligncenter\"><\/p>\n<p>\t\t<img decoding=\"async\" src=\"https:\/\/www.bestbrokers.com\/wp-content\/uploads\/2024\/08\/xm-account-opening-5.webp\" alt=\"Registrierungsschritte\" width=\"350\" class=\"aligncenter\">\n    <\/li>\n<li>\n<p>Sobald du deine E-Mail best\u00e4tigt hast, kannst du mit einem Demo-Konto die Trading-Bedingungen bei XM erkunden. Wenn du jedoch mit echtem Geld handeln m\u00f6chtest, musst du dein Konto verifizieren.<\/p>\n<p>\t\t<img decoding=\"async\" src=\"https:\/\/www.bestbrokers.com\/wp-content\/uploads\/2024\/08\/xm-account-opening-6.webp\" alt=\"Registrierungsschritte\" width=\"900\" class=\"aligncenter\">\n    <\/li>\n<\/ol>\n<h2 id=\"verification\"><i class=\"ico ico--approve\"><\/i>Kontoverifizierung \u2013 dauert etwa 8\u201310 Minuten<\/h2>\n<p>Um ein Echtgeldkonto bei XM zu er\u00f6ffnen, musst du einige einfache Schritte zur Kontoverifizierung durchlaufen. Dieser Prozess kann etwas l\u00e4nger dauern als eine einfache Registrierung beim Broker. Wenn du jedoch den unten aufgef\u00fchrten Anweisungen folgst, kannst du die Zeit f\u00fcr die Erstellung deines Echtgeldkontos deutlich verk\u00fcrzen.<\/p>\n<ol class=\"list list--steps\">\n<li>\n<p>Beginne damit, einige pers\u00f6nliche Angaben zu machen, um dein XM-Profil zu vervollst\u00e4ndigen.<\/p>\n<p>\t\t<img decoding=\"async\" src=\"https:\/\/www.bestbrokers.com\/wp-content\/uploads\/2024\/08\/xm-account-opening-7.webp\" alt=\"Registrierungsschritte\" width=\"900\" class=\"aligncenter\">\n<\/li>\n<li>\n<p>Im n\u00e4chsten Schritt musst du weitere pers\u00f6nliche Informationen angeben, darunter auch einige steuerliche Angaben.<\/p>\n<p>\t\t<img decoding=\"async\" src=\"https:\/\/www.bestbrokers.com\/wp-content\/uploads\/2024\/08\/xm-account-opening-8.webp\" alt=\"Registrierungsschritte\" width=\"900\" class=\"aligncenter\">\n<\/li>\n<li>\n<p>Au\u00dferdem musst du Angaben zu deiner Staatsangeh\u00f6rigkeit machen, um mit der Kontoverifizierung fortzufahren.<\/p>\n<p>\t\t<img decoding=\"async\" src=\"https:\/\/www.bestbrokers.com\/wp-content\/uploads\/2024\/08\/xm-account-opening-9.webp\" alt=\"Registrierungsschritte\" width=\"900\" class=\"aligncenter\">\n<\/li>\n<li>\n<p>Sobald du alle vom Broker geforderten pers\u00f6nlichen Angaben gemacht hast, kannst du mit den finanziellen Angaben fortfahren. Um dein Anlegerprofil bei XM einzurichten, musst du einige Fragen beantworten, die du unten sehen kannst:<\/p>\n<p>\t\t<img decoding=\"async\" src=\"https:\/\/www.bestbrokers.com\/wp-content\/uploads\/2024\/08\/xm-account-opening-10.webp\" alt=\"Registrierungsschritte\" width=\"900\" class=\"aligncenter\"><br \/>\n\t\t<img decoding=\"async\" src=\"https:\/\/www.bestbrokers.com\/wp-content\/uploads\/2024\/08\/xm-account-opening-11.webp\" alt=\"Registrierungsschritte\" width=\"900\" class=\"aligncenter\"><br \/>\n\t\t<img decoding=\"async\" src=\"https:\/\/www.bestbrokers.com\/wp-content\/uploads\/2024\/08\/xm-account-opening-12.webp\" alt=\"Registrierungsschritte\" width=\"900\" class=\"aligncenter\"><br \/>\n\t\t<img decoding=\"async\" src=\"https:\/\/www.bestbrokers.com\/wp-content\/uploads\/2024\/08\/xm-account-opening-13.webp\" alt=\"Registrierungsschritte\" width=\"900\" class=\"aligncenter\">\n<\/li>\n<li>\n<p>Der letzte Schritt der Kontoverifizierung besteht darin, Fotos von Dokumenten hochzuladen, die als Identit\u00e4tsnachweis und Wohnsitznachweis dienen. In diesem Schritt wirst du aufgefordert, den Zugriff auf die Kamera deines Ger\u00e4ts zu erlauben, damit du die Kontoverifizierung schnell abschlie\u00dfen kannst.<\/p>\n<p>\t\t<img decoding=\"async\" src=\"https:\/\/www.bestbrokers.com\/wp-content\/uploads\/2024\/08\/xm-account-opening-14.webp\" alt=\"Registrierungsschritte\" width=\"900\" class=\"aligncenter\"><\/p>\n<p>\t\t<img decoding=\"async\" src=\"https:\/\/www.bestbrokers.com\/wp-content\/uploads\/2024\/08\/xm-account-opening-15.webp\" alt=\"Registrierungsschritte\" width=\"350\" class=\"aligncenter\"><\/p>\n<p>\t\t<img decoding=\"async\" src=\"https:\/\/www.bestbrokers.com\/wp-content\/uploads\/2024\/08\/xm-account-opening-16.webp\" alt=\"Registrierungsschritte\" width=\"350\" class=\"aligncenter\"><\/p>\n<p>\t\t<img decoding=\"async\" src=\"https:\/\/www.bestbrokers.com\/wp-content\/uploads\/2024\/08\/xm-account-opening-17.webp\" alt=\"Registrierungsschritte\" width=\"900\" class=\"aligncenter\">\n<\/li>\n<li>\n<p>Sobald du alle Dokumente eingereicht hast, wird deine Anfrage zur Kontoverifizierung vom XM-Team gepr\u00fcft.<\/p>\n<\/li>\n<\/ol>\n<h2 id=\"conclusion\"><i class=\"ico ico--pen\"><\/i>Fazit<\/h2>\n<p>Der Registrierungsprozess bei XM ist unkompliziert und schnell, insbesondere wenn du den Broker zun\u00e4chst mit einem Demo-Konto testen m\u00f6chtest. Selbst wenn du dich f\u00fcr ein Echtgeldkonto entscheidest, kannst du die erforderliche Kontoverifizierung in weniger als 10 Minuten abschlie\u00dfen. Zwar musst du einige finanzielle Angaben machen und Dokumente zur Best\u00e4tigung deiner Identit\u00e4t hochladen, doch dies geschieht zu deinem Schutz, da XM strenge KYC-Richtlinien (Know Your Customer) einh\u00e4lt, die von anerkannten Finanzaufsichtsbeh\u00f6rden vorgeschrieben sind.<\/p>\n","protected":false},"excerpt":{"rendered":"<p>Kontotypen bei XM im \u00dcberblick Wenn du bei XM mit dem Trading erste Erfahrungen sammeln m\u00f6chtest, kannst du ein Demokonto er\u00f6ffnen \u2013 das dauert nur wenige Minuten. Wenn du hingegen bereit bist, mit echtem Kapital zu handeln, kannst du eines der XM Echtgeldkonten er\u00f6ffnen. Bei XM kannst du zwischen zwei Trading-Kontotypen w\u00e4hlen. Jede Variante eignet [&hellip;]<\/p>\n","protected":false},"author":3,"featured_media":0,"parent":21699,"menu_order":0,"comment_status":"closed","ping_status":"closed","template":"templates\/review.php","meta":{"footnotes":""},"class_list":["post-59628","page","type-page","status-publish","hentry"],"aioseo_notices":[],"_links":{"self":[{"href":"https:\/\/www.bestbrokers.com\/de\/wp-json\/wp\/v2\/pages\/59628","targetHints":{"allow":["GET"]}}],"collection":[{"href":"https:\/\/www.bestbrokers.com\/de\/wp-json\/wp\/v2\/pages"}],"about":[{"href":"https:\/\/www.bestbrokers.com\/de\/wp-json\/wp\/v2\/types\/page"}],"author":[{"embeddable":true,"href":"https:\/\/www.bestbrokers.com\/de\/wp-json\/wp\/v2\/users\/3"}],"replies":[{"embeddable":true,"href":"https:\/\/www.bestbrokers.com\/de\/wp-json\/wp\/v2\/comments?post=59628"}],"version-history":[{"count":8,"href":"https:\/\/www.bestbrokers.com\/de\/wp-json\/wp\/v2\/pages\/59628\/revisions"}],"predecessor-version":[{"id":82630,"href":"https:\/\/www.bestbrokers.com\/de\/wp-json\/wp\/v2\/pages\/59628\/revisions\/82630"}],"up":[{"embeddable":true,"href":"https:\/\/www.bestbrokers.com\/de\/wp-json\/wp\/v2\/pages\/21699"}],"wp:attachment":[{"href":"https:\/\/www.bestbrokers.com\/de\/wp-json\/wp\/v2\/media?parent=59628"}],"curies":[{"name":"wp","href":"https:\/\/api.w.org\/{rel}","templated":true}]}}