{"id":59629,"date":"2025-03-19T09:36:52","date_gmt":"2025-03-19T09:36:52","guid":{"rendered":"https:\/\/www.bestbrokers.com\/?page_id=59629"},"modified":"2026-03-11T10:51:05","modified_gmt":"2026-03-11T10:51:05","slug":"account-opening","status":"publish","type":"page","link":"https:\/\/www.bestbrokers.com\/de\/reviews\/fxtm\/account-opening\/","title":{"rendered":"So er\u00f6ffnen Sie ein Konto bei FXTM"},"content":{"rendered":"<div class=\"author-line\">Geschrieben von <span class=\"author\">Naylyan Nazifova<div class=\"author-sub-box\"><div class=\"author-avatar\"><img decoding=\"async\" src=\"https:\/\/www.bestbrokers.com\/wp-content\/uploads\/2026\/04\/nnazifova.webp\" \/><\/div><div class=\"author-info-wrapper\"><div class=\"author-name\"><a href=\"https:\/\/www.bestbrokers.com\/de\/authors\/naylyan-nazifova\/\">Naylyan Nazifova<\/a><\/div><div class=\"author-bio\">Naylyan Nazifova ist eine anerkannte Expertin im Bereich des Online-Handels. Sie hat viele Ver\u00f6ffentlichungen und Analysen zu Themen wie Forex-Handel, Aktieninvestitionen und pers\u00f6nlicher Finanzplanung.<\/div><\/div><\/div><\/span>,  <a rel=\"nofollow\" target=\"_blank\" href=\"https:\/\/www.linkedin.com\/in\/naylian-nazifova-58562a272\/\"><img decoding=\"async\" class=\"social-icon\" src=\"https:\/\/www.bestbrokers.com\/wp-content\/themes\/best-brokers\/assets\/images\/icon-linkedin.svg\" data-no-lazy=\"1\"><\/a> <span class=\"sep\">|<\/span> \u00dcbersetzt von <span class=\"author\">Marcus Jungnickel<div class=\"author-sub-box\"><div class=\"author-avatar\"><img decoding=\"async\" src=\"https:\/\/www.bestbrokers.com\/wp-content\/uploads\/2025\/02\/Marcus-Jungnickel-150x150-2.webp\" \/><\/div><div class=\"author-info-wrapper\"><div class=\"author-name\"><a href=\"https:\/\/www.bestbrokers.com\/de\/authors\/marcus-jungnickel\/\">Marcus Jungnickel<\/a><\/div><div class=\"author-bio\">Marcus Jungnickel ist als \u00dcbersetzer und Redakteur auf die Fachgebiete Finanzen und Wirtschaft spezialisiert. Er betreut die deutsche Version von BestBrokers.com.<\/div><\/div><\/div><\/span>, <a rel=\"nofollow\" target=\"_blank\" href=\"https:\/\/www.linkedin.com\/in\/marcus-jungnickel-3545b3154\/\"><img decoding=\"async\" class=\"social-icon\" src=\"https:\/\/www.bestbrokers.com\/wp-content\/themes\/best-brokers\/assets\/images\/icon-linkedin.svg\" data-no-lazy=\"1\"><\/a> <span class=\"sep\">|<\/span> Aktualisiert: <time class=\"entry-date\" datetime=\"2026-03-11T10:51:05+00:00\">M\u00e4rz 11, 2026<\/time><\/div>\n<h2 id=\"brief\"><i class=\"ico ico--assets\"><\/i>Kontotypen bei FXTM<\/h2>\n<p>FXTM bietet drei verschiedene Trading-Konten an. Dadurch kannst du die Optionen vergleichen und das Konto w\u00e4hlen, das am besten zu deiner Trading-Erfahrung, deinen Zielen und deinem Budget passt. Das <strong>Advantage<\/strong>-Konto bietet Spreads ab 0.0 Pips sowie eine Kommission von 3.5 USD pro gehandeltem Lot im Forex-Handel. Neben W\u00e4hrungen umfasst die Auswahl handelbarer Instrumente bei diesem Kontotyp auch Spot-Metalle, Index-CFDs, Rohstoff-CFDs, Krypto-CFDs, Aktien-CFDs und ETFs (die letzten beiden sind ausschlie\u00dflich \u00fcber die MT5-Plattform verf\u00fcgbar).<\/p>\n<p>Der zweite Kontotyp, <strong>Advantage Plus<\/strong>, bietet breitere Spreads ab 1.5 Pips und keine Kommissionen. Die Auswahl handelbarer Instrumente entspricht der des Advantage-Kontos, wobei Aktien-CFDs und ETFs ebenfalls ausschlie\u00dflich \u00fcber die MT5-Plattform verf\u00fcgbar sind.<\/p>\n<p>Die dritte Kontooption, <strong>Advantage Stocks<\/strong>, bietet Spreads ab 6 Cent und keine Kommissionen. Wie der Name bereits andeutet, stehen hier ausschlie\u00dflich Aktien als handelbare Instrumente zur Verf\u00fcgung. Die ersten beiden Kontotypen erm\u00f6glichen Trading mit Hebel, w\u00e4hrend es sich bei der dritten Option um ein Konto ohne Hebel handelt.<\/p>\n<p>FXTM stellt einen detaillierten Vergleich der drei Kontotypen bereit, einschlie\u00dflich Informationen zu Mindesteinzahlung, Spreads, Kommissionen, handelbaren Instrumenten, unterst\u00fctzten W\u00e4hrungen sowie zum minimalen und maximalen Trading-Volumen. F\u00fcr die Konten Advantage und Advantage Plus ist zudem eine Swap-freie Option verf\u00fcgbar, wodurch sie sich auch f\u00fcr muslimische Trader eignen. Dar\u00fcber hinaus unterst\u00fctzt der Broker ein Demo-Konto, das eine simulierte Trading-Umgebung bietet und dir erm\u00f6glicht, verschiedene M\u00e4rkte zu testen, ohne echtes Kapital zu riskieren.<\/p>\n<p>Die Kontoer\u00f6ffnung bei FXTM ist unkompliziert und schnell abgeschlossen. Nutzer und Trader k\u00f6nnen sich auf einen reaktionsschnellen und professionellen Support verlassen \u2013 von der Erstellung des FXTM-Profils \u00fcber die Auswahl des passenden Kontotyps und die Einzahlung auf das Trading-Konto bis hin zum Login in die MT-Plattform und dem Platzieren des ersten Trades.<\/p>\n\n\t\t\t\t<div class=\"table\">\n\t\t\t\t\t<table class=\"table table-striped table-bordered\">\n\t\t\t\t\t\t<tr>\n\t\t\t\t\t\t\t<td style=\"width: 250px;\"><strong>Demokonto<\/strong><\/td>\n\t\t\t\t\t\t\t<td><img decoding=\"async\" width=\"24\" height=\"24\" src=\"\/wp-content\/themes\/best-brokers\/assets\/images\/ico-check.svg\" alt=\"Available\" \/><\/td>\n\t\t\t\t\t\t<\/tr>\n\t\t\t\t\t\t<tr>\n\t\t\t\t\t\t\t<td><strong>Islamic Account<\/strong><\/td>\n\t\t\t\t\t\t\t<td><img decoding=\"async\" width=\"24\" height=\"24\" src=\"\/wp-content\/themes\/best-brokers\/assets\/images\/ico-check.svg\" alt=\"Available\" \/><\/td>\n\t\t\t\t\t\t<\/tr>\n\t\t\t\t\t\t<tr>\n\t\t\t\t\t\t\t<td><strong>ECN-Konto<\/strong><\/td>\n\t\t\t\t\t\t\t<td><img decoding=\"async\" width=\"24\" height=\"24\" src=\"\/wp-content\/themes\/best-brokers\/assets\/images\/ico-xmark.svg\" alt=\"Not Available\" \/><\/td>\n\t\t\t\t\t\t<\/tr>\n\t\t\t\t\t\t<tr>\n\t\t\t\t\t\t\t<td><strong>Pro-Konto<\/strong><\/td>\n\t\t\t\t\t\t\t<td><img decoding=\"async\" width=\"24\" height=\"24\" src=\"\/wp-content\/themes\/best-brokers\/assets\/images\/ico-check.svg\" alt=\"Available\" \/><\/td>\n\t\t\t\t\t\t<\/tr>\n\t\t\t\t\t\t<tr>\n\t\t\t\t\t\t\t<td><strong>MAM Account<\/strong><\/td>\n\t\t\t\t\t\t\t<td><img decoding=\"async\" width=\"24\" height=\"24\" src=\"\/wp-content\/themes\/best-brokers\/assets\/images\/ico-xmark.svg\" alt=\"Not Available\" \/><\/td>\n\t\t\t\t\t\t<\/tr>\n\t\t\t\t\t<\/table>\n\t\t\t\t<\/div>\n\t\t\t\n<h2 id=\"deposit\"><i class=\"ico ico--money-supply\"><\/i>Mindesteinzahlung bei FXTM<\/h2>\n<p>Die Mindesteinzahlung f\u00fcr die drei Trading-Konten von FXTM \u2013 Advantage, Advantage Plus und Advantage Stocks \u2013 betr\u00e4gt 200 USD \/ 200 \u20ac \/ 200 \u00a3. Obwohl der Mindestbetrag bei allen drei Optionen identisch ist, unterscheiden sich die Trading-Bedingungen.<\/p>\n<p>Das Advantage-Konto bietet Spreads ab 0.0 Pips sowie eine Kommission von 3.5 USD pro gehandeltem Lot im Forex-Handel. Der Kontotyp Advantage Plus bietet etwas h\u00f6here Spreads ab 1.5 Pips und keine Kommissionen auf alle handelbaren Instrumente. Beim Kontotyp Advantage Stocks fallen ebenfalls keine Kommissionen auf Aktien an, w\u00e4hrend die Spreads ab 6 Cent beginnen. Das minimale Trading-Volumen pro Order betr\u00e4gt bei allen drei Kontotypen 0.01 Lots. Das maximale Volumen liegt bei 100 Lots f\u00fcr die Konten Advantage und Advantage Plus sowie unbegrenzt beim Advantage-Stocks-Konto.<\/p>\n<p>Trader sollten au\u00dferdem beachten, dass der Broker eine pauschale Transaktionsgeb\u00fchr von 3 USD auf alle Ein- und Auszahlungen unter 30 USD oder dem entsprechenden Gegenwert in einer anderen W\u00e4hrung erhebt.<\/p>\n<h2 id=\"instruments\"><i class=\"ico ico--common-technical-analysis-tools\"><\/i>Welche handelbaren Instrumente gibt es bei FXTM<\/h2>\n<p>Das Trading-Angebot von FXTM umfasst mehr als 1.000 Instrumente mit besonders schneller Orderausf\u00fchrung. Zu den wichtigsten M\u00e4rkten des Brokers z\u00e4hlen Forex, Spot-Metalle, Aktien, Aktien-CFDs, Rohstoffe, Indizes, ETFs und Kryptow\u00e4hrungen. Die Verf\u00fcgbarkeit kann je nach Land und den dort geltenden regulatorischen Vorgaben variieren.<\/p>\n<p>Im Forex-Handel bietet FXTM mehr als 60 W\u00e4hrungspaare, darunter Haupt-, Neben- und exotische Paare. Trader k\u00f6nnen au\u00dferdem von Kursbewegungen bei Edelmetallen wie Gold und Silber profitieren, die gegen W\u00e4hrungen wie EUR, USD und GBP gehandelt werden. Auch Aktien er\u00f6ffnen interessante Trading-M\u00f6glichkeiten, da du von Kursbewegungen bekannter Unternehmen wie Facebook, Apple oder Tesla profitieren kannst. Dabei kannst du sowohl Long- als auch Short-Positionen auf Aktienkurse verschiedener Unternehmen aus gro\u00dfen B\u00f6rsenindizes eingehen.<\/p>\n<p>Zum Produktangebot von FXTM geh\u00f6rt au\u00dferdem der Handel mit Rohstoffen wie Erdgas, Brent und Roh\u00f6l. Auch der Handel mit Aktienindizes bietet spannende M\u00f6glichkeiten, da Trader hier an den Kursbewegungen eines gesamten Aktienportfolios partizipieren k\u00f6nnen. Nicht zuletzt zieht auch der Kryptow\u00e4hrungsmarkt mit seinen starken Kursschwankungen viele Trader an, die auf Preisbewegungen von Bitcoin, Ripple, Ethereum und weiteren Kryptow\u00e4hrungen spekulieren m\u00f6chten.<\/p>\n<p>Der Broker hat zudem die beliebtesten Trading-Plattformen der Branche integriert \u2013 MetaTrader 4 und MetaTrader 5 \u2013 jeweils mit umfangreichen Charts und Tools, die dich beim Trading unterst\u00fctzen und dir helfen, deine Trading-F\u00e4higkeiten weiterzuentwickeln. Zu den verf\u00fcgbaren Trading-Tools f\u00fcr CFD-Trader geh\u00f6ren unter anderem ein Pip-Rechner, ein Wirtschaftskalender, Risiko- und Gewinnrechner sowie Trading-Signale, die dich dabei unterst\u00fctzen, Trading-Chancen optimal zu nutzen.<\/p>\n<h2 id=\"steps\"><i class=\"ico ico--account\"><\/i>Registrierungsprozess bei FXTM \u2013 dauert etwa 5 Minuten<\/h2>\n<ol class=\"list list--steps\">\n<li>\n\t\tUm den Registrierungsprozess bei FXTM zu starten, solltest du auf die Schaltfl\u00e4che \u201eOpen Account\u201c oben rechts auf der Website klicken.<\/p>\n<p>\t\t<img decoding=\"async\" src=\"https:\/\/www.bestbrokers.com\/wp-content\/uploads\/2025\/02\/fxtm-registration-1-1.webp\" alt=\"FXTM Registration Step 1\" class=\"aligncenter\">\n    <\/li>\n<li>\n\t\tAnschlie\u00dfend musst du ein Registrierungsformular ausf\u00fcllen. Darin werden Informationen wie Vor- und Nachname, Wohnsitz, Mobiltelefonnummer, E-Mail-Adresse und Passwort abgefragt. Nutzer des Brokers m\u00fcssen au\u00dferdem angeben, auf welchem Weg ihr Konto verifiziert werden soll \u2013 entweder per SMS und E-Mail oder \u00fcber WhatsApp.<\/p>\n<p>\t\t<img decoding=\"async\" src=\"https:\/\/www.bestbrokers.com\/wp-content\/uploads\/2025\/02\/fxtm-registration-2-1.webp\" alt=\"FXTM Registration Step 2\" class=\"aligncenter\">\n    <\/li>\n<li>\n\t\tIm n\u00e4chsten Schritt der Kontoer\u00f6ffnung w\u00e4hlst du einen Kontotyp \u2013 Advantage, Advantage Stocks oder Advantage Plus \u2013 je nach deinen pers\u00f6nlichen Trading-Pr\u00e4ferenzen. Du kannst zun\u00e4chst auch ein Demo-Konto ausw\u00e4hlen. Diese Option steht f\u00fcr die Kontotypen Advantage und Advantage Plus zur Verf\u00fcgung.<\/p>\n<p>\t\t<img decoding=\"async\" src=\"https:\/\/www.bestbrokers.com\/wp-content\/uploads\/2025\/02\/fxtm-registration-3-1.webp\" alt=\"FXTM Registration Step 3\" class=\"aligncenter\">\n    <\/li>\n<li>\n\t\tNachdem du einen passenden Kontotyp ausgew\u00e4hlt hast, folgt der n\u00e4chste Schritt: das Ausf\u00fcllen des Kontoantrags. Hier werden Angaben wie Geschlecht, Geburtsdatum, beruflicher Bereich, Position im Unternehmen, Staatsangeh\u00f6rigkeit, Steueridentifikationsnummer, Stadt, vollst\u00e4ndige Adresse und Herkunft der finanziellen Mittel abgefragt.<\/p>\n<p>\t\t<img decoding=\"async\" src=\"https:\/\/www.bestbrokers.com\/wp-content\/uploads\/2025\/02\/fxtm-registration-4-1.webp\" alt=\"FXTM Registration Step 4\" class=\"aligncenter\">\n    <\/li>\n<li>\n\t\tAls N\u00e4chstes w\u00e4hlst du die Kontow\u00e4hrung (EUR, USD oder GBP), den gew\u00fcnschten Hebel sowie ein Passwort f\u00fcr dein Trading-Konto.<\/p>\n<p>\t\t<img decoding=\"async\" src=\"https:\/\/www.bestbrokers.com\/wp-content\/uploads\/2025\/02\/fxtm-registration-5-1.webp\" alt=\"FXTM Registration Step 5\" class=\"aligncenter\">\n    <\/li>\n<li>\n\t\tSobald dein neues Trading-Konto erstellt wurde, kannst du Einzahlungen von bis zu 10.000 USD vor Abschluss der Konto-Verifizierung vornehmen. Zu den unterst\u00fctzten Einzahlungsmethoden geh\u00f6ren E-Wallets (Skrill und Neteller) sowie verschiedene Kryptow\u00e4hrungen (Tether, BTC, ETH, TRX und weitere). Die verf\u00fcgbaren Zahlungsmethoden k\u00f6nnen je nach Wohnsitz der Trader variieren.<\/p>\n<p>\t\t<img decoding=\"async\" src=\"https:\/\/www.bestbrokers.com\/wp-content\/uploads\/2025\/02\/fxtm-registration-6-1.webp\" alt=\"FXTM Registration Step 6\" class=\"aligncenter\">\n    <\/li>\n<\/ol>\n<h2 id=\"verification\"><i class=\"ico ico--approve\"><\/i>Identit\u00e4tsverifizierung bei FXTM \u2013 dauert etwa 5 Minuten<\/h2>\n<p>F\u00fcr den vollst\u00e4ndigen Zugriff auf alle Funktionen von FXTM m\u00fcssen Trader ihr Profil verifizieren und Dokumente zur Identit\u00e4tspr\u00fcfung sowie einen Wohnsitznachweis hochladen. Dies ist ein standardm\u00e4\u00dfiger Bestandteil der AML- und KYC-Richtlinien.<\/p>\n<p><img decoding=\"async\" src=\"https:\/\/www.bestbrokers.com\/wp-content\/uploads\/2025\/02\/fxtm-registration-7-1.webp\" alt=\"FXTM Registration Step 7\" class=\"aligncenter\"><\/p>\n<ol class=\"list list--steps\">\n<li>\n<h3>Identit\u00e4tsdokument (ID)<\/h3>\n<p>\t\tDokumente, die f\u00fcr die Konto-Verifizierung bei FXTM akzeptiert werden, sind unter anderem Reisepass, Personalausweis, F\u00fchrerschein oder Aufenthaltstitel. Der Broker akzeptiert gescannte Kopien sowie Fotos mit dem Smartphone von Vorder- und R\u00fcckseite der Ausweisdokumente. Die zul\u00e4ssigen Bildformate und die maximale Dateigr\u00f6\u00dfe sind klar angegeben.<\/p>\n<p>\t\tDamit die Dokumente akzeptiert werden, m\u00fcssen die hochgeladenen Ausweise gut lesbar sein und d\u00fcrfen keine Unsch\u00e4rfen oder Schatten enthalten. Weitere verpflichtende Angaben, die deutlich sichtbar sein m\u00fcssen, sind der vollst\u00e4ndige Name, Ausstellungs- und Ablaufdatum, Geburtsort und Geburtsdatum sowie gegebenenfalls die Steueridentifikationsnummer. Trader k\u00f6nnen sich auch Beispiele f\u00fcr g\u00fcltige Dokumente ansehen.<\/p>\n<p>\t\t<img decoding=\"async\" src=\"https:\/\/www.bestbrokers.com\/wp-content\/uploads\/2025\/02\/fxtm-registration-8-1.webp\" alt=\"FXTM Registration Step 8\" class=\"aligncenter\">\n<\/li>\n<li>\n\t\tZu den akzeptierten Dokumenten als Wohnsitznachweis bei FXTM geh\u00f6ren unter anderem Konto- oder Kartenabrechnungen, Rechnungen von Versorgungsunternehmen, Wohnsitzbescheinigungen, Versicherungsabrechnungen, Mietvertr\u00e4ge oder Fahrzeugzulassungen. Diese Dokumente m\u00fcssen innerhalb der letzten drei Monate ausgestellt worden sein. Wenn das im ersten Schritt der Verifizierung eingereichte Ausweisdokument bereits die Adresse des Traders enth\u00e4lt, ist ein zus\u00e4tzlicher Adressnachweis m\u00f6glicherweise nicht erforderlich.\n\t<\/li>\n<\/ol>\n<h2 id=\"conclusion\"><i class=\"ico ico--pen\"><\/i>Fazit<\/h2>\n<p>FXTM ist ein etablierter Forex- und CFD-Broker. Die Kontoer\u00f6ffnung und Verifizierung sind unkompliziert und lassen sich in wenigen Minuten starten. Im Registrierungsformular werden pers\u00f6nliche Daten sowie Kontaktdaten abgefragt. Sobald diese Angaben \u00fcbermittelt wurden, m\u00fcssen Trader ihre Identit\u00e4t und ihren Wohnsitz im Rahmen der \u00fcblichen AML- und KYC-Verfahren best\u00e4tigen. Die vollst\u00e4ndige Verifizierung kann etwas Zeit in Anspruch nehmen und dauert in der Regel zwischen 1 und 3 Werktagen \u2013 abh\u00e4ngig von der Qualit\u00e4t der eingereichten Dokumente und der aktuellen Auslastung des FXTM-Supportteams.<\/p>\n","protected":false},"excerpt":{"rendered":"<p>Kontotypen bei FXTM FXTM bietet drei verschiedene Trading-Konten an. Dadurch kannst du die Optionen vergleichen und das Konto w\u00e4hlen, das am besten zu deiner Trading-Erfahrung, deinen Zielen und deinem Budget passt. Das Advantage-Konto bietet Spreads ab 0.0 Pips sowie eine Kommission von 3.5 USD pro gehandeltem Lot im Forex-Handel. Neben W\u00e4hrungen umfasst die Auswahl handelbarer [&hellip;]<\/p>\n","protected":false},"author":2,"featured_media":0,"parent":21420,"menu_order":0,"comment_status":"closed","ping_status":"closed","template":"templates\/review.php","meta":{"footnotes":""},"class_list":["post-59629","page","type-page","status-publish","hentry"],"aioseo_notices":[],"_links":{"self":[{"href":"https:\/\/www.bestbrokers.com\/de\/wp-json\/wp\/v2\/pages\/59629","targetHints":{"allow":["GET"]}}],"collection":[{"href":"https:\/\/www.bestbrokers.com\/de\/wp-json\/wp\/v2\/pages"}],"about":[{"href":"https:\/\/www.bestbrokers.com\/de\/wp-json\/wp\/v2\/types\/page"}],"author":[{"embeddable":true,"href":"https:\/\/www.bestbrokers.com\/de\/wp-json\/wp\/v2\/users\/2"}],"replies":[{"embeddable":true,"href":"https:\/\/www.bestbrokers.com\/de\/wp-json\/wp\/v2\/comments?post=59629"}],"version-history":[{"count":8,"href":"https:\/\/www.bestbrokers.com\/de\/wp-json\/wp\/v2\/pages\/59629\/revisions"}],"predecessor-version":[{"id":82631,"href":"https:\/\/www.bestbrokers.com\/de\/wp-json\/wp\/v2\/pages\/59629\/revisions\/82631"}],"up":[{"embeddable":true,"href":"https:\/\/www.bestbrokers.com\/de\/wp-json\/wp\/v2\/pages\/21420"}],"wp:attachment":[{"href":"https:\/\/www.bestbrokers.com\/de\/wp-json\/wp\/v2\/media?parent=59629"}],"curies":[{"name":"wp","href":"https:\/\/api.w.org\/{rel}","templated":true}]}}