{"id":59630,"date":"2025-03-19T09:36:52","date_gmt":"2025-03-19T09:36:52","guid":{"rendered":"https:\/\/www.bestbrokers.com\/?page_id=59630"},"modified":"2026-03-11T10:52:37","modified_gmt":"2026-03-11T10:52:37","slug":"account-opening","status":"publish","type":"page","link":"https:\/\/www.bestbrokers.com\/de\/reviews\/ig\/account-opening\/","title":{"rendered":"So er\u00f6ffnen Sie ein Konto bei IG"},"content":{"rendered":"<div class=\"author-line\">Geschrieben von <span class=\"author\">Naylyan Nazifova<div class=\"author-sub-box\"><div class=\"author-info-wrapper\"><div class=\"author-name\"><a href=\"https:\/\/www.bestbrokers.com\/de\/authors\/naylyan-nazifova\/\">Naylyan Nazifova<\/a><\/div><div class=\"author-bio\">Naylyan Nazifova ist eine anerkannte Expertin im Bereich des Online-Handels. Sie hat viele Ver\u00f6ffentlichungen und Analysen zu Themen wie Forex-Handel, Aktieninvestitionen und pers\u00f6nlicher Finanzplanung.<\/div><\/div><\/div><\/span>,  <a rel=\"nofollow\" target=\"_blank\" href=\"https:\/\/www.linkedin.com\/in\/naylian-nazifova-58562a272\/\"><img decoding=\"async\" class=\"social-icon\" src=\"https:\/\/www.bestbrokers.com\/wp-content\/themes\/best-brokers\/assets\/images\/icon-linkedin.svg\" data-no-lazy=\"1\"><\/a> <span class=\"sep\">|<\/span> \u00dcbersetzt von <span class=\"author\">Marcus Jungnickel<div class=\"author-sub-box\"><div class=\"author-avatar\"><img decoding=\"async\" src=\"https:\/\/www.bestbrokers.com\/wp-content\/uploads\/2025\/02\/Marcus-Jungnickel-150x150-2.webp\" \/><\/div><div class=\"author-info-wrapper\"><div class=\"author-name\"><a href=\"https:\/\/www.bestbrokers.com\/de\/authors\/marcus-jungnickel\/\">Marcus Jungnickel<\/a><\/div><div class=\"author-bio\">Marcus Jungnickel ist als \u00dcbersetzer und Redakteur auf die Fachgebiete Finanzen und Wirtschaft spezialisiert. Er betreut die deutsche Version von BestBrokers.com.<\/div><\/div><\/div><\/span>, <a rel=\"nofollow\" target=\"_blank\" href=\"https:\/\/www.linkedin.com\/in\/marcus-jungnickel-3545b3154\/\"><img decoding=\"async\" class=\"social-icon\" src=\"https:\/\/www.bestbrokers.com\/wp-content\/themes\/best-brokers\/assets\/images\/icon-linkedin.svg\" data-no-lazy=\"1\"><\/a> <span class=\"sep\">|<\/span> Aktualisiert: <time class=\"entry-date\" datetime=\"2026-03-11T10:52:37+00:00\">M\u00e4rz 11, 2026<\/time><\/div>\n<h2 id=\"brief\"><i class=\"ico ico--assets\"><\/i>Kontotypen bei IG<\/h2>\n<p>Als angesehener Online-Broker bietet IG verschiedene Kontotypen an, um den unterschiedlichen Anforderungen und Zielen von Tradern gerecht zu werden. Bei der Wahl eines Kontotyps empfiehlt der Broker, mehrere wichtige Punkte zu ber\u00fccksichtigen. Dazu z\u00e4hlen deine Trading-Ziele und Aktivit\u00e4tszeitr\u00e4ume, bevorzugte M\u00e4rkte, deine Erfahrung, deine Risikobereitschaft sowie dein verf\u00fcgbares Trading-Budget. Trader k\u00f6nnen zwischen zwei Hauptkategorien von Trading-Konten w\u00e4hlen: Konten mit Hebel und Konten ohne Hebel.<\/p>\n<p>Die erste Kategorie der Konten mit Hebel umfasst Spread-Betting- und CFD-Konten:<\/p>\n<ul class=\"list-checks\">\n<li><strong>Spread Betting:<\/strong> Dieser Kontotyp erm\u00f6glicht es Tradern, von Kursschwankungen von Verm\u00f6genswerten zu profitieren, indem sie Long- oder Short-Positionen eingehen, ohne die zugrunde liegenden Verm\u00f6genswerte kaufen zu m\u00fcssen. Spread Betting ist besonders bei Tradern aus dem Vereinigten K\u00f6nigreich beliebt, da diese Form des Tradings dort steuerfrei ist.<\/li>\n<li><strong>CFD-Konto:<\/strong> Dabei handelt es sich ebenfalls um eine spekulative Form des Tradings, die \u2013 \u00e4hnlich wie Spread Betting \u2013 keinen Besitz der zugrunde liegenden Verm\u00f6genswerte beinhaltet. Im Gegensatz zum Spread Betting, das von der Kapitalertragsteuer befreit ist, k\u00f6nnen Gewinne aus CFD-Trades mit Verlusten verrechnet werden.<\/li>\n<\/ul>\n<p>F\u00fcr keines dieser Instrumente f\u00e4llt eine Stempelsteuer an. \u00dcber ein Spread-Betting- oder CFD-Konto bei IG kannst du auf eine gro\u00dfe Auswahl an M\u00e4rkten zugreifen, darunter Forex, Aktien, Aktienindizes, Metalle, Energien, Kryptow\u00e4hrungen und Rohstoffe \u2013 insgesamt mehr als 17.000 handelbare Instrumente.<\/p>\n<p>F\u00fcr die Er\u00f6ffnung eines CFD-Kontos bei IG gibt es keine Mindesteinzahlung. Der Broker verdient in der Regel \u00fcber den Spread oder alternativ \u00fcber eine kleine Kommission, die beim Handel mit Aktien anf\u00e4llt.<\/p>\n<p>Die zweite Hauptkategorie der IG-Konten umfasst Konten ohne Hebel (Investmentkonten). Dazu geh\u00f6ren ein Share-Dealing-Konto, ein Stocks-and-Shares-ISA-Konto, ein IG Smart Portfolio-Konto sowie ein IG Smart ISA Portfolio-Konto. Zus\u00e4tzlich zu diesen Optionen k\u00f6nnen Nutzer auch ein Demokonto er\u00f6ffnen. Dieses ist besonders hilfreich, um Trading zu lernen, da du dort mit 20.000 USD virtuellem Guthaben \u00fcben kannst.<\/p>\n<p>Trader sollten beachten, dass die Verf\u00fcgbarkeit dieser Konten je nach Wohnsitz und den geltenden Vorschriften im jeweiligen Land variieren kann.<\/p>\n\n\t\t\t\t<div class=\"table\">\n\t\t\t\t\t<table class=\"table table-striped table-bordered\">\n\t\t\t\t\t\t<tr>\n\t\t\t\t\t\t\t<td style=\"width: 250px;\"><strong>Demokonto<\/strong><\/td>\n\t\t\t\t\t\t\t<td><img decoding=\"async\" width=\"24\" height=\"24\" src=\"\/wp-content\/themes\/best-brokers\/assets\/images\/ico-check.svg\" alt=\"Available\" \/><\/td>\n\t\t\t\t\t\t<\/tr>\n\t\t\t\t\t\t<tr>\n\t\t\t\t\t\t\t<td><strong>Islamic Account<\/strong><\/td>\n\t\t\t\t\t\t\t<td><img decoding=\"async\" width=\"24\" height=\"24\" src=\"\/wp-content\/themes\/best-brokers\/assets\/images\/ico-xmark.svg\" alt=\"Not Available\" \/><\/td>\n\t\t\t\t\t\t<\/tr>\n\t\t\t\t\t\t<tr>\n\t\t\t\t\t\t\t<td><strong>ECN-Konto<\/strong><\/td>\n\t\t\t\t\t\t\t<td><img decoding=\"async\" width=\"24\" height=\"24\" src=\"\/wp-content\/themes\/best-brokers\/assets\/images\/ico-xmark.svg\" alt=\"Not Available\" \/><\/td>\n\t\t\t\t\t\t<\/tr>\n\t\t\t\t\t\t<tr>\n\t\t\t\t\t\t\t<td><strong>Pro-Konto<\/strong><\/td>\n\t\t\t\t\t\t\t<td><img decoding=\"async\" width=\"24\" height=\"24\" src=\"\/wp-content\/themes\/best-brokers\/assets\/images\/ico-check.svg\" alt=\"Available\" \/><\/td>\n\t\t\t\t\t\t<\/tr>\n\t\t\t\t\t\t<tr>\n\t\t\t\t\t\t\t<td><strong>MAM Account<\/strong><\/td>\n\t\t\t\t\t\t\t<td><img decoding=\"async\" width=\"24\" height=\"24\" src=\"\/wp-content\/themes\/best-brokers\/assets\/images\/ico-xmark.svg\" alt=\"Not Available\" \/><\/td>\n\t\t\t\t\t\t<\/tr>\n\t\t\t\t\t<\/table>\n\t\t\t\t<\/div>\n\t\t\t\n<h2 id=\"deposit\"><i class=\"ico ico--money-supply\"><\/i>Mindesteinzahlung bei IG<\/h2>\n<p>Wie bereits erw\u00e4hnt, gibt es f\u00fcr ein CFD-Trading-Konto bei IG keine Mindestanforderung an das Kontoguthaben. Sobald Trader ihr Live-Trading-Konto er\u00f6ffnet haben und mit dem Handel beginnen, verdient der Broker haupts\u00e4chlich \u00fcber den Spread oder \u00fcber eine kleine Kommission, die beim Aktienhandel anf\u00e4llt. Auch wenn der Broker keine Mindesteinzahlung verlangt, solltest du beachten, dass es eine minimale Kontraktgr\u00f6\u00dfe gibt, die eingehalten werden muss.<\/p>\n<p>Trader k\u00f6nnen den Preis pro Kontrakt selbst w\u00e4hlen, wobei f\u00fcr neue Nutzer unterschiedliche Mindestkontraktgr\u00f6\u00dfen gelten k\u00f6nnen. Die Kontraktgr\u00f6\u00dfe bei IG h\u00e4ngt vom jeweiligen Markt und vom gehandelten Instrument ab. Im Forex-Handel entspricht ein Standard-Lot in der Regel 100.000 Einheiten der Basisw\u00e4hrung.<\/p>\n<p>Es ist jedoch erw\u00e4hnenswert, dass IG f\u00fcr einige M\u00e4rkte auch Mini- und Mikro-Kontrakte anbietet. Ein Mini-Kontrakt im Forex-Handel entspricht 10.000 Einheiten der Basisw\u00e4hrung, w\u00e4hrend ein Mikro-Kontrakt 1.000 Einheiten der Basisw\u00e4hrung umfasst.<\/p>\n<h2 id=\"instruments\"><i class=\"ico ico--common-technical-analysis-tools\"><\/i>Handelbare Instrumente bei IG<\/h2>\n<p>IG er\u00f6ffnet Zugang zu einer gro\u00dfen Auswahl an Trading-M\u00f6glichkeiten mit mehr als 17.000 M\u00e4rkten. Abh\u00e4ngig von deinen Pr\u00e4ferenzen kannst du Indizes, Forex, \u00fcber 13.000 Aktien, Rohstoffe und Kryptow\u00e4hrungen handeln. Auch spezielle M\u00e4rkte des Brokers wie Anleihen,Zinsm\u00e4rkte und Optionen k\u00f6nnen interessant sein. Forex-Trader k\u00f6nnen sowohl von steigenden als auch von fallenden Kursen bei mehr als 90 Haupt-, Neben- und exotischen W\u00e4hrungspaaren profitieren.<\/p>\n<p>Zu den Drittanbieter-Plattformen, mit denen IG zusammenarbeitet, geh\u00f6ren L2 Dealer, ProRealTime, MetaTrader 4 und TradingView. Dar\u00fcber hinaus stehen Nutzern zahlreiche Trading-Tools zur Verf\u00fcgung, darunter ein Aktien-Screener, ein Wirtschaftskalender f\u00fcr Trader, ein Trade-Analyse-Tool, Trading-Benachrichtigungen, Trading-Charts, Trading-Signale sowie Forex-Signale.<\/p>\n<p>Diese M\u00e4rkte und Tools kannst du auch \u00fcber ein Demokonto erkunden. Damit l\u00e4sst sich das Trading in einer simulierten Umgebung \u00fcber Tausende von M\u00e4rkten \u00fcben und verbessern. Das virtuelle Guthaben betr\u00e4gt 20.000 USD. Zus\u00e4tzlich erh\u00e4ltst du Zugriff auf exklusive Lerninhalte der IG Academy. Die mobilen Apps, die kostenlos heruntergeladen werden k\u00f6nnen, erm\u00f6glichen es Tradern au\u00dferdem, ihre Strategien auch unterwegs zu testen.<\/p>\n<h2 id=\"steps\"><i class=\"ico ico--account\"><\/i>Registrierungsprozess bei IG \u2013 dauert etwa 5 Minuten<\/h2>\n<ol class=\"list list--steps\">\n<li>\n\t\tUm ein Konto bei IG zu er\u00f6ffnen, klicke auf die Schaltfl\u00e4che \u201eCreate live account\u201c oben rechts auf der Startseite des Brokers.<\/p>\n<p>\t\t<img decoding=\"async\" src=\"https:\/\/www.bestbrokers.com\/wp-content\/uploads\/2025\/02\/ig-registration-1.webp\" alt=\"IG Registrierung Schritt 1\" class=\"aligncenter\">\n    <\/li>\n<li>\n\t\tAnschlie\u00dfend wirst du zu einem Antragsformular weitergeleitet, \u00fcber das du dein Live-Konto in wenigen Minuten einrichten kannst. Zu den erforderlichen Angaben geh\u00f6ren dein Vorname, Nachname und deine E-Mail-Adresse. Au\u00dferdem musst du einen Benutzernamen erstellen und ein Passwort festlegen. Danach w\u00e4hlst du aus einem Dropdown-Men\u00fc deinen Wohnsitz sowie den Kontotyp aus, den du er\u00f6ffnen m\u00f6chtest.<\/p>\n<p>\t\t<img decoding=\"async\" src=\"https:\/\/www.bestbrokers.com\/wp-content\/uploads\/2025\/02\/ig-registration-2.webp\" alt=\"IG Registrierung Schritt 2\" class=\"aligncenter\">\n    <\/li>\n<li>\n\t\tNachdem du das Antragsformular ausgef\u00fcllt hast, werden noch einige weitere Angaben ben\u00f6tigt, bevor du mit dem Trading beginnen kannst. Im n\u00e4chsten Formular musst du folgende Informationen angeben: dein Geburtsdatum, die internationale Vorwahl deines Wohnsitzes, deine Telefonnummer, die bevorzugte Methode f\u00fcr den Erhalt deiner Kontoausz\u00fcge sowie deine Staatsangeh\u00f6rigkeit.<\/p>\n<p>\t\t<img decoding=\"async\" src=\"https:\/\/www.bestbrokers.com\/wp-content\/uploads\/2025\/02\/ig-registration-3.webp\" alt=\"IG Registrierung Schritt 3\" class=\"aligncenter\">\n    <\/li>\n<li>\n\t\tIm n\u00e4chsten Schritt des Registrierungsprozesses musst du weitere Angaben zu deiner Wohnadresse sowie deiner Postleitzahl machen.<\/p>\n<p>\t\t<img decoding=\"async\" src=\"https:\/\/www.bestbrokers.com\/wp-content\/uploads\/2025\/02\/ig-registration-4.webp\" alt=\"IG Registrierung Schritt 4\" class=\"aligncenter\">\n    <\/li>\n<li>\n\t\tIm darauffolgenden Schritt des Registrierungsprozesses musst du Angaben zu deiner finanziellen Situation machen. Dazu geh\u00f6ren dein j\u00e4hrliches Einkommen, der Wert deiner Ersparnisse und Investitionen sowie die Herkunft deiner Mittel. Au\u00dferdem sind einige Angaben zu deiner beruflichen Situation erforderlich, darunter dein Besch\u00e4ftigungsstatus, die Branche sowie deine berufliche T\u00e4tigkeit.<\/p>\n<p>\t\t<img decoding=\"async\" src=\"https:\/\/www.bestbrokers.com\/wp-content\/uploads\/2025\/02\/ig-registration-5.webp\" alt=\"IG Registrierung Schritt 5\" class=\"aligncenter\">\n    <\/li>\n<li>\n\t\tDer sechste und letzte Schritt betrifft deine relevante Erfahrung. Auf Grundlage dieser Angaben kann der Broker gegebenenfalls weitere Informationen anfordern. Du musst deine Trading-Erfahrung mit verschiedenen Produkten angeben, darunter Aktien und Anleihen, b\u00f6rsengehandelte Derivate sowie OTC-Derivate in den letzten drei Jahren. Au\u00dferdem musst du angeben, ob du \u00fcber Erfahrung oder Qualifikationen im Zusammenhang mit den vom Unternehmen angebotenen Produkten verf\u00fcgst.<\/p>\n<p>\t\tAbschlie\u00dfend musst du eine Erkl\u00e4rung lesen und best\u00e4tigen, dass dir die Risiken des CFD- und Optionshandels bewusst sind, sowie deine Marketingpr\u00e4ferenzen angeben.<\/p>\n<p>\t\t<img decoding=\"async\" src=\"https:\/\/www.bestbrokers.com\/wp-content\/uploads\/2025\/02\/ig-registration-6.webp\" alt=\"IG Registrierung Schritt 6\" class=\"aligncenter\">\n    <\/li>\n<\/ol>\n<h2 id=\"verification\"><i class=\"ico ico--approve\"><\/i>Identit\u00e4tsverifizierung \u2013 dauert etwa 5 Minuten<\/h2>\n<p>\n\tNach Abschluss der Kontoer\u00f6ffnung muss ein Trader den Prozess zur Identit\u00e4tsverifizierung durchf\u00fchren. IG verlangt in der Regel zwei Dokumente: eines zur Best\u00e4tigung der Identit\u00e4t und eines als Adressnachweis. Alternativ k\u00f6nnen auch zwei Identit\u00e4tsnachweise eingereicht werden. Das Hochladen dieser Dokumente dauert nur wenige Minuten, und sobald sie gepr\u00fcft und best\u00e4tigt wurden, k\u00f6nnen Nutzer ihren ersten Trade beim Broker platzieren.\n<\/p>\n<p>\n\tBeim Hochladen der Dokumente zur Best\u00e4tigung der Identit\u00e4t und Adresse solltest du darauf achten, dass alle Informationen klar erkennbar und scharf abgebildet sind.\n<\/p>\n<ol class=\"list list--steps\">\n<li>\n<h3>Identit\u00e4tsnachweis<\/h3>\n<p>\t\tAls Identit\u00e4tsnachweis k\u00f6nnen IG-Nutzer einen Reisepass, Personalausweis oder F\u00fchrerschein verwenden, auf dem das Foto sowie das Ablaufdatum des Dokuments sichtbar sind. Mehrere Dateien k\u00f6nnen gleichzeitig hochgeladen werden. Wenn dein Ausweis zweiseitig ist, solltest du beide Seiten des Dokuments hochladen.\n\t<\/li>\n<li>\n<h3>Adressnachweis<\/h3>\n<p>\t\tAls Adressnachweis k\u00f6nnen Trader verschiedene allgemein akzeptierte Dokumente verwenden, zum Beispiel eine Strom- oder Gasrechnung, Kontoausz\u00fcge, Kreditkartenabrechnungen, Internetrechnungen, Mietvertr\u00e4ge oder Schreiben einer lokalen Beh\u00f6rde. Unabh\u00e4ngig vom gew\u00e4hlten Dokument musst du sicherstellen, dass der Name und die Adresse auf dem Dokument mit den Angaben im Antragsformular \u00fcbereinstimmen. Das Dokument darf au\u00dferdem nicht \u00e4lter als drei Monate sein. Zus\u00e4tzlich muss der Name und das Logo der ausstellenden Institution klar sichtbar sein.<\/p>\n<p>\t\tBei Kontoausz\u00fcgen und anderen Dokumenten von Banken ist es erforderlich, dass der Kontoname, die Kontonummer, der Sort-Code sowie die ausstellende Bank ersichtlich sind. Screenshots aus dem Online-Banking werden akzeptiert, solange sie die pers\u00f6nlichen Kontodaten sowie die Angaben der ausstellenden Bank enthalten.\n\t<\/li>\n<\/ol>\n<h2 id=\"conclusion\"><i class=\"ico ico--pen\"><\/i>Fazit<\/h2>\n<p>\n\tInsgesamt l\u00e4sst sich sagen, dass die Kontoer\u00f6ffnung und Identit\u00e4tsverifizierung bei IG relativ einfach und unkompliziert abl\u00e4uft. Die Website und die mobile App des Brokers sind \u00fcbersichtlich gestaltet und leicht zu navigieren, wodurch der Prozess der Kontoerstellung problemlos durchgef\u00fchrt werden kann. W\u00e4hrend der Registrierung stellt der Broker klare Anweisungen bereit, mit eigenen Bereichen f\u00fcr pers\u00f6nliche Angaben, Adressdaten, finanzielle Informationen und Trading-Erfahrung. Auch das Hochladen der erforderlichen Dokumente zur Identit\u00e4ts- und Adressverifizierung ist unkompliziert, wobei die Pr\u00fcfung in der Regel innerhalb von 1 \u2013 2 Werktagen abgeschlossen ist. Au\u00dferdem steht das Support-Team des Brokers bereit, um bei Fragen oder m\u00f6glichen Problemen w\u00e4hrend der Kontoer\u00f6ffnung und Verifizierung zu helfen.<\/p>\n","protected":false},"excerpt":{"rendered":"<p>Kontotypen bei IG Als angesehener Online-Broker bietet IG verschiedene Kontotypen an, um den unterschiedlichen Anforderungen und Zielen von Tradern gerecht zu werden. Bei der Wahl eines Kontotyps empfiehlt der Broker, mehrere wichtige Punkte zu ber\u00fccksichtigen. Dazu z\u00e4hlen deine Trading-Ziele und Aktivit\u00e4tszeitr\u00e4ume, bevorzugte M\u00e4rkte, deine Erfahrung, deine Risikobereitschaft sowie dein verf\u00fcgbares Trading-Budget. Trader k\u00f6nnen zwischen zwei [&hellip;]<\/p>\n","protected":false},"author":2,"featured_media":0,"parent":21428,"menu_order":0,"comment_status":"closed","ping_status":"closed","template":"templates\/review.php","meta":{"footnotes":""},"class_list":["post-59630","page","type-page","status-publish","hentry"],"aioseo_notices":[],"_links":{"self":[{"href":"https:\/\/www.bestbrokers.com\/de\/wp-json\/wp\/v2\/pages\/59630","targetHints":{"allow":["GET"]}}],"collection":[{"href":"https:\/\/www.bestbrokers.com\/de\/wp-json\/wp\/v2\/pages"}],"about":[{"href":"https:\/\/www.bestbrokers.com\/de\/wp-json\/wp\/v2\/types\/page"}],"author":[{"embeddable":true,"href":"https:\/\/www.bestbrokers.com\/de\/wp-json\/wp\/v2\/users\/2"}],"replies":[{"embeddable":true,"href":"https:\/\/www.bestbrokers.com\/de\/wp-json\/wp\/v2\/comments?post=59630"}],"version-history":[{"count":8,"href":"https:\/\/www.bestbrokers.com\/de\/wp-json\/wp\/v2\/pages\/59630\/revisions"}],"predecessor-version":[{"id":82632,"href":"https:\/\/www.bestbrokers.com\/de\/wp-json\/wp\/v2\/pages\/59630\/revisions\/82632"}],"up":[{"embeddable":true,"href":"https:\/\/www.bestbrokers.com\/de\/wp-json\/wp\/v2\/pages\/21428"}],"wp:attachment":[{"href":"https:\/\/www.bestbrokers.com\/de\/wp-json\/wp\/v2\/media?parent=59630"}],"curies":[{"name":"wp","href":"https:\/\/api.w.org\/{rel}","templated":true}]}}