{"id":59631,"date":"2025-03-19T09:36:53","date_gmt":"2025-03-19T09:36:53","guid":{"rendered":"https:\/\/www.bestbrokers.com\/?page_id=59631"},"modified":"2026-03-11T10:54:20","modified_gmt":"2026-03-11T10:54:20","slug":"account-opening","status":"publish","type":"page","link":"https:\/\/www.bestbrokers.com\/de\/reviews\/blackbull-markets\/account-opening\/","title":{"rendered":"So er\u00f6ffnen Sie ein Konto bei BlackBull Markets"},"content":{"rendered":"<div class=\"author-line\">Geschrieben von <span class=\"author\">Naylyan Nazifova<div class=\"author-sub-box\"><div class=\"author-avatar\"><img decoding=\"async\" src=\"https:\/\/www.bestbrokers.com\/wp-content\/uploads\/2026\/04\/nnazifova.webp\" \/><\/div><div class=\"author-info-wrapper\"><div class=\"author-name\"><a href=\"https:\/\/www.bestbrokers.com\/de\/authors\/naylyan-nazifova\/\">Naylyan Nazifova<\/a><\/div><div class=\"author-bio\">Naylyan Nazifova ist eine anerkannte Expertin im Bereich des Online-Handels. Sie hat viele Ver\u00f6ffentlichungen und Analysen zu Themen wie Forex-Handel, Aktieninvestitionen und pers\u00f6nlicher Finanzplanung.<\/div><\/div><\/div><\/span>,  <a rel=\"nofollow\" target=\"_blank\" href=\"https:\/\/www.linkedin.com\/in\/naylian-nazifova-58562a272\/\"><img decoding=\"async\" class=\"social-icon\" src=\"https:\/\/www.bestbrokers.com\/wp-content\/themes\/best-brokers\/assets\/images\/icon-linkedin.svg\" data-no-lazy=\"1\"><\/a> <span class=\"sep\">|<\/span> \u00dcbersetzt von <span class=\"author\">Marcus Jungnickel<div class=\"author-sub-box\"><div class=\"author-avatar\"><img decoding=\"async\" src=\"https:\/\/www.bestbrokers.com\/wp-content\/uploads\/2025\/02\/Marcus-Jungnickel-150x150-2.webp\" \/><\/div><div class=\"author-info-wrapper\"><div class=\"author-name\"><a href=\"https:\/\/www.bestbrokers.com\/de\/authors\/marcus-jungnickel\/\">Marcus Jungnickel<\/a><\/div><div class=\"author-bio\">Marcus Jungnickel ist als \u00dcbersetzer und Redakteur auf die Fachgebiete Finanzen und Wirtschaft spezialisiert. Er betreut die deutsche Version von BestBrokers.com.<\/div><\/div><\/div><\/span>, <a rel=\"nofollow\" target=\"_blank\" href=\"https:\/\/www.linkedin.com\/in\/marcus-jungnickel-3545b3154\/\"><img decoding=\"async\" class=\"social-icon\" src=\"https:\/\/www.bestbrokers.com\/wp-content\/themes\/best-brokers\/assets\/images\/icon-linkedin.svg\" data-no-lazy=\"1\"><\/a> <span class=\"sep\">|<\/span> Aktualisiert: <time class=\"entry-date\" datetime=\"2026-03-11T10:54:20+00:00\">M\u00e4rz 11, 2026<\/time><\/div>\n<h2 id=\"brief\"><i class=\"ico ico--assets\"><\/i>Kontotypen bei BlackBull Markets<\/h2>\n<p>Abh\u00e4ngig von deiner Erfahrung, deiner Risikobereitschaft und deinen allgemeinen Trading-Zielen kannst du bei BlackBull Markets verschiedene Konten er\u00f6ffnen. Sobald du das Registrierungsformular \u00f6ffnest, kannst du ein Demokonto einrichten. Damit kannst du das Trading mit virtuellem Guthaben \u00fcben, ohne echtes Geld zu riskieren, w\u00e4hrend du gleichzeitig die Grundlagen des Forex-Handels kennenlernst.<\/p>\n<p>Der Schwerpunkt liegt nat\u00fcrlich auf dem Live-Trading. Deshalb bietet der Broker mehrere Kontomodelle an, die zu unterschiedlichen Trading-Stilen passen. Bei BlackBull kannst du zwischen drei Live-Konten w\u00e4hlen:<\/p>\n<ol class=\"list list--steps orange\">\n<li><strong>ECN Standard:<\/strong> Das erste Kontomodell, ECN Standard, eignet sich besonders f\u00fcr Anf\u00e4nger, da keine Mindesteinzahlung erforderlich ist. Das bedeutet, dass Trader so viel einzahlen k\u00f6nnen, wie sie m\u00f6chten. Der Handel mit Micro-Lots ist mit einer Mindestpositionsgr\u00f6\u00dfe von 0,01 Lots m\u00f6glich. Die Spreads beginnen bei 0,8 Pips und es f\u00e4llt keine Kommission pro Trade an.<\/li>\n<li><strong>ECN Prime:<\/strong> Wenn du deine Trading-Kosten reduzieren m\u00f6chtest, kannst du das ECN Prime Konto w\u00e4hlen, das engere Spreads ab 0,1 Pips bietet. Pro Lot f\u00e4llt eine Roundtrip-Kommission von 6 USD an, dennoch sind die gesamten Trading-Kosten insgesamt niedriger.<\/li>\n<li><strong>ECN Institutional:<\/strong> Trader, die gr\u00f6\u00dfere Volumen handeln m\u00f6chten, k\u00f6nnen das ECN Profi-Konto nutzen. Die Spreads beginnen bereits ab 0,0 Pips und die Roundtrip-Kommission betr\u00e4gt nur 4 USD.<\/li>\n<\/ol>\n<p>Wie du siehst, bieten alle Kontomodelle eine ECN-Orderausf\u00fchrung. Diese Kontotypen unterst\u00fctzen Micro-Lots und bieten denselben maximalen Hebel von 1:500. Au\u00dferdem unterst\u00fctzen die Konten ECN Standard und ECN Prime swapfreies Trading f\u00fcr muslimische Trader. Wenn du dir unsicher bist, welcher Kontotyp am besten zu dir passt, stellt BlackBull Markets ein kurzes Quiz bereit, das dir bei der Entscheidung hilft.<\/p>\n\n\t\t\t\t<div class=\"table\">\n\t\t\t\t\t<table class=\"table table-striped table-bordered\">\n\t\t\t\t\t\t<tr>\n\t\t\t\t\t\t\t<td style=\"width: 250px;\"><strong>Demokonto<\/strong><\/td>\n\t\t\t\t\t\t\t<td><img decoding=\"async\" width=\"24\" height=\"24\" src=\"\/wp-content\/themes\/best-brokers\/assets\/images\/ico-check.svg\" alt=\"Available\" \/><\/td>\n\t\t\t\t\t\t<\/tr>\n\t\t\t\t\t\t<tr>\n\t\t\t\t\t\t\t<td><strong>Islamic Account<\/strong><\/td>\n\t\t\t\t\t\t\t<td><img decoding=\"async\" width=\"24\" height=\"24\" src=\"\/wp-content\/themes\/best-brokers\/assets\/images\/ico-check.svg\" alt=\"Available\" \/><\/td>\n\t\t\t\t\t\t<\/tr>\n\t\t\t\t\t\t<tr>\n\t\t\t\t\t\t\t<td><strong>ECN-Konto<\/strong><\/td>\n\t\t\t\t\t\t\t<td><img decoding=\"async\" width=\"24\" height=\"24\" src=\"\/wp-content\/themes\/best-brokers\/assets\/images\/ico-check.svg\" alt=\"Available\" \/><\/td>\n\t\t\t\t\t\t<\/tr>\n\t\t\t\t\t\t<tr>\n\t\t\t\t\t\t\t<td><strong>Pro-Konto<\/strong><\/td>\n\t\t\t\t\t\t\t<td><img decoding=\"async\" width=\"24\" height=\"24\" src=\"\/wp-content\/themes\/best-brokers\/assets\/images\/ico-check.svg\" alt=\"Available\" \/><\/td>\n\t\t\t\t\t\t<\/tr>\n\t\t\t\t\t\t<tr>\n\t\t\t\t\t\t\t<td><strong>MAM Account<\/strong><\/td>\n\t\t\t\t\t\t\t<td><img decoding=\"async\" width=\"24\" height=\"24\" src=\"\/wp-content\/themes\/best-brokers\/assets\/images\/ico-check.svg\" alt=\"Available\" \/><\/td>\n\t\t\t\t\t\t<\/tr>\n\t\t\t\t\t<\/table>\n\t\t\t\t<\/div>\n\t\t\t\n<h2 id=\"deposit\"><i class=\"ico ico--money-supply\"><\/i>Einzahlung bei BlackBull Markets<\/h2>\n<p>BlackBull Markets hat seine Kontomodelle so gestaltet, dass sie zu unterschiedlichen Trading-Volumen und Einzahlungspr\u00e4ferenzen passen. Wir empfehlen Anf\u00e4ngern das ECN Standard Konto, da hier keine Mindesteinzahlung erforderlich ist und du so viel einzahlen kannst, wie du m\u00f6chtest. Dabei m\u00f6chten wir jedoch betonen, dass die Mindestkontraktgr\u00f6\u00dfe f\u00fcr dieses Konto 0,01 Lots betr\u00e4gt, was 1.000 Einheiten in der Basisw\u00e4hrung des Kontos entspricht. Das bedeutet, dass Trader mindestens 1.000 USD auf ihrem Kontostand haben m\u00fcssen, um Orders platzieren zu k\u00f6nnen.<\/p>\n<p>Wenn du bereits mehr Erfahrung hast und deine Trading-Kosten reduzieren m\u00f6chtest, kannst du ein ECN Prime Konto bei BlackBull Markets er\u00f6ffnen. Daf\u00fcr ist eine Mindesteinzahlung von 2.000 USD erforderlich. In Anbetracht der Mindestkontraktgr\u00f6\u00dfe von 0,01 Lots halten wir diese Mindesteinzahlung f\u00fcr diesen Kontotyp f\u00fcr angemessen.<\/p>\n<p>Wie bereits erw\u00e4hnt, eignet sich das ECN Profi-Konto besonders f\u00fcr Trader mit gro\u00dfem Trading-Volumen, da eine Mindesteinzahlung von 20.000 USD erforderlich ist. Gr\u00f6\u00dfere Trades k\u00f6nnen sehr profitabel sein, da die Trading-Kosten deutlich reduziert sind.<\/p>\n<h2 id=\"instruments\"><i class=\"ico ico--common-technical-analysis-tools\"><\/i>Welche handelbaren Instrumente gibt es bei BlackBull Markets?<\/h2>\n<p>Unabh\u00e4ngig vom Kontotyp hast du Zugriff auf eine breite Auswahl an Trading-Plattformen und kannst insgesamt 26.000 Instrumente handeln. Zu den verf\u00fcgbaren M\u00e4rkten geh\u00f6ren Forex, Aktien, Rohstoffe, Indizes, Futures und Kryptow\u00e4hrungen. Der Broker arbeitet mit bekannten Drittanbieter-Plattformen wie cTrader, MT4, MT5 und TradingView zusammen. Zus\u00e4tzlich hat BlackBull Markets eine eigene CopyTrader-Plattform entwickelt, mit der du erfolgreiche Signalgeber verfolgen und deren Trades automatisch kopieren kannst.<\/p>\n<p>Wenn du dich f\u00fcr den Handel mit W\u00e4hrungspaaren interessierst, findest du im Forex-Bereich mehr als 60 handelbare Paare, darunter Major-, Minor- und exotische W\u00e4hrungen. Wenn dich besonders der Aktienmarkt interessiert, kannst du au\u00dferdem die Plattform BlackBull Invest nutzen. Diese bietet Zugang zu tausenden Aktien, Anleihen, ETFs, Optionen und weiteren Verm\u00f6genswerten.<\/p>\n<h2 id=\"steps\"><i class=\"ico ico--account\"><\/i>Registrierung bei BlackBull Markets \u2013 dauert etwa 1 \u2013 2 Minuten<\/h2>\n<ol class=\"list list--steps\">\n<li>\n\t\tUm dich bei BlackBull Markets anzumelden, klicke auf der Startseite der Website des Brokers auf die Schaltfl\u00e4che \u201eJoin Now\u201c.<\/p>\n<p>\t\t<img decoding=\"async\" src=\"https:\/\/www.bestbrokers.com\/wp-content\/uploads\/2025\/02\/blackbull-markets-registration-1.webp\" alt=\"BlackBull Markets Registration Step 1\" class=\"aligncenter\">\n    <\/li>\n<li>\n\t\tDu wirst zur Registrierungsseite weitergeleitet, auf der du deine E-Mail-Adresse eingeben musst, um fortzufahren. Alternativ kannst du dich auch mit deinem Google-, Apple- oder Facebook-Konto registrieren.<\/p>\n<p>\t\t<img decoding=\"async\" src=\"https:\/\/www.bestbrokers.com\/wp-content\/uploads\/2025\/02\/blackbull-markets-registration-2.webp\" alt=\"BlackBull Markets Registration Step 2\" class=\"aligncenter\">\n    <\/li>\n<li>\n\t\tGib die erforderlichen Daten f\u00fcr die Registrierung ein und w\u00e4hle aus, ob du ein Demo- oder Live-Konto er\u00f6ffnen m\u00f6chtest. Best\u00e4tige au\u00dferdem, dass du keinen Wohnsitz in den USA hast, und stimme den Richtlinien von BlackBull Markets zu.<\/p>\n<p>\t\t<img decoding=\"async\" src=\"https:\/\/www.bestbrokers.com\/wp-content\/uploads\/2025\/02\/blackbull-markets-registration-3.webp\" alt=\"BlackBull Markets Registration Step 3\" class=\"aligncenter\">\n    <\/li>\n<li>\n\t\tIm n\u00e4chsten Schritt gibst du zus\u00e4tzliche Informationen zu deinem Trading-Konto, deiner Adresse sowie weitere Angaben zu deiner Identifikation an.<\/p>\n<p>\t\t<img decoding=\"async\" src=\"https:\/\/www.bestbrokers.com\/wp-content\/uploads\/2025\/02\/blackbull-markets-registration-4.webp\" alt=\"BlackBull Markets Registration Step 4\" class=\"aligncenter\">\n    <\/li>\n<li>\n\t\tIm n\u00e4chsten Schritt legst du deine Trading-Pr\u00e4ferenzen fest. Dazu geh\u00f6ren der Kontotyp, die Basisw\u00e4hrung, der Hebel sowie die Trading-Plattform.<\/p>\n<p>\t\t<img decoding=\"async\" src=\"https:\/\/www.bestbrokers.com\/wp-content\/uploads\/2025\/02\/blackbull-markets-registration-5.webp\" alt=\"BlackBull Markets Registration Step 5\" class=\"aligncenter\">\n    <\/li>\n<li>\n\t\tAnschlie\u00dfend gibst du Informationen zu deiner Besch\u00e4ftigung sowie zu den finanziellen Mitteln an, die dir f\u00fcr das Trading zur Verf\u00fcgung stehen. Dadurch kann der Broker deine Trading-Erfahrung besser einsch\u00e4tzen.<\/p>\n<p>\t\t<img decoding=\"async\" src=\"https:\/\/www.bestbrokers.com\/wp-content\/uploads\/2025\/02\/blackbull-markets-registration-6.webp\" alt=\"BlackBull Markets Registration Step 6\" class=\"aligncenter\">\n    <\/li>\n<\/ol>\n<h2 id=\"verification\"><i class=\"ico ico--approve\"><\/i>Identit\u00e4tsverifizierung bei BlackBull Markets \u2013 dauert etwa 5 Minuten<\/h2>\n<p>Um ein Live-Trading-Konto bei BlackBull Markets zu er\u00f6ffnen, musst du zus\u00e4tzlich deine Identit\u00e4t und Adresse verifizieren. Dieser Prozess kann etwas l\u00e4nger dauern als die Registrierung. Wir erkl\u00e4ren dir jedoch, welche Dokumente erforderlich sind, und f\u00fchren dich durch den Ablauf, damit du diesen Schritt m\u00f6glichst schnell abschlie\u00dfen kannst.<\/p>\n<ol class=\"list list--steps\">\n<li>\n<p>\t\tNachdem du den Fragebogen zu deiner Besch\u00e4ftigung abgeschlossen hast, kannst du zum n\u00e4chsten Schritt \u00fcbergehen, bei dem ein Identit\u00e4tsnachweis erforderlich ist. Daf\u00fcr l\u00e4dst du Bilder eines Dokuments wie beispielsweise deines F\u00fchrerscheins oder Reisepasses hoch. Achte darauf, die Anweisungen in diesem Abschnitt genau zu befolgen.<\/p>\n<p>\t\t<img decoding=\"async\" src=\"https:\/\/www.bestbrokers.com\/wp-content\/uploads\/2025\/02\/blackbull-markets-registration-7.webp\" alt=\"BlackBull Markets Registration Step 7\" class=\"aligncenter\">\n<\/li>\n<li>\n\t\tTrader m\u00fcssen au\u00dferdem einen Adressnachweis einreichen. Dazu l\u00e4dst du beispielsweise eine Versorgerrechnung, einen Kontoauszug oder ein anderes relevantes Dokument hoch. Beachte, dass das Dokument die Anforderungen erf\u00fcllen muss, die im Abschnitt \u201eImportant Information\u201c aufgef\u00fchrt sind.<\/p>\n<p>\t\t<img decoding=\"async\" src=\"https:\/\/www.bestbrokers.com\/wp-content\/uploads\/2025\/02\/blackbull-markets-registration-8.webp\" alt=\"BlackBull Markets Registration Step 8\" class=\"aligncenter\">\n<\/li>\n<li>\n\t\tSobald du die erforderlichen Dokumente hochgeladen hast, wird dein Antrag auf ein Live-Trading-Konto vom Team von BlackBull Markets gepr\u00fcft. In der Zwischenzeit kannst du bereits dein Trading-Konto aufladen und aus mehreren praktischen Zahlungsmethoden w\u00e4hlen.<\/p>\n<p>\t\t<img decoding=\"async\" src=\"https:\/\/www.bestbrokers.com\/wp-content\/uploads\/2025\/02\/blackbull-markets-registration-9.webp\" alt=\"BlackBull Markets Registration Step 9\" class=\"aligncenter\">\n<\/li>\n<\/ol>\n<h2 id=\"conclusion\"><i class=\"ico ico--pen\"><\/i>Fazit<\/h2>\n<p>Viele Forex-Trader werden die einfache Registrierung bei BlackBull Markets zu sch\u00e4tzen wissen. Wer ein Demokonto er\u00f6ffnen m\u00f6chte, kann bereits wenige Minuten nach Beginn der Anmeldung mit virtuellem Guthaben traden. Trader, die direkt mit echtem Geld starten m\u00f6chten, k\u00f6nnen ebenfalls in nur wenigen Schritten ein Live-Konto er\u00f6ffnen. Auch die Identit\u00e4tspr\u00fcfung ist unkompliziert. Wenn du die erforderlichen Dokumente vorbereitet hast, kannst du diesen Schritt in etwa 5 Minuten oder sogar schneller abschlie\u00dfen.<\/p>\n","protected":false},"excerpt":{"rendered":"<p>Kontotypen bei BlackBull Markets Abh\u00e4ngig von deiner Erfahrung, deiner Risikobereitschaft und deinen allgemeinen Trading-Zielen kannst du bei BlackBull Markets verschiedene Konten er\u00f6ffnen. Sobald du das Registrierungsformular \u00f6ffnest, kannst du ein Demokonto einrichten. Damit kannst du das Trading mit virtuellem Guthaben \u00fcben, ohne echtes Geld zu riskieren, w\u00e4hrend du gleichzeitig die Grundlagen des Forex-Handels kennenlernst. Der [&hellip;]<\/p>\n","protected":false},"author":2,"featured_media":0,"parent":21444,"menu_order":0,"comment_status":"closed","ping_status":"closed","template":"templates\/review.php","meta":{"footnotes":""},"class_list":["post-59631","page","type-page","status-publish","hentry"],"aioseo_notices":[],"_links":{"self":[{"href":"https:\/\/www.bestbrokers.com\/de\/wp-json\/wp\/v2\/pages\/59631","targetHints":{"allow":["GET"]}}],"collection":[{"href":"https:\/\/www.bestbrokers.com\/de\/wp-json\/wp\/v2\/pages"}],"about":[{"href":"https:\/\/www.bestbrokers.com\/de\/wp-json\/wp\/v2\/types\/page"}],"author":[{"embeddable":true,"href":"https:\/\/www.bestbrokers.com\/de\/wp-json\/wp\/v2\/users\/2"}],"replies":[{"embeddable":true,"href":"https:\/\/www.bestbrokers.com\/de\/wp-json\/wp\/v2\/comments?post=59631"}],"version-history":[{"count":11,"href":"https:\/\/www.bestbrokers.com\/de\/wp-json\/wp\/v2\/pages\/59631\/revisions"}],"predecessor-version":[{"id":82633,"href":"https:\/\/www.bestbrokers.com\/de\/wp-json\/wp\/v2\/pages\/59631\/revisions\/82633"}],"up":[{"embeddable":true,"href":"https:\/\/www.bestbrokers.com\/de\/wp-json\/wp\/v2\/pages\/21444"}],"wp:attachment":[{"href":"https:\/\/www.bestbrokers.com\/de\/wp-json\/wp\/v2\/media?parent=59631"}],"curies":[{"name":"wp","href":"https:\/\/api.w.org\/{rel}","templated":true}]}}