{"id":59632,"date":"2025-03-19T09:36:53","date_gmt":"2025-03-19T09:36:53","guid":{"rendered":"https:\/\/www.bestbrokers.com\/?page_id=59632"},"modified":"2026-03-11T10:55:49","modified_gmt":"2026-03-11T10:55:49","slug":"account-opening","status":"publish","type":"page","link":"https:\/\/www.bestbrokers.com\/de\/reviews\/global-prime\/account-opening\/","title":{"rendered":"So er\u00f6ffnen Sie ein Konto bei Global Prime"},"content":{"rendered":"<div class=\"author-line\">Geschrieben von <span class=\"author\">Naylyan Nazifova<div class=\"author-sub-box\"><div class=\"author-avatar\"><img decoding=\"async\" src=\"https:\/\/www.bestbrokers.com\/wp-content\/uploads\/2026\/04\/nnazifova.webp\" \/><\/div><div class=\"author-info-wrapper\"><div class=\"author-name\"><a href=\"https:\/\/www.bestbrokers.com\/de\/authors\/naylyan-nazifova\/\">Naylyan Nazifova<\/a><\/div><div class=\"author-bio\">Naylyan Nazifova ist eine anerkannte Expertin im Bereich des Online-Handels. Sie hat viele Ver\u00f6ffentlichungen und Analysen zu Themen wie Forex-Handel, Aktieninvestitionen und pers\u00f6nlicher Finanzplanung.<\/div><\/div><\/div><\/span>,  <a rel=\"nofollow\" target=\"_blank\" href=\"https:\/\/www.linkedin.com\/in\/naylian-nazifova-58562a272\/\"><img decoding=\"async\" class=\"social-icon\" src=\"https:\/\/www.bestbrokers.com\/wp-content\/themes\/best-brokers\/assets\/images\/icon-linkedin.svg\" data-no-lazy=\"1\"><\/a> <span class=\"sep\">|<\/span> \u00dcbersetzt von <span class=\"author\">Marcus Jungnickel<div class=\"author-sub-box\"><div class=\"author-avatar\"><img decoding=\"async\" src=\"https:\/\/www.bestbrokers.com\/wp-content\/uploads\/2025\/02\/Marcus-Jungnickel-150x150-2.webp\" \/><\/div><div class=\"author-info-wrapper\"><div class=\"author-name\"><a href=\"https:\/\/www.bestbrokers.com\/de\/authors\/marcus-jungnickel\/\">Marcus Jungnickel<\/a><\/div><div class=\"author-bio\">Marcus Jungnickel ist als \u00dcbersetzer und Redakteur auf die Fachgebiete Finanzen und Wirtschaft spezialisiert. Er betreut die deutsche Version von BestBrokers.com.<\/div><\/div><\/div><\/span>, <a rel=\"nofollow\" target=\"_blank\" href=\"https:\/\/www.linkedin.com\/in\/marcus-jungnickel-3545b3154\/\"><img decoding=\"async\" class=\"social-icon\" src=\"https:\/\/www.bestbrokers.com\/wp-content\/themes\/best-brokers\/assets\/images\/icon-linkedin.svg\" data-no-lazy=\"1\"><\/a> <span class=\"sep\">|<\/span> Aktualisiert: <time class=\"entry-date\" datetime=\"2026-03-11T10:55:49+00:00\">M\u00e4rz 11, 2026<\/time><\/div>\n<h2 id=\"brief\"><i class=\"ico ico--assets\"><\/i>Kontotypen bei Global Prime<\/h2>\n<p>Global Prime erm\u00f6glicht den Handel mit Forex und CFDs \u00fcber mehrere Kontotypen, die jeweils attraktive Bedingungen f\u00fcr unterschiedliche Trader bieten. Wenn du noch wenig Erfahrung im Trading hast oder dich zun\u00e4chst mit der Trading-Umgebung von Global Prime vertraut machen m\u00f6chtest, kannst du ein Demokonto er\u00f6ffnen und mit virtuellem Guthaben handeln.<\/p>\n<p>Das Demokonto bei Global Prime ist verf\u00fcgbar, sobald du dein Konto erstellt hast \u2013 ein schneller und unkomplizierter Prozess. Du kannst es mit bis zu 1.000.000 USD virtuellem Kapital ausstatten und so unter realen Marktbedingungen handeln, ohne echtes Geld zu riskieren.<\/p>\n<p>Sobald du bereit bist, mit echtem Geld zu handeln, kannst du zwischen zwei Kontotypen f\u00fcr Trader w\u00e4hlen. Abh\u00e4ngig von deinen Trading-Zielen kannst du entweder ein Standard-Konto nutzen oder ein Raw-Trading-Konto er\u00f6ffnen. Beide Varianten bieten einige Gemeinsamkeiten, darunter den Handel mit Micro-Lots sowie eine maximale Positionsgr\u00f6\u00dfe von 1.000 Lots.<\/p>\n<p>Der wichtigste Unterschied zwischen Standard- und Raw-Konten liegt in den Handelskosten. Das Standard-Konto bietet Spreads ab 0,9 Pips ohne Kommission, w\u00e4hrend beim Raw-Konto eine geringe Kommission von 3,50 USD pro Seite des Trades anf\u00e4llt, daf\u00fcr jedoch Spreads ab 0,0 Pips m\u00f6glich sind.<\/p>\n<p>Aufgrund regulatorischer Vorgaben der ASIC sind die Handelsbedingungen f\u00fcr Trader begrenzt, insbesondere beim Hebel. Der Broker bietet erfahrenen Tradern jedoch die M\u00f6glichkeit, auf professionelles Trading umzusteigen. Diese speziellen Konten bieten h\u00f6here Hebel sowie erweiterte Trading-Funktionen, setzen jedoch voraus, dass mehrere Kriterien erf\u00fcllt werden, um nachzuweisen, dass du die Risiken eines Handels mit hohem Risiko tragen kannst.<\/p>\n\n\t\t\t\t<div class=\"table\">\n\t\t\t\t\t<table class=\"table table-striped table-bordered\">\n\t\t\t\t\t\t<tr>\n\t\t\t\t\t\t\t<td style=\"width: 250px;\"><strong>Demokonto<\/strong><\/td>\n\t\t\t\t\t\t\t<td><img decoding=\"async\" width=\"24\" height=\"24\" src=\"\/wp-content\/themes\/best-brokers\/assets\/images\/ico-check.svg\" alt=\"Available\" \/><\/td>\n\t\t\t\t\t\t<\/tr>\n\t\t\t\t\t\t<tr>\n\t\t\t\t\t\t\t<td><strong>Islamic Account<\/strong><\/td>\n\t\t\t\t\t\t\t<td><img decoding=\"async\" width=\"24\" height=\"24\" src=\"\/wp-content\/themes\/best-brokers\/assets\/images\/ico-xmark.svg\" alt=\"Not Available\" \/><\/td>\n\t\t\t\t\t\t<\/tr>\n\t\t\t\t\t\t<tr>\n\t\t\t\t\t\t\t<td><strong>ECN-Konto<\/strong><\/td>\n\t\t\t\t\t\t\t<td><img decoding=\"async\" width=\"24\" height=\"24\" src=\"\/wp-content\/themes\/best-brokers\/assets\/images\/ico-check.svg\" alt=\"Available\" \/><\/td>\n\t\t\t\t\t\t<\/tr>\n\t\t\t\t\t\t<tr>\n\t\t\t\t\t\t\t<td><strong>Pro-Konto<\/strong><\/td>\n\t\t\t\t\t\t\t<td><img decoding=\"async\" width=\"24\" height=\"24\" src=\"\/wp-content\/themes\/best-brokers\/assets\/images\/ico-check.svg\" alt=\"Available\" \/><\/td>\n\t\t\t\t\t\t<\/tr>\n\t\t\t\t\t\t<tr>\n\t\t\t\t\t\t\t<td><strong>MAM Account<\/strong><\/td>\n\t\t\t\t\t\t\t<td><img decoding=\"async\" width=\"24\" height=\"24\" src=\"\/wp-content\/themes\/best-brokers\/assets\/images\/ico-xmark.svg\" alt=\"Not Available\" \/><\/td>\n\t\t\t\t\t\t<\/tr>\n\t\t\t\t\t<\/table>\n\t\t\t\t<\/div>\n\t\t\t\n<h2 id=\"deposit\"><i class=\"ico ico--money-supply\"><\/i>Einzahlungen bei Global Prime<\/h2>\n<p>Sobald du den Registrierungsprozess bei Global Prime abgeschlossen hast und bereit bist, mit echtem Geld zu handeln, kannst du eine passende Zahlungsmethode ausw\u00e4hlen und dein Konto aufladen. Ein gro\u00dfer Vorteil bei Global Prime ist, dass f\u00fcr die verschiedenen Kontotypen keine feste Mindesteinzahlung vorgeschrieben ist.<\/p>\n<p>Einige der unterst\u00fctzten Zahlungsmethoden k\u00f6nnen eine eigene Mindesteinzahlungsgrenze haben, diese liegt jedoch in der Regel nicht \u00fcber 10 USD. Da keine feste Mindesteinzahlung vorgeschrieben ist, kannst du mit dem Betrag starten, mit dem du dich am wohlsten f\u00fchlst. Die M\u00f6glichkeit, mit Micro-Lots zu handeln, erlaubt zudem kleinere Positionsgr\u00f6\u00dfen. Das eignet sich besonders f\u00fcr weniger erfahrene Trader und f\u00fcr alle, die zun\u00e4chst kein hohes Risiko eingehen m\u00f6chten. Dennoch solltest du beachten, dass 0,01 Lots 1.000 Einheiten der Basisw\u00e4hrung entsprechen. Das bedeutet, dass Trader mindestens 1.000 USD oder den entsprechenden Betrag in einer anderen W\u00e4hrung auf ihrem Konto haben m\u00fcssen, um mit dem Trading zu beginnen.<\/p>\n<h2 id=\"instruments\"><i class=\"ico ico--common-technical-analysis-tools\"><\/i>Welche handelbaren Instrumente gibt es bei Global Prime?<\/h2>\n<p>Derzeit erm\u00f6glicht Global Prime den Handel \u00fcber die Drittanbieter-Plattformen MT4 und MT5. Diese bieten Zugang zu verschiedenen handelbaren M\u00e4rkten, darunter Forex, Rohstoffe-CFDs, Krypto-CFDs, Indizes, US-Aktien-CFDs und Anleihen-CFDs. Der Handel mit CFDs (Contracts for Difference) erm\u00f6glicht es Tradern, auf Preisbewegungen verschiedener Verm\u00f6genswerte zu spekulieren, ohne Eigentum an diesen Verm\u00f6genswerten zu erwerben. Da Global Prime sowohl Short- als auch Long-Positionen erlaubt, kannst du sowohl von fallenden als auch von steigenden Kursen profitieren.<\/p>\n<p>Der Forex-Markt umfasst Major-, Minor- und exotische W\u00e4hrungspaare und bietet insgesamt mehr als 50 handelbare Paare, die sowohl mit dem Standard- als auch mit dem Raw-Konto bei Global Prime gehandelt werden k\u00f6nnen. Eine Integration von TradingView ist bereits geplant und wird Tradern erweiterte Charting-Tools direkt auf der Plattform zur Verf\u00fcgung stellen und so das Trading-Erlebnis weiter verbessern.<\/p>\n<h2 id=\"steps\"><i class=\"ico ico--account\"><\/i>Der Registrierungsprozess bei Global Prime \u2013 dauert etwa 1 \u2013 2 Minuten<\/h2>\n<ol class=\"list list--steps\">\n<li>\n\t\tRufe die Registrierungsseite \u00fcber die Schaltfl\u00e4che \u201eSign Up\u201c auf der Startseite auf.<\/p>\n<p>\t\t<img decoding=\"async\" src=\"https:\/\/www.bestbrokers.com\/wp-content\/uploads\/2025\/02\/global-prime-registration-1.webp\" alt=\"Global Prime Registration Step 1\" class=\"aligncenter\">\n    <\/li>\n<li>\n\t\tGib deine E-Mail-Adresse und ein Passwort ein. Wiederhole das gew\u00e4hlte Passwort und best\u00e4tige, dass du vollj\u00e4hrig bist.<\/p>\n<p>\t\t<img decoding=\"async\" src=\"https:\/\/www.bestbrokers.com\/wp-content\/uploads\/2025\/02\/global-prime-registration-2.webp\" alt=\"Global Prime Registration Step 2\" class=\"aligncenter\">\n    <\/li>\n<\/ol>\n<h2 id=\"verification\"><i class=\"ico ico--approve\"><\/i>KYC-Prozess \u2013 dauert etwa 10 \u2013 12 Minuten<\/h2>\n<ol class=\"list list--steps\">\n<li>\n<p>\t\tNachdem du \u201eSign Up\u201c ausgew\u00e4hlt hast, wird dein Konto erstellt. Um ein Live-Konto zu er\u00f6ffnen, ist jedoch eine Identit\u00e4tsverifizierung erforderlich.<\/p>\n<p>\t\t<img decoding=\"async\" src=\"https:\/\/www.bestbrokers.com\/wp-content\/uploads\/2025\/02\/global-prime-registration-3.webp\" alt=\"Global Prime Registration Step 3\" class=\"aligncenter\">\n<\/li>\n<li>\n\t\tGib deine pers\u00f6nlichen Daten ein, um den ersten Schritt des Verifizierungsprozesses abzuschlie\u00dfen. Achte darauf, dass diese Angaben mit den Daten auf deinem amtlichen Ausweisdokument \u00fcbereinstimmen.<\/p>\n<p>\t\t<img decoding=\"async\" src=\"https:\/\/www.bestbrokers.com\/wp-content\/uploads\/2025\/02\/global-prime-registration-4.webp\" alt=\"Global Prime Registration Step 4\" class=\"aligncenter\">\n<\/li>\n<li>\n\t\tLege deine Kontoeinstellungen entsprechend deinen Trading-Pr\u00e4ferenzen fest. W\u00e4hle au\u00dferdem eine Sicherheitsfrage und gib eine Antwort an, die k\u00fcnftig zur Best\u00e4tigung deiner Identit\u00e4t verwendet werden kann.<\/p>\n<p>\t\t<img decoding=\"async\" src=\"https:\/\/www.bestbrokers.com\/wp-content\/uploads\/2025\/02\/global-prime-registration-5.webp\" alt=\"Global Prime Registration Step 5\" class=\"aligncenter\">\n<\/li>\n<li>\n\t\tLade Bilder eines offiziellen Ausweisdokuments hoch und fahre anschlie\u00dfend mit dem n\u00e4chsten Schritt der Identit\u00e4tspr\u00fcfung fort.<\/p>\n<p>\t\t<img decoding=\"async\" src=\"https:\/\/www.bestbrokers.com\/wp-content\/uploads\/2025\/02\/global-prime-registration-6.webp\" alt=\"Global Prime Registration Step 6\" class=\"aligncenter\">\n<\/li>\n<li>\n\t\tLade ein weiteres Dokument oder ein Bild hoch, um deine Identit\u00e4t zus\u00e4tzlich zu best\u00e4tigen.<\/p>\n<p>\t\t<img decoding=\"async\" src=\"https:\/\/www.bestbrokers.com\/wp-content\/uploads\/2025\/02\/global-prime-registration-7.webp\" alt=\"Global Prime Registration Step 7\" class=\"aligncenter\">\n<\/li>\n<li>\n\t\tKlicke auf \u201eVerify My Account\u201c, um deinen Verifizierungsantrag zur Pr\u00fcfung einzureichen.<\/p>\n<p>\t\t<img decoding=\"async\" src=\"https:\/\/www.bestbrokers.com\/wp-content\/uploads\/2025\/02\/global-prime-registration-8.webp\" alt=\"Global Prime Registration Step 8\" class=\"aligncenter\"><\/p>\n<p>\t\t<img decoding=\"async\" src=\"https:\/\/www.bestbrokers.com\/wp-content\/uploads\/2025\/02\/global-prime-registration-9.webp\" alt=\"Global Prime Registration Step 9\" class=\"aligncenter\">\n<\/li>\n<\/ol>\n<h2 id=\"conclusion\"><i class=\"ico ico--pen\"><\/i>Fazit<\/h2>\n<p>Der Registrierungsprozess bei Global Prime ist schnell und unkompliziert, sodass du dein Trading-Konto innerhalb weniger Minuten erstellen kannst. Demokonten lassen sich unmittelbar nach der Registrierung beim Broker aktivieren. F\u00fcr den Handel mit echtem Geld ist jedoch eine Verifizierung erforderlich. Auch dieser Prozess verl\u00e4uft reibungslos und sollte nur wenige Minuten dauern. Wenn du die oben genannten Schritte befolgst, kannst du dein Live-Trading-Konto bei Global Prime in kurzer Zeit einrichten.<\/p>\n","protected":false},"excerpt":{"rendered":"<p>Kontotypen bei Global Prime Global Prime erm\u00f6glicht den Handel mit Forex und CFDs \u00fcber mehrere Kontotypen, die jeweils attraktive Bedingungen f\u00fcr unterschiedliche Trader bieten. Wenn du noch wenig Erfahrung im Trading hast oder dich zun\u00e4chst mit der Trading-Umgebung von Global Prime vertraut machen m\u00f6chtest, kannst du ein Demokonto er\u00f6ffnen und mit virtuellem Guthaben handeln. Das [&hellip;]<\/p>\n","protected":false},"author":2,"featured_media":0,"parent":21451,"menu_order":0,"comment_status":"closed","ping_status":"closed","template":"templates\/review.php","meta":{"footnotes":""},"class_list":["post-59632","page","type-page","status-publish","hentry"],"aioseo_notices":[],"_links":{"self":[{"href":"https:\/\/www.bestbrokers.com\/de\/wp-json\/wp\/v2\/pages\/59632","targetHints":{"allow":["GET"]}}],"collection":[{"href":"https:\/\/www.bestbrokers.com\/de\/wp-json\/wp\/v2\/pages"}],"about":[{"href":"https:\/\/www.bestbrokers.com\/de\/wp-json\/wp\/v2\/types\/page"}],"author":[{"embeddable":true,"href":"https:\/\/www.bestbrokers.com\/de\/wp-json\/wp\/v2\/users\/2"}],"replies":[{"embeddable":true,"href":"https:\/\/www.bestbrokers.com\/de\/wp-json\/wp\/v2\/comments?post=59632"}],"version-history":[{"count":9,"href":"https:\/\/www.bestbrokers.com\/de\/wp-json\/wp\/v2\/pages\/59632\/revisions"}],"predecessor-version":[{"id":82634,"href":"https:\/\/www.bestbrokers.com\/de\/wp-json\/wp\/v2\/pages\/59632\/revisions\/82634"}],"up":[{"embeddable":true,"href":"https:\/\/www.bestbrokers.com\/de\/wp-json\/wp\/v2\/pages\/21451"}],"wp:attachment":[{"href":"https:\/\/www.bestbrokers.com\/de\/wp-json\/wp\/v2\/media?parent=59632"}],"curies":[{"name":"wp","href":"https:\/\/api.w.org\/{rel}","templated":true}]}}