{"id":59633,"date":"2025-03-19T09:36:53","date_gmt":"2025-03-19T09:36:53","guid":{"rendered":"https:\/\/www.bestbrokers.com\/?page_id=59633"},"modified":"2026-03-13T09:47:49","modified_gmt":"2026-03-13T09:47:49","slug":"account-opening","status":"publish","type":"page","link":"https:\/\/www.bestbrokers.com\/de\/reviews\/pepperstone\/account-opening\/","title":{"rendered":"So er\u00f6ffnen Sie ein Konto bei Pepperstone"},"content":{"rendered":"<div class=\"author-line\">Geschrieben von <span class=\"author\">Naylyan Nazifova<div class=\"author-sub-box\"><div class=\"author-avatar\"><img decoding=\"async\" src=\"https:\/\/www.bestbrokers.com\/wp-content\/uploads\/2026\/04\/nnazifova.webp\" \/><\/div><div class=\"author-info-wrapper\"><div class=\"author-name\"><a href=\"https:\/\/www.bestbrokers.com\/de\/authors\/naylyan-nazifova\/\">Naylyan Nazifova<\/a><\/div><div class=\"author-bio\">Naylyan Nazifova ist eine anerkannte Expertin im Bereich des Online-Handels. Sie hat viele Ver\u00f6ffentlichungen und Analysen zu Themen wie Forex-Handel, Aktieninvestitionen und pers\u00f6nlicher Finanzplanung.<\/div><\/div><\/div><\/span>,  <a rel=\"nofollow\" target=\"_blank\" href=\"https:\/\/www.linkedin.com\/in\/naylian-nazifova-58562a272\/\"><img decoding=\"async\" class=\"social-icon\" src=\"https:\/\/www.bestbrokers.com\/wp-content\/themes\/best-brokers\/assets\/images\/icon-linkedin.svg\" data-no-lazy=\"1\"><\/a> <span class=\"sep\">|<\/span> \u00dcbersetzt von <span class=\"author\">Marcus Jungnickel<div class=\"author-sub-box\"><div class=\"author-avatar\"><img decoding=\"async\" src=\"https:\/\/www.bestbrokers.com\/wp-content\/uploads\/2025\/02\/Marcus-Jungnickel-150x150-2.webp\" \/><\/div><div class=\"author-info-wrapper\"><div class=\"author-name\"><a href=\"https:\/\/www.bestbrokers.com\/de\/authors\/marcus-jungnickel\/\">Marcus Jungnickel<\/a><\/div><div class=\"author-bio\">Marcus Jungnickel ist als \u00dcbersetzer und Redakteur auf die Fachgebiete Finanzen und Wirtschaft spezialisiert. Er betreut die deutsche Version von BestBrokers.com.<\/div><\/div><\/div><\/span>, <a rel=\"nofollow\" target=\"_blank\" href=\"https:\/\/www.linkedin.com\/in\/marcus-jungnickel-3545b3154\/\"><img decoding=\"async\" class=\"social-icon\" src=\"https:\/\/www.bestbrokers.com\/wp-content\/themes\/best-brokers\/assets\/images\/icon-linkedin.svg\" data-no-lazy=\"1\"><\/a> <span class=\"sep\">|<\/span> Aktualisiert: <time class=\"entry-date\" datetime=\"2026-03-13T09:47:49+00:00\">M\u00e4rz 13, 2026<\/time><\/div>\n<h2 id=\"brief\"><i class=\"ico ico--assets\"><\/i>Kontotypen bei Pepperstone<\/h2>\n<p>Wenn du ein Konto bei Pepperstone er\u00f6ffnest, stehen dir mehrere Optionen zur Auswahl, abh\u00e4ngig von deinen Trading-Zielen. Dazu geh\u00f6ren Individual, Joint, Company und Introducing Broker. Wie die Bezeichnungen bereits vermuten lassen, sollten Trader, die ihre Trades selbst verwalten m\u00f6chten, die Option Individual w\u00e4hlen. Die \u00fcbrigen Optionen richten sich eher an Finanzinstitutionen und professionelle Trader, die mehrere Portfolios verwalten.<\/p>\n<p>Trader k\u00f6nnen bei Pepperstone mit einem Demo-Konto starten und so Trading-Bedingungen, Plattformen und Strategien mit virtuellem Kapital testen. Der Handel mit echtem Geld ist hingegen \u00fcber Kontotypen wie Standard und Razor m\u00f6glich. Beide Kontotypen unterst\u00fctzen Mikro-Lots, mehrere Kontow\u00e4hrungen, Hedging, Scalping sowie eine gro\u00dfe Auswahl handelbarer Instrumente.<\/p>\n<p>Beim Standard-Konto wird ein Aufschlag von 1 Pip auf den Roh-Spread angewendet, w\u00e4hrend Trades ohne Kommission ausgef\u00fchrt werden. Das Razor-Konto reduziert die Spreads auf bis zu 0,0 Pips und erhebt daf\u00fcr eine kleine Kommission von 2,60 \u20ac \/ 3,50 USD pro Lot und pro Seite jedes Forex-Trades. Zu den unterst\u00fctzten Trading-Plattformen geh\u00f6ren die propriet\u00e4re Plattform des Brokers, TradingView, MT5, MT4 sowie cTrader.<\/p>\n<p>Da Trader in vielen regulierten L\u00e4ndern beim Handel mit wichtigen Forex-Paaren keinen Hebel \u00fcber 1:30 nutzen d\u00fcrfen, bietet Pepperstone zus\u00e4tzlich die M\u00f6glichkeit, ein professionelles Konto zu er\u00f6ffnen und h\u00f6here Hebel zu nutzen. F\u00fcr den Zugang zu professionellem Trading m\u00fcssen jedoch bestimmte Voraussetzungen hinsichtlich Kapital und Trading-Erfahrung erf\u00fcllt werden.<\/p>\n\n\t\t\t\t<div class=\"table\">\n\t\t\t\t\t<table class=\"table table-striped table-bordered\">\n\t\t\t\t\t\t<tr>\n\t\t\t\t\t\t\t<td style=\"width: 250px;\"><strong>Demokonto<\/strong><\/td>\n\t\t\t\t\t\t\t<td><img decoding=\"async\" width=\"24\" height=\"24\" src=\"\/wp-content\/themes\/best-brokers\/assets\/images\/ico-check.svg\" alt=\"Available\" \/><\/td>\n\t\t\t\t\t\t<\/tr>\n\t\t\t\t\t\t<tr>\n\t\t\t\t\t\t\t<td><strong>Islamic Account<\/strong><\/td>\n\t\t\t\t\t\t\t<td><img decoding=\"async\" width=\"24\" height=\"24\" src=\"\/wp-content\/themes\/best-brokers\/assets\/images\/ico-check.svg\" alt=\"Available\" \/><\/td>\n\t\t\t\t\t\t<\/tr>\n\t\t\t\t\t\t<tr>\n\t\t\t\t\t\t\t<td><strong>ECN-Konto<\/strong><\/td>\n\t\t\t\t\t\t\t<td><img decoding=\"async\" width=\"24\" height=\"24\" src=\"\/wp-content\/themes\/best-brokers\/assets\/images\/ico-check.svg\" alt=\"Available\" \/><\/td>\n\t\t\t\t\t\t<\/tr>\n\t\t\t\t\t\t<tr>\n\t\t\t\t\t\t\t<td><strong>Pro-Konto<\/strong><\/td>\n\t\t\t\t\t\t\t<td><img decoding=\"async\" width=\"24\" height=\"24\" src=\"\/wp-content\/themes\/best-brokers\/assets\/images\/ico-check.svg\" alt=\"Available\" \/><\/td>\n\t\t\t\t\t\t<\/tr>\n\t\t\t\t\t\t<tr>\n\t\t\t\t\t\t\t<td><strong>MAM Account<\/strong><\/td>\n\t\t\t\t\t\t\t<td><img decoding=\"async\" width=\"24\" height=\"24\" src=\"\/wp-content\/themes\/best-brokers\/assets\/images\/ico-check.svg\" alt=\"Available\" \/><\/td>\n\t\t\t\t\t\t<\/tr>\n\t\t\t\t\t<\/table>\n\t\t\t\t<\/div>\n\t\t\t\n<h2 id=\"deposit\"><i class=\"ico ico--money-supply\"><\/i>Einzahlung bei Pepperstone<\/h2>\n<p>Um mit echtem Geld zu handeln, musst du dein Pepperstone-Konto aufladen. Daf\u00fcr stehen mehrere zuverl\u00e4ssige und einfach zu nutzende Zahlungsmethoden zur Verf\u00fcgung. Der Broker verlangt keine verpflichtende Mindesteinzahlung zur Aktivierung deines Kontos. Das bedeutet, dass du dein Standard- oder Razor-Konto mit einem Betrag deiner Wahl aufladen kannst.<\/p>\n<p>Beachte jedoch, dass einzelne Zahlungsmethoden eigene Mindesteinzahlungsgrenzen haben k\u00f6nnen. Auch wenn Pepperstone selbst keine feste Mindesteinzahlung vorgibt, solltest du sicherstellen, dass gen\u00fcgend Kapital auf deinem Konto vorhanden ist, um Trades zu er\u00f6ffnen. Unabh\u00e4ngig vom gew\u00e4hlten Kontotyp betr\u00e4gt die minimale Kontraktgr\u00f6\u00dfe bei Pepperstone 0,01 Lots, was 1.000 Einheiten deiner Basisw\u00e4hrung entspricht. Zu den unterst\u00fctzten Kontow\u00e4hrungen bei Standard- und Razor-Konten geh\u00f6ren EUR, USD, GBP und CHF. Das bedeutet, dass du mindestens etwa 1.000 USD oder den entsprechenden Betrag in einer anderen Kontow\u00e4hrung auf deinem Konto haben solltest, um einen Trade zu platzieren.<\/p>\n<h2 id=\"instruments\"><i class=\"ico ico--common-technical-analysis-tools\"><\/i>Welche handelbaren Instrumente gibt es bei Pepperstone?<\/h2>\n<p>Unabh\u00e4ngig davon, ob du mit einem Standard- oder einem Razor-Konto handelst, erh\u00e4ltst du bei Pepperstone Zugang zu mehr als 1.200 handelbaren Instrumenten. Diese verteilen sich auf verschiedene CFD-M\u00e4rkte, darunter Forex, Rohstoffe, Indizes, Krypto, ETFs und Aktien.<\/p>\n<p>Neben diesen M\u00e4rkten bietet Pepperstone zus\u00e4tzliche M\u00f6glichkeiten f\u00fcr eine breitere Marktabdeckung, etwa \u00fcber W\u00e4hrungsindizes, CFD-Forwards sowie Dividendenanpassungen bei CFDs auf Indizes und Aktien. Im Forex-Markt kannst du sowohl Long- als auch Short-Positionen auf mehr als 90 W\u00e4hrungspaare er\u00f6ffnen und damit sowohl von steigenden als auch von fallenden Kursen profitieren.<\/p>\n<h2 id=\"steps\"><i class=\"ico ico--account\"><\/i>Kontoer\u00f6ffnung bei Pepperstone \u2013 dauert etwa 1\u20132 Minuten (Demo-Konto)<\/h2>\n<ol class=\"list list--steps\">\n<li>\n\t\tWenn du ein Konto bei Pepperstone er\u00f6ffnen m\u00f6chtest, kannst du \u00fcber die Schaltfl\u00e4che \u201eJoin now\u201c auf der Startseite der Website des Brokers zum Registrierungsformular gelangen.<br \/>\n\t\t<img decoding=\"async\" src=\"https:\/\/www.bestbrokers.com\/wp-content\/uploads\/2025\/02\/pepperstone-registration-1.webp\" alt=\"Pepperstone Registrierung Schritt 1\" class=\"aligncenter\">\n    <\/li>\n<li>\n\t\tIm n\u00e4chsten Schritt w\u00e4hlst du eine Methode f\u00fcr die Registrierung aus. Du kannst dich mit einem Apple-, Google- oder Facebook-Konto anmelden oder dich mit deiner E-Mail-Adresse registrieren, um zum n\u00e4chsten Schritt des Registrierungsprozesses zu gelangen.<\/p>\n<p>\t\t<img decoding=\"async\" src=\"https:\/\/www.bestbrokers.com\/wp-content\/uploads\/2025\/02\/pepperstone-registration-2.webp\" alt=\"Pepperstone Registrierung Schritt 2\" class=\"aligncenter\">\n    <\/li>\n<li>\n\t\tGib einige pers\u00f6nliche Angaben, deine E-Mail-Adresse und ein Passwort ein, das du k\u00fcnftig f\u00fcr die Anmeldung in deinem Konto verwenden m\u00f6chtest. Au\u00dferdem solltest du den passenden Kontotyp ausw\u00e4hlen, abh\u00e4ngig davon, welche Form des Tradings du durchf\u00fchren m\u00f6chtest. F\u00fcr individuelles Trading entspricht die Option Individual einem Konto f\u00fcr einzelne Trader.<\/p>\n<p>\t\t<img decoding=\"async\" src=\"https:\/\/www.bestbrokers.com\/wp-content\/uploads\/2025\/02\/pepperstone-registration-3.webp\" alt=\"Pepperstone Registrierung Schritt 3\" class=\"aligncenter\"><\/p>\n<p>\t\t<img decoding=\"async\" src=\"https:\/\/www.bestbrokers.com\/wp-content\/uploads\/2025\/02\/pepperstone-registration-4.webp\" alt=\"Pepperstone Registrierung Schritt 4\" class=\"aligncenter\">\n    <\/li>\n<li>\n\t\tDein Profil ist nun erstellt und du kannst sofort mit einem Demo-Konto starten.<\/p>\n<p>\t\t<img decoding=\"async\" src=\"https:\/\/www.bestbrokers.com\/wp-content\/uploads\/2025\/02\/pepperstone-registration-5.webp\" alt=\"Pepperstone Registrierung Schritt 5\" class=\"aligncenter\"><\/p>\n<p>\t\t<img decoding=\"async\" src=\"https:\/\/www.bestbrokers.com\/wp-content\/uploads\/2025\/02\/pepperstone-registration-6.webp\" alt=\"Pepperstone Registrierung Schritt 6\" class=\"aligncenter\">\n    <\/li>\n<li>\n\t\tWenn du ein Echtgeldkonto er\u00f6ffnen m\u00f6chtest, musst du einen zus\u00e4tzlichen Prozess durchlaufen, bei dem deine Eignung f\u00fcr das Trading gepr\u00fcft und deine Identit\u00e4t verifiziert wird. Der erste Schritt besteht darin, dein Echtgeldkonto einzurichten, indem du Plattform, Kontotyp, Kontow\u00e4hrung und weitere Kontoeinstellungen ausw\u00e4hlst.<\/p>\n<p>\t\t<img decoding=\"async\" src=\"https:\/\/www.bestbrokers.com\/wp-content\/uploads\/2025\/02\/pepperstone-registration-7.webp\" alt=\"Pepperstone Registrierung Schritt 7\" class=\"aligncenter\"><\/p>\n<p>\t\t<img decoding=\"async\" src=\"https:\/\/www.bestbrokers.com\/wp-content\/uploads\/2025\/02\/pepperstone-registration-8.webp\" alt=\"Pepperstone Registrierung Schritt 8\" class=\"aligncenter\">\n    <\/li>\n<li>\n\t\tIm n\u00e4chsten Schritt musst du einige Angaben zu deiner Besch\u00e4ftigung und deinem Einkommen machen.<\/p>\n<p>\t\t<img decoding=\"async\" src=\"https:\/\/www.bestbrokers.com\/wp-content\/uploads\/2025\/02\/pepperstone-registration-9.webp\" alt=\"Pepperstone Registrierung Schritt 9\" class=\"aligncenter\"><\/p>\n<p>\t\t<img decoding=\"async\" src=\"https:\/\/www.bestbrokers.com\/wp-content\/uploads\/2025\/02\/pepperstone-registration-10.webp\" alt=\"Pepperstone Registrierung Schritt 10\" class=\"aligncenter\"><\/p>\n<p>\t\t<img decoding=\"async\" src=\"https:\/\/www.bestbrokers.com\/wp-content\/uploads\/2025\/02\/pepperstone-registration-11.webp\" alt=\"Pepperstone Registrierung Schritt 11\" class=\"aligncenter\">\n    <\/li>\n<li>\n\t\tIm n\u00e4chsten Schritt beim Erstellen deines Echtgeldkontos bei Pepperstone musst du einen Angemessenheitstest ausf\u00fcllen. Dabei beantwortest du einige Fragen, mit denen festgestellt wird, ob Trading f\u00fcr dich geeignet ist.<br \/>\n\t\t<img decoding=\"async\" src=\"https:\/\/www.bestbrokers.com\/wp-content\/uploads\/2025\/02\/pepperstone-registration-12.webp\" alt=\"Pepperstone Registrierung Schritt 12\" class=\"aligncenter\"><\/p>\n<p>\t\t<img decoding=\"async\" src=\"https:\/\/www.bestbrokers.com\/wp-content\/uploads\/2025\/02\/pepperstone-registration-13.webp\" alt=\"Pepperstone Registrierung Schritt 13\" class=\"aligncenter\"><\/p>\n<p>\t\t<img decoding=\"async\" src=\"https:\/\/www.bestbrokers.com\/wp-content\/uploads\/2025\/02\/pepperstone-registration-14.webp\" alt=\"Pepperstone Registrierung Schritt 14\" class=\"aligncenter\"><br \/>\n\t\t<img decoding=\"async\" src=\"https:\/\/www.bestbrokers.com\/wp-content\/uploads\/2025\/02\/pepperstone-registration-15.webp\" alt=\"Pepperstone Registrierung Schritt 15\" class=\"aligncenter\"><br \/>\n\t\t<img decoding=\"async\" src=\"https:\/\/www.bestbrokers.com\/wp-content\/uploads\/2025\/02\/pepperstone-registration-16.webp\" alt=\"Pepperstone Registrierung Schritt 16\" class=\"aligncenter\"><br \/>\n\t\t<img decoding=\"async\" src=\"https:\/\/www.bestbrokers.com\/wp-content\/uploads\/2025\/02\/pepperstone-registration-17.webp\" alt=\"Pepperstone Registrierung Schritt 17\" class=\"aligncenter\">\n    <\/li>\n<li>\n\t\tSobald du den Angemessenheitstest abgeschlossen hast, kannst du deine Angaben best\u00e4tigen und den Gesch\u00e4ftsbedingungen sowie den weiteren Richtlinien des Brokers zustimmen.<br \/>\n\t\t<img decoding=\"async\" src=\"https:\/\/www.bestbrokers.com\/wp-content\/uploads\/2025\/02\/pepperstone-registration-18.webp\" alt=\"Pepperstone Registrierung Schritt 18\" class=\"aligncenter\"><\/p>\n<p>\t\t<img decoding=\"async\" src=\"https:\/\/www.bestbrokers.com\/wp-content\/uploads\/2025\/02\/pepperstone-registration-19.webp\" alt=\"Pepperstone Registrierung Schritt 19\" class=\"aligncenter\"><\/p>\n<p>\t\t<img decoding=\"async\" src=\"https:\/\/www.bestbrokers.com\/wp-content\/uploads\/2025\/02\/pepperstone-registration-20.webp\" alt=\"Pepperstone Registrierung Schritt 20\" class=\"aligncenter\">\n    <\/li>\n<\/ol>\n<h2 id=\"verification\"><i class=\"ico ico--approve\"><\/i>Die Identit\u00e4tsverifizierung bei Pepperstone \u2013 dauert etwa 10 Minuten<\/h2>\n<p>Da Pepperstone die KYC-Richtlinien (Know Your Customer) einh\u00e4lt, die von Regulierungsbeh\u00f6rden wie der CySEC vorgeschrieben sind, ist eine umfassende Identit\u00e4tspr\u00fcfung erforderlich, bevor du dein Echtgeldkonto nutzen kannst. Auch wenn dieser Schritt etwas aufwendiger sein kann, ist er notwendig, um ein sicheres Trading-Umfeld zu gew\u00e4hrleisten. Wenn du die unten beschriebenen Schritte befolgst, kannst du die Zeit f\u00fcr die Verifizierung deiner Identit\u00e4t deutlich verk\u00fcrzen.<\/p>\n<p><img decoding=\"async\" src=\"https:\/\/www.bestbrokers.com\/wp-content\/uploads\/2025\/02\/pepperstone-registration-21.webp\" alt=\"Pepperstone Registrierung Schritt 21\" class=\"aligncenter\"><\/p>\n<p><img decoding=\"async\" src=\"https:\/\/www.bestbrokers.com\/wp-content\/uploads\/2025\/02\/pepperstone-registration-22.webp\" alt=\"Pepperstone Registrierung Schritt 22\" class=\"aligncenter\"><\/p>\n<ol class=\"list list--steps\">\n<li>\n<p>\t\tLies zun\u00e4chst die Datenschutz- und Datenrichtlinien von Pepperstone und stimme ihnen zu. Stelle sicher, dass dir die Gr\u00fcnde f\u00fcr diesen Prozess klar sind, bevor du mit der Identit\u00e4tspr\u00fcfung fortf\u00e4hrst.<\/p>\n<p>\t\t<img decoding=\"async\" src=\"https:\/\/www.bestbrokers.com\/wp-content\/uploads\/2025\/02\/pepperstone-registration-23.webp\" alt=\"Pepperstone Registrierung Schritt 23\" class=\"aligncenter\">\n<\/li>\n<li>\n\t\tIm ersten Schritt w\u00e4hlst du ein Dokument aus und l\u00e4dst Bilder deines Ausweisdokuments hoch, um deine pers\u00f6nlichen Angaben zu best\u00e4tigen.<br \/>\n\t\t<img decoding=\"async\" src=\"https:\/\/www.bestbrokers.com\/wp-content\/uploads\/2025\/02\/pepperstone-registration-24.webp\" alt=\"Pepperstone Registrierung Schritt 24\" class=\"aligncenter\"><br \/>\n\t\t<img decoding=\"async\" src=\"https:\/\/www.bestbrokers.com\/wp-content\/uploads\/2025\/02\/pepperstone-registration-25.webp\" alt=\"Pepperstone Registrierung Schritt 25\" class=\"aligncenter\"><br \/>\n\t\t<img decoding=\"async\" src=\"https:\/\/www.bestbrokers.com\/wp-content\/uploads\/2025\/02\/pepperstone-registration-26.webp\" alt=\"Pepperstone Registrierung Schritt 26\" class=\"aligncenter\">\n<\/li>\n<li>\n\t\tEin zweites Verifizierungsdokument ist ebenfalls erforderlich. Daf\u00fcr kannst du beispielsweise einen F\u00fchrerschein oder Reisepass hochladen oder fotografieren.<\/p>\n<p>\t\t<img decoding=\"async\" src=\"https:\/\/www.bestbrokers.com\/wp-content\/uploads\/2025\/02\/pepperstone-registration-27.webp\" alt=\"Pepperstone Registrierung Schritt 27\" class=\"aligncenter\"><br \/>\n\t\t<img decoding=\"async\" src=\"https:\/\/www.bestbrokers.com\/wp-content\/uploads\/2025\/02\/pepperstone-registration-28.webp\" alt=\"Pepperstone Registrierung Schritt 28\" class=\"aligncenter\"><br \/>\n\t\t<img decoding=\"async\" src=\"https:\/\/www.bestbrokers.com\/wp-content\/uploads\/2025\/02\/pepperstone-registration-29.webp\" alt=\"Pepperstone Registrierung Schritt 29\" class=\"aligncenter\">\n<\/li>\n<li>\n\t\tSobald du die Dokumente hochgeladen hast, wirst du aufgefordert, ein Selfie mit der Kamera deines Computers aufzunehmen. Alternativ kannst du dein Smartphone verbinden und das Foto direkt mit deinem mobilen Ger\u00e4t aufnehmen.\n\t<\/li>\n<li>\n\t\tAu\u00dferdem musst du einen Wohnsitznachweis erbringen, beispielsweise durch das Hochladen einer Stromrechnung, eines Kontoauszugs oder eines Steuerdokuments.\n\t<\/li>\n<li>\n\t\tSobald du alle erforderlichen Dokumente eingereicht hast, wird dein Antrag zur Pr\u00fcfung weitergeleitet. Die \u00dcberpr\u00fcfung und Freigabe deines Echtgeldkontos durch das Pepperstone-Team kann zwischen 24 und 48 Stunden dauern.\n\t<\/li>\n<\/ol>\n<h2 id=\"conclusion\"><i class=\"ico ico--pen\"><\/i>Fazit<\/h2>\n<p>Wenn du dich lediglich registrieren und ein Demo-Konto zum \u00dcben nutzen m\u00f6chtest, kannst du innerhalb weniger Minuten mit dem Trading beginnen. Aufgrund regulatorischer Vorgaben m\u00fcssen Trader aus bestimmten Regionen jedoch eine umfassende Identit\u00e4tspr\u00fcfung abschlie\u00dfen, bevor sie ein Echtgeldkonto er\u00f6ffnen k\u00f6nnen. Zus\u00e4tzlich wird der Prozess durch einen Angemessenheitstest sowie durch Angaben zu Besch\u00e4ftigung und Einkommen erg\u00e4nzt. Insgesamt kann die Er\u00f6ffnung eines Echtgeldkontos bei Pepperstone etwa 10 Minuten dauern, insbesondere wenn du in einem streng regulierten Land wohnst.<\/p>\n","protected":false},"excerpt":{"rendered":"<p>Kontotypen bei Pepperstone Wenn du ein Konto bei Pepperstone er\u00f6ffnest, stehen dir mehrere Optionen zur Auswahl, abh\u00e4ngig von deinen Trading-Zielen. Dazu geh\u00f6ren Individual, Joint, Company und Introducing Broker. Wie die Bezeichnungen bereits vermuten lassen, sollten Trader, die ihre Trades selbst verwalten m\u00f6chten, die Option Individual w\u00e4hlen. Die \u00fcbrigen Optionen richten sich eher an Finanzinstitutionen und [&hellip;]<\/p>\n","protected":false},"author":2,"featured_media":0,"parent":21142,"menu_order":0,"comment_status":"closed","ping_status":"closed","template":"templates\/review.php","meta":{"footnotes":""},"class_list":["post-59633","page","type-page","status-publish","hentry"],"aioseo_notices":[],"_links":{"self":[{"href":"https:\/\/www.bestbrokers.com\/de\/wp-json\/wp\/v2\/pages\/59633","targetHints":{"allow":["GET"]}}],"collection":[{"href":"https:\/\/www.bestbrokers.com\/de\/wp-json\/wp\/v2\/pages"}],"about":[{"href":"https:\/\/www.bestbrokers.com\/de\/wp-json\/wp\/v2\/types\/page"}],"author":[{"embeddable":true,"href":"https:\/\/www.bestbrokers.com\/de\/wp-json\/wp\/v2\/users\/2"}],"replies":[{"embeddable":true,"href":"https:\/\/www.bestbrokers.com\/de\/wp-json\/wp\/v2\/comments?post=59633"}],"version-history":[{"count":7,"href":"https:\/\/www.bestbrokers.com\/de\/wp-json\/wp\/v2\/pages\/59633\/revisions"}],"predecessor-version":[{"id":82869,"href":"https:\/\/www.bestbrokers.com\/de\/wp-json\/wp\/v2\/pages\/59633\/revisions\/82869"}],"up":[{"embeddable":true,"href":"https:\/\/www.bestbrokers.com\/de\/wp-json\/wp\/v2\/pages\/21142"}],"wp:attachment":[{"href":"https:\/\/www.bestbrokers.com\/de\/wp-json\/wp\/v2\/media?parent=59633"}],"curies":[{"name":"wp","href":"https:\/\/api.w.org\/{rel}","templated":true}]}}