{"id":59638,"date":"2025-03-19T09:36:54","date_gmt":"2025-03-19T09:36:54","guid":{"rendered":"https:\/\/www.bestbrokers.com\/?page_id=59638"},"modified":"2026-03-13T10:17:00","modified_gmt":"2026-03-13T10:17:00","slug":"spreads-fees-and-commissions","status":"publish","type":"page","link":"https:\/\/www.bestbrokers.com\/de\/reviews\/plus500\/spreads-fees-and-commissions\/","title":{"rendered":"Spreads, Geb\u00fchren und Kommissionen bei Plus500"},"content":{"rendered":"<div class=\"author-line\">Geschrieben von <span class=\"author\">Zornitsa Stefanova<div class=\"author-sub-box\"><div class=\"author-avatar\"><img decoding=\"async\" src=\"https:\/\/www.bestbrokers.com\/wp-content\/uploads\/2024\/09\/zornica-stefanova.jpeg\" \/><\/div><div class=\"author-info-wrapper\"><div class=\"author-name\"><a href=\"https:\/\/www.bestbrokers.com\/de\/authors\/zornitsa-stefanova\/\">Zornitsa Stefanova<\/a><\/div><div class=\"author-bio\">Zornitsa Stefanova ist eine erfahrene Forex- und Kryptoanalystin. Sie behandelt auch verschiedene finanzielle Themen wie Aktienhandel und Renteninvestitionen.<\/div><\/div><\/div><\/span>,  <a rel=\"nofollow\" target=\"_blank\" href=\"https:\/\/www.linkedin.com\/in\/zornica-stefanova-73ab39287\/\"><img decoding=\"async\" class=\"social-icon\" src=\"https:\/\/www.bestbrokers.com\/wp-content\/themes\/best-brokers\/assets\/images\/icon-linkedin.svg\" data-no-lazy=\"1\"><\/a> <span class=\"sep\">|<\/span> \u00dcbersetzt von <span class=\"author\">Marcus Jungnickel<div class=\"author-sub-box\"><div class=\"author-avatar\"><img decoding=\"async\" src=\"https:\/\/www.bestbrokers.com\/wp-content\/uploads\/2025\/02\/Marcus-Jungnickel-150x150-2.webp\" \/><\/div><div class=\"author-info-wrapper\"><div class=\"author-name\"><a href=\"https:\/\/www.bestbrokers.com\/de\/authors\/marcus-jungnickel\/\">Marcus Jungnickel<\/a><\/div><div class=\"author-bio\">Marcus Jungnickel ist als \u00dcbersetzer und Redakteur auf die Fachgebiete Finanzen und Wirtschaft spezialisiert. Er betreut die deutsche Version von BestBrokers.com.<\/div><\/div><\/div><\/span>, <a rel=\"nofollow\" target=\"_blank\" href=\"https:\/\/www.linkedin.com\/in\/marcus-jungnickel-3545b3154\/\"><img decoding=\"async\" class=\"social-icon\" src=\"https:\/\/www.bestbrokers.com\/wp-content\/themes\/best-brokers\/assets\/images\/icon-linkedin.svg\" data-no-lazy=\"1\"><\/a> <span class=\"sep\">|<\/span> Aktualisiert: <time class=\"entry-date\" datetime=\"2026-03-13T10:17:00+00:00\">M\u00e4rz 13, 2026<\/time><\/div>\n<p>Wenn du dich fragst, ob Plus500 wettbewerbsf\u00e4hige Handelsbedingungen bietet, bist du hier genau richtig. <strong>BestBrokers zeigt dir alle Trading- und sonstigen Kosten, die bei Plus500 anfallen k\u00f6nnen<\/strong>, darunter Spreads, \u00dcbernacht-Finanzierungskosten, Verwaltungsgeb\u00fchren f\u00fcr swapfreie Konten und weitere kontobezogene Geb\u00fchren. Unser Team hat viele Stunden damit verbracht, diesen international regulierten Broker zu analysieren, um dir einen klaren \u00dcberblick \u00fcber die Preisstruktur zu geben und <strong>eine fundierte Grundlage f\u00fcr den Vergleich mit anderen f\u00fchrenden Trading-Plattformen<\/strong> zu schaffen. Kannst du dir bei Plus500 also einen Wettbewerbsvorteil sichern? Lies weiter und finde es heraus.<\/p>\n<h2 id=\"costs\"><i class=\"ico ico--money-supply\"><\/i>Trading-Kosten bei Plus500<\/h2>\n<p>Plus500 bietet ein umfangreiches Forex-Angebot mit \u00fcber 60 W\u00e4hrungspaaren und bezieht seine Kurse von unabh\u00e4ngigen Liquidit\u00e4tsanbietern. Die Trading-Kosten sind vollst\u00e4ndig im Spread enthalten, ohne zus\u00e4tzliche Geb\u00fchren \u00fcber die angezeigten Preise hinaus. Im Gegensatz zu vielen anderen Brokern <strong>berechnet Plus500 keine Kommissionen auf Forex-Trades<\/strong>. Es steht nur ein Konto f\u00fcr Trader zur Verf\u00fcgung, das du beim Einstieg auch als Demokonto mit unbegrenztem virtuellem Guthaben testen kannst.<\/p>\n<p><strong>Die Spreads bei Plus500 sind variabel<\/strong> und h\u00e4ngen in erster Linie von den aktuellen Marktbedingungen und der Volatilit\u00e4t ab. Beim Handel mit EUR\/USD liegt der durchschnittliche Spread unter der CySEC-Regulierung bei etwa 1 Pip, w\u00e4hrend er f\u00fcr Trader au\u00dferhalb Europas auf bis zu 0,8 Pips sinken kann. Wenn du <strong>ein Standard-Lot im EUR\/USD mit einem Spread von 1 Pip handelst, zahlst du durchschnittlich 10 USD pro Seite<\/strong>. Trader, die Mini- oder Mikro-Lots handeln (10.000 Einheiten bzw. 1.000 Einheiten), zahlen entsprechend 1 USD bzw. 0,10 USD pro Seite. Angenommen, du schlie\u00dft deine EUR\/USD-Position beim gleichen Kursniveau, bei dem du sie er\u00f6ffnet hast (1 Pip Spread), belaufen sich deine gesamten Kosten allein aus dem Spread auf 20 USD.<\/p>\n<div class=\"table-responsive\">\n<table class=\"table table--colorful\">\n<thead>\n<tr>\n<th style=\"background-color: #fff;\" colspan=\"5\">Durchschnittliche Spread-Kosten* f\u00fcr Konten von Tradern bei Plus500<\/th>\n<\/tr>\n<tr>\n<th>W\u00e4hrungspaar<\/th>\n<th>Spread (in Pips)<\/th>\n<th>Kommission<\/th>\n<th>Kosten pro Mini-Lot<\/th>\n<th>Kosten pro Standard-Lot<\/th>\n<\/tr>\n<\/thead>\n<tbody>\n<tr>\n<td>EUR\/USD<\/td>\n<td style=\"text-align: center;\">1,0<\/td>\n<td style=\"text-align: center;\">0 USD<\/td>\n<td style=\"text-align: center;\">1,00 USD<\/td>\n<td style=\"text-align: center;\">10,00 USD<\/td>\n<\/tr>\n<tr>\n<td>USD\/JPY<\/td>\n<td style=\"text-align: center;\">1,7<\/td>\n<td style=\"text-align: center;\">0 USD<\/td>\n<td style=\"text-align: center;\">1,15 USD<\/td>\n<td style=\"text-align: center;\">11,49 USD<\/td>\n<\/tr>\n<tr>\n<td>EUR\/GBP<\/td>\n<td style=\"text-align: center;\">1,5<\/td>\n<td style=\"text-align: center;\">0 USD<\/td>\n<td style=\"text-align: center;\">2,03 USD<\/td>\n<td style=\"text-align: center;\">20,34 USD<\/td>\n<\/tr>\n<tr>\n<td>GBP\/USD<\/td>\n<td style=\"text-align: center;\">1,6<\/td>\n<td style=\"text-align: center;\">0 USD<\/td>\n<td style=\"text-align: center;\">1,60 USD<\/td>\n<td style=\"text-align: center;\">16,00 USD<\/td>\n<\/tr>\n<tr>\n<td>AUD\/USD<\/td>\n<td style=\"text-align: center;\">0,9<\/td>\n<td style=\"text-align: center;\">0 USD<\/td>\n<td style=\"text-align: center;\">0,90 USD<\/td>\n<td style=\"text-align: center;\">9,00 USD<\/td>\n<\/tr>\n<tr>\n<td>USD\/CAD<\/td>\n<td style=\"text-align: center;\">2,0<\/td>\n<td style=\"text-align: center;\">0 USD<\/td>\n<td style=\"text-align: center;\">1,45 USD<\/td>\n<td style=\"text-align: center;\">14,50 USD<\/td>\n<\/tr>\n<tr>\n<td>USD\/CHF<\/td>\n<td style=\"text-align: center;\">1,70<\/td>\n<td style=\"text-align: center;\">0 USD<\/td>\n<td style=\"text-align: center;\">2,13 USD<\/td>\n<td style=\"text-align: center;\">21,32 USD<\/td>\n<\/tr>\n<tr>\n<td>USD\/CNH<\/td>\n<td style=\"text-align: center;\">12,00<\/td>\n<td style=\"text-align: center;\">0 USD<\/td>\n<td style=\"text-align: center;\">1,67 USD<\/td>\n<td style=\"text-align: center;\">16,74 USD<\/td>\n<\/tr>\n<tr>\n<td>NZD\/USD<\/td>\n<td style=\"text-align: center;\">2,20<\/td>\n<td style=\"text-align: center;\">0 USD<\/td>\n<td style=\"text-align: center;\">2,20 USD<\/td>\n<td style=\"text-align: center;\">22,00 USD<\/td>\n<\/tr>\n<\/tbody>\n<\/table>\n<\/div>\n<p style=\"text-align: center; font-size: 13px;\"><em>*Die oben aufgef\u00fchrten Trading-Kosten gelten f\u00fcr Konten in US-Dollar und zeigen beispielhaft die Kosten, die Trader pro Seite zahlen.<\/em><\/p>\n<h2 id=\"overnight\"><i class=\"ico ico--clock\"><\/i>\u00dcbernacht-Finanzierungskosten bei Plus500<\/h2>\n<p>Wenn du Positionen \u00fcber das Ende des Handelstages hinaus offen h\u00e4ltst, fallen zus\u00e4tzliche Kosten in Form von \u00dcbernacht-Finanzierungsgeb\u00fchren an. Diese werden auch als <em>\u201eSwaps\u201c<\/em> bezeichnet. Die Geb\u00fchren werden <strong>deinem verf\u00fcgbaren Kontostand gutgeschrieben oder davon abgezogen, wenn deine Trades mit Hebel<\/strong> nach einer bestimmten Uhrzeit weiterhin offen bleiben (bei Plus500 um 23:00 Uhr GMT).<\/p>\n<div class=\"table-responsive\">\n<table class=\"table table--colorful\">\n<thead>\n<tr>\n<th style=\"background-color: #fff;\" colspan=\"3\">Plus500 Swap-S\u00e4tze f\u00fcr beliebte Forex-Paare<\/th>\n<\/tr>\n<tr>\n<th>W\u00e4hrungspaar<\/th>\n<th>Long-Swaps<\/th>\n<th>Short-Swaps<\/th>\n<\/tr>\n<\/thead>\n<tbody>\n<tr>\n<td>EUR\/USD<\/td>\n<td style=\"text-align: center;\">\u200e-0,01079 %<\/td>\n<td style=\"text-align: center;\">0,00257 %<\/td>\n<\/tr>\n<tr>\n<td>USD\/JPY<\/td>\n<td style=\"text-align: center;\">\u200e0,00613 %<\/td>\n<td style=\"text-align: center;\">\u200e-0,01435 %<\/td>\n<\/tr>\n<tr>\n<td>EUR\/GBP<\/td>\n<td style=\"text-align: center;\">\u200e-0,0105 %<\/td>\n<td style=\"text-align: center;\">0,00228 %<\/td>\n<\/tr>\n<tr>\n<td>GBP\/USD<\/td>\n<td style=\"text-align: center;\">\u200e-0,0044 %<\/td>\n<td style=\"text-align: center;\">-0,00382 %<\/td>\n<\/tr>\n<tr>\n<td>AUD\/USD<\/td>\n<td style=\"text-align: center;\">-0,00532 %<\/td>\n<td style=\"text-align: center;\">\u200e-0,0029 %<\/td>\n<\/tr>\n<tr>\n<td>USD\/CAD<\/td>\n<td style=\"text-align: center;\">0,00062 %<\/td>\n<td style=\"text-align: center;\">-0,00884 %<\/td>\n<\/tr>\n<tr>\n<td>USD\/CHF<\/td>\n<td style=\"text-align: center;\">0,00787 %<\/td>\n<td style=\"text-align: center;\">-0,01609 %<\/td>\n<\/tr>\n<tr>\n<td>USD\/CNH<\/td>\n<td style=\"text-align: center;\">\u200e-0,00813 %<\/td>\n<td style=\"text-align: center;\">-0,02337 %<\/td>\n<\/tr>\n<tr>\n<td>NZD\/USD<\/td>\n<td style=\"text-align: center;\">\u200e-0,01178 %<\/td>\n<td style=\"text-align: center;\">-0,00603 %<\/td>\n<\/tr>\n<\/tbody>\n<\/table>\n<\/div>\n<p>Nutzer k\u00f6nnen die aktuellen Swap-S\u00e4tze in den Details der jeweiligen W\u00e4hrungspaare einsehen, nachdem sie sich in ihr Plus500-Konto eingeloggt haben. Die t\u00e4glichen \u00dcbernacht-Finanzierungskosten lassen sich mit der folgenden vom Broker bereitgestellten Formel berechnen:<\/p>\n<p><strong>OFF = PS x OP x SR<\/strong> wobei:<\/p>\n<ul class=\"list-checks\">\n<li>OFF f\u00fcr die \u00dcbernacht-Finanzierungsgeb\u00fchren steht.<\/li>\n<li>PS der Positionsgr\u00f6\u00dfe entspricht.<\/li>\n<li>OP den Er\u00f6ffnungskurs bezeichnet.<\/li>\n<li>SR f\u00fcr den aktuellen Swap-Satz (positiv oder negativ) steht.<\/li>\n<\/ul>\n<p>Zur Veranschaulichung nehmen wir folgendes Beispiel: Du er\u00f6ffnest eine Long-Position in H\u00f6he eines Mini-Lots im W\u00e4hrungspaar EUR\/USD zum aktuellen Kurs von 1,03080 bei einem Swap-Satz von -0,01079 %. Mit der oben genannten Formel ergibt sich, dass <strong>deine \u00dcbernacht-Finanzierungsgeb\u00fchr 10.000 x 1,03080 x -0,01079 % = -1,11 USD betr\u00e4gt<\/strong>. Plus500 zieht diesen Betrag t\u00e4glich von deinem Kontostand ab, solange deine Position offen bleibt. Wenn du den Trade beispielsweise f\u00fcnf Tage nach der Orderer\u00f6ffnung schlie\u00dft, belaufen sich deine gesamten Kosten auf 6,66 USD.<\/p>\n<h2 id=\"swap\"><i class=\"ico ico--islamic-account\"><\/i>Kosten f\u00fcr swapfreies Trading bei Plus500<\/h2>\n<p>Trader, deren religi\u00f6se \u00dcberzeugungen es ihnen nicht erlauben, Zinsen zu zahlen oder zu erhalten, k\u00f6nnen ein islamisches Konto er\u00f6ffnen. Bei diesem Kontotyp fallen f\u00fcr Positionen, die \u00fcber das Ende des Handelstages hinaus offen bleiben, keine t\u00e4glichen \u00dcbernacht-Finanzierungsgeb\u00fchren an. Diese Kontoart ist <strong>f\u00fcr Trader aus bestimmten L\u00e4ndern wie Katar und Saudi-Arabien verf\u00fcgbar<\/strong>. Trader aus diesen Regionen zahlen stattdessen feste Verwaltungsgeb\u00fchren anstelle von Swaps.<\/p>\n<p>In der Regel gibt es eine Kulanzperiode, in der Positionen mehrere Tage gehalten werden k\u00f6nnen, ohne dass Verwaltungsgeb\u00fchren anfallen. Allerdings stellt der Broker <strong>auf seiner Website kaum Informationen zur Geb\u00fchrenstruktur swapfreier Konten<\/strong> bereit. Unsere Recherche zeigt, dass berechtigte Nutzer den Kundenservice kontaktieren m\u00fcssen, um weitere Informationen zu m\u00f6glichen Kosten zu erhalten.<\/p>\n<h2 id=\"other\"><i class=\"ico ico--administration-fees\"><\/i>Sonstige Trading-Kosten bei Plus500<\/h2>\n<p>Plus500 erhebt mehrere Geb\u00fchren, die nicht direkt mit dem Platzieren von Orders auf der Plattform zusammenh\u00e4ngen. Gelegentliche Trader sollten sich regelm\u00e4\u00dfig in ihr Konto einloggen oder gelegentlich Trades platzieren, um Inaktivit\u00e4tsgeb\u00fchren zu vermeiden. Der Broker berechnet <strong>eine monatliche Geb\u00fchr von 10 USD, wenn auf einem Live-Konto \u00fcber einen Zeitraum von drei oder mehr Monaten keine Anmeldung oder Trading-Aktivit\u00e4t erfolgt<\/strong>. Du kannst diese Kosten leicht vermeiden, indem du dein Konto von Zeit zu Zeit aufrufst.<\/p>\n<hr style=\"height: 2px; border-width: 0; color: #dee2e6; background-color: #dee2e6; clear: both;\" \/>\n<h3 style=\"text-align: center;\">Geb\u00fchren f\u00fcr W\u00e4hrungsumrechnung bei Plus500<\/h3>\n<p><img decoding=\"async\" class=\"alignleft\" src=\"https:\/\/www.bestbrokers.com\/wp-content\/uploads\/2021\/07\/eur-usd-most-traded.svg\" alt=\"Currency Conversion Fees\" width=\"80\" \/>Wenn du Positionen in Instrumenten er\u00f6ffnest, die in einer anderen W\u00e4hrung als der Basisw\u00e4hrung deines Kontos notiert sind, entstehen zus\u00e4tzliche Kosten. Der Broker <strong>berechnet eine W\u00e4hrungsumrechnungsgeb\u00fchr von 0,70 %, die von deinen realisierten Gewinnen oder Verlusten abgezogen wird<\/strong>. Angenommen, dein Trading-Konto wird in US-Dollar gef\u00fchrt und du erzielst einen Gewinn von 10 \u20ac aus einer Position, die in EUR notiert ist. Dieser wird bei einem aktuellen EUR\/USD-Spotkurs von 1,03411 als 10,34 USD bzw. 10 \u20ac angezeigt.<\/p>\n<p>Ohne W\u00e4hrungsumrechnung w\u00fcrde dein Gewinn einfach 10,34 USD betragen (10 \u20ac x 1,03411). <strong>Der W\u00e4hrungsumrechnungssatz von 0,70 % ist jedoch ung\u00fcnstiger als der aktuelle Spotkurs<\/strong>, wodurch dein Gewinn leicht reduziert wird: 1,03411 x (1 &#8211; 0,70 %) = 1,02687. Das bedeutet, dein Gewinn nach Abzug der Umrechnungsgeb\u00fchr betr\u00e4gt 10,27 USD (10 \u20ac x 1,02687) statt 10,34 USD, was einer Umrechnungsgeb\u00fchr von 0,07 USD entspricht.<\/p>\n<hr style=\"height: 2px; border-width: 0; color: #dee2e6; background-color: #dee2e6; clear: both;\" \/>\n<h3 style=\"text-align: center;\">Geb\u00fchren f\u00fcr garantierte Stop-Orders<\/h3>\n<p><img decoding=\"async\" class=\"alignleft\" src=\"https:\/\/www.bestbrokers.com\/wp-content\/uploads\/2021\/10\/shortcomings.svg\" alt=\"Fees for Guarantee Stop Orders\" width=\"80\" \/>Plus500 erm\u00f6glicht es Nutzern, ihr Risiko effizienter zu steuern, indem garantierte Stop-Orders (GSOs) angeboten werden. Diese Funktion stellt sicher, dass deine Positionen automatisch zu deinem festgelegten Preis geschlossen werden \u2013 unabh\u00e4ngig von Marktbedingungen und Volatilit\u00e4t. Die GSO sch\u00fctzt dich vor weiter steigenden Verlusten, falls sich die M\u00e4rkte gegen deine Position bewegen. Alternativ kannst du damit auch einen bestimmten Gewinn sichern, wenn sich die Preise zu deinen Gunsten entwickeln. Allerdings <strong>f\u00fchrt die Nutzung von GSOs zu breiteren Spreads<\/strong>. Weitere Informationen zur Berechnung der GSO-Geb\u00fchren findest du im Forex-Key-Information-Dokument des Brokers.<\/p>\n<hr style=\"height: 2px; border-width: 0; color: #dee2e6; background-color: #dee2e6; clear: both;\" \/>\n<h3 style=\"text-align: center;\">Transaktionsgeb\u00fchren<\/h3>\n<p><img decoding=\"async\" class=\"alignleft\" src=\"https:\/\/www.bestbrokers.com\/wp-content\/uploads\/2021\/10\/transaction-fees.svg\" alt=\"Transaction Fees\" width=\"80\" \/>Beim Ein- und Auszahlen von Geldern auf dein Live-Konto berechnet Plus500 keine zus\u00e4tzlichen Geb\u00fchren f\u00fcr Einzahlungen. Auszahlungen per internationaler Bank\u00fcberweisung kosten jedoch 6 USD. Nutzer zahlen au\u00dferdem <strong>eine Bearbeitungsgeb\u00fchr von 10 USD, wenn sie eine Auszahlung unterhalb des Mindestbetrags beantragen<\/strong>. Dieser liegt bei 100 USD f\u00fcr Bank\u00fcberweisungen und Karten sowie bei 50 USD f\u00fcr PayPal und Skrill. Jeder Nutzer hat Anspruch auf f\u00fcnf kostenlose Auszahlungen pro Monat. Jede weitere Auszahlung \u00fcber dieses Limit hinaus kann ebenfalls eine Geb\u00fchr von 10 USD verursachen.<\/p>\n<hr style=\"height: 2px; border-width: 0; color: #dee2e6; background-color: #dee2e6; clear: both;\" \/>\n<div class=\"table-responsive\">\n<table class=\"table\">\n<thead>\n<tr>\n<th colspan=\"2\">Plus500 &#8211; Sonstige Trading-Kosten im \u00dcberblick<\/th>\n<\/tr>\n<\/thead>\n<tbody>\n<tr>\n<td>Einzahlungsgeb\u00fchren<\/td>\n<td>Kostenlos.<\/td>\n<\/tr>\n<tr>\n<td>Auszahlungsgeb\u00fchren<\/td>\n<td>\n<ul class=\"list-checks\">\n<li>10 USD bei Auszahlungsanfragen unterhalb des Mindestbetrags.<\/li>\n<li>10 USD nach mehr als f\u00fcnf Auszahlungen pro Monat.<\/li>\n<li>6 USD f\u00fcr Auszahlungen per internationaler Bank\u00fcberweisung.<\/li>\n<\/ul>\n<\/td>\n<\/tr>\n<tr>\n<td>Kontof\u00fchrungsgeb\u00fchren bei Kontoer\u00f6ffnung<\/td>\n<td>Keine.<\/td>\n<\/tr>\n<tr>\n<td>Inaktivit\u00e4tsgeb\u00fchren.<\/td>\n<td>10 USD pro Monat (nach 3 Monaten).<\/td>\n<\/tr>\n<tr>\n<td>VPS-Hosting-Abonnement<\/td>\n<td>k. A.<\/td>\n<\/tr>\n<tr>\n<td>Copy-Trading-Geb\u00fchren<\/td>\n<td>k. A.<\/td>\n<\/tr>\n<tr>\n<td>Garantierte Stop-Orders<\/td>\n<td>Geb\u00fchren in Form von breiteren Spreads.<\/td>\n<\/tr>\n<\/tbody>\n<\/table>\n<\/div>\n<h2 id=\"conclusion\"><i class=\"ico ico--pen\"><\/i>Fazit<\/h2>\n<p>Nach umfangreicher Analyse haben wir festgestellt, dass die Trading-Kosten bei Plus500 grunds\u00e4tzlich <strong>mit den Geb\u00fchren vieler anderer Broker mit Spread-basierten Konten vergleichbar sind<\/strong>. Die Spreads sind m\u00f6glicherweise etwas breiter als bei Trading-Plattformen mit Rohspreads auf kommissionsbasierten Konten, insgesamt sind die Unterschiede jedoch gering. Trader sollten <strong>die sonstigen Kosten bei Plus500 sorgf\u00e4ltig ber\u00fccksichtigen<\/strong>. Geb\u00fchren durch zus\u00e4tzliche Auszahlungen, die Nutzung garantierter Stop-Orders oder Inaktivit\u00e4t k\u00f6nnen deine Gewinne aus erfolgreichen Trades nach und nach reduzieren \u2013 besonders dann, wenn du mit kleineren Betr\u00e4gen handelst. Weitere Informationen zum Broker findest du in unserem ausf\u00fchrlichen Testbericht zu <a href=\"https:\/\/www.bestbrokers.com\/de\/reviews\/plus500\/\">Plus500<\/a>.<\/p>\n","protected":false},"excerpt":{"rendered":"<p>Wenn du dich fragst, ob Plus500 wettbewerbsf\u00e4hige Handelsbedingungen bietet, bist du hier genau richtig. BestBrokers zeigt dir alle Trading- und sonstigen Kosten, die bei Plus500 anfallen k\u00f6nnen, darunter Spreads, \u00dcbernacht-Finanzierungskosten, Verwaltungsgeb\u00fchren f\u00fcr swapfreie Konten und weitere kontobezogene Geb\u00fchren. Unser Team hat viele Stunden damit verbracht, diesen international regulierten Broker zu analysieren, um dir einen klaren [&hellip;]<\/p>\n","protected":false},"author":2,"featured_media":0,"parent":21135,"menu_order":0,"comment_status":"closed","ping_status":"closed","template":"templates\/review.php","meta":{"footnotes":""},"class_list":["post-59638","page","type-page","status-publish","hentry"],"aioseo_notices":[],"_links":{"self":[{"href":"https:\/\/www.bestbrokers.com\/de\/wp-json\/wp\/v2\/pages\/59638","targetHints":{"allow":["GET"]}}],"collection":[{"href":"https:\/\/www.bestbrokers.com\/de\/wp-json\/wp\/v2\/pages"}],"about":[{"href":"https:\/\/www.bestbrokers.com\/de\/wp-json\/wp\/v2\/types\/page"}],"author":[{"embeddable":true,"href":"https:\/\/www.bestbrokers.com\/de\/wp-json\/wp\/v2\/users\/2"}],"replies":[{"embeddable":true,"href":"https:\/\/www.bestbrokers.com\/de\/wp-json\/wp\/v2\/comments?post=59638"}],"version-history":[{"count":10,"href":"https:\/\/www.bestbrokers.com\/de\/wp-json\/wp\/v2\/pages\/59638\/revisions"}],"predecessor-version":[{"id":82877,"href":"https:\/\/www.bestbrokers.com\/de\/wp-json\/wp\/v2\/pages\/59638\/revisions\/82877"}],"up":[{"embeddable":true,"href":"https:\/\/www.bestbrokers.com\/de\/wp-json\/wp\/v2\/pages\/21135"}],"wp:attachment":[{"href":"https:\/\/www.bestbrokers.com\/de\/wp-json\/wp\/v2\/media?parent=59638"}],"curies":[{"name":"wp","href":"https:\/\/api.w.org\/{rel}","templated":true}]}}