{"id":59639,"date":"2025-03-19T09:36:54","date_gmt":"2025-03-19T09:36:54","guid":{"rendered":"https:\/\/www.bestbrokers.com\/?page_id=59639"},"modified":"2026-03-13T10:29:08","modified_gmt":"2026-03-13T10:29:08","slug":"spreads-fees-and-commissions","status":"publish","type":"page","link":"https:\/\/www.bestbrokers.com\/de\/reviews\/pepperstone\/spreads-fees-and-commissions\/","title":{"rendered":"Spreads, Geb\u00fchren und Kommissionen bei Pepperstone"},"content":{"rendered":"<div class=\"author-line\">Geschrieben von <span class=\"author\">Naylyan Nazifova<div class=\"author-sub-box\"><div class=\"author-avatar\"><img decoding=\"async\" src=\"https:\/\/www.bestbrokers.com\/wp-content\/uploads\/2026\/04\/nnazifova.webp\" \/><\/div><div class=\"author-info-wrapper\"><div class=\"author-name\"><a href=\"https:\/\/www.bestbrokers.com\/de\/authors\/naylyan-nazifova\/\">Naylyan Nazifova<\/a><\/div><div class=\"author-bio\">Naylyan Nazifova ist eine anerkannte Expertin im Bereich des Online-Handels. Sie hat viele Ver\u00f6ffentlichungen und Analysen zu Themen wie Forex-Handel, Aktieninvestitionen und pers\u00f6nlicher Finanzplanung.<\/div><\/div><\/div><\/span>,  <a rel=\"nofollow\" target=\"_blank\" href=\"https:\/\/www.linkedin.com\/in\/naylian-nazifova-58562a272\/\"><img decoding=\"async\" class=\"social-icon\" src=\"https:\/\/www.bestbrokers.com\/wp-content\/themes\/best-brokers\/assets\/images\/icon-linkedin.svg\" data-no-lazy=\"1\"><\/a> <span class=\"sep\">|<\/span> \u00dcbersetzt von <span class=\"author\">Marcus Jungnickel<div class=\"author-sub-box\"><div class=\"author-avatar\"><img decoding=\"async\" src=\"https:\/\/www.bestbrokers.com\/wp-content\/uploads\/2025\/02\/Marcus-Jungnickel-150x150-2.webp\" \/><\/div><div class=\"author-info-wrapper\"><div class=\"author-name\"><a href=\"https:\/\/www.bestbrokers.com\/de\/authors\/marcus-jungnickel\/\">Marcus Jungnickel<\/a><\/div><div class=\"author-bio\">Marcus Jungnickel ist als \u00dcbersetzer und Redakteur auf die Fachgebiete Finanzen und Wirtschaft spezialisiert. Er betreut die deutsche Version von BestBrokers.com.<\/div><\/div><\/div><\/span>, <a rel=\"nofollow\" target=\"_blank\" href=\"https:\/\/www.linkedin.com\/in\/marcus-jungnickel-3545b3154\/\"><img decoding=\"async\" class=\"social-icon\" src=\"https:\/\/www.bestbrokers.com\/wp-content\/themes\/best-brokers\/assets\/images\/icon-linkedin.svg\" data-no-lazy=\"1\"><\/a> <span class=\"sep\">|<\/span> Aktualisiert: <time class=\"entry-date\" datetime=\"2026-03-13T10:29:08+00:00\">M\u00e4rz 13, 2026<\/time><\/div>\n<p>Bei der Wahl des besten Brokers empfiehlt es sich immer, die Handelskosten genau zu pr\u00fcfen, um den Anbieter mit den kosteneffizientesten Trading-Bedingungen zu w\u00e4hlen. Bei Pepperstone kannst du zahlreiche Forex- und CFD-Instrumente handeln, wobei <strong>niedrige Kommissionen und enge Spreads<\/strong> zu insgesamt sehr geringen Trading-Kosten f\u00fchren. Im Folgenden behandeln wir sowohl Handelsgeb\u00fchren als auch sonstige Geb\u00fchren, die f\u00fcr dein Pepperstone-Konto anfallen k\u00f6nnen. Wenn du die gesamten Kosten f\u00fcr das Trading bei diesem Broker verstehen m\u00f6chtest, solltest du unbedingt weiterlesen.<\/p>\n<h2 id=\"costs\"><i class=\"ico ico--money-supply\"><\/i>Trading-Kosten bei Pepperstone<\/h2>\n<p>Wenn du ein Konto bei Pepperstone er\u00f6ffnest, kannst du zun\u00e4chst mit einem Demokonto starten. Damit kannst du die M\u00e4rkte in Echtzeit erkunden, ohne echtes Geld zu riskieren. Bei den Live-Konten k\u00f6nnen Trader <strong>zwischen Standard- und Razor-Konten<\/strong> w\u00e4hlen. W\u00e4hrend beide Kontovarianten bei Kontraktgr\u00f6\u00dfen, unterst\u00fctzten W\u00e4hrungen und beim Hebel einige Gemeinsamkeiten aufweisen, unterscheiden sie sich beim Geb\u00fchrenmodell.<\/p>\n<p>Das Standard-Konto von Pepperstone nutzt ein Spread-only-Modell. Das bedeutet, dass lediglich ein Spread berechnet wird, wenn du ein W\u00e4hrungspaar oder ein anderes handelbares Instrument kaufst oder verkaufst. Gro\u00dfe Forex-Paare kannst du mit <strong>Spreads ab 1 Pip<\/strong> und ohne zus\u00e4tzliche Kommission handeln.<\/p>\n<p>W\u00e4hrend das Standard-Konto bereits recht wettbewerbsf\u00e4hige Preise bietet, kannst du mit dem Razor-Konto noch geringere Trading-Kosten erzielen. Zwar wird <strong>eine kleine Kommission von 3,50 USD pro Lot<\/strong> pro Seite des Trades berechnet, daf\u00fcr beginnen die Spreads bei gro\u00dfen Forex-Paaren bereits ab 0,0 Pips.<\/p>\n<div class=\"table-responsive\">\n<table class=\"table table--colorful\">\n<thead>\n<tr>\n<th colspan=\"4\" style=\"background-color: #fff;\">Razor-Konto \u2013 Round-Trip-Kommissionen nach Kontow\u00e4hrung<\/th>\n<\/tr>\n<tr>\n<th>Basisw\u00e4hrung<\/th>\n<th>Pro Standard-Lot<\/th>\n<th>Pro Mini-Lot<\/th>\n<th>Pro Micro-Lot<\/th>\n<\/tr>\n<\/thead>\n<tbody>\n<tr>\n<td>USD<\/td>\n<td style=\"text-align: center;\">7 USD<\/td>\n<td style=\"text-align: center;\">0,70 USD<\/td>\n<td style=\"text-align: center;\">0,07 USD<\/td>\n<\/tr>\n<tr>\n<td>EUR<\/td>\n<td style=\"text-align: center;\">5,20 \u20ac<\/td>\n<td style=\"text-align: center;\">0,52 \u20ac<\/td>\n<td style=\"text-align: center;\">0,052 \u20ac<\/td>\n<\/tr>\n<tr>\n<td>GBP<\/td>\n<td style=\"text-align: center;\">4,50 \u00a3<\/td>\n<td style=\"text-align: center;\">0,45 \u00a3<\/td>\n<td style=\"text-align: center;\">0,045 \u00a3<\/td>\n<\/tr>\n<tr>\n<td>CHF<\/td>\n<td style=\"text-align: center;\">6,60 CHF<\/td>\n<td style=\"text-align: center;\">0,66 CHF<\/td>\n<td style=\"text-align: center;\">0,066 CHF<\/td>\n<\/tr>\n<\/tbody>\n<\/table>\n<\/div>\n<p>Damit du die tats\u00e4chlichen Kosten f\u00fcr den Forex-Handel mit den Standard- und Razor-Konten bei Pepperstone besser einsch\u00e4tzen kannst, zeigen wir dir ein Beispiel f\u00fcr den Handel desselben W\u00e4hrungspaars mit beiden Kontotypen. In unserem Beispiel betrachten wir <strong>einen Trade \u00fcber ein Standard-Lot im W\u00e4hrungspaar EUR\/USD<\/strong>, bei dem eine Bewegung von einem Pip einem Wert von 10 USD entspricht. Zur Vereinfachung der Berechnung gehen wir davon aus, dass der Trade zum gleichen Preis er\u00f6ffnet und geschlossen wird.<\/p>\n<p>Zum Zeitpunkt der Erstellung liegt der durchschnittliche Spread f\u00fcr EUR\/USD im Standard-Konto bei 1,1 Pips, wobei <strong>keine Kommission f\u00fcr den Trade berechnet wird<\/strong>. Beim gleichen W\u00e4hrungspaar im Razor-Konto betr\u00e4gt der durchschnittliche Spread hingegen 0,1 Pips, w\u00e4hrend zus\u00e4tzlich eine Kommission von 3,50 USD pro Seite f\u00fcr ein Lot berechnet wird. Daraus ergeben sich folgende Trading-Kosten:<\/p>\n<hr style=\"height:2px;border-width:0;color:#dee2e6;background-color:#dee2e6; clear: both;\">\n<strong>Standard-Konto:<\/strong><\/p>\n<p>Spread: 1,1 Pips<br \/>\nGesamtkosten: 1,10 \u00d7 10 USD = 11 USD pro Seite oder 22 USD f\u00fcr einen vollst\u00e4ndigen Round-Trip-Trade<\/p>\n<hr style=\"height:2px;border-width:0;color:#dee2e6;background-color:#dee2e6; clear: both;\">\n<strong>Razor-Konto:<\/strong><\/p>\n<p>Spread: 0,1 Pips<br \/>\nSpread-Kosten: 0,1 \u00d7 10 USD = 1 USD pro Seite<br \/>\nKommission: 3,50 USD pro Seite<br \/>\nGesamtkosten: (1 USD) \u00d7 2 + (3,50 USD) \u00d7 2 = 2 USD + 7 USD = 9 USD f\u00fcr einen vollst\u00e4ndigen Round-Trip-Trade<\/p>\n<hr style=\"height:2px;border-width:0;color:#dee2e6;background-color:#dee2e6; clear: both;\">\nWie du sehen kannst, zahlst du beim Handel des W\u00e4hrungspaars EUR\/USD mit dem Razor-Konto zwar eine Kommission. Dennoch sind die gesamten Trading-Kosten deutlich niedriger als beim Standard-Konto. Der Grund daf\u00fcr ist der gro\u00dfe Unterschied bei den Spread-Werten.<\/p>\n<p>Im Folgenden haben wir Tabellen mit den <strong>gesamten Kosten pro Trade<\/strong> pro Seite f\u00fcr beliebte Forex-Paare zusammengestellt. Die Berechnungen basieren auf den aktuellen Spreads der Standard- und Razor-Konten und zeigen die Kosten sowohl f\u00fcr ein Micro-Lot als auch f\u00fcr einen Trade mit einem Standard-Lot.<\/p>\n<div class=\"table-responsive\">\n<table class=\"table table--colorful\">\n<thead>\n<tr>\n<th colspan=\"5\" style=\"background-color: #fff;\">Durchschnittliche Spread-Kosten bei Standard-Konten<\/th>\n<\/tr>\n<tr>\n<th>W\u00e4hrungspaar<\/th>\n<th>Spread (in Pips)<\/th>\n<th>Kommission pro Seite<\/th>\n<th>Kosten pro Micro-Lot<\/th>\n<th>Kosten pro Standard-Lot<\/th>\n<\/tr>\n<\/thead>\n<tbody>\n<tr>\n<td>EUR\/USD<\/td>\n<td style=\"text-align: center;\">1,1<\/td>\n<td style=\"text-align: center;\">0 USD<\/td>\n<td style=\"text-align: center;\">0,110 USD<\/td>\n<td style=\"text-align: center;\">11,00 USD<\/td>\n<\/tr>\n<tr>\n<td>USD\/JPY<\/td>\n<td style=\"text-align: center;\">1,2<\/td>\n<td style=\"text-align: center;\">0 USD<\/td>\n<td style=\"text-align: center;\">0,082 USD<\/td>\n<td style=\"text-align: center;\">8,16 USD<\/td>\n<\/tr>\n<tr>\n<td>EUR\/GBP<\/td>\n<td style=\"text-align: center;\">1,3<\/td>\n<td style=\"text-align: center;\">0 USD<\/td>\n<td style=\"text-align: center;\">0,176 USD<\/td>\n<td style=\"text-align: center;\">17,58 USD<\/td>\n<\/tr>\n<tr>\n<td>GBP\/USD<\/td>\n<td style=\"text-align: center;\">1,2<\/td>\n<td style=\"text-align: center;\">0 USD<\/td>\n<td style=\"text-align: center;\">0,093 USD<\/td>\n<td style=\"text-align: center;\">9,35 USD<\/td>\n<\/tr>\n<tr>\n<td>AUD\/USD<\/td>\n<td style=\"text-align: center;\">1,1<\/td>\n<td style=\"text-align: center;\">0 USD<\/td>\n<td style=\"text-align: center;\">0,110 USD<\/td>\n<td style=\"text-align: center;\">11,00 USD<\/td>\n<\/tr>\n<tr>\n<td>USD\/CAD<\/td>\n<td style=\"text-align: center;\">1,5<\/td>\n<td style=\"text-align: center;\">0 USD<\/td>\n<td style=\"text-align: center;\">0,109 USD<\/td>\n<td style=\"text-align: center;\">10,91 USD<\/td>\n<\/tr>\n<tr>\n<td>USD\/CHF<\/td>\n<td style=\"text-align: center;\">1,40<\/td>\n<td style=\"text-align: center;\">0 USD<\/td>\n<td style=\"text-align: center;\">0,175 USD<\/td>\n<td style=\"text-align: center;\">17,51 USD<\/td>\n<\/tr>\n<tr>\n<td>USD\/CNH<\/td>\n<td style=\"text-align: center;\">8,0<\/td>\n<td style=\"text-align: center;\">0 USD<\/td>\n<td style=\"text-align: center;\">0,112 USD<\/td>\n<td style=\"text-align: center;\">11,22 USD<\/td>\n<\/tr>\n<tr>\n<td>NZD\/USD<\/td>\n<td style=\"text-align: center;\">1,4<\/td>\n<td style=\"text-align: center;\">0 USD<\/td>\n<td style=\"text-align: center;\">0,140 USD<\/td>\n<td style=\"text-align: center;\">14,00 USD<\/td>\n<\/tr>\n<\/tbody>\n<\/table>\n<\/div>\n<p style=\"text-align: center; font-size: 13px;\"><em>*Die Trading-Kosten aller W\u00e4hrungspaare sind in USD angegeben<\/em><\/p>\n<div class=\"table-responsive\">\n<table class=\"table table--colorful\">\n<thead>\n<tr>\n<th colspan=\"5\" style=\"background-color: #fff;\">Durchschnittliche Spread-Kosten bei Razor-Konten<\/th>\n<\/tr>\n<tr>\n<th>W\u00e4hrungspaar<\/th>\n<th>Spread (in Pips)<\/th>\n<th>Kommission pro Seite<\/th>\n<th>Kosten pro Micro-Lot<\/th>\n<th>Kosten pro Standard-Lot<\/th>\n<\/tr>\n<\/thead>\n<tbody>\n<tr>\n<td>EUR\/USD<\/td>\n<td style=\"text-align: center;\">0,1<\/td>\n<td style=\"text-align: center;\">3,50 USD \/ 0,035 USD<\/td>\n<td style=\"text-align: center;\">0,045 USD<\/td>\n<td style=\"text-align: center;\">4,50 USD<\/td>\n<\/tr>\n<tr>\n<td>USD\/JPY<\/td>\n<td style=\"text-align: center;\">0,2<\/td>\n<td style=\"text-align: center;\">3,50 USD \/ 0,035 USD<\/td>\n<td style=\"text-align: center;\">0,049 USD<\/td>\n<td style=\"text-align: center;\">4,86 USD<\/td>\n<\/tr>\n<tr>\n<td>EUR\/GBP<\/td>\n<td style=\"text-align: center;\">0,3<\/td>\n<td style=\"text-align: center;\">3,50 USD \/ 0,035 USD<\/td>\n<td style=\"text-align: center;\">0,441 USD<\/td>\n<td style=\"text-align: center;\">7,56 USD<\/td>\n<\/tr>\n<tr>\n<td>GBP\/USD<\/td>\n<td style=\"text-align: center;\">0,2<\/td>\n<td style=\"text-align: center;\">3,50 USD \/ 0,035 USD<\/td>\n<td style=\"text-align: center;\">0,055 USD<\/td>\n<td style=\"text-align: center;\">5,50 USD<\/td>\n<\/tr>\n<tr>\n<td>AUD\/USD<\/td>\n<td style=\"text-align: center;\">0,1<\/td>\n<td style=\"text-align: center;\">3,50 USD \/ 0,035 USD<\/td>\n<td style=\"text-align: center;\">0,045 USD<\/td>\n<td style=\"text-align: center;\">4,50 USD<\/td>\n<\/tr>\n<tr>\n<td>USD\/CAD<\/td>\n<td style=\"text-align: center;\">0,5<\/td>\n<td style=\"text-align: center;\">3,50 USD \/ 0,035 USD<\/td>\n<td style=\"text-align: center;\">0,071 USD<\/td>\n<td style=\"text-align: center;\">7,14 USD<\/td>\n<\/tr>\n<tr>\n<td>USD\/CHF<\/td>\n<td style=\"text-align: center;\">0,4<\/td>\n<td style=\"text-align: center;\">3,50 USD \/ 0,035 USD<\/td>\n<td style=\"text-align: center;\">0,085 USD<\/td>\n<td style=\"text-align: center;\">8,50 USD<\/td>\n<\/tr>\n<tr>\n<td>USD\/CNH<\/td>\n<td style=\"text-align: center;\">7,0<\/td>\n<td style=\"text-align: center;\">3,50 USD \/ 0,035 USD<\/td>\n<td style=\"text-align: center;\">0,133 USD<\/td>\n<td style=\"text-align: center;\">13,32 USD<\/td>\n<\/tr>\n<tr>\n<td>NZD\/USD<\/td>\n<td style=\"text-align: center;\">0,4<\/td>\n<td style=\"text-align: center;\">3,50 USD \/ 0,035 USD<\/td>\n<td style=\"text-align: center;\">0,075 USD<\/td>\n<td style=\"text-align: center;\">7,50 USD<\/td>\n<\/tr>\n<\/tbody>\n<\/table>\n<\/div>\n<p style=\"text-align: center; font-size: 13px;\"><em>*Die Trading-Kosten aller W\u00e4hrungspaare sind in USD angegeben<\/em><\/p>\n<h2 id=\"overnight\"><i class=\"ico ico--clock\"><\/i>\u00dcbernacht-Finanzierungskosten bei Pepperstone<\/h2>\n<p>W\u00e4hrend Intraday-Trader mit beiden von Pepperstone angebotenen Kontotypen handeln k\u00f6nnen, gibt es auch Trader, die davon profitieren m\u00f6chten, <strong>Zinsen auf \u00fcber Nacht offene Positionen zu erhalten<\/strong>. Dabei ist zu beachten, dass diese Zinsen \u2013 auch als Swap-Satz bezeichnet \u2013 ebenfalls berechnet werden k\u00f6nnen, wenn du Positionen \u00fcber Nacht h\u00e4ltst. Ob ein Swap gutgeschrieben oder belastet wird, h\u00e4ngt davon ab, ob du eine Long- oder Short-Position er\u00f6ffnet hast.<\/p>\n<p>Da Swap-S\u00e4tze variabel sind und von Interbanken-Zinss\u00e4tzen sowie anderen Marktbedingungen abh\u00e4ngen, haben wir eine Tabelle mit den zum Zeitpunkt der Erstellung g\u00fcltigen Swap-S\u00e4tzen f\u00fcr beliebte W\u00e4hrungspaare zusammengestellt. Beachte au\u00dferdem, dass der Forex-Markt am Wochenende geschlossen ist und daher keine Swaps berechnet oder gutgeschrieben werden. <strong>Mittwochs werden die Swap-S\u00e4tze deshalb verdreifacht<\/strong>.<\/p>\n<p>Du kannst die aktuell geltenden Swap-S\u00e4tze f\u00fcr jedes handelbare Instrument jederzeit direkt in der Liste der handelbaren Instrumente auf den Trading-Plattformen einsehen, die Pepperstone seinen Nutzern zur Verf\u00fcgung stellt. Es ist jedoch auch hilfreich zu wissen, wie Swaps vom Broker berechnet werden. F\u00fcr Forex und Metalle berechnet Pepperstone die Swap-S\u00e4tze nach folgender Formel:<\/p>\n<blockquote><p>T\u00e4gliche Swap-Belastung \/ Gutschrift = Single Point \u00d7 (Gr\u00f6\u00dfe des Trades oder nominaler Handelswert \u00d7 Tom-Next-Satz*)<\/p><\/blockquote>\n<p style=\"text-align: center; font-size: 13px;\"><em>*Pepperstone nutzt Daten f\u00fchrender globaler Investmentbanken zur Bestimmung der Tom-Next-S\u00e4tze.<\/em><\/p>\n<div class=\"table-responsive\">\n<table class=\"table table--colorful\">\n<thead>\n<tr>\n<th colspan=\"5\" style=\"background-color: #fff;\">Swap-S\u00e4tze bei beliebten Forex-Paaren<\/th>\n<\/tr>\n<tr>\n<th>Symbol<\/th>\n<th>Basisw\u00e4hrung<\/th>\n<th>Volumen in Lots<\/th>\n<th>Swap Long<\/th>\n<th>Swap Short<\/th>\n<\/tr>\n<\/thead>\n<tbody>\n<tr>\n<td>EUR\/USD<\/td>\n<td style=\"text-align: center;\">USD<\/td>\n<td style=\"text-align: center;\">1<\/td>\n<td style=\"text-align: center;\">0,61000<\/td>\n<td style=\"text-align: center;\">0,20000<\/td>\n<\/tr>\n<tr>\n<td>USD\/JPY<\/td>\n<td style=\"text-align: center;\">USD<\/td>\n<td style=\"text-align: center;\">1<\/td>\n<td style=\"text-align: center;\">-0,710<\/td>\n<td style=\"text-align: center;\">-2,130<\/td>\n<\/tr>\n<tr>\n<td>EUR\/GBP<\/td>\n<td style=\"text-align: center;\">USD<\/td>\n<td style=\"text-align: center;\">1<\/td>\n<td style=\"text-align: center;\">0,64000<\/td>\n<td style=\"text-align: center;\">0,21000<\/td>\n<\/tr>\n<tr>\n<td>GBP\/USD<\/td>\n<td style=\"text-align: center;\">USD<\/td>\n<td style=\"text-align: center;\">1<\/td>\n<td style=\"text-align: center;\">0,14000<\/td>\n<td style=\"text-align: center;\">-0,36000<\/td>\n<\/tr>\n<tr>\n<td>AUD\/USD<\/td>\n<td style=\"text-align: center;\">USD<\/td>\n<td style=\"text-align: center;\">1<\/td>\n<td style=\"text-align: center;\">0,16000<\/td>\n<td style=\"text-align: center;\">-0,11000<\/td>\n<\/tr>\n<tr>\n<td>USD\/CAD<\/td>\n<td style=\"text-align: center;\">USD<\/td>\n<td style=\"text-align: center;\">1<\/td>\n<td style=\"text-align: center;\">-0,30000<\/td>\n<td style=\"text-align: center;\">-0,92000<\/td>\n<\/tr>\n<tr>\n<td>USD\/CHF<\/td>\n<td style=\"text-align: center;\">USD<\/td>\n<td style=\"text-align: center;\">1<\/td>\n<td style=\"text-align: center;\">-0,44000<\/td>\n<td style=\"text-align: center;\">-1,21000<\/td>\n<\/tr>\n<tr>\n<td>NZD\/USD<\/td>\n<td style=\"text-align: center;\">USD<\/td>\n<td style=\"text-align: center;\">1<\/td>\n<td style=\"text-align: center;\">0,16000<\/td>\n<td style=\"text-align: center;\">-0,12000<\/td>\n<\/tr>\n<\/tbody>\n<\/table>\n<\/div>\n<p style=\"text-align: center; font-size: 13px;\"><em>* Swap-S\u00e4tze werden in Punkten angegeben<\/em><\/p>\n<h2 id=\"swap\"><i class=\"ico ico--islamic-account\"><\/i>Swap-freies Trading bei Pepperstone<\/h2>\n<p>Da Trader muslimischen Glaubens keine Zinsen zahlen oder erhalten d\u00fcrfen, bietet Pepperstone Bewohnern bestimmter muslimischer L\u00e4nder die M\u00f6glichkeit, ein swap-freies Konto zu er\u00f6ffnen. Das bedeutet, dass weder Swap-Geb\u00fchren gutgeschrieben noch belastet werden, wenn Positionen \u00fcber Nacht offen bleiben. Auch wenn dieser Kontotyp <strong>keine Swap-Geb\u00fchren<\/strong> berechnet, fallen sogenannte Verwaltungsgeb\u00fchren an. Diese Geb\u00fchr wird erhoben, wenn ein Trade \u00fcber ein swap-freies Konto l\u00e4nger als 5 Tage offen gehalten wird.<\/p>\n<p>Die Verwaltungsgeb\u00fchren werden pro Standard-Lot berechnet und direkt vom Kontoguthaben des Traders abgezogen. F\u00fcr Forex- und Metall-Trades \u00fcber swap-freie Konten betr\u00e4gt diese Geb\u00fchr 100 USD pro gehandeltem Lot.<\/p>\n<p>Die Option f\u00fcr ein swap-freies Konto steht nur Bewohnern folgender L\u00e4nder zur Verf\u00fcgung: Albanien, Bangladesch, Burkina Faso, Bahrain, Brunei, Brunei Darussalam, Algerien, \u00c4gypten, Indonesien, Jordanien, Kirgisistan, Kuwait, Marokko, Mauretanien, Malediven, Malaysia, Niger, Oman, Pakistan, Katar, Sierra Leone, T\u00fcrkei, Usbekistan und Kosovo.<\/p>\n<p>Auch Standard-Konten k\u00f6nnen als swap-freie Konten gef\u00fchrt werden und bieten beim W\u00e4hrungspaar EUR\/USD einen durchschnittlichen Spread von <strong>0,77 Pips<\/strong>. Die Mindestpositionsgr\u00f6\u00dfe bei einem swap-freien Konto bei Pepperstone betr\u00e4gt 0,01 Lots und kann bis zu 100 Standard-Lots betragen. Es f\u00e4llt keine Kommission an, genau wie beim regul\u00e4ren Standard-Konto von Pepperstone. Als Basisw\u00e4hrungen stehen AUD, EUR, GBP und USD zur Verf\u00fcgung. Scalping, Hedging und der Einsatz von EAs sind erlaubt.<\/p>\n<h2 id=\"other\"><i class=\"ico ico--administration-fees\"><\/i>Sonstige Trading-Kosten bei Pepperstone<\/h2>\n<p>Nachdem wir Kommissionen, Spreads, Swaps und Verwaltungsgeb\u00fchren betrachtet haben, sollten wir auch sonstige Kosten ber\u00fccksichtigen, die beim Trading mit Pepperstone anfallen k\u00f6nnen. Du kannst dein Konto beim Broker kostenlos er\u00f6ffnen, und auch die Kontof\u00fchrung bei Pepperstone ist vollst\u00e4ndig geb\u00fchrenfrei. W\u00e4hrend einige Broker eine Inaktivit\u00e4tsgeb\u00fchr verlangen, wird dein Pepperstone-Konto lediglich archiviert, wenn es l\u00e4nger als 3 Monate nicht genutzt wurde, <strong>ohne dass eine Inaktivit\u00e4tsgeb\u00fchr berechnet wird<\/strong>.<\/p>\n<p>Wenn du dein Trading-Konto aufl\u00e4dst, stehen dir mehrere Zahlungsmethoden zur Verf\u00fcgung, deren Verf\u00fcgbarkeit teilweise vom Wohnsitz abh\u00e4ngen kann. Besonders praktisch ist, dass Pepperstone keine Einzahlungsgeb\u00fchren berechnet. Dadurch kannst du den gesamten eingezahlten Betrag f\u00fcr dein Trading nutzen. Auch bei Auszahlungen erhebt der Broker <strong>keine zus\u00e4tzlichen Geb\u00fchren<\/strong>, wodurch der gesamte Zahlungsprozess bei Pepperstone sehr kosteneffizient bleibt.<\/p>\n<p>Alle Nutzer von Pepperstone haben au\u00dferdem Zugriff auf einen VPS-Service (Virtual Private Server), der vollst\u00e4ndig vom Broker \u00fcbernommen wird, sofern bestimmte Voraussetzungen erf\u00fcllt werden. Um den VPS-Hosting-Service von Pepperstone nutzen zu k\u00f6nnen, m\u00fcssen Trader innerhalb eines Zeitraums von 60 Tagen ein <strong>Trading-Volumen von 1.000.000 USD oder mehr<\/strong> erreichen. Damit du den kostenlosen VPS-Service weiterhin nutzen kannst, musst du diese Mindestanforderung beim Trading-Volumen dauerhaft erf\u00fcllen.<\/p>\n<div class=\"table-responsive\">\n<table class=\"table\">\n<thead>\n<tr>\n<th colspan=\"2\">Pepperstone &#8211; Sonstige Trading-Kosten im \u00dcberblick<\/th>\n<\/tr>\n<\/thead>\n<tbody>\n<tr>\n<td>Einzahlungsgeb\u00fchren<\/td>\n<td>Kostenlos.<\/td>\n<\/tr>\n<tr>\n<td>Auszahlungsgeb\u00fchren<\/td>\n<td>Kostenlos.<\/td>\n<\/tr>\n<tr>\n<td>Kontoer\u00f6ffnungsgeb\u00fchr<\/td>\n<td>Kostenlos.<\/td>\n<\/tr>\n<tr>\n<td>Inaktivit\u00e4tsgeb\u00fchr<\/td>\n<td>Keine.<\/td>\n<\/tr>\n<tr>\n<td>VPS-Hosting<\/td>\n<td>Kostenlos f\u00fcr Trader mit einem Trading-Volumen von mindestens 1.000.000 USD innerhalb von 60 Tagen.<\/td>\n<\/tr>\n<\/tbody>\n<\/table>\n<\/div>\n<h2 id=\"conclusion\"><i class=\"ico ico--pen\"><\/i>Fazit zu den Geb\u00fchren bei Pepperstone<\/h2>\n<p>Pepperstone ist ein etablierter Trading-Broker, der sehr wettbewerbsf\u00e4hige Trading-Bedingungen \u00fcber mehrere Kontotypen hinweg bietet. Egal ob du dich f\u00fcr das Standard- oder das Razor-Konto entscheidest, du profitierst von <strong>sehr niedrigen Trading-Kosten<\/strong> bei zahlreichen Forex-Paaren und vielen CFD-Instrumenten. Wir empfehlen, die gesamten Kosten beider Kontotypen bei Pepperstone zu vergleichen und auch die Swap-S\u00e4tze zu ber\u00fccksichtigen, wenn du planst, Positionen \u00fcber Nacht offen zu halten.<\/p>\n<p>Ein gro\u00dfer Vorteil beim Trading mit Pepperstone ist, dass <strong>keine sonstigen Handelsgeb\u00fchren anfallen<\/strong>. Das bedeutet: keine Geb\u00fchren f\u00fcr Ein- oder Auszahlungen, keine Inaktivit\u00e4tsgeb\u00fchren und keine weiteren zus\u00e4tzlichen Kosten.<\/p>\n","protected":false},"excerpt":{"rendered":"<p>Bei der Wahl des besten Brokers empfiehlt es sich immer, die Handelskosten genau zu pr\u00fcfen, um den Anbieter mit den kosteneffizientesten Trading-Bedingungen zu w\u00e4hlen. Bei Pepperstone kannst du zahlreiche Forex- und CFD-Instrumente handeln, wobei niedrige Kommissionen und enge Spreads zu insgesamt sehr geringen Trading-Kosten f\u00fchren. Im Folgenden behandeln wir sowohl Handelsgeb\u00fchren als auch sonstige Geb\u00fchren, [&hellip;]<\/p>\n","protected":false},"author":2,"featured_media":0,"parent":21142,"menu_order":0,"comment_status":"closed","ping_status":"closed","template":"templates\/review.php","meta":{"footnotes":""},"class_list":["post-59639","page","type-page","status-publish","hentry"],"aioseo_notices":[],"_links":{"self":[{"href":"https:\/\/www.bestbrokers.com\/de\/wp-json\/wp\/v2\/pages\/59639","targetHints":{"allow":["GET"]}}],"collection":[{"href":"https:\/\/www.bestbrokers.com\/de\/wp-json\/wp\/v2\/pages"}],"about":[{"href":"https:\/\/www.bestbrokers.com\/de\/wp-json\/wp\/v2\/types\/page"}],"author":[{"embeddable":true,"href":"https:\/\/www.bestbrokers.com\/de\/wp-json\/wp\/v2\/users\/2"}],"replies":[{"embeddable":true,"href":"https:\/\/www.bestbrokers.com\/de\/wp-json\/wp\/v2\/comments?post=59639"}],"version-history":[{"count":9,"href":"https:\/\/www.bestbrokers.com\/de\/wp-json\/wp\/v2\/pages\/59639\/revisions"}],"predecessor-version":[{"id":82879,"href":"https:\/\/www.bestbrokers.com\/de\/wp-json\/wp\/v2\/pages\/59639\/revisions\/82879"}],"up":[{"embeddable":true,"href":"https:\/\/www.bestbrokers.com\/de\/wp-json\/wp\/v2\/pages\/21142"}],"wp:attachment":[{"href":"https:\/\/www.bestbrokers.com\/de\/wp-json\/wp\/v2\/media?parent=59639"}],"curies":[{"name":"wp","href":"https:\/\/api.w.org\/{rel}","templated":true}]}}