{"id":59640,"date":"2025-03-19T09:36:54","date_gmt":"2025-03-19T09:36:54","guid":{"rendered":"https:\/\/www.bestbrokers.com\/?page_id=59640"},"modified":"2026-03-13T10:33:25","modified_gmt":"2026-03-13T10:33:25","slug":"spreads-fees-and-commissions","status":"publish","type":"page","link":"https:\/\/www.bestbrokers.com\/de\/reviews\/blackbull-markets\/spreads-fees-and-commissions\/","title":{"rendered":"Spreads, Geb\u00fchren und Kommissionen bei BlackBull"},"content":{"rendered":"<div class=\"author-line\">Geschrieben von <span class=\"author\">Naylyan Nazifova<div class=\"author-sub-box\"><div class=\"author-avatar\"><img decoding=\"async\" src=\"https:\/\/www.bestbrokers.com\/wp-content\/uploads\/2026\/04\/nnazifova.webp\" \/><\/div><div class=\"author-info-wrapper\"><div class=\"author-name\"><a href=\"https:\/\/www.bestbrokers.com\/de\/authors\/naylyan-nazifova\/\">Naylyan Nazifova<\/a><\/div><div class=\"author-bio\">Naylyan Nazifova ist eine anerkannte Expertin im Bereich des Online-Handels. Sie hat viele Ver\u00f6ffentlichungen und Analysen zu Themen wie Forex-Handel, Aktieninvestitionen und pers\u00f6nlicher Finanzplanung.<\/div><\/div><\/div><\/span>,  <a rel=\"nofollow\" target=\"_blank\" href=\"https:\/\/www.linkedin.com\/in\/naylian-nazifova-58562a272\/\"><img decoding=\"async\" class=\"social-icon\" src=\"https:\/\/www.bestbrokers.com\/wp-content\/themes\/best-brokers\/assets\/images\/icon-linkedin.svg\" data-no-lazy=\"1\"><\/a> <span class=\"sep\">|<\/span> \u00dcbersetzt von <span class=\"author\">Marcus Jungnickel<div class=\"author-sub-box\"><div class=\"author-avatar\"><img decoding=\"async\" src=\"https:\/\/www.bestbrokers.com\/wp-content\/uploads\/2025\/02\/Marcus-Jungnickel-150x150-2.webp\" \/><\/div><div class=\"author-info-wrapper\"><div class=\"author-name\"><a href=\"https:\/\/www.bestbrokers.com\/de\/authors\/marcus-jungnickel\/\">Marcus Jungnickel<\/a><\/div><div class=\"author-bio\">Marcus Jungnickel ist als \u00dcbersetzer und Redakteur auf die Fachgebiete Finanzen und Wirtschaft spezialisiert. Er betreut die deutsche Version von BestBrokers.com.<\/div><\/div><\/div><\/span>, <a rel=\"nofollow\" target=\"_blank\" href=\"https:\/\/www.linkedin.com\/in\/marcus-jungnickel-3545b3154\/\"><img decoding=\"async\" class=\"social-icon\" src=\"https:\/\/www.bestbrokers.com\/wp-content\/themes\/best-brokers\/assets\/images\/icon-linkedin.svg\" data-no-lazy=\"1\"><\/a> <span class=\"sep\">|<\/span> Aktualisiert: <time class=\"entry-date\" datetime=\"2026-03-13T10:33:25+00:00\">M\u00e4rz 13, 2026<\/time><\/div>\n<p>Mit mehr als 26.000 handelbaren Instrumenten, innovativen Trading-Plattformen und niedrigen Geb\u00fchren bietet BlackBull einige der wettbewerbsf\u00e4higsten Trading-Bedingungen, die man sich w\u00fcnschen kann. Damit du die Trading-Kosten bei BlackBull besser einsch\u00e4tzen kannst, haben wir alle <strong>Trading- sowie sonstigen Kosten, die dir als Nutzer des Brokers begegnen k\u00f6nnen<\/strong>, genauer analysiert. Spreads, Kommissionen und Swap-S\u00e4tze geh\u00f6ren zu den wichtigsten Kostenpunkten, die wir betrachtet haben, damit Trader beurteilen k\u00f6nnen, ob BlackBull die passende Broker-Wahl f\u00fcr ihre zuk\u00fcnftigen Trades ist. Wenn du die gesamten Trading-Kosten bei BlackBull verstehen m\u00f6chtest, empfehlen wir dir, unsere ausf\u00fchrliche Analyse der Geb\u00fchrenstruktur des Brokers weiterzulesen.<\/p>\n<h2 id=\"costs\"><i class=\"ico ico--money-supply\"><\/i>Trading-Kosten bei BlackBull<\/h2>\n<p>Spreads und Kommissionen sind entscheidende Faktoren bei der Berechnung der Trading-Kosten bei BlackBull. Wichtig ist au\u00dferdem, dass der Broker drei Kontotypen anbietet, die auf unterschiedliche Trading-Stile zugeschnitten sind. Die drei Kontomodelle verwenden unterschiedliche Preisstrukturen. Ein Konto nutzt <strong>ein reines Spread-Modell<\/strong>, w\u00e4hrend zwei Kontotypen engere Spreads und niedrige Kommissionen bieten.<\/p>\n<p>Beim Er\u00f6ffnen eines Live-Trading-Kontos bei BlackBull k\u00f6nnen Trader zwischen den Kontotypen ECN Standard, ECN Prime und ECN Institutional w\u00e4hlen. <strong>Alle drei unterst\u00fctzen Micro-Lots<\/strong>, wobei die minimale Kontraktgr\u00f6\u00dfe 0,01 Lots betr\u00e4gt. S\u00e4mtliche Trading-Plattformen des Brokers stehen bei allen drei Kontotypen zur Verf\u00fcgung und erm\u00f6glichen Zugang zu mehr als 26.000 handelbaren Instrumenten. Auch der maximal verf\u00fcgbare Hebel ist bei allen drei Kontovarianten identisch.<\/p>\n<p>Die Kontotypen ECN Standard und ECN Prime unterst\u00fctzen au\u00dferdem swap-freies Trading, das ausschlie\u00dflich f\u00fcr berechtigte Nutzer aus bestimmten muslimischen L\u00e4ndern verf\u00fcgbar ist. Um dein Konto aufzuladen und mit dem Trading zu starten, musst du jedoch <strong>unterschiedliche Mindesteinzahlungen<\/strong> erf\u00fcllen. F\u00fcr ECN Standard, ECN Prime und ECN Institutional gelten Mindestbetr\u00e4ge von 0 USD, 2.000 USD beziehungsweise 20.000 USD.<\/p>\n<p>Das <strong>ECN-Standard-Konto arbeitet ohne Kommission<\/strong>. Das bedeutet, dass die gesamten Trading-Kosten im Spread enthalten sind. Bei gro\u00dfen Forex-Paaren beginnen die Spreads hier ab 0,8 Pips. Die beiden anderen Kontotypen reduzieren die Trading-Kosten durch engere Spreads und eine kleine Kommission pro gehandeltem Lot. Die <strong>Spreads beim ECN Prime beginnen ab 0,1 Pips<\/strong>, w\u00e4hrend f\u00fcr einen Trade \u00fcber ein Standard-Lot eine Round-Trip-Kommission von 6 USD berechnet wird. Beim ECN Institutional beginnen die Spreads bereits ab 0,0 Pips, w\u00e4hrend die Round-Trip-Kommission noch niedriger ausf\u00e4llt und 4 USD pro Lot betr\u00e4gt.<\/p>\n<div class=\"table-responsive\">\n<table class=\"table table--colorful\">\n<thead>\n<tr>\n<th colspan=\"4\" style=\"background-color: #fff;\">BlackBull Round-Trip-Kommissionen nach Kontotyp<\/th>\n<\/tr>\n<tr>\n<th>Kontotyp<\/th>\n<th>Pro Standard-Lot<\/th>\n<th>Pro Mini-Lot<\/th>\n<th>Pro Micro-Lot<\/th>\n<\/tr>\n<\/thead>\n<tbody>\n<tr>\n<td>ECN Standard<\/td>\n<td style=\"text-align: center;\">0 USD<\/td>\n<td style=\"text-align: center;\">0 USD<\/td>\n<td style=\"text-align: center;\">0 USD<\/td>\n<\/tr>\n<tr>\n<td>ECN Prime<\/td>\n<td style=\"text-align: center;\">6 USD<\/td>\n<td style=\"text-align: center;\">0,6 USD<\/td>\n<td style=\"text-align: center;\">0,06 USD<\/td>\n<\/tr>\n<tr>\n<td>ECN Institutional<\/td>\n<td style=\"text-align: center;\">4 USD<\/td>\n<td style=\"text-align: center;\">0,4 USD<\/td>\n<td style=\"text-align: center;\">0,04 USD<\/td>\n<\/tr>\n<\/tbody>\n<\/table>\n<\/div>\n<p>Damit du die gesamten Trading-Kosten beim Forex-Handel mit jedem Kontotyp besser einsch\u00e4tzen kannst, zeigen wir ein einfaches Beispiel mit einem EUR\/USD-Trade \u00fcber ein Standard-Lot, bei dem 1 Pip einem Wert von 10 USD entspricht. F\u00fcr dieses Beispiel gehen wir au\u00dferdem davon aus, dass der Trade zum gleichen Preis er\u00f6ffnet und geschlossen wird. Zum Zeitpunkt der Erstellung dieses Artikels bietet BlackBull Live-Spreads beim W\u00e4hrungspaar EUR\/USD von 1,0 Pips, 0,3 Pips und 0,2 Pips auf den Kontotypen ECN Standard, ECN Prime und ECN Institutional. Beachte, dass der Broker variable Live-Spreads anbietet, die sich fortlaufend an die jeweiligen Marktbedingungen anpassen.<\/p>\n<p>Unter Ber\u00fccksichtigung der oben genannten Spreads ergeben sich beim Handel von EUR\/USD mit den BlackBull-Konten folgende Kosten:<\/p>\n<hr style=\"height:2px;border-width:0;color:#dee2e6;background-color:#dee2e6; clear: both;\">\n<p><strong>ECN Standard Konto:<\/strong><\/p>\n<p>Spread: 1,0<br \/>\nKommission: 0 USD<br \/>\nGesamtkosten: 1,0 \u00d7 10 USD = 10 USD pro Seite oder 20 USD f\u00fcr einen Round-Trip-Trade<\/p>\n<hr style=\"height:2px;border-width:0;color:#dee2e6;background-color:#dee2e6; clear: both;\">\n<p><strong>ECN Prime Konto:<\/strong><\/p>\n<p>Spread: 0,3<br \/>\nSpread-Kosten: 0,3 \u00d7 10 USD = 3 USD<br \/>\nKommission pro Seite: 3 USD<br \/>\nGesamtkosten: (3 USD) \u00d7 2 + (3 USD) \u00d7 2 = 6 USD + 6 USD = 12 USD f\u00fcr einen Round-Trip-Trade<\/p>\n<hr style=\"height:2px;border-width:0;color:#dee2e6;background-color:#dee2e6; clear: both;\">\n<p><strong>ECN Institutional Konto:<\/strong><\/p>\n<p>Spread: 0,2<br \/>\nSpread-Kosten: 0,2 \u00d7 10 USD = 2 USD<br \/>\nKommission pro Seite: 2 USD<br \/>\nGesamtkosten: (2 USD) \u00d7 2 + (2 USD) \u00d7 2 = 4 USD + 4 USD = 8 USD f\u00fcr einen Round-Trip-Trade<\/p>\n<hr style=\"height:2px;border-width:0;color:#dee2e6;background-color:#dee2e6; clear: both;\">\n<p>Wie du in den oben gezeigten Beispielen sehen kannst, gilt: Je enger der Spread eines W\u00e4hrungspaars ist, desto niedriger fallen die gesamten Trading-Kosten aus. Das bedeutet, dass trotz der Kommissionen bei den Kontotypen ECN Prime und ECN Institutional die endg\u00fcltigen Kosten pro Trade deutlich niedriger sind als beim Trading \u00fcber ein ECN-Standard-Konto.<\/p>\n<p>Nachfolgend findest du Tabellen mit den Live-Spreads beliebter Forex-Paare f\u00fcr alle drei BlackBull-Kontotypen. Beachte, dass der Broker ausschlie\u00dflich Live-Spreads anzeigt. Diese werden kontinuierlich aktualisiert und k\u00f6nnen daher von den unten angegebenen Werten abweichen.<\/p>\n<div class=\"table-responsive\">\n<table class=\"table table--colorful\">\n<thead>\n<tr>\n<th colspan=\"5\" style=\"background-color: #fff;\">Durchschnittliche Spread-Kosten bei ECN-Standard-Konten<\/th>\n<\/tr>\n<tr>\n<th>W\u00e4hrungspaar<\/th>\n<th>Spread (in Pips)<\/th>\n<th>Kommission pro Seite<\/th>\n<th>Kosten pro Micro-Lot<\/th>\n<th>Kosten pro Standard-Lot<\/th>\n<\/tr>\n<\/thead>\n<tbody>\n<tr>\n<td>EUR\/USD<\/td>\n<td style=\"text-align: center;\">1,0<\/td>\n<td style=\"text-align: center;\">0 USD<\/td>\n<td style=\"text-align: center;\">0,10 USD<\/td>\n<td style=\"text-align: center;\">10,00 USD<\/td>\n<\/tr>\n<tr>\n<td>USD\/JPY<\/td>\n<td style=\"text-align: center;\">1,0<\/td>\n<td style=\"text-align: center;\">0 USD<\/td>\n<td style=\"text-align: center;\">0,0677 USD<\/td>\n<td style=\"text-align: center;\">6,76 USD<\/td>\n<\/tr>\n<tr>\n<td>EUR\/GBP<\/td>\n<td style=\"text-align: center;\">1,6<\/td>\n<td style=\"text-align: center;\">0 USD<\/td>\n<td style=\"text-align: center;\">0,2152 USD<\/td>\n<td style=\"text-align: center;\">21,52 USD<\/td>\n<\/tr>\n<tr>\n<td>GBP\/USD<\/td>\n<td style=\"text-align: center;\">1,0<\/td>\n<td style=\"text-align: center;\">0 USD<\/td>\n<td style=\"text-align: center;\">0,10 USD<\/td>\n<td style=\"text-align: center;\">10,00 USD<\/td>\n<\/tr>\n<tr>\n<td>AUD\/USD<\/td>\n<td style=\"text-align: center;\">1,0<\/td>\n<td style=\"text-align: center;\">0 USD<\/td>\n<td style=\"text-align: center;\">0,10 USD<\/td>\n<td style=\"text-align: center;\">10 USD<\/td>\n<\/tr>\n<tr>\n<td>USD\/CAD<\/td>\n<td style=\"text-align: center;\">1,1<\/td>\n<td style=\"text-align: center;\">0 USD<\/td>\n<td style=\"text-align: center;\">0,0794 USD<\/td>\n<td style=\"text-align: center;\">7,94 USD<\/td>\n<\/tr>\n<tr>\n<td>USD\/CHF<\/td>\n<td style=\"text-align: center;\">1,4<\/td>\n<td style=\"text-align: center;\">0 USD<\/td>\n<td style=\"text-align: center;\">0,1737 USD<\/td>\n<td style=\"text-align: center;\">17,37 USD<\/td>\n<\/tr>\n<tr>\n<td>USD\/CNH<\/td>\n<td style=\"text-align: center;\">4,3<\/td>\n<td style=\"text-align: center;\">0 USD<\/td>\n<td style=\"text-align: center;\">0,0601 USD<\/td>\n<td style=\"text-align: center;\">6,01 USD<\/td>\n<\/tr>\n<tr>\n<td>NZD\/USD<\/td>\n<td style=\"text-align: center;\">1,4<\/td>\n<td style=\"text-align: center;\">0 USD<\/td>\n<td style=\"text-align: center;\">0,14 USD<\/td>\n<td style=\"text-align: center;\">14,00 USD<\/td>\n<\/tr>\n<\/tbody>\n<\/table>\n<\/div>\n<p style=\"text-align: center; font-size: 13px;\"><em>*Die Trading-Kosten aller W\u00e4hrungspaare sind in USD angegeben<\/em><\/p>\n<div class=\"table-responsive\">\n<table class=\"table table--colorful\">\n<thead>\n<tr>\n<th colspan=\"5\" style=\"background-color: #fff;\">Durchschnittliche Spread-Kosten bei ECN-Prime-Konten<\/th>\n<\/tr>\n<tr>\n<th>W\u00e4hrungspaar<\/th>\n<th>Spread (in Pips)<\/th>\n<th>Kommission pro Seite<\/th>\n<th>Kosten pro Micro-Lot<\/th>\n<th>Kosten pro Standard-Lot<\/th>\n<\/tr>\n<\/thead>\n<tbody>\n<tr>\n<td>EUR\/USD<\/td>\n<td style=\"text-align: center;\">0,3<\/td>\n<td style=\"text-align: center;\">3 USD \/ 0,030 USD<\/td>\n<td style=\"text-align: center;\">0,06 USD<\/td>\n<td style=\"text-align: center;\">6,00 USD<\/td>\n<\/tr>\n<tr>\n<td>USD\/JPY<\/td>\n<td style=\"text-align: center;\">0,3<\/td>\n<td style=\"text-align: center;\">3 USD \/ 0,030 USD<\/td>\n<td style=\"text-align: center;\">0,0503 USD<\/td>\n<td style=\"text-align: center;\">5,03 USD<\/td>\n<\/tr>\n<tr>\n<td>EUR\/GBP<\/td>\n<td style=\"text-align: center;\">0,9<\/td>\n<td style=\"text-align: center;\">3 USD \/ 0,030 USD<\/td>\n<td style=\"text-align: center;\">0,1510 USD<\/td>\n<td style=\"text-align: center;\">15,10 USD<\/td>\n<\/tr>\n<tr>\n<td>GBP\/USD<\/td>\n<td style=\"text-align: center;\">0,3<\/td>\n<td style=\"text-align: center;\">3 USD \/ 0,030 USD<\/td>\n<td style=\"text-align: center;\">0,06 USD<\/td>\n<td style=\"text-align: center;\">6,00 USD<\/td>\n<\/tr>\n<tr>\n<td>AUD\/USD<\/td>\n<td style=\"text-align: center;\">0,3<\/td>\n<td style=\"text-align: center;\">3 USD \/ 0,030 USD<\/td>\n<td style=\"text-align: center;\">0,06 USD<\/td>\n<td style=\"text-align: center;\">6,00 USD<\/td>\n<\/tr>\n<tr>\n<td>USD\/CAD<\/td>\n<td style=\"text-align: center;\">0,4<\/td>\n<td style=\"text-align: center;\">3 USD \/ 0,030 USD<\/td>\n<td style=\"text-align: center;\">0,0589 USD<\/td>\n<td style=\"text-align: center;\">5,89 USD<\/td>\n<\/tr>\n<tr>\n<td>USD\/CHF<\/td>\n<td style=\"text-align: center;\">0,7<\/td>\n<td style=\"text-align: center;\">3 USD \/ 0,030 USD<\/td>\n<td style=\"text-align: center;\">0,1169 USD<\/td>\n<td style=\"text-align: center;\">11,69 USD<\/td>\n<\/tr>\n<tr>\n<td>USD\/CNH<\/td>\n<td style=\"text-align: center;\">3,6<\/td>\n<td style=\"text-align: center;\">3 USD \/ 0,030 USD<\/td>\n<td style=\"text-align: center;\">0,0803 USD<\/td>\n<td style=\"text-align: center;\">8,03 USD<\/td>\n<\/tr>\n<tr>\n<td>NZD\/USD<\/td>\n<td style=\"text-align: center;\">0,7<\/td>\n<td style=\"text-align: center;\">3 USD \/ 0,030 USD<\/td>\n<td style=\"text-align: center;\">0,10 USD<\/td>\n<td style=\"text-align: center;\">10,00 USD<\/td>\n<\/tr>\n<\/tbody>\n<\/table>\n<\/div>\n<p style=\"text-align: center; font-size: 13px;\"><em>*Die Trading-Kosten aller W\u00e4hrungspaare sind in USD angegeben<\/em><\/p>\n<div class=\"table-responsive\">\n<table class=\"table table--colorful\">\n<thead>\n<tr>\n<th colspan=\"5\" style=\"background-color: #fff;\">Durchschnittliche Spread-Kosten bei ECN-Institutional Konten<\/th>\n<\/tr>\n<tr>\n<th>W\u00e4hrungspaar<\/th>\n<th>Spread (in Pips)<\/th>\n<th>Kommission pro Seite<\/th>\n<th>Kosten pro Micro-Lot<\/th>\n<th>Kosten pro Standard-Lot<\/th>\n<\/tr>\n<\/thead>\n<tbody>\n<tr>\n<td>EUR\/USD<\/td>\n<td style=\"text-align: center;\">0,2<\/td>\n<td style=\"text-align: center;\">2 USD \/ 0,020 USD<\/td>\n<td style=\"text-align: center;\">0,04 USD<\/td>\n<td style=\"text-align: center;\">4,00 USD<\/td>\n<\/tr>\n<tr>\n<td>USD\/JPY<\/td>\n<td style=\"text-align: center;\">0,2<\/td>\n<td style=\"text-align: center;\">2 USD \/ 0,020 USD<\/td>\n<td style=\"text-align: center;\">0,0335 USD<\/td>\n<td style=\"text-align: center;\">3,35 USD<\/td>\n<\/tr>\n<tr>\n<td>EUR\/GBP<\/td>\n<td style=\"text-align: center;\">0,8<\/td>\n<td style=\"text-align: center;\">2 USD \/ 0,020 USD<\/td>\n<td style=\"text-align: center;\">0,1276 USD<\/td>\n<td style=\"text-align: center;\">12,76 USD<\/td>\n<\/tr>\n<tr>\n<td>GBP\/USD<\/td>\n<td style=\"text-align: center;\">0,2<\/td>\n<td style=\"text-align: center;\">2 USD \/ 0,020 USD<\/td>\n<td style=\"text-align: center;\">0,04 USD<\/td>\n<td style=\"text-align: center;\">4,00 USD<\/td>\n<\/tr>\n<tr>\n<td>AUD\/USD<\/td>\n<td style=\"text-align: center;\">0,2<\/td>\n<td style=\"text-align: center;\">2 USD \/ 0,020 USD<\/td>\n<td style=\"text-align: center;\">0,04 USD<\/td>\n<td style=\"text-align: center;\">4,00 USD<\/td>\n<\/tr>\n<tr>\n<td>USD\/CAD<\/td>\n<td style=\"text-align: center;\">0,3<\/td>\n<td style=\"text-align: center;\">2 USD \/ 0,020 USD<\/td>\n<td style=\"text-align: center;\">0,0417 USD<\/td>\n<td style=\"text-align: center;\">4,17 USD<\/td>\n<\/tr>\n<tr>\n<td>USD\/CHF<\/td>\n<td style=\"text-align: center;\">0,6<\/td>\n<td style=\"text-align: center;\">2 USD \/ 0,020 USD<\/td>\n<td style=\"text-align: center;\">0,0944 USD<\/td>\n<td style=\"text-align: center;\">9,44 USD<\/td>\n<\/tr>\n<tr>\n<td>USD\/CNH<\/td>\n<td style=\"text-align: center;\">3,5<\/td>\n<td style=\"text-align: center;\">2 USD \/ 0,020 USD<\/td>\n<td style=\"text-align: center;\">0,0689 USD<\/td>\n<td style=\"text-align: center;\">6,89 USD<\/td>\n<\/tr>\n<tr>\n<td>NZD\/USD<\/td>\n<td style=\"text-align: center;\">0,6<\/td>\n<td style=\"text-align: center;\">2 USD \/ 0,020 USD<\/td>\n<td style=\"text-align: center;\">0,08 USD<\/td>\n<td style=\"text-align: center;\">8,00 USD<\/td>\n<\/tr>\n<\/tbody>\n<\/table>\n<\/div>\n<p style=\"text-align: center; font-size: 13px;\"><em>*Die Trading-Kosten aller W\u00e4hrungspaare sind in USD angegeben<\/em><\/p>\n<h2 id=\"overnight\"><i class=\"ico ico--clock\"><\/i>\u00dcbernacht-Finanzierungskosten bei BlackBull<\/h2>\n<p>Neben Spreads und Kommissionen k\u00f6nnen auch Swap-Geb\u00fchren anfallen, wenn du Positionen \u00fcber Nacht offen h\u00e4ltst. Dabei handelt es sich um Zinsen, die Trader entweder zahlen oder erhalten. Es ist wichtig zu wissen, dass BlackBull die Swap-S\u00e4tze auf Basis der Zinss\u00e4tze berechnet, die von f\u00fchrenden globalen Banken und Liquidit\u00e4tsanbietern bereitgestellt werden.<\/p>\n<blockquote><p>F\u00fcr die Berechnung der Swap-S\u00e4tze verwendet BlackBull folgende Formel:<\/p>\n<p>\t(One Point \/ Wechselkurs) x Trade-Gr\u00f6\u00dfe (oder Lot-Gr\u00f6\u00dfe) x Swap-Wert (in Punkten angegeben)<\/p><\/blockquote>\n<p>Auch wenn es hilfreich ist zu verstehen, wie der Broker seine Swap-S\u00e4tze berechnet, musst du solche Berechnungen nicht selbst durchf\u00fchren, wenn du planst, Positionen \u00fcber Nacht offen zu halten. Stattdessen kannst du den <strong>Swap-Rechner<\/strong> von BlackBull nutzen. Dort w\u00e4hlst du einfach das Instrument, die Basisw\u00e4hrung deines Kontos und die Gr\u00f6\u00dfe deines Trades aus. Anschlie\u00dfend werden dir sofort die aktuellen Swap-S\u00e4tze angezeigt, die f\u00fcr deine Trades gelten.<\/p>\n<p>Da Swap-S\u00e4tze von verschiedenen Marktbedingungen abh\u00e4ngen, werden sie kontinuierlich aktualisiert. Trotzdem haben wir unten die aktuellen Swap-S\u00e4tze in USD f\u00fcr beliebte Forex-Paare aufgef\u00fchrt. Dabei werden sowohl die Swap-S\u00e4tze f\u00fcr Long- als auch f\u00fcr Short-Positionen angezeigt.<\/p>\n<div class=\"table-responsive\">\n<table class=\"table table--colorful\">\n<thead>\n<tr>\n<th colspan=\"5\" style=\"background-color: #fff;\">Swap-S\u00e4tze bei beliebten Forex-Paaren (Standard-Lot)<\/th>\n<\/tr>\n<tr>\n<th>Symbol<\/th>\n<th>Basisw\u00e4hrung<\/th>\n<th>Volumen in Lots<\/th>\n<th>Swap Long in Basisw\u00e4hrung<\/th>\n<th>Swap Short in Basisw\u00e4hrung<\/th>\n<\/tr>\n<\/thead>\n<tbody>\n<tr>\n<td>EUR\/USD<\/td>\n<td style=\"text-align: center;\">USD<\/td>\n<td style=\"text-align: center;\">1<\/td>\n<td style=\"text-align: center;\">-12,62990<\/td>\n<td style=\"text-align: center;\">3,96510<\/td>\n<\/tr>\n<tr>\n<td>USD\/JPY<\/td>\n<td style=\"text-align: center;\">USD<\/td>\n<td style=\"text-align: center;\">1<\/td>\n<td style=\"text-align: center;\">7,915<\/td>\n<td style=\"text-align: center;\">-28,134<\/td>\n<\/tr>\n<tr>\n<td>EUR\/GBP<\/td>\n<td style=\"text-align: center;\">USD<\/td>\n<td style=\"text-align: center;\">1<\/td>\n<td style=\"text-align: center;\">-4,97852<\/td>\n<td style=\"text-align: center;\">0,91176<\/td>\n<\/tr>\n<tr>\n<td>GBP\/USD<\/td>\n<td style=\"text-align: center;\">USD<\/td>\n<td style=\"text-align: center;\">1<\/td>\n<td style=\"text-align: center;\">-4,01910<\/td>\n<td style=\"text-align: center;\">-2,96420<\/td>\n<\/tr>\n<tr>\n<td>AUD\/USD<\/td>\n<td style=\"text-align: center;\">USD<\/td>\n<td style=\"text-align: center;\">1<\/td>\n<td style=\"text-align: center;\">-4,04550<\/td>\n<td style=\"text-align: center;\">-1,81910<\/td>\n<\/tr>\n<tr>\n<td>USD\/CAD<\/td>\n<td style=\"text-align: center;\">USD<\/td>\n<td style=\"text-align: center;\">1<\/td>\n<td style=\"text-align: center;\">1,50000<\/td>\n<td style=\"text-align: center;\">-6,57000<\/td>\n<\/tr>\n<tr>\n<td>USD\/CHF<\/td>\n<td style=\"text-align: center;\">USD<\/td>\n<td style=\"text-align: center;\">1<\/td>\n<td style=\"text-align: center;\">5,79570<\/td>\n<td style=\"text-align: center;\">-15,21600<\/td>\n<\/tr>\n<tr>\n<td>NZD\/USD<\/td>\n<td style=\"text-align: center;\">USD<\/td>\n<td style=\"text-align: center;\">1<\/td>\n<td style=\"text-align: center;\">-4,23800<\/td>\n<td style=\"text-align: center;\">-0,18600<\/td>\n<\/tr>\n<\/tbody>\n<\/table>\n<\/div>\n<p>Eine wichtige Sache, die du beachten solltest, wenn du Positionen nach Ende der Daytrading-Session offen l\u00e4sst, ist, dass <strong>Swaps mittwochs verdreifacht werden<\/strong>. Der Grund daf\u00fcr ist, dass der Markt am Samstag und Sonntag geschlossen ist und daher am Wochenende keine Swaps berechnet werden k\u00f6nnen.<\/p>\n<h2 id=\"swap\"><i class=\"ico ico--islamic-account\"><\/i>Swap-freie Trading-Kosten bei BlackBull<\/h2>\n<p>F\u00fcr Trader, die aufgrund ihrer religi\u00f6sen \u00dcberzeugung keine Zinsen zahlen oder erhalten d\u00fcrfen, bietet BlackBull <strong>swap-freies Trading<\/strong> \u00fcber die Kontotypen ECN Standard oder ECN Prime an. F\u00fcr Trader, die ihr Konto swap-frei halten m\u00f6chten und keine Zinsen zahlen oder erhalten wollen, gibt es einige Empfehlungen. Die wichtigste Empfehlung des Brokers ist, sich auf Daytrading zu konzentrieren und Positionen m\u00f6glichst nicht \u00fcber Nacht offen zu lassen.<\/p>\n<p>Auch wenn bei einem swap-freien Konto keine Zinsen oder andere Geb\u00fchren berechnet werden, kann das Offenhalten von Positionen \u00fcber Nacht dazu f\u00fchren, dass dein swap-freies Konto <strong>wieder in ein regul\u00e4res ECN-Standard- oder ECN-Prime-Konto umgewandelt wird<\/strong>. In diesem Fall w\u00fcrdest du wieder Zinsen auf offene Positionen zahlen oder erhalten.<\/p>\n<h2 id=\"other\"><i class=\"ico ico--administration-fees\"><\/i>Sonstige Trading-Kosten bei BlackBull<\/h2>\n<p>Nachdem wir die Trading-Geb\u00fchren bei BlackBull betrachtet haben, werfen wir nun auch einen Blick auf m\u00f6gliche sonstige Kosten. Unabh\u00e4ngig davon, welchen Kontotyp du beim Broker er\u00f6ffnest, stehen dir <strong>mehrere bequeme Zahlungsmethoden<\/strong> zur Verf\u00fcgung, um dein Trading-Konto aufzuladen. Einzahlungen auf dein BlackBull-Konto sind vollst\u00e4ndig geb\u00fchrenfrei. W\u00e4hrend Trader ihr Konto kostenlos aufladen k\u00f6nnen, erhebt der Broker bei Auszahlungen eine <strong>Geb\u00fchr von 5 USD<\/strong>.<\/p>\n<p>Die Kontoer\u00f6ffnung bei BlackBull ist ebenfalls kostenlos. Du solltest jedoch beachten, dass der Broker eine <strong>Inaktivit\u00e4tsgeb\u00fchr von 5 USD<\/strong> berechnet, wenn dein Konto l\u00e4nger als 90 Tage keine Trading-Aktivit\u00e4t aufweist. Bevor diese Frist abl\u00e4uft, wirst du vom Broker \u00fcber die bevorstehende Geb\u00fchr informiert. Bleibt dein Konto weiterhin inaktiv, wird anschlie\u00dfend jeden weiteren Monat eine Inaktivit\u00e4tsgeb\u00fchr von 5 USD berechnet. Falls das Kontoguthaben nach der Berechnung der Inaktivit\u00e4tsgeb\u00fchr 0 betr\u00e4gt, beh\u00e4lt sich der Broker das Recht vor, dein Konto zu schlie\u00dfen.<\/p>\n<p>F\u00fcr Trader, die ihre Trading-Performance verbessern m\u00f6chten \u2013 etwa durch geringere Latenz, bessere Ausf\u00fchrung automatisierter Strategien oder zus\u00e4tzliche Funktionen \u2013 bieten einige Partner von BlackBull einen VPS-Hosting-Service an. F\u00fcr die Nutzung des VPS-Services ist eine <strong>kostenpflichtige Mitgliedschaft erforderlich, die ab 30 USD pro Monat beginnt<\/strong>. Aktive Trader mit h\u00f6herem Trading-Volumen k\u00f6nnen die Kosten f\u00fcr das VPS-Hosting teilweise reduzieren.<\/p>\n<div class=\"table-responsive\">\n<table class=\"table\">\n<thead>\n<tr>\n<th colspan=\"2\">BlackBull &#8211; Sonstige Trading-Kosten<\/th>\n<\/tr>\n<\/thead>\n<tbody>\n<tr>\n<td>Einzahlungsgeb\u00fchren<\/td>\n<td>Kostenlos.<\/td>\n<\/tr>\n<tr>\n<td>Auszahlungsgeb\u00fchren<\/td>\n<td>5 USD.<\/td>\n<\/tr>\n<tr>\n<td>Kontoer\u00f6ffnungsgeb\u00fchr<\/td>\n<td>Kostenlos.<\/td>\n<\/tr>\n<tr>\n<td>Inaktivit\u00e4tsgeb\u00fchr<\/td>\n<td>5 USD.<\/td>\n<\/tr>\n<tr>\n<td>VPS-Hosting-Abonnement<\/td>\n<td>Ab 30 USD pro Monat.<\/td>\n<\/tr>\n<\/tbody>\n<\/table>\n<\/div>\n<h2 id=\"conclusion\"><i class=\"ico ico--pen\"><\/i>Fazit <\/h2>\n<p>Trader, die sich f\u00fcr BlackBull entscheiden, profitieren von wettbewerbsf\u00e4higen Trading-Bedingungen \u00fcber mehrere Kontotypen hinweg. Egal ob du als Anf\u00e4nger kleinere Positionen handelst oder gr\u00f6\u00dfere Volumen bevorzugst \u2013 bei BlackBull findest du den passenden Kontotyp und kannst <strong>zu sehr niedrigen Kosten mit dem Broker traden<\/strong>. Enge Spreads und niedrige Kommissionen geh\u00f6ren zu den wichtigsten Vorteilen beim Trading mit BlackBull.<\/p>\n<p>Allerdings k\u00f6nnen bei Nutzern des Brokers einige sonstige Kosten anfallen. Beispielsweise wird bei inaktiven Konten eine <strong>Inaktivit\u00e4tsgeb\u00fchr von 5 USD<\/strong> berechnet. Au\u00dferdem f\u00e4llt bei jeder Auszahlung \u2013 unabh\u00e4ngig von der gew\u00e4hlten Zahlungsmethode \u2013 eine Geb\u00fchr von 5 USD an. Abgesehen davon gibt es keine weiteren Zusatzkosten, die die Trading-Kosten bei BlackBull erh\u00f6hen w\u00fcrden, sodass das Trading beim Broker insgesamt sehr kosteneffizient bleibt.<\/p>\n","protected":false},"excerpt":{"rendered":"<p>Mit mehr als 26.000 handelbaren Instrumenten, innovativen Trading-Plattformen und niedrigen Geb\u00fchren bietet BlackBull einige der wettbewerbsf\u00e4higsten Trading-Bedingungen, die man sich w\u00fcnschen kann. Damit du die Trading-Kosten bei BlackBull besser einsch\u00e4tzen kannst, haben wir alle Trading- sowie sonstigen Kosten, die dir als Nutzer des Brokers begegnen k\u00f6nnen, genauer analysiert. Spreads, Kommissionen und Swap-S\u00e4tze geh\u00f6ren zu den [&hellip;]<\/p>\n","protected":false},"author":2,"featured_media":0,"parent":21444,"menu_order":0,"comment_status":"closed","ping_status":"closed","template":"templates\/review.php","meta":{"footnotes":""},"class_list":["post-59640","page","type-page","status-publish","hentry"],"aioseo_notices":[],"_links":{"self":[{"href":"https:\/\/www.bestbrokers.com\/de\/wp-json\/wp\/v2\/pages\/59640","targetHints":{"allow":["GET"]}}],"collection":[{"href":"https:\/\/www.bestbrokers.com\/de\/wp-json\/wp\/v2\/pages"}],"about":[{"href":"https:\/\/www.bestbrokers.com\/de\/wp-json\/wp\/v2\/types\/page"}],"author":[{"embeddable":true,"href":"https:\/\/www.bestbrokers.com\/de\/wp-json\/wp\/v2\/users\/2"}],"replies":[{"embeddable":true,"href":"https:\/\/www.bestbrokers.com\/de\/wp-json\/wp\/v2\/comments?post=59640"}],"version-history":[{"count":10,"href":"https:\/\/www.bestbrokers.com\/de\/wp-json\/wp\/v2\/pages\/59640\/revisions"}],"predecessor-version":[{"id":82880,"href":"https:\/\/www.bestbrokers.com\/de\/wp-json\/wp\/v2\/pages\/59640\/revisions\/82880"}],"up":[{"embeddable":true,"href":"https:\/\/www.bestbrokers.com\/de\/wp-json\/wp\/v2\/pages\/21444"}],"wp:attachment":[{"href":"https:\/\/www.bestbrokers.com\/de\/wp-json\/wp\/v2\/media?parent=59640"}],"curies":[{"name":"wp","href":"https:\/\/api.w.org\/{rel}","templated":true}]}}