{"id":59641,"date":"2025-03-19T09:36:54","date_gmt":"2025-03-19T09:36:54","guid":{"rendered":"https:\/\/www.bestbrokers.com\/?page_id=59641"},"modified":"2026-03-13T10:38:59","modified_gmt":"2026-03-13T10:38:59","slug":"spreads-fees-and-commissions","status":"publish","type":"page","link":"https:\/\/www.bestbrokers.com\/de\/reviews\/oanda\/spreads-fees-and-commissions\/","title":{"rendered":"Spreads, Geb\u00fchren und Kommissionen bei OANDA"},"content":{"rendered":"<div class=\"author-line\">Geschrieben von <span class=\"author\">Zornitsa Stefanova<div class=\"author-sub-box\"><div class=\"author-avatar\"><img decoding=\"async\" src=\"https:\/\/www.bestbrokers.com\/wp-content\/uploads\/2024\/09\/zornica-stefanova.jpeg\" \/><\/div><div class=\"author-info-wrapper\"><div class=\"author-name\"><a href=\"https:\/\/www.bestbrokers.com\/de\/authors\/zornitsa-stefanova\/\">Zornitsa Stefanova<\/a><\/div><div class=\"author-bio\">Zornitsa Stefanova ist eine erfahrene Forex- und Kryptoanalystin. Sie behandelt auch verschiedene finanzielle Themen wie Aktienhandel und Renteninvestitionen.<\/div><\/div><\/div><\/span>,  <a rel=\"nofollow\" target=\"_blank\" href=\"https:\/\/www.linkedin.com\/in\/zornica-stefanova-73ab39287\/\"><img decoding=\"async\" class=\"social-icon\" src=\"https:\/\/www.bestbrokers.com\/wp-content\/themes\/best-brokers\/assets\/images\/icon-linkedin.svg\" data-no-lazy=\"1\"><\/a> <span class=\"sep\">|<\/span> \u00dcbersetzt von <span class=\"author\">Marcus Jungnickel<div class=\"author-sub-box\"><div class=\"author-avatar\"><img decoding=\"async\" src=\"https:\/\/www.bestbrokers.com\/wp-content\/uploads\/2025\/02\/Marcus-Jungnickel-150x150-2.webp\" \/><\/div><div class=\"author-info-wrapper\"><div class=\"author-name\"><a href=\"https:\/\/www.bestbrokers.com\/de\/authors\/marcus-jungnickel\/\">Marcus Jungnickel<\/a><\/div><div class=\"author-bio\">Marcus Jungnickel ist als \u00dcbersetzer und Redakteur auf die Fachgebiete Finanzen und Wirtschaft spezialisiert. Er betreut die deutsche Version von BestBrokers.com.<\/div><\/div><\/div><\/span>, <a rel=\"nofollow\" target=\"_blank\" href=\"https:\/\/www.linkedin.com\/in\/marcus-jungnickel-3545b3154\/\"><img decoding=\"async\" class=\"social-icon\" src=\"https:\/\/www.bestbrokers.com\/wp-content\/themes\/best-brokers\/assets\/images\/icon-linkedin.svg\" data-no-lazy=\"1\"><\/a> <span class=\"sep\">|<\/span> Aktualisiert: <time class=\"entry-date\" datetime=\"2026-03-13T10:38:59+00:00\">M\u00e4rz 13, 2026<\/time><\/div>\n<p>OANDA ist ein weltweit bekannter Broker, der Trader aus Europa, Asien, den USA und vielen weiteren Regionen akzeptiert. Besonders hervorzuheben ist das Forex-Angebot, das mehr als 60 W\u00e4hrungspaare umfasst, darunter Majors, Minors und exotische Paare. Da beim Handel mit W\u00e4hrungen verschiedene Kosten entstehen, die das Trading-Erlebnis von Forex-Tradern stark beeinflussen k\u00f6nnen, hat unser Team die gesamte Geb\u00fchrenstruktur von OANDA genauer analysiert.<\/p>\n<h2 id=\"costs\"><i class=\"ico ico--money-supply\"><\/i>Trading-Kosten bei OANDA<\/h2>\n<p>Bei ausgew\u00e4hlten OANDA-Einheiten kannst du zwischen zwei Haupt-Preismodellen w\u00e4hlen: Spread-only und Core Pricing + Kommission. Der Begriff \u201eCore Pricing\u201c bezieht sich auf die Spreads, die in der Regel niedriger sind als beim anderen Preismodell. Zudem ist wichtig zu wissen, dass die Kontotypen von OANDA Standard Trader, Premium Trader und Premium Plus Trader umfassen. Nur das Premium Plus Trader Konto bietet das Modell mit den niedrigeren Spreads. Diese Preismodelle stehen Tradern in den USA, Australien sowie in L\u00e4ndern zur Verf\u00fcgung, in denen OANDA Global Markets Ltd t\u00e4tig ist.<\/p>\n<h3><i class=\"ico ico--pro-ecn-account\"><\/i>Kosten im reinen Spread-Modell<\/h3>\n<p>OANDA bietet seinen Nutzern zwei Preismodelle an. Das erste Modell integriert alle Kosten direkt in den Spread. Beim Handel des W\u00e4hrungspaars EUR\/USD kannst du mit diesem Modell durchschnittliche Spreads von 1,0 Pip erwarten. Wenn die Basisw\u00e4hrung deines Kontos USD ist, entspricht der Spread Kosten von 10 USD pro Standard-Lot, nachdem wir den Spread-Wert von 0,00010 mit 100.000 W\u00e4hrungseinheiten multiplizieren. Zus\u00e4tzliche Kommissionen werden nicht berechnet.<\/p>\n<p>Auch der Handel mit Micro-Lots ist m\u00f6glich. Beim W\u00e4hrungspaar EUR\/USD bedeutet dies, dass der Spread mit 1.000 multipliziert wird, was Kosten von 0,10 USD ergibt. Die Kosten f\u00fcr verschiedene andere W\u00e4hrungspaare kannst du der folgenden Tabelle entnehmen:<\/p>\n<div class=\"table-responsive\">\n<table class=\"table table--colorful\">\n<thead>\n<tr>\n<th colspan=\"5\" style=\"background-color: #fff;\">Durchschnittliche Kosten mit reinem Spread-Preismodell<\/th>\n<\/tr>\n<tr>\n<th>W\u00e4hrungspaar<\/th>\n<th>Spreads<\/th>\n<th>Kommission pro Lot, pro Seite<\/th>\n<th>Kosten pro Micro-Lot<\/th>\n<th>Kosten pro Standard-Lot<\/th>\n<\/tr>\n<\/thead>\n<tbody>\n<tr>\n<td>AUD\/USD<\/td>\n<td style=\"text-align: center;\">1,1<\/td>\n<td style=\"text-align: center;\">0 USD<\/td>\n<td style=\"text-align: center;\">0,1100 USD<\/td>\n<td style=\"text-align: center;\">11,00 USD<\/td>\n<\/tr>\n<tr>\n<td>EUR\/GBP<\/td>\n<td style=\"text-align: center;\">1,1<\/td>\n<td style=\"text-align: center;\">0 USD<\/td>\n<td style=\"text-align: center;\">0,1482 USD<\/td>\n<td style=\"text-align: center;\">14,82 USD<\/td>\n<\/tr>\n<tr>\n<td>EUR\/JPY<\/td>\n<td style=\"text-align: center;\">1,6<\/td>\n<td style=\"text-align: center;\">0 USD<\/td>\n<td style=\"text-align: center;\">0,1085 USD<\/td>\n<td style=\"text-align: center;\">10,85 USD<\/td>\n<\/tr>\n<tr>\n<td>EUR\/USD<\/td>\n<td style=\"text-align: center;\">1,0<\/td>\n<td style=\"text-align: center;\">0 USD<\/td>\n<td style=\"text-align: center;\">0,1000 USD<\/td>\n<td style=\"text-align: center;\">10,00 USD<\/td>\n<\/tr>\n<tr>\n<td>GBP\/JPY<\/td>\n<td style=\"text-align: center;\">1,0<\/td>\n<td style=\"text-align: center;\">0 USD<\/td>\n<td style=\"text-align: center;\">0,0678 USD<\/td>\n<td style=\"text-align: center;\">6,78 USD<\/td>\n<\/tr>\n<tr>\n<td>GBP\/USD<\/td>\n<td style=\"text-align: center;\">1,2<\/td>\n<td style=\"text-align: center;\">0 USD<\/td>\n<td style=\"text-align: center;\">0,1200 USD<\/td>\n<td style=\"text-align: center;\">12,00 USD<\/td>\n<\/tr>\n<tr>\n<td>NZD\/USD<\/td>\n<td style=\"text-align: center;\">1,4<\/td>\n<td style=\"text-align: center;\">0 USD<\/td>\n<td style=\"text-align: center;\">0,1400 USD<\/td>\n<td style=\"text-align: center;\">14,00 USD<\/td>\n<\/tr>\n<tr>\n<td>USD\/CAD<\/td>\n<td style=\"text-align: center;\">1,5<\/td>\n<td style=\"text-align: center;\">0 USD<\/td>\n<td style=\"text-align: center;\">0,1083 USD<\/td>\n<td style=\"text-align: center;\">10,83 USD<\/td>\n<\/tr>\n<tr>\n<td>USD\/CHF<\/td>\n<td style=\"text-align: center;\">1,3<\/td>\n<td style=\"text-align: center;\">0 USD<\/td>\n<td style=\"text-align: center;\">0,1614 USD<\/td>\n<td style=\"text-align: center;\">16,14 USD<\/td>\n<\/tr>\n<tr>\n<td>USD\/JPY<\/td>\n<td style=\"text-align: center;\">1,1<\/td>\n<td style=\"text-align: center;\">0 USD<\/td>\n<td style=\"text-align: center;\">0,0746 USD<\/td>\n<td style=\"text-align: center;\">7,46 USD<\/td>\n<\/tr>\n<\/tbody>\n<\/table>\n<\/div>\n<p style=\"text-align: center; font-size: 13px;\"><em>*Zur Vereinfachung wurden die durchschnittlichen Kosten auf Basis von Trades \u00fcber 100.000 USD und 1.000 USD ohne Hebel berechnet. Alle Spread-Kosten sind in USD angegeben und spiegeln deine Kosten beim \u00d6ffnen einer Position wider (also eine einzelne Handelsrichtung eines Trades).<\/em><\/p>\n<h3><i class=\"ico ico--account\"><\/i>Kommission + Core Pricing Kosten<\/h3>\n<p>Das zweite Preismodell bietet niedrigere Spreads, daf\u00fcr wird eine feste Kommission von 5 USD pro Seite berechnet. Wenden wir dieselben Berechnungen auf den EUR\/USD Spread (0,1 Pips) an, ergibt sich folgendes Ergebnis: 0,00001 x 100.000 = 1 USD.<\/p>\n<p>Nachdem das Core Pricing ber\u00fccksichtigt wurde, muss nur noch die Kommission hinzugef\u00fcgt werden. Dadurch ergeben sich Kosten von 6 USD pro Standard-Lot, was deutlich niedriger ist als die 10 USD, die Trader beim reinen Spread-Modell zahlen. Beim Handel mit Micro-Lots betragen die Kosten 0,06 USD, nachdem der Core-Spread-Wert und die Micro-Lot-Kommission addiert wurden.<\/p>\n<p>Wie bereits erw\u00e4hnt, ist dieses Preismodell ausschlie\u00dflich f\u00fcr das Premium Plus Trader Konto verf\u00fcgbar. Wenn du diesen Kontotyp nutzen m\u00f6chtest und wissen willst, welche Kosten bei Paaren wie USD\/JPY, AUD\/USD und weiteren entstehen, hilft dir die folgende Tabelle:<\/p>\n<div class=\"table-responsive\">\n<table class=\"table table--colorful\">\n<thead>\n<tr>\n<th colspan=\"5\" style=\"background-color: #fff;\">Durchschnittliche Spread-Kosten mit Kommission + Core Pricing Modell<\/th>\n<\/tr>\n<tr>\n<th>W\u00e4hrungspaar<\/th>\n<th>Spreads<\/th>\n<th>Kommission pro Lot, pro Seite<\/th>\n<th>Kosten pro Micro-Lot<\/th>\n<th>Kosten pro Standard-Lot<\/th>\n<\/tr>\n<\/thead>\n<tbody>\n<tr>\n<td>AUD\/USD<\/td>\n<td style=\"text-align: center;\">0,3*<\/td>\n<td style=\"text-align: center;\">0,05 USD**\/5,00 USD<\/td>\n<td style=\"text-align: center;\">0,0703 USD<\/td>\n<td style=\"text-align: center;\">7,03 USD<\/td>\n<\/tr>\n<tr>\n<td>EUR\/GBP<\/td>\n<td style=\"text-align: center;\">0,2<\/td>\n<td style=\"text-align: center;\">0,05 USD\/5,00 USD<\/td>\n<td style=\"text-align: center;\">0,0636 USD<\/td>\n<td style=\"text-align: center;\">6,36 USD<\/td>\n<\/tr>\n<tr>\n<td>EUR\/JPY<\/td>\n<td style=\"text-align: center;\">0,6<\/td>\n<td style=\"text-align: center;\">0,05 USD\/5,00 USD<\/td>\n<td style=\"text-align: center;\">0,0907 USD<\/td>\n<td style=\"text-align: center;\">9,07 USD<\/td>\n<\/tr>\n<tr>\n<td>EUR\/USD<\/td>\n<td style=\"text-align: center;\">0,1<\/td>\n<td style=\"text-align: center;\">0,05 USD\/5,00 USD<\/td>\n<td style=\"text-align: center;\">0,0600 USD<\/td>\n<td style=\"text-align: center;\">6,00 USD<\/td>\n<\/tr>\n<tr>\n<td>GBP\/JPY<\/td>\n<td style=\"text-align: center;\">0,3<\/td>\n<td style=\"text-align: center;\">0,05 USD\/5,00 USD<\/td>\n<td style=\"text-align: center;\">0,0703 USD<\/td>\n<td style=\"text-align: center;\">7,03 USD<\/td>\n<\/tr>\n<tr>\n<td>GBP\/USD<\/td>\n<td style=\"text-align: center;\">0,1<\/td>\n<td style=\"text-align: center;\">0,05 USD\/5,00 USD<\/td>\n<td style=\"text-align: center;\">0,0600 USD<\/td>\n<td style=\"text-align: center;\">6,00 USD<\/td>\n<\/tr>\n<tr>\n<td>NZD\/USD<\/td>\n<td style=\"text-align: center;\">0,4<\/td>\n<td style=\"text-align: center;\">0,05 USD\/5,00 USD<\/td>\n<td style=\"text-align: center;\">0,0900 USD<\/td>\n<td style=\"text-align: center;\">9,00 USD<\/td>\n<\/tr>\n<tr>\n<td>USD\/CAD<\/td>\n<td style=\"text-align: center;\">0,3<\/td>\n<td style=\"text-align: center;\">0,05 USD\/5,00 USD<\/td>\n<td style=\"text-align: center;\">0,0717 USD<\/td>\n<td style=\"text-align: center;\">7,17 USD<\/td>\n<\/tr>\n<tr>\n<td>USD\/CHF<\/td>\n<td style=\"text-align: center;\">0,1<\/td>\n<td style=\"text-align: center;\">0,05 USD\/5,00 USD<\/td>\n<td style=\"text-align: center;\">0,0624 USD<\/td>\n<td style=\"text-align: center;\">6,24 USD<\/td>\n<\/tr>\n<tr>\n<td>USD\/JPY<\/td>\n<td style=\"text-align: center;\">0,1<\/td>\n<td style=\"text-align: center;\">0,05 USD\/5,00 USD<\/td>\n<td style=\"text-align: center;\">0,0568 USD<\/td>\n<td style=\"text-align: center;\">5,68 USD<\/td>\n<\/tr>\n<\/tbody>\n<\/table>\n<\/div>\n<p style=\"text-align: center; font-size: 13px;\"><em>*Die Werte entsprechen den durchschnittlichen Spread-Kosten des Core Pricing Modells. **Der erste Wert entspricht der Kommission, die pro Micro-Lot je Richtung berechnet wird. <strong>Die Kosten pro Lot enthalten die kombinierten Spread- und Kommissionskosten<\/strong>.<\/em><\/p>\n<h2 id=\"overnight\"><i class=\"ico ico--clock\"><\/i><br \/>\n\t\u00dcbernacht-Finanzierungskosten bei OANDA<\/h2>\n<p>Laut der Seite zu den Finanzierungskosten von OANDA ver\u00f6ffentlicht der Broker seine Kosten t\u00e4glich kurz nach 17:00 Uhr ET. OANDA gibt dabei sowohl die j\u00e4hrlichen Zinss\u00e4tze als auch die t\u00e4glichen Kosten an. Laut OANDA werden die Finanzierungskosten im Forex-Handel auf Basis von 100.000 W\u00e4hrungseinheiten berechnet. F\u00fcr andere handelbare Instrumente gelten folgende Einheiten:<\/p>\n<ul class=\"list-checks\">\n<li>Aktien-CFDs: 100 Einheiten.<\/li>\n<li>Indizes: 1 Einheit.<\/li>\n<li>Metalle: 10 Einheiten (ohne Kupfer).<\/li>\n<li>Rohstoffe (einschlie\u00dflich Kupfer): 100 Einheiten.<\/li>\n<\/ul>\n<p>Die folgende Tabelle zeigt Forex-Swap-S\u00e4tze, die OANDA am 26.08.2025 ver\u00f6ffentlicht hat. Wenn du auf die Seite mit den Finanzierungskosten von OANDA zugreifst, auf der die t\u00e4glichen S\u00e4tze aufgef\u00fchrt sind, solltest du beachten, dass die endg\u00fcltigen S\u00e4tze deiner Positionen je nach Kontotyp leicht von den angezeigten Werten abweichen k\u00f6nnen.<\/p>\n<div class=\"table-responsive\">\n<table class=\"table table--colorful\">\n<thead>\n<tr>\n<th colspan=\"8\" style=\"background-color: #fff;\">OANDA Swap-Geb\u00fchren (26.08.2025)<\/th>\n<\/tr>\n<tr>\n<th>W\u00e4hrungspaar<\/th>\n<th>Basisw\u00e4hrung<\/th>\n<th>Volumen in Lots<\/th>\n<th>Annualisierter Long-Satz<\/th>\n<th>Annualisierter Short-Satz<\/th>\n<th>Long<\/th>\n<th>Short<\/th>\n<th>Anzahl der Tage<\/th>\n<\/tr>\n<\/thead>\n<tbody>\n<tr>\n<td>AUD\/USD<\/td>\n<td style=\"text-align: center;\">USD<\/td>\n<td style=\"text-align: center;\">1<\/td>\n<td style=\"text-align: center;\">-1,71 %<\/td>\n<td style=\"text-align: center;\">-0,34 %<\/td>\n<td style=\"text-align: center;\">-3,04 USD<\/td>\n<td style=\"text-align: center;\">-0,60 USD<\/td>\n<td style=\"text-align: center;\">1<\/td>\n<\/tr>\n<tr>\n<td>EUR\/GBP<\/td>\n<td style=\"text-align: center;\">USD<\/td>\n<td style=\"text-align: center;\">1<\/td>\n<td style=\"text-align: center;\">-3,01 %<\/td>\n<td style=\"text-align: center;\">0,94 %<\/td>\n<td style=\"text-align: center;\">-9,60 USD<\/td>\n<td style=\"text-align: center;\">3,00 USD<\/td>\n<td style=\"text-align: center;\">1<\/td>\n<\/tr>\n<tr>\n<td>EUR\/JPY<\/td>\n<td style=\"text-align: center;\">USD<\/td>\n<td style=\"text-align: center;\">1<\/td>\n<td style=\"text-align: center;\">0,52 %<\/td>\n<td style=\"text-align: center;\">-2,55 %<\/td>\n<td style=\"text-align: center;\">1,66 USD<\/td>\n<td style=\"text-align: center;\">-8,14 USD<\/td>\n<td style=\"text-align: center;\">1<\/td>\n<\/tr>\n<tr>\n<td>EUR\/USD<\/td>\n<td style=\"text-align: center;\">USD<\/td>\n<td style=\"text-align: center;\">1<\/td>\n<td style=\"text-align: center;\">-3,44 %<\/td>\n<td style=\"text-align: center;\">1,41 %<\/td>\n<td style=\"text-align: center;\">-10,98 USD<\/td>\n<td style=\"text-align: center;\">4,50 USD<\/td>\n<td style=\"text-align: center;\">1<\/td>\n<\/tr>\n<tr>\n<td>GBP\/USD<\/td>\n<td style=\"text-align: center;\">USD<\/td>\n<td style=\"text-align: center;\">1<\/td>\n<td style=\"text-align: center;\">-1,46 %<\/td>\n<td style=\"text-align: center;\">-0,57 %<\/td>\n<td style=\"text-align: center;\">-5,39 USD<\/td>\n<td style=\"text-align: center;\">-2,11 USD<\/td>\n<td style=\"text-align: center;\">1<\/td>\n<\/tr>\n<tr>\n<td>NZD\/USD<\/td>\n<td style=\"text-align: center;\">USD<\/td>\n<td style=\"text-align: center;\">1<\/td>\n<td style=\"text-align: center;\">-2,52 %<\/td>\n<td style=\"text-align: center;\">0,42 %<\/td>\n<td style=\"text-align: center;\">-4,04 USD<\/td>\n<td style=\"text-align: center;\">0,67 USD<\/td>\n<td style=\"text-align: center;\">1<\/td>\n<\/tr>\n<tr>\n<td>USD\/CAD<\/td>\n<td style=\"text-align: center;\">USD<\/td>\n<td style=\"text-align: center;\">1<\/td>\n<td style=\"text-align: center;\">0,71 %<\/td>\n<td style=\"text-align: center;\">-2,78 %<\/td>\n<td style=\"text-align: center;\">1,95 USD<\/td>\n<td style=\"text-align: center;\">-7,62 USD<\/td>\n<td style=\"text-align: center;\">1<\/td>\n<\/tr>\n<tr>\n<td>USD\/CHF<\/td>\n<td style=\"text-align: center;\">USD<\/td>\n<td style=\"text-align: center;\">1<\/td>\n<td style=\"text-align: center;\">3,47 %<\/td>\n<td style=\"text-align: center;\">-5,55 %<\/td>\n<td style=\"text-align: center;\">9,51 USD<\/td>\n<td style=\"text-align: center;\">-15,21 USD<\/td>\n<td style=\"text-align: center;\">1<\/td>\n<\/tr>\n<tr>\n<td>USD\/JPY<\/td>\n<td style=\"text-align: center;\">USD<\/td>\n<td style=\"text-align: center;\">1<\/td>\n<td style=\"text-align: center;\">2,95 %<\/td>\n<td style=\"text-align: center;\">-4,97 %<\/td>\n<td style=\"text-align: center;\">8,08 USD<\/td>\n<td style=\"text-align: center;\">-13,62 USD<\/td>\n<td style=\"text-align: center;\">1<\/td>\n<\/tr>\n<\/tbody>\n<\/table>\n<\/div>\n<h2 id=\"swap\"><i class=\"ico ico--islamic-account\"><\/i>Swap-freie Trading-Kosten bei OANDA<\/h2>\n<p>Es ist wichtig zu beachten, dass nicht alle OANDA-Einheiten swap-freie Konten unterst\u00fctzen. Diese Praxis wurde f\u00fcr die Einheit eingestellt, die unter der Regulierung der BVI Financial Services Commission t\u00e4tig ist. Wenn du ohne Swaps traden m\u00f6chtest, ist OANDA Global Markets Ltd daher keine geeignete Option.<\/p>\n<p>Andere OANDA-Einheiten, beispielsweise die in den USA, unterst\u00fctzen swap-freies Trading. Entsprechend werden auf swap-freien Konten Verwaltungsgeb\u00fchren berechnet (4 % bei TRY-Paaren, 2 % bei CZK-, HUF-, SAR-, THB- und ZAR-Paaren sowie 1 % bei anderen Paaren).<\/p>\n<h2 id=\"other\"><i class=\"ico ico--administration-fees\"><\/i>Sonstige Kosten bei OANDA<\/h2>\n<p>Um ein vollst\u00e4ndiges Bild der Kosten beim Trading mit OANDA zu erhalten, sollten sich Forex-Trader auch mit den m\u00f6glichen sonstigen Kosten des Brokers vertraut machen. Hier ist eine kurze \u00dcbersicht der entsprechenden Geb\u00fchren:<\/p>\n<div class=\"table-responsive\">\n<table class=\"table\">\n<thead>\n<tr>\n<th colspan=\"2\">OANDA Kosten im \u00dcberblick<\/th>\n<\/tr>\n<\/thead>\n<tbody>\n<tr>\n<td>Einzahlungsgeb\u00fchren<\/td>\n<td>Kostenlos.<\/td>\n<\/tr>\n<tr>\n<td>Auszahlungsgeb\u00fchren<\/td>\n<td>20 USD (BVI, nur Bank\u00fcberweisung).<\/td>\n<\/tr>\n<tr>\n<td>Kontoer\u00f6ffnungsgeb\u00fchren<\/td>\n<td>Kostenlos.<\/td>\n<\/tr>\n<tr>\n<td>Inaktivit\u00e4tsgeb\u00fchren<\/td>\n<td>10 W\u00e4hrungseinheiten pro Monat nach 12 Monaten Inaktivit\u00e4t.<\/td>\n<\/tr>\n<tr>\n<td>VPS-Hosting-Abonnement<\/td>\n<td>\n<ul class=\"list-checks\">\n<li>Liquidity Connect monatliche Geb\u00fchr: 30 USD (VPS1); 50 USD (VPS2); 75 USD (VPS3); 95 USD (VPS4).<\/li>\n<li>Beeks monatliche Geb\u00fchr: \u00a330 (Bronze); \u00a353 (Silber); \u00a394 (Gold).<\/li>\n<li>Trader mit einem Premium Plus Trader Konto k\u00f6nnen einen VPS kostenlos nutzen.<\/li>\n<\/ul>\n<\/td>\n<\/tr>\n<\/tbody>\n<\/table>\n<\/div>\n<p>In den meisten F\u00e4llen erhebt OANDA keine Geb\u00fchren f\u00fcr Transaktionen. Einzahlungen sind geb\u00fchrenfrei, Trader zahlen keine Kosten f\u00fcr die Kontoer\u00f6ffnung und bei den meisten Auszahlungsmethoden fallen keine Geb\u00fchren von OANDA an. Eine Ausnahme bilden jedoch Auszahlungen per Bank\u00fcberweisung. Nutzer von OANDA Global Markets Ltd, das von der British Virgin Islands Financial Services Commission reguliert wird, zahlen 20 USD pro Transaktion bei Bank\u00fcberweisungen.<\/p>\n<p>Weitere m\u00f6gliche Kosten k\u00f6nnen entstehen, wenn du einen Virtual Private Server f\u00fcr das Trading nutzt. Dieser wird \u00fcblicherweise als VPS bezeichnet und sorgt f\u00fcr schnellere Ausf\u00fchrungsgeschwindigkeiten sowie eine stabilere Trading-Umgebung. OANDA arbeitet mit zwei VPS-Dienstleistungen zusammen, darunter BeeksFX. Die Server dieses Anbieters befinden sich in London und je nach gew\u00e4hltem Tarif stehen unterschiedliche Funktionen zur Verf\u00fcgung. Unten siehst du eine kurze \u00dcbersicht der verf\u00fcgbaren Angebote:<\/p>\n<ul class=\"list-checks\">\n<li>Bronze: \u00a330 pro Monat, 2560 MB RAM, 30 GB Speicherplatz, 1 vCPU.<\/li>\n<li>Silber: \u00a353 pro Monat, 4096 MB RAM, 50 GB Speicherplatz, 2 vCPU.<\/li>\n<li>Gold: \u00a394 pro Monat, 6656 MB RAM, 75 GB Speicherplatz, 4 vCPU.<\/li>\n<\/ul>\n<p>Der zweite VPS-Anbieter ist Liquidity Connect. Dessen Server befinden sich in London und New York. Die Preise sind wie folgt aufgebaut:<\/p>\n<ul class=\"list-checks\">\n<li>VPS1: 30 USD pro Monat, 1x vCPU Core, 3096 MB \/ 3,0 GB RAM, 50 GB SSD.<\/li>\n<li>VPS2: 50 USD pro Monat, 2x vCPU Cores, 4096 MB \/ 4,0 GB RAM, 60 GB SSD.<\/li>\n<li>VPS3: 75 USD pro Monat, 3x vCPU Cores, 6144 MB \/ 6,0 GB RAM, 75 GB SSD.<\/li>\n<li>VPS4: 95 USD pro Monat, 4x vCPU Cores, 8192 MB \/ 8,0 GB RAM, 100 GB SSD.<\/li>\n<\/ul>\n<p>OANDA-Nutzer mit einem Premium Plus Trader Konto k\u00f6nnen die Vorteile eines VPS nutzen, ohne eine monatliche Geb\u00fchr zu zahlen. Zudem sollte erw\u00e4hnt werden, dass die Nutzung eines VPS beim Trading mit OANDA nicht verpflichtend ist. Die oben genannten Geb\u00fchren sind daher optional, auch wenn du kein Premium Plus Trader Konto verwendest.<\/p>\n<p>Eine weitere m\u00f6gliche Geb\u00fchr ist die Inaktivit\u00e4tsgeb\u00fchr. OANDA berechnet Nutzern 10 W\u00e4hrungseinheiten pro Monat bei Inaktivit\u00e4t, allerdings erst dann, wenn ein Konto 12 Monate lang nicht genutzt wurde. Dabei beziehen sich sowohl Inaktivit\u00e4t als auch Kontoruhestand darauf, dass keine Trades ausgef\u00fchrt wurden.<\/p>\n<h2 id=\"conclusion\"><i class=\"ico ico--pen\"><\/i>Fazit <\/h2>\n<p>Insgesamt kann sich OANDA lohnen, wenn du nach einem Broker mit moderaten Kosten und einer gro\u00dfen Auswahl an Forex-Paaren suchst. Die zwei Preismodelle bieten Flexibilit\u00e4t, und die M\u00f6glichkeit, einen kostenlosen VPS zu nutzen, kann f\u00fcr erfahrene Trader ein interessanter Vorteil sein.<\/p>\n","protected":false},"excerpt":{"rendered":"<p>OANDA ist ein weltweit bekannter Broker, der Trader aus Europa, Asien, den USA und vielen weiteren Regionen akzeptiert. Besonders hervorzuheben ist das Forex-Angebot, das mehr als 60 W\u00e4hrungspaare umfasst, darunter Majors, Minors und exotische Paare. Da beim Handel mit W\u00e4hrungen verschiedene Kosten entstehen, die das Trading-Erlebnis von Forex-Tradern stark beeinflussen k\u00f6nnen, hat unser Team die [&hellip;]<\/p>\n","protected":false},"author":2,"featured_media":0,"parent":21399,"menu_order":0,"comment_status":"closed","ping_status":"closed","template":"templates\/review.php","meta":{"footnotes":""},"class_list":["post-59641","page","type-page","status-publish","hentry"],"aioseo_notices":[],"_links":{"self":[{"href":"https:\/\/www.bestbrokers.com\/de\/wp-json\/wp\/v2\/pages\/59641","targetHints":{"allow":["GET"]}}],"collection":[{"href":"https:\/\/www.bestbrokers.com\/de\/wp-json\/wp\/v2\/pages"}],"about":[{"href":"https:\/\/www.bestbrokers.com\/de\/wp-json\/wp\/v2\/types\/page"}],"author":[{"embeddable":true,"href":"https:\/\/www.bestbrokers.com\/de\/wp-json\/wp\/v2\/users\/2"}],"replies":[{"embeddable":true,"href":"https:\/\/www.bestbrokers.com\/de\/wp-json\/wp\/v2\/comments?post=59641"}],"version-history":[{"count":7,"href":"https:\/\/www.bestbrokers.com\/de\/wp-json\/wp\/v2\/pages\/59641\/revisions"}],"predecessor-version":[{"id":82881,"href":"https:\/\/www.bestbrokers.com\/de\/wp-json\/wp\/v2\/pages\/59641\/revisions\/82881"}],"up":[{"embeddable":true,"href":"https:\/\/www.bestbrokers.com\/de\/wp-json\/wp\/v2\/pages\/21399"}],"wp:attachment":[{"href":"https:\/\/www.bestbrokers.com\/de\/wp-json\/wp\/v2\/media?parent=59641"}],"curies":[{"name":"wp","href":"https:\/\/api.w.org\/{rel}","templated":true}]}}