{"id":59643,"date":"2025-03-19T09:36:54","date_gmt":"2025-03-19T09:36:54","guid":{"rendered":"https:\/\/www.bestbrokers.com\/?page_id=59643"},"modified":"2026-03-13T10:47:34","modified_gmt":"2026-03-13T10:47:34","slug":"spreads-fees-and-commissions","status":"publish","type":"page","link":"https:\/\/www.bestbrokers.com\/de\/reviews\/xtb\/spreads-fees-and-commissions\/","title":{"rendered":"Spreads, Geb\u00fchren und Kommissionen bei XTB"},"content":{"rendered":"<div class=\"author-line\">Geschrieben von <span class=\"author\">Naylyan Nazifova<div class=\"author-sub-box\"><div class=\"author-avatar\"><img decoding=\"async\" src=\"https:\/\/www.bestbrokers.com\/wp-content\/uploads\/2026\/04\/nnazifova.webp\" \/><\/div><div class=\"author-info-wrapper\"><div class=\"author-name\"><a href=\"https:\/\/www.bestbrokers.com\/de\/authors\/naylyan-nazifova\/\">Naylyan Nazifova<\/a><\/div><div class=\"author-bio\">Naylyan Nazifova ist eine anerkannte Expertin im Bereich des Online-Handels. Sie hat viele Ver\u00f6ffentlichungen und Analysen zu Themen wie Forex-Handel, Aktieninvestitionen und pers\u00f6nlicher Finanzplanung.<\/div><\/div><\/div><\/span>,  <a rel=\"nofollow\" target=\"_blank\" href=\"https:\/\/www.linkedin.com\/in\/naylian-nazifova-58562a272\/\"><img decoding=\"async\" class=\"social-icon\" src=\"https:\/\/www.bestbrokers.com\/wp-content\/themes\/best-brokers\/assets\/images\/icon-linkedin.svg\" data-no-lazy=\"1\"><\/a> <span class=\"sep\">|<\/span> \u00dcbersetzt von <span class=\"author\">Marcus Jungnickel<div class=\"author-sub-box\"><div class=\"author-avatar\"><img decoding=\"async\" src=\"https:\/\/www.bestbrokers.com\/wp-content\/uploads\/2025\/02\/Marcus-Jungnickel-150x150-2.webp\" \/><\/div><div class=\"author-info-wrapper\"><div class=\"author-name\"><a href=\"https:\/\/www.bestbrokers.com\/de\/authors\/marcus-jungnickel\/\">Marcus Jungnickel<\/a><\/div><div class=\"author-bio\">Marcus Jungnickel ist als \u00dcbersetzer und Redakteur auf die Fachgebiete Finanzen und Wirtschaft spezialisiert. Er betreut die deutsche Version von BestBrokers.com.<\/div><\/div><\/div><\/span>, <a rel=\"nofollow\" target=\"_blank\" href=\"https:\/\/www.linkedin.com\/in\/marcus-jungnickel-3545b3154\/\"><img decoding=\"async\" class=\"social-icon\" src=\"https:\/\/www.bestbrokers.com\/wp-content\/themes\/best-brokers\/assets\/images\/icon-linkedin.svg\" data-no-lazy=\"1\"><\/a> <span class=\"sep\">|<\/span> Aktualisiert: <time class=\"entry-date\" datetime=\"2026-03-13T10:47:34+00:00\">M\u00e4rz 13, 2026<\/time><\/div>\n<p>Bevor du ein Live-Tradingkonto bei XTB er\u00f6ffnest, kann dieser umfassende Leitfaden dir helfen, fundierte Entscheidungen \u00fcber deine Trading-Aktivit\u00e4ten zu treffen. Dieser Leitfaden bietet einen detaillierten \u00dcberblick \u00fcber die Spreads, Kommissionen und Geb\u00fchren von XTB und hilft Tradern dabei, die Trading-Kosten auf der Plattform besser zu verstehen. Zus\u00e4tzlich zeigen wir anhand von Beispielen, wie sich die jeweiligen Trading-Kosten berechnen lassen, damit du genau nachvollziehen kannst, welche Kosten beim Trading mit diesem Broker entstehen. Lies weiter, um mehr \u00fcber die Preisstruktur von XTB zu erfahren.<\/p>\n<h2 id=\"costs\"><i class=\"ico ico--money-supply\"><\/i>Trading-Kosten bei XTB<\/h2>\n<p>XTB bietet drei Arten von Trading-Konten an: Standard, Pro und Islamic. In diesem Abschnitt betrachten wir die Kosten des Standard-Kontos, das sich besonders f\u00fcr Trader eignet. Au\u00dferdem werfen wir einen Blick auf das Pro-Konto und dessen Geb\u00fchrenstruktur.<\/p>\n<p>Das Standard-Konto von XTB verwendet ein Spread-basiertes Preismodell, bei dem alle Trading-Kosten im Spread enthalten sind. Kommissionen f\u00fcr CFD-M\u00e4rkte \u2013 mit Ausnahme von Aktien-CFDs und ETFs \u2013 entfallen.<\/p>\n<p>Die Mindestorder beginnt bei 0,01 Lot, und der maximale Hebel f\u00fcr Trader aus der EU ist auf 1:30 begrenzt. Trader profitieren von einem Schutz vor negativem Kontostand sowie von getrennt verwahrten Kundengeldern, die separat von den operativen Mitteln des Brokers gehalten werden. Zwar unterst\u00fctzt XTB nicht die beliebten Plattformen MT4 und MT5, daf\u00fcr steht mit der firmeneigenen Plattform xStation eine moderne Trading-Plattform zur Verf\u00fcgung. \u00dcber sie k\u00f6nnen mehr als 2.500 handelbare Instrumente (f\u00fcr die von CySEC regulierte Gesellschaft) aus verschiedenen Anlageklassen gehandelt werden. Neben Forex bietet XTB au\u00dferdem Trading mit CFDs auf Aktien, ETFs, handelbare Indizes, Rohstoffe und Kryptow\u00e4hrungen. Die Anzahl der handelbaren Instrumente kann je nach XTB-Gesellschaft und den jeweiligen regulatorischen Vorgaben variieren.<\/p>\n<p>Das Pro-Konto von XTB bietet engere Spreads, daf\u00fcr wird eine Kommission pro Seite des Trades berechnet. Die Kommission betr\u00e4gt 3,50 USD pro Seite beziehungsweise 7 USD pro Roundturn.<\/p>\n<p>Um zu veranschaulichen, wie Trader ihre Forex-Trading-Kosten bei XTB berechnen k\u00f6nnen, nutzen wir das W\u00e4hrungspaar EUR\/USD als Beispiel. Dabei gehen wir von einem Trade mit einem Standard-Lot aus, wobei eine Pip-Bewegung einem Wert von 10 USD entspricht. Wir nehmen au\u00dferdem an, dass der Trade zum gleichen Preis er\u00f6ffnet und geschlossen wird und dass ein Konto in USD gef\u00fchrt wird. F\u00fcr das W\u00e4hrungspaar EUR\/USD bietet XTB einen Ziel-Spread von 0,9 Pips im Standard-Konto und 0,1 Pips im Pro-Konto. Sehen wir uns nun an, wie sich die Trading-Kosten berechnen.<\/p>\n<hr style=\"height:2px;border-width:0;color:#dee2e6;background-color:#dee2e6; clear: both;\">\n<strong>XTB Standard-Konto:<\/strong><\/p>\n<p>Spread: 0,9 Pips<br \/>\nGesamtkosten: 0,9 x 10 USD = 9 USD pro Seite oder 18 USD pro Roundtrip-Trade bei 1 Standard-Lot<\/p>\n<hr style=\"height:2px;border-width:0;color:#dee2e6;background-color:#dee2e6; clear: both;\">\n<strong>XTB Pro-Konto:<\/strong><\/p>\n<p>Spread: 0,1 Pips<br \/>\nSpread-Kosten: 0,1 x 10 USD = 1 USD pro Seite oder 2 USD Roundtrip-Trade bei 1 Standard-Lot<br \/>\nKommission: 3,50 USD pro Lot pro Seite oder 7 USD pro Roundturn<br \/>\nGesamtkosten: (1 USD x 2) + (3,50 USD x 2) = 9 USD pro Roundtrip-Trade bei 1 Standard-Lot<\/p>\n<hr style=\"height:2px;border-width:0;color:#dee2e6;background-color:#dee2e6; clear: both;\">\n<p>Trader erkennen, dass das Pro-Konto von XTB zwar eine Kommission berechnet, die gesamten Trading-Kosten im Vergleich zum Standard-Konto jedoch niedriger sind. Wie zu erwarten, handeln professionelle Trader meist mit h\u00f6heren Volumina und profitieren daher von engeren Spreads sowie insgesamt geringeren Trading-Kosten. Allerdings verlieren professionelle Kunden einige der Kontoschutzmechanismen, die Tradern bei diesem Broker zur Verf\u00fcgung stehen, darunter auch der Schutz vor negativem Kontostand.<\/p>\n<p>In der folgenden Tabelle kannst du dir die Spreads von XTB f\u00fcr mehrere beliebte Forex-W\u00e4hrungspaare ansehen. Wir haben die Kosten pro Micro-Lot und pro Standard-Lot f\u00fcr das Standard-Konto berechnet.<\/p>\n<div class=\"table-responsive\">\n<table class=\"table table--colorful\">\n<thead>\n<tr>\n<th colspan=\"5\" style=\"background-color: #fff;\">Durchschnittliche Spread-Kosten im XTB Standard-Konto<\/th>\n<\/tr>\n<tr>\n<th>W\u00e4hrungspaar<\/th>\n<th>Spread (in Pips)<\/th>\n<th>Kommission pro Seite<\/th>\n<th>Kosten pro Micro-Lot<\/th>\n<th>Kosten pro Standard-Lot<\/th>\n<\/tr>\n<\/thead>\n<tbody>\n<tr>\n<td>EUR\/USD<\/td>\n<td style=\"text-align: center;\">0,9<\/td>\n<td style=\"text-align: center;\">0 USD<\/td>\n<td style=\"text-align: center;\">0,09 USD<\/td>\n<td style=\"text-align: center;\">9,00 USD<\/td>\n<\/tr>\n<tr>\n<td>USD\/JPY<\/td>\n<td style=\"text-align: center;\">1,4<\/td>\n<td style=\"text-align: center;\">0 USD<\/td>\n<td style=\"text-align: center;\">0,0953 USD<\/td>\n<td style=\"text-align: center;\">9,53 USD<\/td>\n<\/tr>\n<tr>\n<td>EUR\/GBP<\/td>\n<td style=\"text-align: center;\">2,1<\/td>\n<td style=\"text-align: center;\">0 USD<\/td>\n<td style=\"text-align: center;\">0,2848 USD<\/td>\n<td style=\"text-align: center;\">28,48 USD<\/td>\n<\/tr>\n<tr>\n<td>GBP\/USD<\/td>\n<td style=\"text-align: center;\">2,2<\/td>\n<td style=\"text-align: center;\">0 USD<\/td>\n<td style=\"text-align: center;\">0,22 USD<\/td>\n<td style=\"text-align: center;\">22,00 USD<\/td>\n<\/tr>\n<tr>\n<td>AUD\/USD<\/td>\n<td style=\"text-align: center;\">1,3<\/td>\n<td style=\"text-align: center;\">0 USD<\/td>\n<td style=\"text-align: center;\">0,13 USD<\/td>\n<td style=\"text-align: center;\">13,00 USD<\/td>\n<\/tr>\n<tr>\n<td>USD\/CAD<\/td>\n<td style=\"text-align: center;\">1,8<\/td>\n<td style=\"text-align: center;\">0 USD<\/td>\n<td style=\"text-align: center;\">0,1315 USD<\/td>\n<td style=\"text-align: center;\">13,15 USD<\/td>\n<\/tr>\n<tr>\n<td>USD\/CHF<\/td>\n<td style=\"text-align: center;\">1,9<\/td>\n<td style=\"text-align: center;\">0 USD<\/td>\n<td style=\"text-align: center;\">0,2383 USD<\/td>\n<td style=\"text-align: center;\">23,83 USD<\/td>\n<\/tr>\n<tr>\n<td>USD\/CNH<\/td>\n<td style=\"text-align: center;\">13,00<\/td>\n<td style=\"text-align: center;\">0 USD<\/td>\n<td style=\"text-align: center;\">0,1813 USD<\/td>\n<td style=\"text-align: center;\">18,13 USD<\/td>\n<\/tr>\n<tr>\n<td>NZD\/USD<\/td>\n<td style=\"text-align: center;\">2,0<\/td>\n<td style=\"text-align: center;\">0 USD<\/td>\n<td style=\"text-align: center;\">0,20 USD<\/td>\n<td style=\"text-align: center;\">20,00 USD<\/td>\n<\/tr>\n<\/tbody>\n<\/table>\n<\/div>\n<p style=\"text-align: center; font-size: 13px;\"><em>*Die Trading-Kosten der W\u00e4hrungspaare sind in USD angegeben<\/em><\/p>\n<p>In der folgenden Tabelle k\u00f6nnen Inhaber eines XTB Pro-Kontos die Roundturn-Kommissionen f\u00fcr das Trading mit 1 Standard-, Mini- und Micro-Lot einsehen.<\/p>\n<div class=\"table-responsive\">\n<table class=\"table table--colorful\">\n<thead>\n<tr>\n<th colspan=\"3\" style=\"background-color: #fff;\">Roundturn-Kommissionen im XTB Pro-Konto<\/th>\n<\/tr>\n<tr>\n<th>Lot<\/th>\n<th>Einheiten<\/th>\n<th>Roundturn-Kommission<\/th>\n<\/tr>\n<\/thead>\n<tbody>\n<tr>\n<td>1 Standard-Lot<\/td>\n<td style=\"text-align: center;\">100.000<\/td>\n<td style=\"text-align: center;\">7 USD<\/td>\n<\/tr>\n<tr>\n<td>1 Mini-Lot<\/td>\n<td style=\"text-align: center;\">10.000<\/td>\n<td style=\"text-align: center;\">0,70 USD<\/td>\n<\/tr>\n<tr>\n<td>1 Micro-Lot<\/td>\n<td style=\"text-align: center;\">1.000<\/td>\n<td style=\"text-align: center;\">0,07 USD<\/td>\n<\/tr>\n<\/tbody>\n<\/table>\n<\/div>\n<h2 id=\"overnight\"><i class=\"ico ico--clock\"><\/i>\u00dcbernacht-Finanzierungskosten bei XTB<\/h2>\n<p>Trader, die ihre Positionen l\u00e4nger als einen Trading-Tag offen halten m\u00f6chten, sollten sich mit den Overnight-Finanzierungskosten von XTB vertraut machen. Trades, die von einem Tag auf den n\u00e4chsten gehalten werden, unterliegen sogenannten Rollover-Geb\u00fchren, auch als Swap-S\u00e4tze bekannt.<\/p>\n<p>Der Swap beschreibt den Zinsbetrag, der einem Trading-Konto f\u00fcr das Halten einer Position belastet oder gutgeschrieben wird. Dieser Wert variiert je nach W\u00e4hrungspaar. Swap-Punkte k\u00f6nnen manuell berechnet werden, indem der Swap-Punkt-Satz mit dem Pip-Wert multipliziert wird. Je nach Marktbedingungen k\u00f6nnen sie positiv oder negativ ausfallen, wodurch dem Trading-Konto entweder eine Belastung oder eine Gutschrift entsteht.<\/p>\n<p>Alternativ kannst du den integrierten Rechner von XTB nutzen, der zu den besonderen Funktionen der Plattform xStation geh\u00f6rt. Dort gibst du das Handelsvolumen, den Kontraktwert und die Margin ein, um die t\u00e4glichen Swap-S\u00e4tze f\u00fcr Long- und Short-Positionen eines bestimmten Forex-Instruments anzuzeigen.<\/p>\n<p>Die anfallenden Zinsen und Kosten f\u00fcr verschiedene Finanzinstrumente h\u00e4ngen von mehreren Faktoren ab, darunter der Instrumenttyp und die Richtung des Trades. Diese Werte k\u00f6nnen sich jederzeit \u00e4ndern und variieren je nach Marktbedingungen. Zu den Instrumenten mit potenziell besonders hohen Zinsgutschriften geh\u00f6ren beispielsweise die W\u00e4hrungspaare EUR\/AUD, USD\/TRY und USD\/MXN.<\/p>\n<p>Die folgende Tabelle zeigt die \u00dcbernacht-Finanzierungss\u00e4tze von XTB f\u00fcr mehrere beliebte Forex-W\u00e4hrungspaare.<\/p>\n<div class=\"table-responsive\">\n<table class=\"table table--colorful\">\n<thead>\n<tr>\n<th colspan=\"4\" style=\"background-color: #fff;\">XTB Swap-S\u00e4tze bei beliebten Forex-W\u00e4hrungspaaren (Standard-Lot)<\/th>\n<\/tr>\n<tr>\n<th>Symbol<\/th>\n<th>Basisw\u00e4hrung<\/th>\n<th>SWAP-Wert (Long)<\/th>\n<th>SWAP-Wert (Short)<\/th>\n<\/tr>\n<\/thead>\n<tbody>\n<tr>\n<td>EUR\/USD<\/td>\n<td style=\"text-align: center;\">USD<\/td>\n<td style=\"text-align: center;\">-0,009397 %<\/td>\n<td style=\"text-align: center;\">0,003843 %<\/td>\n<\/tr>\n<tr>\n<td>USD\/JPY<\/td>\n<td style=\"text-align: center;\">USD<\/td>\n<td style=\"text-align: center;\">0,007172 %<\/td>\n<td style=\"text-align: center;\">-0,014109 %<\/td>\n<\/tr>\n<tr>\n<td>EUR\/GBP<\/td>\n<td style=\"text-align: center;\">USD<\/td>\n<td style=\"text-align: center;\">-0,008276 %<\/td>\n<td style=\"text-align: center;\">0,002760 %<\/td>\n<\/tr>\n<tr>\n<td>GBP\/USD<\/td>\n<td style=\"text-align: center;\">USD<\/td>\n<td style=\"text-align: center;\">-0,003859 %<\/td>\n<td style=\"text-align: center;\">-0,001655 %<\/td>\n<\/tr>\n<tr>\n<td>AUD\/USD<\/td>\n<td style=\"text-align: center;\">USD<\/td>\n<td style=\"text-align: center;\">-0,005333 %<\/td>\n<td style=\"text-align: center;\">-0,001550 %<\/td>\n<\/tr>\n<tr>\n<td>USD\/CAD<\/td>\n<td style=\"text-align: center;\">USD<\/td>\n<td style=\"text-align: center;\">0,001651 %<\/td>\n<td style=\"text-align: center;\">-0,007163 %<\/td>\n<\/tr>\n<tr>\n<td>USD\/CHF<\/td>\n<td style=\"text-align: center;\">USD<\/td>\n<td style=\"text-align: center;\">0,009338 %<\/td>\n<td style=\"text-align: center;\">-0,014886 %<\/td>\n<\/tr>\n<tr>\n<td>AUD\/CAD<\/td>\n<td style=\"text-align: center;\">USD<\/td>\n<td style=\"text-align: center;\">-0,000906 %<\/td>\n<td style=\"text-align: center;\">-0,005938 %<\/td>\n<\/tr>\n<tr>\n<td>NZD\/USD<\/td>\n<td style=\"text-align: center;\">USD<\/td>\n<td style=\"text-align: center;\">-0,007159 %<\/td>\n<td style=\"text-align: center;\">0,000275 %<\/td>\n<\/tr>\n<\/tbody>\n<\/table>\n<\/div>\n<h2 id=\"swap\"><i class=\"ico ico--islamic-account\"><\/i>Swap-freie Trading-Kosten bei XTB<\/h2>\n<p>Trader bei der internationalen Gesellschaft von XTB haben die M\u00f6glichkeit, ein swap-freies (islamisches) Konto zu er\u00f6ffnen. Die Verf\u00fcgbarkeit dieser Konten ist auf bestimmte L\u00e4nder beschr\u00e4nkt, darunter die Vereinigten Arabischen Emirate, Saudi-Arabien, \u00c4gypten und Malaysia. Swap-freie Konten wurden speziell f\u00fcr muslimische Trader entwickelt, die im Einklang mit islamischen Finanzregeln traden m\u00f6chten. Dieses Kontomodell steht sowohl f\u00fcr das Standard- als auch f\u00fcr das Pro-Konto zur Verf\u00fcgung.<\/p>\n<p>Wie der Name bereits vermuten l\u00e4sst, fallen keine Swap-Geb\u00fchren f\u00fcr das Halten von Positionen \u00fcber Nacht an. Daher eignet sich dieses Kontomodell besonders f\u00fcr Trader, die aus religi\u00f6sen Gr\u00fcnden keine Swap-Zinsen zahlen oder erhalten d\u00fcrfen. Stattdessen wird eine geringe Verwaltungsgeb\u00fchr berechnet, deren H\u00f6he je nach Instrument variieren kann.<\/p>\n<p>Das islamische Trading-Konto des Brokers bietet Zugang zu 10.100 M\u00e4rkten f\u00fcr Direktinvestments und CFD-Trading, darunter Forex, handelbare Index-CFDs, Rohstoffe, Kryptow\u00e4hrungen und ETFs. Der maximal verf\u00fcgbare Hebel betr\u00e4gt 1:500 und Trader k\u00f6nnen die firmeneigene Plattform xStation nutzen.<\/p>\n<p>Neben dem Verzicht auf spezielle Geb\u00fchren oder Zinsen bietet XTB auch ein Cashback-Programm an. Die H\u00f6he des Cashback-Bonus richtet sich nach dem monatlichen Trading-Volumen der Trader. Das System berechnet automatisch den entsprechenden Cashback-Betrag und schreibt ihn dem Kontoguthaben gut. Das Cashback-Angebot gilt f\u00fcr Trader aus bestimmten L\u00e4ndern.<\/p>\n<h2 id=\"other\"><i class=\"ico ico--administration-fees\"><\/i>Sonstige Kosten bei XTB<\/h2>\n<p>Sehen wir uns nun kurz die sonstigen Kosten von XTB an, damit du einen vollst\u00e4ndigen \u00dcberblick \u00fcber alle Geb\u00fchren bekommst, die nach der Er\u00f6ffnung eines Live-Tradingkontos bei diesem Broker anfallen k\u00f6nnen. Beginnend mit der Kontoer\u00f6ffnung und der Kontoverwaltung: F\u00fcr beide erhebt der Broker keine Geb\u00fchren. Diese Dienstleistungen sind f\u00fcr alle Nutzer kostenlos \u2013 unabh\u00e4ngig vom Kontostand.<\/p>\n<p>Auch wenn keine Kontof\u00fchrungsgeb\u00fchren anfallen, solltest du beachten, dass eine Inaktivit\u00e4tsgeb\u00fchr von 10 \u20ac berechnet wird, wenn innerhalb der letzten 365 Tage kein Trade ausgef\u00fchrt wurde oder innerhalb der letzten 90 Tage keine Einzahlung auf das Konto erfolgt ist.<\/p>\n<p>Alle Einzahlungsmethoden \u2013 darunter Transaktionen per Bankkarte, Bank\u00fcberweisung sowie Online-Zahlungen \u00fcber PayU, Skrill und PayPal \u2013 sind seitens des Brokers geb\u00fchrenfrei. Allerdings k\u00f6nnen bei bestimmten Zahlungsmethoden Geb\u00fchren durch die jeweiligen Zahlungsanbieter entstehen.<\/p>\n<p>Auszahlungen \u00fcber 100 \u20ac sind ebenfalls kostenlos. Trader sollten jedoch beachten, dass f\u00fcr Auszahlungen unterhalb dieser Schwelle eine Geb\u00fchr von 10 \u20ac anf\u00e4llt. \u00dcberweisungen zwischen Konten in zwei unterschiedlichen W\u00e4hrungen unterliegen einer W\u00e4hrungsumrechnungsgeb\u00fchr von 0,5 % an Werktagen und 0,8 % an Wochenenden.<\/p>\n<div class=\"table-responsive\">\n<table class=\"table\">\n<thead>\n<tr>\n<th colspan=\"2\">XTB &#8211; Sonstige Kosten<\/th>\n<\/tr>\n<\/thead>\n<tbody>\n<tr>\n<td>Einzahlungsgeb\u00fchren<\/td>\n<td>Kostenlos.<\/td>\n<\/tr>\n<tr>\n<td>Auszahlungsgeb\u00fchren<\/td>\n<td>Kostenlos ab 100 \u20ac oder 50 USD \u2013 abh\u00e4ngig von der jeweiligen XTB-Gesellschaft.<\/td>\n<\/tr>\n<tr>\n<td>Kontoer\u00f6ffnungsgeb\u00fchr<\/td>\n<td>Kostenlos.<\/td>\n<\/tr>\n<tr>\n<td>Inaktivit\u00e4tsgeb\u00fchr<\/td>\n<td>XTB erhebt keine Kontof\u00fchrungsgeb\u00fchren. Eine Inaktivit\u00e4tsgeb\u00fchr von 10 \u20ac f\u00e4llt an, wenn innerhalb der letzten 365 Tage keine Kauf- oder Verkaufs-Transaktionen ausgef\u00fchrt wurden oder innerhalb der letzten 90 Tage keine Einzahlung erfolgt ist.<\/td>\n<\/tr>\n<tr>\n<td>W\u00e4hrungsumrechnungsgeb\u00fchr<\/td>\n<td>0,5 % an Werktagen, 0,8 % an Wochenenden und Feiertagen.<\/td>\n<\/tr>\n<\/tbody>\n<\/table>\n<\/div>\n<h2 id=\"conclusion\"><i class=\"ico ico--pen\"><\/i>Fazit <\/h2>\n<p>Insgesamt bietet XTB \u2013 je nach gew\u00e4hltem Kontotyp (Standard, Pro oder Islamic) \u2013 unterschiedliche Preismodelle. Das Standard-Konto zeichnet sich durch enge Spreads aus, w\u00e4hrend Nutzer des Pro-Kontos von wettbewerbsf\u00e4higen Kommissionen und insgesamt niedrigeren Trading-Kosten profitieren k\u00f6nnen, da sie meist mit h\u00f6heren Handelsvolumina traden. Islamische Konten stehen Tradern aus bestimmten L\u00e4ndern zur Verf\u00fcgung und bieten zus\u00e4tzlich den Vorteil eines Cashback-Programms, bei dem R\u00fcckverg\u00fctungen direkt dem Kontoguthaben gutgeschrieben werden. Dadurch stellt XTB eine interessante Wahl f\u00fcr Trader mit unterschiedlichen Hintergr\u00fcnden und Erfahrungsstufen dar.<\/p>\n","protected":false},"excerpt":{"rendered":"<p>Bevor du ein Live-Tradingkonto bei XTB er\u00f6ffnest, kann dieser umfassende Leitfaden dir helfen, fundierte Entscheidungen \u00fcber deine Trading-Aktivit\u00e4ten zu treffen. Dieser Leitfaden bietet einen detaillierten \u00dcberblick \u00fcber die Spreads, Kommissionen und Geb\u00fchren von XTB und hilft Tradern dabei, die Trading-Kosten auf der Plattform besser zu verstehen. Zus\u00e4tzlich zeigen wir anhand von Beispielen, wie sich die [&hellip;]<\/p>\n","protected":false},"author":2,"featured_media":0,"parent":21149,"menu_order":0,"comment_status":"closed","ping_status":"closed","template":"templates\/review.php","meta":{"footnotes":""},"class_list":["post-59643","page","type-page","status-publish","hentry"],"aioseo_notices":[],"_links":{"self":[{"href":"https:\/\/www.bestbrokers.com\/de\/wp-json\/wp\/v2\/pages\/59643","targetHints":{"allow":["GET"]}}],"collection":[{"href":"https:\/\/www.bestbrokers.com\/de\/wp-json\/wp\/v2\/pages"}],"about":[{"href":"https:\/\/www.bestbrokers.com\/de\/wp-json\/wp\/v2\/types\/page"}],"author":[{"embeddable":true,"href":"https:\/\/www.bestbrokers.com\/de\/wp-json\/wp\/v2\/users\/2"}],"replies":[{"embeddable":true,"href":"https:\/\/www.bestbrokers.com\/de\/wp-json\/wp\/v2\/comments?post=59643"}],"version-history":[{"count":8,"href":"https:\/\/www.bestbrokers.com\/de\/wp-json\/wp\/v2\/pages\/59643\/revisions"}],"predecessor-version":[{"id":82883,"href":"https:\/\/www.bestbrokers.com\/de\/wp-json\/wp\/v2\/pages\/59643\/revisions\/82883"}],"up":[{"embeddable":true,"href":"https:\/\/www.bestbrokers.com\/de\/wp-json\/wp\/v2\/pages\/21149"}],"wp:attachment":[{"href":"https:\/\/www.bestbrokers.com\/de\/wp-json\/wp\/v2\/media?parent=59643"}],"curies":[{"name":"wp","href":"https:\/\/api.w.org\/{rel}","templated":true}]}}