{"id":59644,"date":"2025-03-19T09:36:54","date_gmt":"2025-03-19T09:36:54","guid":{"rendered":"https:\/\/www.bestbrokers.com\/?page_id=59644"},"modified":"2026-03-13T12:16:07","modified_gmt":"2026-03-13T12:16:07","slug":"spreads-fees-and-commissions","status":"publish","type":"page","link":"https:\/\/www.bestbrokers.com\/de\/reviews\/fxpro\/spreads-fees-and-commissions\/","title":{"rendered":"Spreads, Geb\u00fchren und Kommissionen bei FxPro"},"content":{"rendered":"<div class=\"author-line\">Geschrieben von <span class=\"author\">Naylyan Nazifova<div class=\"author-sub-box\"><div class=\"author-avatar\"><img decoding=\"async\" src=\"https:\/\/www.bestbrokers.com\/wp-content\/uploads\/2026\/04\/nnazifova.webp\" \/><\/div><div class=\"author-info-wrapper\"><div class=\"author-name\"><a href=\"https:\/\/www.bestbrokers.com\/de\/authors\/naylyan-nazifova\/\">Naylyan Nazifova<\/a><\/div><div class=\"author-bio\">Naylyan Nazifova ist eine anerkannte Expertin im Bereich des Online-Handels. Sie hat viele Ver\u00f6ffentlichungen und Analysen zu Themen wie Forex-Handel, Aktieninvestitionen und pers\u00f6nlicher Finanzplanung.<\/div><\/div><\/div><\/span>,  <a rel=\"nofollow\" target=\"_blank\" href=\"https:\/\/www.linkedin.com\/in\/naylian-nazifova-58562a272\/\"><img decoding=\"async\" class=\"social-icon\" src=\"https:\/\/www.bestbrokers.com\/wp-content\/themes\/best-brokers\/assets\/images\/icon-linkedin.svg\" data-no-lazy=\"1\"><\/a> <span class=\"sep\">|<\/span> \u00dcbersetzt von <span class=\"author\">Marcus Jungnickel<div class=\"author-sub-box\"><div class=\"author-avatar\"><img decoding=\"async\" src=\"https:\/\/www.bestbrokers.com\/wp-content\/uploads\/2025\/02\/Marcus-Jungnickel-150x150-2.webp\" \/><\/div><div class=\"author-info-wrapper\"><div class=\"author-name\"><a href=\"https:\/\/www.bestbrokers.com\/de\/authors\/marcus-jungnickel\/\">Marcus Jungnickel<\/a><\/div><div class=\"author-bio\">Marcus Jungnickel ist als \u00dcbersetzer und Redakteur auf die Fachgebiete Finanzen und Wirtschaft spezialisiert. Er betreut die deutsche Version von BestBrokers.com.<\/div><\/div><\/div><\/span>, <a rel=\"nofollow\" target=\"_blank\" href=\"https:\/\/www.linkedin.com\/in\/marcus-jungnickel-3545b3154\/\"><img decoding=\"async\" class=\"social-icon\" src=\"https:\/\/www.bestbrokers.com\/wp-content\/themes\/best-brokers\/assets\/images\/icon-linkedin.svg\" data-no-lazy=\"1\"><\/a> <span class=\"sep\">|<\/span> Aktualisiert: <time class=\"entry-date\" datetime=\"2026-03-13T12:16:07+00:00\">M\u00e4rz 13, 2026<\/time><\/div>\n<p>Bevor du mit dem Trading bei FxPro beginnst, empfehlen wir dir, dich zun\u00e4chst mit dem Geb\u00fchrenmodell des Brokers vertraut zu machen. So bekommst du ein klares Bild davon, welche tats\u00e4chlichen Trading-Kosten bei FxPro entstehen k\u00f6nnen. Damit du besser einsch\u00e4tzen kannst, welches Budget f\u00fcr deine Trading-Sitzung geeignet ist oder welches Konto das beste Preis-Leistungs-Verh\u00e4ltnis f\u00fcr deine Trades bietet, haben wir eine ausf\u00fchrliche Analyse aller <strong>Trading- und sonstigen Kosten bei FxPro<\/strong> zusammengestellt.<\/p>\n<p>Im Folgenden hat unser Expertenteam Provisionen, Spreads, Swap-Geb\u00fchren sowie weitere m\u00f6gliche Zuschl\u00e4ge analysiert, die beim Trading von Forex, Metallen und anderen handelbaren Instrumenten bei diesem Broker anfallen k\u00f6nnen. Wenn du mehr \u00fcber die gesamten Trading-Kosten bei FxPro erfahren m\u00f6chtest, empfehlen wir dir, weiterzulesen.<\/p>\n<h2 id=\"costs\"><i class=\"ico ico--money-supply\"><\/i>Trading-Kosten bei FxPro<\/h2>\n<p>Um die Trading-Kosten bei FxPro besser zu verstehen, m\u00fcssen wir zun\u00e4chst die <strong>verschiedenen Geb\u00fchrenmodelle<\/strong> der vom Broker angebotenen Kontotypen erkl\u00e4ren. Abh\u00e4ngig von deinen Trading-Vorlieben kannst du ein Standard-Konto, Raw+-Konto oder ein cTrader-Konto er\u00f6ffnen. Die Standard- und Raw+-Konten unterst\u00fctzen Trading \u00fcber die Plattformen MT4 und MT5, w\u00e4hrend das cTrader-Konto \u2013 wie der Name bereits vermuten l\u00e4sst \u2013 ausschlie\u00dflich Trading \u00fcber die cTrader-Plattform erm\u00f6glicht.<\/p>\n<p>Alle drei Kontotypen unterst\u00fctzen Micro-Lots, wobei die <strong>minimale Ordergr\u00f6\u00dfe bei 0,01 Lots<\/strong> liegt. Auf allen drei Konten kannst du Hedging als Strategie zur Positionsverwaltung nutzen. Netting wird jedoch nur beim Standard- und beim Raw+-Konto unterst\u00fctzt.<\/p>\n<p>Beim Standard-Konto fallen keine Provisionen f\u00fcr das Trading von Forex, Metallen oder anderen handelbaren Instrumenten an. Stattdessen sind die gesamten Trading-Kosten im Spread enthalten, der in der Regel breiter ist als bei den anderen Kontotypen von FxPro. Das <strong>Raw+-Konto bietet engere Spreads, die bei wichtigen Forex-Paaren bereits ab 0,0 Pips beginnen<\/strong>, wobei zus\u00e4tzlich eine kleine Provision von 3,50 USD pro Seite eines Trades pro Standard-Lot berechnet wird. Auch das cTrader-Konto senkt die Trading-Kosten durch deutlich engere Spreads und berechnet ebenfalls eine Provision von 3,50 USD pro Lot und Seite.<\/p>\n<div class=\"table-responsive\">\n<table class=\"table table--colorful\">\n<thead>\n<tr>\n<th colspan=\"4\" style=\"background-color: #fff;\">FxPro Roundtrip-Provisionen nach Kontotyp<\/th>\n<\/tr>\n<tr>\n<th>Kontotyp<\/th>\n<th>Pro Standard-Lot<\/th>\n<th>Pro Mini-Lot<\/th>\n<th>Pro Micro-Lot<\/th>\n<\/tr>\n<\/thead>\n<tbody>\n<tr>\n<td>MT4\/5 Standard<\/td>\n<td style=\"text-align: center;\">0 USD<\/td>\n<td style=\"text-align: center;\">0 USD<\/td>\n<td style=\"text-align: center;\">0 USD<\/td>\n<\/tr>\n<tr>\n<td>MT5 Raw+<\/td>\n<td style=\"text-align: center;\">7 USD<\/td>\n<td style=\"text-align: center;\">0,70 USD<\/td>\n<td style=\"text-align: center;\">0,07 USD<\/td>\n<\/tr>\n<tr>\n<td>cTrader-Konto<\/td>\n<td style=\"text-align: center;\">7 USD<\/td>\n<td style=\"text-align: center;\">0,70 USD<\/td>\n<td style=\"text-align: center;\">0,07 USD<\/td>\n<\/tr>\n<\/tbody>\n<\/table>\n<\/div>\n<p>Falls du dir unsicher bist, ob Trading ohne Provision oder engere Spreads die bessere Wahl sind, zeigen wir dir ein sehr einfaches Beispiel, das die gesamten Trading-Kosten in beiden F\u00e4llen verdeutlicht. Schauen wir uns einen Trade mit einem Standard-Lot im EUR\/USD an, bei dem eine Bewegung von einem Pip einem Wert von 10 USD entspricht. F\u00fcr unser Beispiel gehen wir davon aus, dass Er\u00f6ffnungs- und Schlusskurs identisch sind. Zum Zeitpunkt der Erstellung dieser Analyse betr\u00e4gt der Spread beim W\u00e4hrungspaar EUR\/USD <strong>1,45 Pips<\/strong> im Standard-Konto und <strong>0,45 Pips<\/strong> im cTrader-Konto. Unter Ber\u00fccksichtigung dieser Parameter w\u00fcrde der Trade ungef\u00e4hr so aussehen:<\/p>\n<hr style=\"height:2px;border-width:0;color:#dee2e6;background-color:#dee2e6; clear: both;\">\n<strong>Standard-Konto:<\/strong><br \/>\nSpread: 1,45<br \/>\nProvision pro Seite: 0 USD<br \/>\nGesamtkosten: 1,45 \u00d7 10 USD = 14,5 USD pro Seite oder 29 USD f\u00fcr einen vollst\u00e4ndigen Round-Trip-Trade<\/p>\n<hr style=\"height:2px;border-width:0;color:#dee2e6;background-color:#dee2e6; clear: both;\">\n<strong>cTrader-Konto:<\/strong><\/p>\n<p>Spread: 0,45<br \/>\nSpread-Kosten: 0,45 \u00d7 10 USD = 4,50 USD<br \/>\nProvision pro Seite: 3,50 USD<br \/>\nGesamtkosten: (4,50 USD \u00d7 2) + (3,50 USD \u00d7 2) = 9 USD + 7 USD = 16 USD f\u00fcr einen vollst\u00e4ndigen Round-Trip-Trade<\/p>\n<hr style=\"height:2px;border-width:0;color:#dee2e6;background-color:#dee2e6; clear: both;\">\n<p>Wie du siehst, fallen die gesamten Trading-Kosten mit dem engeren Spread im cTrader-Konto deutlich niedriger aus als beim Trading des W\u00e4hrungspaares EUR\/USD \u00fcber das Standard-Konto.<\/p>\n<p>Nachfolgend findest du die gesamten Trading-Kosten f\u00fcr beliebte Forex-Paare mit dem MT4\/MT5 Standard-Konto und dem cTrader-Konto. Beachte, dass Spreads variabel sind. Die unten angegebenen Werte k\u00f6nnen daher leicht von den Spreads abweichen, die du beim Trading mit einem der unten genannten FxPro-Konten tats\u00e4chlich siehst.<\/p>\n<div class=\"table-responsive\">\n<table class=\"table table--colorful\">\n<thead>\n<tr>\n<th colspan=\"5\" style=\"background-color: #fff;\">Durchschnittliche Spread-Kosten mit MT4\/5 Standard-Konten<\/th>\n<\/tr>\n<tr>\n<th>W\u00e4hrungspaar<\/th>\n<th>Spread (in Pips)<\/th>\n<th>Provision pro Seite<\/th>\n<th>Kosten pro Micro-Lot<\/th>\n<th>Kosten pro Standard-Lot<\/th>\n<\/tr>\n<\/thead>\n<tbody>\n<tr>\n<td>EUR\/USD<\/td>\n<td style=\"text-align: center;\">1,45<\/td>\n<td style=\"text-align: center;\">0 USD<\/td>\n<td style=\"text-align: center;\">0,145 USD<\/td>\n<td style=\"text-align: center;\">14,50 USD<\/td>\n<\/tr>\n<tr>\n<td>USD\/JPY<\/td>\n<td style=\"text-align: center;\">1,85<\/td>\n<td style=\"text-align: center;\">0 USD<\/td>\n<td style=\"text-align: center;\">0,126 USD<\/td>\n<td style=\"text-align: center;\">12,60 USD<\/td>\n<\/tr>\n<tr>\n<td>EUR\/GBP<\/td>\n<td style=\"text-align: center;\">1,85<\/td>\n<td style=\"text-align: center;\">0 USD<\/td>\n<td style=\"text-align: center;\">0,250 USD<\/td>\n<td style=\"text-align: center;\">25,01 USD<\/td>\n<\/tr>\n<tr>\n<td>GBP\/USD<\/td>\n<td style=\"text-align: center;\">1,99<\/td>\n<td style=\"text-align: center;\">0 USD<\/td>\n<td style=\"text-align: center;\">0,199 USD<\/td>\n<td style=\"text-align: center;\">19,90 USD<\/td>\n<\/tr>\n<tr>\n<td>AUD\/USD<\/td>\n<td style=\"text-align: center;\">2,09<\/td>\n<td style=\"text-align: center;\">0 USD<\/td>\n<td style=\"text-align: center;\">0,209 USD<\/td>\n<td style=\"text-align: center;\">20,90 USD<\/td>\n<\/tr>\n<tr>\n<td>USD\/CAD<\/td>\n<td style=\"text-align: center;\">1,81<\/td>\n<td style=\"text-align: center;\">0 USD<\/td>\n<td style=\"text-align: center;\">0,132 USD<\/td>\n<td style=\"text-align: center;\">13,15 USD<\/td>\n<\/tr>\n<tr>\n<td>USD\/CHF<\/td>\n<td style=\"text-align: center;\">2,14<\/td>\n<td style=\"text-align: center;\">0 USD<\/td>\n<td style=\"text-align: center;\">0,336 USD<\/td>\n<td style=\"text-align: center;\">33,68 USD<\/td>\n<\/tr>\n<tr>\n<td>USD\/CNH<\/td>\n<td style=\"text-align: center;\">12,75<\/td>\n<td style=\"text-align: center;\">0 USD<\/td>\n<td style=\"text-align: center;\">0,179 USD<\/td>\n<td style=\"text-align: center;\">17,91 USD<\/td>\n<\/tr>\n<tr>\n<td>NZD\/USD<\/td>\n<td style=\"text-align: center;\">2,92<\/td>\n<td style=\"text-align: center;\">0 USD<\/td>\n<td style=\"text-align: center;\">0,292 USD<\/td>\n<td style=\"text-align: center;\">29,20 USD<\/td>\n<\/tr>\n<\/tbody>\n<\/table>\n<\/div>\n<p style=\"text-align: center; font-size: 13px;\"><em>*Die Trading-Kosten aller Paare werden in USD berechnet<\/em><\/p>\n<div class=\"table-responsive\">\n<table class=\"table table--colorful\">\n<thead>\n<tr>\n<th colspan=\"5\" style=\"background-color: #fff;\">Durchschnittliche Spread-Kosten mit cTrader-Konten<\/th>\n<\/tr>\n<tr>\n<th>W\u00e4hrungspaar<\/th>\n<th>Spread (in Pips)<\/th>\n<th>Provision pro Seite<\/th>\n<th>Kosten pro Micro-Lot<\/th>\n<th>Kosten pro Standard-Lot<\/th>\n<\/tr>\n<\/thead>\n<tbody>\n<tr>\n<td>EUR\/USD<\/td>\n<td style=\"text-align: center;\">0,45<\/td>\n<td style=\"text-align: center;\">3,50 USD \/ 0,035 USD<\/td>\n<td style=\"text-align: center;\">0,08 USD<\/td>\n<td style=\"text-align: center;\">8 USD<\/td>\n<\/tr>\n<tr>\n<td>USD\/JPY<\/td>\n<td style=\"text-align: center;\">0,60<\/td>\n<td style=\"text-align: center;\">3,50 USD \/ 0,035 USD<\/td>\n<td style=\"text-align: center;\">0,076 USD<\/td>\n<td style=\"text-align: center;\">7,58 USD<\/td>\n<\/tr>\n<tr>\n<td>EUR\/GBP<\/td>\n<td style=\"text-align: center;\">1,03<\/td>\n<td style=\"text-align: center;\">3,50 USD \/ 0,035 USD<\/td>\n<td style=\"text-align: center;\">0,174 USD<\/td>\n<td style=\"text-align: center;\">17,42 USD<\/td>\n<\/tr>\n<tr>\n<td>GBP\/USD<\/td>\n<td style=\"text-align: center;\">0,95<\/td>\n<td style=\"text-align: center;\">3,50 USD \/ 0,035 USD<\/td>\n<td style=\"text-align: center;\">0,130 USD<\/td>\n<td style=\"text-align: center;\">13 USD<\/td>\n<\/tr>\n<tr>\n<td>AUD\/USD<\/td>\n<td style=\"text-align: center;\">0,60<\/td>\n<td style=\"text-align: center;\">3,50 USD \/ 0,035 USD<\/td>\n<td style=\"text-align: center;\">0,095 USD<\/td>\n<td style=\"text-align: center;\">9,50 USD<\/td>\n<\/tr>\n<tr>\n<td>USD\/CAD<\/td>\n<td style=\"text-align: center;\">0,54<\/td>\n<td style=\"text-align: center;\">3,50 USD \/ 0,035 USD<\/td>\n<td style=\"text-align: center;\">0,074 USD<\/td>\n<td style=\"text-align: center;\">7,42 USD<\/td>\n<\/tr>\n<tr>\n<td>USD\/CHF<\/td>\n<td style=\"text-align: center;\">1,60<\/td>\n<td style=\"text-align: center;\">3,50 USD \/ 0,035 USD<\/td>\n<td style=\"text-align: center;\">0,235 USD<\/td>\n<td style=\"text-align: center;\">23,46 USD<\/td>\n<\/tr>\n<tr>\n<td>USD\/CNH<\/td>\n<td style=\"text-align: center;\">8,70<\/td>\n<td style=\"text-align: center;\">3,50 USD \/ 0,035 USD<\/td>\n<td style=\"text-align: center;\">0,157 USD<\/td>\n<td style=\"text-align: center;\">15,72 USD<\/td>\n<\/tr>\n<tr>\n<td>NZD\/USD<\/td>\n<td style=\"text-align: center;\">1,14<\/td>\n<td style=\"text-align: center;\">3,50 USD \/ 0,035 USD<\/td>\n<td style=\"text-align: center;\">0,149 USD<\/td>\n<td style=\"text-align: center;\">14,90 USD<\/td>\n<\/tr>\n<\/tbody>\n<\/table>\n<\/div>\n<p style=\"text-align: center; font-size: 13px;\"><em>*Die Trading-Kosten aller Paare werden in USD berechnet<\/em><\/p>\n<h2 id=\"overnight\"><i class=\"ico ico--clock\"><\/i>\u00dcbernacht-Finanzierungskosten bei FxPro<\/h2>\n<p>W\u00e4hrend Daytrader mit allen FxPro-Konten Intraday handeln k\u00f6nnen, besteht auch die M\u00f6glichkeit, Positionen \u00fcber Nacht offen zu halten. Solche Trades erzeugen Zinsen, die je nach Marktbewegung \u00fcber Nacht entweder gezahlt werden m\u00fcssen (negative Swaps) oder dem Trader gutgeschrieben werden (positive Swaps). Diese <strong>Zinss\u00e4tze werden als Swaps bezeichnet<\/strong>. FxPro berechnet Swaps, indem eine Rollover-Geb\u00fchr f\u00fcr \u00fcber Nacht gehaltene Positionen zu den Zinss\u00e4tzen des gehandelten W\u00e4hrungspaares addiert wird.<\/p>\n<blockquote><p>F\u00fcr Forex-Paare gilt folgende Formel zur Berechnung der Swaps: Pip-Wert \u00d7 Swap-Wert (in Punkten angegeben) \/ 10<\/p>\n<p>\tF\u00fcr Nicht-Forex-Instrumente gilt folgende Formel zur Berechnung der Swaps: Lotgr\u00f6\u00dfe \u00d7 Swap-Wert \u00d7 Anzahl der N\u00e4chte, in denen die Position offen gehalten wurde.<\/p><\/blockquote>\n<p>Swaps werden an jedem Werktag berechnet. Da jedoch am Wochenende keine Swaps erhoben werden k\u00f6nnen, weil die M\u00e4rkte am Samstag und Sonntag geschlossen sind, <strong>wird der Swap f\u00fcr Forex und Metalle mittwochs dreifach berechnet<\/strong>. Bei anderen handelbaren Instrumenten erfolgt die dreifache Swap-Berechnung freitags.<\/p>\n<p>Da Swap-S\u00e4tze aufgrund ihrer <strong>dynamischen Entwicklung<\/strong> regelm\u00e4\u00dfig aktualisiert werden, haben wir eine Tabelle mit den aktuell g\u00fcltigen Swaps f\u00fcr beliebte Forex-Paare zum Zeitpunkt der Erstellung dieser Analyse zusammengestellt. Der Broker stellt au\u00dferdem einen Swap-Rechner zur Verf\u00fcgung, mit dem du die potenziellen Swap-Kosten f\u00fcr jedes handelbare Instrument berechnen kannst, das bei \u00fcber Nacht gehaltenen Positionen Zinsen erzeugt.<\/p>\n<div class=\"table-responsive\">\n<table class=\"table table--colorful\">\n<thead>\n<tr>\n<th colspan=\"5\" style=\"background-color: #fff;\">Swap-S\u00e4tze f\u00fcr beliebte Forex-Paare (Standard-Lot)<\/th>\n<\/tr>\n<tr>\n<th>Symbol<\/th>\n<th>Basisw\u00e4hrung<\/th>\n<th>Volumen in Lots<\/th>\n<th>Swap Long in USD<\/th>\n<th>Swap Short in USD<\/th>\n<\/tr>\n<\/thead>\n<tbody>\n<tr>\n<td>EUR\/USD<\/td>\n<td style=\"text-align: center;\">USD<\/td>\n<td style=\"text-align: center;\">1<\/td>\n<td style=\"text-align: center;\">-8,01<\/td>\n<td style=\"text-align: center;\">1,90<\/td>\n<\/tr>\n<tr>\n<td>USD\/JPY<\/td>\n<td style=\"text-align: center;\">USD<\/td>\n<td style=\"text-align: center;\">1<\/td>\n<td style=\"text-align: center;\">4,50<\/td>\n<td style=\"text-align: center;\">-18,25<\/td>\n<\/tr>\n<tr>\n<td>EUR\/GBP<\/td>\n<td style=\"text-align: center;\">USD<\/td>\n<td style=\"text-align: center;\">1<\/td>\n<td style=\"text-align: center;\">-10,27<\/td>\n<td style=\"text-align: center;\">1,67<\/td>\n<\/tr>\n<tr>\n<td>GBP\/USD<\/td>\n<td style=\"text-align: center;\">USD<\/td>\n<td style=\"text-align: center;\">1<\/td>\n<td style=\"text-align: center;\">-3,30<\/td>\n<td style=\"text-align: center;\">-4,10<\/td>\n<\/tr>\n<tr>\n<td>AUD\/USD<\/td>\n<td style=\"text-align: center;\">USD<\/td>\n<td style=\"text-align: center;\">1<\/td>\n<td style=\"text-align: center;\">-3,60<\/td>\n<td style=\"text-align: center;\">-1,10<\/td>\n<\/tr>\n<tr>\n<td>USD\/CAD<\/td>\n<td style=\"text-align: center;\">USD<\/td>\n<td style=\"text-align: center;\">1<\/td>\n<td style=\"text-align: center;\">0,31<\/td>\n<td style=\"text-align: center;\">-5,97<\/td>\n<\/tr>\n<tr>\n<td>USD\/CHF<\/td>\n<td style=\"text-align: center;\">USD<\/td>\n<td style=\"text-align: center;\">1<\/td>\n<td style=\"text-align: center;\">6,13<\/td>\n<td style=\"text-align: center;\">-16,91<\/td>\n<\/tr>\n<tr>\n<td>USD\/CNH<\/td>\n<td style=\"text-align: center;\">USD<\/td>\n<td style=\"text-align: center;\">1<\/td>\n<td style=\"text-align: center;\">-6,01<\/td>\n<td style=\"text-align: center;\">-12,15<\/td>\n<\/tr>\n<tr>\n<td>NZD\/USD<\/td>\n<td style=\"text-align: center;\">USD<\/td>\n<td style=\"text-align: center;\">1<\/td>\n<td style=\"text-align: center;\">-2,50<\/td>\n<td style=\"text-align: center;\">-2,10<\/td>\n<\/tr>\n<\/tbody>\n<\/table>\n<\/div>\n<h2 id=\"swap\"><i class=\"ico ico--islamic-account\"><\/i>Swap-freies Trading bei FxPro<\/h2>\n<p>Da einige Trader aus religi\u00f6sen Gr\u00fcnden keine Zinsen zahlen oder erhalten d\u00fcrfen, erm\u00f6glicht FxPro Nutzern aus bestimmten muslimischen L\u00e4ndern die Er\u00f6ffnung swap-freier Konten. Diese Form des Tradings erlaubt den Handel mit Indizes, Futures und Aktien ohne zeitliche Begrenzung, <strong>ohne Zinsen zu zahlen oder zu erhalten<\/strong>. Bei anderen handelbaren Instrumenten gilt zun\u00e4chst eine bestimmte Kulanzfrist f\u00fcr swap-freies Trading. Danach erhebt der Broker eine Provision.<\/p>\n<p>Die Kulanzfrist variiert je nach handelbarem Instrument. Wichtige Forex-Paare bieten in der Regel die l\u00e4ngste swap-freie Haltezeit, bevor eine Provision berechnet wird. Nachfolgend findest du eine <strong>detaillierte Tabelle mit den Kulanzfristen<\/strong> f\u00fcr die meisten handelbaren Instrumente sowie der Provision, die nach Ablauf dieser Frist erhoben wird.<\/p>\n<div class=\"table-responsive\">\n<table class=\"table table--colorful\">\n<thead>\n<tr>\n<th colspan=\"4\" style=\"background-color: #fff;\">Kulanzfristen und Rollover-Geb\u00fchren bei Swap-freien FxPro-Konten<\/th>\n<\/tr>\n<tr>\n<th>Instrument<\/th>\n<th>Kulanzfrist (Anzahl der N\u00e4chte)<\/th>\n<th>Rollover-Geb\u00fchr cTrader Swap-freies Konto<\/th>\n<th>Rollover-Geb\u00fchr MT4 und FxPro Edge Swap-freie Konten<\/th>\n<\/tr>\n<\/thead>\n<tbody>\n<tr>\n<td>EUR\/USD<\/td>\n<td style=\"text-align: center;\">8<\/td>\n<td style=\"text-align: center;\">7,50 USD<\/td>\n<td style=\"text-align: center;\">Berechnet anhand der Swap-S\u00e4tze<\/td>\n<\/tr>\n<tr>\n<td>USD\/JPY<\/td>\n<td style=\"text-align: center;\">8<\/td>\n<td style=\"text-align: center;\">7,50 USD<\/td>\n<td style=\"text-align: center;\">Berechnet anhand der Swap-S\u00e4tze<\/td>\n<\/tr>\n<tr>\n<td>EUR\/GBP<\/td>\n<td style=\"text-align: center;\">8<\/td>\n<td style=\"text-align: center;\">7,50 USD<\/td>\n<td style=\"text-align: center;\">Berechnet anhand der Swap-S\u00e4tze<\/td>\n<\/tr>\n<tr>\n<td>GBP\/USD<\/td>\n<td style=\"text-align: center;\">8<\/td>\n<td style=\"text-align: center;\">7,50 USD<\/td>\n<td style=\"text-align: center;\">Berechnet anhand der Swap-S\u00e4tze<\/td>\n<\/tr>\n<tr>\n<td>AUD\/USD<\/td>\n<td style=\"text-align: center;\">3<\/td>\n<td style=\"text-align: center;\">7,50 USD<\/td>\n<td style=\"text-align: center;\">Berechnet anhand der Swap-S\u00e4tze<\/td>\n<\/tr>\n<tr>\n<td>USD\/CAD<\/td>\n<td style=\"text-align: center;\">8<\/td>\n<td style=\"text-align: center;\">7,50 USD<\/td>\n<td style=\"text-align: center;\">Berechnet anhand der Swap-S\u00e4tze<\/td>\n<\/tr>\n<tr>\n<td>USD\/CHF<\/td>\n<td style=\"text-align: center;\">8<\/td>\n<td style=\"text-align: center;\">7,50 USD<\/td>\n<td style=\"text-align: center;\">Berechnet anhand der Swap-S\u00e4tze<\/td>\n<\/tr>\n<tr>\n<td>USD\/CNH<\/td>\n<td style=\"text-align: center;\">3<\/td>\n<td style=\"text-align: center;\">7,50 USD<\/td>\n<td style=\"text-align: center;\">Berechnet anhand der Swap-S\u00e4tze<\/td>\n<\/tr>\n<tr>\n<td>NZD\/USD<\/td>\n<td style=\"text-align: center;\">3<\/td>\n<td style=\"text-align: center;\">7,50 USD<\/td>\n<td style=\"text-align: center;\">Berechnet anhand der Swap-S\u00e4tze<\/td>\n<\/tr>\n<tr>\n<td>Spot-Metalle<\/td>\n<td style=\"text-align: center;\">4<\/td>\n<td style=\"text-align: center;\">7,50 USD<\/td>\n<td style=\"text-align: center;\">Berechnet anhand der Swap-S\u00e4tze<\/td>\n<\/tr>\n<tr>\n<td>Spot-Metalle (Palladium, Platin)<\/td>\n<td style=\"text-align: center;\">3<\/td>\n<td style=\"text-align: center;\">7,50 USD<\/td>\n<td style=\"text-align: center;\">Berechnet anhand der Swap-S\u00e4tze<\/td>\n<\/tr>\n<tr>\n<td>Energie Spot<\/td>\n<td style=\"text-align: center;\">1<\/td>\n<td style=\"text-align: center;\">25 USD<\/td>\n<td style=\"text-align: center;\">Berechnet anhand der Swap-S\u00e4tze<\/td>\n<\/tr>\n<tr>\n<td>Krypto<\/td>\n<td style=\"text-align: center;\">3<\/td>\n<td style=\"text-align: center;\">&#8211;<\/td>\n<td style=\"text-align: center;\">Berechnet anhand der Swap-S\u00e4tze<\/td>\n<\/tr>\n<\/tbody>\n<\/table>\n<\/div>\n<h2 id=\"other\"><i class=\"ico ico--administration-fees\"><\/i>Sonstige Kosten bei FxPro<\/h2>\n<p>Zus\u00e4tzlich zu den Trading-Geb\u00fchren k\u00f6nnen bei FxPro auch einige sonstige Kosten anfallen. Allerdings konnten wir kaum zus\u00e4tzliche Geb\u00fchren feststellen, die Trader au\u00dferhalb der <strong>Spreads und Provisionen im Zusammenhang mit den FxPro-Konten<\/strong> zahlen m\u00fcssen. Zun\u00e4chst einmal ist die Kontoer\u00f6ffnung bei diesem Broker vollst\u00e4ndig kostenlos. Selbst wenn \u00fcber einen Zeitraum von mehr als drei Monaten keine Trading-Aktivit\u00e4t stattfindet, wird <strong>keine Inaktivit\u00e4tsgeb\u00fchr berechnet<\/strong>. Stattdessen deaktiviert der Broker dein FxPro-Konto. Dieses kann jederzeit wieder aktiviert werden, indem du den Support des Brokers kontaktierst.<\/p>\n<p>Die Einzahlung auf dein FxPro-Konto ist \u00fcber mehrere Zahlungsmethoden m\u00f6glich. Unabh\u00e4ngig von der gew\u00e4hlten Einzahlungsmethode erhebt der Broker keine Geb\u00fchren. In der Regel sind auch Auszahlungen bei FxPro kostenlos. Wenn jedoch keine Trading-Aktivit\u00e4t stattgefunden hat und der Trader eine Auszahlung \u00fcber Skrill oder Neteller anfordert, <strong>wird eine Geb\u00fchr von 2,6 % beziehungsweise 2 %<\/strong> vom Guthaben abgezogen.<\/p>\n<p>F\u00fcr Trader, die ihr Trading weiter optimieren m\u00f6chten und ihre Expert Advisors (EAs) aktiv halten wollen, ohne eine der Trading-Plattformen des Brokers ge\u00f6ffnet zu haben, steht ein VPS-Service zur Verf\u00fcgung. Dieser Service wird von BeeksFX bereitgestellt und erfordert <strong>ein kostenpflichtiges Abonnement von 30 USD pro Monat<\/strong>. Inhaber eines Premium-Kontos k\u00f6nnen den FxPro VPS-Service jedoch kostenlos nutzen.<\/p>\n<div class=\"table-responsive\">\n<table class=\"table\">\n<thead>\n<tr>\n<th colspan=\"2\">Sonstige Kosten bei FxPro<\/th>\n<\/tr>\n<\/thead>\n<tbody>\n<tr>\n<td>Einzahlungsgeb\u00fchren<\/td>\n<td>Kostenlos.<\/td>\n<\/tr>\n<tr>\n<td>Auszahlungsgeb\u00fchren<\/td>\n<td>\n<ul class=\"list-checks\">\n<li>Neteller: 2,6 % wenn der Nutzer nicht getradet hat.<\/li>\n<li>Skrill: 2 % wenn der Nutzer nicht getradet hat.<\/li>\n<li>PayPal: 2,7 % wenn der Nutzer nicht getradet hat.<\/li>\n<\/ul>\n<\/td>\n<\/tr>\n<tr>\n<td>Geb\u00fchr f\u00fcr Kontoer\u00f6ffnung<\/td>\n<td>Kostenlos.<\/td>\n<\/tr>\n<tr>\n<td>Inaktivit\u00e4tsgeb\u00fchr<\/td>\n<td>Keine.<\/td>\n<\/tr>\n<tr>\n<td>VPS-Hosting-Abonnement<\/td>\n<td>\n<ul class=\"list-checks\">\n<li>30 USD pro Monat f\u00fcr Trader.<\/li>\n<li>Kostenlos f\u00fcr Inhaber eines Premium-Kontos.<\/li>\n<\/ul>\n<\/td>\n<\/tr>\n<\/tbody>\n<\/table>\n<\/div>\n<h2 id=\"conclusion\"><i class=\"ico ico--pen\"><\/i>Fazit <\/h2>\n<p>Wenn du mit FxPro traden m\u00f6chtest, kannst du zwischen drei verschiedenen Kontovarianten w\u00e4hlen, die jeweils vergleichsweise g\u00fcnstige Trading-Bedingungen bieten. Ganz gleich, ob du lieber auf Provisionen verzichten m\u00f6chtest oder engere Spreads f\u00fcr <strong>dich besser geeignet sind \u2013 du hast mehrere Kontomodelle<\/strong>, die zu deinem Trading-Stil passen k\u00f6nnen.<\/p>\n<p>Trader k\u00f6nnen ihre Trading-Kosten bei FxPro nicht nur durch verschiedene Kontotypen reduzieren, sondern auch ihre Ein- und Auszahlungen <strong>ohne zus\u00e4tzliche Geb\u00fchren<\/strong> verwalten. Au\u00dferdem steht swap-freies Trading zur Verf\u00fcgung. Dabei profitierst du bei vielen handelbaren Instrumenten von gro\u00dfz\u00fcgigen Kulanzfristen sowie fairen Rollover-Geb\u00fchren, sobald die swap-freie Haltezeit endet. All das zeigt, dass FxPro ein Broker ist, der g\u00fcnstige Trading-Bedingungen f\u00fcr viele verschiedene Trader bietet.<\/p>\n","protected":false},"excerpt":{"rendered":"<p>Bevor du mit dem Trading bei FxPro beginnst, empfehlen wir dir, dich zun\u00e4chst mit dem Geb\u00fchrenmodell des Brokers vertraut zu machen. So bekommst du ein klares Bild davon, welche tats\u00e4chlichen Trading-Kosten bei FxPro entstehen k\u00f6nnen. Damit du besser einsch\u00e4tzen kannst, welches Budget f\u00fcr deine Trading-Sitzung geeignet ist oder welches Konto das beste Preis-Leistungs-Verh\u00e4ltnis f\u00fcr deine [&hellip;]<\/p>\n","protected":false},"author":2,"featured_media":0,"parent":21413,"menu_order":0,"comment_status":"closed","ping_status":"closed","template":"templates\/review.php","meta":{"footnotes":""},"class_list":["post-59644","page","type-page","status-publish","hentry"],"aioseo_notices":[],"_links":{"self":[{"href":"https:\/\/www.bestbrokers.com\/de\/wp-json\/wp\/v2\/pages\/59644","targetHints":{"allow":["GET"]}}],"collection":[{"href":"https:\/\/www.bestbrokers.com\/de\/wp-json\/wp\/v2\/pages"}],"about":[{"href":"https:\/\/www.bestbrokers.com\/de\/wp-json\/wp\/v2\/types\/page"}],"author":[{"embeddable":true,"href":"https:\/\/www.bestbrokers.com\/de\/wp-json\/wp\/v2\/users\/2"}],"replies":[{"embeddable":true,"href":"https:\/\/www.bestbrokers.com\/de\/wp-json\/wp\/v2\/comments?post=59644"}],"version-history":[{"count":9,"href":"https:\/\/www.bestbrokers.com\/de\/wp-json\/wp\/v2\/pages\/59644\/revisions"}],"predecessor-version":[{"id":82885,"href":"https:\/\/www.bestbrokers.com\/de\/wp-json\/wp\/v2\/pages\/59644\/revisions\/82885"}],"up":[{"embeddable":true,"href":"https:\/\/www.bestbrokers.com\/de\/wp-json\/wp\/v2\/pages\/21413"}],"wp:attachment":[{"href":"https:\/\/www.bestbrokers.com\/de\/wp-json\/wp\/v2\/media?parent=59644"}],"curies":[{"name":"wp","href":"https:\/\/api.w.org\/{rel}","templated":true}]}}