{"id":59645,"date":"2025-03-19T09:36:55","date_gmt":"2025-03-19T09:36:55","guid":{"rendered":"https:\/\/www.bestbrokers.com\/?page_id=59645"},"modified":"2026-03-13T12:18:56","modified_gmt":"2026-03-13T12:18:56","slug":"spreads-fees-and-commissions","status":"publish","type":"page","link":"https:\/\/www.bestbrokers.com\/de\/reviews\/cmc-markets\/spreads-fees-and-commissions\/","title":{"rendered":"Spreads, Geb\u00fchren und Kommissionen bei CMC Markets"},"content":{"rendered":"<div class=\"author-line\">Geschrieben von <span class=\"author\">Zornitsa Stefanova<div class=\"author-sub-box\"><div class=\"author-avatar\"><img decoding=\"async\" src=\"https:\/\/www.bestbrokers.com\/wp-content\/uploads\/2024\/09\/zornica-stefanova.jpeg\" \/><\/div><div class=\"author-info-wrapper\"><div class=\"author-name\"><a href=\"https:\/\/www.bestbrokers.com\/de\/authors\/zornitsa-stefanova\/\">Zornitsa Stefanova<\/a><\/div><div class=\"author-bio\">Zornitsa Stefanova ist eine erfahrene Forex- und Kryptoanalystin. Sie behandelt auch verschiedene finanzielle Themen wie Aktienhandel und Renteninvestitionen.<\/div><\/div><\/div><\/span>,  <a rel=\"nofollow\" target=\"_blank\" href=\"https:\/\/www.linkedin.com\/in\/zornica-stefanova-73ab39287\/\"><img decoding=\"async\" class=\"social-icon\" src=\"https:\/\/www.bestbrokers.com\/wp-content\/themes\/best-brokers\/assets\/images\/icon-linkedin.svg\" data-no-lazy=\"1\"><\/a> <span class=\"sep\">|<\/span> \u00dcbersetzt von <span class=\"author\">Marcus Jungnickel<div class=\"author-sub-box\"><div class=\"author-avatar\"><img decoding=\"async\" src=\"https:\/\/www.bestbrokers.com\/wp-content\/uploads\/2025\/02\/Marcus-Jungnickel-150x150-2.webp\" \/><\/div><div class=\"author-info-wrapper\"><div class=\"author-name\"><a href=\"https:\/\/www.bestbrokers.com\/de\/authors\/marcus-jungnickel\/\">Marcus Jungnickel<\/a><\/div><div class=\"author-bio\">Marcus Jungnickel ist als \u00dcbersetzer und Redakteur auf die Fachgebiete Finanzen und Wirtschaft spezialisiert. Er betreut die deutsche Version von BestBrokers.com.<\/div><\/div><\/div><\/span>, <a rel=\"nofollow\" target=\"_blank\" href=\"https:\/\/www.linkedin.com\/in\/marcus-jungnickel-3545b3154\/\"><img decoding=\"async\" class=\"social-icon\" src=\"https:\/\/www.bestbrokers.com\/wp-content\/themes\/best-brokers\/assets\/images\/icon-linkedin.svg\" data-no-lazy=\"1\"><\/a> <span class=\"sep\">|<\/span> Aktualisiert: <time class=\"entry-date\" datetime=\"2026-03-13T12:18:56+00:00\">M\u00e4rz 13, 2026<\/time><\/div>\n<p>CMC Markets ist ein Broker mit Hauptsitz im Vereinigten K\u00f6nigreich und bereits seit \u00fcber drei\u00dfig Jahren am Markt aktiv. Das Unternehmen wurde 1989 gegr\u00fcndet und z\u00e4hlt bis heute f\u00fcr viele Trader weltweit zu den bevorzugten Anbietern. Besonders gesch\u00e4tzt werden die gro\u00dfe Auswahl an handelbaren Instrumenten, die verschiedenen Plattformen sowie die insgesamt moderaten Trading-Kosten.<\/p>\n<p>Die Spreads k\u00f6nnen unter 1 Pip liegen, und bei einem der Kontotypen betr\u00e4gt die Kommission lediglich 2,50 USD pro Lot und Seite. Mehr als 12.000 handelbare Instrumente stehen auf der leistungsstarken Webplattform und in der App von CMC Markets zur Verf\u00fcgung sowie auf beliebten Drittanbieter-Plattformen wie MT4, MT5 und TradingView. Weitere Informationen zu den Kosten bei CMC Markets findest du im folgenden Abschnitt.<\/p>\n<h2 id=\"costs\"><i class=\"ico ico--money-supply\"><\/i>Trading-Kosten bei CMC Markets<\/h2>\n<p>Beim Handel mit W\u00e4hrungen z\u00e4hlen vor allem zwei Kostenfaktoren: Spreads und Kommissionen. CMC Markets bietet die M\u00f6glichkeit, ein Standard-CFD-Konto zu er\u00f6ffnen, bei dem s\u00e4mtliche Trading-Kosten bereits im Spread enthalten sind. Alternativ steht der Kontotyp FX Active zur Verf\u00fcgung, der sich besonders f\u00fcr Trader eignet, die Zugang zu niedrigeren Spreads w\u00fcnschen. FX Active Konten sind bei den in Gro\u00dfbritannien, Kanada und Bermuda regulierten Gesellschaften von CMC Markets verf\u00fcgbar.<\/p>\n<h3><i class=\"ico ico--pro-ecn-account\"><\/i>Trading-Kosten beim Standard-CFD-Konto<\/h3>\n<p>Beim Standard-CFD-Konto von CMC Markets profitieren Trader von vergleichsweise wettbewerbsf\u00e4higen Spreads. Beim W\u00e4hrungspaar EUR\/USD k\u00f6nnen die Spreads beispielsweise bereits bei 0,5 Pips beginnen. Bei einem solchen Spread entstehen pro Standard-Lot Kosten von 5 USD, w\u00e4hrend ein Micro-Lot lediglich etwa 0,05 USD kostet.<\/p>\n<p>Um die Spread-Kosten eines Standard-Lots zu berechnen, musst du den Spread-Wert bei einem Konto mit USD-Basisw\u00e4hrung mit 100.000 multiplizieren.<\/p>\n<p>0,00005 x 100.000 = 5 USD.<\/p>\n<p>Beim Micro-Lot funktioniert die Berechnung \u00e4hnlich, allerdings wird der Spread hier lediglich mit 1.000 multipliziert. Die folgende \u00dcbersicht zeigt die minimalen Kosten einiger der beliebtesten W\u00e4hrungspaare bei CMC Markets:<\/p>\n<div class=\"table-responsive\">\n<table class=\"table table--colorful\">\n<thead>\n<tr>\n<th colspan=\"5\" style=\"background-color: #fff;\">Minimale Spread-Kosten beim Standard-CFD-Konto<\/th>\n<\/tr>\n<tr>\n<th>W\u00e4hrungspaar<\/th>\n<th>Spreads<\/th>\n<th>Kommission pro Lot und Seite<\/th>\n<th>Kosten pro Micro-Lot<\/th>\n<th>Kosten pro Standard-Lot<\/th>\n<\/tr>\n<\/thead>\n<tbody>\n<tr>\n<td>AUD\/USD<\/td>\n<td style=\"text-align: center;\">0,6<\/td>\n<td style=\"text-align: center;\">0 USD<\/td>\n<td style=\"text-align: center;\">0,06 USD<\/td>\n<td style=\"text-align: center;\">6 USD<\/td>\n<\/tr>\n<tr>\n<td>EUR\/GBP<\/td>\n<td style=\"text-align: center;\">0,7<\/td>\n<td style=\"text-align: center;\">0 USD<\/td>\n<td style=\"text-align: center;\">0,094 USD<\/td>\n<td style=\"text-align: center;\">9,41 USD<\/td>\n<\/tr>\n<tr>\n<td>EUR\/JPY<\/td>\n<td style=\"text-align: center;\">1,2<\/td>\n<td style=\"text-align: center;\">0 USD<\/td>\n<td style=\"text-align: center;\">0,081 USD<\/td>\n<td style=\"text-align: center;\">8,11 USD<\/td>\n<\/tr>\n<tr>\n<td>EUR\/USD<\/td>\n<td style=\"text-align: center;\">0,5<\/td>\n<td style=\"text-align: center;\">0 USD<\/td>\n<td style=\"text-align: center;\">0,05 USD<\/td>\n<td style=\"text-align: center;\">5 USD<\/td>\n<\/tr>\n<tr>\n<td>GBP\/JPY<\/td>\n<td style=\"text-align: center;\">1,7<\/td>\n<td style=\"text-align: center;\">0 USD<\/td>\n<td style=\"text-align: center;\">0,115 USD<\/td>\n<td style=\"text-align: center;\">11,49 USD<\/td>\n<\/tr>\n<tr>\n<td>GBP\/USD<\/td>\n<td style=\"text-align: center;\">0,9<\/td>\n<td style=\"text-align: center;\">0 USD<\/td>\n<td style=\"text-align: center;\">0,09 USD<\/td>\n<td style=\"text-align: center;\">9 USD<\/td>\n<\/tr>\n<tr>\n<td>NZD\/USD<\/td>\n<td style=\"text-align: center;\">1,7<\/td>\n<td style=\"text-align: center;\">0 USD<\/td>\n<td style=\"text-align: center;\">0,17 USD<\/td>\n<td style=\"text-align: center;\">17 USD<\/td>\n<\/tr>\n<tr>\n<td>USD\/CAD<\/td>\n<td style=\"text-align: center;\">1,3<\/td>\n<td style=\"text-align: center;\">0 USD<\/td>\n<td style=\"text-align: center;\">0,094 USD<\/td>\n<td style=\"text-align: center;\">9,39 USD<\/td>\n<\/tr>\n<tr>\n<td>USD\/CNH<\/td>\n<td style=\"text-align: center;\">2<\/td>\n<td style=\"text-align: center;\">0 USD<\/td>\n<td style=\"text-align: center;\">0,028 USD<\/td>\n<td style=\"text-align: center;\">2,79 USD<\/td>\n<\/tr>\n<tr>\n<td>USD\/JPY<\/td>\n<td style=\"text-align: center;\">0,7<\/td>\n<td style=\"text-align: center;\">0 USD<\/td>\n<td style=\"text-align: center;\">0,047 USD<\/td>\n<td style=\"text-align: center;\">4,73 USD<\/td>\n<\/tr>\n<\/tbody>\n<\/table>\n<\/div>\n<h3><i class=\"ico ico--account\"><\/i>FX Active Trading-Kosten<\/h3>\n<p>Wenn du mit niedrigeren Spreads handeln m\u00f6chtest, lohnt sich ein Blick auf das FX Active Konto von CMC Markets. Bei diesem Kontotyp fallen Kommissionen an. Die gesamten Kosten pro Standard-Lot und Seite ergeben sich daher aus der Summe der Spread-Kosten und der Kommission.<\/p>\n<p>Da bei W\u00e4hrungspaaren wie EUR\/USD, GBP\/USD, AUD\/USD, USD\/CAD, USD\/JPY und NZD\/USD die Spreads bis auf 0 Pips sinken k\u00f6nnen, entspricht die minimale Kostenbelastung in diesem Fall ausschlie\u00dflich der Kommission:<\/p>\n<div class=\"table-responsive\">\n<table class=\"table table--colorful\">\n<thead>\n<tr>\n<th colspan=\"5\" style=\"background-color: #fff;\">Minimale Spread-Kosten beim FX Active Konto<\/th>\n<\/tr>\n<tr>\n<th>W\u00e4hrungspaar<\/th>\n<th>Spreads<\/th>\n<th>Kommission pro Lot und Seite<\/th>\n<th>Kosten pro Micro-Lot<\/th>\n<th>Kosten pro Standard-Lot<\/th>\n<\/tr>\n<\/thead>\n<tbody>\n<tr>\n<td>AUD\/USD<\/td>\n<td style=\"text-align: center;\">0<\/td>\n<td style=\"text-align: center;\">0,025 USD \/ 2,50 USD<\/td>\n<td style=\"text-align: center;\">0,025 USD<\/td>\n<td style=\"text-align: center;\">2,50 USD<\/td>\n<\/tr>\n<tr>\n<td>EUR\/GBP<\/td>\n<td style=\"text-align: center;\">0,5<\/td>\n<td style=\"text-align: center;\">0,025 USD \/ 2,50 USD<\/td>\n<td style=\"text-align: center;\">0,092 USD<\/td>\n<td style=\"text-align: center;\">9,22 USD<\/td>\n<\/tr>\n<tr>\n<td>EUR\/JPY<\/td>\n<td style=\"text-align: center;\">0,9<\/td>\n<td style=\"text-align: center;\">0,025 USD \/ 2,50 USD<\/td>\n<td style=\"text-align: center;\">0,086 USD<\/td>\n<td style=\"text-align: center;\">8,58 USD<\/td>\n<\/tr>\n<tr>\n<td>EUR\/USD<\/td>\n<td style=\"text-align: center;\">0<\/td>\n<td style=\"text-align: center;\">0,025 USD \/ 2,50 USD<\/td>\n<td style=\"text-align: center;\">0,025 USD<\/td>\n<td style=\"text-align: center;\">2,50 USD<\/td>\n<\/tr>\n<tr>\n<td>GBP\/JPY<\/td>\n<td style=\"text-align: center;\">1,35<\/td>\n<td style=\"text-align: center;\">0,025 USD \/ 2,50 USD<\/td>\n<td style=\"text-align: center;\">0,116 USD<\/td>\n<td style=\"text-align: center;\">11,63 USD<\/td>\n<\/tr>\n<tr>\n<td>GBP\/USD<\/td>\n<td style=\"text-align: center;\">0<\/td>\n<td style=\"text-align: center;\">0,025 USD \/ 2,50 USD<\/td>\n<td style=\"text-align: center;\">0,025 USD<\/td>\n<td style=\"text-align: center;\">2,50 USD<\/td>\n<\/tr>\n<tr>\n<td>NZD\/USD<\/td>\n<td style=\"text-align: center;\">0<\/td>\n<td style=\"text-align: center;\">0,025 USD \/ 2,50 USD<\/td>\n<td style=\"text-align: center;\">0,025 USD<\/td>\n<td style=\"text-align: center;\">2,50 USD<\/td>\n<\/tr>\n<tr>\n<td>USD\/CAD<\/td>\n<td style=\"text-align: center;\">0<\/td>\n<td style=\"text-align: center;\">0,025 USD \/ 2,50 USD<\/td>\n<td style=\"text-align: center;\">0,025 USD<\/td>\n<td style=\"text-align: center;\">2,50 USD<\/td>\n<\/tr>\n<tr>\n<td>USD\/CNH<\/td>\n<td style=\"text-align: center;\">1,5<\/td>\n<td style=\"text-align: center;\">0,025 USD \/ 2,50 USD<\/td>\n<td style=\"text-align: center;\">0,046 USD<\/td>\n<td style=\"text-align: center;\">4,59 USD<\/td>\n<\/tr>\n<tr>\n<td>USD\/JPY<\/td>\n<td style=\"text-align: center;\">0<\/td>\n<td style=\"text-align: center;\">0,025 USD \/ 2,50 USD<\/td>\n<td style=\"text-align: center;\">0,025 USD<\/td>\n<td style=\"text-align: center;\">2,50 USD<\/td>\n<\/tr>\n<\/tbody>\n<\/table>\n<\/div>\n<p>Wir sollten darauf hinweisen, dass der Kontotyp FX Active nicht bei allen CMC Markets Gesellschaften verf\u00fcgbar ist. Trader in den meisten Teilen Europas k\u00f6nnen beispielsweise nur zwischen einem CFD-Konto, einem MT4-Konto und einem Firmenkonto w\u00e4hlen, und ihre Forex-Spreads beginnen unabh\u00e4ngig von der gew\u00e4hlten Option ab 0,2 Pips. In einigen L\u00e4ndern steht zus\u00e4tzlich auch ein Spread-Betting-Konto zur Verf\u00fcgung. Die CMC Markets Gesellschaften, die FX Active Konten anbieten, stehen unter der Aufsicht der Finanzbeh\u00f6rden in L\u00e4ndern wie dem Vereinigten K\u00f6nigreich, Kanada oder Bermuda. Trader sollten au\u00dferdem ber\u00fccksichtigen, dass das FX Active Konto sowohl auf der hauseigenen Plattform des Brokers als auch auf der MetaTrader-4-Plattform verf\u00fcgbar ist.<\/p>\n<h2 id=\"overnight\"><i class=\"ico ico--clock\"><\/i>\u00dcbernacht-Finanzierungskosten bei CMC Markets<\/h2>\n<p>Wenn du deine Positionen \u00fcber Nacht offen h\u00e4ltst, k\u00f6nnen bei CMC Markets Swap-Geb\u00fchren anfallen. Diese basieren auf der Differenz zwischen den Zinss\u00e4tzen der jeweiligen W\u00e4hrungen. Hat die verkaufte W\u00e4hrung einen h\u00f6heren Zinssatz als die gekaufte, wird dir eine Geb\u00fchr berechnet. Entwickelt sich die Position hingegen zu deinen Gunsten und der Zinssatz der gekauften W\u00e4hrung liegt h\u00f6her als der der verkauften, f\u00e4llt der Swap-Satz positiv aus. In diesem Fall erh\u00e4ltst du Zinsen.<\/p>\n<p>Laut Angaben auf der Website von CMC Markets werden Swap-Geb\u00fchren t\u00e4glich um 5 Uhr New Yorker Zeit berechnet. Die hier gezeigten Beispielwerte wurden am 27. August 2025 ver\u00f6ffentlicht:<\/p>\n<div class=\"table-responsive\">\n<table class=\"table table--colorful\">\n<thead>\n<tr>\n<th colspan=\"7\" style=\"background-color: #fff;\">CMC Markets Swap-Geb\u00fchren (27. August 2025)<\/th>\n<\/tr>\n<tr>\n<th>W\u00e4hrungspaar<\/th>\n<th>Basisw\u00e4hrung<\/th>\n<th>Volumen in Lots<\/th>\n<th>Haltekosten Kauf (t\u00e4glich)<\/th>\n<th>Haltekosten Verkauf (t\u00e4glich)<\/th>\n<th>Haltekosten Kauf (j\u00e4hrlich)<\/th>\n<th>Haltekosten Verkauf (j\u00e4hrlich)<\/th>\n<\/tr>\n<\/thead>\n<tbody>\n<tr>\n<td>AUD\/USD<\/td>\n<td style=\"text-align: center;\">USD<\/td>\n<td style=\"text-align: center;\">1<\/td>\n<td style=\"text-align: center;\">-0,00434 %<\/td>\n<td style=\"text-align: center;\">0,00122 %<\/td>\n<td style=\"text-align: center;\">-1,58480 %<\/td>\n<td style=\"text-align: center;\">0,44530 %<\/td>\n<\/tr>\n<tr>\n<td>EUR\/GBP<\/td>\n<td style=\"text-align: center;\">USD<\/td>\n<td style=\"text-align: center;\">1<\/td>\n<td style=\"text-align: center;\">-0,00829 %<\/td>\n<td style=\"text-align: center;\">-0,00251 %<\/td>\n<td style=\"text-align: center;\">-3,02710 %<\/td>\n<td style=\"text-align: center;\">-0,91470 %<\/td>\n<\/tr>\n<tr>\n<td>EUR\/JPY<\/td>\n<td style=\"text-align: center;\">USD<\/td>\n<td style=\"text-align: center;\">1<\/td>\n<td style=\"text-align: center;\">0,00148 %<\/td>\n<td style=\"text-align: center;\">0,00716 %<\/td>\n<td style=\"text-align: center;\">0,53920 %<\/td>\n<td style=\"text-align: center;\">2,61400 %<\/td>\n<\/tr>\n<tr>\n<td>EUR\/USD<\/td>\n<td style=\"text-align: center;\">USD<\/td>\n<td style=\"text-align: center;\">1<\/td>\n<td style=\"text-align: center;\">-0,00942 %<\/td>\n<td style=\"text-align: center;\">-0,00384 %<\/td>\n<td style=\"text-align: center;\">-1,40220 %<\/td>\n<td style=\"text-align: center;\">-3,43940 %<\/td>\n<\/tr>\n<tr>\n<td>GBP\/JPY<\/td>\n<td style=\"text-align: center;\">USD<\/td>\n<td style=\"text-align: center;\">1<\/td>\n<td style=\"text-align: center;\">0,00837 %<\/td>\n<td style=\"text-align: center;\">0,01439 %<\/td>\n<td style=\"text-align: center;\">3,05590 %<\/td>\n<td style=\"text-align: center;\">5,25280 %<\/td>\n<\/tr>\n<tr>\n<td>GBP\/USD<\/td>\n<td style=\"text-align: center;\">USD<\/td>\n<td style=\"text-align: center;\">1<\/td>\n<td style=\"text-align: center;\">-0,00400 %<\/td>\n<td style=\"text-align: center;\">0,00156 %<\/td>\n<td style=\"text-align: center;\">0,56810 %<\/td>\n<td style=\"text-align: center;\">-1,45870 %<\/td>\n<\/tr>\n<tr>\n<td>NZD\/USD<\/td>\n<td style=\"text-align: center;\">USD<\/td>\n<td style=\"text-align: center;\">1<\/td>\n<td style=\"text-align: center;\">-0,00719 %<\/td>\n<td style=\"text-align: center;\">-0,00064 %<\/td>\n<td style=\"text-align: center;\">-2,62390 %<\/td>\n<td style=\"text-align: center;\">-0,23370 %<\/td>\n<\/tr>\n<tr>\n<td>USD\/CAD<\/td>\n<td style=\"text-align: center;\">USD<\/td>\n<td style=\"text-align: center;\">1<\/td>\n<td style=\"text-align: center;\">0,00184 %<\/td>\n<td style=\"text-align: center;\">0,00752 %<\/td>\n<td style=\"text-align: center;\">0,67240 %<\/td>\n<td style=\"text-align: center;\">2,74500 %<\/td>\n<\/tr>\n<tr>\n<td>USD\/CNH<\/td>\n<td style=\"text-align: center;\">USD<\/td>\n<td style=\"text-align: center;\">1<\/td>\n<td style=\"text-align: center;\">0,00578 %<\/td>\n<td style=\"text-align: center;\">0,01158 %<\/td>\n<td style=\"text-align: center;\">2,10820 %<\/td>\n<td style=\"text-align: center;\">4,22580 %<\/td>\n<\/tr>\n<tr>\n<td>USD\/JPY<\/td>\n<td style=\"text-align: center;\">USD<\/td>\n<td style=\"text-align: center;\">1<\/td>\n<td style=\"text-align: center;\">0,00813 %<\/td>\n<td style=\"text-align: center;\">0,01365 %<\/td>\n<td style=\"text-align: center;\">2,96820 %<\/td>\n<td style=\"text-align: center;\">4,98300 %<\/td>\n<\/tr>\n<\/tbody>\n<\/table>\n<\/div>\n<p>Wie du oben sehen kannst, zeigt CMC Markets sowohl die j\u00e4hrlichen als auch die t\u00e4glichen Swap-S\u00e4tze an. Die j\u00e4hrlichen Werte stellen im Grunde historische Daten dar, w\u00e4hrend sich die t\u00e4glichen S\u00e4tze regelm\u00e4\u00dfig \u00e4ndern k\u00f6nnen. Trader sollten daher jedes Mal den aktuellen Tageswert auf der Website von CMC Markets pr\u00fcfen, wenn sie erw\u00e4gen, eine Position \u00fcber Nacht offen zu halten.<\/p>\n<h2 id=\"swap\"><i class=\"ico ico--islamic-account\"><\/i>Swap-freie Trading-Kosten bei CMC Markets<\/h2>\n<p>Zum Zeitpunkt der Erstellung dieses Beitrags bietet keine der CMC Markets Gesellschaften swap-freie Konten an. Swap-S\u00e4tze sind grunds\u00e4tzlich \u00fcblich, wenn Forex-Positionen \u00fcber Nacht gehalten werden. Falls dies f\u00fcr dich ein Problem darstellt, ist CMC Markets m\u00f6glicherweise nicht die passende Wahl.<\/p>\n<h2 id=\"other\"><i class=\"ico ico--administration-fees\"><\/i>Sonstige Kosten bei CMC Markets<\/h2>\n<p>Neben den bisher besprochenen Kosten gibt es noch einige weitere Geb\u00fchren, die du ber\u00fccksichtigen solltest, bevor du ein Konto bei CMC Markets er\u00f6ffnest. Grunds\u00e4tzlich erhebt der Broker keine Geb\u00fchren f\u00fcr die Kontoer\u00f6ffnung, Einzahlungen oder Auszahlungen. Je nach Wohnsitz k\u00f6nnen jedoch Unterschiede auftreten. In Kanada k\u00f6nnen beispielsweise Ein- und Auszahlungen per Bank\u00fcberweisung mit einer Geb\u00fchr von 15 USD verbunden sein.<\/p>\n<p>Wenn du mit einem Virtual Private Server (VPS) handeln m\u00f6chtest, arbeitet CMC Markets mit Beeks als VPS-Anbieter zusammen. In der Regel f\u00e4llt f\u00fcr die Nutzung eines Beeks-Servers eine monatliche Geb\u00fchr zwischen 31 \u00a3 und 97 \u00a3 an, abh\u00e4ngig vom gew\u00e4hlten Tarif. Ein VPS kann jedoch kostenlos bereitgestellt werden, wenn du bei CMC Markets handelst und dein monatliches Trading-Volumen mindestens 15 Standard-Lots betr\u00e4gt. Zu den Vorteilen eines VPS geh\u00f6ren in der Regel sehr schnelle Orderausf\u00fchrungen, hohe Sicherheit, geringe Latenzzeiten sowie die M\u00f6glichkeit zum automatisierten Trading.<\/p>\n<p>Zu guter Letzt solltest du beachten, dass CMC Markets eine Inaktivit\u00e4tsgeb\u00fchr berechnen kann, wenn du dein Trading-Konto l\u00e4ngere Zeit nicht nutzt. Ein Konto gilt als inaktiv, wenn \u00fcber einen Zeitraum von 12 Monaten keine Trades ausgef\u00fchrt werden. Die H\u00f6he der Geb\u00fchr h\u00e4ngt von der jeweiligen CMC Markets Gesellschaft ab. Trader im Vereinigten K\u00f6nigreich zahlen beispielsweise 10 \u00a3 pro Monat, wenn ihr Konto inaktiv ist. In Singapur und Kanada betr\u00e4gt die Inaktivit\u00e4tsgeb\u00fchr 15 USD pro Monat. Trader in Europa, insbesondere diejenigen mit einem Konto bei der BaFin-lizenzierten CMC Markets Gesellschaft, m\u00fcssen hingegen keine Inaktivit\u00e4tsgeb\u00fchr zahlen.<\/p>\n<div class=\"table-responsive\">\n<table class=\"table\">\n<thead>\n<tr>\n<th colspan=\"2\">Kosten bei CMC Markets<\/th>\n<\/tr>\n<\/thead>\n<tbody>\n<tr>\n<td>Einzahlungsgeb\u00fchren<\/td>\n<td>Kostenlos.*<\/td>\n<\/tr>\n<tr>\n<td>Auszahlungsgeb\u00fchren<\/td>\n<td>Kostenlos.*<\/td>\n<\/tr>\n<tr>\n<td>Geb\u00fchren f\u00fcr die Kontoer\u00f6ffnung<\/td>\n<td>Kostenlos.<\/td>\n<\/tr>\n<tr>\n<td>Inaktivit\u00e4tsgeb\u00fchr<\/td>\n<td>15 USD \/ 10 \u00a3 monatlich** nach 12 Monaten Inaktivit\u00e4t.<\/td>\n<\/tr>\n<tr>\n<td>VPS-Hosting-Abonnement<\/td>\n<td>Monatliche Geb\u00fchr bei Beeks: 31 \u00a3 (Bronze), 55 \u00a3 (Silber), 97 \u00a3 (Gold).<\/td>\n<\/tr>\n<\/tbody>\n<\/table>\n<\/div>\n<p style=\"text-align: center; font-size: 13px;\"><em>* Geb\u00fchren k\u00f6nnen je nach Wohnsitz und Zahlungsmethode anfallen<\/em><\/p>\n<p style=\"text-align: center; font-size: 13px;\"><em>** Wird bei CMC Markets Germany GmbH nicht berechnet<\/em><\/p>\n<h2 id=\"conclusion\"><i class=\"ico ico--pen\"><\/i>Fazit <\/h2>\n<p>Viele Trader werden die Geb\u00fchrenstruktur von CMC Markets als vergleichsweise niedrig empfinden. In Kombination mit der Tatsache, dass dieser etablierte Broker \u00fcber regulatorische Zulassungen von Beh\u00f6rden wie der Bundesanstalt f\u00fcr Finanzdienstleistungsaufsicht (BaFin) in Deutschland und der Financial Conduct Authority (FCA) im Vereinigten K\u00f6nigreich verf\u00fcgt, ist CMC Markets f\u00fcr viele Forex-Trader eine attraktive Wahl.<\/p>\n<p>Solltest du beim Trading auf kostenbezogene Fragen sto\u00dfen oder Unterst\u00fctzung zu deinem pers\u00f6nlichen Trading-Konto ben\u00f6tigen, kannst du den Support von CMC Markets per E-Mail, Telefon oder Live-Chat kontaktieren. Das Support-Team steht Tradern rund um die Uhr an f\u00fcnf Tagen pro Woche zur Verf\u00fcgung.<\/p>\n","protected":false},"excerpt":{"rendered":"<p>CMC Markets ist ein Broker mit Hauptsitz im Vereinigten K\u00f6nigreich und bereits seit \u00fcber drei\u00dfig Jahren am Markt aktiv. Das Unternehmen wurde 1989 gegr\u00fcndet und z\u00e4hlt bis heute f\u00fcr viele Trader weltweit zu den bevorzugten Anbietern. Besonders gesch\u00e4tzt werden die gro\u00dfe Auswahl an handelbaren Instrumenten, die verschiedenen Plattformen sowie die insgesamt moderaten Trading-Kosten. Die Spreads [&hellip;]<\/p>\n","protected":false},"author":2,"featured_media":0,"parent":21406,"menu_order":0,"comment_status":"closed","ping_status":"closed","template":"templates\/review.php","meta":{"footnotes":""},"class_list":["post-59645","page","type-page","status-publish","hentry"],"aioseo_notices":[],"_links":{"self":[{"href":"https:\/\/www.bestbrokers.com\/de\/wp-json\/wp\/v2\/pages\/59645","targetHints":{"allow":["GET"]}}],"collection":[{"href":"https:\/\/www.bestbrokers.com\/de\/wp-json\/wp\/v2\/pages"}],"about":[{"href":"https:\/\/www.bestbrokers.com\/de\/wp-json\/wp\/v2\/types\/page"}],"author":[{"embeddable":true,"href":"https:\/\/www.bestbrokers.com\/de\/wp-json\/wp\/v2\/users\/2"}],"replies":[{"embeddable":true,"href":"https:\/\/www.bestbrokers.com\/de\/wp-json\/wp\/v2\/comments?post=59645"}],"version-history":[{"count":8,"href":"https:\/\/www.bestbrokers.com\/de\/wp-json\/wp\/v2\/pages\/59645\/revisions"}],"predecessor-version":[{"id":82886,"href":"https:\/\/www.bestbrokers.com\/de\/wp-json\/wp\/v2\/pages\/59645\/revisions\/82886"}],"up":[{"embeddable":true,"href":"https:\/\/www.bestbrokers.com\/de\/wp-json\/wp\/v2\/pages\/21406"}],"wp:attachment":[{"href":"https:\/\/www.bestbrokers.com\/de\/wp-json\/wp\/v2\/media?parent=59645"}],"curies":[{"name":"wp","href":"https:\/\/api.w.org\/{rel}","templated":true}]}}