{"id":59647,"date":"2025-03-19T09:36:55","date_gmt":"2025-03-19T09:36:55","guid":{"rendered":"https:\/\/www.bestbrokers.com\/?page_id=59647"},"modified":"2026-03-13T12:34:05","modified_gmt":"2026-03-13T12:34:05","slug":"account-opening","status":"publish","type":"page","link":"https:\/\/www.bestbrokers.com\/de\/reviews\/fp-markets\/account-opening\/","title":{"rendered":"So er\u00f6ffnen Sie ein Konto bei FP Markets"},"content":{"rendered":"<div class=\"author-line\">Geschrieben von <span class=\"author\">Zornitsa Stefanova<div class=\"author-sub-box\"><div class=\"author-avatar\"><img decoding=\"async\" src=\"https:\/\/www.bestbrokers.com\/wp-content\/uploads\/2024\/09\/zornica-stefanova.jpeg\" \/><\/div><div class=\"author-info-wrapper\"><div class=\"author-name\"><a href=\"https:\/\/www.bestbrokers.com\/de\/authors\/zornitsa-stefanova\/\">Zornitsa Stefanova<\/a><\/div><div class=\"author-bio\">Zornitsa Stefanova ist eine erfahrene Forex- und Kryptoanalystin. Sie behandelt auch verschiedene finanzielle Themen wie Aktienhandel und Renteninvestitionen.<\/div><\/div><\/div><\/span>,  <a rel=\"nofollow\" target=\"_blank\" href=\"https:\/\/www.linkedin.com\/in\/zornica-stefanova-73ab39287\/\"><img decoding=\"async\" class=\"social-icon\" src=\"https:\/\/www.bestbrokers.com\/wp-content\/themes\/best-brokers\/assets\/images\/icon-linkedin.svg\" data-no-lazy=\"1\"><\/a> <span class=\"sep\">|<\/span> \u00dcbersetzt von <span class=\"author\">Marcus Jungnickel<div class=\"author-sub-box\"><div class=\"author-avatar\"><img decoding=\"async\" src=\"https:\/\/www.bestbrokers.com\/wp-content\/uploads\/2025\/02\/Marcus-Jungnickel-150x150-2.webp\" \/><\/div><div class=\"author-info-wrapper\"><div class=\"author-name\"><a href=\"https:\/\/www.bestbrokers.com\/de\/authors\/marcus-jungnickel\/\">Marcus Jungnickel<\/a><\/div><div class=\"author-bio\">Marcus Jungnickel ist als \u00dcbersetzer und Redakteur auf die Fachgebiete Finanzen und Wirtschaft spezialisiert. Er betreut die deutsche Version von BestBrokers.com.<\/div><\/div><\/div><\/span>, <a rel=\"nofollow\" target=\"_blank\" href=\"https:\/\/www.linkedin.com\/in\/marcus-jungnickel-3545b3154\/\"><img decoding=\"async\" class=\"social-icon\" src=\"https:\/\/www.bestbrokers.com\/wp-content\/themes\/best-brokers\/assets\/images\/icon-linkedin.svg\" data-no-lazy=\"1\"><\/a> <span class=\"sep\">|<\/span> Aktualisiert: <time class=\"entry-date\" datetime=\"2026-03-13T12:34:05+00:00\">M\u00e4rz 13, 2026<\/time><\/div>\n<h2 id=\"brief\"><i class=\"ico ico--assets\"><\/i>Kontotypen bei FP Markets im \u00dcberblick<\/h2>\n<p>FP Markets bietet zwei Live-Kontotypen an: Standard und Raw. Das erste Konto bietet Spreads ab 1,0 Pip und keine Kommissionen. Wenn du von niedrigeren Spreads profitieren m\u00f6chtest, ist der zweite Kontotyp eine ausgezeichnete Alternative. Trader mit einem Raw-Konto erhalten Spreads ab 0 Pips plus eine Kommission von 3 USD pro Seite.<\/p>\n<p>Die oben genannten Punkte stellen die wichtigsten Unterschiede zwischen Raw- und Standard-Konten dar. Erweiterte Drittanbieter-Plattformen wie MT4, MT5, TradingView und cTrader stehen Nutzern unabh\u00e4ngig vom gew\u00e4hlten Kontotyp zur Verf\u00fcgung. Trader k\u00f6nnen einen Hebel von bis zu 1:30 nutzen.<\/p>\n<p>Professionelle Trader, die mit einem h\u00f6heren Hebel handeln m\u00f6chten, m\u00fcssen zun\u00e4chst ein Konto f\u00fcr Privatanleger er\u00f6ffnen. Anschlie\u00dfend k\u00f6nnen sie ein professionelles Konto beantragen, bei dem der maximale Hebel im Forex-Handel bei 1:500 liegt. Eine Genehmigung wird erteilt, wenn ein Trader zwei der folgenden drei Kriterien erf\u00fcllt:<\/p>\n<ul class=\"list-checks\">\n<li>Der Trader hat in den vergangenen vier Quartalen mindestens 10 Transaktionen pro Quartal mit jeweils mindestens 1 Lot durchgef\u00fchrt.<\/li>\n<li>Der Trader verf\u00fcgt \u00fcber ein Portfolio von mehr als 500.000 \u20ac.<\/li>\n<li>Der Trader hat mindestens ein Jahr Berufserfahrung als Finanzexperte im Finanzsektor.<\/li>\n<\/ul>\n\n\t\t\t\t<div class=\"table\">\n\t\t\t\t\t<table class=\"table table-striped table-bordered\">\n\t\t\t\t\t\t<tr>\n\t\t\t\t\t\t\t<td style=\"width: 250px;\"><strong>Demokonto<\/strong><\/td>\n\t\t\t\t\t\t\t<td><img decoding=\"async\" width=\"24\" height=\"24\" src=\"\/wp-content\/themes\/best-brokers\/assets\/images\/ico-check.svg\" alt=\"Available\" \/><\/td>\n\t\t\t\t\t\t<\/tr>\n\t\t\t\t\t\t<tr>\n\t\t\t\t\t\t\t<td><strong>Islamic Account<\/strong><\/td>\n\t\t\t\t\t\t\t<td><img decoding=\"async\" width=\"24\" height=\"24\" src=\"\/wp-content\/themes\/best-brokers\/assets\/images\/ico-check.svg\" alt=\"Available\" \/><\/td>\n\t\t\t\t\t\t<\/tr>\n\t\t\t\t\t\t<tr>\n\t\t\t\t\t\t\t<td><strong>ECN-Konto<\/strong><\/td>\n\t\t\t\t\t\t\t<td><img decoding=\"async\" width=\"24\" height=\"24\" src=\"\/wp-content\/themes\/best-brokers\/assets\/images\/ico-check.svg\" alt=\"Available\" \/><\/td>\n\t\t\t\t\t\t<\/tr>\n\t\t\t\t\t\t<tr>\n\t\t\t\t\t\t\t<td><strong>Pro-Konto<\/strong><\/td>\n\t\t\t\t\t\t\t<td><img decoding=\"async\" width=\"24\" height=\"24\" src=\"\/wp-content\/themes\/best-brokers\/assets\/images\/ico-check.svg\" alt=\"Available\" \/><\/td>\n\t\t\t\t\t\t<\/tr>\n\t\t\t\t\t\t<tr>\n\t\t\t\t\t\t\t<td><strong>MAM Account<\/strong><\/td>\n\t\t\t\t\t\t\t<td><img decoding=\"async\" width=\"24\" height=\"24\" src=\"\/wp-content\/themes\/best-brokers\/assets\/images\/ico-check.svg\" alt=\"Available\" \/><\/td>\n\t\t\t\t\t\t<\/tr>\n\t\t\t\t\t<\/table>\n\t\t\t\t<\/div>\n\t\t\t\n<h2 id=\"deposit\"><i class=\"ico ico--money-supply\"><\/i>Mindesteinzahlung bei FP Markets<\/h2>\n<p>Bei den Kontotypen f\u00fcr Privatanleger von FP Markets verlangt der Broker keine unterschiedlichen Mindesteinzahlungen. Unabh\u00e4ngig davon, ob du ein Standard- oder Raw-Konto er\u00f6ffnest, musst du mindestens 50 USD \/ 50 \u20ac \/ 50 \u00a3 einzahlen. Damit ist FP Markets vergleichsweise zug\u00e4nglich, da viele andere Anbieter deutlich h\u00f6here Mindesteinzahlungen verlangen. Dennoch solltest du beachten, dass die minimale Positionsgr\u00f6\u00dfe bei FP Markets 0,01 Lot betr\u00e4gt, was 1.000 Einheiten der Basisw\u00e4hrung des Kontos entspricht.<\/p>\n<h2 id=\"instruments\"><i class=\"ico ico--common-technical-analysis-tools\"><\/i>Handelbare Instrumente bei FP Markets<\/h2>\n<p>Die Auswahl an Instrumenten bei FP Markets umfasst eine breite Palette an Differenzkontrakten (CFDs), beginnend mit Forex-CFDs. Im Forex-Handel stehen mehr als 60 W\u00e4hrungspaare zur Verf\u00fcgung, darunter bekannte Beispiele wie EUR\/USD, AUD\/CAD, USD\/JPY und EUR\/GBP. Beachte, dass der Handel mit W\u00e4hrungspaaren bei FP Markets \u00fcber CFDs erfolgt und daher keinen tats\u00e4chlichen Kauf der zugrunde liegenden Verm\u00f6genswerte beinhaltet.<\/p>\n<p>Aktien-CFDs sind ebenfalls ein wichtiger Bestandteil des Angebots, da FP Markets seinen Nutzern erm\u00f6glicht, CFDs auf Unternehmensaktien wie Apple Inc (AAPL.xnas), PayPal Holdings Inc (PYPL.xnas), Microsoft Corp (MSFT.xnas) und Tesla Inc (TSLA.xnas) zu handeln. Dar\u00fcber hinaus stehen \u00fcber ein Dutzend Indizes zur Verf\u00fcgung, darunter US500, CHINA50 und EURO50. Wenn du dich f\u00fcr Kryptow\u00e4hrungen interessierst, gibt es ebenfalls \u00fcber ein Dutzend Krypto-CFDs. Weitere handelbare Instrumente umfassen Metalle, Rohstoffe und ETFs.<\/p>\n<h2 id=\"steps\"><i class=\"ico ico--account\"><\/i>Kontoer\u00f6ffnung bei FP Markets \u2013 dauert etwa 2 Minuten (Demokonto)<\/h2>\n<ol class=\"list list--steps\">\n<li>\n\t\t\u00d6ffne die Startseite von FP Markets, klicke auf Quick Start und w\u00e4hle unter den Optionen f\u00fcr dein Konto Try a Demo aus.<\/p>\n<p>\t\t<img decoding=\"async\" src=\"https:\/\/www.bestbrokers.com\/wp-content\/uploads\/2025\/02\/fp-markets-registration-1.webp\" alt=\"FP Markets Registrierung Schritt 1\" class=\"aligncenter\">\n    <\/li>\n<li>\n\t\tGib deinen Namen und deine E-Mail-Adresse ein, w\u00e4hle dein Land aus und gib deine Telefonnummer an. W\u00e4hle anschlie\u00dfend MetaTrader4, MetaTrader5, cTrader oder TradingView. Erstelle ein sicheres Passwort, entscheide dich zwischen einem Raw- oder Standard-Demokonto und w\u00e4hle deine Kontow\u00e4hrung. Schlie\u00dfe danach das CAPTCHA ab und fahre mit dem n\u00e4chsten Schritt fort.<\/p>\n<p>\t\t<img decoding=\"async\" src=\"https:\/\/www.bestbrokers.com\/wp-content\/uploads\/2025\/02\/fp-markets-registration-2.webp\" alt=\"FP Markets Registrierung Schritt 2\" class=\"aligncenter\">\n    <\/li>\n<li>\n\t\tFP Markets fordert dich anschlie\u00dfend auf, deine bevorzugte Plattform mit den Login-Daten zu installieren, die dir per E-Mail zugesendet wurden. Alternativ steht dir auch die Web-Trader-Version zur Verf\u00fcgung. Sobald du die Plattform ge\u00f6ffnet hast, kannst du dich anmelden und dein Demokonto nutzen.<\/p>\n<p>\t\t<img decoding=\"async\" src=\"https:\/\/www.bestbrokers.com\/wp-content\/uploads\/2025\/02\/fp-markets-registration-3.webp\" alt=\"FP Markets Registrierung Schritt 3\" class=\"aligncenter\">\n    <\/li>\n<\/ol>\n<h2 id=\"live\"><i class=\"ico ico--approve\"><\/i>Kontoer\u00f6ffnung bei FP Markets \u2013 dauert etwa 10 Minuten (Live-Konto)<\/h2>\n<p>FP Markets hat den Registrierungsprozess bewusst m\u00f6glichst einfach und \u00fcbersichtlich gestaltet. Wenn du die folgenden Schritte befolgst, solltest du die Registrierung schnell abschlie\u00dfen k\u00f6nnen.<\/p>\n<ol class=\"list list--steps\">\n<li>\n<p>\t\tNavigiere zur Startseite von FP Markets und klicke auf die Schaltfl\u00e4che Open Live, um den Registrierungsprozess zu starten.<\/p>\n<p>\t\t<img decoding=\"async\" src=\"https:\/\/www.bestbrokers.com\/wp-content\/uploads\/2025\/02\/fp-markets-registration-4.webp\" alt=\"FP Markets Registrierung Schritt 4\" class=\"aligncenter\">\n<\/li>\n<li>\n\t\tAls N\u00e4chstes kannst du dich mit deiner E-Mail-Adresse, deinem Google-Konto oder deinem Facebook-Konto registrieren. Gib anschlie\u00dfend deinen Vor- und Nachnamen ein und w\u00e4hle im Abschnitt Kontotyp die Option Individual aus. Suche dein Wohnsitz-Land, w\u00e4hle deine Anrede, gib deine Telefonnummer an und best\u00e4tige, dass du 18 Jahre oder \u00e4lter bist. Klicke anschlie\u00dfend auf Save and Next.<\/p>\n<p>\t\t<img decoding=\"async\" src=\"https:\/\/www.bestbrokers.com\/wp-content\/uploads\/2025\/02\/fp-markets-registration-5.webp\" alt=\"FP Markets Registrierung Schritt 5\" class=\"aligncenter\">\n<\/li>\n<li>\n\t\tIm n\u00e4chsten Schritt musst du dem Broker pers\u00f6nliche Informationen bereitstellen, darunter dein Geburtsdatum und deinen Geburtsort, deine Reisepassnummer sowie deine Adresse. Es gibt au\u00dferdem mehrere Abschnitte zu steuerlichen Angaben und deinem Wohnsitz. Wenn du die Frage \u201eDo you have a tax identification number?\u201c mit \u201eYes\u201c beantwortest, erscheint ein Feld, in das du diese Nummer eintragen kannst. Wenn du \u201eNo\u201c ausw\u00e4hlst, musst du den Grund daf\u00fcr angeben. Danach gibst du Informationen zu deinem Besch\u00e4ftigungsstatus, deinem Jahreseinkommen und dem Betrag an, den du f\u00fcr das Trading einsetzen kannst. Abschlie\u00dfend gibst du an, warum du ein Konto bei FP Markets er\u00f6ffnen m\u00f6chtest, und f\u00e4hrst mit dem n\u00e4chsten Schritt fort.<\/p>\n<p>\t\t<img decoding=\"async\" src=\"https:\/\/www.bestbrokers.com\/wp-content\/uploads\/2025\/02\/fp-markets-registration-6.webp\" alt=\"FP Markets Registrierung Schritt 6\" class=\"aligncenter\">\n<\/li>\n<li>\n\t\tNun folgt die Konfiguration deines Kontos. W\u00e4hle deine bevorzugte Trading-Plattform und entscheide dich f\u00fcr den Kontotyp, den du nutzen m\u00f6chtest. Danach legst du deine Kontow\u00e4hrung fest und w\u00e4hlst die Einzahlungsmethode, die du verwenden m\u00f6chtest. Abschlie\u00dfend erstellst du ein sicheres Passwort. Anschlie\u00dfend kannst du mit dem n\u00e4chsten Schritt fortfahren.<\/p>\n<p>\t\t<img decoding=\"async\" src=\"https:\/\/www.bestbrokers.com\/wp-content\/uploads\/2025\/02\/fp-markets-registration-7.webp\" alt=\"FP Markets Registrierung Schritt 7\" class=\"aligncenter\">\n<\/li>\n<li>\n\t\tHier stellt dir FP Markets Fragen zu deiner Trading-Erfahrung, deinem Trading-Wissen und deiner Risikobereitschaft. Nachdem du alle Fragen beantwortet hast, klicke auf Accept and Submit.<\/p>\n<p>\t\t<img decoding=\"async\" src=\"https:\/\/www.bestbrokers.com\/wp-content\/uploads\/2025\/02\/fp-markets-registration-8.webp\" alt=\"FP Markets Registrierung Schritt 8\" class=\"aligncenter\">\n<\/li>\n<li>\n\t\tIm n\u00e4chsten Schritt liest du die Allgemeinen Gesch\u00e4ftsbedingungen sowie die Datenschutzrichtlinie von FP Markets. Nachdem du beide K\u00e4stchen aktiviert hast, kannst du auf Accept and Open Account klicken. FP Markets sendet dir anschlie\u00dfend eine E-Mail zur Best\u00e4tigung deiner erfolgreichen Registrierung. In dieser E-Mail findest du auch deine Kontodaten, darunter deine Trading-Kontonummer.<\/p>\n<p>\t\t<img decoding=\"async\" src=\"https:\/\/www.bestbrokers.com\/wp-content\/uploads\/2025\/02\/fp-markets-registration-9.webp\" alt=\"FP Markets Registrierung Schritt 9\" class=\"aligncenter\"><\/p>\n<\/li>\n<li>\n\t\tDu hast die Registrierung nun erfolgreich abgeschlossen. Beachte jedoch, dass du auf der Kontoseite aufgefordert wirst, den KYC-Prozess von FP Markets zu durchlaufen. Dabei musst du die erforderlichen Dokumente hochladen und auf die Freigabe warten. Dieser Schritt ist verpflichtend, da er von den Aufsichtsbeh\u00f6rden verlangt wird, die FP Markets Lizenzen erteilt haben.<\/p>\n<p>\t\t<img decoding=\"async\" src=\"https:\/\/www.bestbrokers.com\/wp-content\/uploads\/2025\/02\/fp-markets-registration-10.webp\" alt=\"FP Markets Registrierung Schritt 10\" class=\"aligncenter\"><\/p>\n<\/li>\n<\/ol>\n<h2 id=\"conclusion\"><i class=\"ico ico--pen\"><\/i>Fazit<\/h2>\n<p>Insgesamt ist der Registrierungsprozess bei FP Markets etwas umfangreicher, sollte jedoch nicht l\u00e4nger als etwa 10 Minuten dauern. Trader sollten sich au\u00dferdem nicht dar\u00fcber wundern, dass der Broker zahlreiche pers\u00f6nliche Angaben abfragt. Diese Vorgehensweise ist im Forex-Handel \u00fcblich, da Broker gesetzlich verpflichtet sind, die Vorschriften zur Geldw\u00e4schebek\u00e4mpfung (AML \u2013 Anti-Money Laundering) sowie zur Bek\u00e4mpfung der Terrorismusfinanzierung (CFT \u2013 Combating the Financing of Terrorism) einzuhalten. Das Team von FP Markets bem\u00fcht sich, deine Angaben innerhalb einer Stunde zu \u00fcberpr\u00fcfen, in manchen F\u00e4llen kann die Verifizierung jedoch bis zu einem Werktag dauern.<\/p>\n","protected":false},"excerpt":{"rendered":"<p>Kontotypen bei FP Markets im \u00dcberblick FP Markets bietet zwei Live-Kontotypen an: Standard und Raw. Das erste Konto bietet Spreads ab 1,0 Pip und keine Kommissionen. Wenn du von niedrigeren Spreads profitieren m\u00f6chtest, ist der zweite Kontotyp eine ausgezeichnete Alternative. Trader mit einem Raw-Konto erhalten Spreads ab 0 Pips plus eine Kommission von 3 USD [&hellip;]<\/p>\n","protected":false},"author":2,"featured_media":0,"parent":21683,"menu_order":0,"comment_status":"closed","ping_status":"closed","template":"templates\/review.php","meta":{"footnotes":""},"class_list":["post-59647","page","type-page","status-publish","hentry"],"aioseo_notices":[],"_links":{"self":[{"href":"https:\/\/www.bestbrokers.com\/de\/wp-json\/wp\/v2\/pages\/59647","targetHints":{"allow":["GET"]}}],"collection":[{"href":"https:\/\/www.bestbrokers.com\/de\/wp-json\/wp\/v2\/pages"}],"about":[{"href":"https:\/\/www.bestbrokers.com\/de\/wp-json\/wp\/v2\/types\/page"}],"author":[{"embeddable":true,"href":"https:\/\/www.bestbrokers.com\/de\/wp-json\/wp\/v2\/users\/2"}],"replies":[{"embeddable":true,"href":"https:\/\/www.bestbrokers.com\/de\/wp-json\/wp\/v2\/comments?post=59647"}],"version-history":[{"count":8,"href":"https:\/\/www.bestbrokers.com\/de\/wp-json\/wp\/v2\/pages\/59647\/revisions"}],"predecessor-version":[{"id":82888,"href":"https:\/\/www.bestbrokers.com\/de\/wp-json\/wp\/v2\/pages\/59647\/revisions\/82888"}],"up":[{"embeddable":true,"href":"https:\/\/www.bestbrokers.com\/de\/wp-json\/wp\/v2\/pages\/21683"}],"wp:attachment":[{"href":"https:\/\/www.bestbrokers.com\/de\/wp-json\/wp\/v2\/media?parent=59647"}],"curies":[{"name":"wp","href":"https:\/\/api.w.org\/{rel}","templated":true}]}}