{"id":59648,"date":"2025-03-19T09:36:55","date_gmt":"2025-03-19T09:36:55","guid":{"rendered":"https:\/\/www.bestbrokers.com\/?page_id=59648"},"modified":"2026-03-13T15:11:48","modified_gmt":"2026-03-13T15:11:48","slug":"account-opening","status":"publish","type":"page","link":"https:\/\/www.bestbrokers.com\/de\/reviews\/plus500\/account-opening\/","title":{"rendered":"So er\u00f6ffnen Sie ein Konto bei Plus500"},"content":{"rendered":"<div class=\"author-line\">Geschrieben von <span class=\"author\">Zornitsa Stefanova<div class=\"author-sub-box\"><div class=\"author-avatar\"><img decoding=\"async\" src=\"https:\/\/www.bestbrokers.com\/wp-content\/uploads\/2024\/09\/zornica-stefanova.jpeg\" \/><\/div><div class=\"author-info-wrapper\"><div class=\"author-name\"><a href=\"https:\/\/www.bestbrokers.com\/de\/authors\/zornitsa-stefanova\/\">Zornitsa Stefanova<\/a><\/div><div class=\"author-bio\">Zornitsa Stefanova ist eine erfahrene Forex- und Kryptoanalystin. Sie behandelt auch verschiedene finanzielle Themen wie Aktienhandel und Renteninvestitionen.<\/div><\/div><\/div><\/span>,  <a rel=\"nofollow\" target=\"_blank\" href=\"https:\/\/www.linkedin.com\/in\/zornica-stefanova-73ab39287\/\"><img decoding=\"async\" class=\"social-icon\" src=\"https:\/\/www.bestbrokers.com\/wp-content\/themes\/best-brokers\/assets\/images\/icon-linkedin.svg\" data-no-lazy=\"1\"><\/a> <span class=\"sep\">|<\/span> \u00dcbersetzt von <span class=\"author\">Marcus Jungnickel<div class=\"author-sub-box\"><div class=\"author-avatar\"><img decoding=\"async\" src=\"https:\/\/www.bestbrokers.com\/wp-content\/uploads\/2025\/02\/Marcus-Jungnickel-150x150-2.webp\" \/><\/div><div class=\"author-info-wrapper\"><div class=\"author-name\"><a href=\"https:\/\/www.bestbrokers.com\/de\/authors\/marcus-jungnickel\/\">Marcus Jungnickel<\/a><\/div><div class=\"author-bio\">Marcus Jungnickel ist als \u00dcbersetzer und Redakteur auf die Fachgebiete Finanzen und Wirtschaft spezialisiert. Er betreut die deutsche Version von BestBrokers.com.<\/div><\/div><\/div><\/span>, <a rel=\"nofollow\" target=\"_blank\" href=\"https:\/\/www.linkedin.com\/in\/marcus-jungnickel-3545b3154\/\"><img decoding=\"async\" class=\"social-icon\" src=\"https:\/\/www.bestbrokers.com\/wp-content\/themes\/best-brokers\/assets\/images\/icon-linkedin.svg\" data-no-lazy=\"1\"><\/a> <span class=\"sep\">|<\/span> Aktualisiert: <time class=\"entry-date\" datetime=\"2026-03-13T15:11:48+00:00\">M\u00e4rz 13, 2026<\/time><\/div>\n<h2 id=\"brief\"><i class=\"ico ico--assets\"><\/i>Kontotypen bei Plus500 im \u00dcberblick<\/h2>\n<p> Abh\u00e4ngig von deinen Trading-Zielen kannst du bei Plus500 entweder ein CFD-Konto f\u00fcr Privatanleger er\u00f6ffnen oder \u2013 sofern du die entsprechenden Voraussetzungen erf\u00fcllst \u2013 die Option f\u00fcr professionelle Trader w\u00e4hlen. Anstelle eines separaten Demokontos verf\u00fcgt die Plattform von Plus500 \u00fcber eine integrierte Demo-Trading-Funktion, die du jederzeit aktivieren kannst.<\/p>\n<p>F\u00fcr Privatanleger gilt ein maximaler Hebel von 1:30. Professionelle Konten bieten hingegen mehrere Vorteile, darunter einen h\u00f6heren maximalen Hebel von 1:300, Cashback-Pr\u00e4mien, eine verbesserte Orderausf\u00fchrung sowie Zugang zu einem Finanzombudsmann-Dienst. Professionelle Nutzer haben jedoch keinen Anspruch auf Schutz durch den Investor Compensation Fund (ICF).<\/p>\n<p>Um ein professionelles Konto zu erhalten, musst du mindestens zwei der folgenden drei Kriterien erf\u00fcllen:<\/p>\n<ul class=\"list-checks\">\n<li>Ausf\u00fchrung von mindestens 10 gr\u00f6\u00dferen Transaktionen pro Quartal (in den vergangenen vier Quartalen).<\/li>\n<li>Ein Finanzportfolio von \u00fcber 500.000 \u20ac.<\/li>\n<li>Mindestens 1 Jahr Berufserfahrung im Finanzsektor.<\/li>\n<\/ul>\n\n\t\t\t\t<div class=\"table\">\n\t\t\t\t\t<table class=\"table table-striped table-bordered\">\n\t\t\t\t\t\t<tr>\n\t\t\t\t\t\t\t<td style=\"width: 250px;\"><strong>Demokonto<\/strong><\/td>\n\t\t\t\t\t\t\t<td><img decoding=\"async\" width=\"24\" height=\"24\" src=\"\/wp-content\/themes\/best-brokers\/assets\/images\/ico-check.svg\" alt=\"Available\" \/><\/td>\n\t\t\t\t\t\t<\/tr>\n\t\t\t\t\t\t<tr>\n\t\t\t\t\t\t\t<td><strong>Islamic Account<\/strong><\/td>\n\t\t\t\t\t\t\t<td><img decoding=\"async\" width=\"24\" height=\"24\" src=\"\/wp-content\/themes\/best-brokers\/assets\/images\/ico-xmark.svg\" alt=\"Not Available\" \/><\/td>\n\t\t\t\t\t\t<\/tr>\n\t\t\t\t\t\t<tr>\n\t\t\t\t\t\t\t<td><strong>ECN-Konto<\/strong><\/td>\n\t\t\t\t\t\t\t<td><img decoding=\"async\" width=\"24\" height=\"24\" src=\"\/wp-content\/themes\/best-brokers\/assets\/images\/ico-xmark.svg\" alt=\"Not Available\" \/><\/td>\n\t\t\t\t\t\t<\/tr>\n\t\t\t\t\t\t<tr>\n\t\t\t\t\t\t\t<td><strong>Pro-Konto<\/strong><\/td>\n\t\t\t\t\t\t\t<td><img decoding=\"async\" width=\"24\" height=\"24\" src=\"\/wp-content\/themes\/best-brokers\/assets\/images\/ico-check.svg\" alt=\"Available\" \/><\/td>\n\t\t\t\t\t\t<\/tr>\n\t\t\t\t\t\t<tr>\n\t\t\t\t\t\t\t<td><strong>MAM Account<\/strong><\/td>\n\t\t\t\t\t\t\t<td><img decoding=\"async\" width=\"24\" height=\"24\" src=\"\/wp-content\/themes\/best-brokers\/assets\/images\/ico-xmark.svg\" alt=\"Not Available\" \/><\/td>\n\t\t\t\t\t\t<\/tr>\n\t\t\t\t\t<\/table>\n\t\t\t\t<\/div>\n\t\t\t\n<h2 id=\"deposit\"><i class=\"ico ico--money-supply\"><\/i>Mindesteinzahlung bei Plus500<\/h2>\n<p> Die Mindesteinzahlung bei Plus500 betr\u00e4gt 100 USD oder 100 \u20ac. W\u00e4hrend es Broker gibt, die eine Mindesteinzahlung von 250 USD oder 250 \u20ac oder sogar mehr verlangen, haben andere Anbieter vollst\u00e4ndig auf eine Mindesteinzahlung verzichtet. Wie Trader die Mindesteinzahlung von 100 USD oder 100 \u20ac bei Plus500 bewerten, h\u00e4ngt daher stark von ihren pers\u00f6nlichen Vorlieben und bisherigen Erfahrungen mit Online-Trading ab.<\/p>\n<h2 id=\"instruments\"><i class=\"ico ico--common-technical-analysis-tools\"><\/i>Welche M\u00e4rkte kannst du bei Plus500 handeln?<\/h2>\n<p> Plus500 ist in zahlreichen L\u00e4ndern weltweit verf\u00fcgbar und eignet sich daher f\u00fcr Trader aus vielen verschiedenen Regionen. Entsprechend vielf\u00e4ltig f\u00e4llt auch das Angebot an handelbaren Instrumenten aus.<\/p>\n<p>Bei Plus500 kannst du \u00fcber 70 W\u00e4hrungspaare handeln, darunter Majors, Minors und exotische Paare. Trader finden beispielsweise M\u00e4rkte wie EUR\/USD, EUR\/GBP, AUD\/USD und GBP\/USD. Kryptow\u00e4hrungen sind ebenfalls eine beliebte Marktklasse bei Plus500, da Nutzer CFDs auf Bitcoin, Cardano, Ethereum und weitere Coins handeln k\u00f6nnen. Weitere M\u00e4rkte umfassen Indizes, Rohstoffe, Aktien, Optionen und ETFs.<\/p>\n<h2 id=\"steps\"><i class=\"ico ico--account\"><\/i>Schritt-f\u00fcr-Schritt-Anmeldung bei Plus500 \u2013 dauert etwa 10 Minuten<\/h2>\n<p> Wenn du Plus500 ausprobieren m\u00f6chtest, ist die Kontoer\u00f6ffnung unkompliziert. Der Prozess ist relativ einfach aufgebaut und l\u00e4sst sich schnell abschlie\u00dfen, wenn du die folgenden Schritte befolgst:<\/p>\n<ol class=\"list list--steps\">\n<li>Besuche die Plus500-Startseite und w\u00e4hle \u201eStart Trading\u201c aus.<img decoding=\"async\" class=\"aligncenter\" src=\"https:\/\/www.bestbrokers.com\/wp-content\/uploads\/2025\/02\/plus500-registration-1-e1750929641412.webp\" alt=\"Plus500 Registration Step 1\" \/><\/li>\n<li>Sobald du die Login-Seite erreicht hast, klicke auf den Link \u201eDon\u2019t have an account? Create one now!\u201c. <img decoding=\"async\" class=\"aligncenter\" src=\"https:\/\/www.bestbrokers.com\/wp-content\/uploads\/2025\/02\/plus500-registration-2.webp\" alt=\"Plus500 Registration Step 2\" \/><\/li>\n<li>Du befindest dich nun auf der Registrierungsseite. Gib deine E-Mail-Adresse ein, erstelle ein Passwort und klicke auf \u201eCreate Account\u201c. Alternativ kannst du dich auch mit deinem Google-, Facebook- oder Apple-Konto registrieren.<img decoding=\"async\" class=\"aligncenter\" src=\"https:\/\/www.bestbrokers.com\/wp-content\/uploads\/2025\/02\/plus500-registration-3-e1751446775642.webp\" alt=\"Plus500 Registration Step 3\" \/><\/li>\n<li>Nachdem du auf \u201eCreate Account\u201c geklickt hast, gelangst du zur Plus500 Web-Trading-Plattform. Um den Registrierungsprozess fortzusetzen, klicke auf \u201eGet Started\u201c. Anschlie\u00dfend wirst du zu einer Seite weitergeleitet, auf der du nur noch den Button \u201eLet\u2019s go!\u201c ausw\u00e4hlen musst, um fortzufahren.<img decoding=\"async\" class=\"aligncenter\" src=\"https:\/\/www.bestbrokers.com\/wp-content\/uploads\/2025\/02\/plus500-registration-4.webp\" alt=\"Plus500 Registration Step 4\" \/><\/li>\n<li>W\u00e4hle deinen Wohnsitz.<img decoding=\"async\" class=\"aligncenter\" src=\"https:\/\/www.bestbrokers.com\/wp-content\/uploads\/2025\/02\/plus500-registration-5.webp\" alt=\"Plus500 Registration Step 5\" \/><\/li>\n<li>Wenn deine Staatsangeh\u00f6rigkeit und dein Geburtsort identisch sind, setze das entsprechende H\u00e4kchen und fahre mit dem n\u00e4chsten Abschnitt fort.<img decoding=\"async\" class=\"aligncenter\" src=\"https:\/\/www.bestbrokers.com\/wp-content\/uploads\/2025\/02\/plus500-registration-6.webp\" alt=\"Plus500 Registration Step 6\" \/><\/li>\n<li>Anschlie\u00dfend gibst du pers\u00f6nliche Daten wie deinen Vornamen, zweiten Vornamen und Nachnamen an. Danach tr\u00e4gst du dein Geburtsdatum ein und f\u00e4hrst fort.<img decoding=\"async\" class=\"aligncenter\" src=\"https:\/\/www.bestbrokers.com\/wp-content\/uploads\/2025\/02\/plus500-registration-7.webp\" alt=\"Plus500 Registration Step 7\" \/><\/li>\n<li>Gib deine Telefonnummer ein.<img decoding=\"async\" class=\"aligncenter\" src=\"https:\/\/www.bestbrokers.com\/wp-content\/uploads\/2025\/02\/plus500-registration-8.webp\" alt=\"Plus500 Registration Step 8\" \/><\/li>\n<li>Best\u00e4tige, dass du im Land deines Wohnsitzes steuerpflichtig bist, und gib an, ob du Einwohner der USA bist.<img decoding=\"async\" class=\"aligncenter\" src=\"https:\/\/www.bestbrokers.com\/wp-content\/uploads\/2025\/02\/plus500-registration-9.webp\" alt=\"Plus500 Registration Step 9\" \/><\/li>\n<li>Gib deine Adresse an, also Stra\u00dfe, Stadt und Postleitzahl.<img decoding=\"async\" class=\"aligncenter\" src=\"https:\/\/www.bestbrokers.com\/wp-content\/uploads\/2025\/02\/plus500-registration-10.webp\" alt=\"Plus500 Registration Step 10\" \/><\/li>\n<li>Nun folgt die Target-Market- und Angemessenheitspr\u00fcfung, die Fragen zu deinem Trading-Wissen enth\u00e4lt.<img decoding=\"async\" class=\"aligncenter\" src=\"https:\/\/www.bestbrokers.com\/wp-content\/uploads\/2025\/02\/plus500-registration-11.webp\" alt=\"Plus500 Registration Step 11\" \/><\/li>\n<li>Im n\u00e4chsten Schritt werden Fragen zu deiner Trading-Erfahrung gestellt, insbesondere dazu, wie oft du im vergangenen Jahr bestimmte Produkte gehandelt hast. Beachte, dass Plus500 hier ausdr\u00fccklich verlangt, nur Trades zu z\u00e4hlen, die ohne Unterst\u00fctzung eines professionellen Beraters durchgef\u00fchrt wurden.<img decoding=\"async\" class=\"aligncenter\" src=\"https:\/\/www.bestbrokers.com\/wp-content\/uploads\/2025\/02\/plus500-registration-12.webp\" alt=\"Plus500 Registration Step 12\" \/><\/li>\n<li>Anschlie\u00dfend fragt Plus500 nach deinem Bildungsstand und danach, ob du ein qualifizierter Fachmann in der Finanzdienstleistungsbranche bist, dessen Erfahrung mindestens drei Jahre umfasst.<img decoding=\"async\" class=\"aligncenter\" src=\"https:\/\/www.bestbrokers.com\/wp-content\/uploads\/2025\/02\/plus500-registration-13.webp\" alt=\"Plus500 Registration Step 13\" \/><\/li>\n<li>Gib Informationen zu deinem Besch\u00e4ftigungsstatus an und teile mit, ob du eine politisch exponierte Person bist.<img decoding=\"async\" class=\"aligncenter\" src=\"https:\/\/www.bestbrokers.com\/wp-content\/uploads\/2025\/02\/plus500-registration-14.webp\" alt=\"Plus500 Registration Step 14\" \/><\/li>\n<li>An dieser Stelle musst du Plus500 Angaben zu deinem j\u00e4hrlichen Einkommen, deinen Ersparnissen, zur Herkunft der Gelder f\u00fcr dein Trading sowie zu deinem j\u00e4hrlich verf\u00fcgbaren Nettoeinkommen machen.<img decoding=\"async\" class=\"aligncenter\" src=\"https:\/\/www.bestbrokers.com\/wp-content\/uploads\/2025\/02\/plus500-registration-15.webp\" alt=\"Plus500 Registration Step 15\" \/><\/li>\n<li>Erl\u00e4utere, welche Hauptziele du beim Trading verfolgst, und w\u00e4hle die Option, die deine Risikobereitschaft am besten beschreibt.<img decoding=\"async\" class=\"aligncenter\" src=\"https:\/\/www.bestbrokers.com\/wp-content\/uploads\/2025\/02\/plus500-registration-16.webp\" alt=\"Plus500 Registration Step 16\" \/><\/li>\n<li>Stimme den Allgemeinen Gesch\u00e4ftsbedingungen von Plus500 zu. Anschlie\u00dfend wirst du zur Einzahlungsseite weitergeleitet.<img decoding=\"async\" class=\"aligncenter\" src=\"https:\/\/www.bestbrokers.com\/wp-content\/uploads\/2025\/02\/plus500-registration-17.webp\" alt=\"Plus500 Registration Step 17\" \/><\/li>\n<li>Nun kannst du Geld auf dein Konto einzahlen, zum Beispiel \u00fcber Google Pay, PayPal oder eine Bank\u00fcberweisung. Alternativ kannst du diesen Schritt vorerst \u00fcberspringen und stattdessen direkt mit der Verifizierung fortfahren.<img decoding=\"async\" class=\"aligncenter\" src=\"https:\/\/www.bestbrokers.com\/wp-content\/uploads\/2025\/02\/plus500-registration-18.webp\" alt=\"Plus500 Registration Step 18\" \/><\/li>\n<\/ol>\n<h2 id=\"verification\"><i class=\"ico ico--approve\"><\/i>Kontoverifizierung bei Plus500 \u2013 dauert etwa 5 Minuten<\/h2>\n<p> Bei Plus500 musst du sowohl deine pers\u00f6nlichen Angaben verifizieren als auch nachweisen, dass die Gelder, die du einzahlen m\u00f6chtest, dir geh\u00f6ren. Der genaue Verifizierungsprozess h\u00e4ngt von der gew\u00e4hlten Zahlungsmethode ab. Bei Kredit- oder Debitkarten verlangt Plus500 beispielsweise ein Foto eines Kartenabrechnungsdokuments, ein von deiner Bank ausgestelltes Dokument oder ein Foto der Karte selbst. Bei Einzahlungen per Bank\u00fcberweisung musst du in der Regel einen Kontoauszug oder einen Zahlungsnachweis hochladen. Transfers \u00fcber digitale Wallets werden online verifiziert.<\/p>\n<p>Was die Identit\u00e4tsverifizierung betrifft, sind die Schritte wie folgt:<\/p>\n<ol class=\"list list--steps\">\n<li>Um zur Verifizierungsseite zu gelangen, klicke auf den Men\u00fc-Button oben links, \u00f6ffne das Dropdown-Men\u00fc \u201eAccount\u201c und w\u00e4hle \u201eVerify Account\u201c aus.\n<p>\t\t<img decoding=\"async\" class=\"aligncenter\" src=\"https:\/\/www.bestbrokers.com\/wp-content\/uploads\/2025\/02\/plus500-registration-19.webp\" alt=\"Plus500 Registration Step 19\" \/><\/li>\n<li>Der erste Schritt besteht darin, deinen Ausweis zu verifizieren. Dazu musst du zwei Fotos hochladen (Vorder- und R\u00fcckseite deiner Karte). Der Upload ist sowohl \u00fcber deinen Computer als auch \u00fcber dein Smartphone m\u00f6glich.<img decoding=\"async\" class=\"aligncenter\" src=\"https:\/\/www.bestbrokers.com\/wp-content\/uploads\/2025\/02\/plus500-registration-20.webp\" alt=\"Plus500 Registration Step 20\" \/><\/li>\n<li>Falls du ein zus\u00e4tzliches Ausweisdokument hochladen musst, l\u00e4uft der Prozess auf die gleiche Weise ab.<img decoding=\"async\" class=\"aligncenter\" src=\"https:\/\/www.bestbrokers.com\/wp-content\/uploads\/2025\/02\/plus500-registration-21.webp\" alt=\"Plus500 Registration Step 21\" \/><\/li>\n<li>Im n\u00e4chsten Schritt musst du ein Selfie hochladen, auf dem das Upload-Datum zu sehen ist.<img decoding=\"async\" class=\"aligncenter\" src=\"https:\/\/www.bestbrokers.com\/wp-content\/uploads\/2025\/02\/plus500-registration-22.webp\" alt=\"Plus500 Registration Step 22\" \/><\/li>\n<li>Falls du eine National Client Identifier (NCI) besitzt, kannst du diese im folgenden Feld eingeben.<img decoding=\"async\" class=\"aligncenter\" src=\"https:\/\/www.bestbrokers.com\/wp-content\/uploads\/2025\/02\/plus500-registration-23.webp\" alt=\"Plus500 Registration Step 23\" \/><\/li>\n<li>Anschlie\u00dfend verifizierst du deine Telefonnummer. Du kannst w\u00e4hlen, ob die Best\u00e4tigung per SMS oder per Anruf erfolgen soll.<img decoding=\"async\" class=\"aligncenter\" src=\"https:\/\/www.bestbrokers.com\/wp-content\/uploads\/2025\/02\/plus500-registration-24.webp\" alt=\"Plus500 Registration Step 24\" \/><\/li>\n<li>Zum Abschluss best\u00e4tigst du deine E-Mail-Adresse \u00fcber einen Code, den du in das daf\u00fcr vorgesehene Feld eingibst.<img decoding=\"async\" class=\"aligncenter\" src=\"https:\/\/www.bestbrokers.com\/wp-content\/uploads\/2025\/02\/plus500-registration-25.webp\" alt=\"Plus500 Registration Step 25\" \/><\/li>\n<\/ol>\n<h2 id=\"conclusion\"><i class=\"ico ico--pen\"><\/i>Fazit<\/h2>\n<p>Insgesamt umfasst die Erstellung eines Plus500-Kontos zwar mehrere Schritte, der Ablauf selbst ist jedoch relativ unkompliziert. Das Eingeben aller relevanten Angaben dauert in der Regel nicht l\u00e4nger als etwa 10 Minuten. Beachte jedoch, dass die Dokumentenpr\u00fcfung bei Plus500 nicht sofort erfolgt. Ein Mitglied unseres Teams wartete beispielsweise rund 30 Minuten, bis der Personalausweis \u00fcberpr\u00fcft wurde \u2013 was im Vergleich dennoch recht schnell ist.<\/p>\n","protected":false},"excerpt":{"rendered":"<p>Kontotypen bei Plus500 im \u00dcberblick Abh\u00e4ngig von deinen Trading-Zielen kannst du bei Plus500 entweder ein CFD-Konto f\u00fcr Privatanleger er\u00f6ffnen oder \u2013 sofern du die entsprechenden Voraussetzungen erf\u00fcllst \u2013 die Option f\u00fcr professionelle Trader w\u00e4hlen. Anstelle eines separaten Demokontos verf\u00fcgt die Plattform von Plus500 \u00fcber eine integrierte Demo-Trading-Funktion, die du jederzeit aktivieren kannst. F\u00fcr Privatanleger gilt [&hellip;]<\/p>\n","protected":false},"author":2,"featured_media":0,"parent":21135,"menu_order":0,"comment_status":"closed","ping_status":"closed","template":"templates\/review.php","meta":{"footnotes":""},"class_list":["post-59648","page","type-page","status-publish","hentry"],"aioseo_notices":[],"_links":{"self":[{"href":"https:\/\/www.bestbrokers.com\/de\/wp-json\/wp\/v2\/pages\/59648","targetHints":{"allow":["GET"]}}],"collection":[{"href":"https:\/\/www.bestbrokers.com\/de\/wp-json\/wp\/v2\/pages"}],"about":[{"href":"https:\/\/www.bestbrokers.com\/de\/wp-json\/wp\/v2\/types\/page"}],"author":[{"embeddable":true,"href":"https:\/\/www.bestbrokers.com\/de\/wp-json\/wp\/v2\/users\/2"}],"replies":[{"embeddable":true,"href":"https:\/\/www.bestbrokers.com\/de\/wp-json\/wp\/v2\/comments?post=59648"}],"version-history":[{"count":9,"href":"https:\/\/www.bestbrokers.com\/de\/wp-json\/wp\/v2\/pages\/59648\/revisions"}],"predecessor-version":[{"id":82889,"href":"https:\/\/www.bestbrokers.com\/de\/wp-json\/wp\/v2\/pages\/59648\/revisions\/82889"}],"up":[{"embeddable":true,"href":"https:\/\/www.bestbrokers.com\/de\/wp-json\/wp\/v2\/pages\/21135"}],"wp:attachment":[{"href":"https:\/\/www.bestbrokers.com\/de\/wp-json\/wp\/v2\/media?parent=59648"}],"curies":[{"name":"wp","href":"https:\/\/api.w.org\/{rel}","templated":true}]}}