{"id":59649,"date":"2025-03-19T09:36:55","date_gmt":"2025-03-19T09:36:55","guid":{"rendered":"https:\/\/www.bestbrokers.com\/?page_id=59649"},"modified":"2026-03-16T14:31:15","modified_gmt":"2026-03-16T14:31:15","slug":"account-opening","status":"publish","type":"page","link":"https:\/\/www.bestbrokers.com\/de\/reviews\/fxpro\/account-opening\/","title":{"rendered":"So er\u00f6ffnen Sie ein Konto bei FxPro"},"content":{"rendered":"<div class=\"author-line\">Geschrieben von <span class=\"author\">Zornitsa Stefanova<div class=\"author-sub-box\"><div class=\"author-avatar\"><img decoding=\"async\" src=\"https:\/\/www.bestbrokers.com\/wp-content\/uploads\/2024\/09\/zornica-stefanova.jpeg\" \/><\/div><div class=\"author-info-wrapper\"><div class=\"author-name\"><a href=\"https:\/\/www.bestbrokers.com\/de\/authors\/zornitsa-stefanova\/\">Zornitsa Stefanova<\/a><\/div><div class=\"author-bio\">Zornitsa Stefanova ist eine erfahrene Forex- und Kryptoanalystin. Sie behandelt auch verschiedene finanzielle Themen wie Aktienhandel und Renteninvestitionen.<\/div><\/div><\/div><\/span>,  <a rel=\"nofollow\" target=\"_blank\" href=\"https:\/\/www.linkedin.com\/in\/zornica-stefanova-73ab39287\/\"><img decoding=\"async\" class=\"social-icon\" src=\"https:\/\/www.bestbrokers.com\/wp-content\/themes\/best-brokers\/assets\/images\/icon-linkedin.svg\" data-no-lazy=\"1\"><\/a> <span class=\"sep\">|<\/span> \u00dcbersetzt von <span class=\"author\">Marcus Jungnickel<div class=\"author-sub-box\"><div class=\"author-avatar\"><img decoding=\"async\" src=\"https:\/\/www.bestbrokers.com\/wp-content\/uploads\/2025\/02\/Marcus-Jungnickel-150x150-2.webp\" \/><\/div><div class=\"author-info-wrapper\"><div class=\"author-name\"><a href=\"https:\/\/www.bestbrokers.com\/de\/authors\/marcus-jungnickel\/\">Marcus Jungnickel<\/a><\/div><div class=\"author-bio\">Marcus Jungnickel ist als \u00dcbersetzer und Redakteur auf die Fachgebiete Finanzen und Wirtschaft spezialisiert. Er betreut die deutsche Version von BestBrokers.com.<\/div><\/div><\/div><\/span>, <a rel=\"nofollow\" target=\"_blank\" href=\"https:\/\/www.linkedin.com\/in\/marcus-jungnickel-3545b3154\/\"><img decoding=\"async\" class=\"social-icon\" src=\"https:\/\/www.bestbrokers.com\/wp-content\/themes\/best-brokers\/assets\/images\/icon-linkedin.svg\" data-no-lazy=\"1\"><\/a> <span class=\"sep\">|<\/span> Aktualisiert: <time class=\"entry-date\" datetime=\"2026-03-16T14:31:15+00:00\">M\u00e4rz 16, 2026<\/time><\/div>\n<h2 id=\"brief\"><i class=\"ico ico--assets\"><\/i>Kontotypen bei FxPro<\/h2>\n<p>FxPro ist ein angesehener Broker, der sich sowohl f\u00fcr Anf\u00e4nger als auch f\u00fcr erfahrene Trader eignet. Anf\u00e4nger k\u00f6nnen zun\u00e4chst mit einem Demokonto \u00fcben oder ein Standard MT4\/5-Konto nutzen. Dieses Konto bietet Forex-Spreads ab 1,2 Pips und erm\u00f6glicht es Tradern, die Software von MetaQuotes, den FxPro Webtrader oder die mobile Anwendung des Brokers zu verwenden. Die minimale Handelsgr\u00f6\u00dfe betr\u00e4gt 0,01 Lot.<\/p>\n<p>Trader, die niedrigere Spreads suchen und bereit sind, Kommissionen zu zahlen, k\u00f6nnen sich f\u00fcr ein Raw+ Konto entscheiden. In diesem Fall k\u00f6nnen Forex-Spreads bis auf 0 Pips sinken, allerdings f\u00e4llt eine Kommission von 3,5 USD pro Seite an. Der Handel mit Micro-Lots ist ebenfalls m\u00f6glich, und die Plattformauswahl entspricht derjenigen, auf die auch Nutzer des Standard-Kontos Zugriff haben.<\/p>\n<p>Wenn du die zuvor genannten Plattformen nicht nutzen m\u00f6chtest, kannst du dich stattdessen f\u00fcr ein cTrader-Konto bei FxPro entscheiden. Dieser Kontotyp erm\u00f6glicht FxPro-Nutzern, mehr als 55 technische Indikatoren, eine benutzerfreundliche Oberfl\u00e4che und weitere Funktionen zu nutzen.<\/p>\n<p>Dar\u00fcber hinaus gibt es FxPro VIP \u2013 ein Kontotyp mit kostenlosem VPS-Service, niedrigeren Kommissionen (Rabatt von bis zu 30 % bei Nutzung der cTrader-Plattform), einer Ausf\u00fchrung von unter 13 Millisekunden sowie weiteren Vorteilen. Au\u00dferdem bietet FxPro auch ein Firmenkonto an.<\/p>\n\n\t\t\t\t<div class=\"table\">\n\t\t\t\t\t<table class=\"table table-striped table-bordered\">\n\t\t\t\t\t\t<tr>\n\t\t\t\t\t\t\t<td style=\"width: 250px;\"><strong>Demokonto<\/strong><\/td>\n\t\t\t\t\t\t\t<td><img decoding=\"async\" width=\"24\" height=\"24\" src=\"\/wp-content\/themes\/best-brokers\/assets\/images\/ico-check.svg\" alt=\"Available\" \/><\/td>\n\t\t\t\t\t\t<\/tr>\n\t\t\t\t\t\t<tr>\n\t\t\t\t\t\t\t<td><strong>Islamic Account<\/strong><\/td>\n\t\t\t\t\t\t\t<td><img decoding=\"async\" width=\"24\" height=\"24\" src=\"\/wp-content\/themes\/best-brokers\/assets\/images\/ico-check.svg\" alt=\"Available\" \/><\/td>\n\t\t\t\t\t\t<\/tr>\n\t\t\t\t\t\t<tr>\n\t\t\t\t\t\t\t<td><strong>ECN-Konto<\/strong><\/td>\n\t\t\t\t\t\t\t<td><img decoding=\"async\" width=\"24\" height=\"24\" src=\"\/wp-content\/themes\/best-brokers\/assets\/images\/ico-xmark.svg\" alt=\"Not Available\" \/><\/td>\n\t\t\t\t\t\t<\/tr>\n\t\t\t\t\t\t<tr>\n\t\t\t\t\t\t\t<td><strong>Pro-Konto<\/strong><\/td>\n\t\t\t\t\t\t\t<td><img decoding=\"async\" width=\"24\" height=\"24\" src=\"\/wp-content\/themes\/best-brokers\/assets\/images\/ico-check.svg\" alt=\"Available\" \/><\/td>\n\t\t\t\t\t\t<\/tr>\n\t\t\t\t\t\t<tr>\n\t\t\t\t\t\t\t<td><strong>MAM Account<\/strong><\/td>\n\t\t\t\t\t\t\t<td><img decoding=\"async\" width=\"24\" height=\"24\" src=\"\/wp-content\/themes\/best-brokers\/assets\/images\/ico-check.svg\" alt=\"Available\" \/><\/td>\n\t\t\t\t\t\t<\/tr>\n\t\t\t\t\t<\/table>\n\t\t\t\t<\/div>\n\t\t\t\n<h2 id=\"deposit\"><i class=\"ico ico--money-supply\"><\/i>Mindesteinzahlung bei FxPro<\/h2>\n<p>Wenn du keine gro\u00dfe Einzahlung t\u00e4tigen m\u00f6chtest, um mit dem Trading zu beginnen, aber dennoch ein Live-Konto er\u00f6ffnen willst, eignet sich das FxPro Standard-Konto besonders gut. FxPro schreibt keine Mindesteinzahlung vor. Allerdings empfiehlt der Broker in seinem FAQ-Bereich, mit 1.000 USD an Trading-Kapital zu starten.<\/p>\n<p>Wenn du dich jedoch f\u00fcr ein Raw+ Konto entscheidest, kannst du nicht weniger als 250 USD einzahlen. Es ist wichtig zu erw\u00e4hnen, dass Raw+ Konten mit niedrigeren Spreads verbunden sind, weshalb viele Trader die Mindesteinzahlung nicht als Hindernis betrachten.<\/p>\n<p>Der am schwersten zug\u00e4ngliche Kontotyp ist bei FxPro das VIP-Konto. Um ein solches Konto zu er\u00f6ffnen und von den verschiedenen Vorteilen zu profitieren, ist eine Mindesteinzahlung von 50.000 USD erforderlich.<\/p>\n<h2 id=\"instruments\"><i class=\"ico ico--common-technical-analysis-tools\"><\/i>Handelbare Instrumente bei FxPro<\/h2>\n<p>Was die M\u00e4rkte betrifft, k\u00f6nnen FxPro Nutzer aus CFDs auf Forex, Aktien, Energieinstrumente, Kryptow\u00e4hrungen, Indizes, Futures, Metalle und ETFs w\u00e4hlen. Damit steht eine sehr breite Auswahl zur Verf\u00fcgung, die den Pr\u00e4ferenzen vieler Trader gerecht wird. Im Forex-Bereich stehen Dutzende W\u00e4hrungspaare zur Verf\u00fcgung, darunter beispielsweise EUR\/USD, GBP\/USD oder AUD\/NZD.<\/p>\n<h2 id=\"steps\"><i class=\"ico ico--account\"><\/i>Kontoer\u00f6ffnung bei FxPro \u2013 dauert etwa 5 Minuten (Demokonto)<\/h2>\n<p>Wenn du ein FxPro-Konto er\u00f6ffnen m\u00f6chtest, wirst du feststellen, dass der Prozess nur wenig Zeit in Anspruch nimmt. Die folgenden Schritte f\u00fchren dich durch die Registrierung:<\/p>\n<ol class=\"list list--steps\">\n<li>\n\t\tBesuche die FxPro-Startseite und klicke auf die Schaltfl\u00e4che \u201eRegister\u201c.<\/p>\n<p>\t\t<img decoding=\"async\" src=\"https:\/\/www.bestbrokers.com\/wp-content\/uploads\/2025\/02\/fxpro-registration-1.webp\" alt=\"FxPro Registration Step 1\" class=\"aligncenter\">\n    <\/li>\n<li>\n\t\tW\u00e4hle deinen Wohnsitz aus, gib deine E-Mail-Adresse ein und erstelle ein sicheres Passwort.<\/p>\n<p>\t\t<img decoding=\"async\" src=\"https:\/\/www.bestbrokers.com\/wp-content\/uploads\/2025\/02\/fxpro-registration-2.webp\" alt=\"FxPro Registration Step 2\" class=\"aligncenter\">\n    <\/li>\n<li>\n\t\tGib anschlie\u00dfend deinen Vor- und Nachnamen, dein Geburtsdatum sowie deine Telefonnummer ein.<\/p>\n<p>\t\t<img decoding=\"async\" src=\"https:\/\/www.bestbrokers.com\/wp-content\/uploads\/2025\/02\/fxpro-registration-3.webp\" alt=\"FxPro Registration Step 3\" class=\"aligncenter\">\n    <\/li>\n<li>\n\t\tHier musst du deine Staatsangeh\u00f6rigkeit angeben und best\u00e4tigen, ob du deinen Wohnsitz in den USA hast.<\/p>\n<p>\t\t<img decoding=\"async\" src=\"https:\/\/www.bestbrokers.com\/wp-content\/uploads\/2025\/02\/fxpro-registration-4.webp\" alt=\"FxPro Registration Step 4\" class=\"aligncenter\">\n    <\/li>\n<li>\n\t\tAls N\u00e4chstes gibst du deine Wohnadresse ein, einschlie\u00dflich Stra\u00dfenname und Hausnummer, Postleitzahl sowie Stadt.<\/p>\n<p>\t\t<img decoding=\"async\" src=\"https:\/\/www.bestbrokers.com\/wp-content\/uploads\/2025\/02\/fxpro-registration-5.webp\" alt=\"FxPro Registration Step 5\" class=\"aligncenter\">\n    <\/li>\n<li>\n\t\tAuf dieser Seite fragt FxPro nach deinem Besch\u00e4ftigungsstatus sowie deinem Bildungsniveau. W\u00e4hle die passenden Antworten aus den Dropdown-Men\u00fcs aus und klicke anschlie\u00dfend auf \u201eSave and continue\u201c.<\/p>\n<p>\t\t<img decoding=\"async\" src=\"https:\/\/www.bestbrokers.com\/wp-content\/uploads\/2025\/02\/fxpro-registration-6.webp\" alt=\"FxPro Registration Step 6\" class=\"aligncenter\">\n    <\/li>\n<li>\n\t\tDanach folgen Angaben zu deinen Finanzen, darunter dein Jahreseinkommen, dein Nettoverm\u00f6gen, die Herkunft deiner Mittel sowie der Betrag, den du in den kommenden 12 Monaten einzahlen m\u00f6chtest.<\/p>\n<p>\t\t<img decoding=\"async\" src=\"https:\/\/www.bestbrokers.com\/wp-content\/uploads\/2025\/02\/fxpro-registration-7.webp\" alt=\"FxPro Registration Step 7\" class=\"aligncenter\">\n    <\/li>\n<li>\n\t\tAnschlie\u00dfend folgt ein kurzer Fragebogen zu deinen Trading-Kenntnissen. Die Fragen beziehen sich unter anderem auf den Hebel und weitere Trading-Aspekte sowie auf deine Erfahrung und Risikobereitschaft. Sobald du alle Fragen beantwortet hast, fahre mit dem n\u00e4chsten Schritt fort.<\/p>\n<p>\t\t<img decoding=\"async\" src=\"https:\/\/www.bestbrokers.com\/wp-content\/uploads\/2025\/02\/fxpro-registration-8.webp\" alt=\"FxPro Registration Step 8\" class=\"aligncenter\">\n    <\/li>\n<li>\n\t\tIn diesem Abschnitt kannst du deine Kontow\u00e4hrung ausw\u00e4hlen. Zur Auswahl stehen EUR, AUD, CHF, GBP und HUF. Hier musst du au\u00dferdem best\u00e4tigen, dass du dir der Risiken des Tradings bewusst bist und den Kundenvereinbarungen sowie den Richtlinien von FxPro zustimmst.<\/p>\n<p>\t\t<img decoding=\"async\" src=\"https:\/\/www.bestbrokers.com\/wp-content\/uploads\/2025\/02\/fxpro-registration-9.webp\" alt=\"FxPro Registration Step 9\" class=\"aligncenter\">\n    <\/li>\n<li>\n\t\tAnschlie\u00dfend wirst du zur Verifizierungsseite weitergeleitet. Weitere Informationen zum Verifizierungsprozess findest du unter FxPro Verifizierung.<\/p>\n<p>\t\t<img decoding=\"async\" src=\"https:\/\/www.bestbrokers.com\/wp-content\/uploads\/2025\/02\/fxpro-registration-10.webp\" alt=\"FxPro Registration Step 10\" class=\"aligncenter\">\n    <\/li>\n<li>\n\t\tNachdem du dein Konto verifiziert hast, kannst du deine Kontoseite \u00f6ffnen. In deinem Profil ist bereits ein Standard-Hedging-Konto erstellt, du kannst jedoch zun\u00e4chst auch ein Demokonto er\u00f6ffnen. Gehe auf der Seite \u201eAccounts\u201c zu \u201eDemo Accounts\u201c. Klicke anschlie\u00dfend auf \u201eCreate new account\u201c.<\/p>\n<p>\t\t<img decoding=\"async\" src=\"https:\/\/www.bestbrokers.com\/wp-content\/uploads\/2025\/02\/fxpro-registration-11.webp\" alt=\"FxPro Registration Step 11\" class=\"aligncenter\">\n    <\/li>\n<li>\n\t\tDie einzige verf\u00fcgbare Demokonto-Option ist FxPro Raw+. Nachdem du die Funktionen des Kontos gepr\u00fcft hast, klicke auf die Schaltfl\u00e4che \u201eContinue with Raw+ Demo\u201c.<\/p>\n<p>\t\t<img decoding=\"async\" src=\"https:\/\/www.bestbrokers.com\/wp-content\/uploads\/2025\/02\/fxpro-registration-12.webp\" alt=\"FxPro Registration Step 12\" class=\"aligncenter\">\n    <\/li>\n<li>\n\t\tLege fest, wie viel virtuelles Guthaben dein Demokonto enthalten soll, w\u00e4hle zwischen Netting und Hedging und klicke auf \u201eCreate Demo Account\u201c. Damit ist dein Demokonto bereit.<\/p>\n<p>\t\t<img decoding=\"async\" src=\"https:\/\/www.bestbrokers.com\/wp-content\/uploads\/2025\/02\/fxpro-registration-13.webp\" alt=\"FxPro Registration Step 13\" class=\"aligncenter\">\n    <\/li>\n<\/ol>\n<h2 id=\"verification\"><i class=\"ico ico--approve\"><\/i>Kontoverifizierung bei FxPro (dauert etwa 4 Minuten)<\/h2>\n<p>Die Plattform von FxPro macht das Hochladen deiner Verifizierungsdokumente schnell und unkompliziert. Die folgenden Schritte zeigen dir, wie der Prozess funktioniert.<\/p>\n<ol class=\"list list--steps\">\n<li>\n<p>\t\tZur\u00fcck auf der Verifizierungsseite kannst du entweder den QR-Code verwenden, um mit der Verifizierung auf deinem Smartphone fortzufahren, oder zun\u00e4chst in deinem Browser am PC bleiben. Klicke auf der n\u00e4chsten Seite auf \u201eContinue\u201c.<\/p>\n<p>\t\t<img decoding=\"async\" src=\"https:\/\/www.bestbrokers.com\/wp-content\/uploads\/2025\/02\/fxpro-registration-14.webp\" alt=\"FxPro Registration Step 14\" class=\"aligncenter\">\n<\/li>\n<li>\n\t\tHier erkl\u00e4rt FxPro, dass das Team des Brokers von dir verlangt, ein Ausweisdokument hochzuladen und einen Liveness-Check durchzuf\u00fchren. Klicke auf die Schaltfl\u00e4che \u201eContinue on phone\u201c.<\/p>\n<p>\t\t<img decoding=\"async\" src=\"https:\/\/www.bestbrokers.com\/wp-content\/uploads\/2025\/02\/fxpro-registration-15.webp\" alt=\"FxPro Registration Step 15\" class=\"aligncenter\">\n<\/li>\n<li>\n\t\tVerwende den bereitgestellten QR-Code und setze den Verifizierungsprozess auf deinem Smartphone fort. Du ben\u00f6tigst Dokumente wie deinen Personalausweis, Reisepass oder F\u00fchrerschein. Zus\u00e4tzlich ist ein Wohnsitznachweis erforderlich. Dieser muss in Form einer Versorgerrechnung vorliegen, die innerhalb der letzten 6 Monate ausgestellt wurde. Au\u00dferdem musst du mit der Kamera deines Smartphones einen Liveness-Check durchf\u00fchren. Nachdem du alle Schritte abgeschlossen hast, pr\u00fcft das FxPro-Team deine Dokumente.<\/p>\n<p>\t\t<img decoding=\"async\" src=\"https:\/\/www.bestbrokers.com\/wp-content\/uploads\/2025\/02\/fxpro-registration-16.webp\" alt=\"FxPro Registration Step 16\" class=\"aligncenter\">\n<\/li>\n<li>\n\t\tGehe auf der Seite \u201eAccounts\u201c zum Bereich \u201eTrading Accounts\u201c und klicke auf \u201eCreate new account\u201c.<\/p>\n<p>\t\t<img decoding=\"async\" src=\"https:\/\/www.bestbrokers.com\/wp-content\/uploads\/2025\/02\/fxpro-registration-17.webp\" alt=\"FxPro Registration Step 17\" class=\"aligncenter\">\n<\/li>\n<li>\n\t\tWenn du ein Trading-Konto er\u00f6ffnen m\u00f6chtest, kannst du zwischen FxPro Standard und FxPro Raw+ w\u00e4hlen.<\/p>\n<p>\t\t<img decoding=\"async\" src=\"https:\/\/www.bestbrokers.com\/wp-content\/uploads\/2025\/02\/fxpro-registration-18.webp\" alt=\"FxPro Registration Step 18\" class=\"aligncenter\">\n<\/li>\n<li>\n\t\tNachdem du deinen bevorzugten Kontotyp ausgew\u00e4hlt hast, kannst du den maximalen Hebel reduzieren, falls du dies f\u00fcr sinnvoll h\u00e4ltst. W\u00e4hle anschlie\u00dfend die Kontow\u00e4hrung und entscheide dich im Abschnitt \u201eExecution method\u201c zwischen Netting und Hedging. Klicke danach auf \u201eCreate Account\u201c. Beachte, dass der Status dieses Kontos auf \u201eRead Only\u201c steht, wenn du den Verifizierungsprozess \u00fcbersprungen hast. Um das Konto zu aktivieren, musst du FxPro alle erforderlichen Dokumente \u00fcbermitteln und eine Einzahlung vornehmen.<\/p>\n<p>\t\t<img decoding=\"async\" src=\"https:\/\/www.bestbrokers.com\/wp-content\/uploads\/2025\/02\/fxpro-registration-19.webp\" alt=\"FxPro Registration Step 19\" class=\"aligncenter\"><\/p>\n<\/li>\n<\/ol>\n<h2 id=\"conclusion\"><i class=\"ico ico--pen\"><\/i>Fazit<\/h2>\n<p>Insgesamt ist unserem Team beim Testen des Registrierungsprozesses von FxPro auf keine Schwierigkeiten gesto\u00dfen. Die erforderlichen Schritte sind \u00fcbersichtlich und benutzerfreundlich gestaltet. Nach unserer Erfahrung lassen sich alle notwendigen Angaben deinerseits in weniger als 10 Minuten erledigen. Auch die Verifizierung selbst verl\u00e4uft schnell. Allerdings kann es etwas l\u00e4nger dauern, bis FxPro deine Dokumente gepr\u00fcft und entweder best\u00e4tigt oder dich auffordert, sie erneut hochzuladen, falls etwas fehlen sollte.<\/p>\n","protected":false},"excerpt":{"rendered":"<p>Kontotypen bei FxPro FxPro ist ein angesehener Broker, der sich sowohl f\u00fcr Anf\u00e4nger als auch f\u00fcr erfahrene Trader eignet. Anf\u00e4nger k\u00f6nnen zun\u00e4chst mit einem Demokonto \u00fcben oder ein Standard MT4\/5-Konto nutzen. Dieses Konto bietet Forex-Spreads ab 1,2 Pips und erm\u00f6glicht es Tradern, die Software von MetaQuotes, den FxPro Webtrader oder die mobile Anwendung des Brokers [&hellip;]<\/p>\n","protected":false},"author":2,"featured_media":0,"parent":21413,"menu_order":0,"comment_status":"closed","ping_status":"closed","template":"templates\/review.php","meta":{"footnotes":""},"class_list":["post-59649","page","type-page","status-publish","hentry"],"aioseo_notices":[],"_links":{"self":[{"href":"https:\/\/www.bestbrokers.com\/de\/wp-json\/wp\/v2\/pages\/59649","targetHints":{"allow":["GET"]}}],"collection":[{"href":"https:\/\/www.bestbrokers.com\/de\/wp-json\/wp\/v2\/pages"}],"about":[{"href":"https:\/\/www.bestbrokers.com\/de\/wp-json\/wp\/v2\/types\/page"}],"author":[{"embeddable":true,"href":"https:\/\/www.bestbrokers.com\/de\/wp-json\/wp\/v2\/users\/2"}],"replies":[{"embeddable":true,"href":"https:\/\/www.bestbrokers.com\/de\/wp-json\/wp\/v2\/comments?post=59649"}],"version-history":[{"count":9,"href":"https:\/\/www.bestbrokers.com\/de\/wp-json\/wp\/v2\/pages\/59649\/revisions"}],"predecessor-version":[{"id":83026,"href":"https:\/\/www.bestbrokers.com\/de\/wp-json\/wp\/v2\/pages\/59649\/revisions\/83026"}],"up":[{"embeddable":true,"href":"https:\/\/www.bestbrokers.com\/de\/wp-json\/wp\/v2\/pages\/21413"}],"wp:attachment":[{"href":"https:\/\/www.bestbrokers.com\/de\/wp-json\/wp\/v2\/media?parent=59649"}],"curies":[{"name":"wp","href":"https:\/\/api.w.org\/{rel}","templated":true}]}}