{"id":59650,"date":"2025-03-19T09:36:55","date_gmt":"2025-03-19T09:36:55","guid":{"rendered":"https:\/\/www.bestbrokers.com\/?page_id=59650"},"modified":"2026-03-16T14:34:13","modified_gmt":"2026-03-16T14:34:13","slug":"account-opening","status":"publish","type":"page","link":"https:\/\/www.bestbrokers.com\/de\/reviews\/oanda\/account-opening\/","title":{"rendered":"So er\u00f6ffnen Sie ein Konto bei OANDA"},"content":{"rendered":"<div class=\"author-line\">Geschrieben von <span class=\"author\">Zornitsa Stefanova<div class=\"author-sub-box\"><div class=\"author-avatar\"><img decoding=\"async\" src=\"https:\/\/www.bestbrokers.com\/wp-content\/uploads\/2024\/09\/zornica-stefanova.jpeg\" \/><\/div><div class=\"author-info-wrapper\"><div class=\"author-name\"><a href=\"https:\/\/www.bestbrokers.com\/de\/authors\/zornitsa-stefanova\/\">Zornitsa Stefanova<\/a><\/div><div class=\"author-bio\">Zornitsa Stefanova ist eine erfahrene Forex- und Kryptoanalystin. Sie behandelt auch verschiedene finanzielle Themen wie Aktienhandel und Renteninvestitionen.<\/div><\/div><\/div><\/span>,  <a rel=\"nofollow\" target=\"_blank\" href=\"https:\/\/www.linkedin.com\/in\/zornica-stefanova-73ab39287\/\"><img decoding=\"async\" class=\"social-icon\" src=\"https:\/\/www.bestbrokers.com\/wp-content\/themes\/best-brokers\/assets\/images\/icon-linkedin.svg\" data-no-lazy=\"1\"><\/a> <span class=\"sep\">|<\/span> \u00dcbersetzt von <span class=\"author\">Marcus Jungnickel<div class=\"author-sub-box\"><div class=\"author-avatar\"><img decoding=\"async\" src=\"https:\/\/www.bestbrokers.com\/wp-content\/uploads\/2025\/02\/Marcus-Jungnickel-150x150-2.webp\" \/><\/div><div class=\"author-info-wrapper\"><div class=\"author-name\"><a href=\"https:\/\/www.bestbrokers.com\/de\/authors\/marcus-jungnickel\/\">Marcus Jungnickel<\/a><\/div><div class=\"author-bio\">Marcus Jungnickel ist als \u00dcbersetzer und Redakteur auf die Fachgebiete Finanzen und Wirtschaft spezialisiert. Er betreut die deutsche Version von BestBrokers.com.<\/div><\/div><\/div><\/span>, <a rel=\"nofollow\" target=\"_blank\" href=\"https:\/\/www.linkedin.com\/in\/marcus-jungnickel-3545b3154\/\"><img decoding=\"async\" class=\"social-icon\" src=\"https:\/\/www.bestbrokers.com\/wp-content\/themes\/best-brokers\/assets\/images\/icon-linkedin.svg\" data-no-lazy=\"1\"><\/a> <span class=\"sep\">|<\/span> Aktualisiert: <time class=\"entry-date\" datetime=\"2026-03-16T14:34:13+00:00\">M\u00e4rz 16, 2026<\/time><\/div>\n<h2 id=\"brief\"><i class=\"ico ico--assets\"><\/i>Kontotypen bei OANDA<\/h2>\n<p>OANDA ist ein Broker mit Wurzeln in den 90er-Jahren und bietet Forex-Tradern eine Vielzahl an M\u00f6glichkeiten. Dazu geh\u00f6ren eine gro\u00dfe Auswahl an handelbaren Instrumenten sowie eine sehr gute mobile Unterst\u00fctzung. Um Tradern mit unterschiedlichen Erfahrungsstufen gerecht zu werden, stellt der Broker au\u00dferdem mehrere Kontotypen zur Verf\u00fcgung.<\/p>\n<p>Trader ohne gro\u00dfe Erfahrung oder mit wenig Vertrauen in ihre eigenen Trading-F\u00e4higkeiten k\u00f6nnen ein OANDA-Demokonto er\u00f6ffnen. Damit haben Anf\u00e4nger die M\u00f6glichkeit, das Trading zu \u00fcben, ohne eigenes Kapital zu riskieren.<\/p>\n<p>Wenn du bei OANDA mit echtem Geld traden m\u00f6chtest, stehen dir mehrere Kontomodelle zur Auswahl:<\/p>\n<ol class=\"list list--steps orange\">\n<li><strong>Basic:<\/strong> Dieses Live-Konto bietet durchschnittliche Spreads von \u00fcber 1 Pip bei W\u00e4hrungspaaren wie EUR\/USD und AUD\/USD. F\u00fcr Inhaber eines Basic-Kontos gilt ein Einzahlungslimit von bis zu 3.000 \u20ac.<\/li>\n<li><strong>Premium:<\/strong> Trader mit gr\u00f6\u00dferen Ordergr\u00f6\u00dfen k\u00f6nnen ein Premium-Konto w\u00e4hlen (Einzahlungen zwischen 3.000 \u20ac und 10.000 \u20ac). Diese Variante bietet reduzierte Spreads (bis zu 30 %) und beinhaltet zus\u00e4tzlich einen 1-j\u00e4hrigen Essential-Plan f\u00fcr TradingView. Au\u00dferdem steht dir ein pers\u00f6nlicher Account-Manager zur Verf\u00fcgung.<\/li>\n<li><strong>Elite:<\/strong> Das h\u00f6chste Kontolevel f\u00fcr Privatanleger bei OANDA. Es eignet sich besonders f\u00fcr erfahrene Trader und beinhaltet ein 1-j\u00e4hriges Abonnement f\u00fcr den Plus-Plan von TradingView. Trader k\u00f6nnen mit diesem Kontotyp Einzahlungen ab 10.000 \u20ac vornehmen. Wie beim vorherigen Level ist auch beim Elite-Konto ein pers\u00f6nlicher Account-Manager enthalten. Neben einem h\u00f6heren Trading-Volumen profitieren Nutzer hier ebenfalls von engeren Spreads (bis zu 30 % geringer).<\/li>\n<\/ol>\n<p>Es ist wichtig zu beachten, dass alle oben beschriebenen Live-Kontotypen f\u00fcr Privatanleger vorgesehen sind und den Hebel auf maximal 1:30 begrenzen. Wer mit einem h\u00f6heren Hebel traden m\u00f6chte, kann bei OANDA den Status als professioneller Kunde beantragen. Dadurch erh\u00f6ht sich der maximale Hebel auf 1:200. Voraussetzung daf\u00fcr ist entweder berufliche Erfahrung im Finanzsektor, ein erhebliches Kapital von mindestens 500.000 \u20ac oder mindestens 10 Transaktionen pro Quartal in den vergangenen vier Quartalen.<\/p>\n<p>Au\u00dferdem gelten die bisher beschriebenen Kontotypen f\u00fcr Nutzer, die bei der von der KNF regulierten OANDA-Einheit registriert sind. Trader au\u00dferhalb der EU k\u00f6nnen Zugang zu alternativen Kontomodellen mit anderen Trading-Bedingungen haben.<br \/>\n\n\t\t\t\t<div class=\"table\">\n\t\t\t\t\t<table class=\"table table-striped table-bordered\">\n\t\t\t\t\t\t<tr>\n\t\t\t\t\t\t\t<td style=\"width: 250px;\"><strong>Demokonto<\/strong><\/td>\n\t\t\t\t\t\t\t<td><img decoding=\"async\" width=\"24\" height=\"24\" src=\"\/wp-content\/themes\/best-brokers\/assets\/images\/ico-check.svg\" alt=\"Available\" \/><\/td>\n\t\t\t\t\t\t<\/tr>\n\t\t\t\t\t\t<tr>\n\t\t\t\t\t\t\t<td><strong>Islamic Account<\/strong><\/td>\n\t\t\t\t\t\t\t<td><img decoding=\"async\" width=\"24\" height=\"24\" src=\"\/wp-content\/themes\/best-brokers\/assets\/images\/ico-xmark.svg\" alt=\"Not Available\" \/><\/td>\n\t\t\t\t\t\t<\/tr>\n\t\t\t\t\t\t<tr>\n\t\t\t\t\t\t\t<td><strong>ECN-Konto<\/strong><\/td>\n\t\t\t\t\t\t\t<td><img decoding=\"async\" width=\"24\" height=\"24\" src=\"\/wp-content\/themes\/best-brokers\/assets\/images\/ico-xmark.svg\" alt=\"Not Available\" \/><\/td>\n\t\t\t\t\t\t<\/tr>\n\t\t\t\t\t\t<tr>\n\t\t\t\t\t\t\t<td><strong>Pro-Konto<\/strong><\/td>\n\t\t\t\t\t\t\t<td><img decoding=\"async\" width=\"24\" height=\"24\" src=\"\/wp-content\/themes\/best-brokers\/assets\/images\/ico-check.svg\" alt=\"Available\" \/><\/td>\n\t\t\t\t\t\t<\/tr>\n\t\t\t\t\t\t<tr>\n\t\t\t\t\t\t\t<td><strong>MAM Account<\/strong><\/td>\n\t\t\t\t\t\t\t<td><img decoding=\"async\" width=\"24\" height=\"24\" src=\"\/wp-content\/themes\/best-brokers\/assets\/images\/ico-xmark.svg\" alt=\"Not Available\" \/><\/td>\n\t\t\t\t\t\t<\/tr>\n\t\t\t\t\t<\/table>\n\t\t\t\t<\/div>\n\t\t\t<\/p>\n<h2 id=\"deposit\"><i class=\"ico ico--money-supply\"><\/i>Mindesteinzahlung bei OANDA<\/h2>\n<p>OANDA verlangt keine einheitliche Mindesteinzahlung f\u00fcr alle Transaktionen. Allerdings gelten je nach Zahlungsmethode bestimmte Mindestbetr\u00e4ge. Wenn du beispielsweise per Visa oder Mastercard einzahlst, muss der Betrag mindestens 25 \u20ac betragen. Dabei ist zu beachten, dass ein solcher Betrag f\u00fcr den Handel mit W\u00e4hrungen nicht ausreicht. Die minimale Ordergr\u00f6\u00dfe f\u00fcr EUR\/USD bei OANDA betr\u00e4gt beispielsweise 0,01 Lot, also 1.000 \u20ac.<\/p>\n<h2 id=\"instruments\"><i class=\"ico ico--common-technical-analysis-tools\"><\/i>Handelbare Instrumente bei OANDA<\/h2>\n<p>Mit einem Forex-Angebot, das CFDs auf W\u00e4hrungspaare wie EUR\/USD, EUR\/JPY, USD\/CHF und zahlreiche weitere umfasst, ist OANDA ein sehr geeigneter Broker f\u00fcr Trader mit Fokus auf den Devisenmarkt. Trader, die Wert auf eine gr\u00f6\u00dfere Auswahl an Instrumenten legen oder andere M\u00e4rkte bevorzugen, finden ebenfalls passende M\u00f6glichkeiten. Es stehen CFDs auf Rohstoffe, Aktien, Indizes, Kryptow\u00e4hrungen und ETFs zur Verf\u00fcgung. Dar\u00fcber hinaus ist auch der direkte Handel mit Aktien und Indizes m\u00f6glich.<\/p>\n<h2 id=\"steps\"><i class=\"ico ico--account\"><\/i>Kontoer\u00f6ffnung bei OANDA \u2013 dauert etwa 2 Minuten (Demokonto)<\/h2>\n<p>Zun\u00e4chst gehen wir den Prozess zur Erstellung eines Demokontos durch. Im Gegensatz zur Registrierung f\u00fcr ein Live-Konto ist die Erstellung eines Demokontos besonders schnell und unkompliziert. So k\u00f6nnen Anf\u00e4nger m\u00f6glichst schnell ausprobieren, was OANDA zu bieten hat.<\/p>\n<ol class=\"list list--steps\">\n<li>\n\t\tBesuche die Startseite von OANDA und klicke neben den Sprachoptionen auf die Schaltfl\u00e4che Demo.<\/p>\n<p>\t\t<img decoding=\"async\" src=\"https:\/\/www.bestbrokers.com\/wp-content\/uploads\/2025\/07\/new-oanda-homepage-registration.webp\" alt=\"OANDA Registrierung Schritt 8\" class=\"aligncenter\">\n    <\/li>\n<li>\n\t\tGib deine E-Mail-Adresse und Telefonnummer an und erstelle ein sicheres Passwort. Stimme anschlie\u00dfend den Bedingungen von OANDA zu und fahre fort, indem du auf die Schaltfl\u00e4che Open Demo Account klickst.<\/p>\n<p>\t\t<img decoding=\"async\" src=\"https:\/\/www.bestbrokers.com\/wp-content\/uploads\/2025\/02\/oanda-registration-2.webp\" alt=\"OANDA Registrierung Schritt 2\" class=\"aligncenter\">\n    <\/li>\n<li>\n\t\tNun fordert dich OANDA auf, deine E-Mails zu pr\u00fcfen und dein Konto zu aktivieren.<\/p>\n<p>\t\t<img decoding=\"async\" src=\"https:\/\/www.bestbrokers.com\/wp-content\/uploads\/2025\/02\/oanda-registration-3.webp\" alt=\"OANDA Registrierung Schritt 3\" class=\"aligncenter\">\n    <\/li>\n<li>\n\t\tNachdem du auf den Aktivierungslink geklickt hast, gelangst du zu einer Seite mit deinem Login-Code. Um fortzufahren, klicke auf die Schaltfl\u00e4che Login.<\/p>\n<p>\t\t<img decoding=\"async\" src=\"https:\/\/www.bestbrokers.com\/wp-content\/uploads\/2025\/02\/oanda-registration-4.webp\" alt=\"OANDA Registrierung Schritt 4\" class=\"aligncenter\">\n    <\/li>\n<li>\n\t\tMelde dich mit dem bereitgestellten Code und deinem Passwort an.<\/p>\n<p>\t\t<img decoding=\"async\" src=\"https:\/\/www.bestbrokers.com\/wp-content\/uploads\/2025\/02\/oanda-registration-5.webp\" alt=\"OANDA Registrierung Schritt 5\" class=\"aligncenter\">\n    <\/li>\n<li>\n\t\tLies den Risikohinweis von OANDA zu Produkten mit Hebel. Wenn du die Risiken verstanden hast und fortfahren m\u00f6chtest, klicke auf Accept.<\/p>\n<p>\t\t<img decoding=\"async\" src=\"https:\/\/www.bestbrokers.com\/wp-content\/uploads\/2025\/02\/oanda-registration-6.webp\" alt=\"OANDA Registrierung Schritt 6\" class=\"aligncenter\">\n    <\/li>\n<li>\n\t\tDein Demokonto ist nun einsatzbereit.<\/p>\n<p>\t\t<img decoding=\"async\" src=\"https:\/\/www.bestbrokers.com\/wp-content\/uploads\/2025\/02\/oanda-registration-7.webp\" alt=\"OANDA Registrierung Schritt 7\" class=\"aligncenter\">\n    <\/li>\n<\/ol>\n<h2 id=\"verification\"><i class=\"ico ico--approve\"><\/i>Kontoer\u00f6ffnung und Verifizierung bei OANDA \u2013 dauert etwa 8 Minuten (Live-Konto)<\/h2>\n<p>Trader, die OANDA als Broker nutzen m\u00f6chten und bereit sind, mit echtem Kapital zu handeln, k\u00f6nnen sich registrieren, indem sie die folgenden Schritte ausf\u00fchren.<\/p>\n<ol class=\"list list--steps\">\n<li>\n\t\tKlicke auf der Startseite von OANDA auf die Schaltfl\u00e4che Start Trading, um den Registrierungsprozess zu beginnen.<\/p>\n<p>\t\t<img decoding=\"async\" src=\"https:\/\/www.bestbrokers.com\/wp-content\/uploads\/2025\/07\/new-oanda-homepage-registration.webp\" alt=\"OANDA Registrierung Schritt 8\" class=\"aligncenter\">\n    <\/li>\n<li>\n\t\tW\u00e4hle nun deinen Wohnsitz aus.<\/p>\n<p>\t\t<img decoding=\"async\" src=\"https:\/\/www.bestbrokers.com\/wp-content\/uploads\/2025\/02\/oanda-registration-9.webp\" alt=\"OANDA Registrierung Schritt 9\" class=\"aligncenter\">\n    <\/li>\n<li>\n\t\tGib deine E-Mail-Adresse in das entsprechende Feld ein und klicke auf Confirm Email.<br \/>\n\t\t<img decoding=\"async\" src=\"https:\/\/www.bestbrokers.com\/wp-content\/uploads\/2025\/02\/oanda-registration-10.webp\" alt=\"OANDA Registrierung Schritt 10\" class=\"aligncenter\">\n    <\/li>\n<li>\n\t\tErstelle ein sicheres Passwort und akzeptiere die Nutzungsbedingungen von OANDA.<\/p>\n<p>\t\t<img decoding=\"async\" src=\"https:\/\/www.bestbrokers.com\/wp-content\/uploads\/2025\/02\/oanda-registration-11.webp\" alt=\"OANDA Registrierung Schritt 11\" class=\"aligncenter\">\n    <\/li>\n<li>\n\t\tAnschlie\u00dfend l\u00e4dst du deinen Personalausweis oder Reisepass hoch. Das kannst du entweder am Computer oder \u00fcber dein mobiles Ger\u00e4t erledigen.<\/p>\n<p>\t\t<img decoding=\"async\" src=\"https:\/\/www.bestbrokers.com\/wp-content\/uploads\/2025\/02\/oanda-registration-12.webp\" alt=\"OANDA Registrierung Schritt 12\" class=\"aligncenter\">\n    <\/li>\n<li>\n\t\tOANDA zeigt dir anschlie\u00dfend Anweisungen, wie du ein geeignetes Foto f\u00fcr die Verifizierung hochl\u00e4dst. In der Regel musst du darauf achten, dass alle Informationen gut sichtbar sind und keine Spiegelungen oder Schatten Teile des Dokuments verdecken.<\/p>\n<p>\t\t<img decoding=\"async\" src=\"https:\/\/www.bestbrokers.com\/wp-content\/uploads\/2025\/02\/oanda-registration-13.webp\" alt=\"OANDA Registrierung Schritt 13\" class=\"aligncenter\">\n    <\/li>\n<li>\n\t\tNun kannst du entweder ein Foto aufnehmen oder ein bereits vorhandenes Bild aus dem Speicher deines Ger\u00e4ts ausw\u00e4hlen. Dies musst du sowohl f\u00fcr die Vorder- als auch f\u00fcr die R\u00fcckseite des Dokuments durchf\u00fchren. Falls etwas nicht korrekt erkannt wird, fordert dich OANDA auf, ein anderes Foto hochzuladen.<\/p>\n<p>\t\t<img decoding=\"async\" src=\"https:\/\/www.bestbrokers.com\/wp-content\/uploads\/2025\/02\/oanda-registration-14.webp\" alt=\"OANDA Registrierung Schritt 14\" class=\"aligncenter\">\n    <\/li>\n<li>\n\t\tWenn der Upload erfolgreich war, klicke auf die Schaltfl\u00e4che Next, um fortzufahren.<\/p>\n<p>\t\t<img decoding=\"async\" src=\"https:\/\/www.bestbrokers.com\/wp-content\/uploads\/2025\/02\/oanda-registration-15.webp\" alt=\"OANDA Registrierung Schritt 15\" class=\"aligncenter\">\n    <\/li>\n<li>\n\t\tAuf der Seite Personal Information findest du die Daten aus dem Dokument, das du zuvor hochgeladen hast. Pr\u00fcfe alle Felder sorgf\u00e4ltig und klicke auf Next, wenn alle Angaben korrekt sind.<br \/>\n\t\t<img decoding=\"async\" src=\"https:\/\/www.bestbrokers.com\/wp-content\/uploads\/2025\/02\/oanda-registration-16.webp\" alt=\"OANDA Registrierung Schritt 16\" class=\"aligncenter\">\n    <\/li>\n<li>\n\t\tNun musst du deine Telefonnummer verifizieren.<br \/>\n\t\t<img decoding=\"async\" src=\"https:\/\/www.bestbrokers.com\/wp-content\/uploads\/2025\/02\/oanda-registration-17.webp\" alt=\"OANDA Registrierung Schritt 17\" class=\"aligncenter\">\n    <\/li>\n<li>\n\t\tInnerhalb weniger Sekunden solltest du eine SMS erhalten. Gib anschlie\u00dfend den Code ein und klicke auf Confirm.<br \/>\n\t\t<img decoding=\"async\" src=\"https:\/\/www.bestbrokers.com\/wp-content\/uploads\/2025\/02\/oanda-registration-18.webp\" alt=\"OANDA Registrierung Schritt 18\" class=\"aligncenter\">\n    <\/li>\n<li>\n\t\tIm n\u00e4chsten Schritt gibst du deine Adressdaten ein.<br \/>\n\t\t<img decoding=\"async\" src=\"https:\/\/www.bestbrokers.com\/wp-content\/uploads\/2025\/02\/oanda-registration-19.webp\" alt=\"OANDA Registrierung Schritt 19\" class=\"aligncenter\">\n    <\/li>\n<li>\n\t\tAuf dieser Seite best\u00e4tigst du deinen steuerlichen Wohnsitz und gibst deine pers\u00f6nliche Identifikationsnummer oder eine entsprechende nationale Kennziffer ein.<br \/>\n\t\t<img decoding=\"async\" src=\"https:\/\/www.bestbrokers.com\/wp-content\/uploads\/2025\/02\/oanda-registration-20.webp\" alt=\"OANDA Registrierung Schritt 20\" class=\"aligncenter\">\n    <\/li>\n<li>\n\t\tW\u00e4hle anschlie\u00dfend deine bevorzugte Kontow\u00e4hrung. Zur Auswahl stehen EUR, PLN, USD und CZK.<br \/>\n\t\t<img decoding=\"async\" src=\"https:\/\/www.bestbrokers.com\/wp-content\/uploads\/2025\/02\/oanda-registration-21.webp\" alt=\"OANDA Registrierung Schritt 21\" class=\"aligncenter\">\n    <\/li>\n<li>\n\t\tDie n\u00e4chste Seite betrifft dein finanzielles Profil und enth\u00e4lt Angaben zu deiner Besch\u00e4ftigung, deinem Einkommen und deinen Ersparnissen. Wenn du alles ausgef\u00fcllt hast, klicke auf Next.<br \/>\n\t\t<img decoding=\"async\" src=\"https:\/\/www.bestbrokers.com\/wp-content\/uploads\/2025\/02\/oanda-registration-22.webp\" alt=\"OANDA Registrierung Schritt 22\" class=\"aligncenter\">\n    <\/li>\n<li>\n\t\tAuf der Seite Statements fragt OANDA, ob du steuerpflichtig in den USA bist oder eine politisch exponierte Person darstellst. Au\u00dferdem musst du angeben, welcher Datennutzer-Typ auf dich zutrifft. Lies anschlie\u00dfend die Dokumente zum Trading-Kontovertrag und best\u00e4tige, dass du sie gelesen und akzeptiert hast. Danach kannst du zum n\u00e4chsten Schritt wechseln.<br \/>\n\t\t<img decoding=\"async\" src=\"https:\/\/www.bestbrokers.com\/wp-content\/uploads\/2025\/02\/oanda-registration-23.webp\" alt=\"OANDA Registrierung Schritt 23\" class=\"aligncenter\">\n    <\/li>\n<li>\n\t\tWarte nun, w\u00e4hrend OANDA deine Angaben \u00fcberpr\u00fcft.<br \/>\n\t\t<img decoding=\"async\" src=\"https:\/\/www.bestbrokers.com\/wp-content\/uploads\/2025\/02\/oanda-registration-24.webp\" alt=\"OANDA Registrierung Schritt 24\" class=\"aligncenter\">\n    <\/li>\n<li>\n\t\tF\u00fclle anschlie\u00dfend den Eignungstest aus, der sich auf dein Wissen \u00fcber Forex-Trading und CFDs bezieht. Best\u00e4tige danach, dass deine Angaben korrekt sind, und klicke auf Send.<br \/>\n\t\t<img decoding=\"async\" src=\"https:\/\/www.bestbrokers.com\/wp-content\/uploads\/2025\/02\/oanda-registration-25.webp\" alt=\"OANDA Registrierung Schritt 25\" class=\"aligncenter\">\n    <\/li>\n<li>\n\t\tWenn du f\u00fcr ein Live-Tradingkonto geeignet bist, kannst du anschlie\u00dfend fortfahren.<br \/>\n\t\t<img decoding=\"async\" src=\"https:\/\/www.bestbrokers.com\/wp-content\/uploads\/2025\/02\/oanda-registration-26.webp\" alt=\"OANDA Registrierung Schritt 26\" class=\"aligncenter\">\n    <\/li>\n<li>\n\t\tAuf der n\u00e4chsten Seite kannst du Geld auf dein neu erstelltes Konto einzahlen. Diesen Schritt kannst du vorerst auch \u00fcberspringen.<br \/>\n\t\t<img decoding=\"async\" src=\"https:\/\/www.bestbrokers.com\/wp-content\/uploads\/2025\/02\/oanda-registration-27.webp\" alt=\"OANDA Registrierung Schritt 27\" class=\"aligncenter\">\n    <\/li>\n<li>\n\t\tDie letzte Registrierungsseite enth\u00e4lt einen Link zur Client Zone, die du \u00fcber die Schaltfl\u00e4che Next aufrufen kannst.<br \/>\n\t\t<img decoding=\"async\" src=\"https:\/\/www.bestbrokers.com\/wp-content\/uploads\/2025\/02\/oanda-registration-28.webp\" alt=\"OANDA Registrierung Schritt 28\" class=\"aligncenter\">\n    <\/li>\n<li>\n\t\tDu hast den Registrierungsprozess erfolgreich abgeschlossen. Nun musst du warten, bis das Team von OANDA deine Dokumente \u00fcberpr\u00fcft hat. OANDA sendet dir au\u00dferdem eine E-Mail mit Informationen zu weiteren eventuell ben\u00f6tigten Unterlagen. Wenn du per Kreditkarte oder Debitkarte einzahlst, kann OANDA zus\u00e4tzliche Fotos deines F\u00fchrerscheins, Reisepasses oder der verwendeten Kredit- bzw. Debitkarte verlangen. Zus\u00e4tzlich musst du ein aktuelles Dokument als Adressnachweis einreichen, zum Beispiel einen Kontoauszug, eine Kreditkartenabrechnung, eine Versorgerrechnung oder ein offizielles beh\u00f6rdliches Dokument.<br \/>\n\t\t<img decoding=\"async\" src=\"https:\/\/www.bestbrokers.com\/wp-content\/uploads\/2025\/02\/oanda-registration-29.webp\" alt=\"OANDA Registrierung Schritt 29\" class=\"aligncenter\">\n    <\/li>\n<\/ol>\n<h2 id=\"conclusion\"><i class=\"ico ico--pen\"><\/i>Fazit<\/h2>\n<p>Laut OANDA dauert der Registrierungsprozess etwa 8 Minuten. Nach unserer Erfahrung ist diese Einsch\u00e4tzung weitgehend realistisch, auch wenn es etwas l\u00e4nger dauern kann, falls Dokumente erneut hochgeladen werden m\u00fcssen oder kleinere Probleme auftreten. Die SMS-Verifizierung funktionierte ebenfalls sehr schnell, da unser Team den Code innerhalb weniger Sekunden erhielt. Die \u00dcberpr\u00fcfung der eingereichten Dokumente kann je nach Fall innerhalb eines Tages oder auch erst nach mehreren Tagen abgeschlossen sein.<\/p>\n","protected":false},"excerpt":{"rendered":"<p>Kontotypen bei OANDA OANDA ist ein Broker mit Wurzeln in den 90er-Jahren und bietet Forex-Tradern eine Vielzahl an M\u00f6glichkeiten. Dazu geh\u00f6ren eine gro\u00dfe Auswahl an handelbaren Instrumenten sowie eine sehr gute mobile Unterst\u00fctzung. Um Tradern mit unterschiedlichen Erfahrungsstufen gerecht zu werden, stellt der Broker au\u00dferdem mehrere Kontotypen zur Verf\u00fcgung. Trader ohne gro\u00dfe Erfahrung oder mit [&hellip;]<\/p>\n","protected":false},"author":2,"featured_media":0,"parent":21399,"menu_order":0,"comment_status":"closed","ping_status":"closed","template":"templates\/review.php","meta":{"footnotes":""},"class_list":["post-59650","page","type-page","status-publish","hentry"],"aioseo_notices":[],"_links":{"self":[{"href":"https:\/\/www.bestbrokers.com\/de\/wp-json\/wp\/v2\/pages\/59650","targetHints":{"allow":["GET"]}}],"collection":[{"href":"https:\/\/www.bestbrokers.com\/de\/wp-json\/wp\/v2\/pages"}],"about":[{"href":"https:\/\/www.bestbrokers.com\/de\/wp-json\/wp\/v2\/types\/page"}],"author":[{"embeddable":true,"href":"https:\/\/www.bestbrokers.com\/de\/wp-json\/wp\/v2\/users\/2"}],"replies":[{"embeddable":true,"href":"https:\/\/www.bestbrokers.com\/de\/wp-json\/wp\/v2\/comments?post=59650"}],"version-history":[{"count":8,"href":"https:\/\/www.bestbrokers.com\/de\/wp-json\/wp\/v2\/pages\/59650\/revisions"}],"predecessor-version":[{"id":83028,"href":"https:\/\/www.bestbrokers.com\/de\/wp-json\/wp\/v2\/pages\/59650\/revisions\/83028"}],"up":[{"embeddable":true,"href":"https:\/\/www.bestbrokers.com\/de\/wp-json\/wp\/v2\/pages\/21399"}],"wp:attachment":[{"href":"https:\/\/www.bestbrokers.com\/de\/wp-json\/wp\/v2\/media?parent=59650"}],"curies":[{"name":"wp","href":"https:\/\/api.w.org\/{rel}","templated":true}]}}