{"id":59651,"date":"2025-03-19T09:36:55","date_gmt":"2025-03-19T09:36:55","guid":{"rendered":"https:\/\/www.bestbrokers.com\/?page_id=59651"},"modified":"2026-03-16T14:35:07","modified_gmt":"2026-03-16T14:35:07","slug":"account-opening","status":"publish","type":"page","link":"https:\/\/www.bestbrokers.com\/de\/reviews\/etoro\/account-opening\/","title":{"rendered":"So er\u00f6ffnen Sie ein Konto bei eToro"},"content":{"rendered":"<div class=\"author-line\">Geschrieben von <span class=\"author\">Zornitsa Stefanova<div class=\"author-sub-box\"><div class=\"author-avatar\"><img decoding=\"async\" src=\"https:\/\/www.bestbrokers.com\/wp-content\/uploads\/2024\/09\/zornica-stefanova.jpeg\" \/><\/div><div class=\"author-info-wrapper\"><div class=\"author-name\"><a href=\"https:\/\/www.bestbrokers.com\/de\/authors\/zornitsa-stefanova\/\">Zornitsa Stefanova<\/a><\/div><div class=\"author-bio\">Zornitsa Stefanova ist eine erfahrene Forex- und Kryptoanalystin. Sie behandelt auch verschiedene finanzielle Themen wie Aktienhandel und Renteninvestitionen.<\/div><\/div><\/div><\/span>,  <a rel=\"nofollow\" target=\"_blank\" href=\"https:\/\/www.linkedin.com\/in\/zornica-stefanova-73ab39287\/\"><img decoding=\"async\" class=\"social-icon\" src=\"https:\/\/www.bestbrokers.com\/wp-content\/themes\/best-brokers\/assets\/images\/icon-linkedin.svg\" data-no-lazy=\"1\"><\/a> <span class=\"sep\">|<\/span> \u00dcbersetzt von <span class=\"author\">Marcus Jungnickel<div class=\"author-sub-box\"><div class=\"author-avatar\"><img decoding=\"async\" src=\"https:\/\/www.bestbrokers.com\/wp-content\/uploads\/2025\/02\/Marcus-Jungnickel-150x150-2.webp\" \/><\/div><div class=\"author-info-wrapper\"><div class=\"author-name\"><a href=\"https:\/\/www.bestbrokers.com\/de\/authors\/marcus-jungnickel\/\">Marcus Jungnickel<\/a><\/div><div class=\"author-bio\">Marcus Jungnickel ist als \u00dcbersetzer und Redakteur auf die Fachgebiete Finanzen und Wirtschaft spezialisiert. Er betreut die deutsche Version von BestBrokers.com.<\/div><\/div><\/div><\/span>, <a rel=\"nofollow\" target=\"_blank\" href=\"https:\/\/www.linkedin.com\/in\/marcus-jungnickel-3545b3154\/\"><img decoding=\"async\" class=\"social-icon\" src=\"https:\/\/www.bestbrokers.com\/wp-content\/themes\/best-brokers\/assets\/images\/icon-linkedin.svg\" data-no-lazy=\"1\"><\/a> <span class=\"sep\">|<\/span> Aktualisiert: <time class=\"entry-date\" datetime=\"2026-03-16T14:35:07+00:00\">M\u00e4rz 16, 2026<\/time><\/div>\n<h2 id=\"brief\"><i class=\"ico ico--assets\"><\/i>Kontotypen bei eToro<\/h2>\n<p>eToro bietet mehrere Kontotypen, die auf die unterschiedlichen Pr\u00e4ferenzen von Tradern zugeschnitten sind. Den Anfang macht das Standard-Konto, das f\u00fcr Privatanleger vorgesehen ist. Die Forex-Spreads beginnen ab 1 Pip, und der maximale Hebel ist auf 1:30 (CySEC, FCA usw.) bzw. 1:400 (SFSA) begrenzt. Das Professional-Konto hingegen erm\u00f6glicht Trading mit h\u00f6herem Hebel. Die Er\u00f6ffnung eines solchen Kontos setzt jedoch voraus, dass bestimmte Voraussetzungen erf\u00fcllt werden.<\/p>\n<p>Zus\u00e4tzlich sollte das Swap-freies Konto von eToro hervorgehoben werden. Dieses zeichnet sich dadurch aus, dass auf offene Positionen keine Zinsen berechnet werden. Zudem gilt eine siebent\u00e4gige Schonfrist, bevor Verwaltungsgeb\u00fchren anfallen. Der Broker bietet au\u00dferdem ein entsprechendes Profi-Konto f\u00fcr Unternehmen an.<\/p>\n<p>Nicht zuletzt k\u00f6nnen Anf\u00e4nger nach der Registrierung zwischen virtuellem und realem Trading wechseln. Das Demokonto stellt virtuelles Guthaben und bietet eine risikofreie Umgebung f\u00fcr Trader, die Strategien \u00fcben und ihre F\u00e4higkeiten verbessern m\u00f6chten, ohne echtes Geld zu riskieren.<\/p>\n\n\t\t\t\t<div class=\"table\">\n\t\t\t\t\t<table class=\"table table-striped table-bordered\">\n\t\t\t\t\t\t<tr>\n\t\t\t\t\t\t\t<td style=\"width: 250px;\"><strong>Demokonto<\/strong><\/td>\n\t\t\t\t\t\t\t<td><img decoding=\"async\" width=\"24\" height=\"24\" src=\"\/wp-content\/themes\/best-brokers\/assets\/images\/ico-check.svg\" alt=\"Available\" \/><\/td>\n\t\t\t\t\t\t<\/tr>\n\t\t\t\t\t\t<tr>\n\t\t\t\t\t\t\t<td><strong>Islamic Account<\/strong><\/td>\n\t\t\t\t\t\t\t<td><img decoding=\"async\" width=\"24\" height=\"24\" src=\"\/wp-content\/themes\/best-brokers\/assets\/images\/ico-check.svg\" alt=\"Available\" \/><\/td>\n\t\t\t\t\t\t<\/tr>\n\t\t\t\t\t\t<tr>\n\t\t\t\t\t\t\t<td><strong>ECN-Konto<\/strong><\/td>\n\t\t\t\t\t\t\t<td><img decoding=\"async\" width=\"24\" height=\"24\" src=\"\/wp-content\/themes\/best-brokers\/assets\/images\/ico-xmark.svg\" alt=\"Not Available\" \/><\/td>\n\t\t\t\t\t\t<\/tr>\n\t\t\t\t\t\t<tr>\n\t\t\t\t\t\t\t<td><strong>Pro-Konto<\/strong><\/td>\n\t\t\t\t\t\t\t<td><img decoding=\"async\" width=\"24\" height=\"24\" src=\"\/wp-content\/themes\/best-brokers\/assets\/images\/ico-check.svg\" alt=\"Available\" \/><\/td>\n\t\t\t\t\t\t<\/tr>\n\t\t\t\t\t\t<tr>\n\t\t\t\t\t\t\t<td><strong>MAM Account<\/strong><\/td>\n\t\t\t\t\t\t\t<td><img decoding=\"async\" width=\"24\" height=\"24\" src=\"\/wp-content\/themes\/best-brokers\/assets\/images\/ico-xmark.svg\" alt=\"Not Available\" \/><\/td>\n\t\t\t\t\t\t<\/tr>\n\t\t\t\t\t<\/table>\n\t\t\t\t<\/div>\n\t\t\t\n<h2 id=\"deposit\"><i class=\"ico ico--money-supply\"><\/i>Mindesteinzahlung bei eToro<\/h2>\n<p>Trader sollten beachten, dass die erforderliche erste Mindesteinzahlung bei eToro davon abh\u00e4ngt, wo sich dein Wohnsitz befindet. In den meisten europ\u00e4ischen L\u00e4ndern, darunter auch im Vereinigten K\u00f6nigreich, betr\u00e4gt die erste Mindesteinzahlung 50 USD. Dasselbe gilt f\u00fcr Taiwan, Australien, Malaysia, Singapur, die USA sowie franz\u00f6sische \u00dcberseegebiete. In den Vereinigten Arabischen Emiraten liegt die erforderliche Mindesteinzahlung bei 100 USD.<\/p>\n<p>Eine erste Einzahlung von 1.000 USD gilt f\u00fcr Trader mit Wohnsitz in L\u00e4ndern wie Neuseeland, Kuwait, der Isle of Man, Jersey und R\u00e9union. In einigen L\u00e4ndern, darunter Bulgarien und S\u00fcdafrika, betr\u00e4gt die Anforderung 2.000 USD, w\u00e4hrend Trader aus Israel eine Mindesteinzahlung von 10.000 USD erf\u00fcllen m\u00fcssen. Trader aus zugelassenen L\u00e4ndern, die nicht auf der Liste von eToro aufgef\u00fchrt sind, unterliegen einer Mindesteinzahlung von 200 USD.<\/p>\n<p>Weitere Einzahlungen m\u00fcssen mindestens 50 USD betragen. Ausnahmen gelten f\u00fcr das Vereinigte K\u00f6nigreich (10 USD) und die USA (1 USD). Bei Bank\u00fcberweisungen muss die Einzahlung mindestens 500 USD betragen.<\/p>\n<h2 id=\"instruments\"><i class=\"ico ico--common-technical-analysis-tools\"><\/i>Handelbare Instrumente bei eToro<\/h2>\n<p>Ein gro\u00dfer Vorteil von eToro ist das umfangreiche Produktangebot. Die Plattform z\u00e4hlt zu den bekannten Anbietern im Bereich Social-Trading und Kryptow\u00e4hrungen, und auch das Forex-Trading genie\u00dft bei Tradern einen guten Ruf. Die Spreads bei Hauptw\u00e4hrungspaaren beginnen in der Regel ab 1 Pip, und Provisionen fallen nicht an.<\/p>\n<p>Neben Forex und Kryptow\u00e4hrungen bietet eToro auch M\u00e4rkte wie Aktien, Rohstoffe, Indizes und ETFs an.<\/p>\n<h2 id=\"steps\"><i class=\"ico ico--account\"><\/i>Schritt-f\u00fcr-Schritt Registrierung bei eToro \u2013 dauert etwa 15 Minuten (Live-Konto)<\/h2>\n<p>Der Registrierungsprozess bei eToro geh\u00f6rt zu den etwas l\u00e4ngeren, doch wenn du die folgenden Schritte befolgst, bist du schnell fertig. Au\u00dferdem zeigen wir dir, wie du dein Konto verifizieren kannst.<\/p>\n<ol class=\"list list--steps\">\n<li>\n\t\tIm ersten Schritt klickst du auf den Button \u201eJoin eToro\u201c auf der Startseite des Brokers.<\/p>\n<p>\t\t<img decoding=\"async\" src=\"https:\/\/www.bestbrokers.com\/wp-content\/uploads\/2025\/02\/etoro-registration-1.webp\" alt=\"eToro Registration Step 1\" class=\"aligncenter\">\n    <\/li>\n<li>\n\t\tGib anschlie\u00dfend deine E-Mail-Adresse ein und erstelle einen Benutzernamen sowie ein Passwort. Akzeptiere die Nutzungsbedingungen und die Datenschutzrichtlinie von eToro und klicke anschlie\u00dfend auf \u201eCreate Account\u201c.<\/p>\n<p>\t\t<img decoding=\"async\" src=\"https:\/\/www.bestbrokers.com\/wp-content\/uploads\/2025\/02\/etoro-registration-2.webp\" alt=\"eToro Registration Step 2\" class=\"aligncenter\">\n    <\/li>\n<li>\n\t\tNach der Aktivierung deines Kontos erh\u00e4ltst du eine kostenlose Krypto-Position im Wert von 10 USD. Zur Auswahl stehen Bitcoin, Ethereum, EOS, Ethereum Classic, Shiba Inu Coin, Dogecoin, Litecoin, Chainlink und Uniswap. Nachdem du deine Kryptow\u00e4hrung ausgew\u00e4hlt hast, klicke auf \u201eContinue\u201c.<br \/>\n\t\t<img decoding=\"async\" src=\"https:\/\/www.bestbrokers.com\/wp-content\/uploads\/2025\/02\/etoro-registration-3.webp\" alt=\"eToro Registration Step 3\" class=\"aligncenter\">\n    <\/li>\n<li>\n\t\teToro fordert dich nun auf, mit dem Verifizierungsprozess zu beginnen.<br \/>\n\t\t<img decoding=\"async\" src=\"https:\/\/www.bestbrokers.com\/wp-content\/uploads\/2025\/02\/etoro-registration-4.webp\" alt=\"eToro Registration Step 4\" class=\"aligncenter\">\n    <\/li>\n<li>\n\t\tGib nun deinen vollst\u00e4ndigen Namen an, w\u00e4hle dein Geschlecht aus und trage dein Geburtsdatum ein.<br \/>\n\t\t<img decoding=\"async\" src=\"https:\/\/www.bestbrokers.com\/wp-content\/uploads\/2025\/02\/etoro-registration-5.webp\" alt=\"eToro Registration Step 5\" class=\"aligncenter\">\n    <\/li>\n<li>\n\t\tGib deine Adresse an, best\u00e4tige, ob das ausgew\u00e4hlte Land sowohl dein Geburtsland als auch deine Staatsb\u00fcrgerschaft ist, und gib an, ob du aus den USA stammst.<br \/>\n\t\t<img decoding=\"async\" src=\"https:\/\/www.bestbrokers.com\/wp-content\/uploads\/2025\/02\/etoro-registration-6.webp\" alt=\"eToro Registration Step 6\" class=\"aligncenter\">\n    <\/li>\n<li>\n\t\tDu kannst jetzt deine nationale Identifikationsnummer angeben. Dieser Schritt ist optional.<br \/>\n\t\t<img decoding=\"async\" src=\"https:\/\/www.bestbrokers.com\/wp-content\/uploads\/2025\/02\/etoro-registration-7.webp\" alt=\"eToro Registration Step 7\" class=\"aligncenter\">\n    <\/li>\n<li>\n\t\tTeile eToro mit, welche Erfahrung du beim Trading mit Aktien und ETFs hast und wie viel Geld du in den letzten zw\u00f6lf Monaten investiert hast.<br \/>\n\t\t<img decoding=\"async\" src=\"https:\/\/www.bestbrokers.com\/wp-content\/uploads\/2025\/02\/etoro-registration-8.webp\" alt=\"eToro Registration Step 8\" class=\"aligncenter\">\n    <\/li>\n<li>\n\t\tAnschlie\u00dfend machst du dasselbe f\u00fcr Kryptow\u00e4hrungen.<br \/>\n\t\t<img decoding=\"async\" src=\"https:\/\/www.bestbrokers.com\/wp-content\/uploads\/2025\/02\/etoro-registration-9.webp\" alt=\"eToro Registration Step 9\" class=\"aligncenter\">\n    <\/li>\n<li>\n\t\teToro fragt au\u00dferdem, ob du bereits mit CFDs getradet hast.<br \/>\n\t\t<img decoding=\"async\" src=\"https:\/\/www.bestbrokers.com\/wp-content\/uploads\/2025\/02\/etoro-registration-10.webp\" alt=\"eToro Registration Step 10\" class=\"aligncenter\">\n    <\/li>\n<li>\n\t\tWenn du einen Abschluss im Finanzbereich hast, Trading-Kurse zu Produkten mit Hebel absolviert hast oder ein zertifizierter Experte im Finanzsektor bist, kannst du die entsprechenden Optionen ausw\u00e4hlen. Andernfalls w\u00e4hle \u201eNo Training\u201c und fahre mit dem n\u00e4chsten Schritt fort.<\/p>\n<p>\t\t<img decoding=\"async\" src=\"https:\/\/www.bestbrokers.com\/wp-content\/uploads\/2025\/02\/etoro-registration-11.webp\" alt=\"eToro Registration Step 11\" class=\"aligncenter\">\n    <\/li>\n<li>\n\t\tNun beginnt die Bewertungsphase. Die ersten Aussagen beziehen sich auf den Hebel und weitere Grundlagen, w\u00e4hrend im n\u00e4chsten Teil dein Verst\u00e4ndnis f\u00fcr Krypto-Trading gepr\u00fcft wird.<\/p>\n<p>\t\t<img decoding=\"async\" src=\"https:\/\/www.bestbrokers.com\/wp-content\/uploads\/2025\/02\/etoro-registration-12.webp\" alt=\"eToro Registration Step 12\" class=\"aligncenter\">\n    <\/li>\n<li>\n\t\tW\u00e4hle aus, wie lange du deine zuk\u00fcnftigen Positionen voraussichtlich halten wirst.<\/p>\n<p>\t\t<img decoding=\"async\" src=\"https:\/\/www.bestbrokers.com\/wp-content\/uploads\/2025\/02\/etoro-registration-13.webp\" alt=\"eToro Registration Step 13\" class=\"aligncenter\">\n    <\/li>\n<li>\n\t\tTeile eToro mit, welche Ziele du mit dem Trading auf der Plattform verfolgst und welchen Betrag du einzahlen m\u00f6chtest. Ganz unten findest du au\u00dferdem die erforderliche Mindesteinzahlung f\u00fcr deine Region.<br \/>\n\t\t<img decoding=\"async\" src=\"https:\/\/www.bestbrokers.com\/wp-content\/uploads\/2025\/02\/etoro-registration-14.webp\" alt=\"eToro Registration Step 14\" class=\"aligncenter\">\n    <\/li>\n<li>\n\t\tW\u00e4hle die Option, die deine Risikobereitschaft am besten beschreibt \u2013 also wie viel Gewinn und Verlust du erwartest. Wenn du beispielsweise 20 % \/ -20 % ausw\u00e4hlst, bedeutet das, dass du bereit bist, 10.000 USD zu riskieren, um 10.000 USD zu gewinnen.<br \/>\n\t\t<img decoding=\"async\" src=\"https:\/\/www.bestbrokers.com\/wp-content\/uploads\/2025\/02\/etoro-registration-15.webp\" alt=\"eToro Registration Step 15\" class=\"aligncenter\">\n    <\/li>\n<li>\n\t\tAuf der n\u00e4chsten Seite wird gepr\u00fcft, ob du selbst oder ein unmittelbares Familienmitglied eine politisch exponierte Person bist.<br \/>\n\t\t<img decoding=\"async\" src=\"https:\/\/www.bestbrokers.com\/wp-content\/uploads\/2025\/02\/etoro-registration-16.webp\" alt=\"eToro Registration Step 16\" class=\"aligncenter\">\n    <\/li>\n<li>\n\t\teToro fragt nun nach deinen finanziellen Angaben, darunter die Herkunft deiner Mittel, dein Beruf, dein j\u00e4hrliches Nettoeinkommen und deine Ersparnisse.<br \/>\n\t\t<img decoding=\"async\" src=\"https:\/\/www.bestbrokers.com\/wp-content\/uploads\/2025\/02\/etoro-registration-17.webp\" alt=\"eToro Registration Step 17\" class=\"aligncenter\">\n    <\/li>\n<li>\n\t\teToro fordert dich nun auf, deine Telefonnummer anzugeben, damit diese per SMS verifiziert werden kann.<br \/>\n\t\t<img decoding=\"async\" src=\"https:\/\/www.bestbrokers.com\/wp-content\/uploads\/2025\/02\/etoro-registration-18.webp\" alt=\"eToro Registration Step 18\" class=\"aligncenter\">\n    <\/li>\n<li>\n\t\tAu\u00dferdem musst du einen Identit\u00e4tsnachweis (POI) einreichen, indem du ein oder zwei Fotos eines g\u00fcltigen Dokuments hochl\u00e4dst. Das kann beispielsweise dein Reisepass, F\u00fchrerschein oder Personalausweis sein. Sowohl die Vorder- als auch die R\u00fcckseite des Dokuments m\u00fcssen hochgeladen werden.<br \/>\n\t\t<img decoding=\"async\" src=\"https:\/\/www.bestbrokers.com\/wp-content\/uploads\/2025\/02\/etoro-registration-19.webp\" alt=\"eToro Registration Step 19\" class=\"aligncenter\">\n    <\/li>\n<li>\n\t\tAuch ein Adressnachweis (POA) ist erforderlich. G\u00fcltige Nachweise sind zum Beispiel Kontoausz\u00fcge, Kreditkartenabrechnungen, Rechnungen f\u00fcr Strom, Wasser oder Gas, kommunale Steuerbescheide, Steuerbriefe, offizielle Mietvertr\u00e4ge von Beh\u00f6rden, Schreiben deiner Gemeinde, Telefonrechnungen oder Internetrechnungen. Beachte, dass der gew\u00e4hlte Adressnachweis innerhalb der letzten drei Monate ausgestellt worden sein muss.<br \/>\n\t\t<img decoding=\"async\" src=\"https:\/\/www.bestbrokers.com\/wp-content\/uploads\/2025\/02\/etoro-registration-20.webp\" alt=\"eToro Registration Step 20\" class=\"aligncenter\">\n    <\/li>\n<li>\n\t\t\u00d6ffne abschlie\u00dfend deine Kontoeinstellungen und best\u00e4tige deine E-Mail-Adresse, indem du einen sechsstelligen Code anforderst.<br \/>\n\t\t<img decoding=\"async\" src=\"https:\/\/www.bestbrokers.com\/wp-content\/uploads\/2025\/02\/etoro-registration-21.webp\" alt=\"eToro Registration Step 21\" class=\"aligncenter\">\n    <\/li>\n<\/ol>\n<h2 id=\"verification\"><i class=\"ico ico--approve\"><\/i>Virtuelles Trading aktivieren \u2013 dauert weniger als eine Minute<\/h2>\n<p>Wie bereits erw\u00e4hnt, bietet eToro auch die M\u00f6glichkeit, Demo-Trading mit virtuellem Guthaben auszuprobieren, bevor du mit echtem Geld tradest.<\/p>\n<ol class=\"list list--steps\">\n<li>\n\t\tNach der Registrierung kannst du den Verifizierungsprozess \u00fcberspringen und auf den Button \u201eSwitch to Virtual\u201c klicken, der sich unten links befindet.<br \/>\n\t\t<img decoding=\"async\" src=\"https:\/\/www.bestbrokers.com\/wp-content\/uploads\/2025\/02\/etoro-registration-22.webp\" alt=\"eToro Registration Step 22\" class=\"aligncenter\">\n    <\/li>\n<li>\n\t\tEs \u00f6ffnet sich nun ein Best\u00e4tigungsfenster mit einer kurzen \u00dcbersicht dar\u00fcber, wof\u00fcr der virtuelle Modus genutzt werden kann. Klicke auf den Button \u201eSwitch to Virtual Portfolio\u201c.<br \/>\n\t\t<img decoding=\"async\" src=\"https:\/\/www.bestbrokers.com\/wp-content\/uploads\/2025\/02\/etoro-registration-23.webp\" alt=\"eToro Registration Step 23\" class=\"aligncenter\">\n    <\/li>\n<li>\n\t\tJetzt kannst du die handelbaren Instrumente von eToro erkunden. Insgesamt stehen dir 100.000 USD virtuelles Guthaben zur Verf\u00fcgung.<br \/>\n\t\t<img decoding=\"async\" src=\"https:\/\/www.bestbrokers.com\/wp-content\/uploads\/2025\/02\/etoro-registration-24.webp\" alt=\"eToro Registration Step 24\" class=\"aligncenter\">\n    <\/li>\n<\/ol>\n<h2 id=\"conclusion\"><i class=\"ico ico--pen\"><\/i>Fazit <\/h2>\n<p>Insgesamt dauert die Registrierung und Verifizierung etwa 15 Minuten. Dazu geh\u00f6ren das Ausf\u00fcllen aller erforderlichen Angaben sowie das Hochladen der notwendigen Dokumente. Laut eToro werden Verifizierungsanfragen automatisch bearbeitet, eine manuelle \u00dcberpr\u00fcfung (falls erforderlich) kann jedoch bis zu drei Werktage dauern. Falls zus\u00e4tzliche Pr\u00fcfungen erforderlich sind, kann sich die Bearbeitungszeit entsprechend verl\u00e4ngern.<\/p>\n<p><em><br \/>\neToro ist eine Multi-Asset-Plattform, die sowohl Aktienhandel und Krypto-Assets als auch das Trading mit CFDs erm\u00f6glicht.<\/p>\n<p>CFDs sind komplexe Instrumente und gehen aufgrund des Hebels mit einem hohen Risiko einher, schnell Geld zu verlieren. 61 % der Konten von Privatanlegern verlieren Geld beim CFD-Trading bei diesem Anbieter. Du solltest \u00fcberlegen, ob du verstehst, wie CFDs funktionieren und ob du dir das hohe Risiko leisten kannst, dein Geld zu verlieren.<\/p>\n<p>Diese Mitteilung dient ausschlie\u00dflich Informations- und Bildungszwecken und stellt weder eine Anlageberatung noch eine Anlageempfehlung dar. Vergangene Wertentwicklungen sind kein verl\u00e4sslicher Indikator f\u00fcr zuk\u00fcnftige Ergebnisse.<\/p>\n<p>Copy Trading stellt keine Anlageberatung dar. Der Wert deiner Investments kann steigen oder fallen. Dein Kapital ist gef\u00e4hrdet. Investiere nur, wenn du bereit bist, das gesamte investierte Geld zu verlieren. Es handelt sich um eine risikoreiche Anlage, bei der du im Problemfall m\u00f6glicherweise keinen Schutz erh\u00e4ltst. <a href=\"https:\/\/www.bestbrokers.com\/out\/terms\/etoro?au=130&amp;bp=1\" target=\"_blank\" rel=\"nofollow noopener\">Nimm dir 2 Minuten Zeit und erfahre mehr<\/a><\/p>\n<p>eToro USA LLC bietet keine CFDs an und \u00fcbernimmt keine Gew\u00e4hr f\u00fcr die Richtigkeit oder Vollst\u00e4ndigkeit der Inhalte dieser Ver\u00f6ffentlichung. Diese wurde von unserem Partner auf Grundlage \u00f6ffentlich verf\u00fcgbarer, nicht unternehmensspezifischer Informationen \u00fcber eToro erstellt.<br \/>\n<\/em><\/p>\n","protected":false},"excerpt":{"rendered":"<p>Kontotypen bei eToro eToro bietet mehrere Kontotypen, die auf die unterschiedlichen Pr\u00e4ferenzen von Tradern zugeschnitten sind. Den Anfang macht das Standard-Konto, das f\u00fcr Privatanleger vorgesehen ist. Die Forex-Spreads beginnen ab 1 Pip, und der maximale Hebel ist auf 1:30 (CySEC, FCA usw.) bzw. 1:400 (SFSA) begrenzt. Das Professional-Konto hingegen erm\u00f6glicht Trading mit h\u00f6herem Hebel. Die [&hellip;]<\/p>\n","protected":false},"author":2,"featured_media":0,"parent":21675,"menu_order":0,"comment_status":"closed","ping_status":"closed","template":"templates\/review.php","meta":{"footnotes":""},"class_list":["post-59651","page","type-page","status-publish","hentry"],"aioseo_notices":[],"_links":{"self":[{"href":"https:\/\/www.bestbrokers.com\/de\/wp-json\/wp\/v2\/pages\/59651","targetHints":{"allow":["GET"]}}],"collection":[{"href":"https:\/\/www.bestbrokers.com\/de\/wp-json\/wp\/v2\/pages"}],"about":[{"href":"https:\/\/www.bestbrokers.com\/de\/wp-json\/wp\/v2\/types\/page"}],"author":[{"embeddable":true,"href":"https:\/\/www.bestbrokers.com\/de\/wp-json\/wp\/v2\/users\/2"}],"replies":[{"embeddable":true,"href":"https:\/\/www.bestbrokers.com\/de\/wp-json\/wp\/v2\/comments?post=59651"}],"version-history":[{"count":9,"href":"https:\/\/www.bestbrokers.com\/de\/wp-json\/wp\/v2\/pages\/59651\/revisions"}],"predecessor-version":[{"id":83029,"href":"https:\/\/www.bestbrokers.com\/de\/wp-json\/wp\/v2\/pages\/59651\/revisions\/83029"}],"up":[{"embeddable":true,"href":"https:\/\/www.bestbrokers.com\/de\/wp-json\/wp\/v2\/pages\/21675"}],"wp:attachment":[{"href":"https:\/\/www.bestbrokers.com\/de\/wp-json\/wp\/v2\/media?parent=59651"}],"curies":[{"name":"wp","href":"https:\/\/api.w.org\/{rel}","templated":true}]}}