{"id":59652,"date":"2025-03-19T09:36:56","date_gmt":"2025-03-19T09:36:56","guid":{"rendered":"https:\/\/www.bestbrokers.com\/?page_id=59652"},"modified":"2026-03-16T14:36:50","modified_gmt":"2026-03-16T14:36:50","slug":"spreads-fees-and-commissions","status":"publish","type":"page","link":"https:\/\/www.bestbrokers.com\/de\/reviews\/avatrade\/spreads-fees-and-commissions\/","title":{"rendered":"Spreads, Geb\u00fchren und Kommissionen bei AvaTrade"},"content":{"rendered":"<div class=\"author-line\">Geschrieben von <span class=\"author\">Naylyan Nazifova<div class=\"author-sub-box\"><div class=\"author-avatar\"><img decoding=\"async\" src=\"https:\/\/www.bestbrokers.com\/wp-content\/uploads\/2026\/04\/nnazifova.webp\" \/><\/div><div class=\"author-info-wrapper\"><div class=\"author-name\"><a href=\"https:\/\/www.bestbrokers.com\/de\/authors\/naylyan-nazifova\/\">Naylyan Nazifova<\/a><\/div><div class=\"author-bio\">Naylyan Nazifova ist eine anerkannte Expertin im Bereich des Online-Handels. Sie hat viele Ver\u00f6ffentlichungen und Analysen zu Themen wie Forex-Handel, Aktieninvestitionen und pers\u00f6nlicher Finanzplanung.<\/div><\/div><\/div><\/span>,  <a rel=\"nofollow\" target=\"_blank\" href=\"https:\/\/www.linkedin.com\/in\/naylian-nazifova-58562a272\/\"><img decoding=\"async\" class=\"social-icon\" src=\"https:\/\/www.bestbrokers.com\/wp-content\/themes\/best-brokers\/assets\/images\/icon-linkedin.svg\" data-no-lazy=\"1\"><\/a> <span class=\"sep\">|<\/span> \u00dcbersetzt von <span class=\"author\">Marcus Jungnickel<div class=\"author-sub-box\"><div class=\"author-avatar\"><img decoding=\"async\" src=\"https:\/\/www.bestbrokers.com\/wp-content\/uploads\/2025\/02\/Marcus-Jungnickel-150x150-2.webp\" \/><\/div><div class=\"author-info-wrapper\"><div class=\"author-name\"><a href=\"https:\/\/www.bestbrokers.com\/de\/authors\/marcus-jungnickel\/\">Marcus Jungnickel<\/a><\/div><div class=\"author-bio\">Marcus Jungnickel ist als \u00dcbersetzer und Redakteur auf die Fachgebiete Finanzen und Wirtschaft spezialisiert. Er betreut die deutsche Version von BestBrokers.com.<\/div><\/div><\/div><\/span>, <a rel=\"nofollow\" target=\"_blank\" href=\"https:\/\/www.linkedin.com\/in\/marcus-jungnickel-3545b3154\/\"><img decoding=\"async\" class=\"social-icon\" src=\"https:\/\/www.bestbrokers.com\/wp-content\/themes\/best-brokers\/assets\/images\/icon-linkedin.svg\" data-no-lazy=\"1\"><\/a> <span class=\"sep\">|<\/span> Aktualisiert: <time class=\"entry-date\" datetime=\"2026-03-16T14:36:50+00:00\">M\u00e4rz 16, 2026<\/time><\/div>\n<p>AvaTrade ist ein weltweit bekannter Forex- und CFD-Broker, der eine breite Auswahl von \u00fcber 1.000 handelbaren M\u00e4rkten anbietet. Die wichtigste Einnahmequelle des Brokers ist der Bid-Ask-Spread.<\/p>\n<p>In diesem Leitfaden zeigen wir dir die wichtigsten Trading-Kosten und sonstigen Geb\u00fchren bei AvaTrade, damit du wei\u00dft, welche Kosten auf dich zukommen, bevor du ein Live-Konto er\u00f6ffnest. Die transparente Spread-Struktur hilft dir dabei, jederzeit den \u00dcberblick \u00fcber alle anfallenden Geb\u00fchren zu behalten und dein Kontoguthaben effizient zu verwalten. Das Team von BestBrokers hat die Geb\u00fchrenstruktur von AvaTrade ausf\u00fchrlich analysiert und die wichtigsten Kostenpunkte hervorgehoben, darunter Spreads, \u00dcbernacht-Finanzierung (Overnight-Geb\u00fchren) sowie verschiedene sonstige Kosten.<\/p>\n<h2 id=\"costs\"><i class=\"ico ico--money-supply\"><\/i>Trading-Kosten bei AvaTrade<\/h2>\n<p>AvaTrade bietet zwei Hauptkontotypen an: das Standard-Konto und das professionelle Konto. Das erste eignet sich f\u00fcr Privatanleger, w\u00e4hrend das zweite ausschlie\u00dflich qualifizierten Tradern vorbehalten ist, die die Zulassungskriterien des Brokers erf\u00fcllen. Inhaber eines professionellen Kontos bei AvaTrade profitieren von engeren Spreads und h\u00f6heren Hebel-Limits.<\/p>\n<p>Zus\u00e4tzlich zu den Standard- und professionellen Konten bietet der Broker ein Spread-Betting-Konto f\u00fcr Trader aus dem Vereinigten K\u00f6nigreich und Irland, ein islamisches Konto gem\u00e4\u00df der Scharia sowie ein AvaOptions-Konto, das sich f\u00fcr ausreichend erfahrene Trader eignet. Alle Kontotypen bieten Optionen f\u00fcr Standard-, Mini- und Micro-Trading, abh\u00e4ngig von den Lotgr\u00f6\u00dfen, mit denen Trader handeln m\u00f6chten. Bei den unterst\u00fctzten Trading-Plattformen k\u00f6nnen Nutzer zwischen MT4, MT5, der propriet\u00e4ren Plattform AvaOptions sowie Copy-Trading-Plattformen w\u00e4hlen.<\/p>\n<p>In diesem Abschnitt konzentrieren wir uns auf die Trading-Kosten der Standard- und professionellen Konten bei AvaTrade. Das Standard-Konto verwendet ein Spread-basiertes Preismodell, bei dem s\u00e4mtliche Trading-Kosten direkt im Spread enthalten sind. Die Spreads sind festgelegt, sodass Trader unabh\u00e4ngig vom Zeitpunkt des Handels den gleichen Preis erhalten.<\/p>\n<p>Das professionelle Konto bietet engere Spreads, was auf das h\u00f6here Handelsvolumen und die gr\u00f6\u00dfere Portfoliogr\u00f6\u00dfe der professionellen Trader zur\u00fcckzuf\u00fchren ist. Zus\u00e4tzlich werden keine Kommissionen berechnet, sofern nicht ausdr\u00fccklich anders angegeben.<\/p>\n<p>Um das Konzept der Trading-Kosten bei den Standard- und professionellen Konten von AvaTrade zu verdeutlichen, betrachten wir ein Beispiel f\u00fcr einen Trade mit 1 Standard-Lot im W\u00e4hrungspaar EUR\/USD (100.000 W\u00e4hrungseinheiten). Dabei gilt: Ein Pip entspricht einem Wert von 10 USD, und wir gehen davon aus, dass der Trade zum gleichen Preis er\u00f6ffnet und geschlossen wird. Der Spread bei AvaTrade betr\u00e4gt derzeit f\u00fcr das W\u00e4hrungspaar EUR\/USD 0,8 Pips f\u00fcr Standard-Konten und 0,6 Pips f\u00fcr professionelle Konten.<\/p>\n<hr style=\"height:2px;border-width:0;color:#dee2e6;background-color:#dee2e6; clear: both;\">\n<p><strong>AvaTrade Standard-Konto:<\/strong><\/p>\n<p>Spread: 0,8<br \/>\nGesamtkosten: 0,8 x 10 USD = 8 USD pro Seite oder 16 USD f\u00fcr einen vollst\u00e4ndigen Roundtrip-Trade mit 1 Lot<\/p>\n<hr style=\"height:2px;border-width:0;color:#dee2e6;background-color:#dee2e6; clear: both;\">\n<p><strong>Das professionelles Konto bei AvaTrade:<\/strong><\/p>\n<p>Spread: 0,6<br \/>\nSpread-Kosten: 0,6 x 10 USD = 6 USD pro Seite oder 12 USD f\u00fcr einen vollst\u00e4ndigen Roundtrip-Trade mit 1 Lot<\/p>\n<hr style=\"height:2px;border-width:0;color:#dee2e6;background-color:#dee2e6; clear: both;\">\n<p>Der direkte Vergleich zeigt, dass das professionelle Konto von AvaTrade engere Spreads bietet. Um f\u00fcr ein professionelles Konto infrage zu kommen, m\u00fcssen Trader mindestens zwei von drei Hauptkriterien erf\u00fcllen: ihre Trading-Aktivit\u00e4t, relevante Erfahrung im Finanzdienstleistungssektor sowie die Gr\u00f6\u00dfe ihres Instrumenten-Portfolios. Allerdings verzichten Inhaber eines professionellen Kontos auf mehrere Schutzmechanismen, darunter den Schutz vor negativem Kontostand. Dadurch kann es im Extremfall dazu kommen, dass mehr Geld verloren geht als urspr\u00fcnglich eingezahlt wurde. Die Risiken werden zus\u00e4tzlich dadurch erh\u00f6ht, dass Trader bei Brokern f\u00fcr Privatanleger maximal einen Hebel von 1:30 nutzen k\u00f6nnen, w\u00e4hrend professionelle Trader Hebel von bis zu 1:400 einsetzen d\u00fcrfen.<\/p>\n<p>In der folgenden Tabelle k\u00f6nnen Trader die Spreads des Standard-Kontos f\u00fcr mehrere beliebte Forex-Paare sowie die Kosten f\u00fcr Micro- und Standard-Lot-Trades einsehen.<\/p>\n<div class=\"table-responsive\">\n<table class=\"table table--colorful\">\n<thead>\n<tr>\n<th colspan=\"5\" style=\"background-color: #fff;\">Durchschnittliche Spread-Kosten mit dem AvaTrade Standard-Konto<\/th>\n<\/tr>\n<tr>\n<th>W\u00e4hrungspaar<\/th>\n<th>Spread (in Pips)<\/th>\n<th>Kommission pro Seite<\/th>\n<th>Kosten pro Micro-Lot<\/th>\n<th>Kosten pro Standard-Lot<\/th>\n<\/tr>\n<\/thead>\n<tbody>\n<tr>\n<td>EUR\/USD<\/td>\n<td style=\"text-align: center;\">0,8<\/td>\n<td style=\"text-align: center;\">0 USD<\/td>\n<td style=\"text-align: center;\">0,08 USD<\/td>\n<td style=\"text-align: center;\">8,00 USD<\/td>\n<\/tr>\n<tr>\n<td>USD\/JPY<\/td>\n<td style=\"text-align: center;\">1,3<\/td>\n<td style=\"text-align: center;\">0 USD<\/td>\n<td style=\"text-align: center;\">0,09 USD<\/td>\n<td style=\"text-align: center;\">8,85 USD<\/td>\n<\/tr>\n<tr>\n<td>EUR\/GBP<\/td>\n<td style=\"text-align: center;\">1,2<\/td>\n<td style=\"text-align: center;\">0 USD<\/td>\n<td style=\"text-align: center;\">0,16 USD<\/td>\n<td style=\"text-align: center;\">16,27 USD<\/td>\n<\/tr>\n<tr>\n<td>GBP\/USD<\/td>\n<td style=\"text-align: center;\">1,2<\/td>\n<td style=\"text-align: center;\">0 USD<\/td>\n<td style=\"text-align: center;\">0,12 USD<\/td>\n<td style=\"text-align: center;\">12,00 USD<\/td>\n<\/tr>\n<tr>\n<td>AUD\/USD<\/td>\n<td style=\"text-align: center;\">0,90<\/td>\n<td style=\"text-align: center;\">0 USD<\/td>\n<td style=\"text-align: center;\">0,09 USD<\/td>\n<td style=\"text-align: center;\">11,00 USD<\/td>\n<\/tr>\n<tr>\n<td>USD\/CAD<\/td>\n<td style=\"text-align: center;\">1,8<\/td>\n<td style=\"text-align: center;\">0 USD<\/td>\n<td style=\"text-align: center;\">0,13 USD<\/td>\n<td style=\"text-align: center;\">13,14 USD<\/td>\n<\/tr>\n<tr>\n<td>USD\/CHF<\/td>\n<td style=\"text-align: center;\">1,3<\/td>\n<td style=\"text-align: center;\">0 USD<\/td>\n<td style=\"text-align: center;\">0,16 USD<\/td>\n<td style=\"text-align: center;\">16,31 USD<\/td>\n<\/tr>\n<tr>\n<td>NZD\/USD<\/td>\n<td style=\"text-align: center;\">1,4<\/td>\n<td style=\"text-align: center;\">0 USD<\/td>\n<td style=\"text-align: center;\">0,18 USD<\/td>\n<td style=\"text-align: center;\">17,56 USD<\/td>\n<\/tr>\n<\/tbody>\n<\/table>\n<\/div>\n<p style=\"text-align: center; font-size: 13px;\"><em>*Die Trading-Kosten der W\u00e4hrungspaare werden in USD angegeben.<\/em><\/p>\n<p>Die zweite Tabelle zeigt die entsprechenden Spreads und Berechnungen f\u00fcr dieselben Forex-Paare mit dem professionellen Konto von AvaTrade.<\/p>\n<div class=\"table-responsive\">\n<table class=\"table table--colorful\">\n<thead>\n<tr>\n<th colspan=\"5\" style=\"background-color: #fff;\">Durchschnittliche Spread-Kosten mit dem professionellen Konto von AvaTrade<\/th>\n<\/tr>\n<tr>\n<th>W\u00e4hrungspaar<\/th>\n<th>Spread (in Pips)<\/th>\n<th>Kommission pro Seite<\/th>\n<th>Kosten pro Micro-Lot<\/th>\n<th>Kosten pro Standard-Lot<\/th>\n<\/tr>\n<\/thead>\n<tbody>\n<tr>\n<td>EUR\/USD<\/td>\n<td style=\"text-align: center;\">0,6<\/td>\n<td style=\"text-align: center;\">0 USD<\/td>\n<td style=\"text-align: center;\">0,06 USD<\/td>\n<td style=\"text-align: center;\">6,00 USD<\/td>\n<\/tr>\n<tr>\n<td>USD\/JPY<\/td>\n<td style=\"text-align: center;\">1,1<\/td>\n<td style=\"text-align: center;\">0 USD<\/td>\n<td style=\"text-align: center;\">0,07 USD<\/td>\n<td style=\"text-align: center;\">7,49 USD<\/td>\n<\/tr>\n<tr>\n<td>EUR\/GBP<\/td>\n<td style=\"text-align: center;\">0,9<\/td>\n<td style=\"text-align: center;\">0 USD<\/td>\n<td style=\"text-align: center;\">0,12 USD<\/td>\n<td style=\"text-align: center;\">12,20 USD<\/td>\n<\/tr>\n<tr>\n<td>GBP\/USD<\/td>\n<td style=\"text-align: center;\">0,9<\/td>\n<td style=\"text-align: center;\">0 USD<\/td>\n<td style=\"text-align: center;\">0,09 USD<\/td>\n<td style=\"text-align: center;\">9,00 USD<\/td>\n<\/tr>\n<tr>\n<td>AUD\/USD<\/td>\n<td style=\"text-align: center;\">0,8<\/td>\n<td style=\"text-align: center;\">0 USD<\/td>\n<td style=\"text-align: center;\">0,08 USD<\/td>\n<td style=\"text-align: center;\">8,00 USD<\/td>\n<\/tr>\n<tr>\n<td>USD\/CAD<\/td>\n<td style=\"text-align: center;\">1,5<\/td>\n<td style=\"text-align: center;\">0 USD<\/td>\n<td style=\"text-align: center;\">0,11 USD<\/td>\n<td style=\"text-align: center;\">10,95 USD<\/td>\n<\/tr>\n<tr>\n<td>USD\/CHF<\/td>\n<td style=\"text-align: center;\">0,9<\/td>\n<td style=\"text-align: center;\">0 USD<\/td>\n<td style=\"text-align: center;\">0,11 USD<\/td>\n<td style=\"text-align: center;\">11,29 USD<\/td>\n<\/tr>\n<tr>\n<td>NZD\/USD<\/td>\n<td style=\"text-align: center;\">1,3<\/td>\n<td style=\"text-align: center;\">0 USD<\/td>\n<td style=\"text-align: center;\">0,13 USD<\/td>\n<td style=\"text-align: center;\">13,00 USD<\/td>\n<\/tr>\n<\/tbody>\n<\/table>\n<\/div>\n<p style=\"text-align: center; font-size: 13px;\"><em>*Die Trading-Kosten der W\u00e4hrungspaare werden in USD angegeben.<\/em><\/p>\n<h2 id=\"overnight\"><i class=\"ico ico--clock\"><\/i>\u00dcbernacht-Finanzierungskosten bei AvaTrade<\/h2>\n<p>\u00dcbernacht-Finanzierungskosten, h\u00e4ufig auch als Swap-Raten oder Rollover-Geb\u00fchren bezeichnet, sind Zinszahlungen, die Trader erhalten oder zahlen, wenn sie eine Position \u00fcber Nacht halten. Diese Kosten spielen insbesondere beim Forex- und CFD-Trading eine wichtige Rolle. Ist eine Swap-Geb\u00fchr negativ, erh\u00e4lt der Trader eine Zahlung vom Broker, anstatt Kosten zu tragen. Allerdings ist es wichtig zu verstehen, dass negative Swap-Geb\u00fchren nicht garantiert sind und je nach Marktbedingungen variieren k\u00f6nnen.<\/p>\n<p>Alle Broker sollten Informationen zu den geltenden Swap-Raten f\u00fcr \u00fcber Nacht gehaltene Positionen bereitstellen. AvaTrade bildet hier keine Ausnahme und stellt diese Informationen klar und transparent zur Verf\u00fcgung. Zudem stellt der Broker ein Video-Tutorial zur Verf\u00fcgung, das die Berechnung der Swap-Raten erkl\u00e4rt.<\/p>\n<p>Wie der Broker im Video-Tutorial erkl\u00e4rt, erh\u00e4lt ein Trader beispielsweise eine positive \u00dcbernacht-Gutschrift, wenn er einen AUD\/CHF-Trade \u00fcber Nacht offen h\u00e4lt, da der Zinssatz des AUD h\u00f6her ist als der Zinssatz des CHF. Generell erhalten Trader nach dem Kauf von W\u00e4hrungen gegen\u00fcber dem CHF h\u00e4ufig einen positiven Swap.<\/p>\n<p>In den meisten F\u00e4llen f\u00fchrt das Halten einer Position \u00fcber Nacht jedoch zu einer Belastung des Trading-Kontos. Trader sollten beachten, dass \u00dcbernacht-Swaps in der Regel nach 22:00 Uhr GMT berechnet werden.<\/p>\n<p>W\u00e4hrend AvaTrade die Pr\u00e4mien f\u00fcr \u00fcber Nacht gehaltene Positionen automatisch berechnet, stellt der Broker Tradern auch die Formel zur Verf\u00fcgung, um die Berechnung selbst durchzuf\u00fchren:<\/p>\n<blockquote><p>Pr\u00e4mie = Handelsvolumen x Pr\u00e4mie oder Zinssatz x Anzahl der Tage \/ 360 Tage<\/p><\/blockquote>\n<p>In der folgenden Tabelle k\u00f6nnen Trader die Swap-Raten f\u00fcr Long- und Short-Positionen einsehen, die \u00fcber Nacht f\u00fcr mehrere beliebte Forex-Paare gehalten werden.<\/p>\n<div class=\"table-responsive\">\n<table class=\"table table--colorful\">\n<thead>\n<tr>\n<th colspan=\"5\" style=\"background-color: #fff;\">Swap-Raten bei beliebten Forex-Paaren (Standard-Lot-Gr\u00f6\u00dfe)<\/th>\n<\/tr>\n<tr>\n<th>Symbol<\/th>\n<th>Basisw\u00e4hrung<\/th>\n<th>Volumen in Lots<\/th>\n<th>Swap Long in %<\/th>\n<th>Swap Short in %<\/th>\n<\/tr>\n<\/thead>\n<tbody>\n<tr>\n<td>EUR\/USD<\/td>\n<td style=\"text-align: center;\">USD<\/td>\n<td style=\"text-align: center;\">1<\/td>\n<td style=\"text-align: center;\">-0,0076 %<\/td>\n<td style=\"text-align: center;\">0,0017 %<\/td>\n<\/tr>\n<tr>\n<td>USD\/JPY<\/td>\n<td style=\"text-align: center;\">USD<\/td>\n<td style=\"text-align: center;\">1<\/td>\n<td style=\"text-align: center;\">0,0079 %<\/td>\n<td style=\"text-align: center;\">-0,0147 %<\/td>\n<\/tr>\n<tr>\n<td>EUR\/GBP<\/td>\n<td style=\"text-align: center;\">USD<\/td>\n<td style=\"text-align: center;\">1<\/td>\n<td style=\"text-align: center;\">0,0011 %<\/td>\n<td style=\"text-align: center;\">-0,0089 %<\/td>\n<\/tr>\n<tr>\n<td>GBP\/USD<\/td>\n<td style=\"text-align: center;\">USD<\/td>\n<td style=\"text-align: center;\">1<\/td>\n<td style=\"text-align: center;\">-0,0026 %<\/td>\n<td style=\"text-align: center;\">-0,0033 %<\/td>\n<\/tr>\n<tr>\n<td>AUD\/USD<\/td>\n<td style=\"text-align: center;\">USD<\/td>\n<td style=\"text-align: center;\">1<\/td>\n<td style=\"text-align: center;\">-0,0035 %<\/td>\n<td style=\"text-align: center;\">-0,0022 %<\/td>\n<\/tr>\n<tr>\n<td>USD\/CAD<\/td>\n<td style=\"text-align: center;\">USD<\/td>\n<td style=\"text-align: center;\">1<\/td>\n<td style=\"text-align: center;\">0,0011 %<\/td>\n<td style=\"text-align: center;\">-0,0070 %<\/td>\n<\/tr>\n<tr>\n<td>USD\/CHF<\/td>\n<td style=\"text-align: center;\">USD<\/td>\n<td style=\"text-align: center;\">1<\/td>\n<td style=\"text-align: center;\">0,0082 %<\/td>\n<td style=\"text-align: center;\">-0,0141 %<\/td>\n<\/tr>\n<tr>\n<td>NZD\/USD<\/td>\n<td style=\"text-align: center;\">USD<\/td>\n<td style=\"text-align: center;\">1<\/td>\n<td style=\"text-align: center;\">-0,0051 %<\/td>\n<td style=\"text-align: center;\">-0,0023 %<\/td>\n<\/tr>\n<\/tbody>\n<\/table>\n<\/div>\n<h2 id=\"swap\"><i class=\"ico ico--islamic-account\"><\/i>Swap-freies Trading bei AvaTrade<\/h2>\n<p>AvaTrade hat den Kontotyp \u201eIslamisches Konto\u201c in das Angebot seiner verf\u00fcgbaren Kontomodelle aufgenommen. Dieses Konto entspricht vollst\u00e4ndig den islamischen Regeln. Wenn du bei AvaTrade ein islamisches Konto er\u00f6ffnest, werden qualifizierten Nutzern keine t\u00e4glichen Swaps auf Forex- und CFD-Trades berechnet, die \u00fcber Nacht offen bleiben. Allerdings solltest du beachten, dass f\u00fcr Trades, die l\u00e4nger als f\u00fcnf Tage offen bleiben, dennoch Swaps berechnet werden. Diese Einschr\u00e4nkung ist wichtig und sollte ber\u00fccksichtigt werden, wenn du ein islamisches Konto bei AvaTrade in Betracht ziehst.<\/p>\n<p>Nachdem Trader ihr Konto bei AvaTrade er\u00f6ffnet haben, sollten sie den Kundensupport kontaktieren und die Umstellung auf ein islamisches Konto beantragen. Anfragen werden in der Regel innerhalb von 1\u20132 Werktagen bearbeitet.<\/p>\n<p>Wenn Trader die Plattform MT4 oder MT5 \u00f6ffnen, k\u00f6nnen sie die Verwaltungsgeb\u00fchren des Brokers einsehen, die anstelle der \u00fcblichen Swap-Raten f\u00fcr \u00fcber Nacht gehaltene Positionen berechnet werden. Die klassischen Swap-Raten werden dabei f\u00fcr jedes unterst\u00fctzte Forex-Instrument in t\u00e4gliche Verwaltungsgeb\u00fchren umgerechnet.<\/p>\n<p>In der Regel sind die Spreads f\u00fcr Inhaber eines islamischen Kontos etwas h\u00f6her als bei einem Standard-Konto. Damit wird der Wegfall der Swap-Geb\u00fchren f\u00fcr \u00fcber Nacht gehaltene Positionen ausgeglichen. Zus\u00e4tzlich k\u00f6nnen Broker eine monatliche Verwaltungsgeb\u00fchr erheben, die je nach Anbieter unterschiedlich ausfallen kann.<\/p>\n<p>Grunds\u00e4tzlich unterliegen islamische Konten bestimmten Einschr\u00e4nkungen. Dazu geh\u00f6ren beispielsweise geografische Beschr\u00e4nkungen (Verf\u00fcgbarkeit nur in bestimmten L\u00e4ndern) sowie eine eingeschr\u00e4nkte Auswahl an handelbaren Instrumenten. Trader sollten ber\u00fccksichtigen, dass bei AvaTrade der Handel mit Kryptow\u00e4hrungen f\u00fcr Inhaber eines islamischen Kontos nicht verf\u00fcgbar ist. Dasselbe gilt f\u00fcr bestimmte Forex-Instrumente wie RUB, MXN, TRY und ZAR.<\/p>\n<h2 id=\"other\"><i class=\"ico ico--administration-fees\"><\/i>Sonstige Kosten bei AvaTrade<\/h2>\n<p>Zu den sonstigen Kosten bei Brokern geh\u00f6ren in der Regel Ein- und Auszahlungsgeb\u00fchren, Inaktivit\u00e4tsgeb\u00fchren sowie Geb\u00fchren f\u00fcr W\u00e4hrungsumrechnungen. AvaTrade erhebt keine Geb\u00fchren f\u00fcr Einzahlungen oder Auszahlungen auf Trading-Konten. Allerdings k\u00f6nnen Geb\u00fchren seitens des jeweiligen Zahlungsanbieters anfallen.<\/p>\n<p>Die Kontoer\u00f6ffnung bei AvaTrade ist kostenlos. Nutzer des Brokers sollten jedoch beachten, dass nach einer bestimmten Zeit ohne Aktivit\u00e4t Inaktivit\u00e4tsgeb\u00fchren berechnet werden. Nach drei aufeinanderfolgenden Monaten ohne Nutzung wird eine Geb\u00fchr von 50 USD \/ 50 \u20ac \/ 50 \u00a3 erhoben. Wenn ein Konto zw\u00f6lf aufeinanderfolgende Monate inaktiv bleibt, betr\u00e4gt die Inaktivit\u00e4tsgeb\u00fchr 100 USD \/ 100 \u20ac \/ 100 \u00a3. Kontoinhaber sollten beachten, dass sich diese Geb\u00fchren \u00e4ndern k\u00f6nnen.<\/p>\n<p>Einzahlungen und Auszahlungen in einer anderen W\u00e4hrung als der Kontobasisw\u00e4hrung unterliegen einer W\u00e4hrungsumrechnungsgeb\u00fchr von 0,5 % des Betrags.<\/p>\n<div class=\"table-responsive\">\n<table class=\"table\">\n<thead>\n<tr>\n<th colspan=\"2\">Sonstige Kosten bei AvaTrade<\/th>\n<\/tr>\n<\/thead>\n<tbody>\n<tr>\n<td>Einzahlungsgeb\u00fchren<\/td>\n<td>Kostenlos.<\/td>\n<\/tr>\n<tr>\n<td>Auszahlungsgeb\u00fchren<\/td>\n<td>Kostenlos.<\/td>\n<\/tr>\n<tr>\n<td>Geb\u00fchr f\u00fcr Kontoer\u00f6ffnung<\/td>\n<td>Kostenlos.<\/td>\n<\/tr>\n<tr>\n<td>Inaktivit\u00e4tsgeb\u00fchr<\/td>\n<td>\n<ul class=\"list-checks\">\n<li>Nach 2 aufeinanderfolgenden Monaten \u2013 10 USD \/ 10 \u20ac \/ 10 \u00a3.<\/li>\n<li>Nach 12 aufeinanderfolgenden Monaten \u2013 100 USD \/ 100 \u20ac \/ 100 \u00a3.<\/li>\n<\/ul>\n<\/td>\n<\/tr>\n<tr>\n<td>Geb\u00fchr f\u00fcr W\u00e4hrungsumrechnung<\/td>\n<td>0,5 %<\/td>\n<\/tr>\n<\/tbody>\n<\/table>\n<\/div>\n<h2 id=\"conclusion\"><i class=\"ico ico--pen\"><\/i>Fazit <\/h2>\n<p>Zusammenfassend l\u00e4sst sich sagen, dass AvaTrade ein preislich wettbewerbsf\u00e4higer Forex- und CFD-Broker ist, der sich f\u00fcr Trader mit unterschiedlichen Erfahrungsstufen eignet. Der Broker nutzt ein kommissionsfreies Preismodell, bei dem der Spread die wichtigste Einnahmequelle darstellt \u2013 sowohl beim Standard-Konto als auch beim professionellen Konto.<\/p>\n<p>Dar\u00fcber hinaus sorgen mehrere Funktionen von AvaTrade f\u00fcr ein attraktives Gesamtangebot. Dazu geh\u00f6ren die gro\u00dfe Auswahl an Trading-Plattformen, umfangreiche Sicherheitsma\u00dfnahmen zum Schutz von Kundengeldern sowie innovative Tools f\u00fcr das Risikomanagement. In Kombination mit einer transparenten Geb\u00fchrenstruktur und einem klaren Fokus auf Nutzerzufriedenheit positioniert sich AvaTrade als zuverl\u00e4ssige Wahl f\u00fcr Trader, die eine umfassende und sichere Trading-Umgebung suchen.<\/p>\n","protected":false},"excerpt":{"rendered":"<p>AvaTrade ist ein weltweit bekannter Forex- und CFD-Broker, der eine breite Auswahl von \u00fcber 1.000 handelbaren M\u00e4rkten anbietet. Die wichtigste Einnahmequelle des Brokers ist der Bid-Ask-Spread. In diesem Leitfaden zeigen wir dir die wichtigsten Trading-Kosten und sonstigen Geb\u00fchren bei AvaTrade, damit du wei\u00dft, welche Kosten auf dich zukommen, bevor du ein Live-Konto er\u00f6ffnest. Die transparente [&hellip;]<\/p>\n","protected":false},"author":2,"featured_media":0,"parent":21668,"menu_order":0,"comment_status":"closed","ping_status":"closed","template":"templates\/review.php","meta":{"footnotes":""},"class_list":["post-59652","page","type-page","status-publish","hentry"],"aioseo_notices":[],"_links":{"self":[{"href":"https:\/\/www.bestbrokers.com\/de\/wp-json\/wp\/v2\/pages\/59652","targetHints":{"allow":["GET"]}}],"collection":[{"href":"https:\/\/www.bestbrokers.com\/de\/wp-json\/wp\/v2\/pages"}],"about":[{"href":"https:\/\/www.bestbrokers.com\/de\/wp-json\/wp\/v2\/types\/page"}],"author":[{"embeddable":true,"href":"https:\/\/www.bestbrokers.com\/de\/wp-json\/wp\/v2\/users\/2"}],"replies":[{"embeddable":true,"href":"https:\/\/www.bestbrokers.com\/de\/wp-json\/wp\/v2\/comments?post=59652"}],"version-history":[{"count":10,"href":"https:\/\/www.bestbrokers.com\/de\/wp-json\/wp\/v2\/pages\/59652\/revisions"}],"predecessor-version":[{"id":83030,"href":"https:\/\/www.bestbrokers.com\/de\/wp-json\/wp\/v2\/pages\/59652\/revisions\/83030"}],"up":[{"embeddable":true,"href":"https:\/\/www.bestbrokers.com\/de\/wp-json\/wp\/v2\/pages\/21668"}],"wp:attachment":[{"href":"https:\/\/www.bestbrokers.com\/de\/wp-json\/wp\/v2\/media?parent=59652"}],"curies":[{"name":"wp","href":"https:\/\/api.w.org\/{rel}","templated":true}]}}