{"id":59653,"date":"2025-03-19T09:36:56","date_gmt":"2025-03-19T09:36:56","guid":{"rendered":"https:\/\/www.bestbrokers.com\/?page_id=59653"},"modified":"2026-03-16T14:38:39","modified_gmt":"2026-03-16T14:38:39","slug":"spreads-fees-and-commissions","status":"publish","type":"page","link":"https:\/\/www.bestbrokers.com\/de\/reviews\/ig\/spreads-fees-and-commissions\/","title":{"rendered":"Spreads, Geb\u00fchren und Kommissionen bei IG"},"content":{"rendered":"<div class=\"author-line\">Geschrieben von <span class=\"author\">Naylyan Nazifova<div class=\"author-sub-box\"><div class=\"author-avatar\"><img decoding=\"async\" src=\"https:\/\/www.bestbrokers.com\/wp-content\/uploads\/2026\/04\/nnazifova.webp\" \/><\/div><div class=\"author-info-wrapper\"><div class=\"author-name\"><a href=\"https:\/\/www.bestbrokers.com\/de\/authors\/naylyan-nazifova\/\">Naylyan Nazifova<\/a><\/div><div class=\"author-bio\">Naylyan Nazifova ist eine anerkannte Expertin im Bereich des Online-Handels. Sie hat viele Ver\u00f6ffentlichungen und Analysen zu Themen wie Forex-Handel, Aktieninvestitionen und pers\u00f6nlicher Finanzplanung.<\/div><\/div><\/div><\/span>,  <a rel=\"nofollow\" target=\"_blank\" href=\"https:\/\/www.linkedin.com\/in\/naylian-nazifova-58562a272\/\"><img decoding=\"async\" class=\"social-icon\" src=\"https:\/\/www.bestbrokers.com\/wp-content\/themes\/best-brokers\/assets\/images\/icon-linkedin.svg\" data-no-lazy=\"1\"><\/a> <span class=\"sep\">|<\/span> \u00dcbersetzt von <span class=\"author\">Marcus Jungnickel<div class=\"author-sub-box\"><div class=\"author-avatar\"><img decoding=\"async\" src=\"https:\/\/www.bestbrokers.com\/wp-content\/uploads\/2025\/02\/Marcus-Jungnickel-150x150-2.webp\" \/><\/div><div class=\"author-info-wrapper\"><div class=\"author-name\"><a href=\"https:\/\/www.bestbrokers.com\/de\/authors\/marcus-jungnickel\/\">Marcus Jungnickel<\/a><\/div><div class=\"author-bio\">Marcus Jungnickel ist als \u00dcbersetzer und Redakteur auf die Fachgebiete Finanzen und Wirtschaft spezialisiert. Er betreut die deutsche Version von BestBrokers.com.<\/div><\/div><\/div><\/span>, <a rel=\"nofollow\" target=\"_blank\" href=\"https:\/\/www.linkedin.com\/in\/marcus-jungnickel-3545b3154\/\"><img decoding=\"async\" class=\"social-icon\" src=\"https:\/\/www.bestbrokers.com\/wp-content\/themes\/best-brokers\/assets\/images\/icon-linkedin.svg\" data-no-lazy=\"1\"><\/a> <span class=\"sep\">|<\/span> Aktualisiert: <time class=\"entry-date\" datetime=\"2026-03-16T14:38:39+00:00\">M\u00e4rz 16, 2026<\/time><\/div>\n<p>Wenn du daran interessiert bist, mit IG zu traden, solltest du dich mit den vollst\u00e4ndigen Trading-Bedingungen vertraut machen, die der Broker seinen Nutzern bietet. <strong>Trading-Geb\u00fchren und sonstige Kosten<\/strong> geh\u00f6ren zu den wichtigsten Faktoren, die du beachten solltest, bevor du echtes Kapital bei IG oder einem anderen Broker einsetzt.<\/p>\n<p>In diesem Testbericht haben wir Spreads, Kommissionen, \u00dcbernacht-Finanzierungskosten sowie weitere m\u00f6gliche Geb\u00fchren ber\u00fccksichtigt, die von deinem Guthaben abgezogen werden k\u00f6nnen, wenn du \u00fcber IG tradest. Wenn du einsch\u00e4tzen m\u00f6chtest, ob IG faire und kosteng\u00fcnstige Trading-Bedingungen bietet, solltest du weiterlesen.<\/p>\n<h2 id=\"costs\"><i class=\"ico ico--money-supply\"><\/i>Trading Kosten bei IG<\/h2>\n<p>IG ist eine gute Broker-Wahl f\u00fcr Trader, die ihr Portfolio diversifizieren m\u00f6chten. Abh\u00e4ngig von deinem Wohnsitz und den geltenden lokalen Vorschriften kannst du Forex-Instrumente in Form von <strong>Turbos, Vanilla-Optionen, Barrier-Optionen, CFDs, Spread Betting<\/strong> oder sogar \u00fcber direkten Marktzugang \u00fcber eine DMA-Plattform handeln.<\/p>\n<p>Beim CFD-Trading kannst du unabh\u00e4ngig von der Kursrichtung des zugrunde liegenden Basiswerts Gewinne erzielen, da der Broker sowohl Long- als auch Short-Positionen mit CFDs erm\u00f6glicht.<\/p>\n<p>Um maximale Transparenz zu gew\u00e4hrleisten, nutzt IG ein einfaches <strong>Preismodell ausschlie\u00dflich \u00fcber den Spread<\/strong>. Das bedeutet, der Broker erhebt keine Kommissionen (*weitere Geb\u00fchren k\u00f6nnen anfallen), und die gesamten Trading-Kosten sind im Spread enthalten. Der Spread beschreibt die Differenz zwischen dem Bid- und Ask-Preis eines handelbaren Instruments.<\/p>\n<p>Wenn du dich f\u00fcr Spread Betting oder Forex-Turbo-Trades entscheidest, werden deine Orders ebenfalls ohne Kommission ausgef\u00fchrt. Da sich <strong>Spreads im Laufe der Zeit ver\u00e4ndern k\u00f6nnen<\/strong> \u2013 etwa durch Marktbewegungen \u2013, haben wir die aktuellen durchschnittlichen Spreads zusammengestellt, die IG f\u00fcr einige der meistgehandelten und beliebtesten W\u00e4hrungspaare anbietet.<\/p>\n<p>Da neu registrierte Nutzer die M\u00f6glichkeit haben, mit kleineren Kontrakten zu handeln, haben wir die gesamten Trading-Kosten sowohl f\u00fcr Standard-Lots als auch f\u00fcr Micro-Lots aufgef\u00fchrt.<\/p>\n<div class=\"table-responsive\">\n<table class=\"table table--colorful\">\n<thead>\n<tr>\n<th colspan=\"5\" style=\"background-color: #fff;\">Durchschnittliche Spread-Kosten bei IG<\/th>\n<\/tr>\n<tr>\n<th>W\u00e4hrungspaar<\/th>\n<th>Spread (in Pips)<\/th>\n<th>Kommission pro Seite<\/th>\n<th>Kosten pro Micro-Lot<\/th>\n<th>Kosten pro Standard-Lot<\/th>\n<\/tr>\n<\/thead>\n<tbody>\n<tr>\n<td>EUR\/USD<\/td>\n<td style=\"text-align: center;\">0,86<\/td>\n<td style=\"text-align: center;\">0 USD<\/td>\n<td style=\"text-align: center;\">0,086 USD<\/td>\n<td style=\"text-align: center;\">8,60 USD<\/td>\n<\/tr>\n<tr>\n<td>USD\/JPY<\/td>\n<td style=\"text-align: center;\">0,97<\/td>\n<td style=\"text-align: center;\">0 USD<\/td>\n<td style=\"text-align: center;\">0,065 USD<\/td>\n<td style=\"text-align: center;\">6,52 USD<\/td>\n<\/tr>\n<tr>\n<td>EUR\/GBP<\/td>\n<td style=\"text-align: center;\">1,83<\/td>\n<td style=\"text-align: center;\">0 USD<\/td>\n<td style=\"text-align: center;\">0,244 USD<\/td>\n<td style=\"text-align: center;\">24,47 USD<\/td>\n<\/tr>\n<tr>\n<td>GBP\/USD<\/td>\n<td style=\"text-align: center;\">1,84<\/td>\n<td style=\"text-align: center;\">0 USD<\/td>\n<td style=\"text-align: center;\">0,184 USD<\/td>\n<td style=\"text-align: center;\">18,40 USD<\/td>\n<\/tr>\n<tr>\n<td>AUD\/USD<\/td>\n<td style=\"text-align: center;\">1,07<\/td>\n<td style=\"text-align: center;\">0 USD<\/td>\n<td style=\"text-align: center;\">0,107 USD<\/td>\n<td style=\"text-align: center;\">10,70 USD<\/td>\n<\/tr>\n<tr>\n<td>USD\/CAD<\/td>\n<td style=\"text-align: center;\">2,14<\/td>\n<td style=\"text-align: center;\">0 USD<\/td>\n<td style=\"text-align: center;\">0,155 USD<\/td>\n<td style=\"text-align: center;\">15,51 USD<\/td>\n<\/tr>\n<tr>\n<td>USD\/CHF<\/td>\n<td style=\"text-align: center;\">1,95<\/td>\n<td style=\"text-align: center;\">0 USD<\/td>\n<td style=\"text-align: center;\">0,242 USD<\/td>\n<td style=\"text-align: center;\">24,21 USD<\/td>\n<\/tr>\n<tr>\n<td>USD\/CNH<\/td>\n<td style=\"text-align: center;\">14,51<\/td>\n<td style=\"text-align: center;\">0 USD<\/td>\n<td style=\"text-align: center;\">0,203 USD<\/td>\n<td style=\"text-align: center;\">20,31 USD<\/td>\n<\/tr>\n<tr>\n<td>NZD\/USD<\/td>\n<td style=\"text-align: center;\">2,52<\/td>\n<td style=\"text-align: center;\">0 USD<\/td>\n<td style=\"text-align: center;\">0,252 USD<\/td>\n<td style=\"text-align: center;\">25,20 USD<\/td>\n<\/tr>\n<\/tbody>\n<\/table>\n<\/div>\n<p style=\"text-align: center; font-size: 13px;\"><em>*Alle Trading-Kosten der Paare sind in USD angegeben<\/em><\/p>\n<p>Die Spreads bei IG k\u00f6nnen sehr wettbewerbsf\u00e4hig sein und beginnen bei 0,6 Pips f\u00fcr gro\u00dfe Forex-Paare. Der Broker bem\u00fcht sich, Spreads in der N\u00e4he dieses Mindestwerts anzubieten. Allerdings k\u00f6nnen starke Marktbewegungen dazu f\u00fchren, dass sich die Spreads kurzfristig ausweiten.<\/p>\n<h2 id=\"overnight\"><i class=\"ico ico--clock\"><\/i>\u00dcbernacht-Finanzierungskosten bei IG<\/h2>\n<p>Eine wichtige zus\u00e4tzliche Geb\u00fchr ist die m\u00f6gliche Rollover-Geb\u00fchr, die anf\u00e4llt, wenn Trader ihre Positionen \u00fcber Nacht offen halten. Diese Kosten werden auch als Swaps bezeichnet und gelten f\u00fcr Trades mit Forex-Paaren, handelbaren Instrumenten wie Indizes sowie Rohstoffen. Wenn du deine Turbo24-Positionen \u00fcber Nacht offen h\u00e4ltst, wird statt einer zus\u00e4tzlichen Geb\u00fchr eine kleine Anpassung des Knock-out-Levels vorgenommen. Bei Barrier-Optionen und CFDs hingegen wird eine Zinsanpassung an deinem Kontostand vorgenommen.<\/p>\n<p>Swaps k\u00f6nnen von Tradern entweder gezahlt oder erhalten werden \u2013 abh\u00e4ngig davon, wie sich der Markt bewegt. Um die Swap-S\u00e4tze f\u00fcr Turbo24 zu berechnen, verwendet IG die folgenden Formeln:<\/p>\n<blockquote><p>F\u00fcr Forex Long Turbos: Tom-next rate + Knock-out level X (Admin fee* x [n**\/365])<br \/>\n\tF\u00fcr Forex Short Turbos: Tom-next rate &#8211; Knock-out level x (Admin fee* x [n**\/365])<\/p><\/blockquote>\n<p style=\"text-align: center; font-size: 13px;\"><em>* eine feste Geb\u00fchr von 2,5 % pro Jahr<\/em><\/p>\n<p style=\"text-align: center; font-size: 13px;\"><em>**n = 3 am Freitag; n = 1 von Montag bis Donnerstag<\/em><\/p>\n<p>F\u00fcr Forex-Barrier-Optionen werden die Swap-S\u00e4tze mit der folgenden Formel berechnet:<\/p>\n<blockquote><p>Anzahl der Kontrakte X aktueller Tom-next-Satz<\/p><\/blockquote>\n<p>Zus\u00e4tzlich wird Tradern eine <strong>Admin-Geb\u00fchr von 0,8 %<\/strong> pro Jahr berechnet, wenn Barrier-Optionen \u00fcber Nacht offen bleiben.<\/p>\n<p>Liegt der Tom-next-Satz unter null, werden bei Short-Positionen Zinsen berechnet, w\u00e4hrend Long-Positionen eine Zinsgutschrift erhalten k\u00f6nnen.<\/p>\n<p>Liegt der Tom-next-Satz \u00fcber null, werden f\u00fcr Long-Positionen, die \u00fcber Nacht offen bleiben, Zinsen berechnet. In diesem Fall erhalten Short-Positionen eine Zinsgutschrift.<\/p>\n<p>Wenn du Forex-Paare \u00fcber Spread Betting oder CFDs handelst, verwendet der Broker folgende Formel:<\/p>\n<blockquote><p>Anzahl der gehaltenen N\u00e4chte X (Tom-next rate* inklusive j\u00e4hrlicher Admin-Geb\u00fchr**) X Positionsgr\u00f6\u00dfe<\/p><\/blockquote>\n<p style=\"text-align: center; font-size: 13px;\"><em>*Tom-next-S\u00e4tze werden vom zugrunde liegenden Markt \u00fcbernommen<\/em><\/p>\n<p style=\"text-align: center; font-size: 13px;\"><em>**eine Admin-Geb\u00fchr von 0,8 % pro Jahr<\/em><\/p>\n<p>Nachfolgend haben wir Swap-S\u00e4tze aufgef\u00fchrt, die aktuell f\u00fcr Forex-Trades mit einem IG-Konto gelten. Bitte beachte, dass Swaps nicht fest sind und von den unten genannten Werten abweichen k\u00f6nnen, da sich die zugrunde liegenden M\u00e4rkte kontinuierlich ver\u00e4ndern.<\/p>\n<div class=\"table-responsive\">\n<table class=\"table table--colorful\">\n<thead>\n<tr>\n<th colspan=\"4\" style=\"background-color: #fff;\">Swap-S\u00e4tze f\u00fcr beliebte Forex-Paare (Mini-Lot-Gr\u00f6\u00dfe)<\/th>\n<\/tr>\n<tr>\n<th>Symbol<\/th>\n<th>Volumen in Lots (Mini)<\/th>\n<th>Swap Long<\/th>\n<th>Swap Short<\/th>\n<\/tr>\n<\/thead>\n<tbody>\n<tr>\n<td>EUR\/USD<\/td>\n<td style=\"text-align: center;\">1<\/td>\n<td style=\"text-align: center;\">-0,75<\/td>\n<td style=\"text-align: center;\">0,19<\/td>\n<\/tr>\n<tr>\n<td>USD\/JPY<\/td>\n<td style=\"text-align: center;\">1<\/td>\n<td style=\"text-align: center;\">3<\/td>\n<td style=\"text-align: center;\">-3,88<\/td>\n<\/tr>\n<tr>\n<td>EUR\/GBP<\/td>\n<td style=\"text-align: center;\">1<\/td>\n<td style=\"text-align: center;\">-0,63<\/td>\n<td style=\"text-align: center;\">0,17<\/td>\n<\/tr>\n<tr>\n<td>GBP\/USD<\/td>\n<td style=\"text-align: center;\">1<\/td>\n<td style=\"text-align: center;\">-0,3<\/td>\n<td style=\"text-align: center;\">-0,36<\/td>\n<\/tr>\n<tr>\n<td>AUD\/USD<\/td>\n<td style=\"text-align: center;\">1<\/td>\n<td style=\"text-align: center;\">-0,21<\/td>\n<td style=\"text-align: center;\">-0,17<\/td>\n<\/tr>\n<tr>\n<td>USD\/CAD<\/td>\n<td style=\"text-align: center;\">1<\/td>\n<td style=\"text-align: center;\">1,22<\/td>\n<td style=\"text-align: center;\">-2,14<\/td>\n<\/tr>\n<tr>\n<td>USD\/CHF<\/td>\n<td style=\"text-align: center;\">1<\/td>\n<td style=\"text-align: center;\">0,77<\/td>\n<td style=\"text-align: center;\">-1,27<\/td>\n<\/tr>\n<tr>\n<td>USD\/CNH<\/td>\n<td style=\"text-align: center;\">1<\/td>\n<td style=\"text-align: center;\">-4,47<\/td>\n<td style=\"text-align: center;\">-3,73<\/td>\n<\/tr>\n<tr>\n<td>NZD\/USD<\/td>\n<td style=\"text-align: center;\">1<\/td>\n<td style=\"text-align: center;\">-0,18<\/td>\n<td style=\"text-align: center;\">-0,16<\/td>\n<\/tr>\n<\/tbody>\n<\/table>\n<\/div>\n<h2 id=\"swap\"><i class=\"ico ico--islamic-account\"><\/i>Swap-freie Trading Kosten bei IG<\/h2>\n<p>Leider bietet IG derzeit keine M\u00f6glichkeit mehr, ein swap-freies Konto zu er\u00f6ffnen \u2013 auch nicht f\u00fcr muslimische Trader. Das bedeutet, dass auf jedes Konto, das Positionen \u00fcber Nacht offen h\u00e4lt, Zinsen gutgeschrieben oder belastet werden. Dabei fallen die zuvor beschriebenen <strong>\u00dcbernacht-Geb\u00fchren<\/strong> an.<\/p>\n<h2 id=\"other\"><i class=\"ico ico--administration-fees\"><\/i>Sonstige Kosten bei IG<\/h2>\n<p>Neben Spreads und Swap-S\u00e4tzen sollten Trader auch weitere m\u00f6gliche Geb\u00fchren ber\u00fccksichtigen, die bei einem IG-Konto anfallen k\u00f6nnen. Die Kontoer\u00f6ffnung bei IG ist kostenlos, ebenso wie die F\u00fchrung deines Trading-Kontos. In der Regel kannst du Geld auf dein Konto einzahlen oder Auszahlungen vornehmen, ohne dass der Broker daf\u00fcr Geb\u00fchren berechnet. Allerdings k\u00f6nnen Zahlungen per Kreditkarte und Debitkarten au\u00dferhalb des Vereinigten K\u00f6nigreichs Kosten verursachen. Zudem f\u00e4llt bei <strong>Transaktionen unter 100 \u00a3 eine Geb\u00fchr von 15 \u00a3.<\/strong> an.<\/p>\n<p>Wenn auf deinem IG-Konto \u00fcber einen Zeitraum von mehr als 24 aufeinanderfolgenden Monaten keine Trading-Aktivit\u00e4t stattfindet, wird dein Konto vom Broker geschlossen. Eine Inaktivit\u00e4tsgeb\u00fchr wird nicht berechnet. Um dein Konto wieder zu aktivieren oder vorhandene Guthaben von einem inaktiven Konto abzuheben, musst du jedoch den IG-Support kontaktieren.<\/p>\n<p>Um Tradern zus\u00e4tzliche M\u00f6glichkeiten zu bieten, stellt der Broker verschiedene Tools und Dienstleistungen bereit, die dein Trading verbessern k\u00f6nnen. Dazu geh\u00f6rt unter anderem ein VPS (Virtual Private Server). Dieser kann die Latenz reduzieren und die Ausf\u00fchrung algorithmischer Trading-Strategien verbessern. Du erh\u00e4ltst kostenlosen Zugang zu einem MT4-VPS-Hosting, wenn du ein <strong>Kontoguthaben von mindestens 2.000 USD<\/strong> h\u00e4ltst. Alternativ kannst du ein kostenpflichtiges VPS-Abonnement f\u00fcr 50 USD pro Monat nutzen.<\/p>\n<p>Wenn du Aktienprodukte gehandelt hast, die dich f\u00fcr Dividenden qualifizieren, musst du ein W-8- oder W-9-Formular einreichen. Erfolgt dies nicht vor dem Ex-Tag der jeweiligen Dividende, wird eine <strong>Kontodokumentationsgeb\u00fchr von 50 USD<\/strong> berechnet.<\/p>\n<p>Erweiterte Charts \u00fcber ProRealTime stehen ebenfalls einigen IG-Nutzern zur Verf\u00fcgung. Trader, die <strong>vier oder mehr gro\u00dfvolumige Trades pro Monat<\/strong> ausf\u00fchren, k\u00f6nnen kostenlosen Zugriff auf diese erweiterten Charts erhalten. Wenn du diese Voraussetzung nicht erf\u00fcllst, kannst du ein Abonnement f\u00fcr 30 \u00a3 pro Monat abschlie\u00dfen.<\/p>\n<div class=\"table-responsive\">\n<table class=\"table\">\n<thead>\n<tr>\n<th colspan=\"2\">Sonstige Kosten bei IG<\/th>\n<\/tr>\n<\/thead>\n<tbody>\n<tr>\n<td>Einzahlungsgeb\u00fchren<\/td>\n<td>Zahlungen per Kreditkarte und Debitkarte k\u00f6nnen Geb\u00fchren verursachen; \u00dcberweisungen am selben Tag unter 100 \u00a3 beinhalten eine Geb\u00fchr von 15 \u00a3<\/td>\n<\/tr>\n<tr>\n<td>Auszahlungsgeb\u00fchren<\/td>\n<td>Kostenlos.<\/td>\n<\/tr>\n<tr>\n<td>Kontoer\u00f6ffnungsgeb\u00fchr<\/td>\n<td>Kostenlos.<\/td>\n<\/tr>\n<tr>\n<td>Inaktivit\u00e4tsgeb\u00fchr<\/td>\n<td>Keine.<\/td>\n<\/tr>\n<tr>\n<td>VPS-Hosting-Abonnement<\/td>\n<td>\n<ul class=\"list-checks\">\n<li>50 USD pro Monat.<\/li>\n<li>Kostenlos f\u00fcr Trader mit einem MT4-Kontoguthaben von mindestens 2.000 USD.<\/li>\n<\/ul>\n<\/td>\n<\/tr>\n<tr>\n<td>ProRealTime Charts<\/td>\n<td>\n<ul class=\"list-checks\">\n<li>Abonnement f\u00fcr 30 \u00a3 pro Monat.<\/li>\n<li>Trader, die vier oder mehr gro\u00dfvolumige Trades pro Monat ausf\u00fchren, erhalten eine R\u00fcckerstattung.<\/li>\n<\/ul>\n<\/td>\n<\/tr>\n<tr>\n<td>Kontodokumentationsgeb\u00fchr<\/td>\n<td>Geb\u00fchr von 50 USD f\u00fcr Konten, die das erforderliche W-8- oder W-9-Formular vor dem Ex-Tag f\u00fcr Dividendenzahlungen bei entsprechenden US-Aktien-Trades nicht eingereicht haben.<\/td>\n<\/tr>\n<\/tbody>\n<\/table>\n<\/div>\n<h2 id=\"conclusion\"><i class=\"ico ico--pen\"><\/i>Fazit <\/h2>\n<p>Das Trading mit IG gibt Forex- und CFD-Tradern die M\u00f6glichkeit, verschiedene Strategien umzusetzen, ihr Portfolio zu diversifizieren und von attraktiven Trading-Bedingungen zu profitieren. Durch das Preismodell ausschlie\u00dflich \u00fcber den Spread, das bei den meisten Trading-Produkten von IG gilt, k\u00f6nnen Forex-Trader kosteng\u00fcnstig handeln. Die Spreads beginnen bei gro\u00dfen Forex-Paaren h\u00e4ufig bereits bei <strong>0,6 Pips<\/strong>.<\/p>\n<p>Es gibt keine versteckten Geb\u00fchren, und IG informiert transparent \u00fcber m\u00f6gliche Kosten \u2013 etwa bei Positionen, die \u00fcber Nacht gehalten werden, oder beim Zugang zu erweiterten Trading-Tools wie VPS-Hosting und ProRealTime-Charts. Gleichzeitig k\u00f6nnen Trader mit hohem Trading-Volumen selbst diese Geb\u00fchren vermeiden, wodurch IG insgesamt sehr g\u00fcnstige Trading-Bedingungen bietet.<\/p>\n","protected":false},"excerpt":{"rendered":"<p>Wenn du daran interessiert bist, mit IG zu traden, solltest du dich mit den vollst\u00e4ndigen Trading-Bedingungen vertraut machen, die der Broker seinen Nutzern bietet. Trading-Geb\u00fchren und sonstige Kosten geh\u00f6ren zu den wichtigsten Faktoren, die du beachten solltest, bevor du echtes Kapital bei IG oder einem anderen Broker einsetzt. In diesem Testbericht haben wir Spreads, Kommissionen, [&hellip;]<\/p>\n","protected":false},"author":2,"featured_media":0,"parent":21428,"menu_order":0,"comment_status":"closed","ping_status":"closed","template":"templates\/review.php","meta":{"footnotes":""},"class_list":["post-59653","page","type-page","status-publish","hentry"],"aioseo_notices":[],"_links":{"self":[{"href":"https:\/\/www.bestbrokers.com\/de\/wp-json\/wp\/v2\/pages\/59653","targetHints":{"allow":["GET"]}}],"collection":[{"href":"https:\/\/www.bestbrokers.com\/de\/wp-json\/wp\/v2\/pages"}],"about":[{"href":"https:\/\/www.bestbrokers.com\/de\/wp-json\/wp\/v2\/types\/page"}],"author":[{"embeddable":true,"href":"https:\/\/www.bestbrokers.com\/de\/wp-json\/wp\/v2\/users\/2"}],"replies":[{"embeddable":true,"href":"https:\/\/www.bestbrokers.com\/de\/wp-json\/wp\/v2\/comments?post=59653"}],"version-history":[{"count":8,"href":"https:\/\/www.bestbrokers.com\/de\/wp-json\/wp\/v2\/pages\/59653\/revisions"}],"predecessor-version":[{"id":83031,"href":"https:\/\/www.bestbrokers.com\/de\/wp-json\/wp\/v2\/pages\/59653\/revisions\/83031"}],"up":[{"embeddable":true,"href":"https:\/\/www.bestbrokers.com\/de\/wp-json\/wp\/v2\/pages\/21428"}],"wp:attachment":[{"href":"https:\/\/www.bestbrokers.com\/de\/wp-json\/wp\/v2\/media?parent=59653"}],"curies":[{"name":"wp","href":"https:\/\/api.w.org\/{rel}","templated":true}]}}