{"id":59655,"date":"2025-03-19T09:36:56","date_gmt":"2025-03-19T09:36:56","guid":{"rendered":"https:\/\/www.bestbrokers.com\/?page_id=59655"},"modified":"2026-03-17T07:23:10","modified_gmt":"2026-03-17T07:23:10","slug":"spreads-fees-and-commissions","status":"publish","type":"page","link":"https:\/\/www.bestbrokers.com\/de\/reviews\/vantage-fx\/spreads-fees-and-commissions\/","title":{"rendered":"Spreads, Geb\u00fchren und Kommissionen bei Vantage"},"content":{"rendered":"<div class=\"author-line\">Geschrieben von <span class=\"author\">Naylyan Nazifova<div class=\"author-sub-box\"><div class=\"author-info-wrapper\"><div class=\"author-name\"><a href=\"https:\/\/www.bestbrokers.com\/de\/authors\/naylyan-nazifova\/\">Naylyan Nazifova<\/a><\/div><div class=\"author-bio\">Naylyan Nazifova ist eine anerkannte Expertin im Bereich des Online-Handels. Sie hat viele Ver\u00f6ffentlichungen und Analysen zu Themen wie Forex-Handel, Aktieninvestitionen und pers\u00f6nlicher Finanzplanung.<\/div><\/div><\/div><\/span>,  <a rel=\"nofollow\" target=\"_blank\" href=\"https:\/\/www.linkedin.com\/in\/naylian-nazifova-58562a272\/\"><img decoding=\"async\" class=\"social-icon\" src=\"https:\/\/www.bestbrokers.com\/wp-content\/themes\/best-brokers\/assets\/images\/icon-linkedin.svg\" data-no-lazy=\"1\"><\/a> <span class=\"sep\">|<\/span> \u00dcbersetzt von <span class=\"author\">Marcus Jungnickel<div class=\"author-sub-box\"><div class=\"author-avatar\"><img decoding=\"async\" src=\"https:\/\/www.bestbrokers.com\/wp-content\/uploads\/2025\/02\/Marcus-Jungnickel-150x150-2.webp\" \/><\/div><div class=\"author-info-wrapper\"><div class=\"author-name\"><a href=\"https:\/\/www.bestbrokers.com\/de\/authors\/marcus-jungnickel\/\">Marcus Jungnickel<\/a><\/div><div class=\"author-bio\">Marcus Jungnickel ist als \u00dcbersetzer und Redakteur auf die Fachgebiete Finanzen und Wirtschaft spezialisiert. Er betreut die deutsche Version von BestBrokers.com.<\/div><\/div><\/div><\/span>, <a rel=\"nofollow\" target=\"_blank\" href=\"https:\/\/www.linkedin.com\/in\/marcus-jungnickel-3545b3154\/\"><img decoding=\"async\" class=\"social-icon\" src=\"https:\/\/www.bestbrokers.com\/wp-content\/themes\/best-brokers\/assets\/images\/icon-linkedin.svg\" data-no-lazy=\"1\"><\/a> <span class=\"sep\">|<\/span> Aktualisiert: <time class=\"entry-date\" datetime=\"2026-03-17T07:23:10+00:00\">M\u00e4rz 17, 2026<\/time><\/div>\n<p>Vantage wurde im Jahr 2009 gegr\u00fcndet und ist ein weltweit f\u00fchrender CFD-Broker mit mehr als 5 Mio. registrierten Nutzern sowie einem Portfolio von \u00fcber 1.000 Finanzinstrumenten. Das Trading bei diesem Anbieter bietet zahlreiche Vorteile, darunter wettbewerbsf\u00e4hige Spreads, moderne Trading-Tools und Funktionen, schnelle Orderausf\u00fchrung sowie kostenlose Lernressourcen. Dar\u00fcber hinaus erm\u00f6glicht die transparente Preisstruktur des Brokers Tradern, die mit ihren Trades verbundenen Kosten klar zu verstehen. Dieser Leitfaden liefert detaillierte Informationen zu den Trading- und sonstigen Kosten der beliebtesten Kontotypen von Vantage.<\/p>\n<h2 id=\"costs\"><i class=\"ico ico--money-supply\"><\/i>Trading-Kosten bei Vantage<\/h2>\n<p>Vantage bietet mehrere Trading-Konten an, die f\u00fcr Trader aller Erfahrungsstufen konzipiert sind. Dazu geh\u00f6ren ein <strong>Standard STP Konto<\/strong> f\u00fcr Anf\u00e4nger, ein <strong>Raw ECN Konto<\/strong> f\u00fcr erfahrene Trader sowie ein <strong>Pro ECN Konto<\/strong>, das speziell f\u00fcr professionelle Trader gedacht ist. Dar\u00fcber hinaus k\u00f6nnen alle genannten Kontotypen in ein Swap-freies Konto umgewandelt werden, falls Trader aus religi\u00f6sen Gr\u00fcnden keine Swaps zahlen oder erhalten d\u00fcrfen. Anf\u00e4nger k\u00f6nnen au\u00dferdem mit einem Demo-Tradingkonto starten und ihre Trading-F\u00e4higkeiten mit virtuellem Kapital verbessern.<\/p>\n<p>Vantage unterst\u00fctzt mehrere Trading-Plattformen, die auf unterschiedliche Bed\u00fcrfnisse und Vorlieben von Tradern zugeschnitten sind. Nutzer k\u00f6nnen \u00fcber die All-in-One Vantage App, MT4, MT5, ProTrader (basierend auf TradingView), Copy Trading oder \u00fcber die Demo-Tradingplattform handeln.<\/p>\n<p>Unabh\u00e4ngig vom gew\u00e4hlten Kontotyp profitieren Trader von wettbewerbsf\u00e4higen Konditionen und vollst\u00e4ndiger Preistransparenz. Mit einer minimalen Positionsgr\u00f6\u00dfe von nur 0,01 Lot pro Trade, \u00fcber 1.000 handelbaren Instrumenten und verschiedenen Basisw\u00e4hrungen f\u00fcr Konten bietet Vantage sehr attraktive Trading-Bedingungen.<\/p>\n<p>In diesem Abschnitt konzentrieren wir uns haupts\u00e4chlich auf die Funktionen der Kontotypen Standard STP und Raw ECN. Dabei berechnen wir die entsprechenden Trading-Kosten und geben potenziellen Nutzern des Brokers einen klaren \u00dcberblick \u00fcber m\u00f6gliche Trading-Ausgaben.<\/p>\n<p>Beginnen wir mit den Round-Trip-Kommissionen des Raw ECN Kontos, basierend auf den verf\u00fcgbaren Kontow\u00e4hrungen f\u00fcr Vantage-Nutzer, inklusive Berechnungen f\u00fcr Standard-, Mini- und Micro-Lots.<\/p>\n<div class=\"table-responsive\">\n<table class=\"table table--colorful\">\n<thead>\n<tr>\n<th colspan=\"4\" style=\"background-color: #fff;\">Round-Trip-Kommissionen des Raw ECN Kontos nach Kontow\u00e4hrung<\/th>\n<\/tr>\n<tr>\n<th>Kontow\u00e4hrung<\/th>\n<th>Pro Standard-Lot<\/th>\n<th>Pro Mini-Lot<\/th>\n<th>Pro Micro-Lot<\/th>\n<\/tr>\n<\/thead>\n<tbody>\n<tr>\n<td>AUD<\/td>\n<td style=\"text-align: center;\">6,00 USD<\/td>\n<td style=\"text-align: center;\">0,60 USD<\/td>\n<td style=\"text-align: center;\">0,06 USD<\/td>\n<\/tr>\n<tr>\n<td>USD<\/td>\n<td style=\"text-align: center;\">6,00 USD<\/td>\n<td style=\"text-align: center;\">0,60 USD<\/td>\n<td style=\"text-align: center;\">0,06 USD<\/td>\n<\/tr>\n<tr>\n<td>GBP<\/td>\n<td style=\"text-align: center;\">4,00 \u00a3<\/td>\n<td style=\"text-align: center;\">0,40 \u00a3<\/td>\n<td style=\"text-align: center;\">0,04 \u00a3<\/td>\n<\/tr>\n<tr>\n<td>EUR<\/td>\n<td style=\"text-align: center;\">5,00 \u20ac<\/td>\n<td style=\"text-align: center;\">0,50 \u20ac<\/td>\n<td style=\"text-align: center;\">0,05 \u20ac<\/td>\n<\/tr>\n<tr>\n<td>SGD<\/td>\n<td style=\"text-align: center;\">7,00 USD<\/td>\n<td style=\"text-align: center;\">0,70 USD<\/td>\n<td style=\"text-align: center;\">0,07 USD<\/td>\n<\/tr>\n<tr>\n<td>JPY<\/td>\n<td style=\"text-align: center;\">550,00 \u00a5<\/td>\n<td style=\"text-align: center;\">55 \u00a5<\/td>\n<td style=\"text-align: center;\">5,50 \u00a5<\/td>\n<\/tr>\n<tr>\n<td>NZD<\/td>\n<td style=\"text-align: center;\">6,50 USD<\/td>\n<td style=\"text-align: center;\">0,65 USD<\/td>\n<td style=\"text-align: center;\">0,065 USD<\/td>\n<\/tr>\n<tr>\n<td>CAD<\/td>\n<td style=\"text-align: center;\">6,00 USD<\/td>\n<td style=\"text-align: center;\">0,60 USD<\/td>\n<td style=\"text-align: center;\">0,06 USD<\/td>\n<\/tr>\n<tr>\n<td>PLN<\/td>\n<td style=\"text-align: center;\">30,00 z\u0142<\/td>\n<td style=\"text-align: center;\">3 z\u0142<\/td>\n<td style=\"text-align: center;\">0,30 z\u0142<\/td>\n<\/tr>\n<tr>\n<td>HKD<\/td>\n<td style=\"text-align: center;\">50,00 USD<\/td>\n<td style=\"text-align: center;\">5 USD<\/td>\n<td style=\"text-align: center;\">0,50 USD<\/td>\n<\/tr>\n<tr>\n<td>INR<\/td>\n<td style=\"text-align: center;\">500,00 \u20b9<\/td>\n<td style=\"text-align: center;\">50 \u20b9<\/td>\n<td style=\"text-align: center;\">5 \u20b9<\/td>\n<\/tr>\n<\/tbody>\n<\/table>\n<\/div>\n<p>Nun erkl\u00e4ren wir die Trading-Kosten anhand eines Beispiels mit 1 Standard-Lot des W\u00e4hrungspaars GBP\/USD auf den Kontotypen Standard STP und Raw ECN von Vantage Markets. Dabei entspricht ein Pip einem Wert von 10 USD. Der Spread f\u00fcr GBP\/USD beginnt beim Standard STP Konto bei 1,31 Pips und beim Raw ECN Konto bei 0,21 Pips zuz\u00fcglich Kommission. Wir gehen davon aus, dass der Trade zum gleichen Preis er\u00f6ffnet und geschlossen wird.<\/p>\n<hr style=\"height:2px;border-width:0;color:#dee2e6;background-color:#dee2e6; clear: both;\"> <strong>Vantage Standard STP Konto:<\/strong><\/p>\n<p>Spread: 1,31<br \/>\nGesamtkosten: 1,31 \u00d7 10 USD = 13,10 USD pro Seite oder 26,20 USD pro Round-Trip-Trade von 1 Lot<\/p>\n<hr style=\"height:2px;border-width:0;color:#dee2e6;background-color:#dee2e6; clear: both;\"> <strong>Vantage Raw ECN Konto:<\/strong><\/p>\n<p>Spread: 0,21<br \/>\nSpread-Kosten: 0,21 \u00d7 10 USD = 2,10 USD pro Seite<br \/>\nKommission: 3,00 USD pro Seite<br \/>\nGesamtkosten: (2,10 \u00d7 2) + (3,00 \u00d7 2) = 4,20 USD + 6,00 USD = 10,20 USD pro Round-Trip-Trade von 1 Lot<\/p>\n<hr style=\"height:2px;border-width:0;color:#dee2e6;background-color:#dee2e6; clear: both;\">\n<p>Nachdem wir die gesamten Trading-Kosten der Standard-STP- und Raw-ECN-Konten von Vantage verglichen haben, l\u00e4sst sich feststellen, dass das Raw ECN Konto die wettbewerbsf\u00e4higeren Konditionen bietet.<\/p>\n<p>Nachfolgend findest du die Trading-Kosten f\u00fcr mehrere beliebte W\u00e4hrungspaare beim Standard STP Konto von Vantage, das ein Preismodell ohne Kommission verwendet. Bitte beachte, dass sich die Kosten pro Micro- und Standard-Lot jeweils auf eine Seite des Trades beziehen.<\/p>\n<div class=\"table-responsive\">\n<table class=\"table table--colorful\">\n<thead>\n<tr>\n<th colspan=\"5\" style=\"background-color: #fff;\">Durchschnittliche Spread-Kosten beim Vantage Standard Konto<\/th>\n<\/tr>\n<tr>\n<th>W\u00e4hrungspaar<\/th>\n<th>Spread (in Pips)<\/th>\n<th>Kommission pro Seite<\/th>\n<th>Kosten pro Micro-Lot<\/th>\n<th>Kosten pro Standard-Lot<\/th>\n<\/tr>\n<\/thead>\n<tbody>\n<tr>\n<td>EUR\/USD<\/td>\n<td style=\"text-align: center;\">1,23<\/td>\n<td style=\"text-align: center;\">0 USD<\/td>\n<td style=\"text-align: center;\">0,123 USD<\/td>\n<td style=\"text-align: center;\">12,30 USD<\/td>\n<\/tr>\n<tr>\n<td>USD\/JPY<\/td>\n<td style=\"text-align: center;\">1,36<\/td>\n<td style=\"text-align: center;\">0 USD<\/td>\n<td style=\"text-align: center;\">0,092 USD<\/td>\n<td style=\"text-align: center;\">9,17 USD<\/td>\n<\/tr>\n<tr>\n<td>EUR\/GBP<\/td>\n<td style=\"text-align: center;\">1,29<\/td>\n<td style=\"text-align: center;\">0 USD<\/td>\n<td style=\"text-align: center;\">0,174 USD<\/td>\n<td style=\"text-align: center;\">17,35 USD<\/td>\n<\/tr>\n<tr>\n<td>GBP\/USD<\/td>\n<td style=\"text-align: center;\">1,31<\/td>\n<td style=\"text-align: center;\">0 USD<\/td>\n<td style=\"text-align: center;\">0,131 USD<\/td>\n<td style=\"text-align: center;\">13,10 USD<\/td>\n<\/tr>\n<tr>\n<td>AUD\/USD<\/td>\n<td style=\"text-align: center;\">1,45<\/td>\n<td style=\"text-align: center;\">0 USD<\/td>\n<td style=\"text-align: center;\">0,145 USD<\/td>\n<td style=\"text-align: center;\">14,50 USD<\/td>\n<\/tr>\n<tr>\n<td>USD\/CAD<\/td>\n<td style=\"text-align: center;\">1,17<\/td>\n<td style=\"text-align: center;\">0 USD<\/td>\n<td style=\"text-align: center;\">0,085 USD<\/td>\n<td style=\"text-align: center;\">8,47 USD<\/td>\n<\/tr>\n<tr>\n<td>USD\/CHF<\/td>\n<td style=\"text-align: center;\">1,84<\/td>\n<td style=\"text-align: center;\">0 USD<\/td>\n<td style=\"text-align: center;\">0,229 USD<\/td>\n<td style=\"text-align: center;\">22,86 USD<\/td>\n<\/tr>\n<tr>\n<td>USD\/CNH<\/td>\n<td style=\"text-align: center;\">3,75<\/td>\n<td style=\"text-align: center;\">0 USD<\/td>\n<td style=\"text-align: center;\">0,053 USD<\/td>\n<td style=\"text-align: center;\">5,25 USD<\/td>\n<\/tr>\n<tr>\n<td>NZD\/USD<\/td>\n<td style=\"text-align: center;\">1,41<\/td>\n<td style=\"text-align: center;\">0 USD<\/td>\n<td style=\"text-align: center;\">0,141 USD<\/td>\n<td style=\"text-align: center;\">14,10 USD<\/td>\n<\/tr>\n<\/tbody>\n<\/table>\n<\/div>\n<p style=\"text-align: center; font-size: 13px;\"><em>*Die Trading-Kosten der W\u00e4hrungspaare sind in USD angegeben<\/em><\/p>\n<p>Wir verwenden nun dieselben W\u00e4hrungspaare, um die Trading-Kosten des Vantage Raw ECN Kontos zu veranschaulichen. Dieses Kontomodell bietet engere Spreads und ein kommissionsbasiertes Preismodell. Die Kosten pro Micro- und Standard-Lot beziehen sich jeweils auf eine Seite des Trades.<\/p>\n<div class=\"table-responsive\">\n<table class=\"table table--colorful\">\n<thead>\n<tr>\n<th colspan=\"5\" style=\"background-color: #fff;\">Durchschnittliche Spread-Kosten beim Vantage Raw Konto<\/th>\n<\/tr>\n<tr>\n<th>W\u00e4hrungspaar<\/th>\n<th>Spread (in Pips)<\/th>\n<th>Kommission pro Seite<\/th>\n<th>Kosten pro Micro-Lot<\/th>\n<th>Kosten pro Standard-Lot<\/th>\n<\/tr>\n<\/thead>\n<tbody>\n<tr>\n<td>EUR\/USD<\/td>\n<td style=\"text-align: center;\">0,13<\/td>\n<td style=\"text-align: center;\">0,03 USD \/ 3,00 USD<\/td>\n<td style=\"text-align: center;\">0,043 USD<\/td>\n<td style=\"text-align: center;\">4,30 USD<\/td>\n<\/tr>\n<tr>\n<td>USD\/JPY<\/td>\n<td style=\"text-align: center;\">0,26<\/td>\n<td style=\"text-align: center;\">0,03 USD \/ 3,00 USD<\/td>\n<td style=\"text-align: center;\">0,048 USD<\/td>\n<td style=\"text-align: center;\">4,75 USD<\/td>\n<\/tr>\n<tr>\n<td>EUR\/GBP<\/td>\n<td style=\"text-align: center;\">0,19<\/td>\n<td style=\"text-align: center;\">0,03 USD \/ 3,00 USD<\/td>\n<td style=\"text-align: center;\">0,056 USD<\/td>\n<td style=\"text-align: center;\">5,56 USD<\/td>\n<\/tr>\n<tr>\n<td>GBP\/USD<\/td>\n<td style=\"text-align: center;\">0,21<\/td>\n<td style=\"text-align: center;\">0,03 USD \/ 3,00 USD<\/td>\n<td style=\"text-align: center;\">0,051 USD<\/td>\n<td style=\"text-align: center;\">5,10 USD<\/td>\n<\/tr>\n<tr>\n<td>AUD\/USD<\/td>\n<td style=\"text-align: center;\">0,35<\/td>\n<td style=\"text-align: center;\">0,03 USD \/ 3,00 USD<\/td>\n<td style=\"text-align: center;\">0,065 USD<\/td>\n<td style=\"text-align: center;\">6,50 USD<\/td>\n<\/tr>\n<tr>\n<td>USD\/CAD<\/td>\n<td style=\"text-align: center;\">0,07<\/td>\n<td style=\"text-align: center;\">0,03 USD \/ 3,00 USD<\/td>\n<td style=\"text-align: center;\">0,035 USD<\/td>\n<td style=\"text-align: center;\">3,51 USD<\/td>\n<\/tr>\n<tr>\n<td>USD\/CHF<\/td>\n<td style=\"text-align: center;\">0,74<\/td>\n<td style=\"text-align: center;\">0,03 USD \/ 3,00 USD<\/td>\n<td style=\"text-align: center;\">0,122 USD<\/td>\n<td style=\"text-align: center;\">12,19 USD<\/td>\n<\/tr>\n<tr>\n<td>USD\/CNH<\/td>\n<td style=\"text-align: center;\">2,65<\/td>\n<td style=\"text-align: center;\">0,03 USD \/ 3,00 USD<\/td>\n<td style=\"text-align: center;\">0,067 USD<\/td>\n<td style=\"text-align: center;\">6,71 USD<\/td>\n<\/tr>\n<tr>\n<td>NZD\/USD<\/td>\n<td style=\"text-align: center;\">0,31<\/td>\n<td style=\"text-align: center;\">0,03 USD \/ 3,00 USD<\/td>\n<td style=\"text-align: center;\">0,061 USD<\/td>\n<td style=\"text-align: center;\">6,10 USD<\/td>\n<\/tr>\n<\/tbody>\n<\/table>\n<\/div>\n<p style=\"text-align: center; font-size: 13px;\"><em>*Die Trading-Kosten der W\u00e4hrungspaare sind in USD angegeben<\/em><\/p>\n<p>Die Spreads beim Pro ECN Konto von Vantage entsprechen denen des Raw ECN Kontos, bieten jedoch zus\u00e4tzlich eine niedrigere Kommission von 1,50 USD pro Seite bzw. 3,00 USD pro Round-Trip-Trade. Au\u00dferdem beginnt die Mindesteinzahlung f\u00fcr diesen Kontotyp bei 10.000 USD.<\/p>\n<h2 id=\"overnight\"><i class=\"ico ico--clock\"><\/i>\u00dcbernacht-Finanzierungskosten bei Vantage<\/h2>\n<p>Zus\u00e4tzlich zu den Spreads und Kommissionen von Vantage sollten Trader auch die \u00dcbernacht-Finanzierungskosten des Brokers kennen. Diese werden auch als Swap-S\u00e4tze oder Rollover-Zinsen bezeichnet und fallen an, wenn Positionen \u00fcber Nacht offen gehalten werden.<\/p>\n<p>Am Ende eines Trading-Tages k\u00f6nnen Trader ihre Positionen entweder schlie\u00dfen oder ge\u00f6ffnet lassen. Werden Positionen \u00fcber Nacht gehalten, fallen Zinsen an. Abh\u00e4ngig vom Forex-Instrument und der Richtung des Trades zahlen Broker diesen Swap-Satz entweder an Trader oder der Swap wird seinem Konto belastet. Wenn eine W\u00e4hrung mit h\u00f6herem Zinssatz gekauft wird als die verkaufte W\u00e4hrung, wird dem Konto \u00fcber einen Swap eine Gutschrift gutgeschrieben. Liegt der Zinssatz der gekauften W\u00e4hrung hingegen unter dem der verkauften W\u00e4hrung, wird der Swap dem Konto belastet.<\/p>\n<p>Trader k\u00f6nnen die Swap-S\u00e4tze f\u00fcr ein bestimmtes Forex-Paar direkt in der Trading-Plattform pr\u00fcfen, indem sie mit der rechten Maustaste auf das entsprechende Instrument klicken. Im Abschnitt \u201eMarket Specification\u201c werden die jeweiligen Swap-S\u00e4tze in Punkten angezeigt.<\/p>\n<p>Die folgende Tabelle zeigt die Swap-S\u00e4tze von Vantage f\u00fcr mehrere beliebte Forex-Paare. Bitte beachte, dass diese Werte von den Marktbedingungen abh\u00e4ngen und sich jederzeit \u00e4ndern k\u00f6nnen.<\/p>\n<div class=\"table-responsive\">\n<table class=\"table table--colorful\">\n<thead>\n<tr>\n<th colspan=\"4\" style=\"background-color: #fff;\">Swap-S\u00e4tze f\u00fcr beliebte Forex-Paare (Standard-Lot-Gr\u00f6\u00dfe)<\/th>\n<\/tr>\n<tr>\n<th>Symbol<\/th>\n<th>Basisw\u00e4hrung<\/th>\n<th>Volumen in Lots<\/th>\n<th>Swap Long (in Punkten)<\/th>\n<th>Swap Short (in Punkten)<\/th>\n<\/tr>\n<\/thead>\n<tbody>\n<tr>\n<td>EUR\/USD<\/td>\n<td style=\"text-align: center;\">USD<\/td>\n<td style=\"text-align: center;\">1<\/td>\n<td style=\"text-align: center;\">-5,03<\/td>\n<td style=\"text-align: center;\">2,03<\/td>\n<\/tr>\n<tr>\n<td>USD\/JPY<\/td>\n<td style=\"text-align: center;\">USD<\/td>\n<td style=\"text-align: center;\">1<\/td>\n<td style=\"text-align: center;\">7,72<\/td>\n<td style=\"text-align: center;\">-22,14<\/td>\n<\/tr>\n<tr>\n<td>EUR\/GBP<\/td>\n<td style=\"text-align: center;\">USD<\/td>\n<td style=\"text-align: center;\">1<\/td>\n<td style=\"text-align: center;\">-7,76<\/td>\n<td style=\"text-align: center;\">1,12<\/td>\n<\/tr>\n<tr>\n<td>GBP\/USD<\/td>\n<td style=\"text-align: center;\">USD<\/td>\n<td style=\"text-align: center;\">1<\/td>\n<td style=\"text-align: center;\">0,36<\/td>\n<td style=\"text-align: center;\">-2,29<\/td>\n<\/tr>\n<tr>\n<td>AUD\/USD<\/td>\n<td style=\"text-align: center;\">USD<\/td>\n<td style=\"text-align: center;\">1<\/td>\n<td style=\"text-align: center;\">-0,81<\/td>\n<td style=\"text-align: center;\">-18<\/td>\n<\/tr>\n<tr>\n<td>USD\/CAD<\/td>\n<td style=\"text-align: center;\">USD<\/td>\n<td style=\"text-align: center;\">1<\/td>\n<td style=\"text-align: center;\">1,45<\/td>\n<td style=\"text-align: center;\">-7,26<\/td>\n<\/tr>\n<tr>\n<td>USD\/CHF<\/td>\n<td style=\"text-align: center;\">USD<\/td>\n<td style=\"text-align: center;\">1<\/td>\n<td style=\"text-align: center;\">6,45<\/td>\n<td style=\"text-align: center;\">-14,21<\/td>\n<\/tr>\n<tr>\n<td>USD\/CNH<\/td>\n<td style=\"text-align: center;\">USD<\/td>\n<td style=\"text-align: center;\">1<\/td>\n<td style=\"text-align: center;\">-0,22<\/td>\n<td style=\"text-align: center;\">-51,37<\/td>\n<\/tr>\n<tr>\n<td>NZD\/USD<\/td>\n<td style=\"text-align: center;\">USD<\/td>\n<td style=\"text-align: center;\">1<\/td>\n<td style=\"text-align: center;\">-0,67<\/td>\n<td style=\"text-align: center;\">-1,44<\/td>\n<\/tr>\n<\/tbody>\n<\/table>\n<\/div>\n<h2 id=\"swap\"><i class=\"ico ico--islamic-account\"><\/i>Swap-freie Trading Kosten bei Vantage<\/h2>\n<p>Vantage bietet Swap-freie Konten an, die es muslimischen Tradern erm\u00f6glichen, Positionen \u00fcber Nacht zu halten, ohne zus\u00e4tzliche Geb\u00fchren oder Swap-Kosten zu zahlen, wie sie im vorherigen Abschnitt beschrieben wurden. Diese Konten sind speziell f\u00fcr Trader gedacht, die aus religi\u00f6sen Gr\u00fcnden keine Swaps zahlen oder erhalten d\u00fcrfen.<\/p>\n<p>Die Konten, die den Anforderungen der Scharia entsprechen, bieten Spreads ab 0,0 Pips, eine Mindesteinzahlung von 50 USD und keine Einzahlungsgeb\u00fchren. Die Anzahl handelbarer Instrumente \u2013 darunter Forex, Rohstoffe, Aktien und Anleihen \u2013 liegt bei \u00fcber 1.000. Die minimale Positionsgr\u00f6\u00dfe beginnt bei 0,01 Lot.<\/p>\n<p>Anstelle von Swap-Geb\u00fchren erhebt der Broker eine Verwaltungsgeb\u00fchr f\u00fcr \u00fcber Nacht gehaltene Positionen, die direkt vom Kontostand des Traders abgezogen wird. Diese Verwaltungsgeb\u00fchr setzt sich aus den Geb\u00fchren der Liquidit\u00e4tsanbieter von Vantage sowie einer internen Bearbeitungsgeb\u00fchr von etwa 10 % zusammen.<\/p>\n<h2 id=\"other\"><i class=\"ico ico--administration-fees\"><\/i>Sonstige Trading-Kosten bei Vantage<\/h2>\n<p>Vantage erhebt keine Geb\u00fchren f\u00fcr Einzahlungen oder Auszahlungen. Trader sollten jedoch beachten, dass bei Transaktionen \u00fcber bestimmte Zahlungsanbieter Geb\u00fchren anfallen k\u00f6nnen, die nicht vom Broker abh\u00e4ngen. Au\u00dferdem gilt bei Ein- und Auszahlungen eine sogenannte \u201eReturn to Source\u201c-Richtlinie. Das bedeutet, dass Trader f\u00fcr Ein- und Auszahlungen dieselbe Zahlungsmethode verwenden m\u00fcssen.<\/p>\n<p>Bei Vantage fallen keine Geb\u00fchren f\u00fcr die Kontoer\u00f6ffnung an. Allerdings m\u00fcssen Trader die Mindestanforderung f\u00fcr die Kontoer\u00f6ffnung erf\u00fcllen, die bei 50 USD beginnt. Vantage hebt sich zudem von vielen anderen Brokern ab, da keine Inaktivit\u00e4tsgeb\u00fchren erhoben werden, was besonders f\u00fcr Trader von Vorteil ist, die nicht regelm\u00e4\u00dfig handeln.<\/p>\n<p>Mit einem Forex Virtual Private Server (VPS) k\u00f6nnen Trader m\u00f6gliche Ausf\u00e4lle durch Internetprobleme oder Stromunterbrechungen vermeiden. Vantage stellt Nutzern au\u00dferdem eine Videoanleitung zur Verf\u00fcgung, die zeigt, wie sie sich direkt \u00fcber ihr MT4-Konto f\u00fcr einen Forex VPS registrieren k\u00f6nnen. Um den Forex VPS kostenlos zu nutzen, m\u00fcssen Trader mehrere Voraussetzungen erf\u00fcllen, die in der folgenden Tabelle aufgef\u00fchrt sind.<\/p>\n<div class=\"table-responsive\">\n<table class=\"table\">\n<thead>\n<tr>\n<th colspan=\"2\">Sonstige Trading-Kosten bei Vantage<\/th>\n<\/tr>\n<\/thead>\n<tbody>\n<tr>\n<td>Einzahlungsgeb\u00fchren<\/td>\n<td>Kostenlos<\/p>\n<ul class=\"list-checks\">\n<li>Einzahlungen \u00fcber Skrill und Neteller k\u00f6nnen Geb\u00fchren verursachen.<\/li>\n<li>Internationale Bank\u00fcberweisungen k\u00f6nnen Geb\u00fchren von Finanzinstituten beinhalten.<\/li>\n<\/ul>\n<\/td>\n<\/tr>\n<tr>\n<td>Auszahlungsgeb\u00fchren<\/td>\n<td>Kostenlos<\/p>\n<ul class=\"list-checks\">\n<li>Der Broker selbst erhebt keine Geb\u00fchren, allerdings k\u00f6nnen Kosten durch Banken oder Finanzintermedi\u00e4re entstehen.<\/li>\n<\/ul>\n<\/td>\n<\/tr>\n<tr>\n<td>Kontoer\u00f6ffnungsgeb\u00fchr<\/td>\n<td>Kostenlos.<\/td>\n<\/tr>\n<tr>\n<td>Inaktivit\u00e4tsgeb\u00fchr<\/td>\n<td>Kostenlos<\/td>\n<\/tr>\n<tr>\n<td>Forex VPS<\/td>\n<td> Kostenlos unter folgenden Voraussetzungen:<\/p>\n<ul class=\"list-checks\">\n<li>Mindesteinzahlung \u2013 1.000 USD.<\/li>\n<li>W\u00e4hle einen VPS-Anbieter (NYCServers \u2013 bevorzugter Forex VPS Anbieter von Vantage) und aktiviere dein Konto.<\/li>\n<li>Mindesthandelsvolumen pro Monat \u2013 0,5 Mio. USD \/ 1 Mio. USD bei geschlossenen Trades.<\/li>\n<li>R\u00fcckerstattung der VPS-Rechnung bis zu 25 USD \/ 50 USD direkt auf das Trading-Konto.<\/li>\n<li>Maximal ein VPS pro Nutzer.<\/li>\n<\/ul>\n<\/td>\n<\/tr>\n<\/tbody>\n<\/table>\n<\/div>\n<h2 id=\"conclusion\"><i class=\"ico ico--pen\"><\/i>Fazit<\/h2>\n<p>Da Trading- und sonstige Kosten die Trading-Performance erheblich beeinflussen k\u00f6nnen, ist es wichtig, einen Broker mit wettbewerbsf\u00e4higen Konditionen zu w\u00e4hlen. Vantage ist ein Forex- und CFD-Broker, der in diesem Bereich sehr gut abschneidet. Egal, ob du das spreadbasierte Standard STP Konto oder das kommissionsbasierte Raw ECN Konto bevorzugst \u2013 du profitierst von attraktiven Trading-Bedingungen und transparenter Preisstruktur. F\u00fcr qualifizierte Nutzer stehen au\u00dferdem professionelle Konten sowie Swap-freie Konten zur Verf\u00fcgung. Insgesamt erm\u00f6glichen diese Kontotypen Tradern aller Erfahrungsstufen, eine Option zu w\u00e4hlen, die zu ihren pers\u00f6nlichen Anforderungen und ihrem Trading-Stil passt.<\/p>\n","protected":false},"excerpt":{"rendered":"<p>Vantage wurde im Jahr 2009 gegr\u00fcndet und ist ein weltweit f\u00fchrender CFD-Broker mit mehr als 5 Mio. registrierten Nutzern sowie einem Portfolio von \u00fcber 1.000 Finanzinstrumenten. Das Trading bei diesem Anbieter bietet zahlreiche Vorteile, darunter wettbewerbsf\u00e4hige Spreads, moderne Trading-Tools und Funktionen, schnelle Orderausf\u00fchrung sowie kostenlose Lernressourcen. Dar\u00fcber hinaus erm\u00f6glicht die transparente Preisstruktur des Brokers Tradern, [&hellip;]<\/p>\n","protected":false},"author":2,"featured_media":0,"parent":21458,"menu_order":0,"comment_status":"closed","ping_status":"closed","template":"templates\/review.php","meta":{"footnotes":""},"class_list":["post-59655","page","type-page","status-publish","hentry"],"aioseo_notices":[],"_links":{"self":[{"href":"https:\/\/www.bestbrokers.com\/de\/wp-json\/wp\/v2\/pages\/59655","targetHints":{"allow":["GET"]}}],"collection":[{"href":"https:\/\/www.bestbrokers.com\/de\/wp-json\/wp\/v2\/pages"}],"about":[{"href":"https:\/\/www.bestbrokers.com\/de\/wp-json\/wp\/v2\/types\/page"}],"author":[{"embeddable":true,"href":"https:\/\/www.bestbrokers.com\/de\/wp-json\/wp\/v2\/users\/2"}],"replies":[{"embeddable":true,"href":"https:\/\/www.bestbrokers.com\/de\/wp-json\/wp\/v2\/comments?post=59655"}],"version-history":[{"count":13,"href":"https:\/\/www.bestbrokers.com\/de\/wp-json\/wp\/v2\/pages\/59655\/revisions"}],"predecessor-version":[{"id":83035,"href":"https:\/\/www.bestbrokers.com\/de\/wp-json\/wp\/v2\/pages\/59655\/revisions\/83035"}],"up":[{"embeddable":true,"href":"https:\/\/www.bestbrokers.com\/de\/wp-json\/wp\/v2\/pages\/21458"}],"wp:attachment":[{"href":"https:\/\/www.bestbrokers.com\/de\/wp-json\/wp\/v2\/media?parent=59655"}],"curies":[{"name":"wp","href":"https:\/\/api.w.org\/{rel}","templated":true}]}}