{"id":59656,"date":"2025-03-19T09:36:56","date_gmt":"2025-03-19T09:36:56","guid":{"rendered":"https:\/\/www.bestbrokers.com\/?page_id=59656"},"modified":"2026-03-17T07:25:36","modified_gmt":"2026-03-17T07:25:36","slug":"spreads-fees-and-commissions","status":"publish","type":"page","link":"https:\/\/www.bestbrokers.com\/de\/reviews\/xm\/spreads-fees-and-commissions\/","title":{"rendered":"Spreads, Geb\u00fchren und Kommissionen bei XM"},"content":{"rendered":"<div class=\"author-line\">Geschrieben von <span class=\"author\">Naylyan Nazifova<div class=\"author-sub-box\"><div class=\"author-avatar\"><img decoding=\"async\" src=\"https:\/\/www.bestbrokers.com\/wp-content\/uploads\/2026\/04\/nnazifova.webp\" \/><\/div><div class=\"author-info-wrapper\"><div class=\"author-name\"><a href=\"https:\/\/www.bestbrokers.com\/de\/authors\/naylyan-nazifova\/\">Naylyan Nazifova<\/a><\/div><div class=\"author-bio\">Naylyan Nazifova ist eine anerkannte Expertin im Bereich des Online-Handels. Sie hat viele Ver\u00f6ffentlichungen und Analysen zu Themen wie Forex-Handel, Aktieninvestitionen und pers\u00f6nlicher Finanzplanung.<\/div><\/div><\/div><\/span>,  <a rel=\"nofollow\" target=\"_blank\" href=\"https:\/\/www.linkedin.com\/in\/naylian-nazifova-58562a272\/\"><img decoding=\"async\" class=\"social-icon\" src=\"https:\/\/www.bestbrokers.com\/wp-content\/themes\/best-brokers\/assets\/images\/icon-linkedin.svg\" width=\"22\" height=\"22\" data-no-lazy=\"1\"><\/a> <span class=\"sep\">|<\/span> \u00dcbersetzt von <span class=\"author\">Marcus Jungnickel<div class=\"author-sub-box\"><div class=\"author-avatar\"><img decoding=\"async\" src=\"https:\/\/www.bestbrokers.com\/wp-content\/uploads\/2025\/02\/Marcus-Jungnickel-150x150-2.webp\" \/><\/div><div class=\"author-info-wrapper\"><div class=\"author-name\"><a href=\"https:\/\/www.bestbrokers.com\/de\/authors\/marcus-jungnickel\/\">Marcus Jungnickel<\/a><\/div><div class=\"author-bio\">Marcus Jungnickel ist als \u00dcbersetzer und Redakteur auf die Fachgebiete Finanzen und Wirtschaft spezialisiert. Er betreut die deutsche Version von BestBrokers.com.<\/div><\/div><\/div><\/span>, <a rel=\"nofollow\" target=\"_blank\" href=\"https:\/\/www.linkedin.com\/in\/marcus-jungnickel-3545b3154\/\"><img decoding=\"async\" class=\"social-icon\" src=\"https:\/\/www.bestbrokers.com\/wp-content\/themes\/best-brokers\/assets\/images\/icon-linkedin.svg\" width=\"22\" height=\"22\" data-no-lazy=\"1\"><\/a> <span class=\"sep\">|<\/span> Aktualisiert: <time class=\"entry-date\" datetime=\"2026-03-17T07:25:36+00:00\">M\u00e4rz 17, 2026<\/time><\/div>\n<p>Um dir ein vollst\u00e4ndiges Bild der gesamten Trading-Erfahrung bei XM zu verschaffen, solltest du besonders auf die Trading-Kosten achten. Sie helfen dir dabei, zu beurteilen, ob der Broker die richtige Wahl f\u00fcr dich ist. Spreads, Kommissionen und weitere Geb\u00fchren sind entscheidend, um dein Trading-Budget realistisch einzusch\u00e4tzen. Aus diesem Grund hat unser Expertenteam alle <strong>Geb\u00fchren im Zusammenhang mit dem Trading bei XM<\/strong> ausf\u00fchrlich analysiert.<\/p>\n<p>Aufgrund unterschiedlicher regulatorischer Vorgaben und regionsabh\u00e4ngiger Angebote k\u00f6nnen sich <strong>die XM-Kontotypen je nach Gesellschaft des Brokers unterscheiden<\/strong>. Dennoch haben wir alle Kontomodelle getestet, die Tradern zur Verf\u00fcgung stehen, und dabei die Trading-Kosten jeder einzelnen Option untersucht. Im Folgenden findest du eine \u00dcbersicht \u00fcber die Preisstruktur von XM und deren Auswirkungen auf die jeweiligen Kontotypen.<\/p>\n<h2 id=\"costs\"><i class=\"ico ico--money-supply\"><\/i>Trading-Kosten bei XM<\/h2>\n<p>Bei XM k\u00f6nnen Trader zwischen verschiedenen Kontotypen w\u00e4hlen, die unterschiedliche Trading-Stile unterst\u00fctzen. Die europ\u00e4ischen und australischen Gesellschaften des Brokers bieten Zugang zu zwei Hauptkonten \u2013 Ultra Low und Zero. Die von der FSC regulierte Gesellschaft erg\u00e4nzt das Angebot zus\u00e4tzlich um das Standard-Konto. Anf\u00e4nger, die mit kleineren Positionsgr\u00f6\u00dfen handeln m\u00f6chten, k\u00f6nnen au\u00dferdem ein Standard-Micro- oder Ultra-Low-Micro-Konto er\u00f6ffnen. Diese Kontotypen erm\u00f6glichen Trades mit einer <strong>Mindestkontraktgr\u00f6\u00dfe von 0,01 Lot<\/strong>.<\/p>\n<p>Vergleicht man die Standard-, Ultra-Low- und Zero-Konten bei XM, zeigt sich, dass das Standard-Konto gr\u00f6\u00dfere Spreads aufweist, w\u00e4hrend <strong>Ultra-Low- und Zero-Konten die Trading-Kosten durch engere Spreads reduzieren<\/strong>. Tats\u00e4chlich beginnen die Spreads beim Zero-Konto bereits ab 0,0 Pips bei einer gro\u00dfen Auswahl an Forex-W\u00e4hrungspaaren. W\u00e4hrend beim Standard- und Ultra-Low-Konto keine Kommissionen berechnet werden, f\u00e4llt beim Zero-Konto eine kleine Kommission von 3,50 USD an, die pro Seite eines Standard-Lot-Trades berechnet wird.<\/p>\n<div class=\"table-responsive\">\n<table class=\"table table--colorful\">\n<thead>\n<tr>\n<th colspan=\"4\" style=\"background-color: #fff;\">XM Roundtrip-Kommissionen nach Kontotyp<\/th>\n<\/tr>\n<tr>\n<th>Kontotyp<\/th>\n<th>Pro Standard-Lot<\/th>\n<th>Pro Mini-Lot<\/th>\n<th>Pro Micro-Lot<\/th>\n<\/tr>\n<\/thead>\n<tbody>\n<tr>\n<td>Micro-Konten<\/td>\n<td style=\"text-align: center;\">0 USD<\/td>\n<td style=\"text-align: center;\">0 USD<\/td>\n<td style=\"text-align: center;\">0 USD<\/td>\n<\/tr>\n<tr>\n<td>Standard-Konto<\/td>\n<td style=\"text-align: center;\">0 USD<\/td>\n<td style=\"text-align: center;\">0 USD<\/td>\n<td style=\"text-align: center;\">0 USD<\/td>\n<\/tr>\n<tr>\n<td>Ultra-Low-Konto<\/td>\n<td style=\"text-align: center;\">0 USD<\/td>\n<td style=\"text-align: center;\">0 USD<\/td>\n<td style=\"text-align: center;\">0 USD<\/td>\n<\/tr>\n<tr>\n<td>Zero-Konto<\/td>\n<td style=\"text-align: center;\">7 USD<\/td>\n<td style=\"text-align: center;\">0,7 USD<\/td>\n<td style=\"text-align: center;\">0,07 USD<\/td>\n<\/tr>\n<\/tbody>\n<\/table>\n<\/div>\n<p>Auch wenn beim Trading mit dem Standard- oder Ultra-Low-Konto bei XM keine Kommission anf\u00e4llt, k\u00f6nnen die <strong>deutlich engeren Spreads im Zero-Konto<\/strong> die gesamten Trading-Kosten erheblich reduzieren, selbst wenn eine Kommission berechnet wird. Um den Unterschied bei den gesamten Trading-Kosten zu verdeutlichen, vergleichen wir einen einzelnen Lot-Trade im W\u00e4hrungspaar EUR\/USD mit den drei Kontotypen bei XM.<\/p>\n<p>F\u00fcr unser Beispiel gehen wir davon aus, dass der Trade zum gleichen Preis er\u00f6ffnet und geschlossen wird. Gehandelt wird ein Lot (100.000 Einheiten), wobei eine Pip-Bewegung einem Wert von 10 USD entspricht. Zum Zeitpunkt der Erstellung dieses Leitfadens betr\u00e4gt der durchschnittliche Spread im W\u00e4hrungspaar EUR\/USD etwa 2 Pips im Standard-Konto, 1,1 Pips im Ultra-Low-Konto und 0,2 Pips im Zero-Konto.<\/p>\n<p>Der Trade w\u00fcrde in diesem Fall folgenderma\u00dfen aussehen:<\/p>\n<hr style=\"height:2px;border-width:0;color:#dee2e6;background-color:#dee2e6; clear: both;\">\n<p><strong>Standard-Konto:<\/strong><\/p>\n<p>Spread: 2 Pips<br \/>\nKommission pro Seite: 0 USD<br \/>\nGesamtkosten: 2 x 10 USD = 20 USD pro Seite und 40 USD f\u00fcr einen Roundtrip-Trade<\/p>\n<hr style=\"height:2px;border-width:0;color:#dee2e6;background-color:#dee2e6; clear: both;\">\n<p><strong>Ultra-Low-Konto:<\/strong><\/p>\n<p>Spread: 1,1 Pips<br \/>\nKommission pro Seite: 0 USD<br \/>\nGesamtkosten: 1,1 x 10 USD = 11 USD pro Seite und 22 USD f\u00fcr einen Roundtrip-Trade<\/p>\n<hr style=\"height:2px;border-width:0;color:#dee2e6;background-color:#dee2e6; clear: both;\">\n<p><strong>Zero-Konto:<\/strong><\/p>\n<p>Spread: 0,2 Pips<br \/>\nSpread-Kosten: 0,2 x 10 USD = 2 USD<br \/>\nKommission pro Seite: 3,50 USD<br \/>\nGesamtkosten: (2 USD x 2) + (3,50 USD x 2) = 4 USD + 7 USD = 11 USD f\u00fcr einen Roundtrip-Trade<\/p>\n<hr style=\"height:2px;border-width:0;color:#dee2e6;background-color:#dee2e6; clear: both;\">\n<p>Wie du siehst, bietet das Zero-Konto die niedrigsten Trading-Kosten, selbst wenn auf beiden Seiten eines Trades eine Kommission berechnet wird.<\/p>\n<p>Im Folgenden findest du die minimalen Spread-Werte der drei Kontotypen, die XM seinen Nutzern anbietet. Dadurch kannst du die ungef\u00e4hren Trading-Kosten pro gehandeltem Lot bei beliebten Forex-W\u00e4hrungspaaren absch\u00e4tzen. Beachte jedoch, dass die tats\u00e4chlichen durchschnittlichen Trading-Kosten etwas h\u00f6her sein k\u00f6nnen, da XM variable Spreads anbietet, die zeitweise \u00fcber den unten angegebenen Mindestwerten liegen k\u00f6nnen.<\/p>\n<div class=\"table-responsive\">\n<table class=\"table table--colorful\">\n<thead>\n<tr>\n<th colspan=\"5\" style=\"background-color: #fff;\">Minimale Spread-Kosten mit Standard-Konten<\/th>\n<\/tr>\n<tr>\n<th>W\u00e4hrungspaar<\/th>\n<th>Spread ab (in Pips)<\/th>\n<th>Kommission pro Seite<\/th>\n<th>Kosten pro Micro-Lot<\/th>\n<th>Kosten pro Standard-Lot<\/th>\n<\/tr>\n<\/thead>\n<tbody>\n<tr>\n<td>EUR\/USD<\/td>\n<td style=\"text-align: center;\">1,6<\/td>\n<td style=\"text-align: center;\">0 USD<\/td>\n<td style=\"text-align: center;\">0,16 USD<\/td>\n<td style=\"text-align: center;\">16,00 USD<\/td>\n<\/tr>\n<tr>\n<td>USD\/JPY<\/td>\n<td style=\"text-align: center;\">2,0<\/td>\n<td style=\"text-align: center;\">0 USD<\/td>\n<td style=\"text-align: center;\">0,1357 USD<\/td>\n<td style=\"text-align: center;\">13,57 USD<\/td>\n<\/tr>\n<tr>\n<td>EUR\/GBP<\/td>\n<td style=\"text-align: center;\">1,8<\/td>\n<td style=\"text-align: center;\">0 USD<\/td>\n<td style=\"text-align: center;\">0,2424 USD<\/td>\n<td style=\"text-align: center;\">24,24 USD<\/td>\n<\/tr>\n<tr>\n<td>GBP\/USD<\/td>\n<td style=\"text-align: center;\">1,8<\/td>\n<td style=\"text-align: center;\">0 USD<\/td>\n<td style=\"text-align: center;\">0,18 USD<\/td>\n<td style=\"text-align: center;\">18,00 USD<\/td>\n<\/tr>\n<tr>\n<td>AUD\/USD<\/td>\n<td style=\"text-align: center;\">2,3<\/td>\n<td style=\"text-align: center;\">0 USD<\/td>\n<td style=\"text-align: center;\">0,23 USD<\/td>\n<td style=\"text-align: center;\">23,00 USD<\/td>\n<\/tr>\n<tr>\n<td>USD\/CAD<\/td>\n<td style=\"text-align: center;\">2,3<\/td>\n<td style=\"text-align: center;\">0 USD<\/td>\n<td style=\"text-align: center;\">0,1679 USD<\/td>\n<td style=\"text-align: center;\">16,79 USD<\/td>\n<\/tr>\n<tr>\n<td>USD\/CHF<\/td>\n<td style=\"text-align: center;\">1,9<\/td>\n<td style=\"text-align: center;\">0 USD<\/td>\n<td style=\"text-align: center;\">0,2383 USD<\/td>\n<td style=\"text-align: center;\">23,83 USD<\/td>\n<\/tr>\n<tr>\n<td>USD\/CNH<\/td>\n<td style=\"text-align: center;\">3,6<\/td>\n<td style=\"text-align: center;\">0 USD<\/td>\n<td style=\"text-align: center;\">0,0502 USD<\/td>\n<td style=\"text-align: center;\">5,02 USD<\/td>\n<\/tr>\n<tr>\n<td>NZD\/USD<\/td>\n<td style=\"text-align: center;\">2,8<\/td>\n<td style=\"text-align: center;\">0 USD<\/td>\n<td style=\"text-align: center;\">0,28 USD<\/td>\n<td style=\"text-align: center;\">28,00 USD<\/td>\n<\/tr>\n<\/tbody>\n<\/table>\n<\/div>\n<p style=\"text-align: center; font-size: 13px;\"><em>*Alle Trading-Kosten der W\u00e4hrungspaare werden in USD angegeben<\/em><\/p>\n<div class=\"table-responsive\">\n<table class=\"table table--colorful\">\n<thead>\n<tr>\n<th colspan=\"5\" style=\"background-color: #fff;\">Minimale Spread-Kosten mit Ultra-Low-Standard-Konten<\/th>\n<\/tr>\n<tr>\n<th>W\u00e4hrungspaar<\/th>\n<th>Spread ab (in Pips)<\/th>\n<th>Kommission pro Seite<\/th>\n<th>Kosten pro Micro-Lot<\/th>\n<th>Kosten pro Standard-Lot<\/th>\n<\/tr>\n<\/thead>\n<tbody>\n<tr>\n<td>EUR\/USD<\/td>\n<td style=\"text-align: center;\">0,8<\/td>\n<td style=\"text-align: center;\">0 USD<\/td>\n<td style=\"text-align: center;\">0,08 USD<\/td>\n<td style=\"text-align: center;\">8,00 USD<\/td>\n<\/tr>\n<tr>\n<td>USD\/JPY<\/td>\n<td style=\"text-align: center;\">0,8<\/td>\n<td style=\"text-align: center;\">0 USD<\/td>\n<td style=\"text-align: center;\">0,0543 USD<\/td>\n<td style=\"text-align: center;\">5,43 USD<\/td>\n<\/tr>\n<tr>\n<td>EUR\/GBP<\/td>\n<td style=\"text-align: center;\">1,7<\/td>\n<td style=\"text-align: center;\">0 USD<\/td>\n<td style=\"text-align: center;\">0,2289 USD<\/td>\n<td style=\"text-align: center;\">22,89 USD<\/td>\n<\/tr>\n<tr>\n<td>GBP\/USD<\/td>\n<td style=\"text-align: center;\">0,8<\/td>\n<td style=\"text-align: center;\">0 USD<\/td>\n<td style=\"text-align: center;\">0,08 USD<\/td>\n<td style=\"text-align: center;\">8,00 USD<\/td>\n<\/tr>\n<tr>\n<td>AUD\/USD<\/td>\n<td style=\"text-align: center;\">1,3<\/td>\n<td style=\"text-align: center;\">0 USD<\/td>\n<td style=\"text-align: center;\">0,13 USD<\/td>\n<td style=\"text-align: center;\">13,00 USD<\/td>\n<\/tr>\n<tr>\n<td>USD\/CAD<\/td>\n<td style=\"text-align: center;\">1,9<\/td>\n<td style=\"text-align: center;\">0 USD<\/td>\n<td style=\"text-align: center;\">0,1387 USD<\/td>\n<td style=\"text-align: center;\">13,87 USD<\/td>\n<\/tr>\n<tr>\n<td>USD\/CHF<\/td>\n<td style=\"text-align: center;\">1,1<\/td>\n<td style=\"text-align: center;\">0 USD<\/td>\n<td style=\"text-align: center;\">0,1380 USD<\/td>\n<td style=\"text-align: center;\">13,80 USD<\/td>\n<\/tr>\n<tr>\n<td>USD\/CNH<\/td>\n<td style=\"text-align: center;\">3,1<\/td>\n<td style=\"text-align: center;\">0 USD<\/td>\n<td style=\"text-align: center;\">0,0432 USD<\/td>\n<td style=\"text-align: center;\">4,32 USD<\/td>\n<\/tr>\n<tr>\n<td>NZD\/USD<\/td>\n<td style=\"text-align: center;\">2,0<\/td>\n<td style=\"text-align: center;\">0 USD<\/td>\n<td style=\"text-align: center;\">0,20 USD<\/td>\n<td style=\"text-align: center;\">20,00 USD<\/td>\n<\/tr>\n<\/tbody>\n<\/table>\n<\/div>\n<p style=\"text-align: center; font-size: 13px;\"><em>*Alle Trading-Kosten der W\u00e4hrungspaare werden in USD angegeben<\/em><\/p>\n<div class=\"table-responsive\">\n<table class=\"table table--colorful\">\n<thead>\n<tr>\n<th colspan=\"5\" style=\"background-color: #fff;\">Minimale Spread-Kosten mit Zero-Konten<\/th>\n<\/tr>\n<tr>\n<th>W\u00e4hrungspaar<\/th>\n<th>Spread ab (in Pips)<\/th>\n<th>Kommission pro Seite<\/th>\n<th>Kosten pro Micro-Lot<\/th>\n<th>Kosten pro Standard-Lot<\/th>\n<\/tr>\n<\/thead>\n<tbody>\n<tr>\n<td>EUR\/USD<\/td>\n<td style=\"text-align: center;\">0,0<\/td>\n<td style=\"text-align: center;\">3,50 USD\/0,035 USD<\/td>\n<td style=\"text-align: center;\">0,035 USD<\/td>\n<td style=\"text-align: center;\">3,50 USD<\/td>\n<\/tr>\n<tr>\n<td>USD\/JPY<\/td>\n<td style=\"text-align: center;\">0,0<\/td>\n<td style=\"text-align: center;\">3,50 USD\/0,035 USD<\/td>\n<td style=\"text-align: center;\">0,035 USD<\/td>\n<td style=\"text-align: center;\">3,50 USD<\/td>\n<\/tr>\n<tr>\n<td>EUR\/GBP<\/td>\n<td style=\"text-align: center;\">0,0<\/td>\n<td style=\"text-align: center;\">3,50 USD\/0,035 USD<\/td>\n<td style=\"text-align: center;\">0,035 USD<\/td>\n<td style=\"text-align: center;\">3,50 USD<\/td>\n<\/tr>\n<tr>\n<td>GBP\/USD<\/td>\n<td style=\"text-align: center;\">0,0<\/td>\n<td style=\"text-align: center;\">3,50 USD\/0,035 USD<\/td>\n<td style=\"text-align: center;\">0,035 USD<\/td>\n<td style=\"text-align: center;\">3,50 USD<\/td>\n<\/tr>\n<tr>\n<td>AUD\/USD<\/td>\n<td style=\"text-align: center;\">0,0<\/td>\n<td style=\"text-align: center;\">3,50 USD\/0,035 USD<\/td>\n<td style=\"text-align: center;\">0,035 USD<\/td>\n<td style=\"text-align: center;\">3,50 USD<\/td>\n<\/tr>\n<tr>\n<td>USD\/CAD<\/td>\n<td style=\"text-align: center;\">0,0<\/td>\n<td style=\"text-align: center;\">3,50 USD\/0,035 USD<\/td>\n<td style=\"text-align: center;\">0,035 USD<\/td>\n<td style=\"text-align: center;\">3,50 USD<\/td>\n<\/tr>\n<tr>\n<td>USD\/CHF<\/td>\n<td style=\"text-align: center;\">0,0<\/td>\n<td style=\"text-align: center;\">3,50 USD\/0,035 USD<\/td>\n<td style=\"text-align: center;\">0,035 USD<\/td>\n<td style=\"text-align: center;\">3,50 USD<\/td>\n<\/tr>\n<tr>\n<td>USD\/CNH<\/td>\n<td style=\"text-align: center;\">0,0<\/td>\n<td style=\"text-align: center;\">3,50 USD\/0,035 USD<\/td>\n<td style=\"text-align: center;\">0,035 USD<\/td>\n<td style=\"text-align: center;\">3,50 USD<\/td>\n<\/tr>\n<tr>\n<td>NZD\/USD<\/td>\n<td style=\"text-align: center;\">0,0<\/td>\n<td style=\"text-align: center;\">3,50 USD\/0,035 USD<\/td>\n<td style=\"text-align: center;\">0,035 USD<\/td>\n<td style=\"text-align: center;\">3,50 USD<\/td>\n<\/tr>\n<\/tbody>\n<\/table>\n<\/div>\n<p style=\"text-align: center; font-size: 13px;\"><em>*Alle Trading-Kosten der W\u00e4hrungspaare werden in USD angegeben<\/em><\/p>\n<h2 id=\"overnight\"><i class=\"ico ico--clock\"><\/i>\u00dcbernacht-Finanzierungskosten bei XM<\/h2>\n<p>W\u00e4hrend Intraday-Trading eine beliebte Strategie ist, die sich mit jedem Kontotyp bei XM nutzen l\u00e4sst, k\u00f6nnen Trader ihre Positionen auch \u00fcber Nacht offen halten und abh\u00e4ngig von der jeweiligen Marktentwicklung Zinsen erhalten. Diese Zinsen werden als Swap bezeichnet. Je nach Zinsdifferenz der gehandelten W\u00e4hrungen k\u00f6nnen Trader Swaps erhalten oder zahlen.<\/p>\n<p>Bei Forex- und Metall-Trades berechnet XM die Swap-S\u00e4tze auf Basis des <strong>Tom-Next-Satzes zuz\u00fcglich eines kleinen Aufschlags<\/strong>. Der Tom-Next-Satz kann negativ oder positiv sein, abh\u00e4ngig von der Zinsdifferenz der W\u00e4hrungen im jeweiligen W\u00e4hrungspaar.<\/p>\n<p>Trader k\u00f6nnen \u00fcber einen Rechner die aktuellen Swap-S\u00e4tze f\u00fcr verschiedene handelbare Instrumente einsehen. F\u00fcr Forex und Metalle verwendet XM dabei die folgende Formel zur Berechnung der Swaps:<\/p>\n<blockquote><p>Tradegr\u00f6\u00dfe x (+\/- Tom-Next-Satz + Aufschlag)<\/p><\/blockquote>\n<div class=\"table-responsive\">\n<table class=\"table table--colorful\">\n<thead>\n<tr>\n<th colspan=\"4\" style=\"background-color: #fff;\">Swap-S\u00e4tze beliebter Forex-W\u00e4hrungspaare (Standard-Lot)<\/th>\n<\/tr>\n<tr>\n<th>Symbol<\/th>\n<th>Basisw\u00e4hrung<\/th>\n<th>Volumen in Lots<\/th>\n<th>Swap Long<\/th>\n<th>Swap Short<\/th>\n<\/tr>\n<\/thead>\n<tbody>\n<tr>\n<td>EUR\/USD<\/td>\n<td style=\"text-align: center;\">USD<\/td>\n<td style=\"text-align: center;\">1<\/td>\n<td style=\"text-align: center;\">-6,84<\/td>\n<td style=\"text-align: center;\">1,06<\/td>\n<\/tr>\n<tr>\n<td>USD\/JPY<\/td>\n<td style=\"text-align: center;\">USD<\/td>\n<td style=\"text-align: center;\">1<\/td>\n<td style=\"text-align: center;\">4,31<\/td>\n<td style=\"text-align: center;\">-21,91<\/td>\n<\/tr>\n<tr>\n<td>EUR\/GBP<\/td>\n<td style=\"text-align: center;\">USD<\/td>\n<td style=\"text-align: center;\">1<\/td>\n<td style=\"text-align: center;\">-7,98 <\/td>\n<td style=\"text-align: center;\">2,24<\/td>\n<\/tr>\n<tr>\n<td>GBP\/USD<\/td>\n<td style=\"text-align: center;\">USD<\/td>\n<td style=\"text-align: center;\">1<\/td>\n<td style=\"text-align: center;\">-1,99<\/td>\n<td style=\"text-align: center;\">-4,79<\/td>\n<\/tr>\n<tr>\n<td>AUD\/USD<\/td>\n<td style=\"text-align: center;\">USD<\/td>\n<td style=\"text-align: center;\">1<\/td>\n<td style=\"text-align: center;\">-1,98<\/td>\n<td style=\"text-align: center;\">-1,48<\/td>\n<\/tr>\n<tr>\n<td>USD\/CAD<\/td>\n<td style=\"text-align: center;\">USD<\/td>\n<td style=\"text-align: center;\">1<\/td>\n<td style=\"text-align: center;\">0,43<\/td>\n<td style=\"text-align: center;\">-7,32<\/td>\n<\/tr>\n<tr>\n<td>USD\/CHF<\/td>\n<td style=\"text-align: center;\">USD<\/td>\n<td style=\"text-align: center;\">1<\/td>\n<td style=\"text-align: center;\">5,01<\/td>\n<td style=\"text-align: center;\">-17,07<\/td>\n<\/tr>\n<tr>\n<td>USD\/CNH<\/td>\n<td style=\"text-align: center;\">USD<\/td>\n<td style=\"text-align: center;\">1<\/td>\n<td style=\"text-align: center;\">-14,47<\/td>\n<td style=\"text-align: center;\">-28,19<\/td>\n<\/tr>\n<tr>\n<td>NZD\/USD<\/td>\n<td style=\"text-align: center;\">USD<\/td>\n<td style=\"text-align: center;\">1<\/td>\n<td style=\"text-align: center;\">-2,44<\/td>\n<td style=\"text-align: center;\">-1,84<\/td>\n<\/tr>\n<\/tbody>\n<\/table>\n<\/div>\n<h2 id=\"swap\"><i class=\"ico ico--islamic-account\"><\/i>Swap-freie Trading-Kosten bei XM<\/h2>\n<p>Da XM ein inklusives Angebot bereitstellt, k\u00f6nnen muslimische Trader ein islamisches Konto er\u00f6ffnen. Dadurch entfallen s\u00e4mtliche Swap-Geb\u00fchren auf dem Konto. Das bedeutet, dass <strong>\u00fcber Nacht ge\u00f6ffnete Positionen keine Zinsen erzeugen<\/strong>. Bei islamischen Konten werden daher keine Overnight-Finanzierungskosten berechnet und es werden auch keine Swaps gutgeschrieben.<\/p>\n<p>Der Broker erw\u00e4hnt keine administrativen Geb\u00fchren f\u00fcr Positionen, die \u00fcber mehrere N\u00e4chte hinweg offen bleiben. Laut den Gesch\u00e4ftsbedingungen von XM beh\u00e4lt sich der Broker jedoch das Recht vor, den swapfreien Status eines Kontos zu widerrufen, wenn Trader diese Funktion missbr\u00e4uchlich nutzen. In diesem Fall k\u00f6nnen wieder regul\u00e4re Swap-S\u00e4tze auf Overnight-Positionen angewendet werden.<\/p>\n<h2 id=\"other\"><i class=\"ico ico--administration-fees\"><\/i>Sonstige Kosten bei XM<\/h2>\n<p>Neben den Trading-Kosten bei XM solltest du auch weitere m\u00f6gliche Geb\u00fchren ber\u00fccksichtigen. Du kannst <strong>kostenlos ein Demo- und ein Live-Konto er\u00f6ffnen<\/strong> und erh\u00e4ltst Zugriff auf alle handelbaren Instrumente sowie die verf\u00fcgbaren Trading-Plattformen. Sobald du mit echtem Geld handeln m\u00f6chtest, kannst du eine Einzahlung \u00fcber verschiedene Zahlungsmethoden vornehmen, ohne dass Geb\u00fchren anfallen. Auch Auszahlungen sind kostenlos, sodass du deine Ein- und Auszahlungen bei XM ohne zus\u00e4tzliche Kosten verwalten kannst.<\/p>\n<p>Wenn dein Konto <strong>l\u00e4nger als 90 Tage inaktiv bleibt<\/strong>, wird eine Inaktivit\u00e4tsgeb\u00fchr von <strong>15 USD<\/strong> berechnet. Bleibt das Konto weiterhin inaktiv, fallen anschlie\u00dfend Geb\u00fchren von 10 USD pro Monat an. Sollte dein Kontostand w\u00e4hrend der Inaktivit\u00e4t auf 0 sinken, kann der Broker dein Konto schlie\u00dfen.<\/p>\n<p>Trader, die ihre Trading-Erfahrung mit einem VPS-Hosting-Service verbessern m\u00f6chten, k\u00f6nnen bei XM einen MT4 VPS nutzen. Dieser steht Tradern zur Verf\u00fcgung, die ein <strong>kostenpflichtiges Abonnement von 28 USD pro Monat<\/strong> abschlie\u00dfen. Alternativ erhalten Trader kostenlosen Zugriff auf den MT4 VPS, wenn sie auf all ihren Konten beim Broker ein Trading-Guthaben von mindestens 5.000 USD halten und mindestens 5 Roundtrip-Trades pro Monat mit Standard-Lots durchf\u00fchren.<\/p>\n<div class=\"table-responsive\">\n<table class=\"table\">\n<thead>\n<tr>\n<th colspan=\"2\">Sonstige Kosten bei XM<\/th>\n<\/tr>\n<\/thead>\n<tbody>\n<tr>\n<td>Einzahlungsgeb\u00fchren<\/td>\n<td>Kostenlos.<\/td>\n<\/tr>\n<tr>\n<td>Auszahlungsgeb\u00fchren<\/td>\n<td>Kostenlos.<\/td>\n<\/tr>\n<tr>\n<td>Geb\u00fchr f\u00fcr Kontoer\u00f6ffnung<\/td>\n<td>Kostenlos.<\/td>\n<\/tr>\n<tr>\n<td>Inaktivit\u00e4tsgeb\u00fchr<\/td>\n<td>15 USD nach 90 Tagen ohne Aktivit\u00e4t und anschlie\u00dfend 10 USD pro Monat.<\/td>\n<\/tr>\n<tr>\n<td>VPS Hosting Abonnement<\/td>\n<td>28 USD pro Monat.<\/td>\n<\/tr>\n<\/tbody>\n<\/table>\n<\/div>\n<h2 id=\"conclusion\"><i class=\"ico ico--pen\"><\/i>Fazit<\/h2>\n<p>Die gesamten Trading-Kosten bei XM sind insgesamt sehr wettbewerbsf\u00e4hig. Trader k\u00f6nnen zwischen mehreren Kontotypen w\u00e4hlen, die entweder vollst\u00e4ndig auf Kommissionen verzichten oder durch engere Spreads geringere Trading-Kosten erm\u00f6glichen. Zus\u00e4tzlich <strong>erhebt der Broker keine Geb\u00fchren f\u00fcr Ein- und Auszahlungen<\/strong>, wodurch du dein Kapital besonders kosteneffizient verwalten kannst. Beachte jedoch, dass nach drei Monaten ohne Aktivit\u00e4t eine Inaktivit\u00e4tsgeb\u00fchr berechnet wird. Daher lohnt es sich, dein XM-Konto regelm\u00e4\u00dfig zu \u00fcberpr\u00fcfen. W\u00e4hrend VPS-Hosting gegen eine monatliche Geb\u00fchr von 28 USD verf\u00fcgbar ist, k\u00f6nnen <strong>Trader mit hohem Handelsvolumen den MT4 VPS-Service kostenlos nutzen<\/strong>.<\/p>\n","protected":false},"excerpt":{"rendered":"<p>Um dir ein vollst\u00e4ndiges Bild der gesamten Trading-Erfahrung bei XM zu verschaffen, solltest du besonders auf die Trading-Kosten achten. Sie helfen dir dabei, zu beurteilen, ob der Broker die richtige Wahl f\u00fcr dich ist. Spreads, Kommissionen und weitere Geb\u00fchren sind entscheidend, um dein Trading-Budget realistisch einzusch\u00e4tzen. Aus diesem Grund hat unser Expertenteam alle Geb\u00fchren im [&hellip;]<\/p>\n","protected":false},"author":2,"featured_media":0,"parent":21699,"menu_order":0,"comment_status":"closed","ping_status":"closed","template":"templates\/review.php","meta":{"footnotes":""},"class_list":["post-59656","page","type-page","status-publish","hentry"],"aioseo_notices":[],"_links":{"self":[{"href":"https:\/\/www.bestbrokers.com\/de\/wp-json\/wp\/v2\/pages\/59656","targetHints":{"allow":["GET"]}}],"collection":[{"href":"https:\/\/www.bestbrokers.com\/de\/wp-json\/wp\/v2\/pages"}],"about":[{"href":"https:\/\/www.bestbrokers.com\/de\/wp-json\/wp\/v2\/types\/page"}],"author":[{"embeddable":true,"href":"https:\/\/www.bestbrokers.com\/de\/wp-json\/wp\/v2\/users\/2"}],"replies":[{"embeddable":true,"href":"https:\/\/www.bestbrokers.com\/de\/wp-json\/wp\/v2\/comments?post=59656"}],"version-history":[{"count":10,"href":"https:\/\/www.bestbrokers.com\/de\/wp-json\/wp\/v2\/pages\/59656\/revisions"}],"predecessor-version":[{"id":83036,"href":"https:\/\/www.bestbrokers.com\/de\/wp-json\/wp\/v2\/pages\/59656\/revisions\/83036"}],"up":[{"embeddable":true,"href":"https:\/\/www.bestbrokers.com\/de\/wp-json\/wp\/v2\/pages\/21699"}],"wp:attachment":[{"href":"https:\/\/www.bestbrokers.com\/de\/wp-json\/wp\/v2\/media?parent=59656"}],"curies":[{"name":"wp","href":"https:\/\/api.w.org\/{rel}","templated":true}]}}