{"id":59657,"date":"2025-03-19T09:36:56","date_gmt":"2025-03-19T09:36:56","guid":{"rendered":"https:\/\/www.bestbrokers.com\/?page_id=59657"},"modified":"2026-03-17T07:27:15","modified_gmt":"2026-03-17T07:27:15","slug":"spreads-fees-and-commissions","status":"publish","type":"page","link":"https:\/\/www.bestbrokers.com\/de\/reviews\/fxtm\/spreads-fees-and-commissions\/","title":{"rendered":"Spreads, Geb\u00fchren und Kommissionen bei FXTM"},"content":{"rendered":"<div class=\"author-line\">Geschrieben von <span class=\"author\">Zornitsa Stefanova<div class=\"author-sub-box\"><div class=\"author-avatar\"><img decoding=\"async\" src=\"https:\/\/www.bestbrokers.com\/wp-content\/uploads\/2024\/09\/zornica-stefanova.jpeg\" \/><\/div><div class=\"author-info-wrapper\"><div class=\"author-name\"><a href=\"https:\/\/www.bestbrokers.com\/de\/authors\/zornitsa-stefanova\/\">Zornitsa Stefanova<\/a><\/div><div class=\"author-bio\">Zornitsa Stefanova ist eine erfahrene Forex- und Kryptoanalystin. Sie behandelt auch verschiedene finanzielle Themen wie Aktienhandel und Renteninvestitionen.<\/div><\/div><\/div><\/span>,  <a rel=\"nofollow\" target=\"_blank\" href=\"https:\/\/www.linkedin.com\/in\/zornica-stefanova-73ab39287\/\"><img decoding=\"async\" class=\"social-icon\" src=\"https:\/\/www.bestbrokers.com\/wp-content\/themes\/best-brokers\/assets\/images\/icon-linkedin.svg\" data-no-lazy=\"1\"><\/a> <span class=\"sep\">|<\/span> \u00dcbersetzt von <span class=\"author\">Marcus Jungnickel<div class=\"author-sub-box\"><div class=\"author-avatar\"><img decoding=\"async\" src=\"https:\/\/www.bestbrokers.com\/wp-content\/uploads\/2025\/02\/Marcus-Jungnickel-150x150-2.webp\" \/><\/div><div class=\"author-info-wrapper\"><div class=\"author-name\"><a href=\"https:\/\/www.bestbrokers.com\/de\/authors\/marcus-jungnickel\/\">Marcus Jungnickel<\/a><\/div><div class=\"author-bio\">Marcus Jungnickel ist als \u00dcbersetzer und Redakteur auf die Fachgebiete Finanzen und Wirtschaft spezialisiert. Er betreut die deutsche Version von BestBrokers.com.<\/div><\/div><\/div><\/span>, <a rel=\"nofollow\" target=\"_blank\" href=\"https:\/\/www.linkedin.com\/in\/marcus-jungnickel-3545b3154\/\"><img decoding=\"async\" class=\"social-icon\" src=\"https:\/\/www.bestbrokers.com\/wp-content\/themes\/best-brokers\/assets\/images\/icon-linkedin.svg\" data-no-lazy=\"1\"><\/a> <span class=\"sep\">|<\/span> Aktualisiert: <time class=\"entry-date\" datetime=\"2026-03-17T07:27:15+00:00\">M\u00e4rz 17, 2026<\/time><\/div>\n<p>FXTM \u00f6ffnete seine virtuellen T\u00fcren im Jahr 2011 und betreut heute mehr als eine Million Nutzer und Trader in Dutzenden von L\u00e4ndern. Zu den verf\u00fcgbaren M\u00e4rkten geh\u00f6ren Forex, Aktien, Kryptow\u00e4hrungen, Indizes und Rohstoffe. Der Broker zeigt sich auch bei den Kosten flexibel, denn FXTM-Nutzer k\u00f6nnen entweder ohne Kommission mit dem Advantage-Plus-Konto handeln oder sich f\u00fcr das kommissionsbasierte Advantage-Konto mit engeren Spreads entscheiden. Unser Expertenteam hat die Kostenstruktur von FXTM durch die Er\u00f6ffnung eines Live-Kontos gr\u00fcndlich analysiert. Neben den bereits erw\u00e4hnten Kosten findest du im weiteren Verlauf au\u00dferdem Details zu den sonstigen Trading-Kosten des Brokers.<\/p>\n<p>Wir haben au\u00dferdem die bei FXTM verf\u00fcgbaren Plattformoptionen getestet. Zwar bietet der Broker keine eigene Desktop-Trading-Software, daf\u00fcr werden jedoch beliebte Drittanbieter-Plattformen wie MetaTrader4 und MetaTrader5 unterst\u00fctzt. Auch Trader, die unterwegs handeln m\u00f6chten, werden ber\u00fccksichtigt, da die Brokerage mobilfreundlich ist.<\/p>\n<h2 id=\"costs\"><i class=\"ico ico--money-supply\"><\/i>Trading-Kosten bei FXTM<\/h2>\n<p>FXTM bietet zwei Live-Kontotypen, die auf unterschiedliche Vorlieben von Forex-Tradern und Nutzern anderer handelbarer Instrumente ausgerichtet sind. Diese Optionen hei\u00dfen Advantage und Advantage Plus. Das Advantage-Konto ist ein Konto mit Spreads ab 0 Pips, allerdings f\u00e4llt bei Forex-W\u00e4hrungspaaren eine Kommission von 3,5 USD pro Standard-Lot an. Das Advantage-Plus-Konto richtet sich hingegen an Trader, die keine Kommission zahlen m\u00f6chten und stattdessen Spreads als Hauptkosten beim Trading bevorzugen.<\/p>\n<p>Neben diesen beiden Optionen stellt FXTM zwei weitere Kontotypen zur Verf\u00fcgung. Nutzer, die ausschlie\u00dflich Aktien handeln m\u00f6chten, k\u00f6nnen ein Advantage-Stocks-Konto er\u00f6ffnen. Dieses bietet Spreads ab 6 Cent und erhebt keine Kommissionen. Anf\u00e4nger k\u00f6nnen ihre Trading-Reise au\u00dferdem mit dem FXTM-Demokonto beginnen. Dieses ist kostenlos und stellt eine risikofreie Umgebung bereit, in der du handeln kannst, ohne echtes Kapital zu riskieren.<\/p>\n<h3><i class=\"ico ico--pro-ecn-account\"><\/i>Advantage Plus Konto<\/h3>\n<p>Der erste bei FXTM verf\u00fcgbare Kontotyp ist das Advantage-Plus-Konto mit Spreads ab 1,5 Pips. Es erm\u00f6glicht kommissionsfreies Trading f\u00fcr Nutzer, die klare und transparente Kosten bevorzugen.<\/p>\n<p>Um zu zeigen, wie sich die durchschnittlichen Forex-Trading-Kosten berechnen lassen, betrachten wir das W\u00e4hrungspaar AUD\/USD. Zun\u00e4chst multiplizieren wir den Spread von 0,00021 mit 100.000. Daraus ergibt sich ein Betrag von 21 USD pro Standard-Lot. Bei Micro-Lots fallen geringere Kosten an, n\u00e4mlich 0,21 USD, wenn die gesamte Einheitenzahl eines Micro-Lots (1.000) verwendet wird. Entsprechend zahlst du 2,10 USD pro Mini-Lot, das aus 10.000 Einheiten der Basisw\u00e4hrung besteht. In der folgenden Tabelle siehst du die Kosten weiterer beliebter W\u00e4hrungspaare:<\/p>\n<div class=\"table-responsive\">\n<table class=\"table table--colorful\">\n<thead>\n<tr>\n<th colspan=\"5\" style=\"background-color: #fff;\">Durchschnittliche Spread-Kosten mit Advantage Plus Konto<\/th>\n<\/tr>\n<tr>\n<th>W\u00e4hrungspaar<\/th>\n<th>Spreads<\/th>\n<th>Kommission pro Lot, pro Seite<\/th>\n<th>Kosten pro Micro-Lot<\/th>\n<th>Kosten pro Standard-Lot<\/th>\n<\/tr>\n<\/thead>\n<tbody>\n<tr>\n<td>AUD\/USD<\/td>\n<td style=\"text-align: center;\">2,1<\/td>\n<td style=\"text-align: center;\">0 USD<\/td>\n<td style=\"text-align: center;\">0,21 USD<\/td>\n<td style=\"text-align: center;\">21 USD<\/td>\n<\/tr>\n<tr>\n<td>EUR\/GBP<\/td>\n<td style=\"text-align: center;\">2,7<\/td>\n<td style=\"text-align: center;\">0 USD<\/td>\n<td style=\"text-align: center;\">0,364 USD<\/td>\n<td style=\"text-align: center;\">36,38 USD<\/td>\n<\/tr>\n<tr>\n<td>EUR\/JPY<\/td>\n<td style=\"text-align: center;\">2,5<\/td>\n<td style=\"text-align: center;\">0 USD<\/td>\n<td style=\"text-align: center;\">0,17 USD<\/td>\n<td style=\"text-align: center;\">17 USD<\/td>\n<\/tr>\n<tr>\n<td>EUR\/USD<\/td>\n<td style=\"text-align: center;\">2,1<\/td>\n<td style=\"text-align: center;\">0 USD<\/td>\n<td style=\"text-align: center;\">0,21 USD<\/td>\n<td style=\"text-align: center;\">21 USD<\/td>\n<\/tr>\n<tr>\n<td>GBP\/JPY<\/td>\n<td style=\"text-align: center;\">6,9<\/td>\n<td style=\"text-align: center;\">0 USD<\/td>\n<td style=\"text-align: center;\">0,469 USD<\/td>\n<td style=\"text-align: center;\">46,94 USD<\/td>\n<\/tr>\n<tr>\n<td>GBP\/USD<\/td>\n<td style=\"text-align: center;\">2,5<\/td>\n<td style=\"text-align: center;\">0 USD<\/td>\n<td style=\"text-align: center;\">0,25 USD<\/td>\n<td style=\"text-align: center;\">25 USD<\/td>\n<\/tr>\n<tr>\n<td>NZD\/USD<\/td>\n<td style=\"text-align: center;\">15<\/td>\n<td style=\"text-align: center;\">0 USD<\/td>\n<td style=\"text-align: center;\">1,5 USD<\/td>\n<td style=\"text-align: center;\">150 USD<\/td>\n<\/tr>\n<tr>\n<td>USD\/CAD<\/td>\n<td style=\"text-align: center;\">2,8<\/td>\n<td style=\"text-align: center;\">0 USD<\/td>\n<td style=\"text-align: center;\">0,204 USD<\/td>\n<td style=\"text-align: center;\">20,36 USD<\/td>\n<\/tr>\n<tr>\n<td>USD\/CHF<\/td>\n<td style=\"text-align: center;\">2,7<\/td>\n<td style=\"text-align: center;\">0 USD<\/td>\n<td style=\"text-align: center;\">0,337 USD<\/td>\n<td style=\"text-align: center;\">33,72 USD<\/td>\n<\/tr>\n<tr>\n<td>USD\/CNH<\/td>\n<td style=\"text-align: center;\">19,8<\/td>\n<td style=\"text-align: center;\">0 USD<\/td>\n<td style=\"text-align: center;\">0,278 USD<\/td>\n<td style=\"text-align: center;\">27,79 USD<\/td>\n<\/tr>\n<tr>\n<td>USD\/JPY<\/td>\n<td style=\"text-align: center;\">2,5<\/td>\n<td style=\"text-align: center;\">0 USD<\/td>\n<td style=\"text-align: center;\">0,17 USD<\/td>\n<td style=\"text-align: center;\">17 USD<\/td>\n<\/tr>\n<\/tbody>\n<\/table>\n<\/div>\n<h3><i class=\"ico ico--account\"><\/i>Advantage Konto<\/h3>\n<p>Als N\u00e4chstes betrachten wir das Konto mit der Bezeichnung \u201eAdvantage\u201c. Dieser Kontotyp beinhaltet zwar eine Kommission von 3,5 USD, erm\u00f6glicht jedoch gleichzeitig deutlich niedrigere Spreads. Tats\u00e4chlich lagen die durchschnittlichen Spreads der meisten von uns gepr\u00fcften W\u00e4hrungspaare typischerweise unter 1 Pip, wodurch insgesamt relativ niedrige Trading-Kosten entstehen.<\/p>\n<p>Die Berechnung der Gesamtkosten verl\u00e4uft \u00e4hnlich wie im vorherigen Abschnitt. Der Unterschied besteht darin, dass hier zus\u00e4tzlich die Kommission ber\u00fccksichtigt werden muss. Beim W\u00e4hrungspaar AUD\/USD betr\u00e4gt der anf\u00e4ngliche Spread-Kostenanteil pro Standard-Lot 5 USD (0,00005 x 100.000 = 5 USD). Wird die Kommission von 3,5 USD hinzugerechnet, ergibt sich ein Gesamtbetrag von 8,5 USD. Bei Micro-Lots betr\u00e4gt die Kommission 0,035 USD. Addiert man diese zum anf\u00e4nglichen Spread (0,00005 x 1.000 = 0,05 USD), ergeben sich Gesamtkosten von 0,085 USD.<\/p>\n<div class=\"table-responsive\">\n<table class=\"table table--colorful\">\n<thead>\n<tr>\n<th colspan=\"5\" style=\"background-color: #fff;\">Durchschnittliche Spread-Kosten mit Advantage Konto<\/th>\n<\/tr>\n<tr>\n<th>W\u00e4hrungspaar<\/th>\n<th>Spreads<\/th>\n<th>Kommission pro Lot, pro Seite<\/th>\n<th>Kosten pro Micro-Lot<\/th>\n<th>Kosten pro Standard-Lot<\/th>\n<\/tr>\n<\/thead>\n<tbody>\n<tr>\n<td>AUD\/USD<\/td>\n<td style=\"text-align: center;\">0,5<\/td>\n<td style=\"text-align: center;\">0,035 USD \/ 3,5 USD<\/td>\n<td style=\"text-align: center;\">0,085 USD<\/td>\n<td style=\"text-align: center;\">8,5 USD<\/td>\n<\/tr>\n<tr>\n<td>EUR\/GBP<\/td>\n<td style=\"text-align: center;\">0,6<\/td>\n<td style=\"text-align: center;\">3,5 USD<\/td>\n<td style=\"text-align: center;\">0,11578 USD<\/td>\n<td style=\"text-align: center;\">11,57798 USD<\/td>\n<\/tr>\n<tr>\n<td>EUR\/JPY<\/td>\n<td style=\"text-align: center;\">0,4<\/td>\n<td style=\"text-align: center;\">3,5 USD<\/td>\n<td style=\"text-align: center;\">0,07573 USD<\/td>\n<td style=\"text-align: center;\">7,57268 USD<\/td>\n<\/tr>\n<tr>\n<td>EUR\/USD<\/td>\n<td style=\"text-align: center;\">0,1<\/td>\n<td style=\"text-align: center;\">3,5 USD<\/td>\n<td style=\"text-align: center;\">0,045 USD<\/td>\n<td style=\"text-align: center;\">4,5 USD<\/td>\n<\/tr>\n<tr>\n<td>GBP\/JPY<\/td>\n<td style=\"text-align: center;\">0,9<\/td>\n<td style=\"text-align: center;\">3,5 USD<\/td>\n<td style=\"text-align: center;\">0,09609 USD<\/td>\n<td style=\"text-align: center;\">9,60903 USD<\/td>\n<\/tr>\n<tr>\n<td>GBP\/USD<\/td>\n<td style=\"text-align: center;\">2<\/td>\n<td style=\"text-align: center;\">3,5 USD<\/td>\n<td style=\"text-align: center;\">0,235 USD<\/td>\n<td style=\"text-align: center;\">23,5 USD<\/td>\n<\/tr>\n<tr>\n<td>NZD\/USD<\/td>\n<td style=\"text-align: center;\">4<\/td>\n<td style=\"text-align: center;\">3,5 USD<\/td>\n<td style=\"text-align: center;\">0,435 USD<\/td>\n<td style=\"text-align: center;\">43,5 USD<\/td>\n<\/tr>\n<tr>\n<td>USD\/CAD<\/td>\n<td style=\"text-align: center;\">0,6<\/td>\n<td style=\"text-align: center;\">3,5 USD<\/td>\n<td style=\"text-align: center;\">0,07881 USD<\/td>\n<td style=\"text-align: center;\">7,88091 USD<\/td>\n<\/tr>\n<tr>\n<td>USD\/CHF<\/td>\n<td style=\"text-align: center;\">0,5<\/td>\n<td style=\"text-align: center;\">3,5 USD<\/td>\n<td style=\"text-align: center;\">0,09771 USD<\/td>\n<td style=\"text-align: center;\">9,77054 USD<\/td>\n<\/tr>\n<tr>\n<td>USD\/CNH<\/td>\n<td style=\"text-align: center;\">16,8<\/td>\n<td style=\"text-align: center;\">3,5 USD<\/td>\n<td style=\"text-align: center;\">0,26928 USD<\/td>\n<td style=\"text-align: center;\">26,92828 USD<\/td>\n<\/tr>\n<tr>\n<td>USD\/JPY<\/td>\n<td style=\"text-align: center;\">0,6<\/td>\n<td style=\"text-align: center;\">3,5 USD<\/td>\n<td style=\"text-align: center;\">0,07573 USD<\/td>\n<td style=\"text-align: center;\">7,57268 USD<\/td>\n<\/tr>\n<\/tbody>\n<\/table>\n<\/div>\n<p>Es ist au\u00dferdem zu beachten, dass sich die Kommissionen bei Spot-Metallen unterscheiden (25 USD pro Million Nominalwert). F\u00fcr Index- und Rohstoff-CFDs betr\u00e4gt die Kommission hingegen 35 USD pro Million Nominalwert. Bei Aktien-CFDs f\u00e4llt eine Kommission von 0,02 USD pro gehandeltem Lot und Seite an, wobei die Mindestkommission 0,01 USD betr\u00e4gt. Auch beim Krypto-Trading wird bei diesem Kontotyp eine Kommission erhoben. Diese liegt aktuell bei 0,03 % des Nominalwerts.<\/p>\n<h2 id=\"overnight\"><i class=\"ico ico--clock\"><\/i>\u00dcbernacht-Finanzierungskosten bei FXTM<\/h2>\n<p>Wenn du planst, W\u00e4hrungen zu handeln und deine Long- oder Short-Positionen \u00fcber Nacht zu halten, solltest du die Swap-Geb\u00fchren im Blick behalten, da sie sich t\u00e4glich \u00e4ndern. Bei Swaps kannst du entweder Zinsen zahlen oder erhalten. Letzteres tritt ein, wenn die gekaufte W\u00e4hrung einen h\u00f6heren Zinssatz aufweist als die verkaufte W\u00e4hrung. Die folgende Tabelle fasst die zum Zeitpunkt der Erstellung g\u00fcltigen Werte zusammen.<\/p>\n<div class=\"table-responsive\">\n<table class=\"table table--colorful\">\n<thead>\n<tr>\n<th colspan=\"3\" style=\"background-color: #fff;\">FXTM Swap-Geb\u00fchren (29. August 2025)<\/th>\n<\/tr>\n<tr>\n<th>W\u00e4hrungspaar<\/th>\n<th>Short (Verkauf)<\/th>\n<th>Long (Kauf)<\/th>\n<\/tr>\n<\/thead>\n<tbody>\n<tr>\n<td>AUD\/USD<\/td>\n<td style=\"text-align: center;\">-0,005<\/td>\n<td style=\"text-align: center;\">-0,0211<\/td>\n<\/tr>\n<tr>\n<td>EUR\/GBP<\/td>\n<td style=\"text-align: center;\">0,0093<\/td>\n<td style=\"text-align: center;\">-0,0977<\/td>\n<\/tr>\n<tr>\n<td>EUR\/JPY<\/td>\n<td style=\"text-align: center;\">-0,1671<\/td>\n<td style=\"text-align: center;\">0,0109<\/td>\n<\/tr>\n<tr>\n<td>EUR\/USD<\/td>\n<td style=\"text-align: center;\">0,0476<\/td>\n<td style=\"text-align: center;\">-0,1041<\/td>\n<\/tr>\n<tr>\n<td>GBP\/JPY<\/td>\n<td style=\"text-align: center;\">-0,3167<\/td>\n<td style=\"text-align: center;\">0,0883<\/td>\n<\/tr>\n<tr>\n<td>GBP\/USD<\/td>\n<td style=\"text-align: center;\">-0,0211<\/td>\n<td style=\"text-align: center;\">-0,0314<\/td>\n<\/tr>\n<tr>\n<td>NZD\/USD<\/td>\n<td style=\"text-align: center;\">0,0056<\/td>\n<td style=\"text-align: center;\">-0,0309<\/td>\n<\/tr>\n<tr>\n<td>USD\/CAD<\/td>\n<td style=\"text-align: center;\">-0,0982<\/td>\n<td style=\"text-align: center;\">0,0407<\/td>\n<\/tr>\n<tr>\n<td>USD\/CHF<\/td>\n<td style=\"text-align: center;\">-0,1321<\/td>\n<td style=\"text-align: center;\">0,0659<\/td>\n<\/tr>\n<tr>\n<td>USD\/CNH<\/td>\n<td style=\"text-align: center;\">-1,1748<\/td>\n<td style=\"text-align: center;\">0,0462<\/td>\n<\/tr>\n<tr>\n<td>USD\/JPY<\/td>\n<td style=\"text-align: center;\">-0,2204<\/td>\n<td style=\"text-align: center;\">0,0826<\/td>\n<\/tr>\n<\/tbody>\n<\/table>\n<\/div>\n<h2 id=\"swap\"><i class=\"ico ico--islamic-account\"><\/i>Swap-freie Trading-Kosten bei FXTM<\/h2>\n<p>Swap-freies Trading ist unabh\u00e4ngig davon verf\u00fcgbar, ob du ein Advantage- oder Advantage-Plus-Konto nutzt. Dabei entfallen die \u00fcblichen Rollover-Zinsen, und stattdessen werden transparente t\u00e4gliche Geb\u00fchren angewendet. Diese werden jedoch erst berechnet, wenn du deine Position nach Ablauf der siebent\u00e4gigen Karenzzeit weiterhin offen h\u00e4ltst.<\/p>\n<p>Aktivieren kannst du diese Funktion im Bereich \u201eAccounts Overview\u201c im MyFXTM-Dashboard. Beachte jedoch, dass diese Option m\u00f6glicherweise nicht sofort verf\u00fcgbar ist. FXTM kann zun\u00e4chst verlangen, dass du nachweist, Muslim zu sein, indem du dem Support-Team ein entsprechendes Dokument zusendest. Laut FXTM handelt es sich dabei in der Regel um eine Bescheinigung eines religi\u00f6sen W\u00fcrdentr\u00e4gers, beispielsweise eines Imams oder einer anderen anerkannten religi\u00f6sen Autorit\u00e4t.<\/p>\n<div class=\"table-responsive\">\n<table class=\"table table--colorful\">\n<thead>\n<tr>\n<th colspan=\"3\" style=\"background-color: #fff;\">FXTM Geb\u00fchren f\u00fcr islamische Konten<\/th>\n<\/tr>\n<tr>\n<th>W\u00e4hrungspaar<\/th>\n<th>Swap-frei (t\u00e4gliche Geb\u00fchr), USD pro Lot<\/th>\n<th>Swap-freie Tage<\/th>\n<\/tr>\n<\/thead>\n<tbody>\n<tr>\n<td>AUD\/USD<\/td>\n<td style=\"text-align: center;\">-5<\/td>\n<td style=\"text-align: center;\">7<\/td>\n<\/tr>\n<tr>\n<td>EUR\/GBP<\/td>\n<td style=\"text-align: center;\">-5<\/td>\n<td style=\"text-align: center;\">7<\/td>\n<\/tr>\n<tr>\n<td>EUR\/JPY<\/td>\n<td style=\"text-align: center;\">-15<\/td>\n<td style=\"text-align: center;\">7<\/td>\n<\/tr>\n<tr>\n<td>EUR\/USD<\/td>\n<td style=\"text-align: center;\">-10<\/td>\n<td style=\"text-align: center;\">7<\/td>\n<\/tr>\n<tr>\n<td>GBP\/JPY<\/td>\n<td style=\"text-align: center;\">-15<\/td>\n<td style=\"text-align: center;\">7<\/td>\n<\/tr>\n<tr>\n<td>GBP\/USD<\/td>\n<td style=\"text-align: center;\">-5<\/td>\n<td style=\"text-align: center;\">7<\/td>\n<\/tr>\n<tr>\n<td>NZD\/USD<\/td>\n<td style=\"text-align: center;\">-1,5<\/td>\n<td style=\"text-align: center;\">7<\/td>\n<\/tr>\n<tr>\n<td>USD\/CAD<\/td>\n<td style=\"text-align: center;\">-5<\/td>\n<td style=\"text-align: center;\">7<\/td>\n<\/tr>\n<tr>\n<td>USD\/CHF<\/td>\n<td style=\"text-align: center;\">-10<\/td>\n<td style=\"text-align: center;\">7<\/td>\n<\/tr>\n<tr>\n<td>USD\/CNH<\/td>\n<td style=\"text-align: center;\">-50<\/td>\n<td style=\"text-align: center;\">7<\/td>\n<\/tr>\n<tr>\n<td>USD\/JPY<\/td>\n<td style=\"text-align: center;\">-20<\/td>\n<td style=\"text-align: center;\">7<\/td>\n<\/tr>\n<\/tbody>\n<\/table>\n<\/div>\n<h2 id=\"other\"><i class=\"ico ico--administration-fees\"><\/i>Sonstige Kosten bei FXTM<\/h2>\n<p>FXTM erhebt eine feste Geb\u00fchr von 3 USD f\u00fcr Ein- und Auszahlungen von 30 USD oder weniger. Mit dieser Ausnahme sind Einzahlungen kostenlos. F\u00fcr die Kontoer\u00f6ffnung selbst wird ebenfalls keine Geb\u00fchr berechnet, allerdings musst du die Mindesteinzahlung von 200 USD\/\u20ac \/\u00a3 beachten.<\/p>\n<div class=\"table-responsive\">\n<table class=\"table\">\n<thead>\n<tr>\n<th colspan=\"2\">Sonstige Kosten bei FXTM im \u00dcberblick<\/th>\n<\/tr>\n<\/thead>\n<tbody>\n<tr>\n<td>Einzahlungsgeb\u00fchren<\/td>\n<td>\n<ul class=\"list-checks\">\n<li>Einzahlungen von 30 USD oder weniger: 3 USD Transaktionsgeb\u00fchr.<\/li>\n<li>Einzahlungen \u00fcber 30 USD: Kostenlos.<\/li>\n<\/ul>\n<\/td>\n<\/tr>\n<tr>\n<td>Auszahlungsgeb\u00fchren<\/td>\n<td>\n<ul class=\"list-checks\">\n<li>Auszahlungen von 30 USD oder weniger: 3 USD Transaktionsgeb\u00fchr.<\/li>\n<li>Auszahlungen \u00fcber 30 USD: Geb\u00fchren k\u00f6nnen anfallen.<\/li>\n<\/ul>\n<\/td>\n<\/tr>\n<tr>\n<td>Geb\u00fchren f\u00fcr Kontoer\u00f6ffnung<\/td>\n<td>Kostenlos.<\/td>\n<\/tr>\n<tr>\n<td>Inaktivit\u00e4tsgeb\u00fchren<\/td>\n<td>10 USD pro Monat nach 3 Monaten Inaktivit\u00e4t.<\/td>\n<\/tr>\n<tr>\n<td>VPS Hosting Abonnement<\/td>\n<td>Der VPS-Service von FXTM ist kostenlos, wenn der Trader ein Guthaben von 3.000 USD h\u00e4lt. Nutzer k\u00f6nnen externe VPS-Dienstleistungen auf eigenes Risiko verwenden.<\/td>\n<\/tr>\n<\/tbody>\n<\/table>\n<\/div>\n<p>FXTM erhebt bei vielen der angebotenen Auszahlungsmethoden keine Geb\u00fchren, solange der jeweilige Nutzer eine Auszahlung von mehr als 30 USD beantragt. Perfect Money ist eine dieser Methoden. Weitere geb\u00fchrenfreie Optionen sind Skrill, TC Pay Wallet, GlobePay sowie einige regionsabh\u00e4ngige L\u00f6sungen. Es gibt jedoch auch mehrere Zahlungsarten mit zus\u00e4tzlichen Geb\u00fchren. Die entsprechenden Kosten findest du in der folgenden Tabelle:<\/p>\n<div class=\"table-responsive\">\n<table class=\"table table--orange\">\n<thead>\n<tr>\n<th colspan=\"2\" style=\"background-color: #fff;\">FXTM Auszahlungsgeb\u00fchren<\/th>\n<\/tr>\n<tr>\n<th>Methode<\/th>\n<th>Geb\u00fchren \/ Kommissionen<\/th>\n<\/tr>\n<\/thead>\n<tbody>\n<tr>\n<td>FasaPay<\/td>\n<td style=\"text-align: center;\">0,5 %<\/td>\n<\/tr>\n<tr>\n<td>Afrikanische lokale L\u00f6sungen (C) (NGN)<\/td>\n<td style=\"text-align: center;\">1 USD<\/td>\n<\/tr>\n<tr>\n<td>Vietnamesische Bank\u00fcberweisung<\/td>\n<td style=\"text-align: center;\">4 %<\/td>\n<\/tr>\n<tr>\n<td>S\u00fcdostasien Online-Banking<\/td>\n<td style=\"text-align: center;\">1,4 %<\/td>\n<\/tr>\n<tr>\n<td>Nganluong (E-Wallet &#038; Banking-Kanal) (VND)<\/td>\n<td style=\"text-align: center;\">1,1 % + 0,05 USD<\/td>\n<\/tr>\n<tr>\n<td>Visa<\/td>\n<td style=\"text-align: center;\">2 \u20ac \/ 3 USD \/ 2 \u00a3<\/td>\n<\/tr>\n<tr>\n<td>Mastercard<\/td>\n<td style=\"text-align: center;\">2 \u20ac \/ 3 USD \/ 2 \u00a3<\/td>\n<\/tr>\n<tr>\n<td>Maestro<\/td>\n<td style=\"text-align: center;\">2 \u20ac \/ 3 USD \/ 2 \u00a3<\/td>\n<\/tr>\n<tr>\n<td>WebMoney<\/td>\n<td style=\"text-align: center;\">2 %<\/td>\n<\/tr>\n<tr>\n<td>Yandex.Money<\/td>\n<td style=\"text-align: center;\">1,5 %<\/td>\n<\/tr>\n<tr>\n<td>QIWI<\/td>\n<td style=\"text-align: center;\">1,5 %<\/td>\n<\/tr>\n<tr>\n<td>Konnexone<\/td>\n<td style=\"text-align: center;\">2 %<\/td>\n<\/tr>\n<tr>\n<td>Bank\u00fcberweisung<\/td>\n<td style=\"text-align: center;\">30 \u20ac<\/td>\n<\/tr>\n<\/tbody>\n<\/table>\n<\/div>\n<p>Trader, die an einem virtuellen privaten Server interessiert sind, k\u00f6nnen unter Umst\u00e4nden einen VPS ohne Geb\u00fchren nutzen. Ein Nutzer kann mehr dar\u00fcber erfahren, wie er f\u00fcr einen kostenlosen VPS infrage kommt, indem er seinen zust\u00e4ndigen Account Service Manager kontaktiert oder sich an das Support-Team wendet.<\/p>\n<p>Die technischen Spezifikationen des VPS lauten: 1 CPU (2,2GHz), 1GB RAM, 30GB HDD, Windows Server 2008R2. Alternativ kannst du auch einen externen VPS-Dienst nutzen, allerdings weist FXTM darauf hin, dass dies auf eigenes Risiko erfolgt.<\/p>\n<p>Abschlie\u00dfend solltest du dein Konto aktiv f\u00fcr Trading nutzen oder es deaktivieren, falls du dauerhaft mit dem Trading aufh\u00f6rst. Andernfalls kann eine Inaktivit\u00e4tsgeb\u00fchr anfallen. FXTM erhebt eine Geb\u00fchr von 10 USD\/\u20ac \/\u00a3 pro Monat, wenn ein Konto \u00fcber einen Zeitraum von drei aufeinanderfolgenden Monaten inaktiv bleibt.<\/p>\n<h2 id=\"conclusion\"><i class=\"ico ico--pen\"><\/i>Fazit<\/h2>\n<p>FXTM bewegt sich bei den Kosten im mittleren Bereich. Die durchschnittlichen Spreads im Advantage-Plus-Konto geh\u00f6ren nicht zu den niedrigsten in der Branche. Gleichzeitig gibt es jedoch ein Konto mit sehr niedrigen Spreads, das sich f\u00fcr Trader eignet, die besonders geringe Spreads suchen. Der Broker informiert transparent \u00fcber seine Roll-over-Geb\u00fchren sowie \u00fcber die administrativen Kosten, die Nutzer mit islamischen Konten ber\u00fccksichtigen sollten. Ein weiterer Vorteil ist, dass keine Einzahlungsgeb\u00fchren anfallen, solange du dein Konto nicht mit 30 USD oder weniger aufl\u00e4dst.<\/p>\n","protected":false},"excerpt":{"rendered":"<p>FXTM \u00f6ffnete seine virtuellen T\u00fcren im Jahr 2011 und betreut heute mehr als eine Million Nutzer und Trader in Dutzenden von L\u00e4ndern. Zu den verf\u00fcgbaren M\u00e4rkten geh\u00f6ren Forex, Aktien, Kryptow\u00e4hrungen, Indizes und Rohstoffe. Der Broker zeigt sich auch bei den Kosten flexibel, denn FXTM-Nutzer k\u00f6nnen entweder ohne Kommission mit dem Advantage-Plus-Konto handeln oder sich f\u00fcr [&hellip;]<\/p>\n","protected":false},"author":2,"featured_media":0,"parent":21420,"menu_order":0,"comment_status":"closed","ping_status":"closed","template":"templates\/review.php","meta":{"footnotes":""},"class_list":["post-59657","page","type-page","status-publish","hentry"],"aioseo_notices":[],"_links":{"self":[{"href":"https:\/\/www.bestbrokers.com\/de\/wp-json\/wp\/v2\/pages\/59657","targetHints":{"allow":["GET"]}}],"collection":[{"href":"https:\/\/www.bestbrokers.com\/de\/wp-json\/wp\/v2\/pages"}],"about":[{"href":"https:\/\/www.bestbrokers.com\/de\/wp-json\/wp\/v2\/types\/page"}],"author":[{"embeddable":true,"href":"https:\/\/www.bestbrokers.com\/de\/wp-json\/wp\/v2\/users\/2"}],"replies":[{"embeddable":true,"href":"https:\/\/www.bestbrokers.com\/de\/wp-json\/wp\/v2\/comments?post=59657"}],"version-history":[{"count":9,"href":"https:\/\/www.bestbrokers.com\/de\/wp-json\/wp\/v2\/pages\/59657\/revisions"}],"predecessor-version":[{"id":83037,"href":"https:\/\/www.bestbrokers.com\/de\/wp-json\/wp\/v2\/pages\/59657\/revisions\/83037"}],"up":[{"embeddable":true,"href":"https:\/\/www.bestbrokers.com\/de\/wp-json\/wp\/v2\/pages\/21420"}],"wp:attachment":[{"href":"https:\/\/www.bestbrokers.com\/de\/wp-json\/wp\/v2\/media?parent=59657"}],"curies":[{"name":"wp","href":"https:\/\/api.w.org\/{rel}","templated":true}]}}