{"id":82651,"date":"2026-03-11T13:01:03","date_gmt":"2026-03-11T13:01:03","guid":{"rendered":"https:\/\/www.bestbrokers.com\/?page_id=82651"},"modified":"2026-03-11T13:43:49","modified_gmt":"2026-03-11T13:43:49","slug":"eugene-lee-cfa","status":"publish","type":"page","link":"https:\/\/www.bestbrokers.com\/de\/authors\/eugene-lee-cfa\/","title":{"rendered":"Eugene Lee, CFA"},"content":{"rendered":"<p><img decoding=\"async\" src=\"https:\/\/www.bestbrokers.com\/wp-content\/uploads\/2026\/03\/elee-150x150.webp\" alt=\"Eugene Lee, CFA - Autor bei BestBrokers\" width=\"150\" height=\"150\" class=\"alignleft size-thumbnail wp-image-82552\" srcset=\"https:\/\/www.bestbrokers.com\/wp-content\/uploads\/2026\/03\/elee-150x150.webp 150w, https:\/\/www.bestbrokers.com\/wp-content\/uploads\/2026\/03\/elee.webp 250w\" sizes=\"(max-width: 150px) 100vw, 150px\" \/>Eugene Lee, CFA, ist Investmentstratege und Spezialist f\u00fcr quantitative Analysen mit mehr als zwei Jahrzehnten Erfahrung an den globalen Finanzm\u00e4rkten. Er arbeitete in Trading- und Portfoliomanagement-Teams, die Multi-Milliarden-Portfolios in den Bereichen Aktien, festverzinsliche Wertpapiere und Derivate verwalteten. Er hat sich darauf spezialisiert, komplexe systematische Strategien verst\u00e4ndlich aufzubereiten und daraus umsetzbare Erkenntnisse f\u00fcr institutionelle Anleger und Privatanleger abzuleiten.<\/p>\n<p>Neben seiner Erfahrung im institutionellen Verm\u00f6gensmanagement war Eugene in den vergangenen zehn Jahren im Fintech- und Kreditrisikobereich t\u00e4tig. Dabei entwickelte er Prognosemodelle und Analysemodelle f\u00fcr gro\u00dfe Kreditplattformen. Heute konzentriert er sich vor allem auf das Investment-Coaching und die Ausbildung im Optionshandel und unterst\u00fctzt Trader dabei, einen disziplinierten, datenbasierten Ansatz f\u00fcr deren Portfolioaufbau und deren Risikomanagement zu entwickeln.<\/p>\n<p><a target=\"_blank\" href=\"https:\/\/www.linkedin.com\/in\/etlpro\" rel=\"noopener\"><img decoding=\"async\" width=\"25\" src=\"\/wp-content\/themes\/best-brokers\/assets\/images\/icon-linkedin.svg\" \/><\/a> <a target=\"_blank\" href=\"https:\/\/credentials.cfainstitute.org\/54800944-5857-4ebf-9ffe-ecd57e54c8ac\" rel=\"noopener\"><img decoding=\"async\" width=\"25\" src=\"\/wp-content\/themes\/best-brokers\/assets\/images\/icon-cfa.svg\" \/><\/a><\/p>\n","protected":false},"excerpt":{"rendered":"<p>Eugene Lee, CFA, ist Investmentstratege und Spezialist f\u00fcr quantitative Analysen mit mehr als zwei Jahrzehnten Erfahrung an den globalen Finanzm\u00e4rkten. Er arbeitete in Trading- und Portfoliomanagement-Teams, die Multi-Milliarden-Portfolios in den Bereichen Aktien, festverzinsliche Wertpapiere und Derivate verwalteten. Er hat sich darauf spezialisiert, komplexe systematische Strategien verst\u00e4ndlich aufzubereiten und daraus umsetzbare Erkenntnisse f\u00fcr institutionelle Anleger und [&hellip;]<\/p>\n","protected":false},"author":1,"featured_media":82559,"parent":21495,"menu_order":0,"comment_status":"closed","ping_status":"closed","template":"templates\/full-width.php","meta":{"footnotes":""},"class_list":["post-82651","page","type-page","status-publish","has-post-thumbnail","hentry"],"aioseo_notices":[],"_links":{"self":[{"href":"https:\/\/www.bestbrokers.com\/de\/wp-json\/wp\/v2\/pages\/82651","targetHints":{"allow":["GET"]}}],"collection":[{"href":"https:\/\/www.bestbrokers.com\/de\/wp-json\/wp\/v2\/pages"}],"about":[{"href":"https:\/\/www.bestbrokers.com\/de\/wp-json\/wp\/v2\/types\/page"}],"author":[{"embeddable":true,"href":"https:\/\/www.bestbrokers.com\/de\/wp-json\/wp\/v2\/users\/1"}],"replies":[{"embeddable":true,"href":"https:\/\/www.bestbrokers.com\/de\/wp-json\/wp\/v2\/comments?post=82651"}],"version-history":[{"count":4,"href":"https:\/\/www.bestbrokers.com\/de\/wp-json\/wp\/v2\/pages\/82651\/revisions"}],"predecessor-version":[{"id":82723,"href":"https:\/\/www.bestbrokers.com\/de\/wp-json\/wp\/v2\/pages\/82651\/revisions\/82723"}],"up":[{"embeddable":true,"href":"https:\/\/www.bestbrokers.com\/de\/wp-json\/wp\/v2\/pages\/21495"}],"wp:featuredmedia":[{"embeddable":true,"href":"https:\/\/www.bestbrokers.com\/de\/wp-json\/wp\/v2\/media\/82559"}],"wp:attachment":[{"href":"https:\/\/www.bestbrokers.com\/de\/wp-json\/wp\/v2\/media?parent=82651"}],"curies":[{"name":"wp","href":"https:\/\/api.w.org\/{rel}","templated":true}]}}