{"id":82653,"date":"2026-03-11T13:02:36","date_gmt":"2026-03-11T13:02:36","guid":{"rendered":"https:\/\/www.bestbrokers.com\/?page_id=82653"},"modified":"2026-03-11T13:44:40","modified_gmt":"2026-03-11T13:44:40","slug":"matthew-levy-cfa","status":"publish","type":"page","link":"https:\/\/www.bestbrokers.com\/de\/authors\/matthew-levy-cfa\/","title":{"rendered":"Matthew Levy, CFA"},"content":{"rendered":"<p><img decoding=\"async\" src=\"https:\/\/www.bestbrokers.com\/wp-content\/uploads\/2026\/03\/mlevy-150x150.webp\" alt=\"Matthew Levy, CFA - Autor bei BestBrokers\" width=\"150\" height=\"150\" class=\"alignleft size-thumbnail wp-image-82542\" srcset=\"https:\/\/www.bestbrokers.com\/wp-content\/uploads\/2026\/03\/mlevy-150x150.webp 150w, https:\/\/www.bestbrokers.com\/wp-content\/uploads\/2026\/03\/mlevy.webp 250w\" sizes=\"(max-width: 150px) 100vw, 150px\" \/>Matthew Levy, CFA, ist ein erfahrener Finanzautor und Content-Spezialist mit fundiertem Hintergrund in den Bereichen Finanzdienstleistungen, Volkswirtschaft und Investmentanalyse. Er verf\u00fcgt \u00fcber einen Abschluss in Volkswirtschaft mit den Schwerpunkten Wirtschaft und Finanzen und ist Inhaber des CFA-Titels \u2013 ein Nachweis f\u00fcr seine fachliche Expertise und sein Engagement f\u00fcr h\u00f6chste berufliche Standards. Matthew stammt urspr\u00fcnglich aus Vancouver in Kanada und bringt eine internationale Perspektive in seine Arbeit ein. Dabei verbindet er tiefgehendes Branchenwissen mit der F\u00e4higkeit, komplexe Finanzthemen klar, verst\u00e4ndlich und anschaulich zu vermitteln.<\/p>\n<p>Auf der Grundlage seiner praktischen Erfahrungen in den Bereichen Portfoliomanagement, Wertpapieranalyse, Trading sowie der Erstellung von Finanzinhalten hat sich Matthew einen Ruf als Autor fundierter, glaubw\u00fcrdiger und zielgruppenorientierter Finanztexte erarbeitet. Sein beruflicher Hintergrund erm\u00f6glicht es ihm, solche Inhalte zu erstellen, die nicht nur pr\u00e4zise und sorgf\u00e4ltig recherchiert sind, sondern auch den Anforderungen von Unternehmen, Investoren und Finanzmarken entsprechen, die Wert auf Kompetenz, Vertrauen und eine klare Kommunikation legen.<\/p>\n<p><a target=\"_blank\" href=\"https:\/\/ca.linkedin.com\/in\/matthewlevycfa\" rel=\"noopener\"><img decoding=\"async\" width=\"25\" src=\"\/wp-content\/themes\/best-brokers\/assets\/images\/icon-linkedin.svg\" \/><\/a> <a target=\"_blank\" href=\"https:\/\/credentials.cfainstitute.org\/7abb354d-8618-44e1-97d0-e8d5c70f831e?record_view=true\" rel=\"noopener\"><img decoding=\"async\" width=\"25\" src=\"\/wp-content\/themes\/best-brokers\/assets\/images\/icon-cfa.svg\" \/><\/a><\/p>\n","protected":false},"excerpt":{"rendered":"<p>Matthew Levy, CFA, ist ein erfahrener Finanzautor und Content-Spezialist mit fundiertem Hintergrund in den Bereichen Finanzdienstleistungen, Volkswirtschaft und Investmentanalyse. Er verf\u00fcgt \u00fcber einen Abschluss in Volkswirtschaft mit den Schwerpunkten Wirtschaft und Finanzen und ist Inhaber des CFA-Titels \u2013 ein Nachweis f\u00fcr seine fachliche Expertise und sein Engagement f\u00fcr h\u00f6chste berufliche Standards. Matthew stammt urspr\u00fcnglich aus [&hellip;]<\/p>\n","protected":false},"author":1,"featured_media":82549,"parent":21495,"menu_order":0,"comment_status":"closed","ping_status":"closed","template":"templates\/full-width.php","meta":{"footnotes":""},"class_list":["post-82653","page","type-page","status-publish","has-post-thumbnail","hentry"],"aioseo_notices":[],"_links":{"self":[{"href":"https:\/\/www.bestbrokers.com\/de\/wp-json\/wp\/v2\/pages\/82653","targetHints":{"allow":["GET"]}}],"collection":[{"href":"https:\/\/www.bestbrokers.com\/de\/wp-json\/wp\/v2\/pages"}],"about":[{"href":"https:\/\/www.bestbrokers.com\/de\/wp-json\/wp\/v2\/types\/page"}],"author":[{"embeddable":true,"href":"https:\/\/www.bestbrokers.com\/de\/wp-json\/wp\/v2\/users\/1"}],"replies":[{"embeddable":true,"href":"https:\/\/www.bestbrokers.com\/de\/wp-json\/wp\/v2\/comments?post=82653"}],"version-history":[{"count":4,"href":"https:\/\/www.bestbrokers.com\/de\/wp-json\/wp\/v2\/pages\/82653\/revisions"}],"predecessor-version":[{"id":82724,"href":"https:\/\/www.bestbrokers.com\/de\/wp-json\/wp\/v2\/pages\/82653\/revisions\/82724"}],"up":[{"embeddable":true,"href":"https:\/\/www.bestbrokers.com\/de\/wp-json\/wp\/v2\/pages\/21495"}],"wp:featuredmedia":[{"embeddable":true,"href":"https:\/\/www.bestbrokers.com\/de\/wp-json\/wp\/v2\/media\/82549"}],"wp:attachment":[{"href":"https:\/\/www.bestbrokers.com\/de\/wp-json\/wp\/v2\/media?parent=82653"}],"curies":[{"name":"wp","href":"https:\/\/api.w.org\/{rel}","templated":true}]}}