{"id":87404,"date":"2026-04-01T14:20:03","date_gmt":"2026-04-01T14:20:03","guid":{"rendered":"https:\/\/www.bestbrokers.com\/?page_id=87404"},"modified":"2026-04-06T07:16:41","modified_gmt":"2026-04-06T07:16:41","slug":"how-we-rank-and-test-brokers","status":"publish","type":"page","link":"https:\/\/www.bestbrokers.com\/de\/how-we-rank-and-test-brokers\/","title":{"rendered":"So bewerten wir Broker"},"content":{"rendered":"<p>Wir haben BestBrokers ins Leben gerufen, um dir zu helfen, fundierte Entscheidungen bei der Auswahl von Trading-Plattformen zu treffen. Unsere Rankings sollen den Vergleich und die Auswahl von Forex-Brokern sowohl f\u00fcr Anf\u00e4nger als auch f\u00fcr erfahrene Trader erleichtern.<\/p>\n<p>Wir bewerten Broker aus den Bereichen Forex, Aktien, Kryptow\u00e4hrungen, CFDs und Rohstoffe anhand klar definierter Kriterien mit Fokus auf faktischer Genauigkeit, Objektivit\u00e4t und praktischem Nutzen f\u00fcr dich.<\/p>\n<p>BestBrokers wird <strong>von der AFF MEDIA Ltd betrieben<\/strong>. Unser Team wird von dem Mitgr\u00fcnder und Content-Strategen Miroslav Nikolov, dem Mitgr\u00fcnder und Datenanalysten Ivaylo Nedev sowie unserem IT-Leiter Pavel Stoychev geleitet.<\/p>\n<p>Unsere Inhalte entstehen mit Unterst\u00fctzung von Experten mit einer CFA-Zertifizierung, wodurch wir ein hohes Ma\u00df an fachlicher Genauigkeit sicherstellen. Eugene Lee, CFA, ist ein Anlagestratege und quantitativer Analyst mit \u00fcber zwei Jahrzehnten Erfahrung in der Marktanalyse und im Management von Multi-Milliarden-Portfolios. Matthew Levy, CFA, ist auf die Bereiche Finanzdienstleistungen, Volkswirtschaft und Investmentanalyse spezialisiert. Ihr fachlicher Hintergrund hilft uns dabei, konstant hohe Qualit\u00e4tsstandards einzuhalten.<\/p>\n<section class=\"section-team\">\n<h2 id=\"our-team\"><i class=\"ico ico--pro-ecn-account\"><\/i>Unser Team<\/h2>\n<ul class=\"list-team\">\n<li>\n<div class=\"member-card\">\n<div class=\"member-photo\">\n      <img decoding=\"async\" src=\"\/wp-content\/themes\/best-brokers\/assets\/images\/team\/miro-nikolov.jpg\" alt=\"Miro Nikolov\">\n    <\/div>\n<div class=\"member-info\">\n<div class=\"member-name\">\n        <span>Miro Nikolov<\/span><br \/>\n        <a href=\"https:\/\/www.linkedin.com\/in\/miro-nikolov-1946b9141\/\" target=\"_blank\" class=\"member-link\" rel=\"noopener\"><i class=\"ico-linkedin\"><\/i><\/a>\n      <\/div>\n<p class=\"member-title\"><b>Co-Founder &#038; CEO<\/b><\/p>\n<p class=\"member-resume\">Miro ist Mitgr\u00fcnder und verantwortlich f\u00fcr die Content-Strategie bei BestBrokers.<\/p>\n<\/p><\/div>\n<\/p><\/div>\n<\/li>\n<li>\n<div class=\"member-card\">\n<div class=\"member-photo\">\n      <img decoding=\"async\" src=\"\/wp-content\/themes\/best-brokers\/assets\/images\/team\/ivo.jpg\" alt=\"Ivo Nedev\">\n    <\/div>\n<div class=\"member-info\">\n<div class=\"member-name\">\n        <span>Ivo Nedev<\/span><br \/>\n        <a href=\"https:\/\/www.linkedin.com\/in\/ivo-nedev-23a3052aa\/\" target=\"_blank\" class=\"member-link\" rel=\"noopener\"><i class=\"ico-linkedin\"><\/i><\/a>\n      <\/div>\n<p class=\"member-title\"><b>Co-Founder &#038; Data Analyst<\/b><\/p>\n<p class=\"member-resume\">Ivo ist Mitgr\u00fcnder von BestBrokers und verantwortlich f\u00fcr die Entwicklung unseres Datenmodells zur Brokeranalyse.<\/p>\n<\/p><\/div>\n<\/p><\/div>\n<\/li>\n<li>\n<div class=\"member-card\">\n<div class=\"member-photo\">\n      <img decoding=\"async\" src=\"\/wp-content\/themes\/best-brokers\/assets\/images\/team\/pavel.jpeg\" alt=\"Pavel Stoychev\">\n    <\/div>\n<div class=\"member-info\">\n<div class=\"member-name\">\n        <span>Pavel Stoychev<\/span>\n      <\/div>\n<p class=\"member-title\"><b>CTO<\/b><\/p>\n<p class=\"member-resume\">Pavel sorgt daf\u00fcr, dass die komplexe IT-Infrastruktur hinter BestBrokers jederzeit reibungslos funktioniert.<\/p>\n<\/p><\/div>\n<\/p><\/div>\n<\/li>\n<li>\n<div class=\"member-card\">\n<div class=\"member-photo\">\n      <img decoding=\"async\" src=\"\/wp-content\/uploads\/2026\/03\/elee.webp\" alt=\"Eugene Lee, CFA\">\n    <\/div>\n<div class=\"member-info\">\n<div class=\"member-name\">\n          <span>Eugene Lee, CFA<\/span><\/p>\n<p>          <a href=\"https:\/\/www.linkedin.com\/in\/etlpro\" target=\"_blank\" class=\"member-link\" rel=\"noopener\"><i class=\"ico-linkedin\"><\/i><\/a><a href=\"https:\/\/credentials.cfainstitute.org\/54800944-5857-4ebf-9ffe-ecd57e54c8ac\" target=\"_blank\" class=\"member-link\" rel=\"noopener\"><i class=\"ico-cfa\"><\/i><\/a>\n        <\/div>\n<p class=\"member-title\"><b>Autor<\/b><\/p>\n<p class=\"member-resume\">Eugene Lee, CFA, ist Anlagestratege und Spezialist f\u00fcr quantitative Analysen mit \u00fcber zwei Jahrzehnten Erfahrung auf den globalen Finanzm\u00e4rkten. Er war an der Verwaltung von Multi-Milliarden-Portfolios beteiligt und hat sich darauf spezialisiert, komplexe Strategien in praxisnahe Erkenntnisse f\u00fcr institutionelle Anleger und private Investoren aufzubereiten.<\/p>\n<\/p><\/div>\n<\/p><\/div>\n<\/li>\n<li>\n<div class=\"member-card\">\n<div class=\"member-photo\">\n      <img decoding=\"async\" src=\"\/wp-content\/uploads\/2026\/03\/mlevy.webp\" alt=\"Profile picture of Matthew Levy, CFA\">\n    <\/div>\n<div class=\"member-info\">\n<div class=\"member-name\">\n          <span>Matthew Levy, CFA<\/span><br \/>\n                    <a href=\"https:\/\/ca.linkedin.com\/in\/matthewlevycfa\" target=\"_blank\" class=\"member-link\" rel=\"noopener\"><i class=\"ico-linkedin\"><\/i><\/a><a href=\"https:\/\/credentials.corporatefinanceinstitute.com\/profile\/matthewlevy193646\/wallet\" target=\"_blank\" class=\"member-link\" rel=\"noopener\"><i class=\"ico-cfa\"><\/i><\/a>\n        <\/div>\n<p class=\"member-title\"><b>Autor<\/b><\/p>\n<p class=\"member-resume\">Matthew Levy, CFA, ist ein erfahrener Finanzautor und Experte f\u00fcr das Verfassen von Inhalten mit fundiertem Hintergrund in den Bereichen Finanzdienstleistungen, Volkswirtschaft und Investmentanalyse. Er besitzt einen Bachelor of Science in Economics mit Schwerpunkt Wirtschaft und Finanzen und ist CFA Charterholder \u2013 seine fachliche Expertise und sein hoher professioneller Anspruch spiegeln sich in seiner Arbeit wider.<\/p>\n<\/p><\/div>\n<\/p><\/div>\n<\/li>\n<li>\n<div class=\"member-card\">\n<div class=\"member-photo\">\n      <img decoding=\"async\" src=\"\/wp-content\/uploads\/2022\/03\/rperry-150x150.webp\" alt=\"Profile picture of Richard Perry\">\n    <\/div>\n<div class=\"member-info\">\n<div class=\"member-name\">\n          <span>Richard Perry<\/span><\/p>\n<p>          <a href=\"https:\/\/www.linkedin.com\/in\/richard-perry-5918921b\/\" target=\"_blank\" class=\"member-link\" rel=\"noopener\"><i class=\"ico-linkedin\"><\/i><\/a>\n        <\/div>\n<p class=\"member-title\"><b>Autor<\/b><\/p>\n<p class=\"member-resume\">Richard ist ein anerkannter Experte f\u00fcr technische Analysen und Marktstrategien mit langj\u00e4hriger Erfahrung an den Devisen- und Aktienm\u00e4rkten. Er betreibt sein eigenes Unternehmen \u201ePerry Market Analysis\u201c und stellt Analysen der wichtigsten M\u00e4rkte bereit \u2013 unter anderem in Form von Webinaren, Videos und schriftlichen Marktanalysen.<\/p>\n<\/p><\/div>\n<\/p><\/div>\n<\/li>\n<\/ul>\n<\/section>\n<h2><i class=\"ico ico--seasonality-analysis\"><\/i>Unsere Bewertungsmethode<\/h2>\n<p>Wir bewerten Broker nicht ausschlie\u00dflich nach ihrem Bekanntheitsgrad oder ihrer Marketingpr\u00e4senz. Stattdessen analysieren wir sie anhand klar definierter Kriterien, darunter <strong>Sicherheit, Handelskosten, Preistransparenz und Benutzerfreundlichkeit<\/strong>. <\/p>\n<p>Wir ber\u00fccksichtigen nicht nur beworbene Spreads oder Aktionen, sondern bewerten die tats\u00e4chliche Trading-Erfahrung \u2013 von der Regulierung und Kontoer\u00f6ffnung \u00fcber die Orderausf\u00fchrung und die Plattformfunktionen bis hin zu den Auszahlungen. Zus\u00e4tzlich werten wir Nutzerfeedback aus, um wiederkehrende Probleme zu erkennen, die von anderen Tradern gemeldet werden.<\/p>\n<h2><i class=\"ico ico--detecting-the-best-stocks-to-buy\"><\/i>So testen und bewerten wir Broker<\/h2>\n<p>Unsere Bewertungen und Rankings basieren auf Informationen, die von den Brokern bereitgestellt werden, auf \u00f6ffentlich zug\u00e4nglichen Daten ihrer Websites sowie auf offiziellen Angaben der Aufsichtsbeh\u00f6rden.<\/p>\n<p>Dar\u00fcber hinaus analysieren wir die Gesch\u00e4ftsbedingungen, testen die Plattformen und werten Kundenfeedback aus, um einen umfassenden \u00dcberblick \u00fcber jeden Broker zu liefern. Die von den Brokern bereitgestellten Informationen werden <strong>mit Daten von Finanzaufsichtsbeh\u00f6rden und unabh\u00e4ngigen Quellen abgeglichen<\/strong>. <\/p>\n<p>Wenn Daten widerspr\u00fcchlich oder nicht eindeutig best\u00e4tigt sind, f\u00fchren wir zus\u00e4tzliche Pr\u00fcfungen durch, bevor wir unsere Rankings aktualisieren.<\/p>\n<h2><i class=\"ico ico--desktop\"><\/i>Wie wir Trading-Plattformen testen<\/h2>\n<p>Bei der Bewertung von Brokern ber\u00fccksichtigen wir alle entscheidenden Faktoren, die bei der Auswahl eines Live-Trading-Kontos relevant sind. Dazu z\u00e4hlen die Handelssoftware, die verf\u00fcgbaren Plattformen, die handelbaren Instrumente, die Kontotypen, die Geb\u00fchren, die Ein- und Auszahlungsmethoden sowie die Anforderungen bei der Kontoer\u00f6ffnung.<\/p>\n<p>Wir pr\u00fcfen au\u00dferdem, wie klar diese Informationen dargestellt werden und ob die Plattform die <strong>Benutzerfreundlichkeit, Tools und das Trading-Umfeld<\/strong> bietet, um unterschiedliche Trader-Typen bestm\u00f6glich zu unterst\u00fctzen.<\/p>\n<p>Zus\u00e4tzlich testen wir die Plattform auf ihre Kompatibilit\u00e4t mit Web-, Desktop- und mobilen Ger\u00e4ten. Dabei bewerten wir Charting-Tools, technische Indikatoren und Ordertypen, um die Gesamtfunktionalit\u00e4t der Plattform zu beurteilen.<\/p>\n<p>Au\u00dferdem pr\u00fcfen wir, ob ein Broker g\u00e4ngige Drittanbieter-Plattformen wie MetaTrader 4, MetaTrader 5, cTrader oder TradingView unterst\u00fctzt. Falls vorhanden, analysieren wir auch die hauseigene Plattform des Brokers.<\/p>\n<h2><i class=\"ico ico--pros-cons\"><\/i>Unsere Kriterien zur Bewertung von Brokern<\/h2>\n<p>Unsere Gesamtbewertung basiert auf einem gewichteten Bewertungssystem. Wir analysieren jeden Broker anhand mehrerer Kriterien und f\u00fchren die einzelnen Bewertungen zu einer Gesamtbewertung zusammen. Die einzelnen Kriterien werden dabei unterschiedlich gewichtet. <\/p>\n<p>W\u00e4hrend wir Lizenzierung, Sicherheit und Preise priorisieren, ber\u00fccksichtigen wir auch die Qualit\u00e4t der Orderausf\u00fchrung, die Geschwindigkeit von Auszahlungen sowie die allgemeine Benutzerfreundlichkeit der Plattform. <\/p>\n<p>Wir listen ausschlie\u00dflich Broker, die <strong>unseren redaktionellen Standards in Bezug auf Transparenz und Vertrauen entsprechen<\/strong>. Die Regulierung ist ein zentraler Faktor in unserer Bewertung, weshalb wir nur Anbieter ber\u00fccksichtigen, die in anerkannten L\u00e4ndern zugelassen sind. Broker, die unsere Mindestanforderungen nicht erf\u00fcllen, werden entweder nicht aufgenommen oder entsprechend niedriger bewertet.<\/p>\n<h2><i class=\"ico ico--document\"><\/i>Die wichtigsten Bewertungskriterien<\/h2>\n<ul class=\"list--steps\">\n<li>\n<h3><i class=\"ico ico--regulation\"><\/i>Regulierung und Lizenzierung<\/h3>\n<p>Die Regulierung und die Einhaltung rechtlicher Vorgaben geh\u00f6ren zu den ersten Punkten, die wir pr\u00fcfen. Wir bevorzugen Broker, die von erstklassigen Finanzaufsichtsbeh\u00f6rden reguliert werden, und achten genau darauf, in welchen L\u00e4ndern Trader betreut werden. Zu den wichtigsten Aufsichtsbeh\u00f6rden z\u00e4hlen <strong>FCA, ASIC, NFA, FINMA und CySEC<\/strong>. <\/p>\n<p>Der regulatorische Status eines Brokers ist ein entscheidender Faktor, da er direkten Einfluss auf den Anlegerschutz, die operativen Standards und die allgemeine Transparenz hat.\n<\/li>\n<li>\n<h3><i class=\"ico ico--administration-fees\"><\/i>Trading-Kosten und sonstige Geb\u00fchren<\/h3>\n<p>Zur Bewertung der Kosteneffizienz eines Brokers <strong>analysieren wir Spreads, Kommissionen und sonstige Kosten<\/strong>, einschlie\u00dflich m\u00f6glicher Einzahlungs-, Auszahlungs- und Inaktivit\u00e4tsgeb\u00fchren. Diese Kosten sind ein wesentlicher Bestandteil unserer Bewertung, da sie sich direkt auf die Rendite der Trader auswirken.\n<\/li>\n<li>\n<h3><i class=\"ico ico--exchange\"><\/i>Orderausf\u00fchrung<\/h3>\n<p>Die Qualit\u00e4t der Orderausf\u00fchrung ist ein weiteres entscheidendes Kriterium, insbesondere f\u00fcr aktive Trader. Wir bewerten die <strong>Ausf\u00fchrungsgeschwindigkeit und die technische Infrastruktur, um festzustellen, wie gut ein Broker Slippage, Requotes und Orderablehnungen reduziert<\/strong>. <\/p>\n<p>Unser Team analysiert zudem die technische Umgebung und die Prozesse zur Ausf\u00fchrung von Orders und vergibt h\u00f6here Bewertungen an Anbieter mit stabiler Ausf\u00fchrung \u2013 auch bei volatilen Marktbedingungen.\n<\/li>\n<li>\n<h3><i class=\"ico ico--hardware-wallets\"><\/i>Einzahlungen und Auszahlungen<\/h3>\n<p>Unsere Bewertung geht \u00fcber die reine Einzahlung hinaus, da wir auch die Effizienz und Geschwindigkeit von Auszahlungen pr\u00fcfen. <strong>Broker, die Auszahlungen ohne unn\u00f6tige Verz\u00f6gerungen nach der KYC-Verifizierung durchf\u00fchren<\/strong>, erhalten in diesem Bereich h\u00f6here Bewertungen. <\/p>\n<p>Zus\u00e4tzlich pr\u00fcfen wir die Transparenz bei Transaktionslimits, m\u00f6glichen Zusatzkosten und verf\u00fcgbaren Zahlungsmethoden.\n<\/li>\n<li>\n<h3><i class=\"ico ico--account\"><\/i>Kontoer\u00f6ffnung und KYC-Prozess<\/h3>\n<p>Wir bewerten den Prozess der Kontoer\u00f6ffnung und pr\u00fcfen, <strong>wie einfach sich ein Konto bei einem Broker er\u00f6ffnen l\u00e4sst<\/strong>. Dabei achten wir auch darauf, ob der Broker klare Informationen zu den erforderlichen Dokumenten f\u00fcr die KYC-Verifizierung bereitstellt. <\/p>\n<p>Abschlie\u00dfend stellen wir sicher, dass der gesamte Ablauf den regulatorischen Anforderungen der jeweiligen L\u00e4nder entspricht.\n<\/li>\n<li>\n<h3><i class=\"ico ico--forex-broker-software-platforms\"><\/i>Handelsplattformen und Analyse-Tools<\/h3>\n<p>Wir analysieren die unterst\u00fctzten Plattformen sowie deren <strong>Funktionen und Leistungsumfang<\/strong>, da diese die Trading-Erfahrung ma\u00dfgeblich beeinflussen. Broker mit intuitiven und leistungsstarken Plattformen erhalten in diesem Bereich h\u00f6here Bewertungen, insbesondere wenn sie umfangreiche Charting- und Analyse-Tools bieten. <\/p>\n<p>Instabile Plattformen oder fehlende Kernfunktionen wirken sich hingegen negativ auf die Gesamtbewertung aus.\n<\/li>\n<li>\n<h3><i class=\"ico ico--announcing\"><\/i>Kundenfeedback und Reputation<\/h3>\n<p>Unser Team bewertet Broker auch im Kontext der gesamten Trading-Community, indem wir <strong>Nutzerbewertungen und Feedback auswerten, um ein ausgewogenes Gesamtbild zu erhalten<\/strong>. <\/p>\n<p>Zus\u00e4tzlich ber\u00fccksichtigen wir Bewertungen auf Plattformen wie Trustpilot, da diese Hinweise auf wiederkehrende Probleme oder besondere St\u00e4rken geben k\u00f6nnen, die in offiziellen Marketingmaterialien nicht erw\u00e4hnt werden.\n<\/li>\n<li>\n<h3><i class=\"ico ico--forex-brokers-business-models\"><\/i>Marktauswahl und Produktangebot<\/h3>\n<p>Die Bewertung eines Brokers wird auch durch die Breite seines Angebots beeinflusst. Wir analysieren die <strong>verf\u00fcgbaren M\u00e4rkte \u00fcber verschiedene Anlageklassen hinweg<\/strong>, darunter Forex, Aktien, Kryptow\u00e4hrungen und Rohstoffe. <\/p>\n<p>Dies hilft uns zu beurteilen, ob eine ausreichende Diversifikation m\u00f6glich ist. Zus\u00e4tzlich pr\u00fcfen wir die angebotenen Kontotypen, um festzustellen, wie gut unterschiedliche Trading-Strategien und Erfahrungsstufen unterst\u00fctzt werden.\n<\/li>\n<\/ul>\n<h2><i class=\"ico ico--theory-of-purchasing-power-parity\"><\/i>Die Rolle unserer Autoren und Analysten<\/h2>\n<p>Unsere Bewertungen werden von einem vielseitigen Team aus Experten mit Erfahrung in den Bereichen Forex, Aktien, Kryptow\u00e4hrungen und technischer Analyse erstellt. <\/p>\n<p>Diese Erfahrung erm\u00f6glicht fundierte Einsch\u00e4tzungen auf Basis praktischer Marktkenntnisse.<\/p>\n<p>Die <strong>CFA-zertifizierten Experten<\/strong>, mit denen wir zusammenarbeiten, liefern zus\u00e4tzliche Einblicke in komplexere Themen wie Portfoliokonstruktion, qualitative Analyse und Investmentterminologie. Dadurch erstellen wir Inhalte, die sowohl f\u00fcr Anf\u00e4nger als auch f\u00fcr fortgeschrittene Trader verst\u00e4ndlich sind \u2013 ohne an fachlicher Genauigkeit zu verlieren.<\/p>\n<h2><i class=\"ico ico--our-standards-and-rating-methodology\"><\/i>Redaktionelle Unabh\u00e4ngigkeit und Monetarisierung<\/h2>\n<p>BestBrokers ist kostenlos nutzbar und kann Provisionen von einigen der vorgestellten Trading-Plattformen erhalten. Dies hat jedoch keinen Einfluss auf unsere Neutralit\u00e4t. <\/p>\n<p><strong>Objektivit\u00e4t und Genauigkeit geh\u00f6ren zu unseren zentralen Werten<\/strong>, da wir konsistente, transparente und datenbasierte Bewertungen bereitstellen. Die Bewertung eines Brokers wird nicht durch seine Marketingpr\u00e4senz beeinflusst.<\/p>\n<h2><i class=\"ico ico--pen\"><\/i>Hinweis zum Risiko<\/h2>\n<p>Der Handel mit gehebelten Produkten ist mit hohen Risiken verbunden und nicht f\u00fcr jeden Anleger geeignet. <strong>Das Ziel von BestBrokers ist es, dir zu helfen, fundierte Entscheidungen zu treffen und die Grundlagen des Tradings zu verstehen \u2013 nicht, Finanzberatung zu leisten<\/strong>. <\/p>\n<p>Unsere Rankings und Bewertungen dienen ausschlie\u00dflich als Informationsquelle und stellen keine individuelle Anlageempfehlung dar.<\/p>\n","protected":false},"excerpt":{"rendered":"<p>Wir haben BestBrokers ins Leben gerufen, um dir zu helfen, fundierte Entscheidungen bei der Auswahl von Trading-Plattformen zu treffen. Unsere Rankings sollen den Vergleich und die Auswahl von Forex-Brokern sowohl f\u00fcr Anf\u00e4nger als auch f\u00fcr erfahrene Trader erleichtern. Wir bewerten Broker aus den Bereichen Forex, Aktien, Kryptow\u00e4hrungen, CFDs und Rohstoffe anhand klar definierter Kriterien mit [&hellip;]<\/p>\n","protected":false},"author":2,"featured_media":0,"parent":0,"menu_order":0,"comment_status":"closed","ping_status":"closed","template":"templates\/full-width.php","meta":{"footnotes":""},"class_list":["post-87404","page","type-page","status-publish","hentry"],"aioseo_notices":[],"_links":{"self":[{"href":"https:\/\/www.bestbrokers.com\/de\/wp-json\/wp\/v2\/pages\/87404","targetHints":{"allow":["GET"]}}],"collection":[{"href":"https:\/\/www.bestbrokers.com\/de\/wp-json\/wp\/v2\/pages"}],"about":[{"href":"https:\/\/www.bestbrokers.com\/de\/wp-json\/wp\/v2\/types\/page"}],"author":[{"embeddable":true,"href":"https:\/\/www.bestbrokers.com\/de\/wp-json\/wp\/v2\/users\/2"}],"replies":[{"embeddable":true,"href":"https:\/\/www.bestbrokers.com\/de\/wp-json\/wp\/v2\/comments?post=87404"}],"version-history":[{"count":3,"href":"https:\/\/www.bestbrokers.com\/de\/wp-json\/wp\/v2\/pages\/87404\/revisions"}],"predecessor-version":[{"id":87464,"href":"https:\/\/www.bestbrokers.com\/de\/wp-json\/wp\/v2\/pages\/87404\/revisions\/87464"}],"wp:attachment":[{"href":"https:\/\/www.bestbrokers.com\/de\/wp-json\/wp\/v2\/media?parent=87404"}],"curies":[{"name":"wp","href":"https:\/\/api.w.org\/{rel}","templated":true}]}}