{"id":10925,"date":"2024-08-22T12:49:01","date_gmt":"2024-08-22T12:49:01","guid":{"rendered":"https:\/\/www.bestbrokers.com\/?page_id=10925"},"modified":"2026-03-11T13:37:22","modified_gmt":"2026-03-11T13:37:22","slug":"authors","status":"publish","type":"page","link":"https:\/\/www.bestbrokers.com\/es\/authors\/","title":{"rendered":"Autores"},"content":{"rendered":"<p>A continuaci\u00f3n, puede encontrar informaci\u00f3n sobre nuestros autores.<\/p>\n<p><img decoding=\"async\" src=\"https:\/\/www.bestbrokers.com\/wp-content\/uploads\/2026\/03\/elee-150x150.webp\" alt=\"Eugene Lee, CFA - Autor en BestBrokers\" width=\"150\" height=\"150\" class=\"alignleft size-thumbnail wp-image-82552\" srcset=\"https:\/\/www.bestbrokers.com\/wp-content\/uploads\/2026\/03\/elee-150x150.webp 150w, https:\/\/www.bestbrokers.com\/wp-content\/uploads\/2026\/03\/elee.webp 250w\" sizes=\"(max-width: 150px) 100vw, 150px\" \/><a href=\"https:\/\/www.bestbrokers.com\/es\/authors\/eugene-lee-cfa\/\">Eugene Lee, CFA<\/a>, es un estratega de inversiones e investigador cuantitativo con m\u00e1s de dos d\u00e9cadas de experiencia en los mercados globales.<\/p>\n<p><a target=\"_blank\" href=\"https:\/\/www.linkedin.com\/in\/etlpro\" rel=\"noopener\"><img decoding=\"async\" width=\"25\" src=\"\/wp-content\/themes\/best-brokers\/assets\/images\/icon-linkedin.svg\" \/><\/a> <a target=\"_blank\" href=\"https:\/\/credentials.cfainstitute.org\/54800944-5857-4ebf-9ffe-ecd57e54c8ac\" rel=\"noopener\"><img decoding=\"async\" width=\"25\" src=\"\/wp-content\/themes\/best-brokers\/assets\/images\/icon-cfa.svg\" \/><\/a><\/p>\n<div class=\"clearfix\"><\/div>\n<p><img decoding=\"async\" src=\"https:\/\/www.bestbrokers.com\/wp-content\/uploads\/2026\/03\/mlevy-150x150.webp\" alt=\"Matthew Levy, CFA - Autor en BestBrokers\" width=\"150\" height=\"150\" class=\"alignleft size-thumbnail wp-image-82542\" srcset=\"https:\/\/www.bestbrokers.com\/wp-content\/uploads\/2026\/03\/mlevy-150x150.webp 150w, https:\/\/www.bestbrokers.com\/wp-content\/uploads\/2026\/03\/mlevy.webp 250w\" sizes=\"(max-width: 150px) 100vw, 150px\" \/><a href=\"https:\/\/www.bestbrokers.com\/es\/authors\/matthew-levy-cfa\/\">Matthew Levy, CFA<\/a>, es un reputado especialista y redactor financiero, con una s\u00f3lida formaci\u00f3n en servicios financieros, econom\u00eda y an\u00e1lisis de inversiones. Es licenciado en Econom\u00eda, con especializaci\u00f3n en negocios y finanzas.<\/p>\n<p><a target=\"_blank\" href=\"https:\/\/ca.linkedin.com\/in\/matthewlevycfa\" rel=\"noopener\"><img decoding=\"async\" width=\"25\" src=\"\/wp-content\/themes\/best-brokers\/assets\/images\/icon-linkedin.svg\" \/><\/a> <a target=\"_blank\" href=\"https:\/\/credentials.cfainstitute.org\/7abb354d-8618-44e1-97d0-e8d5c70f831e?record_view=true\" rel=\"noopener\"><img decoding=\"async\" width=\"25\" src=\"\/wp-content\/themes\/best-brokers\/assets\/images\/icon-cfa.svg\" \/><\/a><\/p>\n<div class=\"clearfix\"><\/div>\n<p><img decoding=\"async\" src=\"https:\/\/www.bestbrokers.com\/wp-content\/uploads\/2022\/03\/eifeanyi-150x150.webp\" alt=\"Emmanuel Ifeanyi Ekwomadu - Autor en BestBrokers.com\" width=\"150\" height=\"150\" class=\"alignleft size-thumbnail wp-image-1408\" srcset=\"https:\/\/www.bestbrokers.com\/wp-content\/uploads\/2022\/03\/eifeanyi-150x150.webp 150w, https:\/\/www.bestbrokers.com\/wp-content\/uploads\/2022\/03\/eifeanyi.webp 200w\" sizes=\"(max-width: 150px) 100vw, 150px\" \/><a href=\"https:\/\/www.bestbrokers.com\/es\/authors\/emmanuel-ifeanyi\/\"><strong>Emmanuel Ifeanyi Ekwomadu<\/strong><\/a> es un redactor de contenido financiero especializado en el trading de forex, acciones y criptomonedas. Es la persona detr\u00e1s de la mayor\u00eda de las rese\u00f1as de br\u00f3keres que encontrar\u00e1s en BestBrokers.com<\/p>\n<p><a target=\"_blank\" href=\"https:\/\/www.linkedin.com\/in\/emmanuel-ifeanyi-e-309512182\/\" rel=\"noopener\"><img decoding=\"async\" width=\"25\" src=\"\/wp-content\/themes\/best-brokers\/assets\/images\/icon-linkedin.svg\" \/><\/a><\/p>\n<div class=\"clearfix\"><\/div>\n<p><img decoding=\"async\" src=\"https:\/\/www.bestbrokers.com\/wp-content\/uploads\/2022\/03\/rperry-150x150.webp\" alt=\"Richard Perry - Autor en BestBrokers.com\" width=\"150\" height=\"150\" class=\"alignleft size-thumbnail wp-image-1409\" srcset=\"https:\/\/www.bestbrokers.com\/wp-content\/uploads\/2022\/03\/rperry-150x150.webp 150w, https:\/\/www.bestbrokers.com\/wp-content\/uploads\/2022\/03\/rperry.webp 200w\" sizes=\"(max-width: 150px) 100vw, 150px\" \/><a href=\"https:\/\/www.bestbrokers.com\/es\/authors\/richard-perry\/\"><strong>Richard Perry<\/strong><\/a> es un experto reconocido en an\u00e1lisis t\u00e9cnico y estrategia de mercado, con una experiencia significativa en mercados de divisas y acciones. Ha creado su propia empresa llamada Perry Market Analysis, donde proporciona an\u00e1lisis y consultas sobre los principales mercados, incluyendo investigaciones a trav\u00e9s de webinars, v\u00eddeos y an\u00e1lisis escritos. <a target=\"_blank\" href=\"https:\/\/www.linkedin.com\/in\/richard-perry-5918921b\/\" rel=\"noopener\"><img decoding=\"async\" width=\"25\" src=\"\/wp-content\/themes\/best-brokers\/assets\/images\/icon-linkedin.svg\" \/><\/a><\/p>\n<div class=\"clearfix\"><\/div>\n<p><img decoding=\"async\" src=\"https:\/\/www.bestbrokers.com\/wp-content\/uploads\/2024\/09\/naylian-nazifova-150x150.jpeg\" alt=\"Naylyan Nazifova - Autora en BestBrokers\" width=\"150\" height=\"150\" class=\"alignleft size-thumbnail wp-image-15487\" srcset=\"https:\/\/www.bestbrokers.com\/wp-content\/uploads\/2024\/09\/naylian-nazifova-150x150.jpeg 150w, https:\/\/www.bestbrokers.com\/wp-content\/uploads\/2024\/09\/naylian-nazifova.jpeg 200w\" sizes=\"(max-width: 150px) 100vw, 150px\" \/><a href=\"https:\/\/www.bestbrokers.com\/es\/authors\/naylyan-nazifova\/\"><strong>Naylyan Nazifova<\/strong><\/a> es una experta reconocida en el campo del trading en l\u00ednea. Tiene muchas publicaciones y an\u00e1lisis que cubren el trading de forex, la inversi\u00f3n en acciones y las finanzas personales.<\/p>\n<p><a target=\"_blank\" href=\"https:\/\/www.linkedin.com\/in\/naylian-nazifova-58562a272\/\" rel=\"noopener\"><img decoding=\"async\" width=\"25\" src=\"\/wp-content\/themes\/best-brokers\/assets\/images\/icon-linkedin.svg\" \/><\/a> <\/p>\n<div class=\"clearfix\"><\/div>\n<p><img decoding=\"async\" src=\"https:\/\/www.bestbrokers.com\/wp-content\/uploads\/2024\/09\/zornica-stefanova-150x150.jpeg\" alt=\"Zornitsa Stefanova - Autora en BestBrokers.com\" width=\"150\" height=\"150\" class=\"alignleft size-thumbnail wp-image-15497\" srcset=\"https:\/\/www.bestbrokers.com\/wp-content\/uploads\/2024\/09\/zornica-stefanova-150x150.jpeg 150w, https:\/\/www.bestbrokers.com\/wp-content\/uploads\/2024\/09\/zornica-stefanova.jpeg 200w\" sizes=\"(max-width: 150px) 100vw, 150px\" \/><a href=\"https:\/\/www.bestbrokers.com\/es\/authors\/zornitsa-stefanova\/\"><strong>Zornitsa Stefanova<\/strong><\/a> es una analista experimentada en forex y criptomonedas. Tambi\u00e9n cubre varios temas financieros, como el trading de acciones y las inversiones para la jubilaci\u00f3n.<\/p>\n<p><a target=\"_blank\" href=\"https:\/\/www.linkedin.com\/in\/zornica-stefanova-73ab39287\/\" rel=\"noopener\"><img decoding=\"async\" width=\"25\" src=\"\/wp-content\/themes\/best-brokers\/assets\/images\/icon-linkedin.svg\" \/><\/a><\/p>\n<div class=\"clearfix\"><\/div>\n<p><img decoding=\"async\" src=\"https:\/\/www.bestbrokers.com\/wp-content\/uploads\/2024\/10\/raimon-moreno-150x150.jpg\" alt=\"Raimon Moreno - Autor en BestBrokers.com\" width=\"150\" height=\"150\" class=\"alignleft size-thumbnail wp-image-17155\" srcset=\"https:\/\/www.bestbrokers.com\/wp-content\/uploads\/2024\/10\/raimon-moreno-150x150.jpg 150w, https:\/\/www.bestbrokers.com\/wp-content\/uploads\/2024\/10\/raimon-moreno-300x300.jpg 300w, https:\/\/www.bestbrokers.com\/wp-content\/uploads\/2024\/10\/raimon-moreno.jpg 480w\" sizes=\"(max-width: 150px) 100vw, 150px\" \/><a href=\"https:\/\/www.bestbrokers.com\/es\/authors\/raimon-moreno\/\"><strong>Raimon Moreno<\/strong><\/a> es un redactor experimentado de contenido financiero que tradujo y edit\u00f3 la versi\u00f3n en espa\u00f1ol de BestBrokers.com. Raimon tiene una maestr\u00eda de la Universitat de Barcelona.<\/p>\n<p><a target=\"_blank\" href=\"https:\/\/www.linkedin.com\/in\/raimon-moreno-ruiz-carrillo\/\" rel=\"noopener\"><img decoding=\"async\" width=\"25\" src=\"\/wp-content\/themes\/best-brokers\/assets\/images\/icon-linkedin.svg\" \/><\/a><\/p>\n<div class=\"clearfix\"><\/div>\n<p><img decoding=\"async\" src=\"https:\/\/www.bestbrokers.com\/wp-content\/uploads\/2024\/10\/Estrella-Fernandez-150x150.jpeg\" alt=\"Estrella Fernandez - Autora en BestBrokers.com\" width=\"150\" height=\"150\" class=\"alignleft size-thumbnail wp-image-17170\" srcset=\"https:\/\/www.bestbrokers.com\/wp-content\/uploads\/2024\/10\/Estrella-Fernandez-150x150.jpeg 150w, https:\/\/www.bestbrokers.com\/wp-content\/uploads\/2024\/10\/Estrella-Fernandez.jpeg 200w\" sizes=\"(max-width: 150px) 100vw, 150px\" \/><a href=\"https:\/\/www.bestbrokers.com\/es\/authors\/estrella-fernandez\/\"><strong>Estrella Fernandez<\/strong><\/a> tiene una amplia experiencia en la edici\u00f3n y correcci\u00f3n de contenidos financieros para blogs y websites, as\u00ed como en la traducci\u00f3n de textos de franc\u00e9s e ingl\u00e9s a espa\u00f1ol.<\/p>\n<p><a target=\"_blank\" href=\"https:\/\/www.linkedin.com\/in\/estrella-fern%C3%A1ndez-gordillo-a54ab483\/?originalSubdomain=es\" rel=\"noopener\"><img decoding=\"async\" width=\"25\" src=\"\/wp-content\/themes\/best-brokers\/assets\/images\/icon-linkedin.svg\" \/><\/a><\/p>\n<div class=\"clearfix\"><\/div>\n","protected":false},"excerpt":{"rendered":"<p>A continuaci\u00f3n, puede encontrar informaci\u00f3n sobre nuestros autores. Eugene Lee, CFA, es un estratega de inversiones e investigador cuantitativo con m\u00e1s de dos d\u00e9cadas de experiencia en los mercados globales. Matthew Levy, CFA, es un reputado especialista y redactor financiero, con una s\u00f3lida formaci\u00f3n en servicios financieros, econom\u00eda y an\u00e1lisis de inversiones. Es licenciado en [&hellip;]<\/p>\n","protected":false},"author":2,"featured_media":0,"parent":0,"menu_order":0,"comment_status":"closed","ping_status":"closed","template":"templates\/full-width.php","meta":{"footnotes":""},"class_list":["post-10925","page","type-page","status-publish","hentry"],"aioseo_notices":[],"_links":{"self":[{"href":"https:\/\/www.bestbrokers.com\/es\/wp-json\/wp\/v2\/pages\/10925","targetHints":{"allow":["GET"]}}],"collection":[{"href":"https:\/\/www.bestbrokers.com\/es\/wp-json\/wp\/v2\/pages"}],"about":[{"href":"https:\/\/www.bestbrokers.com\/es\/wp-json\/wp\/v2\/types\/page"}],"author":[{"embeddable":true,"href":"https:\/\/www.bestbrokers.com\/es\/wp-json\/wp\/v2\/users\/2"}],"replies":[{"embeddable":true,"href":"https:\/\/www.bestbrokers.com\/es\/wp-json\/wp\/v2\/comments?post=10925"}],"version-history":[{"count":13,"href":"https:\/\/www.bestbrokers.com\/es\/wp-json\/wp\/v2\/pages\/10925\/revisions"}],"predecessor-version":[{"id":82715,"href":"https:\/\/www.bestbrokers.com\/es\/wp-json\/wp\/v2\/pages\/10925\/revisions\/82715"}],"wp:attachment":[{"href":"https:\/\/www.bestbrokers.com\/es\/wp-json\/wp\/v2\/media?parent=10925"}],"curies":[{"name":"wp","href":"https:\/\/api.w.org\/{rel}","templated":true}]}}