{"id":10931,"date":"2024-08-22T12:50:11","date_gmt":"2024-08-22T12:50:11","guid":{"rendered":"https:\/\/www.bestbrokers.com\/?page_id=10931"},"modified":"2026-03-11T13:29:58","modified_gmt":"2026-03-11T13:29:58","slug":"emmanuel-ifeanyi","status":"publish","type":"page","link":"https:\/\/www.bestbrokers.com\/es\/authors\/emmanuel-ifeanyi\/","title":{"rendered":"Emmanuel Ifeanyi"},"content":{"rendered":"<p><img decoding=\"async\" src=\"https:\/\/www.bestbrokers.com\/wp-content\/uploads\/2022\/03\/eifeanyi-150x150.webp\" alt=\"Emmanuel Ifeanyi - Autor en BestBrokers\" width=\"150\" height=\"150\" class=\"alignleft size-thumbnail wp-image-1408\" srcset=\"https:\/\/www.bestbrokers.com\/wp-content\/uploads\/2022\/03\/eifeanyi-150x150.webp 150w, https:\/\/www.bestbrokers.com\/wp-content\/uploads\/2022\/03\/eifeanyi.webp 200w\" sizes=\"(max-width: 150px) 100vw, 150px\" \/><strong>Emmanuel Ifeanyi Ekwomadu<\/strong> es un redactor de contenido financiero especializado en trading de forex, acciones y criptomonedas. Es la persona detr\u00e1s de la mayor\u00eda de las rese\u00f1as de br\u00f3keres que encontrar\u00e1s en BestBrokers.com<\/p>\n<p><a target=\"_blank\" href=\"https:\/\/www.linkedin.com\/in\/emmanuel-ifeanyi-e-309512182\/\" rel=\"noopener\"><img decoding=\"async\" width=\"25\" src=\"\/wp-content\/themes\/best-brokers\/assets\/images\/icon-linkedin.svg\" \/><\/a><\/p>\n","protected":false},"excerpt":{"rendered":"<p>Emmanuel Ifeanyi Ekwomadu es un redactor de contenido financiero especializado en trading de forex, acciones y criptomonedas. Es la persona detr\u00e1s de la mayor\u00eda de las rese\u00f1as de br\u00f3keres que encontrar\u00e1s en BestBrokers.com<\/p>\n","protected":false},"author":2,"featured_media":12100,"parent":10925,"menu_order":0,"comment_status":"closed","ping_status":"closed","template":"templates\/full-width.php","meta":{"footnotes":""},"class_list":["post-10931","page","type-page","status-publish","has-post-thumbnail","hentry"],"aioseo_notices":[],"_links":{"self":[{"href":"https:\/\/www.bestbrokers.com\/es\/wp-json\/wp\/v2\/pages\/10931","targetHints":{"allow":["GET"]}}],"collection":[{"href":"https:\/\/www.bestbrokers.com\/es\/wp-json\/wp\/v2\/pages"}],"about":[{"href":"https:\/\/www.bestbrokers.com\/es\/wp-json\/wp\/v2\/types\/page"}],"author":[{"embeddable":true,"href":"https:\/\/www.bestbrokers.com\/es\/wp-json\/wp\/v2\/users\/2"}],"replies":[{"embeddable":true,"href":"https:\/\/www.bestbrokers.com\/es\/wp-json\/wp\/v2\/comments?post=10931"}],"version-history":[{"count":8,"href":"https:\/\/www.bestbrokers.com\/es\/wp-json\/wp\/v2\/pages\/10931\/revisions"}],"predecessor-version":[{"id":82704,"href":"https:\/\/www.bestbrokers.com\/es\/wp-json\/wp\/v2\/pages\/10931\/revisions\/82704"}],"up":[{"embeddable":true,"href":"https:\/\/www.bestbrokers.com\/es\/wp-json\/wp\/v2\/pages\/10925"}],"wp:featuredmedia":[{"embeddable":true,"href":"https:\/\/www.bestbrokers.com\/es\/wp-json\/wp\/v2\/media\/12100"}],"wp:attachment":[{"href":"https:\/\/www.bestbrokers.com\/es\/wp-json\/wp\/v2\/media?parent=10931"}],"curies":[{"name":"wp","href":"https:\/\/api.w.org\/{rel}","templated":true}]}}