{"id":10937,"date":"2024-08-22T12:51:30","date_gmt":"2024-08-22T12:51:30","guid":{"rendered":"https:\/\/www.bestbrokers.com\/?page_id=10937"},"modified":"2026-03-11T13:30:28","modified_gmt":"2026-03-11T13:30:28","slug":"naylyan-nazifova","status":"publish","type":"page","link":"https:\/\/www.bestbrokers.com\/es\/authors\/naylyan-nazifova\/","title":{"rendered":"Naylyan Nazifova"},"content":{"rendered":"<p><img decoding=\"async\" src=\"https:\/\/www.bestbrokers.com\/wp-content\/uploads\/2024\/09\/naylian-nazifova-150x150.jpeg\" alt=\"Naylyan Nazifova - Autora en BestBrokers\" width=\"150\" height=\"150\" class=\"alignleft size-thumbnail wp-image-15487\" srcset=\"https:\/\/www.bestbrokers.com\/wp-content\/uploads\/2024\/09\/naylian-nazifova-150x150.jpeg 150w, https:\/\/www.bestbrokers.com\/wp-content\/uploads\/2024\/09\/naylian-nazifova.jpeg 200w\" sizes=\"(max-width: 150px) 100vw, 150px\" \/>Naylyan Nazifova es una reconocida experta en el campo del trading en l\u00ednea. Tiene muchas publicaciones y an\u00e1lisis que cubren el trading de forex, la inversi\u00f3n en acciones y las finanzas personales.<\/p>\n<p><a target=\"_blank\" href=\"https:\/\/www.linkedin.com\/in\/naylian-nazifova-58562a272\/\" rel=\"noopener\"><img decoding=\"async\" width=\"25\" src=\"\/wp-content\/themes\/best-brokers\/assets\/images\/icon-linkedin.svg\" \/><\/a><\/p>\n","protected":false},"excerpt":{"rendered":"<p>Naylyan Nazifova es una reconocida experta en el campo del trading en l\u00ednea. Tiene muchas publicaciones y an\u00e1lisis que cubren el trading de forex, la inversi\u00f3n en acciones y las finanzas personales.<\/p>\n","protected":false},"author":2,"featured_media":0,"parent":10925,"menu_order":0,"comment_status":"closed","ping_status":"closed","template":"templates\/full-width.php","meta":{"footnotes":""},"class_list":["post-10937","page","type-page","status-publish","hentry"],"aioseo_notices":[],"_links":{"self":[{"href":"https:\/\/www.bestbrokers.com\/es\/wp-json\/wp\/v2\/pages\/10937","targetHints":{"allow":["GET"]}}],"collection":[{"href":"https:\/\/www.bestbrokers.com\/es\/wp-json\/wp\/v2\/pages"}],"about":[{"href":"https:\/\/www.bestbrokers.com\/es\/wp-json\/wp\/v2\/types\/page"}],"author":[{"embeddable":true,"href":"https:\/\/www.bestbrokers.com\/es\/wp-json\/wp\/v2\/users\/2"}],"replies":[{"embeddable":true,"href":"https:\/\/www.bestbrokers.com\/es\/wp-json\/wp\/v2\/comments?post=10937"}],"version-history":[{"count":7,"href":"https:\/\/www.bestbrokers.com\/es\/wp-json\/wp\/v2\/pages\/10937\/revisions"}],"predecessor-version":[{"id":82706,"href":"https:\/\/www.bestbrokers.com\/es\/wp-json\/wp\/v2\/pages\/10937\/revisions\/82706"}],"up":[{"embeddable":true,"href":"https:\/\/www.bestbrokers.com\/es\/wp-json\/wp\/v2\/pages\/10925"}],"wp:attachment":[{"href":"https:\/\/www.bestbrokers.com\/es\/wp-json\/wp\/v2\/media?parent=10937"}],"curies":[{"name":"wp","href":"https:\/\/api.w.org\/{rel}","templated":true}]}}