{"id":10942,"date":"2024-08-22T12:52:18","date_gmt":"2024-08-22T12:52:18","guid":{"rendered":"https:\/\/www.bestbrokers.com\/?page_id=10942"},"modified":"2026-03-11T13:30:18","modified_gmt":"2026-03-11T13:30:18","slug":"richard-perry","status":"publish","type":"page","link":"https:\/\/www.bestbrokers.com\/es\/authors\/richard-perry\/","title":{"rendered":"Richard Perry"},"content":{"rendered":"<p><img decoding=\"async\" src=\"https:\/\/www.bestbrokers.com\/wp-content\/uploads\/2022\/03\/rperry-150x150.webp\" alt=\"Richard Perry - Autor en BestBrokers\" width=\"150\" height=\"150\" class=\"alignleft size-thumbnail wp-image-1409\" srcset=\"https:\/\/www.bestbrokers.com\/wp-content\/uploads\/2022\/03\/rperry-150x150.webp 150w, https:\/\/www.bestbrokers.com\/wp-content\/uploads\/2022\/03\/rperry.webp 200w\" sizes=\"(max-width: 150px) 100vw, 150px\" \/><strong>Richard Perry<\/strong> es un experto reconocido en an\u00e1lisis t\u00e9cnico y estrategia de mercados, con una experiencia significativa en mercados de divisas y acciones. Ha creado su propia empresa llamada Perry Market Analysis, donde ofrece an\u00e1lisis y consultas sobre los mercados principales, incluyendo investigaciones a trav\u00e9s de seminarios web, v\u00eddeos y an\u00e1lisis escritos.<\/p>\n<p><a target=\"_blank\" href=\"https:\/\/www.linkedin.com\/in\/richard-perry-5918921b\/\" rel=\"noopener\"><img decoding=\"async\" width=\"25\" src=\"\/wp-content\/themes\/best-brokers\/assets\/images\/icon-linkedin.svg\" \/><\/a><\/p>\n","protected":false},"excerpt":{"rendered":"<p>Richard Perry es un experto reconocido en an\u00e1lisis t\u00e9cnico y estrategia de mercados, con una experiencia significativa en mercados de divisas y acciones. Ha creado su propia empresa llamada Perry Market Analysis, donde ofrece an\u00e1lisis y consultas sobre los mercados principales, incluyendo investigaciones a trav\u00e9s de seminarios web, v\u00eddeos y an\u00e1lisis escritos.<\/p>\n","protected":false},"author":2,"featured_media":12114,"parent":10925,"menu_order":0,"comment_status":"closed","ping_status":"closed","template":"templates\/full-width.php","meta":{"footnotes":""},"class_list":["post-10942","page","type-page","status-publish","has-post-thumbnail","hentry"],"aioseo_notices":[],"_links":{"self":[{"href":"https:\/\/www.bestbrokers.com\/es\/wp-json\/wp\/v2\/pages\/10942","targetHints":{"allow":["GET"]}}],"collection":[{"href":"https:\/\/www.bestbrokers.com\/es\/wp-json\/wp\/v2\/pages"}],"about":[{"href":"https:\/\/www.bestbrokers.com\/es\/wp-json\/wp\/v2\/types\/page"}],"author":[{"embeddable":true,"href":"https:\/\/www.bestbrokers.com\/es\/wp-json\/wp\/v2\/users\/2"}],"replies":[{"embeddable":true,"href":"https:\/\/www.bestbrokers.com\/es\/wp-json\/wp\/v2\/comments?post=10942"}],"version-history":[{"count":7,"href":"https:\/\/www.bestbrokers.com\/es\/wp-json\/wp\/v2\/pages\/10942\/revisions"}],"predecessor-version":[{"id":82705,"href":"https:\/\/www.bestbrokers.com\/es\/wp-json\/wp\/v2\/pages\/10942\/revisions\/82705"}],"up":[{"embeddable":true,"href":"https:\/\/www.bestbrokers.com\/es\/wp-json\/wp\/v2\/pages\/10925"}],"wp:featuredmedia":[{"embeddable":true,"href":"https:\/\/www.bestbrokers.com\/es\/wp-json\/wp\/v2\/media\/12114"}],"wp:attachment":[{"href":"https:\/\/www.bestbrokers.com\/es\/wp-json\/wp\/v2\/media?parent=10942"}],"curies":[{"name":"wp","href":"https:\/\/api.w.org\/{rel}","templated":true}]}}