{"id":10956,"date":"2024-08-22T13:00:45","date_gmt":"2024-08-22T13:00:45","guid":{"rendered":"https:\/\/www.bestbrokers.com\/?page_id=10956"},"modified":"2026-01-15T07:42:20","modified_gmt":"2026-01-15T07:42:20","slug":"about-us","status":"publish","type":"page","link":"https:\/\/www.bestbrokers.com\/es\/about-us\/","title":{"rendered":"Sobre nosotros"},"content":{"rendered":"<h2 id=\"mission-statement\">Mision<\/h2>\n<p>Mi nombre es <a href=\"https:\/\/www.linkedin.com\/in\/miro-nikolov-1946b9141\/\" rel=\"nofollow noopener noreferrer\" target=\"_blank\">Miro Nikolov<\/a> y soy cofundador de <strong>BestBrokers.com<\/strong>. Nuestra misi\u00f3n como equipo es ayudar a los traders a tomar decisiones bien informadas a la hora de elegir una plataforma de trading. Todos los brokers que figuran en BestBrokers cuentan con licencia en jurisdicciones de primer nivel: (<a href=\"https:\/\/www.bestbrokers.com\/es\/forex-brokers\/asic-regulated-forex-brokers\/\">Asic, Australia<\/a>; <a href=\"https:\/\/www.bestbrokers.com\/es\/forex-brokers\/fca-regulated-forex-brokers\/\">FCA, Reino Unido<\/a> o<a href=\"https:\/\/www.bestbrokers.com\/es\/forex-brokers\/cysec-regulated-forex-brokers\/\"> CYSEC, Chipre<\/a>).<\/p>\n<p>Dado que la imparcialidad y la precisi\u00f3n se encuentran entre nuestros valores fundamentales, hemos dise\u00f1ado una metodolog\u00eda propia que nos permite ofrecer una evaluaci\u00f3n objetiva de las agencias inmobiliarias que analizamos y recomendamos. Nuestra exhaustiva metodolog\u00eda incluye \u00e1reas como las licencias, las opiniones de la comunidad basadas en <a href=\"https:\/\/www.trustpilot.com\/\" rel=\"nofollow noopener noreferrer\" target=\"_blank\">las puntuaciones de Trustpilot<\/a>, el software de trading, la diversidad de la cartera, o la ejecuci\u00f3n de \u00f3rdenes, entre muchas otras.<\/p>\n<p>Desde <a href=\"https:\/\/www.bestbrokers.com\/es\/forex-brokers\/best-low-cost-forex-brokers\/\">costes de trading<\/a> y m\u00e9todos de pago hasta clases de activos y regulaciones, tienes todos los detalles sobre las brokers a tu alcance. Tanto si eres un trader principiante como un inversor experimentado, nuestro objetivo es ayudarte a tomar la decisi\u00f3n correcta. Sin embargo, no nos limitamos solo a <a href=\"https:\/\/www.bestbrokers.com\/es\/reviews\/\">rese\u00f1as de brokers<\/a>.<\/p>\n<p>Este sitio web cuenta con gu\u00edas detalladas sobre instrumentos financieros clave como pares de forex, <a href=\"https:\/\/www.bestbrokers.com\/es\/stock-brokers\/\">acciones<\/a>, <a href=\"https:\/\/www.bestbrokers.com\/es\/crypto-brokers\/\">criptomonedas<\/a> y materias primas. Aqu\u00ed podr\u00e1s aprender los fundamentos del <a href=\"https:\/\/www.bestbrokers.com\/es\/technical-analysis-trading\/\">an\u00e1lisis t\u00e9cnico<\/a> y del <a href=\"https:\/\/www.bestbrokers.com\/es\/fundamental-analysis-trading\/\">an\u00e1lisis fundamental<\/a>, y conocer diversas estrategias de trading que pueden ayudarte a mejorar.<\/p>\n<p>Nuestra motivaci\u00f3n principal para hacer lo que hacemos es simple: creemos firmemente que el conocimiento es poder en s\u00ed mismo. Adquirirlo es el paso m\u00e1s importante en el proceso de convertirse en un trader exitoso.<\/p>\n<section class=\"section-team\">\n<h2 id=\"our-team\">Nuestro equipo<\/h2>\n<ul class=\"list-team\">\n<li>\n<div class=\"member-card\">\n<div class=\"member-photo\">\n      <img decoding=\"async\" src=\"\/wp-content\/themes\/best-brokers\/assets\/images\/team\/miro-nikolov.jpg\" alt=\"Miro Nikolov\">\n    <\/div>\n<div class=\"member-info\">\n<div class=\"member-name\">\n        <span>Miro Nikolov<\/span><br \/>\n        <a href=\"https:\/\/www.linkedin.com\/in\/miro-nikolov-1946b9141\/\" target=\"_blank\" class=\"member-link\" rel=\"noopener\"><i class=\"ico-linkedin\"><\/i><\/a>\n      <\/div>\n<p class=\"member-title\"><b>Cofundador y CEO<\/b><\/p>\n<p class=\"member-resume\">Miro es el cofundador y principal estratega de contenidos de BestBrokers.<\/p>\n<\/p><\/div>\n<\/p><\/div>\n<\/li>\n<li>\n<div class=\"member-card\">\n<div class=\"member-photo\">\n      <img decoding=\"async\" src=\"\/wp-content\/themes\/best-brokers\/assets\/images\/team\/ivo.jpg\" alt=\"Ivo Nedev\">\n    <\/div>\n<div class=\"member-info\">\n<div class=\"member-name\">\n        <span>Ivo Nedev<\/span><br \/>\n        <a href=\"https:\/\/www.linkedin.com\/in\/ivo-nedev-23a3052aa\/\" target=\"_blank\" class=\"member-link\" rel=\"noopener\"><i class=\"ico-linkedin\"><\/i><\/a>\n      <\/div>\n<p class=\"member-title\"><b>Cofundador y analista de datos<\/b><\/p>\n<p class=\"member-resume\">Ivo es cofundador de BestBrokers y responsable de crear el modelo de datos para nuestros an\u00e1lisis de brokers.<\/p>\n<\/p><\/div>\n<\/p><\/div>\n<\/li>\n<li>\n<div class=\"member-card\">\n<div class=\"member-photo\">\n      <img decoding=\"async\" src=\"\/wp-content\/themes\/best-brokers\/assets\/images\/team\/pavel.jpeg\" alt=\"Pavel Stoychev\">\n    <\/div>\n<div class=\"member-info\">\n<div class=\"member-name\">\n        <span>Pavel Stoychev<\/span>\n      <\/div>\n<p class=\"member-title\"><b>CTO<\/b><\/p>\n<p class=\"member-resume\">Pavel se asegura de que la compleja infraestructura inform\u00e1tica que hay detr\u00e1s de BestBrokers funcione correctamente en todo momento.<\/p>\n<\/p><\/div>\n<\/p><\/div>\n<\/li>\n<li>\n<div class=\"member-card\">\n<div class=\"member-photo\">\n      <img decoding=\"async\" src=\"\/wp-content\/themes\/best-brokers\/assets\/images\/team\/dennis.jpg\" alt=\"Denis\">\n    <\/div>\n<div class=\"member-info\">\n<div class=\"member-name\">\n        <span>Denis Dervishev<\/span><br \/>\n        <a href=\"https:\/\/www.linkedin.com\/in\/denis-dervishev\/\" target=\"_blank\" class=\"member-link\" rel=\"noopener\"><i class=\"ico-linkedin\"><\/i><\/a>\n      <\/div>\n<p class=\"member-title\"><b>Relaciones con los medios<\/b><\/p>\n<p class=\"member-resume\">Denis se encarga de las RRPP y la comunicaci\u00f3n con los medios.<\/p>\n<\/p><\/div>\n<\/p><\/div>\n<\/li>\n<li>\n<div class=\"member-card\">\n<div class=\"member-photo\">\n      <img decoding=\"async\" src=\"\/wp-content\/themes\/best-brokers\/assets\/images\/team\/vicky.png\" alt=\"Vicky\">\n    <\/div>\n<div class=\"member-info\">\n<div class=\"member-name\">\n        <span>Veronica Hristova<\/span><br \/>\n        <a href=\"https:\/\/www.linkedin.com\/in\/veronica-hristova-4638841bb\/\" class=\"member-link\"><i class=\"ico-linkedin\"><\/i><\/a>\n      <\/div>\n<p class=\"member-title\"><b>Desarrolladora Front-end<\/b><\/p>\n<p class=\"member-resume\">Ver\u00f3nica es la desarrolladora Front-end de BestBrokers y se encarga de la experiencia de usuario de nuestro sitio web.<\/p>\n<\/p><\/div>\n<\/p><\/div>\n<\/li>\n<\/ul>\n<\/section>\n<section class=\"section-team\">\n<h2 id=\"authors\">Nuestros autores<\/h2>\n<ul class=\"list-team\">\n<li>\n<div class=\"member-card\">\n<div class=\"member-photo\">\n          <img decoding=\"async\" src=\"\/wp-content\/themes\/best-brokers\/assets\/images\/team\/diliana.jpg\" alt=\"Profile picture of Diliana Hristova\">\n        <\/div>\n<div class=\"member-info\">\n<div class=\"member-name\">\n              <span>Diliana Hristova<\/span>\n            <\/div>\n<p class=\"member-title\"><b>Jefa de contenido<\/b><\/p>\n<p class=\"member-resume\">Diliana es nuestra directora de contenido en BestBrokers y es la responsable de algunas de las investigaciones originales que realizamos aqu\u00ed.<\/p>\n<\/p><\/div>\n<\/p><\/div>\n<\/li>\n<li>\n<div class=\"member-card\">\n<div class=\"member-photo\">\n          <img decoding=\"async\" src=\"\/wp-content\/uploads\/2022\/03\/eifeanyi-150x150.webp\" alt=\"Profile picture of Emmanuel Ifeanyi Ekwomadu\">\n        <\/div>\n<div class=\"member-info\">\n<div class=\"member-name\">\n              <span>Emmanuel Ekwomadu<\/span><br \/>\n              <a href=\"https:\/\/www.linkedin.com\/in\/emmanuel-ifeanyi-e-309512182\/\" target=\"_blank\" class=\"member-link\" rel=\"noopener\"><i class=\"ico-linkedin\"><\/i><\/a>\n            <\/div>\n<p class=\"member-title\"><b>Autor<\/b><\/p>\n<p class=\"member-resume\">Emmanuel es un redactor de contenidos financieros especializado en el trading de divisas, acciones y criptomonedas. Es la persona responsable de la mayor\u00eda de las rese\u00f1as de brokers que encontrar\u00e1s en BestBrokers.com.<\/p>\n<\/p><\/div>\n<\/p><\/div>\n<\/li>\n<li>\n<div class=\"member-card\">\n<div class=\"member-photo\">\n          <img decoding=\"async\" src=\"\/wp-content\/uploads\/2024\/09\/zornica-stefanova-150x150.jpeg\" alt=\"Profile picture of Zornitsa Stefanova\">\n        <\/div>\n<div class=\"member-info\">\n<div class=\"member-name\">\n              <span>Zornitsa Stefanova<\/span><\/p>\n<p>              <a href=\"https:\/\/www.linkedin.com\/in\/zornica-stefanova-73ab39287\/\" target=\"_blank\" class=\"member-link\" rel=\"noopener\"><i class=\"ico-linkedin\"><\/i><\/a>\n            <\/div>\n<p class=\"member-title\"><b>Autor<\/b><\/p>\n<p class=\"member-resume\">Zornitsa es una analista con amplia experiencia en divisas y criptomonedas. Tambi\u00e9n trata diversos temas financieros, como el trading de acciones y las inversiones para la jubilaci\u00f3n.<\/p>\n<\/p><\/div>\n<\/p><\/div>\n<\/li>\n<li>\n<div class=\"member-card\">\n<div class=\"member-photo\">\n          <img decoding=\"async\" src=\"\/wp-content\/uploads\/2026\/04\/nnazifova.webp\" alt=\"Profile picture of Naylyan Nazifova\">\n        <\/div>\n<div class=\"member-info\">\n<div class=\"member-name\">\n              <span>Naylyan Nazifova<\/span><br \/>\n              <a href=\"https:\/\/www.linkedin.com\/in\/naylian-nazifova-58562a272\/\" target=\"_blank\" class=\"member-link\" rel=\"noopener\"><i class=\"ico-linkedin\"><\/i><\/a>\n            <\/div>\n<p class=\"member-title\"><b>Autor<\/b><\/p>\n<p class=\"member-resume\">Naylyan es una reconocida experta en el campo del comercio en l\u00ednea. Cuenta con numerosas publicaciones y an\u00e1lisis sobre el comercio de divisas, la inversi\u00f3n en bolsa y las finanzas personales.<\/p>\n<\/p><\/div>\n<\/p><\/div>\n<\/li>\n<li>\n<div class=\"member-card\">\n<div class=\"member-photo\">\n          <img decoding=\"async\" src=\"\/wp-content\/uploads\/2022\/03\/rperry-150x150.webp\" alt=\"Profile picture of Richard Perry\">\n        <\/div>\n<div class=\"member-info\">\n<div class=\"member-name\">\n              <span>Richard Perry<\/span><\/p>\n<p>              <a href=\"https:\/\/www.linkedin.com\/in\/richard-perry-5918921b\/\" target=\"_blank\" class=\"member-link\" rel=\"noopener\"><i class=\"ico-linkedin\"><\/i><\/a>\n            <\/div>\n<p class=\"member-title\"><b>Autor<\/b><\/p>\n<p class=\"member-resume\">Richard es un reconocido experto en an\u00e1lisis t\u00e9cnico y estrategia de mercado, con una amplia experiencia en los mercados de divisas y valores. Ha creado su propia empresa, Perry Market Analysis, que ofrece servicios de consultor\u00eda y an\u00e1lisis de los principales mercados, incluyendo investigaci\u00f3n a trav\u00e9s de seminarios web, v\u00eddeos y an\u00e1lisis escritos.<\/p>\n<\/p><\/div>\n<\/p><\/div>\n<\/li>\n<\/ul>\n<\/section>\n<section class=\"section-team\">\n<h2 id=\"translators\">Nuestros traductores<\/h2>\n<ul class=\"list-team\">\n<li>\n<div class=\"member-card\">\n<div class=\"member-photo\">\n          <img decoding=\"async\" src=\"\/wp-content\/themes\/best-brokers\/assets\/images\/team\/luca-mele.jpg\" alt=\"Profile picture of Luca Mele\">\n        <\/div>\n<div class=\"member-info\">\n<div class=\"member-name\">\n              <span>Luca Mele<\/span><br \/>\n              <a href=\"https:\/\/www.linkedin.com\/in\/luca-mele\/?locale=it_IT\" target=\"_blank\" class=\"member-link\" rel=\"noopener\"><i class=\"ico-linkedin\"><\/i><\/a>\n            <\/div>\n<p class=\"member-title\"><b>Traductor de italiano<\/b><\/p>\n<p class=\"member-resume\">Luca es el responsable de la traducci\u00f3n de nuestro contenido al italiano.<\/p>\n<\/p><\/div>\n<\/p><\/div>\n<\/li>\n<li>\n<div class=\"member-card\">\n<div class=\"member-photo\">\n          <img decoding=\"async\" src=\"\/wp-content\/themes\/best-brokers\/assets\/images\/team\/estrella-fernandez.jpg\" alt=\"Profile picture of Estrella Fernandez\">\n        <\/div>\n<div class=\"member-info\">\n<div class=\"member-name\">\n              <span>Estrella Fernandez<\/span><br \/>\n              <a href=\"https:\/\/www.linkedin.com\/in\/estrella-fern%C3%A1ndez-gordillo-a54ab483\/?originalSubdomain=es\" target=\"_blank\" class=\"member-link\" rel=\"noopener\"><i class=\"ico-linkedin\"><\/i><\/a>\n            <\/div>\n<p class=\"member-title\"><b>Traductora de espa\u00f1ol<\/b><\/p>\n<p class=\"member-resume\">Estrella es una de las traductoras del equipo de traducci\u00f3n a espa\u00f1ol de BestBrokers.<\/p>\n<\/p><\/div>\n<\/p><\/div>\n<\/li>\n<li>\n<div class=\"member-card\">\n<div class=\"member-photo\">\n          <img decoding=\"async\" src=\"\/wp-content\/themes\/best-brokers\/assets\/images\/team\/profile-avatar.webp\" alt=\"Profile picture\">\n        <\/div>\n<div class=\"member-info\">\n<div class=\"member-name\">\n              <span>Raimon Moreno<\/span><br \/>\n              <a href=\"https:\/\/www.linkedin.com\/in\/raimon-moreno-ruiz-carrillo\/\" target=\"_blank\" class=\"member-link\" rel=\"noopener\"><i class=\"ico-linkedin\"><\/i><\/a>\n            <\/div>\n<p class=\"member-title\"><b>Traductor de espa\u00f1ol<\/b><\/p>\n<p class=\"member-resume\">Raimon es uno de los traductores del equipo de traducci\u00f3n a espa\u00f1ol de BestBrokers.<\/p>\n<\/p><\/div>\n<\/p><\/div>\n<\/li>\n<\/ul>\n<\/section>\n<h2 id=\"in-the-media\">Menciones de nuestro trabajo en los medios de comunicaci\u00f3n<\/h2>\n\n\t\t<section class=\"section-journalists\">\t<div class=\"module-team\">\n\t\t\t\t<div class=\"team\">\n\t\t\t\t\t<div class=\"team-cards\">\n\t\t\t\t\t\t<div class=\"j-container\">\n\t\t\t\t\t\t\t<div class=\"j-wrapper\">\n\t\n\t\t\t<div class=\"j-slide\">\n\t            <div class=\"card\">\n\t\t            <span class=\"bg\"><\/span>\n\n\t\t            <figure class=\"photo\"><img decoding=\"async\" src=\"https:\/\/www.bestbrokers.com\/wp-content\/themes\/best-brokers\/assets\/images\/resources\/section-journalists\/simon.webp\"\" alt=\"Simon Constable\"><\/figure>\n\n\t\t            <article class=\"text\">\n\t\t\t            <p class=\"name\">Simon Constable<\/p>\n\n\t\t\t            <a class=\"icon-brand\" href=\"https:\/\/www.forbes.com\/sites\/simonconstable\/2023\/08\/31\/new-data-shows-how-scotlands-economic-policies-snuff-out-entrepreneurialism\/\" target=\"_blank\" rel=\"nofollow\" data-index=\"0\"><img decoding=\"async\" src=\"https:\/\/www.bestbrokers.com\/wp-content\/themes\/best-brokers\/assets\/images\/resources\/section-journalists\/forbes-logo.webp\" alt=\"Logo of Forbes\"><i class=\"ico ico--click\"><\/i><\/a>\n\t\t            <\/article>\n\n\t\t\t        <div class=\"social\">\n\t\t\t            <div class=\"icons\">\n\t\t\t            <a class=\"icon\" href=\"https:\/\/www.linkedin.com\/in\/simonconstable\/\" target=\"_blank\" rel=\"nofollow\" data-index=\"2\"><img decoding=\"async\" src=\"https:\/\/www.bestbrokers.com\/wp-content\/themes\/best-brokers\/assets\/images\/resources\/section-journalists\/linkedin.svg\"><\/a>\n\t\t\t            <a class=\"icon\" href=\"https:\/\/x.com\/RealConstable\" target=\"_blank\" rel=\"nofollow\" data-index=\"3\"><img decoding=\"async\" src=\"https:\/\/www.bestbrokers.com\/wp-content\/themes\/best-brokers\/assets\/images\/resources\/section-journalists\/twitter-x.svg\"><\/a>            \n\t\t\t            <\/div>\n\t\t            <\/div>\n\t            <\/div>\n            <\/div>\n\t\t\n\t\t\t<div class=\"j-slide\">\n\t            <div class=\"card\">\n\t\t            <span class=\"bg\"><\/span>\n\n\t\t            <figure class=\"photo\"><img decoding=\"async\" src=\"https:\/\/www.bestbrokers.com\/wp-content\/themes\/best-brokers\/assets\/images\/resources\/section-journalists\/jessica.webp\"\" alt=\"Jessica Dickler\"><\/figure>\n\n\t\t            <article class=\"text\">\n\t\t\t            <p class=\"name\">Jessica Dickler<\/p>\n\n\t\t\t            <a class=\"icon-brand\" href=\"https:\/\/www.cnbc.com\/amp\/2024\/06\/02\/heres-whats-wrong-with-tiktoks-viral-money-hacks.html\" target=\"_blank\" rel=\"nofollow\" data-index=\"0\"><img decoding=\"async\" src=\"https:\/\/www.bestbrokers.com\/wp-content\/themes\/best-brokers\/assets\/images\/resources\/section-journalists\/cbnc-logo.webp\" alt=\"Logo of CNBC\"><i class=\"ico ico--click\"><\/i><\/a>\n\t\t            <\/article>\n\n\t\t\t        <div class=\"social\">\n\t\t\t            <div class=\"icons\">\n\t\t\t            <a class=\"icon\" href=\"https:\/\/www.linkedin.com\/in\/jessicadickler\/\" target=\"_blank\" rel=\"nofollow\" data-index=\"2\"><img decoding=\"async\" src=\"https:\/\/www.bestbrokers.com\/wp-content\/themes\/best-brokers\/assets\/images\/resources\/section-journalists\/linkedin.svg\"><\/a>\n\t\t\t            <a class=\"icon\" href=\"https:\/\/x.com\/jdickler\" target=\"_blank\" rel=\"nofollow\" data-index=\"3\"><img decoding=\"async\" src=\"https:\/\/www.bestbrokers.com\/wp-content\/themes\/best-brokers\/assets\/images\/resources\/section-journalists\/twitter-x.svg\"><\/a>            \n\t\t\t            <\/div>\n\t\t            <\/div>\n\t            <\/div>\n            <\/div>\n\t\t\n\t\t\t<div class=\"j-slide\">\n\t            <div class=\"card\">\n\t\t            <span class=\"bg\"><\/span>\n\n\t\t            <figure class=\"photo\"><img decoding=\"async\" src=\"https:\/\/www.bestbrokers.com\/wp-content\/themes\/best-brokers\/assets\/images\/resources\/section-journalists\/anna.webp\"\" alt=\"Anna Baydakova\"><\/figure>\n\n\t\t            <article class=\"text\">\n\t\t\t            <p class=\"name\">Anna Baydakova<\/p>\n\n\t\t\t            <a class=\"icon-brand\" href=\"https:\/\/www.coindesk.com\/consensus-magazine\/2023\/07\/13\/nexo-in-court-with-a-co-founder-over-12m-in-missing-assets\/\" target=\"_blank\" rel=\"nofollow\" data-index=\"0\"><img decoding=\"async\" src=\"https:\/\/www.bestbrokers.com\/wp-content\/themes\/best-brokers\/assets\/images\/resources\/section-journalists\/coindesk-logo.webp\" alt=\"Logo of Coindesk\"><i class=\"ico ico--click\"><\/i><\/a>\n\t\t            <\/article>\n\n\t\t\t        <div class=\"social\">\n\t\t\t            <div class=\"icons\">\n\t\t\t            <a class=\"icon\" href=\"https:\/\/www.linkedin.com\/in\/anna-baydakova\/\" target=\"_blank\" rel=\"nofollow\" data-index=\"2\"><img decoding=\"async\" src=\"https:\/\/www.bestbrokers.com\/wp-content\/themes\/best-brokers\/assets\/images\/resources\/section-journalists\/linkedin.svg\"><\/a>\n\t\t\t            <a class=\"icon\" href=\"https:\/\/x.com\/baidakova\" target=\"_blank\" rel=\"nofollow\" data-index=\"3\"><img decoding=\"async\" src=\"https:\/\/www.bestbrokers.com\/wp-content\/themes\/best-brokers\/assets\/images\/resources\/section-journalists\/twitter-x.svg\"><\/a>            \n\t\t\t            <\/div>\n\t\t            <\/div>\n\t            <\/div>\n            <\/div>\n\t\t\n\t\t\t<div class=\"j-slide\">\n\t            <div class=\"card\">\n\t\t            <span class=\"bg\"><\/span>\n\n\t\t            <figure class=\"photo\"><img decoding=\"async\" src=\"https:\/\/www.bestbrokers.com\/wp-content\/themes\/best-brokers\/assets\/images\/resources\/section-journalists\/chris.webp\"\" alt=\"Chris Matthews\"><\/figure>\n\n\t\t            <article class=\"text\">\n\t\t\t            <p class=\"name\">Chris Matthews<\/p>\n\n\t\t\t            <a class=\"icon-brand\" href=\"https:\/\/www.dailymail.co.uk\/news\/article-13379119\/Gen-Z-youngsters-rich-quick-hustles-jobs-ambitious-lazy-kids-moan-society-positively.html\" target=\"_blank\" rel=\"nofollow\" data-index=\"0\"><img decoding=\"async\" src=\"https:\/\/www.bestbrokers.com\/wp-content\/themes\/best-brokers\/assets\/images\/resources\/section-journalists\/mailonline-logo.webp\" alt=\"Logo of Daily Mail\"><i class=\"ico ico--click\"><\/i><\/a>\n\t\t            <\/article>\n\n\t\t\t        <div class=\"social\">\n\t\t\t            <div class=\"icons\">\n\t\t\t            <a class=\"icon\" href=\"https:\/\/www.linkedin.com\/in\/chris-matthews\/\" target=\"_blank\" rel=\"nofollow\" data-index=\"2\"><img decoding=\"async\" src=\"https:\/\/www.bestbrokers.com\/wp-content\/themes\/best-brokers\/assets\/images\/resources\/section-journalists\/linkedin.svg\"><\/a>\n\t\t\t            <a class=\"icon\" href=\"https:\/\/x.com\/bychrismatthews\" target=\"_blank\" rel=\"nofollow\" data-index=\"3\"><img decoding=\"async\" src=\"https:\/\/www.bestbrokers.com\/wp-content\/themes\/best-brokers\/assets\/images\/resources\/section-journalists\/twitter-x.svg\"><\/a>            \n\t\t\t            <\/div>\n\t\t            <\/div>\n\t            <\/div>\n            <\/div>\n\t\t\n\t\t\t<div class=\"j-slide\">\n\t            <div class=\"card\">\n\t\t            <span class=\"bg\"><\/span>\n\n\t\t            <figure class=\"photo\"><img decoding=\"async\" src=\"https:\/\/www.bestbrokers.com\/wp-content\/themes\/best-brokers\/assets\/images\/resources\/section-journalists\/kit.webp\"\" alt=\"Kit Eaton\"><\/figure>\n\n\t\t            <article class=\"text\">\n\t\t\t            <p class=\"name\">Kit Eaton<\/p>\n\n\t\t\t            <a class=\"icon-brand\" href=\"https:\/\/www.inc.com\/kit-eaton\/ai-companies-lead-2024-crop-of-new-unicorn-startups.html\" target=\"_blank\" rel=\"nofollow\" data-index=\"0\"><img decoding=\"async\" src=\"https:\/\/www.bestbrokers.com\/wp-content\/themes\/best-brokers\/assets\/images\/resources\/section-journalists\/inc-logo.webp\" alt=\"Logo of INC.com\"><i class=\"ico ico--click\"><\/i><\/a>\n\t\t            <\/article>\n\n\t\t\t        <div class=\"social\">\n\t\t\t            <div class=\"icons\">\n\t\t\t            <a class=\"icon\" href=\"https:\/\/www.linkedin.com\/in\/kit-eaton-26434926\/\" target=\"_blank\" rel=\"nofollow\" data-index=\"2\"><img decoding=\"async\" src=\"https:\/\/www.bestbrokers.com\/wp-content\/themes\/best-brokers\/assets\/images\/resources\/section-journalists\/linkedin.svg\"><\/a>\n\t\t\t            <a class=\"icon\" href=\"https:\/\/x.com\/kiteaton\" target=\"_blank\" rel=\"nofollow\" data-index=\"3\"><img decoding=\"async\" src=\"https:\/\/www.bestbrokers.com\/wp-content\/themes\/best-brokers\/assets\/images\/resources\/section-journalists\/twitter-x.svg\"><\/a>            \n\t\t\t            <\/div>\n\t\t            <\/div>\n\t            <\/div>\n            <\/div>\n\t\t\t\t\t\t\t\t\n\t\t\t\t\t\t\t<\/div>\n\t\t\t\t\t\t<\/div>\n\t\t\t\t\t<\/div>\n\t\t\t\t<\/div>\n\t\t\t<\/div>\n\n\t\t<\/section>\n\t\n<h2 id=\"contact-information\">Informaci\u00f3n de contacto<\/h2>\n<p>Si tiene alguna pregunta, no dude en ponerse en contacto conmigo por correo electr\u00f3nico en: <a href=\"mailto:info@bestbrokers.com\">info@bestbrokers.com<\/a> or via <a href=\"https:\/\/www.linkedin.com\/in\/miro-nikolov-1946b9141\" rel=\"nofollow noopener noreferrer\" target=\"_blank\">Linkedin<\/a>. <\/p>\n<div class=\"alert alert-primary\" role=\"alert\">\nBestBrokers.com es operado por AFF MEDIA Ltd.<br \/>\nDirecci\u00f3n de la empresa: 15 \u201cStrahil voyvoda\u201d Str., Varna 9000, Bulgaria<br \/>\nN\u00famero de registro de la empresa: 202678029.\n<\/div>\n","protected":false},"excerpt":{"rendered":"<p>Mision Mi nombre es Miro Nikolov y soy cofundador de BestBrokers.com. Nuestra misi\u00f3n como equipo es ayudar a los traders a tomar decisiones bien informadas a la hora de elegir una plataforma de trading. Todos los brokers que figuran en BestBrokers cuentan con licencia en jurisdicciones de primer nivel: (Asic, Australia; FCA, Reino Unido o [&hellip;]<\/p>\n","protected":false},"author":2,"featured_media":0,"parent":0,"menu_order":0,"comment_status":"closed","ping_status":"closed","template":"templates\/full-width.php","meta":{"footnotes":""},"class_list":["post-10956","page","type-page","status-publish","hentry"],"aioseo_notices":[],"_links":{"self":[{"href":"https:\/\/www.bestbrokers.com\/es\/wp-json\/wp\/v2\/pages\/10956","targetHints":{"allow":["GET"]}}],"collection":[{"href":"https:\/\/www.bestbrokers.com\/es\/wp-json\/wp\/v2\/pages"}],"about":[{"href":"https:\/\/www.bestbrokers.com\/es\/wp-json\/wp\/v2\/types\/page"}],"author":[{"embeddable":true,"href":"https:\/\/www.bestbrokers.com\/es\/wp-json\/wp\/v2\/users\/2"}],"replies":[{"embeddable":true,"href":"https:\/\/www.bestbrokers.com\/es\/wp-json\/wp\/v2\/comments?post=10956"}],"version-history":[{"count":9,"href":"https:\/\/www.bestbrokers.com\/es\/wp-json\/wp\/v2\/pages\/10956\/revisions"}],"predecessor-version":[{"id":79230,"href":"https:\/\/www.bestbrokers.com\/es\/wp-json\/wp\/v2\/pages\/10956\/revisions\/79230"}],"wp:attachment":[{"href":"https:\/\/www.bestbrokers.com\/es\/wp-json\/wp\/v2\/media?parent=10956"}],"curies":[{"name":"wp","href":"https:\/\/api.w.org\/{rel}","templated":true}]}}