{"id":10980,"date":"2024-08-22T13:42:36","date_gmt":"2024-08-22T13:42:36","guid":{"rendered":"https:\/\/www.bestbrokers.com\/?page_id=10980"},"modified":"2026-01-13T15:54:43","modified_gmt":"2026-01-13T15:54:43","slug":"contact-us","status":"publish","type":"page","link":"https:\/\/www.bestbrokers.com\/es\/contact-us\/","title":{"rendered":"Cont\u00e1ctanos"},"content":{"rendered":"<p>BestBrokers ofrece rese\u00f1as expertas y confiables de brokers de forex y acciones, as\u00ed como informaci\u00f3n actualizada y \u00fatil relacionada con la industria del trading, incluidos estad\u00edsticas e informes. La informaci\u00f3n proporcionada en <a href=\"https:\/\/www.bestbrokers.com\/es\/\">BestBrokers<\/a> est\u00e1 creada pensando en los traders, sus problemas, necesidad de conocimiento, transparencia y capacidad para tomar la decisi\u00f3n financiera correcta al elegir una plataforma de trading.<\/p>\n<p>Puede contactarnos por correo electr\u00f3nico a <strong>info@bestbrokers.com<\/strong> o utilizando el formulario de contacto a continuaci\u00f3n.<\/p>\n<p>Direcci\u00f3n de la oficina en Bulgaria: Varna Center Odesos, ul. \u201cStrahil voyvoda\u201d 15, 9000 Varna<br \/>\nDirecci\u00f3n de la oficina en el Reino Unido: 25 Cabot Square, Londres E14 4QZ, Reino Unido<br \/>\nDirecci\u00f3n de la oficina en los EE. UU.: 6127 S University Ave, Chicago, IL 60637, Estados Unidos<\/p>\n<p class=\"text-center\">\u00a1No dudes en ponerte en contacto con nosotros!<\/p>\n<div class=\"text-center\">\n<div class=\"wpcf7 no-js\" id=\"wpcf7-f17207-o1\" lang=\"es-ES\" dir=\"ltr\" data-wpcf7-id=\"17207\">\n<div class=\"screen-reader-response\"><p role=\"status\" aria-live=\"polite\" aria-atomic=\"true\"><\/p> <ul><\/ul><\/div>\n<form action=\"\/es\/wp-json\/wp\/v2\/pages\/10980#wpcf7-f17207-o1\" method=\"post\" class=\"wpcf7-form init\" aria-label=\"Formulario de contacto\" novalidate=\"novalidate\" data-status=\"init\">\n<fieldset class=\"hidden-fields-container\"><input type=\"hidden\" name=\"_wpcf7\" value=\"17207\" \/><input type=\"hidden\" name=\"_wpcf7_version\" value=\"6.1.4\" \/><input type=\"hidden\" name=\"_wpcf7_locale\" value=\"es_ES\" \/><input type=\"hidden\" name=\"_wpcf7_unit_tag\" value=\"wpcf7-f17207-o1\" \/><input type=\"hidden\" name=\"_wpcf7_container_post\" value=\"0\" \/><input type=\"hidden\" name=\"_wpcf7_posted_data_hash\" value=\"\" \/>\n<\/fieldset>\n<p><label> Tu nombre<br \/>\n<span class=\"wpcf7-form-control-wrap\" data-name=\"your-name\"><input size=\"40\" maxlength=\"400\" class=\"wpcf7-form-control wpcf7-text wpcf7-validates-as-required\" aria-required=\"true\" aria-invalid=\"false\" value=\"\" type=\"text\" name=\"your-name\" \/><\/span> <\/label>\n<\/p>\n<p><label> Tu correo electr\u00f3nico<br \/>\n<span class=\"wpcf7-form-control-wrap\" data-name=\"your-email\"><input size=\"40\" maxlength=\"400\" class=\"wpcf7-form-control wpcf7-email wpcf7-validates-as-required wpcf7-text wpcf7-validates-as-email\" aria-required=\"true\" aria-invalid=\"false\" value=\"\" type=\"email\" name=\"your-email\" \/><\/span> <\/label>\n<\/p>\n<p><label> Asunto<br \/>\n<span class=\"wpcf7-form-control-wrap\" data-name=\"your-subject\"><input size=\"40\" maxlength=\"400\" class=\"wpcf7-form-control wpcf7-text wpcf7-validates-as-required\" aria-required=\"true\" aria-invalid=\"false\" value=\"\" type=\"text\" name=\"your-subject\" \/><\/span> <\/label>\n<\/p>\n<p><label> Tu mensaje (opcional)<br \/>\n<span class=\"wpcf7-form-control-wrap\" data-name=\"your-message\"><textarea cols=\"40\" rows=\"10\" maxlength=\"2000\" class=\"wpcf7-form-control wpcf7-textarea\" aria-invalid=\"false\" name=\"your-message\"><\/textarea><\/span> <\/label>\n<\/p>\n<p><input type=\"hidden\" name=\"_wpcf7_captcha_challenge_your-captcha-es\" value=\"4265693656\" \/><img decoding=\"async\" class=\"wpcf7-form-control wpcf7-captchac wpcf7-captcha-your-captcha-es\" width=\"72\" height=\"24\" alt=\"captcha\" src=\"https:\/\/www.bestbrokers.com\/wp-content\/uploads\/wpcf7_captcha\/4265693656.png\" \/><br \/>\n<span class=\"wpcf7-form-control-wrap\" data-name=\"your-captcha-es\"><input size=\"40\" class=\"wpcf7-form-control wpcf7-captchar\" autocomplete=\"off\" aria-invalid=\"false\" value=\"\" type=\"text\" name=\"your-captcha-es\" \/><\/span>\n<\/p>\n<p><input class=\"wpcf7-form-control wpcf7-submit has-spinner\" type=\"submit\" value=\"Enviar\" \/>\n<\/p><div class=\"wpcf7-response-output\" aria-hidden=\"true\"><\/div>\n<\/form>\n<\/div>\n<\/div>\n","protected":false},"excerpt":{"rendered":"<p>BestBrokers ofrece rese\u00f1as expertas y confiables de brokers de forex y acciones, as\u00ed como informaci\u00f3n actualizada y \u00fatil relacionada con la industria del trading, incluidos estad\u00edsticas e informes. La informaci\u00f3n proporcionada en BestBrokers est\u00e1 creada pensando en los traders, sus problemas, necesidad de conocimiento, transparencia y capacidad para tomar la decisi\u00f3n financiera correcta al elegir [&hellip;]<\/p>\n","protected":false},"author":2,"featured_media":0,"parent":0,"menu_order":0,"comment_status":"closed","ping_status":"closed","template":"templates\/full-width.php","meta":{"footnotes":""},"class_list":["post-10980","page","type-page","status-publish","hentry"],"aioseo_notices":[],"_links":{"self":[{"href":"https:\/\/www.bestbrokers.com\/es\/wp-json\/wp\/v2\/pages\/10980","targetHints":{"allow":["GET"]}}],"collection":[{"href":"https:\/\/www.bestbrokers.com\/es\/wp-json\/wp\/v2\/pages"}],"about":[{"href":"https:\/\/www.bestbrokers.com\/es\/wp-json\/wp\/v2\/types\/page"}],"author":[{"embeddable":true,"href":"https:\/\/www.bestbrokers.com\/es\/wp-json\/wp\/v2\/users\/2"}],"replies":[{"embeddable":true,"href":"https:\/\/www.bestbrokers.com\/es\/wp-json\/wp\/v2\/comments?post=10980"}],"version-history":[{"count":10,"href":"https:\/\/www.bestbrokers.com\/es\/wp-json\/wp\/v2\/pages\/10980\/revisions"}],"predecessor-version":[{"id":78927,"href":"https:\/\/www.bestbrokers.com\/es\/wp-json\/wp\/v2\/pages\/10980\/revisions\/78927"}],"wp:attachment":[{"href":"https:\/\/www.bestbrokers.com\/es\/wp-json\/wp\/v2\/media?parent=10980"}],"curies":[{"name":"wp","href":"https:\/\/api.w.org\/{rel}","templated":true}]}}