{"id":11079,"date":"2024-08-22T14:09:39","date_gmt":"2024-08-22T14:09:39","guid":{"rendered":"https:\/\/www.bestbrokers.com\/?page_id=11079"},"modified":"2024-10-01T08:52:15","modified_gmt":"2024-10-01T08:52:15","slug":"reviews","status":"publish","type":"page","link":"https:\/\/www.bestbrokers.com\/es\/reviews\/","title":{"rendered":"Rese\u00f1as de br\u00f3kers en l\u00ednea y plataformas de trading"},"content":{"rendered":"<h2>Encuentra los mejores br\u00f3kers para invertir tu dinero<\/h2>\n<p>Nuestras rese\u00f1as cubren la informaci\u00f3n m\u00e1s importante de cada br\u00f3ker, incluyendo spreads, m\u00e9todos de pago y regulaci\u00f3n. Todas las rese\u00f1as est\u00e1n escritas por traders profesionales y tienen como objetivo proporcionar informaci\u00f3n tanto para traders principiantes como avanzados.<\/p>\n<div class=\"clearfix\"><\/div><div class=\"row list--brokers\"><div class=\"col-12 col-sm-6 col-md-4 col-lg-3 mb-3 item-wrapper\"><div class=\"col-12 item\"><a href=\"https:\/\/www.bestbrokers.com\/es\/reviews\/oanda\/\"><ul class=\"list list--stars four\"><li><span class=\"star\"><\/span><\/li><li><span class=\"star\"><\/span><\/li><li><span class=\"star\"><\/span><\/li><li><span class=\"star\"><\/span><\/li><li><span class=\"star\"><\/span><\/li><\/ul><img decoding=\"async\" src=\"https:\/\/www.bestbrokers.com\/wp-content\/uploads\/2021\/05\/oanda-review-logo.svg\" \/><span class=\"item-btn\">OANDA Rese\u00f1a<\/span><\/a><\/div><\/div><div class=\"col-12 col-sm-6 col-md-4 col-lg-3 mb-3 item-wrapper\"><div class=\"col-12 item\"><a href=\"https:\/\/www.bestbrokers.com\/es\/reviews\/fp-trading\/\"><ul class=\"list list--stars four-half\"><li><span class=\"star\"><\/span><\/li><li><span class=\"star\"><\/span><\/li><li><span class=\"star\"><\/span><\/li><li><span class=\"star\"><\/span><\/li><li><span class=\"star\"><\/span><\/li><\/ul><img decoding=\"async\" src=\"https:\/\/www.bestbrokers.com\/wp-content\/uploads\/2026\/04\/fp-trading-logo.webp\" \/><span class=\"item-btn\">FP Trading Rese\u00f1a<\/span><\/a><\/div><\/div><div class=\"col-12 col-sm-6 col-md-4 col-lg-3 mb-3 item-wrapper\"><div class=\"col-12 item\"><a href=\"https:\/\/www.bestbrokers.com\/es\/reviews\/cmc-markets\/\"><ul class=\"list list--stars three-half\"><li><span class=\"star\"><\/span><\/li><li><span class=\"star\"><\/span><\/li><li><span class=\"star\"><\/span><\/li><li><span class=\"star\"><\/span><\/li><li><span class=\"star\"><\/span><\/li><\/ul><img decoding=\"async\" src=\"https:\/\/www.bestbrokers.com\/wp-content\/uploads\/2021\/10\/cmc-markets-copy.webp\" \/><span class=\"item-btn\">CMC Markets Rese\u00f1a<\/span><\/a><\/div><\/div><div class=\"col-12 col-sm-6 col-md-4 col-lg-3 mb-3 item-wrapper\"><div class=\"col-12 item\"><a href=\"https:\/\/www.bestbrokers.com\/es\/reviews\/fxpro\/\"><ul class=\"list list--stars four-half\"><li><span class=\"star\"><\/span><\/li><li><span class=\"star\"><\/span><\/li><li><span class=\"star\"><\/span><\/li><li><span class=\"star\"><\/span><\/li><li><span class=\"star\"><\/span><\/li><\/ul><img decoding=\"async\" src=\"https:\/\/www.bestbrokers.com\/wp-content\/uploads\/2021\/12\/fxpro-logo.png\" \/><span class=\"item-btn\">FxPro Rese\u00f1a<\/span><\/a><\/div><\/div><div class=\"col-12 col-sm-6 col-md-4 col-lg-3 mb-3 item-wrapper\"><div class=\"col-12 item\"><a href=\"https:\/\/www.bestbrokers.com\/es\/reviews\/fxtm\/\"><ul class=\"list list--stars four-half\"><li><span class=\"star\"><\/span><\/li><li><span class=\"star\"><\/span><\/li><li><span class=\"star\"><\/span><\/li><li><span class=\"star\"><\/span><\/li><li><span class=\"star\"><\/span><\/li><\/ul><img decoding=\"async\" src=\"https:\/\/www.bestbrokers.com\/wp-content\/uploads\/2021\/12\/fxtm-logo.png\" \/><span class=\"item-btn\">FXTM Rese\u00f1a<\/span><\/a><\/div><\/div><div class=\"col-12 col-sm-6 col-md-4 col-lg-3 mb-3 item-wrapper\"><div class=\"col-12 item\"><a href=\"https:\/\/www.bestbrokers.com\/es\/reviews\/ig\/\"><ul class=\"list list--stars four-half\"><li><span class=\"star\"><\/span><\/li><li><span class=\"star\"><\/span><\/li><li><span class=\"star\"><\/span><\/li><li><span class=\"star\"><\/span><\/li><li><span class=\"star\"><\/span><\/li><\/ul><img decoding=\"async\" src=\"https:\/\/www.bestbrokers.com\/wp-content\/uploads\/2026\/01\/ig-review-logo.webp\" \/><span class=\"item-btn\">IG Rese\u00f1a<\/span><\/a><\/div><\/div><div class=\"col-12 col-sm-6 col-md-4 col-lg-3 mb-3 item-wrapper\"><div class=\"col-12 item\"><a href=\"https:\/\/www.bestbrokers.com\/es\/reviews\/swissquote\/\"><ul class=\"list list--stars four-half\"><li><span class=\"star\"><\/span><\/li><li><span class=\"star\"><\/span><\/li><li><span class=\"star\"><\/span><\/li><li><span class=\"star\"><\/span><\/li><li><span class=\"star\"><\/span><\/li><\/ul><img decoding=\"async\" src=\"https:\/\/www.bestbrokers.com\/wp-content\/uploads\/2022\/01\/Swissquote-logo.png\" \/><span class=\"item-btn\">Swissquote Rese\u00f1a<\/span><\/a><\/div><\/div><div class=\"col-12 col-sm-6 col-md-4 col-lg-3 mb-3 item-wrapper\"><div class=\"col-12 item\"><a href=\"https:\/\/www.bestbrokers.com\/es\/reviews\/blackbull-markets\/\"><ul class=\"list list--stars four\"><li><span class=\"star\"><\/span><\/li><li><span class=\"star\"><\/span><\/li><li><span class=\"star\"><\/span><\/li><li><span class=\"star\"><\/span><\/li><li><span class=\"star\"><\/span><\/li><\/ul><img decoding=\"async\" src=\"https:\/\/www.bestbrokers.com\/wp-content\/uploads\/2025\/09\/blackbull-logo.webp\" \/><span class=\"item-btn\">BlackBull Markets Rese\u00f1a<\/span><\/a><\/div><\/div><div class=\"col-12 col-sm-6 col-md-4 col-lg-3 mb-3 item-wrapper\"><div class=\"col-12 item\"><a href=\"https:\/\/www.bestbrokers.com\/es\/reviews\/global-prime\/\"><ul class=\"list list--stars four-half\"><li><span class=\"star\"><\/span><\/li><li><span class=\"star\"><\/span><\/li><li><span class=\"star\"><\/span><\/li><li><span class=\"star\"><\/span><\/li><li><span class=\"star\"><\/span><\/li><\/ul><img decoding=\"async\" src=\"https:\/\/www.bestbrokers.com\/wp-content\/uploads\/2022\/01\/global-prime-logo.webp\" \/><span class=\"item-btn\">Global Prime Rese\u00f1a<\/span><\/a><\/div><\/div><div class=\"col-12 col-sm-6 col-md-4 col-lg-3 mb-3 item-wrapper\"><div class=\"col-12 item\"><a href=\"https:\/\/www.bestbrokers.com\/es\/reviews\/vantage-fx\/\"><ul class=\"list list--stars four\"><li><span class=\"star\"><\/span><\/li><li><span class=\"star\"><\/span><\/li><li><span class=\"star\"><\/span><\/li><li><span class=\"star\"><\/span><\/li><li><span class=\"star\"><\/span><\/li><\/ul><img decoding=\"async\" src=\"https:\/\/www.bestbrokers.com\/wp-content\/uploads\/2026\/02\/vantage-markets-logo-white.webp\" \/><span class=\"item-btn\">Vantage Markets Rese\u00f1a<\/span><\/a><\/div><\/div><div class=\"col-12 col-sm-6 col-md-4 col-lg-3 mb-3 item-wrapper\"><div class=\"col-12 item\"><a href=\"https:\/\/www.bestbrokers.com\/es\/reviews\/ic-markets\/\"><ul class=\"list list--stars four\"><li><span class=\"star\"><\/span><\/li><li><span class=\"star\"><\/span><\/li><li><span class=\"star\"><\/span><\/li><li><span class=\"star\"><\/span><\/li><li><span class=\"star\"><\/span><\/li><\/ul><img decoding=\"async\" src=\"https:\/\/www.bestbrokers.com\/wp-content\/uploads\/2021\/08\/ic-markets-logo.webp\" \/><span class=\"item-btn\">IC Markets Rese\u00f1a<\/span><\/a><\/div><\/div><div class=\"col-12 col-sm-6 col-md-4 col-lg-3 mb-3 item-wrapper\"><div class=\"col-12 item\"><a href=\"https:\/\/www.bestbrokers.com\/es\/reviews\/axi\/\"><ul class=\"list list--stars four\"><li><span class=\"star\"><\/span><\/li><li><span class=\"star\"><\/span><\/li><li><span class=\"star\"><\/span><\/li><li><span class=\"star\"><\/span><\/li><li><span class=\"star\"><\/span><\/li><\/ul><img decoding=\"async\" src=\"https:\/\/www.bestbrokers.com\/wp-content\/uploads\/2021\/09\/axi-logo.webp\" \/><span class=\"item-btn\">Axi Rese\u00f1a<\/span><\/a><\/div><\/div><div class=\"col-12 col-sm-6 col-md-4 col-lg-3 mb-3 item-wrapper\"><div class=\"col-12 item\"><a href=\"https:\/\/www.bestbrokers.com\/es\/reviews\/avatrade\/\"><ul class=\"list list--stars four\"><li><span class=\"star\"><\/span><\/li><li><span class=\"star\"><\/span><\/li><li><span class=\"star\"><\/span><\/li><li><span class=\"star\"><\/span><\/li><li><span class=\"star\"><\/span><\/li><\/ul><img decoding=\"async\" src=\"https:\/\/www.bestbrokers.com\/wp-content\/uploads\/2024\/08\/avatrade-logo.webp\" \/><span class=\"item-btn\">AvaTrade Rese\u00f1a<\/span><\/a><\/div><\/div><div class=\"col-12 col-sm-6 col-md-4 col-lg-3 mb-3 item-wrapper\"><div class=\"col-12 item\"><a href=\"https:\/\/www.bestbrokers.com\/es\/reviews\/etoro\/\"><ul class=\"list list--stars three\"><li><span class=\"star\"><\/span><\/li><li><span class=\"star\"><\/span><\/li><li><span class=\"star\"><\/span><\/li><li><span class=\"star\"><\/span><\/li><li><span class=\"star\"><\/span><\/li><\/ul><img decoding=\"async\" src=\"https:\/\/www.bestbrokers.com\/wp-content\/uploads\/2021\/09\/etoro-logo.webp\" \/><span class=\"item-btn\">eToro Rese\u00f1a<\/span><\/a><\/div><\/div><div class=\"col-12 col-sm-6 col-md-4 col-lg-3 mb-3 item-wrapper\"><div class=\"col-12 item\"><a href=\"https:\/\/www.bestbrokers.com\/es\/reviews\/fp-markets\/\"><ul class=\"list list--stars four\"><li><span class=\"star\"><\/span><\/li><li><span class=\"star\"><\/span><\/li><li><span class=\"star\"><\/span><\/li><li><span class=\"star\"><\/span><\/li><li><span class=\"star\"><\/span><\/li><\/ul><img decoding=\"async\" src=\"https:\/\/www.bestbrokers.com\/wp-content\/uploads\/2021\/09\/fp-markets-logo.webp\" \/><span class=\"item-btn\">Mercados FP Rese\u00f1a<\/span><\/a><\/div><\/div><div class=\"col-12 col-sm-6 col-md-4 col-lg-3 mb-3 item-wrapper\"><div class=\"col-12 item\"><a href=\"https:\/\/www.bestbrokers.com\/es\/reviews\/fusion-markets\/\"><ul class=\"list list--stars four-half\"><li><span class=\"star\"><\/span><\/li><li><span class=\"star\"><\/span><\/li><li><span class=\"star\"><\/span><\/li><li><span class=\"star\"><\/span><\/li><li><span class=\"star\"><\/span><\/li><\/ul><img decoding=\"async\" src=\"https:\/\/www.bestbrokers.com\/wp-content\/uploads\/2024\/08\/fusion-markets-logo-white.webp\" \/><span class=\"item-btn\">Mercados Fusi\u00f3n Rese\u00f1a<\/span><\/a><\/div><\/div><div class=\"col-12 col-sm-6 col-md-4 col-lg-3 mb-3 item-wrapper\"><div class=\"col-12 item\"><a href=\"https:\/\/www.bestbrokers.com\/es\/reviews\/xm\/\"><ul class=\"list list--stars four\"><li><span class=\"star\"><\/span><\/li><li><span class=\"star\"><\/span><\/li><li><span class=\"star\"><\/span><\/li><li><span class=\"star\"><\/span><\/li><li><span class=\"star\"><\/span><\/li><\/ul><img decoding=\"async\" src=\"https:\/\/www.bestbrokers.com\/wp-content\/uploads\/2024\/08\/xm-logo.webp\" \/><span class=\"item-btn\">XM Rese\u00f1a<\/span><\/a><\/div><\/div><div class=\"col-12 col-sm-6 col-md-4 col-lg-3 mb-3 item-wrapper\"><div class=\"col-12 item\"><a href=\"https:\/\/www.bestbrokers.com\/es\/reviews\/xtb\/\"><ul class=\"list list--stars four-half\"><li><span class=\"star\"><\/span><\/li><li><span class=\"star\"><\/span><\/li><li><span class=\"star\"><\/span><\/li><li><span class=\"star\"><\/span><\/li><li><span class=\"star\"><\/span><\/li><\/ul><img decoding=\"async\" src=\"https:\/\/www.bestbrokers.com\/wp-content\/uploads\/2022\/01\/xtb-logo-1.webp\" \/><span class=\"item-btn\">XTB Rese\u00f1a<\/span><\/a><\/div><\/div><\/div><div class=\"clearfix\"><\/div>\n<h2>Factores clave que revisamos de los br\u00f3kers<\/h2>\n<p>Nuestro equipo de expertos revisa detenidamente todos los br\u00f3kers que aparecen en nuestro sitio web, prestando mucha atenci\u00f3n a cualquier detalle relacionado con la experiencia de los clientes. A continuaci\u00f3n, puedes ver los aspectos revisamos en cada an\u00e1lisis de nuestro sitio web.<\/p>\n<hr style=\"height:2px;border-width:0;color:#dee2e6;background-color:#dee2e6;clear: both\">\n<h3 style=\"text-align: center\">Informaci\u00f3n general sobre la empresa<\/h3>\n<p><img decoding=\"async\" src=\"https:\/\/www.bestbrokers.com\/wp-content\/uploads\/2021\/07\/newsflow.svg\" class=\"alignleft\" width=\"80\" alt=\"Informaci\u00f3n General de la Empresa\">Mirar el historial detenidamente es un elemento clave de cualquier investigaci\u00f3n. Nos aseguramos de proporcionar todos los detalles importantes sobre las empresas revisadas en nuestro sitio web, cubriendo informaci\u00f3n como la fecha de establecimiento de la empresa, sede, campo de operaci\u00f3n y una historia breve de esta.<\/p>\n<hr style=\"height:2px;border-width:0;color:#dee2e6;background-color:#dee2e6;clear: both\">\n<h3 style=\"text-align: center\">Regulaci\u00f3n<\/h3>\n<p><img decoding=\"async\" src=\"https:\/\/www.bestbrokers.com\/wp-content\/uploads\/2021\/10\/regulations.svg\" class=\"alignleft\" width=\"80\" alt=\"Regulaci\u00f3n\">Al elegir br\u00f3ker de forex, los traders deben estar seguros de que estan operando instrumentos con un br\u00f3ker confiable, regulado por autoridades de primer nivel. Siempre proporcionamos informaci\u00f3n detallada sobre las organizaciones que regulan los servicios de un br\u00f3ker, proporcionando n\u00fameros de licencia que nuestros lectores pueden verificar f\u00e1cilmente. Tambi\u00e9n puedes consultar nuestra secci\u00f3n donde hemos revisado los reguladores de nivel 1 como <a href=\"https:\/\/www.bestbrokers.com\/es\/forex-brokers\/cysec-regulated-forex-brokers\/\">CySEC (Chipre)<\/a>, <a href=\"https:\/\/www.bestbrokers.com\/es\/forex-brokers\/fca-regulated-forex-brokers\/\">FCA (Reino Unido)<\/a>, <a href=\"https:\/\/www.bestbrokers.com\/es\/forex-brokers\/asic-regulated-forex-brokers\/\">ASIC (Australia)<\/a>, y m\u00e1s.<\/p>\n<hr style=\"height:2px;border-width:0;color:#dee2e6;background-color:#dee2e6;clear: both\">\n<h3 style=\"text-align: center\">Costes de operar<\/h3>\n<p><img decoding=\"async\" src=\"https:\/\/www.bestbrokers.com\/wp-content\/uploads\/2021\/07\/outlook-of-interest-rates.svg\" class=\"alignleft\" width=\"80\" alt=\"Coste de Operar\">Un factor clave que cualquier trader debe considerar antes de abrir una cuenta con un br\u00f3ker minorista es el coste de operar que ofrece la entidad. Nos aseguramos de cubrir los spreads m\u00e1s recientes en los principales pares de divisas y comparar los precios entre los diferentes tipos de cuentas admitidos por los br\u00f3keres de forex que revisamos. Tambi\u00e9n comparamos los spreads en los principales pares de divisas entre los competidores, con el objetivo de darte una idea clara de los br\u00f3kers que ofrecen los spreads m\u00e1s bajos.<\/p>\n<p>Las comisiones tambi\u00e9n son un tipo de tarifa que los br\u00f3kers pueden cobrar a los traders de forex para cumplir con sus \u00f3rdenes. Mientras que muchos br\u00f3kers no cobran comisiones en las operaciones de forex realizadas con una cuenta est\u00e1ndar, es probable que pagues un peque\u00f1o cargo si utilizas una cuenta raw con spreads m\u00e1s bajos. Para facilitar tu decisi\u00f3n, tambi\u00e9n hemos cubierto varios <a href=\"https:\/\/www.bestbrokers.com\/es\/forex-brokers\/best-low-cost-forex-brokers\/\">br\u00f3kers de forex de primer nivel que ofrecen algunos de los costes de operaci\u00f3n m\u00e1s bajos<\/a>. Nuestros expertos tambi\u00e9n se aseguran de cubrir cualquier cargo adicional como tarifas de swap, recargos por dep\u00f3sitos\/retiros, tarifas de inactividad, etc.<\/p>\n<hr style=\"height:2px;border-width:0;color:#dee2e6;background-color:#dee2e6;clear: both\">\n<h3 style=\"text-align: center\">Abrir una cuenta<\/h3>\n<p><img decoding=\"async\" src=\"https:\/\/www.bestbrokers.com\/wp-content\/uploads\/2021\/07\/set-up-an-account.svg\" class=\"alignleft\" width=\"80\" alt=\"Abrir una cuenta\">Para ayudarte a comenzar con tu viaje con cualquiera de los br\u00f3kers de forex que hemos revisado, nos aseguramos de presentar en detalle el proceso de apertura de cuenta. Nos aseguramos de guiarte a trav\u00e9s de todos los pasos necesarios para abrir tu cuenta, prestando especial atenci\u00f3n al proceso de KYC, requerido por la mayor\u00eda de los br\u00f3kers regulados.<\/p>\n<p>Nuestras rese\u00f1as de br\u00f3kers comparan los diferentes tipos de cuentas que puedes abrir con un br\u00f3ker, cubriendo sus spreads, comisiones, plataformas soportadas y caracter\u00edsticas espec\u00edficas. Tambi\u00e9n proporcionamos informaci\u00f3n sobre <a href=\"https:\/\/www.bestbrokers.com\/es\/forex-brokers\/best-forex-brokers-with-demo-accounts\/\">cuentas demo<\/a>, generalmente disponibles en cualquier br\u00f3ker de forex de buena reputaci\u00f3n.<\/p>\n<hr style=\"height:2px;border-width:0;color:#dee2e6;background-color:#dee2e6;clear: both\">\n<h3 style=\"text-align: center\">Mercados y plataformas admitidas<\/h3>\n<p><img decoding=\"async\" src=\"https:\/\/www.bestbrokers.com\/wp-content\/uploads\/2021\/10\/desktop-wallets.svg\" class=\"alignleft\" width=\"80\" alt=\"Mercados y plataformas admitidas\">Nuestras rese\u00f1as proporcionan informaci\u00f3n detallada sobre el forex y otros mercados cubiertos por los br\u00f3kers minoristas en nuestros sitios web. El coste de operar, los pares de divisas admitidos y las formas de operar con varios instrumentos son puntos que nos aseguramos de cubrir en todas nuestras rese\u00f1as. Las plataformas de operaciones soportadas como <a href=\"https:\/\/www.bestbrokers.com\/es\/forex-brokers\/metatrader-4-forex-brokers\/\">MT4<\/a>, <a href=\"https:\/\/www.bestbrokers.com\/es\/forex-brokers\/metatrader-5-forex-brokers\/\">MT5<\/a>, <a href=\"https:\/\/www.bestbrokers.com\/es\/forex-brokers\/ctrader-forex-brokers\/\">cTrader<\/a> y m\u00e1s, son tambi\u00e9n algunos de los temas clave en los que nos centramos, informando a nuestros lectores sobre qu\u00e9 plataformas pueden acceder durante su sesi\u00f3n de forex con un br\u00f3ker.<\/p>\n<hr style=\"height:2px;border-width:0;color:#dee2e6;background-color:#dee2e6;clear: both\">\n<h3 style=\"text-align: center\">M\u00e9todos de pago disponibles<\/h3>\n<p><img decoding=\"async\" src=\"https:\/\/www.bestbrokers.com\/wp-content\/uploads\/2021\/11\/a-store-of-wealth.svg\" class=\"alignleft\" width=\"80\" alt=\"M\u00e9todos de pago disponibles\">Dado que la financiaci\u00f3n es un proceso clave de tu experiencia, tambi\u00e9n proporcionamos detalles sobre las diversas soluciones de pago disponibles en cada br\u00f3ker de forex que hemos revisado. Es importante tener en cuenta que algunas opciones que hemos enumerado pueden no estar disponibles para ti debido a restricciones del pa\u00eds. Dicho esto, nos aseguramos de proporcionar los l\u00edmites m\u00ednimos de dep\u00f3sito y retiro, las tarifas vinculadas a los pagos y las restricciones que vienen con ciertos m\u00e9todos bancarios.<\/p>\n<hr style=\"height:2px;border-width:0;color:#dee2e6;background-color:#dee2e6;clear: both\">\n<h3 style=\"text-align: center\">Rese\u00f1as de clientes<\/h3>\n<p><img decoding=\"async\" src=\"https:\/\/www.bestbrokers.com\/wp-content\/uploads\/2021\/07\/sentiment.svg\" class=\"alignleft\" width=\"80\" alt=\"Rese\u00f1as de Clientes\">Dado que nuestro equipo realmente valora las opiniones de nuestros lectores, nos aseguramos de clasificar a los br\u00f3kers en funci\u00f3n de los comentarios de traders reales. Tambi\u00e9n nos esforzamos por mantenerte al d\u00eda con la puntuaci\u00f3n actual de Trustpilot de cada br\u00f3ker de forex, asegur\u00e1ndonos de actualizar las calificaciones de todas las empresas que hemos revisado regularmente.<\/p>\n<p>Si deseas dejarnos tus comentarios sobre cualquier br\u00f3ker revisado en nuestro sitio web, puedes contactar a nuestro equipo de soporte dedicado. Si tienes alguna queja sobre un br\u00f3ker o el regulador oficial que supervisa las actividades financieras en tu pa\u00eds de residencia, puedes dirigirte al sitio web oficial del regulador y presentar una queja. Para los traders del Reino Unido, existe el <a href=\"https:\/\/www.fca.org.uk\/consumers\/how-complain\" rel=\"noopener nofollow\" target=\"_blank\">sitio web oficial de la FCA<\/a> que proporciona informaci\u00f3n detallada sobre c\u00f3mo presentar quejas. Tambi\u00e9n puedes reportar conducta indebida a ASIC <a href=\"https:\/\/asic.gov.au\/about-asic\/contact-us\/reporting-misconduct-to-asic\/\" rel=\"noopener nofollow\" target=\"_blank\">aqu\u00ed<\/a>, o <a href=\"https:\/\/www.cysec.gov.cy\/en-GB\/investor-protection\/how-to-complain\/\" rel=\"noopener nofollow\" target=\"_blank\">presentar una queja a CySEC<\/a> si este es el organismo regulador dentro de tu regi\u00f3n.<\/p>\n","protected":false},"excerpt":{"rendered":"<p>Encuentra los mejores br\u00f3kers para invertir tu dinero Nuestras rese\u00f1as cubren la informaci\u00f3n m\u00e1s importante de cada br\u00f3ker, incluyendo spreads, m\u00e9todos de pago y regulaci\u00f3n. Todas las rese\u00f1as est\u00e1n escritas por traders profesionales y tienen como objetivo proporcionar informaci\u00f3n tanto para traders principiantes como avanzados. Factores clave que revisamos de los br\u00f3kers Nuestro equipo de [&hellip;]<\/p>\n","protected":false},"author":2,"featured_media":0,"parent":0,"menu_order":0,"comment_status":"closed","ping_status":"closed","template":"templates\/full-width.php","meta":{"footnotes":""},"class_list":["post-11079","page","type-page","status-publish","hentry"],"aioseo_notices":[],"_links":{"self":[{"href":"https:\/\/www.bestbrokers.com\/es\/wp-json\/wp\/v2\/pages\/11079","targetHints":{"allow":["GET"]}}],"collection":[{"href":"https:\/\/www.bestbrokers.com\/es\/wp-json\/wp\/v2\/pages"}],"about":[{"href":"https:\/\/www.bestbrokers.com\/es\/wp-json\/wp\/v2\/types\/page"}],"author":[{"embeddable":true,"href":"https:\/\/www.bestbrokers.com\/es\/wp-json\/wp\/v2\/users\/2"}],"replies":[{"embeddable":true,"href":"https:\/\/www.bestbrokers.com\/es\/wp-json\/wp\/v2\/comments?post=11079"}],"version-history":[{"count":6,"href":"https:\/\/www.bestbrokers.com\/es\/wp-json\/wp\/v2\/pages\/11079\/revisions"}],"predecessor-version":[{"id":17130,"href":"https:\/\/www.bestbrokers.com\/es\/wp-json\/wp\/v2\/pages\/11079\/revisions\/17130"}],"wp:attachment":[{"href":"https:\/\/www.bestbrokers.com\/es\/wp-json\/wp\/v2\/media?parent=11079"}],"curies":[{"name":"wp","href":"https:\/\/api.w.org\/{rel}","templated":true}]}}