{"id":17144,"date":"2024-10-01T09:23:19","date_gmt":"2024-10-01T09:23:19","guid":{"rendered":"https:\/\/www.bestbrokers.com\/?page_id=17144"},"modified":"2026-03-11T13:30:41","modified_gmt":"2026-03-11T13:30:41","slug":"raimon-moreno","status":"publish","type":"page","link":"https:\/\/www.bestbrokers.com\/es\/authors\/raimon-moreno\/","title":{"rendered":"Raimon Moreno"},"content":{"rendered":"<p><img decoding=\"async\" src=\"https:\/\/www.bestbrokers.com\/wp-content\/uploads\/2024\/10\/raimon-moreno-150x150.jpg\" alt=\"Raimon Moreno - Autor en BestBrokers.com\" width=\"150\" height=\"150\" class=\"alignleft size-thumbnail wp-image-17155\" srcset=\"https:\/\/www.bestbrokers.com\/wp-content\/uploads\/2024\/10\/raimon-moreno-150x150.jpg 150w, https:\/\/www.bestbrokers.com\/wp-content\/uploads\/2024\/10\/raimon-moreno-300x300.jpg 300w, https:\/\/www.bestbrokers.com\/wp-content\/uploads\/2024\/10\/raimon-moreno.jpg 480w\" sizes=\"(max-width: 150px) 100vw, 150px\" \/><strong>Raimon Moreno<\/strong> es un redactor experimentado de contenido financiero que tradujo y edit\u00f3 la versi\u00f3n en espa\u00f1ol de BestBrokers.com. Raimon tiene una maestr\u00eda de la Universitat de Barcelona.<\/p>\n<p><a target=\"_blank\" href=\"https:\/\/www.linkedin.com\/in\/raimon-moreno-ruiz-carrillo\/\" rel=\"noopener\"><img decoding=\"async\" width=\"25\" src=\"\/wp-content\/themes\/best-brokers\/assets\/images\/icon-linkedin.svg\" \/><\/a><\/p>\n","protected":false},"excerpt":{"rendered":"<p>Raimon Moreno es un redactor experimentado de contenido financiero que tradujo y edit\u00f3 la versi\u00f3n en espa\u00f1ol de BestBrokers.com. Raimon tiene una maestr\u00eda de la Universitat de Barcelona.<\/p>\n","protected":false},"author":1,"featured_media":17162,"parent":10925,"menu_order":0,"comment_status":"closed","ping_status":"closed","template":"templates\/full-width.php","meta":{"footnotes":""},"class_list":["post-17144","page","type-page","status-publish","has-post-thumbnail","hentry"],"aioseo_notices":[],"_links":{"self":[{"href":"https:\/\/www.bestbrokers.com\/es\/wp-json\/wp\/v2\/pages\/17144","targetHints":{"allow":["GET"]}}],"collection":[{"href":"https:\/\/www.bestbrokers.com\/es\/wp-json\/wp\/v2\/pages"}],"about":[{"href":"https:\/\/www.bestbrokers.com\/es\/wp-json\/wp\/v2\/types\/page"}],"author":[{"embeddable":true,"href":"https:\/\/www.bestbrokers.com\/es\/wp-json\/wp\/v2\/users\/1"}],"replies":[{"embeddable":true,"href":"https:\/\/www.bestbrokers.com\/es\/wp-json\/wp\/v2\/comments?post=17144"}],"version-history":[{"count":4,"href":"https:\/\/www.bestbrokers.com\/es\/wp-json\/wp\/v2\/pages\/17144\/revisions"}],"predecessor-version":[{"id":82708,"href":"https:\/\/www.bestbrokers.com\/es\/wp-json\/wp\/v2\/pages\/17144\/revisions\/82708"}],"up":[{"embeddable":true,"href":"https:\/\/www.bestbrokers.com\/es\/wp-json\/wp\/v2\/pages\/10925"}],"wp:featuredmedia":[{"embeddable":true,"href":"https:\/\/www.bestbrokers.com\/es\/wp-json\/wp\/v2\/media\/17162"}],"wp:attachment":[{"href":"https:\/\/www.bestbrokers.com\/es\/wp-json\/wp\/v2\/media?parent=17144"}],"curies":[{"name":"wp","href":"https:\/\/api.w.org\/{rel}","templated":true}]}}