{"id":17174,"date":"2024-10-01T09:26:07","date_gmt":"2024-10-01T09:26:07","guid":{"rendered":"https:\/\/www.bestbrokers.com\/?page_id=17174"},"modified":"2026-03-11T13:30:48","modified_gmt":"2026-03-11T13:30:48","slug":"estrella-fernandez","status":"publish","type":"page","link":"https:\/\/www.bestbrokers.com\/es\/authors\/estrella-fernandez\/","title":{"rendered":"Estrella Fernandez"},"content":{"rendered":"<p><img decoding=\"async\" src=\"https:\/\/www.bestbrokers.com\/wp-content\/uploads\/2024\/10\/Estrella-Fernandez-150x150.jpeg\" alt=\"Estrella Fernandez - Autora en BestBrokers.com\" width=\"150\" height=\"150\" class=\"alignleft size-thumbnail wp-image-17170\" srcset=\"https:\/\/www.bestbrokers.com\/wp-content\/uploads\/2024\/10\/Estrella-Fernandez-150x150.jpeg 150w, https:\/\/www.bestbrokers.com\/wp-content\/uploads\/2024\/10\/Estrella-Fernandez.jpeg 200w\" sizes=\"(max-width: 150px) 100vw, 150px\" \/><strong>Estrella Fernandez<\/strong> edita y revista contenidos financieros para blogs y websites y hace traducciones de franc\u00e9s e ingl\u00e9s a espa\u00f1ol.<\/p>\n<p><a target=\"_blank\" href=\"https:\/\/www.linkedin.com\/in\/estrella-fern%C3%A1ndez-gordillo-a54ab483\/?originalSubdomain=es\" rel=\"noopener\"><img decoding=\"async\" width=\"25\" src=\"\/wp-content\/themes\/best-brokers\/assets\/images\/icon-linkedin.svg\" \/><\/a><\/p>\n","protected":false},"excerpt":{"rendered":"<p>Estrella Fernandez edita y revista contenidos financieros para blogs y websites y hace traducciones de franc\u00e9s e ingl\u00e9s a espa\u00f1ol.<\/p>\n","protected":false},"author":1,"featured_media":17170,"parent":10925,"menu_order":0,"comment_status":"closed","ping_status":"closed","template":"templates\/full-width.php","meta":{"footnotes":""},"class_list":["post-17174","page","type-page","status-publish","has-post-thumbnail","hentry"],"aioseo_notices":[],"_links":{"self":[{"href":"https:\/\/www.bestbrokers.com\/es\/wp-json\/wp\/v2\/pages\/17174","targetHints":{"allow":["GET"]}}],"collection":[{"href":"https:\/\/www.bestbrokers.com\/es\/wp-json\/wp\/v2\/pages"}],"about":[{"href":"https:\/\/www.bestbrokers.com\/es\/wp-json\/wp\/v2\/types\/page"}],"author":[{"embeddable":true,"href":"https:\/\/www.bestbrokers.com\/es\/wp-json\/wp\/v2\/users\/1"}],"replies":[{"embeddable":true,"href":"https:\/\/www.bestbrokers.com\/es\/wp-json\/wp\/v2\/comments?post=17174"}],"version-history":[{"count":5,"href":"https:\/\/www.bestbrokers.com\/es\/wp-json\/wp\/v2\/pages\/17174\/revisions"}],"predecessor-version":[{"id":82709,"href":"https:\/\/www.bestbrokers.com\/es\/wp-json\/wp\/v2\/pages\/17174\/revisions\/82709"}],"up":[{"embeddable":true,"href":"https:\/\/www.bestbrokers.com\/es\/wp-json\/wp\/v2\/pages\/10925"}],"wp:featuredmedia":[{"embeddable":true,"href":"https:\/\/www.bestbrokers.com\/es\/wp-json\/wp\/v2\/media\/17170"}],"wp:attachment":[{"href":"https:\/\/www.bestbrokers.com\/es\/wp-json\/wp\/v2\/media?parent=17174"}],"curies":[{"name":"wp","href":"https:\/\/api.w.org\/{rel}","templated":true}]}}