{"id":59699,"date":"2025-03-19T09:40:54","date_gmt":"2025-03-19T09:40:54","guid":{"rendered":"https:\/\/www.bestbrokers.com\/?page_id=59699"},"modified":"2025-10-21T14:23:41","modified_gmt":"2025-10-21T14:23:41","slug":"account-opening","status":"publish","type":"page","link":"https:\/\/www.bestbrokers.com\/es\/reviews\/avatrade\/account-opening\/","title":{"rendered":"C\u00f3mo abrir una cuenta en AvaTrade"},"content":{"rendered":"<div class=\"author-line\">Escrito por <span class=\"author\">Zornitsa Stefanova<div class=\"author-sub-box\"><div class=\"author-avatar\"><img decoding=\"async\" src=\"https:\/\/www.bestbrokers.com\/wp-content\/uploads\/2024\/09\/zornica-stefanova.jpeg\" \/><\/div><div class=\"author-info-wrapper\"><div class=\"author-name\"><a href=\"https:\/\/www.bestbrokers.com\/es\/authors\/zornitsa-stefanova\/\">Zornitsa Stefanova<\/a><\/div><div class=\"author-bio\">Zornitsa Stefanova es una analista con amplia experiencia en el mercado de divisas y criptomonedas. Tambi\u00e9n es especialista en temas financieros, como el trading de acciones y las inversiones para la jubilaci\u00f3n.<\/div><\/div><\/div><\/span>,  <a rel=\"nofollow\" target=\"_blank\" href=\"https:\/\/www.linkedin.com\/in\/zornica-stefanova-73ab39287\/\"><img decoding=\"async\" class=\"social-icon\" src=\"https:\/\/www.bestbrokers.com\/wp-content\/themes\/best-brokers\/assets\/images\/icon-linkedin.svg\" data-no-lazy=\"1\"><\/a> <span class=\"sep\">|<\/span> Traducido por <span class=\"author\">Estrella Fernandez<div class=\"author-sub-box\"><div class=\"author-avatar\"><img decoding=\"async\" src=\"https:\/\/www.bestbrokers.com\/wp-content\/uploads\/2024\/10\/Estrella-Fernandez.jpeg\" \/><\/div><div class=\"author-info-wrapper\"><div class=\"author-name\"><a href=\"https:\/\/www.bestbrokers.com\/es\/authors\/estrella-fernandez\/\">Estrella Fernandez<\/a><\/div><div class=\"author-bio\">Estrella Fernandez edita y revista contenidos financieros para blogs y websites y hace traducciones de franc\u00e9s e ingl\u00e9s a espa\u00f1ol.<\/div><\/div><\/div><\/span>, <a rel=\"nofollow\" target=\"_blank\" href=\"https:\/\/www.linkedin.com\/in\/estrella-fern%C3%A1ndez-gordillo-a54ab483\/?originalSubdomain=es\"><img decoding=\"async\" class=\"social-icon\" src=\"https:\/\/www.bestbrokers.com\/wp-content\/themes\/best-brokers\/assets\/images\/icon-linkedin.svg\" data-no-lazy=\"1\"><\/a> <span class=\"sep\">|<\/span> Actualizado: <time class=\"entry-date\" datetime=\"2025-10-21T14:23:41+00:00\">octubre 21, 2025<\/time><\/div>\n<h2 id=\"brief\"><i class=\"ico ico--assets\"><\/i>Tipos de cuenta de AvaTrade, en s\u00edntesis<\/h2>\n<p>Los clientes europeos registrados en la entidad de AvaTrade, regulada por CySEC, disfrutar\u00e1n de una cuenta Est\u00e1ndar que permite operar en forex con CFDs sin comisiones. Los spreads m\u00ednimos para este tipo de cuenta parten de 0,8 pips y variar\u00e1n en funci\u00f3n de los pares de divisas que se operen. El tama\u00f1o m\u00ednimo de operaci\u00f3n es de 0,01 lotes, equivalente a 1.000 unidades de divisa. Los nuevos clientes podr\u00e1n vincular a MT4 o MT5 sus cuentas minoristas reci\u00e9n registradas.<\/p>\n<p>Abrir una cuenta Profesional es otra opci\u00f3n para los clientes de CySEC siempre que cumplan los criterios de elegibilidad. Estos incluyen actividad de trading suficiente durante el \u00faltimo a\u00f1o, experiencia relevante en finanzas y un patrimonio financiero superior a 500.000 \u20ac. Las cuentas profesionales ofrecen spreads m\u00e1s bajos a partir de 0,6 pips en los pares principales y un apalancamiento m\u00e1ximo de 1:400. Este tipo de cuenta est\u00e1 restringido a clientes residentes en pa\u00edses concretos, entre ellos Suecia, Alemania, Espa\u00f1a, Bulgaria, Francia, Italia, Portugal, Polonia, Dinamarca y el Reino Unido. Los operadores con experiencia tambi\u00e9n podr\u00e1n abrir una cuenta AvaOptions.<\/p>\n<p>Por otra parte, los clientes que no puedan pagar ni recibir intereses por motivos religiosos podr\u00e1n solicitar cuentas isl\u00e1micas que permiten operar sin swaps en forex, oro, plata e \u00edndices. Las posiciones apalancadas pueden permanecer abiertas hasta cinco d\u00edas sin incurrir en cargos nocturnos (swaps). AvaTrade ofrece cuentas de apuestas sobre spreads (spread betting), disponibles para clientes residentes en el Reino Unido e Irlanda bajo la regulaci\u00f3n de la FCA. La cuenta demo ilimitada permite a los traders probar la plataforma WebTrader propietaria del br\u00f3ker, MT4, MT5, y de la aplicaci\u00f3n AvaTrade, sin arriesgar fondos reales.<\/p>\n\n\t\t\t\t<div class=\"table\">\n\t\t\t\t\t<table class=\"table table-striped table-bordered\">\n\t\t\t\t\t\t<tr>\n\t\t\t\t\t\t\t<td style=\"width: 250px;\"><strong>Cuenta demo<\/strong><\/td>\n\t\t\t\t\t\t\t<td><img decoding=\"async\" width=\"24\" height=\"24\" src=\"\/wp-content\/themes\/best-brokers\/assets\/images\/ico-check.svg\" alt=\"Available\" \/><\/td>\n\t\t\t\t\t\t<\/tr>\n\t\t\t\t\t\t<tr>\n\t\t\t\t\t\t\t<td><strong>Islamic Account<\/strong><\/td>\n\t\t\t\t\t\t\t<td><img decoding=\"async\" width=\"24\" height=\"24\" src=\"\/wp-content\/themes\/best-brokers\/assets\/images\/ico-check.svg\" alt=\"Available\" \/><\/td>\n\t\t\t\t\t\t<\/tr>\n\t\t\t\t\t\t<tr>\n\t\t\t\t\t\t\t<td><strong>Cuenta ECN<\/strong><\/td>\n\t\t\t\t\t\t\t<td><img decoding=\"async\" width=\"24\" height=\"24\" src=\"\/wp-content\/themes\/best-brokers\/assets\/images\/ico-xmark.svg\" alt=\"Not Available\" \/><\/td>\n\t\t\t\t\t\t<\/tr>\n\t\t\t\t\t\t<tr>\n\t\t\t\t\t\t\t<td><strong>Cuenta Pro<\/strong><\/td>\n\t\t\t\t\t\t\t<td><img decoding=\"async\" width=\"24\" height=\"24\" src=\"\/wp-content\/themes\/best-brokers\/assets\/images\/ico-check.svg\" alt=\"Available\" \/><\/td>\n\t\t\t\t\t\t<\/tr>\n\t\t\t\t\t\t<tr>\n\t\t\t\t\t\t\t<td><strong>MAM Account<\/strong><\/td>\n\t\t\t\t\t\t\t<td><img decoding=\"async\" width=\"24\" height=\"24\" src=\"\/wp-content\/themes\/best-brokers\/assets\/images\/ico-check.svg\" alt=\"Available\" \/><\/td>\n\t\t\t\t\t\t<\/tr>\n\t\t\t\t\t<\/table>\n\t\t\t\t<\/div>\n\t\t\t\n<h2 id=\"deposit\"><i class=\"ico ico--money-supply\"><\/i>Requisitos de dep\u00f3sito m\u00ednimo en AvaTrade<\/h2>\n<p>El dep\u00f3sito m\u00ednimo en AvaTrade es de 100 \u20ac o su equivalente en otra divisa base admitida, como GBP, USD o AUD. Teniendo esto en cuenta, el br\u00f3ker recomienda a los nuevos clientes depositar al menos 1.000 \u20ac para operar con eficacia. Los traders principiantes podr\u00e1n recargar su saldo real con tarjetas de cr\u00e9dito\/d\u00e9bito y transferencias bancarias.<\/p>\n<p>Las carteras electr\u00f3nicas como Neteller, WebMoney y Skrill est\u00e1n habilitadas para clientes de determinados pa\u00edses. AvaTrade cobra una comisi\u00f3n de 50 \u20ac por inactividad tras tres meses consecutivos sin uso. Las cuentas inactivas durante 12 meses consecutivos acumulan un cargo administrativo adicional de 100 \u20ac.<\/p>\n<h2 id=\"what\"><i class=\"ico ico--question\"><\/i>\u00bfQu\u00e9 mercados se pueden negociar en AvaTrade?<\/h2>\n<p>Los clientes de AvaTrade pueden operar en m\u00e1s de 1.200 mercados financieros, incluidos m\u00e1s de 50 pares de divisas, \u00edndices, materias primas, acciones, criptomonedas y opciones. Todos los costes de trading est\u00e1n incluidos en los spreads, que parten de 0,8 pips para los clientes minoristas. La gama de plataformas de trading admitidas incluye MetaTrader 4, MetaTrader 5, DupliTrade, WebTrader y AvaOptions. Las dos \u00faltimas son propias. AvaSocial, tambi\u00e9n propia, permite el copy trading.<\/p>\n<h2 id=\"steps\"><i class=\"ico ico--account\"><\/i>Registro paso a paso en AvaTrade: aproximadamente 20 minutos en total<\/h2>\n<ol class=\"list list--steps\">\n<li>Entra en la p\u00e1gina www.avatrade.com y haz clic o toca el bot\u00f3n naranja \u00abRegister now\u00bb en la esquina superior derecha de la pantalla.<img decoding=\"async\" class=\"aligncenter\" src=\"https:\/\/www.bestbrokers.com\/wp-content\/uploads\/2024\/08\/account-opening-img-1.webp\" alt=\"Registration Steps\" width=\"900\" \/><\/li>\n<li>Introduce una direcci\u00f3n de correo electr\u00f3nico v\u00e1lida a tu nombre, elige una contrase\u00f1a s\u00f3lida y selecciona tu pa\u00eds en el men\u00fa desplegable.<img decoding=\"async\" class=\"aligncenter\" src=\"https:\/\/www.bestbrokers.com\/wp-content\/uploads\/2024\/08\/account-opening-img-2.webp\" alt=\"Registration Steps\" width=\"900\" \/><\/li>\n<li>Escribe tus datos personales en el formulario de registro: nombre, apellidos, fecha de nacimiento, direcci\u00f3n, ciudad y c\u00f3digo postal. Facilita un n\u00famero de m\u00f3vil v\u00e1lido y contin\u00faa al siguiente paso.<img decoding=\"async\" class=\"aligncenter\" src=\"https:\/\/www.bestbrokers.com\/wp-content\/uploads\/2024\/08\/account-opening-img-3.webp\" alt=\"Registration Steps\" width=\"900\" \/><\/li>\n<li>En este paso deber\u00e1s facilitar informaci\u00f3n financiera como, por ejemplo, tu ocupaci\u00f3n principal, situaci\u00f3n laboral, origen de los fondos, ingresos anuales, inversiones y ahorros. Tambi\u00e9n deber\u00e1s indicar el nivel de riesgo que est\u00e1s dispuesto a asumir. Esta informaci\u00f3n servir\u00e1 para que AvaTrade determine si eres apto para operar con derivados.<img decoding=\"async\" class=\"aligncenter\" src=\"https:\/\/www.bestbrokers.com\/wp-content\/uploads\/2024\/08\/account-opening-img-4.webp\" alt=\"Registration Steps\" width=\"900\" \/><\/li>\n<li>AvaTrade tambi\u00e9n evaluar\u00e1 tu experiencia y conocimientos mediante un breve cuestionario sobre trading con apalancamiento.<img decoding=\"async\" class=\"aligncenter\" src=\"https:\/\/www.bestbrokers.com\/wp-content\/uploads\/2024\/08\/account-opening-img-5.webp\" alt=\"Registration Steps\" width=\"900\" \/><\/li>\n<li>Acepta los t\u00e9rminos y condiciones y confirma que no eres residente fiscal de Estados Unidos. Tambi\u00e9n podr\u00e1s optar por recibir actualizaciones de la cuenta v\u00eda WhatsApp.<img decoding=\"async\" class=\"aligncenter\" src=\"https:\/\/www.bestbrokers.com\/wp-content\/uploads\/2024\/08\/account-opening-img-6.webp\" alt=\"Registration Steps\" width=\"900\" \/><\/li>\n<li>AvaTrade evaluar\u00e1 tu solicitud a partir de tu informaci\u00f3n financiera y los resultados del cuestionario. Una vez aprobada, podr\u00e1 iniciar sesi\u00f3n en tu nueva cuenta para verificar tu identidad y domicilio.<img decoding=\"async\" class=\"aligncenter\" src=\"https:\/\/www.bestbrokers.com\/wp-content\/uploads\/2024\/08\/account-opening-img-7.webp\" alt=\"Registration Steps\" width=\"900\" \/><\/li>\n<li><strong>Verificaci\u00f3n KYC de las cuentas de AvaTrade: entre 5 y 10 minutos<\/strong>Deber\u00e1s cargar los documentos solicitados antes de poder depositar fondos y abrir \u00f3rdenes.<img decoding=\"async\" class=\"aligncenter\" src=\"https:\/\/www.bestbrokers.com\/wp-content\/uploads\/2024\/08\/account-opening-img-8.webp\" alt=\"Registration Steps\" width=\"900\" \/>Empieza por subir un documento de identidad. Puede ser tu DNI, pasaporte o permiso de conducir. Sea cual sea el que elijas, aseg\u00farate de enviar copias legibles de ambas caras.<img decoding=\"async\" class=\"aligncenter\" src=\"https:\/\/www.bestbrokers.com\/wp-content\/uploads\/2024\/08\/account-opening-img-9.webp\" alt=\"Registration Steps\" width=\"900\" \/><\/li>\n<li>Facilita una copia de una factura de servicios reciente para que AvaTrade confirme que tu domicilio actual coincide con el indicado en el formulario de registro.<img decoding=\"async\" class=\"aligncenter\" src=\"https:\/\/www.bestbrokers.com\/wp-content\/uploads\/2024\/08\/account-opening-img-10.webp\" alt=\"Registration Steps\" width=\"900\" \/><\/li>\n<li>Marca la casilla para confirmar que tu nacionalidad coincide con tu pa\u00eds de residencia. De no ser as\u00ed, indica tu nacionalidad. Por \u00faltimo, especifica si pagas impuestos en tu pa\u00eds de residencia y facilita tu n\u00famero de identificaci\u00f3n fiscal (NIF). En algunos pa\u00edses de la UE, como Bulgaria, ser\u00e1 el n\u00famero de ciudadano \u00fanico (UCN) incluido en los documentos de identidad. Haz clic en \u00abSubmit\u00bb y espera a que AvaTrade complete la verificaci\u00f3n.<img decoding=\"async\" class=\"aligncenter\" src=\"https:\/\/www.bestbrokers.com\/wp-content\/uploads\/2024\/08\/account-opening-img-11.webp\" alt=\"Registration Steps\" width=\"900\" \/><\/li>\n<\/ol>\n<h2 id=\"conclusion\"><i class=\"ico ico--pen\"><\/i>Conclusi\u00f3n<\/h2>\n<p>Todo el proceso de registro en AvaTrade no lleva m\u00e1s de 20 minutos, siempre que tengas a mano todos los documentos pertinentes. El cuestionario sobre conocimientos y situaci\u00f3n financiera resulta f\u00e1cil de superar si posees experiencia previa en trading de derivados. Ten en cuenta que el br\u00f3ker puede tardar hasta un d\u00eda h\u00e1bil en evaluar tu solicitud y documentos cuando existe una carga de trabajo elevada. Cabe destacar que AvaTrade no acepta registros de jurisdicciones como Estados Unidos, Rusia, Nueva Zelanda, L\u00edbano y Cuba.<\/p>\n","protected":false},"excerpt":{"rendered":"<p>Tipos de cuenta de AvaTrade, en s\u00edntesis Los clientes europeos registrados en la entidad de AvaTrade, regulada por CySEC, disfrutar\u00e1n de una cuenta Est\u00e1ndar que permite operar en forex con CFDs sin comisiones. Los spreads m\u00ednimos para este tipo de cuenta parten de 0,8 pips y variar\u00e1n en funci\u00f3n de los pares de divisas que [&hellip;]<\/p>\n","protected":false},"author":3,"featured_media":0,"parent":10883,"menu_order":0,"comment_status":"closed","ping_status":"closed","template":"templates\/review.php","meta":{"footnotes":""},"class_list":["post-59699","page","type-page","status-publish","hentry"],"aioseo_notices":[],"_links":{"self":[{"href":"https:\/\/www.bestbrokers.com\/es\/wp-json\/wp\/v2\/pages\/59699","targetHints":{"allow":["GET"]}}],"collection":[{"href":"https:\/\/www.bestbrokers.com\/es\/wp-json\/wp\/v2\/pages"}],"about":[{"href":"https:\/\/www.bestbrokers.com\/es\/wp-json\/wp\/v2\/types\/page"}],"author":[{"embeddable":true,"href":"https:\/\/www.bestbrokers.com\/es\/wp-json\/wp\/v2\/users\/3"}],"replies":[{"embeddable":true,"href":"https:\/\/www.bestbrokers.com\/es\/wp-json\/wp\/v2\/comments?post=59699"}],"version-history":[{"count":10,"href":"https:\/\/www.bestbrokers.com\/es\/wp-json\/wp\/v2\/pages\/59699\/revisions"}],"predecessor-version":[{"id":71304,"href":"https:\/\/www.bestbrokers.com\/es\/wp-json\/wp\/v2\/pages\/59699\/revisions\/71304"}],"up":[{"embeddable":true,"href":"https:\/\/www.bestbrokers.com\/es\/wp-json\/wp\/v2\/pages\/10883"}],"wp:attachment":[{"href":"https:\/\/www.bestbrokers.com\/es\/wp-json\/wp\/v2\/media?parent=59699"}],"curies":[{"name":"wp","href":"https:\/\/api.w.org\/{rel}","templated":true}]}}