{"id":59700,"date":"2025-03-19T09:40:54","date_gmt":"2025-03-19T09:40:54","guid":{"rendered":"https:\/\/www.bestbrokers.com\/?page_id=59700"},"modified":"2025-10-21T14:23:48","modified_gmt":"2025-10-21T14:23:48","slug":"account-opening","status":"publish","type":"page","link":"https:\/\/www.bestbrokers.com\/es\/reviews\/fusion-markets\/account-opening\/","title":{"rendered":"C\u00f3mo abrir una cuenta en Fusion Markets"},"content":{"rendered":"<div class=\"author-line\">Escrito por <span class=\"author\">Zornitsa Stefanova<div class=\"author-sub-box\"><div class=\"author-avatar\"><img decoding=\"async\" src=\"https:\/\/www.bestbrokers.com\/wp-content\/uploads\/2024\/09\/zornica-stefanova.jpeg\" \/><\/div><div class=\"author-info-wrapper\"><div class=\"author-name\"><a href=\"https:\/\/www.bestbrokers.com\/es\/authors\/zornitsa-stefanova\/\">Zornitsa Stefanova<\/a><\/div><div class=\"author-bio\">Zornitsa Stefanova es una analista con amplia experiencia en el mercado de divisas y criptomonedas. Tambi\u00e9n es especialista en temas financieros, como el trading de acciones y las inversiones para la jubilaci\u00f3n.<\/div><\/div><\/div><\/span>,  <a rel=\"nofollow\" target=\"_blank\" href=\"https:\/\/www.linkedin.com\/in\/zornica-stefanova-73ab39287\/\"><img decoding=\"async\" class=\"social-icon\" src=\"https:\/\/www.bestbrokers.com\/wp-content\/themes\/best-brokers\/assets\/images\/icon-linkedin.svg\" data-no-lazy=\"1\"><\/a> <span class=\"sep\">|<\/span> Traducido por <span class=\"author\">Estrella Fernandez<div class=\"author-sub-box\"><div class=\"author-avatar\"><img decoding=\"async\" src=\"https:\/\/www.bestbrokers.com\/wp-content\/uploads\/2024\/10\/Estrella-Fernandez.jpeg\" \/><\/div><div class=\"author-info-wrapper\"><div class=\"author-name\"><a href=\"https:\/\/www.bestbrokers.com\/es\/authors\/estrella-fernandez\/\">Estrella Fernandez<\/a><\/div><div class=\"author-bio\">Estrella Fernandez edita y revista contenidos financieros para blogs y websites y hace traducciones de franc\u00e9s e ingl\u00e9s a espa\u00f1ol.<\/div><\/div><\/div><\/span>, <a rel=\"nofollow\" target=\"_blank\" href=\"https:\/\/www.linkedin.com\/in\/estrella-fern%C3%A1ndez-gordillo-a54ab483\/?originalSubdomain=es\"><img decoding=\"async\" class=\"social-icon\" src=\"https:\/\/www.bestbrokers.com\/wp-content\/themes\/best-brokers\/assets\/images\/icon-linkedin.svg\" data-no-lazy=\"1\"><\/a> <span class=\"sep\">|<\/span> Actualizado: <time class=\"entry-date\" datetime=\"2025-10-21T14:23:48+00:00\">octubre 21, 2025<\/time><\/div>\n<h2 id=\"brief\"><i class=\"ico ico--assets\"><\/i>Tipos de cuenta de Fusion Markets, en s\u00edntesis<\/h2>\n<p>Fusion Markets ofrece dos tipos principales de cuenta: Zero y Classic, que permiten a los clientes operar sin swaps o con condiciones de trading profesional. Las cuentas Zero ofrecen spreads ultrabajos, desde 0,0 pips, y comisiones de 2,25 USD por tramo. Las cuentas Classic permiten operar sin comisiones, aunque esto se traduce en spreads m\u00e1s altos con un recargo de 0,9 pips.<\/p>\n<p>Las cuentas libres de swap permiten operar en m\u00e1s de 50 mercados financieros. No aplican comisiones y ofrecen spreads en EUR\/USD desde 1,4 pips. Sin embargo, se aplica una comisi\u00f3n administrativa cada siete d\u00edas. El tama\u00f1o m\u00ednimo de operaci\u00f3n es de 0,01 lotes en todas las cuentas minoristas. Las cuentas profesionales est\u00e1n a disposici\u00f3n de los clientes australianos que cumplan determinados criterios de elegibilidad. Tambi\u00e9n se ofrecen soluciones de trading PAMM y MAM.<\/p>\n<p>Sigue leyendo nuestra gu\u00eda detallada sobre c\u00f3mo abrir tu cuenta en Fusion Markets y empezar a operar a bajo coste de inmediato.<\/p>\n\n\t\t\t\t<div class=\"table\">\n\t\t\t\t\t<table class=\"table table-striped table-bordered\">\n\t\t\t\t\t\t<tr>\n\t\t\t\t\t\t\t<td style=\"width: 250px;\"><strong>Cuenta demo<\/strong><\/td>\n\t\t\t\t\t\t\t<td><img decoding=\"async\" width=\"24\" height=\"24\" src=\"\/wp-content\/themes\/best-brokers\/assets\/images\/ico-check.svg\" alt=\"Available\" \/><\/td>\n\t\t\t\t\t\t<\/tr>\n\t\t\t\t\t\t<tr>\n\t\t\t\t\t\t\t<td><strong>Islamic Account<\/strong><\/td>\n\t\t\t\t\t\t\t<td><img decoding=\"async\" width=\"24\" height=\"24\" src=\"\/wp-content\/themes\/best-brokers\/assets\/images\/ico-check.svg\" alt=\"Available\" \/><\/td>\n\t\t\t\t\t\t<\/tr>\n\t\t\t\t\t\t<tr>\n\t\t\t\t\t\t\t<td><strong>Cuenta ECN<\/strong><\/td>\n\t\t\t\t\t\t\t<td><img decoding=\"async\" width=\"24\" height=\"24\" src=\"\/wp-content\/themes\/best-brokers\/assets\/images\/ico-check.svg\" alt=\"Available\" \/><\/td>\n\t\t\t\t\t\t<\/tr>\n\t\t\t\t\t\t<tr>\n\t\t\t\t\t\t\t<td><strong>Cuenta Pro<\/strong><\/td>\n\t\t\t\t\t\t\t<td><img decoding=\"async\" width=\"24\" height=\"24\" src=\"\/wp-content\/themes\/best-brokers\/assets\/images\/ico-check.svg\" alt=\"Available\" \/><\/td>\n\t\t\t\t\t\t<\/tr>\n\t\t\t\t\t\t<tr>\n\t\t\t\t\t\t\t<td><strong>MAM Account<\/strong><\/td>\n\t\t\t\t\t\t\t<td><img decoding=\"async\" width=\"24\" height=\"24\" src=\"\/wp-content\/themes\/best-brokers\/assets\/images\/ico-check.svg\" alt=\"Available\" \/><\/td>\n\t\t\t\t\t\t<\/tr>\n\t\t\t\t\t<\/table>\n\t\t\t\t<\/div>\n\t\t\t\n<h2 id=\"deposit\"><i class=\"ico ico--money-supply\"><\/i>Requisitos de dep\u00f3sito m\u00ednimo en Fusion Markets<\/h2>\n<p>No existen requisitos de dep\u00f3sito m\u00ednimo para ninguno de los dos tipos de cuenta, aunque, seg\u00fan el br\u00f3ker, la mayor\u00eda de los clientes minoristas comienza con al menos 1.500 USD. Tanto las cuentas Classic como Zero pueden habilitarse en una de las 14 divisas base disponibles, entre ellas EUR, USD, CAD, AUD, GBP, JPY, HUF, DKK, CHF, SEK, NOK, THB o SGD.<\/p>\n<p>Los dep\u00f3sitos y las retiradas no conllevan comisiones adicionales por parte de Fusion Markets. Existen varias opciones de financiaci\u00f3n instant\u00e1nea, como Visa, Mastercard, PayPal, Interac, Skrill, o Neteller, entre otras. Ten en cuenta que algunos m\u00e9todos exigen un dep\u00f3sito m\u00ednimo de 10 USD.<\/p>\n<h2 id=\"trade\"><i class=\"ico ico--question\"><\/i>\u00bfQu\u00e9 mercados se pueden negociar en Fusion Markets?<\/h2>\n<p>La entidad autorizada en Vanuatu ofrece m\u00e1s de 250 mercados financieros, entre ellos, m\u00e1s de 90 pares de forex, acciones estadounidenses, materias primas duras y blandas, \u00edndices y criptomonedas. Todos los mercados se negocian mediante CFDs, lo que permite a los clientes beneficiarse tanto de subidas como de bajadas de precios y apalancar sus posiciones hasta un m\u00e1ximo de 1:500 (1:30 para los minoristas australianos). El copy trading tambi\u00e9n est\u00e1 habilitado a trav\u00e9s de Fusion+, la plataforma web propietaria del br\u00f3ker.<\/p>\n<h2 id=\"steps\"><i class=\"ico ico--account\"><\/i>Registro paso a paso en Fusion Markets (VFSC)<\/h2>\n<p>El proceso de alta en Fusion Markets requiere solo unos pocos clics y la mayor\u00eda de las cuentas se aprueban en menos de una hora.<\/p>\n<ol class=\"list list--steps\">\n<li>Abre el sitio web del br\u00f3ker (www.fusionmarkets.com) en un navegador actualizado y haz clic en el bot\u00f3n morado \u00abCreate an Account\u00bb, situado en la esquina superior derecha, para iniciar el proceso de registro.<img decoding=\"async\" class=\"aligncenter\" src=\"https:\/\/www.bestbrokers.com\/wp-content\/uploads\/2024\/08\/fusion-markets-account-img-1.webp\" alt=\"Registration Steps\" width=\"900\" \/><\/li>\n<li>Puedes registrarte con tu cuenta de Google o Apple, o introducir en el formulario de registro una direcci\u00f3n de correo electr\u00f3nico v\u00e1lida, m\u00e1s una contrase\u00f1a robusta. Marca la casilla inferior para confirmar que aceptas los t\u00e9rminos y condiciones del br\u00f3ker.<img decoding=\"async\" class=\"aligncenter\" src=\"https:\/\/www.bestbrokers.com\/wp-content\/uploads\/2024\/08\/fusion-markets-account-img-2.webp\" alt=\"Registration Steps\" width=\"900\" \/><\/li>\n<li>El br\u00f3ker te sugerir\u00e1 realizar un breve recorrido introductorio para familiarizarte con el Fusion Markets Trading Hub. Si lo prefieres, puedes omitir este paso opcional.<img decoding=\"async\" class=\"aligncenter\" src=\"https:\/\/www.bestbrokers.com\/wp-content\/uploads\/2024\/08\/fusion-markets-account-img-3.webp\" alt=\"Registration Steps\" width=\"900\" \/><\/li>\n<li>Selecciona \u00abLive Account\u00bb para continuar con el registro.<img decoding=\"async\" class=\"aligncenter\" src=\"https:\/\/www.bestbrokers.com\/wp-content\/uploads\/2024\/08\/fusion-markets-account-img-4.webp\" alt=\"Registration Steps\" width=\"900\" \/><\/li>\n<li>Introduce tus datos personales en el formulario de registro: nombre y apellidos, fecha de nacimiento, direcci\u00f3n, ciudad y c\u00f3digo postal. Selecciona tu pa\u00eds en el men\u00fa desplegable y facilita un n\u00famero de tel\u00e9fono v\u00e1lido.<img decoding=\"async\" class=\"aligncenter\" src=\"https:\/\/www.bestbrokers.com\/wp-content\/uploads\/2024\/08\/fusion-markets-account-img-5.webp\" alt=\"Registration Steps\" width=\"900\" \/><\/li>\n<li>Configura tu cuenta real eligiendo una plataforma de trading (MT4, MT5, TradingView, cTrader), el tipo de cuenta (Zero, Classic) y la divisa base. Escoge una pregunta de seguridad y escribe una respuesta \u00fanica en el campo correspondiente.<img decoding=\"async\" class=\"aligncenter\" src=\"https:\/\/www.bestbrokers.com\/wp-content\/uploads\/2024\/08\/fusion-markets-account-img-6.webp\" alt=\"Registration Steps\" width=\"900\" \/><\/li>\n<li><strong>Verificaci\u00f3n KYC: no lleva m\u00e1s de 10 minutos<\/strong>Contin\u00faa con la verificaci\u00f3n de identidad subiendo una foto o escaneo de tu permiso de conducir, pasaporte o documento nacional de identidad. Carga tanto el anverso como el reverso del documento seleccionado para agilizar el proceso. El tama\u00f1o de los archivos no debe superar los 20 MB. Fusion Markets admite cuatro formatos de archivo: jpg, pdf, png y jpeg.<img decoding=\"async\" class=\"aligncenter\" src=\"https:\/\/www.bestbrokers.com\/wp-content\/uploads\/2024\/08\/fusion-markets-account-img-7.webp\" alt=\"Registration Steps\" width=\"900\" \/><\/li>\n<li>Sube tu segundo conjunto de documentos (anverso y reverso) para completar la verificaci\u00f3n. Puedes utilizar un pasaporte, documento de identidad gubernamental, factura de servicios reciente, extracto bancario o certificado de nacimiento. No utilices el mismo documento que cargaste en el paso anterior.<img decoding=\"async\" class=\"aligncenter\" src=\"https:\/\/www.bestbrokers.com\/wp-content\/uploads\/2024\/08\/fusion-markets-account-img-8.webp\" alt=\"Registration Steps\" width=\"900\" \/><\/li>\n<li>Haz clic en \u00abVerify My Account\u00bb y espera a que el equipo de Fusion Markets apruebe tu solicitud. El br\u00f3ker aprueba m\u00e1s del 90 % de las solicitudes de cuenta en el plazo de una hora, aunque el proceso puede durar hasta 24 horas, seg\u00fan el pa\u00eds. Ahora ya puedes proceder a financiar tu cuenta.<img decoding=\"async\" class=\"aligncenter\" src=\"https:\/\/www.bestbrokers.com\/wp-content\/uploads\/2024\/08\/fusion-markets-account-img-9.webp\" alt=\"Registration Steps\" width=\"900\" \/><\/li>\n<\/ol>\n<h2 id=\"conclusion\"><i class=\"ico ico--pen\"><\/i>Conclusi\u00f3n<\/h2>\n<p>En resumen, el registro en la versi\u00f3n de Fusion Markets regulada en Vanuatu es muy sencillo. En nuestro caso, tardamos aproximadamente 10 minutos. Ten a mano todos los documentos necesarios para agilizar el proceso y evitar complicaciones. Los pasos est\u00e1n claramente descritos y son f\u00e1ciles de seguir incluso para los principiantes. No hay comisiones por abrir una cuenta real y tambi\u00e9n podr\u00e1s registrarte desde tu dispositivo m\u00f3vil.<\/p>\n","protected":false},"excerpt":{"rendered":"<p>Tipos de cuenta de Fusion Markets, en s\u00edntesis Fusion Markets ofrece dos tipos principales de cuenta: Zero y Classic, que permiten a los clientes operar sin swaps o con condiciones de trading profesional. Las cuentas Zero ofrecen spreads ultrabajos, desde 0,0 pips, y comisiones de 2,25 USD por tramo. Las cuentas Classic permiten operar sin [&hellip;]<\/p>\n","protected":false},"author":3,"featured_media":0,"parent":10900,"menu_order":0,"comment_status":"closed","ping_status":"closed","template":"templates\/review.php","meta":{"footnotes":""},"class_list":["post-59700","page","type-page","status-publish","hentry"],"aioseo_notices":[],"_links":{"self":[{"href":"https:\/\/www.bestbrokers.com\/es\/wp-json\/wp\/v2\/pages\/59700","targetHints":{"allow":["GET"]}}],"collection":[{"href":"https:\/\/www.bestbrokers.com\/es\/wp-json\/wp\/v2\/pages"}],"about":[{"href":"https:\/\/www.bestbrokers.com\/es\/wp-json\/wp\/v2\/types\/page"}],"author":[{"embeddable":true,"href":"https:\/\/www.bestbrokers.com\/es\/wp-json\/wp\/v2\/users\/3"}],"replies":[{"embeddable":true,"href":"https:\/\/www.bestbrokers.com\/es\/wp-json\/wp\/v2\/comments?post=59700"}],"version-history":[{"count":11,"href":"https:\/\/www.bestbrokers.com\/es\/wp-json\/wp\/v2\/pages\/59700\/revisions"}],"predecessor-version":[{"id":71296,"href":"https:\/\/www.bestbrokers.com\/es\/wp-json\/wp\/v2\/pages\/59700\/revisions\/71296"}],"up":[{"embeddable":true,"href":"https:\/\/www.bestbrokers.com\/es\/wp-json\/wp\/v2\/pages\/10900"}],"wp:attachment":[{"href":"https:\/\/www.bestbrokers.com\/es\/wp-json\/wp\/v2\/media?parent=59700"}],"curies":[{"name":"wp","href":"https:\/\/api.w.org\/{rel}","templated":true}]}}