{"id":59701,"date":"2025-03-19T09:40:54","date_gmt":"2025-03-19T09:40:54","guid":{"rendered":"https:\/\/www.bestbrokers.com\/?page_id=59701"},"modified":"2025-10-21T14:23:40","modified_gmt":"2025-10-21T14:23:40","slug":"account-opening","status":"publish","type":"page","link":"https:\/\/www.bestbrokers.com\/es\/reviews\/admiral-markets\/account-opening\/","title":{"rendered":"C\u00f3mo abrir una cuenta en Admirals"},"content":{"rendered":"<div class=\"author-line\">Escrito por <span class=\"author\">Zornitsa Stefanova<div class=\"author-sub-box\"><div class=\"author-avatar\"><img decoding=\"async\" src=\"https:\/\/www.bestbrokers.com\/wp-content\/uploads\/2024\/09\/zornica-stefanova.jpeg\" \/><\/div><div class=\"author-info-wrapper\"><div class=\"author-name\"><a href=\"https:\/\/www.bestbrokers.com\/es\/authors\/zornitsa-stefanova\/\">Zornitsa Stefanova<\/a><\/div><div class=\"author-bio\">Zornitsa Stefanova es una analista con amplia experiencia en el mercado de divisas y criptomonedas. Tambi\u00e9n es especialista en temas financieros, como el trading de acciones y las inversiones para la jubilaci\u00f3n.<\/div><\/div><\/div><\/span>,  <a rel=\"nofollow\" target=\"_blank\" href=\"https:\/\/www.linkedin.com\/in\/zornica-stefanova-73ab39287\/\"><img decoding=\"async\" class=\"social-icon\" src=\"https:\/\/www.bestbrokers.com\/wp-content\/themes\/best-brokers\/assets\/images\/icon-linkedin.svg\" data-no-lazy=\"1\"><\/a> <span class=\"sep\">|<\/span> Traducido por <span class=\"author\">Estrella Fernandez<div class=\"author-sub-box\"><div class=\"author-avatar\"><img decoding=\"async\" src=\"https:\/\/www.bestbrokers.com\/wp-content\/uploads\/2024\/10\/Estrella-Fernandez.jpeg\" \/><\/div><div class=\"author-info-wrapper\"><div class=\"author-name\"><a href=\"https:\/\/www.bestbrokers.com\/es\/authors\/estrella-fernandez\/\">Estrella Fernandez<\/a><\/div><div class=\"author-bio\">Estrella Fernandez edita y revista contenidos financieros para blogs y websites y hace traducciones de franc\u00e9s e ingl\u00e9s a espa\u00f1ol.<\/div><\/div><\/div><\/span>, <a rel=\"nofollow\" target=\"_blank\" href=\"https:\/\/www.linkedin.com\/in\/estrella-fern%C3%A1ndez-gordillo-a54ab483\/?originalSubdomain=es\"><img decoding=\"async\" class=\"social-icon\" src=\"https:\/\/www.bestbrokers.com\/wp-content\/themes\/best-brokers\/assets\/images\/icon-linkedin.svg\" data-no-lazy=\"1\"><\/a> <span class=\"sep\">|<\/span> Actualizado: <time class=\"entry-date\" datetime=\"2025-10-21T14:23:40+00:00\">octubre 21, 2025<\/time><\/div>\n<h2 id=\"brief\"><i class=\"ico ico--assets\"><\/i>Tipos de cuenta de Admirals, en s\u00edntesis<\/h2>\n<p>Admirals ofrece dos tipos de cuentas de trading para la especulaci\u00f3n a corto plazo: Trade MT4\/MT5 y Zero MT4\/MT5. Tambi\u00e9n hay cuentas Invest MT5, pensadas para la inversi\u00f3n a largo plazo en <a href=\"https:\/\/www.bestbrokers.com\/es\/stock-brokers\/\">acciones<\/a> y fondos cotizados (ETF). Los nuevos clientes que elijan cualquiera de las cuentas de trading podr\u00e1n beneficiarse de un apalancamiento m\u00e1ximo de 1:30, para los pares principales, y de 1:20 para los pares menores y el oro.<\/p>\n<p>Ambos tipos de cuenta permiten operar con cotizaciones de cinco decimales y ofrecen ejecuci\u00f3n de \u00f3rdenes de mercado con pocas o ninguna recotizaci\u00f3n. El tama\u00f1o m\u00ednimo de la operaci\u00f3n es de 0,01 lotes, mientras que el m\u00e1ximo es de 100 lotes est\u00e1ndar y de hasta 500 \u00f3rdenes abiertas o pendientes simult\u00e1neamente. Adem\u00e1s, la protecci\u00f3n de saldo negativo garantiza que los clientes no ser\u00e1n responsables de p\u00e9rdidas superiores a sus dep\u00f3sitos.<\/p>\n<p>Las cuentas Trade MT4\/MT5 permiten operar sin swaps, hacer coberturas, trading con un clic, y el uso de Expert Advisors. Son adecuadas para quienes desean evitar comisiones, aunque aplican spreads m\u00ednimos desde 0,5 pips. En cambio, las cuentas Zero MT4\/MT5, ofrecen spreads m\u00e1s ajustados a partir de 0 pips, aunque conllevan comisiones de 1,8 a 3 $ por lote en forex y metales, de 1 $ por lote en energ\u00edas y de hasta 3 $ por lote en \u00edndices.<\/p>\n\n\t\t\t\t<div class=\"table\">\n\t\t\t\t\t<table class=\"table table-striped table-bordered\">\n\t\t\t\t\t\t<tr>\n\t\t\t\t\t\t\t<td style=\"width: 250px;\"><strong>Cuenta demo<\/strong><\/td>\n\t\t\t\t\t\t\t<td><img decoding=\"async\" width=\"24\" height=\"24\" src=\"\/wp-content\/themes\/best-brokers\/assets\/images\/ico-xmark.svg\" alt=\"Not Available\" \/><\/td>\n\t\t\t\t\t\t<\/tr>\n\t\t\t\t\t\t<tr>\n\t\t\t\t\t\t\t<td><strong>Islamic Account<\/strong><\/td>\n\t\t\t\t\t\t\t<td><img decoding=\"async\" width=\"24\" height=\"24\" src=\"\/wp-content\/themes\/best-brokers\/assets\/images\/ico-xmark.svg\" alt=\"Not Available\" \/><\/td>\n\t\t\t\t\t\t<\/tr>\n\t\t\t\t\t\t<tr>\n\t\t\t\t\t\t\t<td><strong>Cuenta ECN<\/strong><\/td>\n\t\t\t\t\t\t\t<td><img decoding=\"async\" width=\"24\" height=\"24\" src=\"\/wp-content\/themes\/best-brokers\/assets\/images\/ico-xmark.svg\" alt=\"Not Available\" \/><\/td>\n\t\t\t\t\t\t<\/tr>\n\t\t\t\t\t\t<tr>\n\t\t\t\t\t\t\t<td><strong>Cuenta Pro<\/strong><\/td>\n\t\t\t\t\t\t\t<td><img decoding=\"async\" width=\"24\" height=\"24\" src=\"\/wp-content\/themes\/best-brokers\/assets\/images\/ico-xmark.svg\" alt=\"Not Available\" \/><\/td>\n\t\t\t\t\t\t<\/tr>\n\t\t\t\t\t\t<tr>\n\t\t\t\t\t\t\t<td><strong>MAM Account<\/strong><\/td>\n\t\t\t\t\t\t\t<td><img decoding=\"async\" width=\"24\" height=\"24\" src=\"\/wp-content\/themes\/best-brokers\/assets\/images\/ico-xmark.svg\" alt=\"Not Available\" \/><\/td>\n\t\t\t\t\t\t<\/tr>\n\t\t\t\t\t<\/table>\n\t\t\t\t<\/div>\n\t\t\t\n<h2 id=\"deposit\"><i class=\"ico ico--money-supply\"><\/i>Requisitos de dep\u00f3sito m\u00ednimo en Admirals<\/h2>\n<p>Los clientes con cuentas Trade y Zero <a href=\"https:\/\/www.bestbrokers.com\/es\/forex-brokers\/metatrader-4-forex-brokers\/\">MT4<\/a>\/<a href=\"https:\/\/www.bestbrokers.com\/es\/forex-brokers\/metatrader-5-forex-brokers\/\">MT5<\/a> deber\u00e1n ingresar al menos 100 $ en sus saldos para empezar a operar. Las cuentas Invest MT5 tienen una barrera de entrada m\u00e1s baja, de 1 $, pero sus titulares no podr\u00e1n apalancar sus posiciones en acciones y ETF. Los dos tipos de cuentas de trading pueden denominarse en una de nueve divisas base (EUR, USD, GBP, BGN, CHF, RON, PLN, HUF y CZK). Las cuentas Invest ofrecen solo tres opciones de divisa: USD, EUR y RON. Los clientes de la entidad regulada por CySEC pueden depositar sin coste adicional mediante Visa, Mastercard, Klarna, Skrill y transferencias bancarias.<\/p>\n<h2 id=\"trade\"><i class=\"ico ico--question\"><\/i>\u00bfQu\u00e9 mercados se pueden negociar en Admirals?<\/h2>\n<p>Las cuentas Trade y Zero MT4\/MT5 permiten operar en 80 pares de forex, 28 criptomonedas, 11 futuros sobre materias primas, 15 CFDs sobre materias primas, 19 \u00edndices, 300 ETF y m\u00e1s de 3.300 acciones. Tambi\u00e9n es posible operar bonos a trav\u00e9s de CFDs. Los titulares de cuenta tendr\u00e1n a su disposici\u00f3n precios de nivel II, calendario econ\u00f3mico y an\u00e1lisis de mercado proporcionados por Dow Jones. Los traders profesionales podr\u00e1n acceder a un apalancamiento en forex de hasta <a href=\"https:\/\/www.bestbrokers.com\/es\/forex-brokers\/1-500-leverage-forex-brokers\/\">1:500<\/a>.<\/p>\n<h2 id=\"steps\"><i class=\"ico ico--account\"><\/i>Registro paso a paso en Admirals (ASIC): aproximadamente 20 a 25 minutos en total (incluye verificaci\u00f3n y prueba de idoneidad)<\/h2>\n<ol class=\"list list--steps\">\n<li>Abre el sitio web del br\u00f3ker (www.admiralmarkets.com) en tu navegador y haz clic en el bot\u00f3n azul \u00abRegister\u00bb, situado en la esquina superior derecha de la pantalla, para iniciar el proceso de registro.<img decoding=\"async\" class=\"aligncenter\" src=\"https:\/\/www.bestbrokers.com\/wp-content\/uploads\/2024\/08\/admirals-account-opening-img-1.webp\" alt=\"Registration Steps\" width=\"900\" \/><\/li>\n<li>Selecciona tu pa\u00eds e introduce tu n\u00famero de tel\u00e9fono, direcci\u00f3n de correo electr\u00f3nico y una contrase\u00f1a robusta. Te enviar\u00e1n un enlace de confirmaci\u00f3n por correo electr\u00f3nico para que puedas continuar con el siguiente paso del registro.<img decoding=\"async\" class=\"aligncenter\" src=\"https:\/\/www.bestbrokers.com\/wp-content\/uploads\/2024\/08\/admirals-account-opening-img-2.webp\" alt=\"Registration Steps\" width=\"900\" \/><img decoding=\"async\" class=\"aligncenter\" src=\"https:\/\/www.bestbrokers.com\/wp-content\/uploads\/2024\/08\/admirals-account-opening-img-3.webp\" alt=\"Registration Steps\" width=\"900\" \/><\/li>\n<li>Una vez verificado tu correo electr\u00f3nico, debes escoger la opci\u00f3n de abrir una cuenta real y especificar si deseas una cuenta individual o corporativa.<img decoding=\"async\" class=\"aligncenter\" src=\"https:\/\/www.bestbrokers.com\/wp-content\/uploads\/2024\/08\/admirals-account-opening-img-4.webp\" alt=\"Registration Steps\" width=\"900\" \/><img decoding=\"async\" class=\"aligncenter\" src=\"https:\/\/www.bestbrokers.com\/wp-content\/uploads\/2024\/08\/admirals-account-opening-img-5.webp\" alt=\"Registration Steps\" width=\"900\" \/><\/li>\n<li>Rellena tu informaci\u00f3n personal, incluyendo estado\/provincia, ciudad de residencia y direcci\u00f3n actual.<img decoding=\"async\" class=\"aligncenter\" src=\"https:\/\/www.bestbrokers.com\/wp-content\/uploads\/2024\/08\/admirals-account-opening-img-6.webp\" alt=\"Registration Steps\" width=\"900\" \/>Facilita informaci\u00f3n adicional sobre tu nacionalidad y situaci\u00f3n laboral, incluido tu sector de actividad y el puesto que ocupas. Acepta los t\u00e9rminos y condiciones para pasar a la fase de verificaci\u00f3n de identidad.<img decoding=\"async\" class=\"aligncenter\" src=\"https:\/\/www.bestbrokers.com\/wp-content\/uploads\/2024\/08\/admirals-account-opening-img-7.webp\" alt=\"Registration Steps\" width=\"900\" \/><\/li>\n<li><strong>Verificaci\u00f3n KYC y prueba de idoneidad: tarda aproximadamente 10 minutos<\/strong>Los clientes de Australia podr\u00e1n verificar su identidad subiendo fotograf\u00edas en color de su licencia de conducir, documento de identidad emitido por el gobierno, o pasaporte.<img decoding=\"async\" class=\"aligncenter\" src=\"https:\/\/www.bestbrokers.com\/wp-content\/uploads\/2024\/08\/admirals-account-opening-img-8.webp\" alt=\"Registration Steps\" width=\"900\" \/>Selecciona el documento que prefieras y carga copias del anverso y reverso. Como alternativa, puedes tomar la foto en el momento con la c\u00e1mara de tu smartphone.<img decoding=\"async\" class=\"aligncenter\" src=\"https:\/\/www.bestbrokers.com\/wp-content\/uploads\/2024\/08\/admirals-account-opening-img-9.webp\" alt=\"Registration Steps\" width=\"900\" \/><\/li>\n<li>Debes continuar la verificaci\u00f3n de identidad en tu smartphone escaneando un c\u00f3digo QR o copiando un enlace \u00fanico. Otra opci\u00f3n es solicitar el enlace por mensaje de texto. No cierres la ventana de escritorio desde la que iniciaste el registro.<img decoding=\"async\" class=\"aligncenter\" src=\"https:\/\/www.bestbrokers.com\/wp-content\/uploads\/2024\/08\/admirals-account-opening-img-10.webp\" alt=\"Registration Steps\" width=\"900\" \/><\/li>\n<li>A continuaci\u00f3n, deber\u00e1s completar varios pasos, entre ellos grabar un v\u00eddeo de tu rostro con la c\u00e1mara del smartphone. Es un procedimiento est\u00e1ndar aplicado por la mayor\u00eda de los br\u00f3kers estrictamente regulados para comprobar que los nuevos clientes son personas reales. Gira la cabeza lentamente de lado a lado para que ambos perfiles sean visibles.<img decoding=\"async\" class=\"aligncenter\" src=\"https:\/\/www.bestbrokers.com\/wp-content\/uploads\/2024\/08\/admirals-account-opening-img-11.webp\" alt=\"Registration Steps\" width=\"450\" \/><\/li>\n<li>Una vez subido el v\u00eddeo y completados todos los pasos, podr\u00e1s volver a tu ordenador de sobremesa y cargar un comprobante de domicilio, como una factura reciente o un extracto bancario, para finalizar la verificaci\u00f3n.<\/li>\n<li>Una vez verificados tu identidad y domicilio, ya podr\u00e1s configurar tu cuenta. Selecciona un tipo de cuenta \u2013 Trade, Invest o Zero \u2013 seg\u00fan tus preferencias y objetivos de inversi\u00f3n. Tambi\u00e9n podr\u00e1s elegir una plataforma (Trade MT4, Trade MT5, Zero MT4, Zero MT5 o Invest MT5) y seleccionar una divisa base.<img decoding=\"async\" class=\"aligncenter\" src=\"https:\/\/www.bestbrokers.com\/wp-content\/uploads\/2024\/08\/admirals-account-opening-img-12.webp\" alt=\"Registration Steps\" width=\"900\" \/><\/li>\n<li>Dado que operar derivados con apalancamiento implica un alto riesgo, Admirals tambi\u00e9n te pedir\u00e1 que completes una breve prueba de idoneidad para evaluar tu aptitud para operar con CFDs. Si est\u00e1s familiarizado con estos productos, responder a las preguntas no deber\u00eda llevarte m\u00e1s de un par de minutos. Tras superar el cuestionario, solo tendr\u00e1s que esperar a que Admirals confirme que tu cuenta ha sido verificada con \u00e9xito, antes de empezar a operar.<img decoding=\"async\" class=\"aligncenter\" src=\"https:\/\/www.bestbrokers.com\/wp-content\/uploads\/2024\/08\/admirals-account-opening-img-13.webp\" alt=\"Registration Steps\" width=\"900\" \/><\/li>\n<\/ol>\n<h2 id=\"conclusion\"><i class=\"ico ico--pen\"><\/i>Conclusi\u00f3n<\/h2>\n<p>Nuestro revisor de BestBrokers tard\u00f3 aproximadamente 20 minutos en completar el registro de cuenta en Admirals, preparando de antemano todos los documentos necesarios para la verificaci\u00f3n. Si no tienes los documentos a mano, el tr\u00e1mite podr\u00eda alargarse a 30 o 40 minutos. Completar la prueba de idoneidad tambi\u00e9n requiere algo de tiempo, sobre todo si tu conocimiento sobre el trading de CFDs es limitado. Todos los pasos del proceso estaban claramente descritos y fueron f\u00e1ciles de seguir, lo que garantiza un registro relativamente sencillo para los nuevos clientes de esta entidad regulada por la ASIC.<\/p>\n","protected":false},"excerpt":{"rendered":"<p>Tipos de cuenta de Admirals, en s\u00edntesis Admirals ofrece dos tipos de cuentas de trading para la especulaci\u00f3n a corto plazo: Trade MT4\/MT5 y Zero MT4\/MT5. Tambi\u00e9n hay cuentas Invest MT5, pensadas para la inversi\u00f3n a largo plazo en acciones y fondos cotizados (ETF). Los nuevos clientes que elijan cualquiera de las cuentas de trading [&hellip;]<\/p>\n","protected":false},"author":3,"featured_media":0,"parent":10638,"menu_order":0,"comment_status":"closed","ping_status":"closed","template":"templates\/review.php","meta":{"footnotes":""},"class_list":["post-59701","page","type-page","status-publish","hentry"],"aioseo_notices":[],"_links":{"self":[{"href":"https:\/\/www.bestbrokers.com\/es\/wp-json\/wp\/v2\/pages\/59701","targetHints":{"allow":["GET"]}}],"collection":[{"href":"https:\/\/www.bestbrokers.com\/es\/wp-json\/wp\/v2\/pages"}],"about":[{"href":"https:\/\/www.bestbrokers.com\/es\/wp-json\/wp\/v2\/types\/page"}],"author":[{"embeddable":true,"href":"https:\/\/www.bestbrokers.com\/es\/wp-json\/wp\/v2\/users\/3"}],"replies":[{"embeddable":true,"href":"https:\/\/www.bestbrokers.com\/es\/wp-json\/wp\/v2\/comments?post=59701"}],"version-history":[{"count":12,"href":"https:\/\/www.bestbrokers.com\/es\/wp-json\/wp\/v2\/pages\/59701\/revisions"}],"predecessor-version":[{"id":71611,"href":"https:\/\/www.bestbrokers.com\/es\/wp-json\/wp\/v2\/pages\/59701\/revisions\/71611"}],"up":[{"embeddable":true,"href":"https:\/\/www.bestbrokers.com\/es\/wp-json\/wp\/v2\/pages\/10638"}],"wp:attachment":[{"href":"https:\/\/www.bestbrokers.com\/es\/wp-json\/wp\/v2\/media?parent=59701"}],"curies":[{"name":"wp","href":"https:\/\/api.w.org\/{rel}","templated":true}]}}